{"id":49107,"date":"2025-07-29T15:11:39","date_gmt":"2025-07-29T12:11:39","guid":{"rendered":"https:\/\/miumjau.ee\/toode\/beaphar-oftal-acu-tirisanas-lidzeklis-50-ml\/"},"modified":"2026-01-07T21:16:58","modified_gmt":"2026-01-07T19:16:58","slug":"beaphar-oftal-acu-tirisanas-lidzeklis-50-ml","status":"publish","type":"product","link":"https:\/\/miumjau.ee\/lv\/produkts\/beaphar-oftal-acu-tirisanas-lidzeklis-50-ml\/","title":{"rendered":"Beaphar Oftal acu t\u012br\u012b\u0161anas l\u012bdzeklis 50 ml"},"content":{"rendered":"","protected":false},"excerpt":{"rendered":"<p data-start=\"1426\" data-end=\"1707\">L\u012bdzeklis paredz\u0113ts su\u0146u, ka\u0137u un citu m\u0101jdz\u012bvnieku acu t\u012br\u012b\u0161anai. Regul\u0101ra lieto\u0161ana pal\u012bdz nov\u0113rst acu kairin\u0101jumu. Aizsarg\u0101 pret net\u012brumiem un putek\u013ciem, k\u0101 ar\u012b veicina acu dabisko pa\u0161att\u012br\u012b\u0161anos. Ac\u012bs iek\u013cuvu\u0161ie net\u012brumi tiek \u0101tri no\u0146emti. Pal\u012bdz aizsarg\u0101t pret asaru traipiem.<\/p>\n<p data-start=\"1709\" data-end=\"1806\">Divas reizes ned\u0113\u013c\u0101 saudz\u012bgi not\u012br\u012bt dz\u012bvnieka acis ar l\u012bdzekl\u012b labi samitrin\u0101tu vates pl\u0101ksn\u012bti.<\/p>\n<ul data-start=\"1808\" data-end=\"1939\">\n<li data-start=\"1808\" data-end=\"1842\">\n<p data-start=\"1810\" data-end=\"1842\">Pal\u012bdz nov\u0113rst acu kairin\u0101jumu<\/p>\n<\/li>\n<li data-start=\"1843\" data-end=\"1900\">\n<p data-start=\"1845\" data-end=\"1900\">Aizsarg\u0101 pret net\u012brumiem, putek\u013ciem un asaru traipiem<\/p>\n<\/li>\n<li data-start=\"1901\" data-end=\"1939\">\n<p data-start=\"1903\" data-end=\"1939\">Veicina acu dabisko pa\u0161att\u012br\u012b\u0161anos<\/p>\n<\/li>\n<\/ul>\n<p data-start=\"1941\" data-end=\"1975\"><strong data-start=\"1941\" data-end=\"1954\">Ra\u017eot\u0101js:<\/strong> Beaphar, N\u012bderlande.<\/p>\n","protected":false},"featured_media":49108,"template":"","meta":[],"product_brand":[],"product_cat":[589,560],"product_tag":[],"class_list":{"0":"post-49107","1":"product","2":"type-product","3":"status-publish","4":"has-post-thumbnail","6":"product_cat-citi-piederumi","7":"product_cat-kopsanas-lidzekli-suniem","9":"first","10":"instock","11":"taxable","12":"shipping-taxable","13":"purchasable","14":"product-type-simple"},"yoast_head":"<!-- This site is optimized with the Yoast SEO plugin v27.2 - https:\/\/yoast.com\/product\/yoast-seo-wordpress\/ -->\n<title>Beaphar Oftal acu t\u012br\u012b\u0161anas l\u012bdzeklis 50 ml - MiuMjau<\/title>\n<meta name=\"robots\" content=\"index, follow, max-snippet:-1, max-image-preview:large, max-video-preview:-1\" \/>\n<link rel=\"canonical\" href=\"https:\/\/miumjau.ee\/lv\/produkts\/beaphar-oftal-acu-tirisanas-lidzeklis-50-ml\/\" \/>\n<meta property=\"og:locale\" content=\"lv_LV\" \/>\n<meta property=\"og:type\" content=\"article\" \/>\n<meta property=\"og:title\" content=\"Beaphar Oftal acu t\u012br\u012b\u0161anas l\u012bdzeklis 50 ml - MiuMjau\" \/>\n<meta property=\"og:description\" content=\"L\u012bdzeklis paredz\u0113ts su\u0146u, ka\u0137u un citu m\u0101jdz\u012bvnieku acu t\u012br\u012b\u0161anai. Regul\u0101ra lieto\u0161ana pal\u012bdz nov\u0113rst acu kairin\u0101jumu. Aizsarg\u0101 pret net\u012brumiem un putek\u013ciem, k\u0101 ar\u012b veicina acu dabisko pa\u0161att\u012br\u012b\u0161anos. Ac\u012bs iek\u013cuvu\u0161ie net\u012brumi tiek \u0101tri no\u0146emti. Pal\u012bdz aizsarg\u0101t pret asaru traipiem. Divas reizes ned\u0113\u013c\u0101 saudz\u012bgi not\u012br\u012bt dz\u012bvnieka acis ar l\u012bdzekl\u012b labi samitrin\u0101tu vates pl\u0101ksn\u012bti.     Pal\u012bdz nov\u0113rst acu kairin\u0101jumu    Aizsarg\u0101 pret net\u012brumiem, putek\u013ciem un asaru traipiem    Veicina acu dabisko pa\u0161att\u012br\u012b\u0161anos   Ra\u017eot\u0101js: Beaphar, N\u012bderlande.\" \/>\n<meta property=\"og:url\" content=\"https:\/\/miumjau.ee\/lv\/produkts\/beaphar-oftal-acu-tirisanas-lidzeklis-50-ml\/\" \/>\n<meta property=\"og:site_name\" content=\"MiuMjau\" \/>\n<meta property=\"article:publisher\" content=\"https:\/\/www.facebook.com\/miumjaupood\/\" \/>\n<meta property=\"article:modified_time\" content=\"2026-01-07T19:16:58+00:00\" \/>\n<meta property=\"og:image\" content=\"https:\/\/miumjau.ee\/wp-content\/uploads\/2025\/07\/beaphar-kassidele-koertele29.jpg\" \/>\n\t<meta property=\"og:image:width\" content=\"600\" \/>\n\t<meta property=\"og:image:height\" content=\"800\" \/>\n\t<meta property=\"og:image:type\" content=\"image\/jpeg\" \/>\n<meta name=\"twitter:card\" content=\"summary_large_image\" \/>\n<script type=\"application\/ld+json\" class=\"yoast-schema-graph\">{\"@context\":\"https:\/\/schema.org\",\"@graph\":[{\"@type\":\"WebPage\",\"@id\":\"https:\/\/miumjau.ee\/lv\/produkts\/beaphar-oftal-acu-tirisanas-lidzeklis-50-ml\/\",\"url\":\"https:\/\/miumjau.ee\/lv\/produkts\/beaphar-oftal-acu-tirisanas-lidzeklis-50-ml\/\",\"name\":\"Beaphar Oftal acu t\u012br\u012b\u0161anas l\u012bdzeklis 50 ml - MiuMjau\",\"isPartOf\":{\"@id\":\"https:\/\/miumjau.ee\/#website\"},\"primaryImageOfPage\":{\"@id\":\"https:\/\/miumjau.ee\/lv\/produkts\/beaphar-oftal-acu-tirisanas-lidzeklis-50-ml\/#primaryimage\"},\"image\":{\"@id\":\"https:\/\/miumjau.ee\/lv\/produkts\/beaphar-oftal-acu-tirisanas-lidzeklis-50-ml\/#primaryimage\"},\"thumbnailUrl\":\"https:\/\/miumjau.ee\/wp-content\/uploads\/2025\/07\/beaphar-kassidele-koertele29.jpg\",\"datePublished\":\"2025-07-29T12:11:39+00:00\",\"dateModified\":\"2026-01-07T19:16:58+00:00\",\"breadcrumb\":{\"@id\":\"https:\/\/miumjau.ee\/lv\/produkts\/beaphar-oftal-acu-tirisanas-lidzeklis-50-ml\/#breadcrumb\"},\"inLanguage\":\"lv-LV\",\"potentialAction\":[{\"@type\":\"ReadAction\",\"target\":[\"https:\/\/miumjau.ee\/lv\/produkts\/beaphar-oftal-acu-tirisanas-lidzeklis-50-ml\/\"]}]},{\"@type\":\"ImageObject\",\"inLanguage\":\"lv-LV\",\"@id\":\"https:\/\/miumjau.ee\/lv\/produkts\/beaphar-oftal-acu-tirisanas-lidzeklis-50-ml\/#primaryimage\",\"url\":\"https:\/\/miumjau.ee\/wp-content\/uploads\/2025\/07\/beaphar-kassidele-koertele29.jpg\",\"contentUrl\":\"https:\/\/miumjau.ee\/wp-content\/uploads\/2025\/07\/beaphar-kassidele-koertele29.jpg\",\"width\":600,\"height\":800},{\"@type\":\"BreadcrumbList\",\"@id\":\"https:\/\/miumjau.ee\/lv\/produkts\/beaphar-oftal-acu-tirisanas-lidzeklis-50-ml\/#breadcrumb\",\"itemListElement\":[{\"@type\":\"ListItem\",\"position\":1,\"name\":\"Home\",\"item\":\"https:\/\/miumjau.ee\/lv\/\"},{\"@type\":\"ListItem\",\"position\":2,\"name\":\"Veikals\",\"item\":\"https:\/\/miumjau.ee\/lv\/veikals\/\"},{\"@type\":\"ListItem\",\"position\":3,\"name\":\"Beaphar Oftal acu t\u012br\u012b\u0161anas l\u012bdzeklis 50 ml\"}]},{\"@type\":\"WebSite\",\"@id\":\"https:\/\/miumjau.ee\/#website\",\"url\":\"https:\/\/miumjau.ee\/\",\"name\":\"MiuMjau\",\"description\":\"Kraapimispuud kassidele\",\"publisher\":{\"@id\":\"https:\/\/miumjau.ee\/#organization\"},\"potentialAction\":[{\"@type\":\"SearchAction\",\"target\":{\"@type\":\"EntryPoint\",\"urlTemplate\":\"https:\/\/miumjau.ee\/?s={search_term_string}\"},\"query-input\":{\"@type\":\"PropertyValueSpecification\",\"valueRequired\":true,\"valueName\":\"search_term_string\"}}],\"inLanguage\":\"lv-LV\"},{\"@type\":\"Organization\",\"@id\":\"https:\/\/miumjau.ee\/#organization\",\"name\":\"MiuMjau O\u00dc\",\"url\":\"https:\/\/miumjau.ee\/\",\"logo\":{\"@type\":\"ImageObject\",\"inLanguage\":\"lv-LV\",\"@id\":\"https:\/\/miumjau.ee\/#\/schema\/logo\/image\/\",\"url\":\"https:\/\/miumjau.ee\/wp-content\/uploads\/2022\/04\/MiuMjau-logo-kollane.png\",\"contentUrl\":\"https:\/\/miumjau.ee\/wp-content\/uploads\/2022\/04\/MiuMjau-logo-kollane.png\",\"width\":219,\"height\":100,\"caption\":\"MiuMjau O\u00dc\"},\"image\":{\"@id\":\"https:\/\/miumjau.ee\/#\/schema\/logo\/image\/\"},\"sameAs\":[\"https:\/\/www.facebook.com\/miumjaupood\/\"]}]}<\/script>\n<!-- \/ Yoast SEO plugin. -->","yoast_head_json":{"title":"Beaphar Oftal acu t\u012br\u012b\u0161anas l\u012bdzeklis 50 ml - MiuMjau","robots":{"index":"index","follow":"follow","max-snippet":"max-snippet:-1","max-image-preview":"max-image-preview:large","max-video-preview":"max-video-preview:-1"},"canonical":"https:\/\/miumjau.ee\/lv\/produkts\/beaphar-oftal-acu-tirisanas-lidzeklis-50-ml\/","og_locale":"lv_LV","og_type":"article","og_title":"Beaphar Oftal acu t\u012br\u012b\u0161anas l\u012bdzeklis 50 ml - MiuMjau","og_description":"L\u012bdzeklis paredz\u0113ts su\u0146u, ka\u0137u un citu m\u0101jdz\u012bvnieku acu t\u012br\u012b\u0161anai. Regul\u0101ra lieto\u0161ana pal\u012bdz nov\u0113rst acu kairin\u0101jumu. Aizsarg\u0101 pret net\u012brumiem un putek\u013ciem, k\u0101 ar\u012b veicina acu dabisko pa\u0161att\u012br\u012b\u0161anos. Ac\u012bs iek\u013cuvu\u0161ie net\u012brumi tiek \u0101tri no\u0146emti. Pal\u012bdz aizsarg\u0101t pret asaru traipiem. Divas reizes ned\u0113\u013c\u0101 saudz\u012bgi not\u012br\u012bt dz\u012bvnieka acis ar l\u012bdzekl\u012b labi samitrin\u0101tu vates pl\u0101ksn\u012bti.     Pal\u012bdz nov\u0113rst acu kairin\u0101jumu    Aizsarg\u0101 pret net\u012brumiem, putek\u013ciem un asaru traipiem    Veicina acu dabisko pa\u0161att\u012br\u012b\u0161anos   Ra\u017eot\u0101js: Beaphar, N\u012bderlande.","og_url":"https:\/\/miumjau.ee\/lv\/produkts\/beaphar-oftal-acu-tirisanas-lidzeklis-50-ml\/","og_site_name":"MiuMjau","article_publisher":"https:\/\/www.facebook.com\/miumjaupood\/","article_modified_time":"2026-01-07T19:16:58+00:00","og_image":[{"width":600,"height":800,"url":"https:\/\/miumjau.ee\/wp-content\/uploads\/2025\/07\/beaphar-kassidele-koertele29.jpg","type":"image\/jpeg"}],"twitter_card":"summary_large_image","schema":{"@context":"https:\/\/schema.org","@graph":[{"@type":"WebPage","@id":"https:\/\/miumjau.ee\/lv\/produkts\/beaphar-oftal-acu-tirisanas-lidzeklis-50-ml\/","url":"https:\/\/miumjau.ee\/lv\/produkts\/beaphar-oftal-acu-tirisanas-lidzeklis-50-ml\/","name":"Beaphar Oftal acu t\u012br\u012b\u0161anas l\u012bdzeklis 50 ml - MiuMjau","isPartOf":{"@id":"https:\/\/miumjau.ee\/#website"},"primaryImageOfPage":{"@id":"https:\/\/miumjau.ee\/lv\/produkts\/beaphar-oftal-acu-tirisanas-lidzeklis-50-ml\/#primaryimage"},"image":{"@id":"https:\/\/miumjau.ee\/lv\/produkts\/beaphar-oftal-acu-tirisanas-lidzeklis-50-ml\/#primaryimage"},"thumbnailUrl":"https:\/\/miumjau.ee\/wp-content\/uploads\/2025\/07\/beaphar-kassidele-koertele29.jpg","datePublished":"2025-07-29T12:11:39+00:00","dateModified":"2026-01-07T19:16:58+00:00","breadcrumb":{"@id":"https:\/\/miumjau.ee\/lv\/produkts\/beaphar-oftal-acu-tirisanas-lidzeklis-50-ml\/#breadcrumb"},"inLanguage":"lv-LV","potentialAction":[{"@type":"ReadAction","target":["https:\/\/miumjau.ee\/lv\/produkts\/beaphar-oftal-acu-tirisanas-lidzeklis-50-ml\/"]}]},{"@type":"ImageObject","inLanguage":"lv-LV","@id":"https:\/\/miumjau.ee\/lv\/produkts\/beaphar-oftal-acu-tirisanas-lidzeklis-50-ml\/#primaryimage","url":"https:\/\/miumjau.ee\/wp-content\/uploads\/2025\/07\/beaphar-kassidele-koertele29.jpg","contentUrl":"https:\/\/miumjau.ee\/wp-content\/uploads\/2025\/07\/beaphar-kassidele-koertele29.jpg","width":600,"height":800},{"@type":"BreadcrumbList","@id":"https:\/\/miumjau.ee\/lv\/produkts\/beaphar-oftal-acu-tirisanas-lidzeklis-50-ml\/#breadcrumb","itemListElement":[{"@type":"ListItem","position":1,"name":"Home","item":"https:\/\/miumjau.ee\/lv\/"},{"@type":"ListItem","position":2,"name":"Veikals","item":"https:\/\/miumjau.ee\/lv\/veikals\/"},{"@type":"ListItem","position":3,"name":"Beaphar Oftal acu t\u012br\u012b\u0161anas l\u012bdzeklis 50 ml"}]},{"@type":"WebSite","@id":"https:\/\/miumjau.ee\/#website","url":"https:\/\/miumjau.ee\/","name":"MiuMjau","description":"Kraapimispuud kassidele","publisher":{"@id":"https:\/\/miumjau.ee\/#organization"},"potentialAction":[{"@type":"SearchAction","target":{"@type":"EntryPoint","urlTemplate":"https:\/\/miumjau.ee\/?s={search_term_string}"},"query-input":{"@type":"PropertyValueSpecification","valueRequired":true,"valueName":"search_term_string"}}],"inLanguage":"lv-LV"},{"@type":"Organization","@id":"https:\/\/miumjau.ee\/#organization","name":"MiuMjau O\u00dc","url":"https:\/\/miumjau.ee\/","logo":{"@type":"ImageObject","inLanguage":"lv-LV","@id":"https:\/\/miumjau.ee\/#\/schema\/logo\/image\/","url":"https:\/\/miumjau.ee\/wp-content\/uploads\/2022\/04\/MiuMjau-logo-kollane.png","contentUrl":"https:\/\/miumjau.ee\/wp-content\/uploads\/2022\/04\/MiuMjau-logo-kollane.png","width":219,"height":100,"caption":"MiuMjau O\u00dc"},"image":{"@id":"https:\/\/miumjau.ee\/#\/schema\/logo\/image\/"},"sameAs":["https:\/\/www.facebook.com\/miumjaupood\/"]}]}},"_links":{"self":[{"href":"https:\/\/miumjau.ee\/lv\/wp-json\/wp\/v2\/product\/49107","targetHints":{"allow":["GET"]}}],"collection":[{"href":"https:\/\/miumjau.ee\/lv\/wp-json\/wp\/v2\/product"}],"about":[{"href":"https:\/\/miumjau.ee\/lv\/wp-json\/wp\/v2\/types\/product"}],"wp:featuredmedia":[{"embeddable":true,"href":"https:\/\/miumjau.ee\/lv\/wp-json\/wp\/v2\/media\/49108"}],"wp:attachment":[{"href":"https:\/\/miumjau.ee\/lv\/wp-json\/wp\/v2\/media?parent=49107"}],"wp:term":[{"taxonomy":"product_brand","embeddable":true,"href":"https:\/\/miumjau.ee\/lv\/wp-json\/wp\/v2\/product_brand?post=49107"},{"taxonomy":"product_cat","embeddable":true,"href":"https:\/\/miumjau.ee\/lv\/wp-json\/wp\/v2\/product_cat?post=49107"},{"taxonomy":"product_tag","embeddable":true,"href":"https:\/\/miumjau.ee\/lv\/wp-json\/wp\/v2\/product_tag?post=49107"}],"curies":[{"name":"wp","href":"https:\/\/api.w.org\/{rel}","templated":true}]}}