{"id":49101,"date":"2025-07-29T14:50:24","date_gmt":"2025-07-29T11:50:24","guid":{"rendered":"https:\/\/miumjau.ee\/toode\/stop-it-cat-kaku-atbaidisanas-lidzeklis-100-ml\/"},"modified":"2026-02-16T15:06:50","modified_gmt":"2026-02-16T13:06:50","slug":"stop-it-cat-kaku-atbaidisanas-lidzeklis-200-ml","status":"publish","type":"product","link":"https:\/\/miumjau.ee\/lv\/produkts\/stop-it-cat-kaku-atbaidisanas-lidzeklis-200-ml\/","title":{"rendered":"Stop-it Cat, ka\u0137u atbaid\u012b\u0161anas l\u012bdzeklis, 200 ml"},"content":{"rendered":"","protected":false},"excerpt":{"rendered":"<p data-start=\"1707\" data-end=\"1923\">Beaphar Stop It ka\u0137iem ir aerosola veida ka\u0137u atbaid\u012b\u0161anas l\u012bdzeklis, kas paredz\u0113ts ka\u0137u attur\u0113\u0161anai no nev\u0113lam\u0101m viet\u0101m, lai tie neasin\u0101tu nagus nepiem\u0113rot\u0101s viet\u0101s un neizmantotu par tualeti tam neparedz\u0113tas zonas.<\/p>\n<p data-start=\"1925\" data-end=\"1968\"><strong data-start=\"1925\" data-end=\"1942\">Akt\u012bv\u0101 viela:<\/strong> Metilnonnilketons 14 g\/l.<\/p>\n<p data-start=\"1970\" data-end=\"2173\"><strong data-start=\"1970\" data-end=\"1996\">Lieto\u0161anas nor\u0101d\u012bjumi:<\/strong> Izsmidziniet l\u012bdzekli no aptuveni 30 cm att\u0101luma viet\u0101s, kur ka\u0137a uztur\u0113\u0161an\u0101s nav v\u0113lama. Atk\u0101rtojiet ik p\u0113c 24 stund\u0101m, l\u012bdz ka\u0137is vairs neizr\u0101da interesi par attiec\u012bgo vietu.<\/p>\n<p data-start=\"2175\" data-end=\"2279\"><strong data-start=\"2175\" data-end=\"2191\">Br\u012bdin\u0101jumi:<\/strong> Neizsmidzin\u0101t uz cilv\u0113kiem, dz\u012bvniekiem vai augiem. Lietot tikai labi v\u0113din\u0101m\u0101s telp\u0101s.<\/p>\n<p data-start=\"2281\" data-end=\"2375\"><strong data-start=\"2281\" data-end=\"2297\">Uzglab\u0101\u0161ana:<\/strong> Uzglab\u0101t ori\u0123in\u0101laj\u0101 iepakojum\u0101 istabas temperat\u016br\u0101 (15\u00b0\u201325\u00b0 C), saus\u0101 viet\u0101.<\/p>\n<p data-start=\"2377\" data-end=\"2415\"><strong data-start=\"2377\" data-end=\"2415\">Uzglab\u0101t b\u0113rniem nepieejam\u0101 viet\u0101.<\/strong><\/p>\n","protected":false},"featured_media":49102,"template":"","meta":[],"product_brand":[],"product_cat":[589],"product_tag":[],"class_list":{"0":"post-49101","1":"product","2":"type-product","3":"status-publish","4":"has-post-thumbnail","6":"product_cat-citi-piederumi","8":"first","9":"instock","10":"taxable","11":"shipping-taxable","12":"purchasable","13":"product-type-simple"},"yoast_head":"<!-- This site is optimized with the Yoast SEO plugin v27.2 - https:\/\/yoast.com\/product\/yoast-seo-wordpress\/ -->\n<title>Stop-it Cat, ka\u0137u atbaid\u012b\u0161anas l\u012bdzeklis, 200 ml - MiuMjau<\/title>\n<meta name=\"robots\" content=\"index, follow, max-snippet:-1, max-image-preview:large, max-video-preview:-1\" \/>\n<link rel=\"canonical\" href=\"https:\/\/miumjau.ee\/lv\/produkts\/stop-it-cat-kaku-atbaidisanas-lidzeklis-200-ml\/\" \/>\n<meta property=\"og:locale\" content=\"lv_LV\" \/>\n<meta property=\"og:type\" content=\"article\" \/>\n<meta property=\"og:title\" content=\"Stop-it Cat, ka\u0137u atbaid\u012b\u0161anas l\u012bdzeklis, 200 ml - MiuMjau\" \/>\n<meta property=\"og:description\" content=\"Beaphar Stop It ka\u0137iem ir aerosola veida ka\u0137u atbaid\u012b\u0161anas l\u012bdzeklis, kas paredz\u0113ts ka\u0137u attur\u0113\u0161anai no nev\u0113lam\u0101m viet\u0101m, lai tie neasin\u0101tu nagus nepiem\u0113rot\u0101s viet\u0101s un neizmantotu par tualeti tam neparedz\u0113tas zonas. Akt\u012bv\u0101 viela: Metilnonnilketons 14 g\/l. Lieto\u0161anas nor\u0101d\u012bjumi: Izsmidziniet l\u012bdzekli no aptuveni 30 cm att\u0101luma viet\u0101s, kur ka\u0137a uztur\u0113\u0161an\u0101s nav v\u0113lama. Atk\u0101rtojiet ik p\u0113c 24 stund\u0101m, l\u012bdz ka\u0137is vairs neizr\u0101da interesi par attiec\u012bgo vietu. Br\u012bdin\u0101jumi: Neizsmidzin\u0101t uz cilv\u0113kiem, dz\u012bvniekiem vai augiem. Lietot tikai labi v\u0113din\u0101m\u0101s telp\u0101s. Uzglab\u0101\u0161ana: Uzglab\u0101t ori\u0123in\u0101laj\u0101 iepakojum\u0101 istabas temperat\u016br\u0101 (15\u00b0\u201325\u00b0 C), saus\u0101 viet\u0101. Uzglab\u0101t b\u0113rniem nepieejam\u0101 viet\u0101.\" \/>\n<meta property=\"og:url\" content=\"https:\/\/miumjau.ee\/lv\/produkts\/stop-it-cat-kaku-atbaidisanas-lidzeklis-200-ml\/\" \/>\n<meta property=\"og:site_name\" content=\"MiuMjau\" \/>\n<meta property=\"article:publisher\" content=\"https:\/\/www.facebook.com\/miumjaupood\/\" \/>\n<meta property=\"article:modified_time\" content=\"2026-02-16T13:06:50+00:00\" \/>\n<meta property=\"og:image\" content=\"https:\/\/miumjau.ee\/wp-content\/uploads\/2025\/07\/beaphar-kassidele-koertele38.jpg\" \/>\n\t<meta property=\"og:image:width\" content=\"600\" \/>\n\t<meta property=\"og:image:height\" content=\"800\" \/>\n\t<meta property=\"og:image:type\" content=\"image\/jpeg\" \/>\n<meta name=\"twitter:card\" content=\"summary_large_image\" \/>\n<meta name=\"twitter:label1\" content=\"Est. reading time\" \/>\n\t<meta name=\"twitter:data1\" content=\"1 minute\" \/>\n<script type=\"application\/ld+json\" class=\"yoast-schema-graph\">{\"@context\":\"https:\/\/schema.org\",\"@graph\":[{\"@type\":\"WebPage\",\"@id\":\"https:\/\/miumjau.ee\/lv\/produkts\/stop-it-cat-kaku-atbaidisanas-lidzeklis-200-ml\/\",\"url\":\"https:\/\/miumjau.ee\/lv\/produkts\/stop-it-cat-kaku-atbaidisanas-lidzeklis-200-ml\/\",\"name\":\"Stop-it Cat, ka\u0137u atbaid\u012b\u0161anas l\u012bdzeklis, 200 ml - MiuMjau\",\"isPartOf\":{\"@id\":\"https:\/\/miumjau.ee\/#website\"},\"primaryImageOfPage\":{\"@id\":\"https:\/\/miumjau.ee\/lv\/produkts\/stop-it-cat-kaku-atbaidisanas-lidzeklis-200-ml\/#primaryimage\"},\"image\":{\"@id\":\"https:\/\/miumjau.ee\/lv\/produkts\/stop-it-cat-kaku-atbaidisanas-lidzeklis-200-ml\/#primaryimage\"},\"thumbnailUrl\":\"https:\/\/miumjau.ee\/wp-content\/uploads\/2025\/07\/beaphar-kassidele-koertele38.jpg\",\"datePublished\":\"2025-07-29T11:50:24+00:00\",\"dateModified\":\"2026-02-16T13:06:50+00:00\",\"breadcrumb\":{\"@id\":\"https:\/\/miumjau.ee\/lv\/produkts\/stop-it-cat-kaku-atbaidisanas-lidzeklis-200-ml\/#breadcrumb\"},\"inLanguage\":\"lv-LV\",\"potentialAction\":[{\"@type\":\"ReadAction\",\"target\":[\"https:\/\/miumjau.ee\/lv\/produkts\/stop-it-cat-kaku-atbaidisanas-lidzeklis-200-ml\/\"]}]},{\"@type\":\"ImageObject\",\"inLanguage\":\"lv-LV\",\"@id\":\"https:\/\/miumjau.ee\/lv\/produkts\/stop-it-cat-kaku-atbaidisanas-lidzeklis-200-ml\/#primaryimage\",\"url\":\"https:\/\/miumjau.ee\/wp-content\/uploads\/2025\/07\/beaphar-kassidele-koertele38.jpg\",\"contentUrl\":\"https:\/\/miumjau.ee\/wp-content\/uploads\/2025\/07\/beaphar-kassidele-koertele38.jpg\",\"width\":600,\"height\":800},{\"@type\":\"BreadcrumbList\",\"@id\":\"https:\/\/miumjau.ee\/lv\/produkts\/stop-it-cat-kaku-atbaidisanas-lidzeklis-200-ml\/#breadcrumb\",\"itemListElement\":[{\"@type\":\"ListItem\",\"position\":1,\"name\":\"Home\",\"item\":\"https:\/\/miumjau.ee\/lv\/\"},{\"@type\":\"ListItem\",\"position\":2,\"name\":\"Veikals\",\"item\":\"https:\/\/miumjau.ee\/lv\/veikals\/\"},{\"@type\":\"ListItem\",\"position\":3,\"name\":\"Stop-it Cat, ka\u0137u atbaid\u012b\u0161anas l\u012bdzeklis, 200 ml\"}]},{\"@type\":\"WebSite\",\"@id\":\"https:\/\/miumjau.ee\/#website\",\"url\":\"https:\/\/miumjau.ee\/\",\"name\":\"MiuMjau\",\"description\":\"Kraapimispuud kassidele\",\"publisher\":{\"@id\":\"https:\/\/miumjau.ee\/#organization\"},\"potentialAction\":[{\"@type\":\"SearchAction\",\"target\":{\"@type\":\"EntryPoint\",\"urlTemplate\":\"https:\/\/miumjau.ee\/?s={search_term_string}\"},\"query-input\":{\"@type\":\"PropertyValueSpecification\",\"valueRequired\":true,\"valueName\":\"search_term_string\"}}],\"inLanguage\":\"lv-LV\"},{\"@type\":\"Organization\",\"@id\":\"https:\/\/miumjau.ee\/#organization\",\"name\":\"MiuMjau O\u00dc\",\"url\":\"https:\/\/miumjau.ee\/\",\"logo\":{\"@type\":\"ImageObject\",\"inLanguage\":\"lv-LV\",\"@id\":\"https:\/\/miumjau.ee\/#\/schema\/logo\/image\/\",\"url\":\"https:\/\/miumjau.ee\/wp-content\/uploads\/2022\/04\/MiuMjau-logo-kollane.png\",\"contentUrl\":\"https:\/\/miumjau.ee\/wp-content\/uploads\/2022\/04\/MiuMjau-logo-kollane.png\",\"width\":219,\"height\":100,\"caption\":\"MiuMjau O\u00dc\"},\"image\":{\"@id\":\"https:\/\/miumjau.ee\/#\/schema\/logo\/image\/\"},\"sameAs\":[\"https:\/\/www.facebook.com\/miumjaupood\/\"]}]}<\/script>\n<!-- \/ Yoast SEO plugin. -->","yoast_head_json":{"title":"Stop-it Cat, ka\u0137u atbaid\u012b\u0161anas l\u012bdzeklis, 200 ml - MiuMjau","robots":{"index":"index","follow":"follow","max-snippet":"max-snippet:-1","max-image-preview":"max-image-preview:large","max-video-preview":"max-video-preview:-1"},"canonical":"https:\/\/miumjau.ee\/lv\/produkts\/stop-it-cat-kaku-atbaidisanas-lidzeklis-200-ml\/","og_locale":"lv_LV","og_type":"article","og_title":"Stop-it Cat, ka\u0137u atbaid\u012b\u0161anas l\u012bdzeklis, 200 ml - MiuMjau","og_description":"Beaphar Stop It ka\u0137iem ir aerosola veida ka\u0137u atbaid\u012b\u0161anas l\u012bdzeklis, kas paredz\u0113ts ka\u0137u attur\u0113\u0161anai no nev\u0113lam\u0101m viet\u0101m, lai tie neasin\u0101tu nagus nepiem\u0113rot\u0101s viet\u0101s un neizmantotu par tualeti tam neparedz\u0113tas zonas. Akt\u012bv\u0101 viela: Metilnonnilketons 14 g\/l. Lieto\u0161anas nor\u0101d\u012bjumi: Izsmidziniet l\u012bdzekli no aptuveni 30 cm att\u0101luma viet\u0101s, kur ka\u0137a uztur\u0113\u0161an\u0101s nav v\u0113lama. Atk\u0101rtojiet ik p\u0113c 24 stund\u0101m, l\u012bdz ka\u0137is vairs neizr\u0101da interesi par attiec\u012bgo vietu. Br\u012bdin\u0101jumi: Neizsmidzin\u0101t uz cilv\u0113kiem, dz\u012bvniekiem vai augiem. Lietot tikai labi v\u0113din\u0101m\u0101s telp\u0101s. Uzglab\u0101\u0161ana: Uzglab\u0101t ori\u0123in\u0101laj\u0101 iepakojum\u0101 istabas temperat\u016br\u0101 (15\u00b0\u201325\u00b0 C), saus\u0101 viet\u0101. Uzglab\u0101t b\u0113rniem nepieejam\u0101 viet\u0101.","og_url":"https:\/\/miumjau.ee\/lv\/produkts\/stop-it-cat-kaku-atbaidisanas-lidzeklis-200-ml\/","og_site_name":"MiuMjau","article_publisher":"https:\/\/www.facebook.com\/miumjaupood\/","article_modified_time":"2026-02-16T13:06:50+00:00","og_image":[{"width":600,"height":800,"url":"https:\/\/miumjau.ee\/wp-content\/uploads\/2025\/07\/beaphar-kassidele-koertele38.jpg","type":"image\/jpeg"}],"twitter_card":"summary_large_image","twitter_misc":{"Est. reading time":"1 minute"},"schema":{"@context":"https:\/\/schema.org","@graph":[{"@type":"WebPage","@id":"https:\/\/miumjau.ee\/lv\/produkts\/stop-it-cat-kaku-atbaidisanas-lidzeklis-200-ml\/","url":"https:\/\/miumjau.ee\/lv\/produkts\/stop-it-cat-kaku-atbaidisanas-lidzeklis-200-ml\/","name":"Stop-it Cat, ka\u0137u atbaid\u012b\u0161anas l\u012bdzeklis, 200 ml - MiuMjau","isPartOf":{"@id":"https:\/\/miumjau.ee\/#website"},"primaryImageOfPage":{"@id":"https:\/\/miumjau.ee\/lv\/produkts\/stop-it-cat-kaku-atbaidisanas-lidzeklis-200-ml\/#primaryimage"},"image":{"@id":"https:\/\/miumjau.ee\/lv\/produkts\/stop-it-cat-kaku-atbaidisanas-lidzeklis-200-ml\/#primaryimage"},"thumbnailUrl":"https:\/\/miumjau.ee\/wp-content\/uploads\/2025\/07\/beaphar-kassidele-koertele38.jpg","datePublished":"2025-07-29T11:50:24+00:00","dateModified":"2026-02-16T13:06:50+00:00","breadcrumb":{"@id":"https:\/\/miumjau.ee\/lv\/produkts\/stop-it-cat-kaku-atbaidisanas-lidzeklis-200-ml\/#breadcrumb"},"inLanguage":"lv-LV","potentialAction":[{"@type":"ReadAction","target":["https:\/\/miumjau.ee\/lv\/produkts\/stop-it-cat-kaku-atbaidisanas-lidzeklis-200-ml\/"]}]},{"@type":"ImageObject","inLanguage":"lv-LV","@id":"https:\/\/miumjau.ee\/lv\/produkts\/stop-it-cat-kaku-atbaidisanas-lidzeklis-200-ml\/#primaryimage","url":"https:\/\/miumjau.ee\/wp-content\/uploads\/2025\/07\/beaphar-kassidele-koertele38.jpg","contentUrl":"https:\/\/miumjau.ee\/wp-content\/uploads\/2025\/07\/beaphar-kassidele-koertele38.jpg","width":600,"height":800},{"@type":"BreadcrumbList","@id":"https:\/\/miumjau.ee\/lv\/produkts\/stop-it-cat-kaku-atbaidisanas-lidzeklis-200-ml\/#breadcrumb","itemListElement":[{"@type":"ListItem","position":1,"name":"Home","item":"https:\/\/miumjau.ee\/lv\/"},{"@type":"ListItem","position":2,"name":"Veikals","item":"https:\/\/miumjau.ee\/lv\/veikals\/"},{"@type":"ListItem","position":3,"name":"Stop-it Cat, ka\u0137u atbaid\u012b\u0161anas l\u012bdzeklis, 200 ml"}]},{"@type":"WebSite","@id":"https:\/\/miumjau.ee\/#website","url":"https:\/\/miumjau.ee\/","name":"MiuMjau","description":"Kraapimispuud kassidele","publisher":{"@id":"https:\/\/miumjau.ee\/#organization"},"potentialAction":[{"@type":"SearchAction","target":{"@type":"EntryPoint","urlTemplate":"https:\/\/miumjau.ee\/?s={search_term_string}"},"query-input":{"@type":"PropertyValueSpecification","valueRequired":true,"valueName":"search_term_string"}}],"inLanguage":"lv-LV"},{"@type":"Organization","@id":"https:\/\/miumjau.ee\/#organization","name":"MiuMjau O\u00dc","url":"https:\/\/miumjau.ee\/","logo":{"@type":"ImageObject","inLanguage":"lv-LV","@id":"https:\/\/miumjau.ee\/#\/schema\/logo\/image\/","url":"https:\/\/miumjau.ee\/wp-content\/uploads\/2022\/04\/MiuMjau-logo-kollane.png","contentUrl":"https:\/\/miumjau.ee\/wp-content\/uploads\/2022\/04\/MiuMjau-logo-kollane.png","width":219,"height":100,"caption":"MiuMjau O\u00dc"},"image":{"@id":"https:\/\/miumjau.ee\/#\/schema\/logo\/image\/"},"sameAs":["https:\/\/www.facebook.com\/miumjaupood\/"]}]}},"_links":{"self":[{"href":"https:\/\/miumjau.ee\/lv\/wp-json\/wp\/v2\/product\/49101","targetHints":{"allow":["GET"]}}],"collection":[{"href":"https:\/\/miumjau.ee\/lv\/wp-json\/wp\/v2\/product"}],"about":[{"href":"https:\/\/miumjau.ee\/lv\/wp-json\/wp\/v2\/types\/product"}],"wp:featuredmedia":[{"embeddable":true,"href":"https:\/\/miumjau.ee\/lv\/wp-json\/wp\/v2\/media\/49102"}],"wp:attachment":[{"href":"https:\/\/miumjau.ee\/lv\/wp-json\/wp\/v2\/media?parent=49101"}],"wp:term":[{"taxonomy":"product_brand","embeddable":true,"href":"https:\/\/miumjau.ee\/lv\/wp-json\/wp\/v2\/product_brand?post=49101"},{"taxonomy":"product_cat","embeddable":true,"href":"https:\/\/miumjau.ee\/lv\/wp-json\/wp\/v2\/product_cat?post=49101"},{"taxonomy":"product_tag","embeddable":true,"href":"https:\/\/miumjau.ee\/lv\/wp-json\/wp\/v2\/product_tag?post=49101"}],"curies":[{"name":"wp","href":"https:\/\/api.w.org\/{rel}","templated":true}]}}