{"id":49094,"date":"2025-07-29T15:04:54","date_gmt":"2025-07-29T12:04:54","guid":{"rendered":"https:\/\/miumjau.ee\/toode\/beaphar-bio-band-kukainus-atbaidosa-kakla-siksna-65-cm\/"},"modified":"2026-01-07T21:16:58","modified_gmt":"2026-01-07T19:16:58","slug":"beaphar-bio-band-kukainus-atbaidosa-kakla-siksna-65-cm","status":"publish","type":"product","link":"https:\/\/miumjau.ee\/lv\/produkts\/beaphar-bio-band-kukainus-atbaidosa-kakla-siksna-65-cm\/","title":{"rendered":"Beaphar Bio Band \u2013 kukai\u0146us atbaido\u0161a kakla siksna 65 cm"},"content":{"rendered":"","protected":false},"excerpt":{"rendered":"<p data-start=\"3010\" data-end=\"3070\"><strong data-start=\"3010\" data-end=\"3070\">Beaphar Bio Band \u2013 kukai\u0146us atbaido\u0161a kakla siksna 65 cm<\/strong><\/p>\n<p data-start=\"3072\" data-end=\"3403\">Bio Band ir 100 % dab\u012bga kukai\u0146us atbaido\u0161a kakla siksna su\u0146iem, 65 cm. Beaphar Bio Band ir piem\u0113rota su\u0146iem no 12 ned\u0113\u013cu vecuma. Akt\u012bv\u0101s vielas izplat\u0101s pa apmatojumu un atbaida blusas un citus kukai\u0146us. Kakla siksna pie\u0161\u0137ir dz\u012bvniekam pat\u012bkamu, svaigu arom\u0101tu. Garums ir individu\u0101li regul\u0113jams. Beaphar Bio Band ir \u016bdensiztur\u012bga.<\/p>\n<p data-start=\"3405\" data-end=\"3528\"><strong data-start=\"3405\" data-end=\"3417\">Sast\u0101vs:<\/strong> N\u012bma koka (Azadirachta indica) ekstrakts (CAS Nr. 84696-25-3: 2 %), lavandas e\u013c\u013ca (CAS Nr. 91722-69-9: 1,5 %).<\/p>\n<p data-start=\"3530\" data-end=\"3838\"><strong data-start=\"3530\" data-end=\"3556\">Lieto\u0161anas nor\u0101d\u012bjumi:<\/strong> Atveriet iepakojumu tie\u0161i pirms lieto\u0161anas un br\u012bvi piestipriniet siksnu ap su\u0146a kaklu. Starp kaklu un siksnu j\u0101ietilpst diviem pirkstiem. Lieko da\u013cu nogrieziet aiz spr\u0101dzes. Augo\u0161am sunim siksna regul\u0101ri j\u0101piel\u0101go aug\u0161anai. Kakla siksna sasniedz pilnu efektivit\u0101ti p\u0113c 5\u20137 dien\u0101m.<\/p>\n<p data-start=\"3840\" data-end=\"3909\"><strong data-start=\"3840\" data-end=\"3856\">Br\u012bdin\u0101jums:<\/strong> Satur linalolu, kas var izrais\u012bt aler\u0123isku reakciju.<\/p>\n<p data-start=\"3911\" data-end=\"4358\"><strong data-start=\"3911\" data-end=\"3931\">Pirm\u0101 pal\u012bdz\u012bba:<\/strong><br data-start=\"3931\" data-end=\"3934\" \/>Saskar\u0113 ar \u0101du: Nomazg\u0101t ar lielu daudzumu ziepju un \u016bdens.<br data-start=\"3993\" data-end=\"3996\" \/>Saskar\u0113 ar ac\u012bm: Nekav\u0113joties skalot ar \u016bdeni vismaz 10 min\u016btes.<br data-start=\"4060\" data-end=\"4063\" \/>Norijot: Izrais\u012bt vem\u0161anu. Nekav\u0113joties v\u0113rsties pie \u0101rsta un uzr\u0101d\u012bt iepakojumu vai eti\u0137eti. Iedot aktiv\u0113t\u0101s ogles \u016bdens \u0161\u0137\u012bdumu vai \u0161\u0137idro paraf\u012bnu.<br data-start=\"4213\" data-end=\"4216\" \/>Ieelpojot: Izv\u0113din\u0101t telpas. Negad\u012bjuma gad\u012bjum\u0101 cietu\u0161o izvest svaig\u0101 gais\u0101 un novietot gu\u013cus. Ja rodas slikta pa\u0161saj\u016bta, v\u0113rsties pie \u0101rsta.<\/p>\n","protected":false},"featured_media":49095,"template":"","meta":[],"product_brand":[],"product_cat":[560],"product_tag":[],"class_list":{"0":"post-49094","1":"product","2":"type-product","3":"status-publish","4":"has-post-thumbnail","6":"product_cat-kopsanas-lidzekli-suniem","8":"first","9":"instock","10":"taxable","11":"shipping-taxable","12":"purchasable","13":"product-type-simple"},"yoast_head":"<!-- This site is optimized with the Yoast SEO plugin v27.2 - https:\/\/yoast.com\/product\/yoast-seo-wordpress\/ -->\n<title>Beaphar Bio Band \u2013 kukai\u0146us atbaido\u0161a kakla siksna 65 cm - MiuMjau<\/title>\n<meta name=\"robots\" content=\"index, follow, max-snippet:-1, max-image-preview:large, max-video-preview:-1\" \/>\n<link rel=\"canonical\" href=\"https:\/\/miumjau.ee\/lv\/produkts\/beaphar-bio-band-kukainus-atbaidosa-kakla-siksna-65-cm\/\" \/>\n<meta property=\"og:locale\" content=\"lv_LV\" \/>\n<meta property=\"og:type\" content=\"article\" \/>\n<meta property=\"og:title\" content=\"Beaphar Bio Band \u2013 kukai\u0146us atbaido\u0161a kakla siksna 65 cm - MiuMjau\" \/>\n<meta property=\"og:description\" content=\"Beaphar Bio Band \u2013 kukai\u0146us atbaido\u0161a kakla siksna 65 cm Bio Band ir 100 % dab\u012bga kukai\u0146us atbaido\u0161a kakla siksna su\u0146iem, 65 cm. Beaphar Bio Band ir piem\u0113rota su\u0146iem no 12 ned\u0113\u013cu vecuma. Akt\u012bv\u0101s vielas izplat\u0101s pa apmatojumu un atbaida blusas un citus kukai\u0146us. Kakla siksna pie\u0161\u0137ir dz\u012bvniekam pat\u012bkamu, svaigu arom\u0101tu. Garums ir individu\u0101li regul\u0113jams. Beaphar Bio Band ir \u016bdensiztur\u012bga. Sast\u0101vs: N\u012bma koka (Azadirachta indica) ekstrakts (CAS Nr. 84696-25-3: 2 %), lavandas e\u013c\u013ca (CAS Nr. 91722-69-9: 1,5 %). Lieto\u0161anas nor\u0101d\u012bjumi: Atveriet iepakojumu tie\u0161i pirms lieto\u0161anas un br\u012bvi piestipriniet siksnu ap su\u0146a kaklu. Starp kaklu un siksnu j\u0101ietilpst diviem pirkstiem. Lieko da\u013cu nogrieziet aiz spr\u0101dzes. Augo\u0161am sunim siksna regul\u0101ri j\u0101piel\u0101go aug\u0161anai. Kakla siksna sasniedz pilnu efektivit\u0101ti p\u0113c 5\u20137 dien\u0101m. Br\u012bdin\u0101jums: Satur linalolu, kas var izrais\u012bt aler\u0123isku reakciju. Pirm\u0101 pal\u012bdz\u012bba:Saskar\u0113 ar \u0101du: Nomazg\u0101t ar lielu daudzumu ziepju un \u016bdens.Saskar\u0113 ar ac\u012bm: Nekav\u0113joties skalot ar \u016bdeni vismaz 10 min\u016btes.Norijot: Izrais\u012bt vem\u0161anu. Nekav\u0113joties v\u0113rsties pie \u0101rsta un uzr\u0101d\u012bt iepakojumu vai eti\u0137eti. Iedot aktiv\u0113t\u0101s ogles \u016bdens \u0161\u0137\u012bdumu vai \u0161\u0137idro paraf\u012bnu.Ieelpojot: Izv\u0113din\u0101t telpas. Negad\u012bjuma gad\u012bjum\u0101 cietu\u0161o izvest svaig\u0101 gais\u0101 un novietot gu\u013cus. Ja rodas slikta pa\u0161saj\u016bta, v\u0113rsties pie \u0101rsta.\" \/>\n<meta property=\"og:url\" content=\"https:\/\/miumjau.ee\/lv\/produkts\/beaphar-bio-band-kukainus-atbaidosa-kakla-siksna-65-cm\/\" \/>\n<meta property=\"og:site_name\" content=\"MiuMjau\" \/>\n<meta property=\"article:publisher\" content=\"https:\/\/www.facebook.com\/miumjaupood\/\" \/>\n<meta property=\"article:modified_time\" content=\"2026-01-07T19:16:58+00:00\" \/>\n<meta property=\"og:image\" content=\"https:\/\/miumjau.ee\/wp-content\/uploads\/2025\/07\/beaphar-kassidele-koertele25.jpg\" \/>\n\t<meta property=\"og:image:width\" content=\"600\" \/>\n\t<meta property=\"og:image:height\" content=\"800\" \/>\n\t<meta property=\"og:image:type\" content=\"image\/jpeg\" \/>\n<meta name=\"twitter:card\" content=\"summary_large_image\" \/>\n<script type=\"application\/ld+json\" class=\"yoast-schema-graph\">{\"@context\":\"https:\/\/schema.org\",\"@graph\":[{\"@type\":\"WebPage\",\"@id\":\"https:\/\/miumjau.ee\/lv\/produkts\/beaphar-bio-band-kukainus-atbaidosa-kakla-siksna-65-cm\/\",\"url\":\"https:\/\/miumjau.ee\/lv\/produkts\/beaphar-bio-band-kukainus-atbaidosa-kakla-siksna-65-cm\/\",\"name\":\"Beaphar Bio Band \u2013 kukai\u0146us atbaido\u0161a kakla siksna 65 cm - MiuMjau\",\"isPartOf\":{\"@id\":\"https:\/\/miumjau.ee\/#website\"},\"primaryImageOfPage\":{\"@id\":\"https:\/\/miumjau.ee\/lv\/produkts\/beaphar-bio-band-kukainus-atbaidosa-kakla-siksna-65-cm\/#primaryimage\"},\"image\":{\"@id\":\"https:\/\/miumjau.ee\/lv\/produkts\/beaphar-bio-band-kukainus-atbaidosa-kakla-siksna-65-cm\/#primaryimage\"},\"thumbnailUrl\":\"https:\/\/miumjau.ee\/wp-content\/uploads\/2025\/07\/beaphar-kassidele-koertele25.jpg\",\"datePublished\":\"2025-07-29T12:04:54+00:00\",\"dateModified\":\"2026-01-07T19:16:58+00:00\",\"breadcrumb\":{\"@id\":\"https:\/\/miumjau.ee\/lv\/produkts\/beaphar-bio-band-kukainus-atbaidosa-kakla-siksna-65-cm\/#breadcrumb\"},\"inLanguage\":\"lv-LV\",\"potentialAction\":[{\"@type\":\"ReadAction\",\"target\":[\"https:\/\/miumjau.ee\/lv\/produkts\/beaphar-bio-band-kukainus-atbaidosa-kakla-siksna-65-cm\/\"]}]},{\"@type\":\"ImageObject\",\"inLanguage\":\"lv-LV\",\"@id\":\"https:\/\/miumjau.ee\/lv\/produkts\/beaphar-bio-band-kukainus-atbaidosa-kakla-siksna-65-cm\/#primaryimage\",\"url\":\"https:\/\/miumjau.ee\/wp-content\/uploads\/2025\/07\/beaphar-kassidele-koertele25.jpg\",\"contentUrl\":\"https:\/\/miumjau.ee\/wp-content\/uploads\/2025\/07\/beaphar-kassidele-koertele25.jpg\",\"width\":600,\"height\":800},{\"@type\":\"BreadcrumbList\",\"@id\":\"https:\/\/miumjau.ee\/lv\/produkts\/beaphar-bio-band-kukainus-atbaidosa-kakla-siksna-65-cm\/#breadcrumb\",\"itemListElement\":[{\"@type\":\"ListItem\",\"position\":1,\"name\":\"Home\",\"item\":\"https:\/\/miumjau.ee\/lv\/\"},{\"@type\":\"ListItem\",\"position\":2,\"name\":\"Veikals\",\"item\":\"https:\/\/miumjau.ee\/lv\/veikals\/\"},{\"@type\":\"ListItem\",\"position\":3,\"name\":\"Beaphar Bio Band \u2013 kukai\u0146us atbaido\u0161a kakla siksna 65 cm\"}]},{\"@type\":\"WebSite\",\"@id\":\"https:\/\/miumjau.ee\/#website\",\"url\":\"https:\/\/miumjau.ee\/\",\"name\":\"MiuMjau\",\"description\":\"Kraapimispuud kassidele\",\"publisher\":{\"@id\":\"https:\/\/miumjau.ee\/#organization\"},\"potentialAction\":[{\"@type\":\"SearchAction\",\"target\":{\"@type\":\"EntryPoint\",\"urlTemplate\":\"https:\/\/miumjau.ee\/?s={search_term_string}\"},\"query-input\":{\"@type\":\"PropertyValueSpecification\",\"valueRequired\":true,\"valueName\":\"search_term_string\"}}],\"inLanguage\":\"lv-LV\"},{\"@type\":\"Organization\",\"@id\":\"https:\/\/miumjau.ee\/#organization\",\"name\":\"MiuMjau O\u00dc\",\"url\":\"https:\/\/miumjau.ee\/\",\"logo\":{\"@type\":\"ImageObject\",\"inLanguage\":\"lv-LV\",\"@id\":\"https:\/\/miumjau.ee\/#\/schema\/logo\/image\/\",\"url\":\"https:\/\/miumjau.ee\/wp-content\/uploads\/2022\/04\/MiuMjau-logo-kollane.png\",\"contentUrl\":\"https:\/\/miumjau.ee\/wp-content\/uploads\/2022\/04\/MiuMjau-logo-kollane.png\",\"width\":219,\"height\":100,\"caption\":\"MiuMjau O\u00dc\"},\"image\":{\"@id\":\"https:\/\/miumjau.ee\/#\/schema\/logo\/image\/\"},\"sameAs\":[\"https:\/\/www.facebook.com\/miumjaupood\/\"]}]}<\/script>\n<!-- \/ Yoast SEO plugin. -->","yoast_head_json":{"title":"Beaphar Bio Band \u2013 kukai\u0146us atbaido\u0161a kakla siksna 65 cm - MiuMjau","robots":{"index":"index","follow":"follow","max-snippet":"max-snippet:-1","max-image-preview":"max-image-preview:large","max-video-preview":"max-video-preview:-1"},"canonical":"https:\/\/miumjau.ee\/lv\/produkts\/beaphar-bio-band-kukainus-atbaidosa-kakla-siksna-65-cm\/","og_locale":"lv_LV","og_type":"article","og_title":"Beaphar Bio Band \u2013 kukai\u0146us atbaido\u0161a kakla siksna 65 cm - MiuMjau","og_description":"Beaphar Bio Band \u2013 kukai\u0146us atbaido\u0161a kakla siksna 65 cm Bio Band ir 100 % dab\u012bga kukai\u0146us atbaido\u0161a kakla siksna su\u0146iem, 65 cm. Beaphar Bio Band ir piem\u0113rota su\u0146iem no 12 ned\u0113\u013cu vecuma. Akt\u012bv\u0101s vielas izplat\u0101s pa apmatojumu un atbaida blusas un citus kukai\u0146us. Kakla siksna pie\u0161\u0137ir dz\u012bvniekam pat\u012bkamu, svaigu arom\u0101tu. Garums ir individu\u0101li regul\u0113jams. Beaphar Bio Band ir \u016bdensiztur\u012bga. Sast\u0101vs: N\u012bma koka (Azadirachta indica) ekstrakts (CAS Nr. 84696-25-3: 2 %), lavandas e\u013c\u013ca (CAS Nr. 91722-69-9: 1,5 %). Lieto\u0161anas nor\u0101d\u012bjumi: Atveriet iepakojumu tie\u0161i pirms lieto\u0161anas un br\u012bvi piestipriniet siksnu ap su\u0146a kaklu. Starp kaklu un siksnu j\u0101ietilpst diviem pirkstiem. Lieko da\u013cu nogrieziet aiz spr\u0101dzes. Augo\u0161am sunim siksna regul\u0101ri j\u0101piel\u0101go aug\u0161anai. Kakla siksna sasniedz pilnu efektivit\u0101ti p\u0113c 5\u20137 dien\u0101m. Br\u012bdin\u0101jums: Satur linalolu, kas var izrais\u012bt aler\u0123isku reakciju. Pirm\u0101 pal\u012bdz\u012bba:Saskar\u0113 ar \u0101du: Nomazg\u0101t ar lielu daudzumu ziepju un \u016bdens.Saskar\u0113 ar ac\u012bm: Nekav\u0113joties skalot ar \u016bdeni vismaz 10 min\u016btes.Norijot: Izrais\u012bt vem\u0161anu. Nekav\u0113joties v\u0113rsties pie \u0101rsta un uzr\u0101d\u012bt iepakojumu vai eti\u0137eti. Iedot aktiv\u0113t\u0101s ogles \u016bdens \u0161\u0137\u012bdumu vai \u0161\u0137idro paraf\u012bnu.Ieelpojot: Izv\u0113din\u0101t telpas. Negad\u012bjuma gad\u012bjum\u0101 cietu\u0161o izvest svaig\u0101 gais\u0101 un novietot gu\u013cus. Ja rodas slikta pa\u0161saj\u016bta, v\u0113rsties pie \u0101rsta.","og_url":"https:\/\/miumjau.ee\/lv\/produkts\/beaphar-bio-band-kukainus-atbaidosa-kakla-siksna-65-cm\/","og_site_name":"MiuMjau","article_publisher":"https:\/\/www.facebook.com\/miumjaupood\/","article_modified_time":"2026-01-07T19:16:58+00:00","og_image":[{"width":600,"height":800,"url":"https:\/\/miumjau.ee\/wp-content\/uploads\/2025\/07\/beaphar-kassidele-koertele25.jpg","type":"image\/jpeg"}],"twitter_card":"summary_large_image","schema":{"@context":"https:\/\/schema.org","@graph":[{"@type":"WebPage","@id":"https:\/\/miumjau.ee\/lv\/produkts\/beaphar-bio-band-kukainus-atbaidosa-kakla-siksna-65-cm\/","url":"https:\/\/miumjau.ee\/lv\/produkts\/beaphar-bio-band-kukainus-atbaidosa-kakla-siksna-65-cm\/","name":"Beaphar Bio Band \u2013 kukai\u0146us atbaido\u0161a kakla siksna 65 cm - MiuMjau","isPartOf":{"@id":"https:\/\/miumjau.ee\/#website"},"primaryImageOfPage":{"@id":"https:\/\/miumjau.ee\/lv\/produkts\/beaphar-bio-band-kukainus-atbaidosa-kakla-siksna-65-cm\/#primaryimage"},"image":{"@id":"https:\/\/miumjau.ee\/lv\/produkts\/beaphar-bio-band-kukainus-atbaidosa-kakla-siksna-65-cm\/#primaryimage"},"thumbnailUrl":"https:\/\/miumjau.ee\/wp-content\/uploads\/2025\/07\/beaphar-kassidele-koertele25.jpg","datePublished":"2025-07-29T12:04:54+00:00","dateModified":"2026-01-07T19:16:58+00:00","breadcrumb":{"@id":"https:\/\/miumjau.ee\/lv\/produkts\/beaphar-bio-band-kukainus-atbaidosa-kakla-siksna-65-cm\/#breadcrumb"},"inLanguage":"lv-LV","potentialAction":[{"@type":"ReadAction","target":["https:\/\/miumjau.ee\/lv\/produkts\/beaphar-bio-band-kukainus-atbaidosa-kakla-siksna-65-cm\/"]}]},{"@type":"ImageObject","inLanguage":"lv-LV","@id":"https:\/\/miumjau.ee\/lv\/produkts\/beaphar-bio-band-kukainus-atbaidosa-kakla-siksna-65-cm\/#primaryimage","url":"https:\/\/miumjau.ee\/wp-content\/uploads\/2025\/07\/beaphar-kassidele-koertele25.jpg","contentUrl":"https:\/\/miumjau.ee\/wp-content\/uploads\/2025\/07\/beaphar-kassidele-koertele25.jpg","width":600,"height":800},{"@type":"BreadcrumbList","@id":"https:\/\/miumjau.ee\/lv\/produkts\/beaphar-bio-band-kukainus-atbaidosa-kakla-siksna-65-cm\/#breadcrumb","itemListElement":[{"@type":"ListItem","position":1,"name":"Home","item":"https:\/\/miumjau.ee\/lv\/"},{"@type":"ListItem","position":2,"name":"Veikals","item":"https:\/\/miumjau.ee\/lv\/veikals\/"},{"@type":"ListItem","position":3,"name":"Beaphar Bio Band \u2013 kukai\u0146us atbaido\u0161a kakla siksna 65 cm"}]},{"@type":"WebSite","@id":"https:\/\/miumjau.ee\/#website","url":"https:\/\/miumjau.ee\/","name":"MiuMjau","description":"Kraapimispuud kassidele","publisher":{"@id":"https:\/\/miumjau.ee\/#organization"},"potentialAction":[{"@type":"SearchAction","target":{"@type":"EntryPoint","urlTemplate":"https:\/\/miumjau.ee\/?s={search_term_string}"},"query-input":{"@type":"PropertyValueSpecification","valueRequired":true,"valueName":"search_term_string"}}],"inLanguage":"lv-LV"},{"@type":"Organization","@id":"https:\/\/miumjau.ee\/#organization","name":"MiuMjau O\u00dc","url":"https:\/\/miumjau.ee\/","logo":{"@type":"ImageObject","inLanguage":"lv-LV","@id":"https:\/\/miumjau.ee\/#\/schema\/logo\/image\/","url":"https:\/\/miumjau.ee\/wp-content\/uploads\/2022\/04\/MiuMjau-logo-kollane.png","contentUrl":"https:\/\/miumjau.ee\/wp-content\/uploads\/2022\/04\/MiuMjau-logo-kollane.png","width":219,"height":100,"caption":"MiuMjau O\u00dc"},"image":{"@id":"https:\/\/miumjau.ee\/#\/schema\/logo\/image\/"},"sameAs":["https:\/\/www.facebook.com\/miumjaupood\/"]}]}},"_links":{"self":[{"href":"https:\/\/miumjau.ee\/lv\/wp-json\/wp\/v2\/product\/49094","targetHints":{"allow":["GET"]}}],"collection":[{"href":"https:\/\/miumjau.ee\/lv\/wp-json\/wp\/v2\/product"}],"about":[{"href":"https:\/\/miumjau.ee\/lv\/wp-json\/wp\/v2\/types\/product"}],"wp:featuredmedia":[{"embeddable":true,"href":"https:\/\/miumjau.ee\/lv\/wp-json\/wp\/v2\/media\/49095"}],"wp:attachment":[{"href":"https:\/\/miumjau.ee\/lv\/wp-json\/wp\/v2\/media?parent=49094"}],"wp:term":[{"taxonomy":"product_brand","embeddable":true,"href":"https:\/\/miumjau.ee\/lv\/wp-json\/wp\/v2\/product_brand?post=49094"},{"taxonomy":"product_cat","embeddable":true,"href":"https:\/\/miumjau.ee\/lv\/wp-json\/wp\/v2\/product_cat?post=49094"},{"taxonomy":"product_tag","embeddable":true,"href":"https:\/\/miumjau.ee\/lv\/wp-json\/wp\/v2\/product_tag?post=49094"}],"curies":[{"name":"wp","href":"https:\/\/api.w.org\/{rel}","templated":true}]}}