{"id":49088,"date":"2025-07-29T14:11:09","date_gmt":"2025-07-29T11:11:09","guid":{"rendered":"https:\/\/miumjau.ee\/toode\/beaphar-stresa-mazinasanas-karumi-35-g\/"},"modified":"2026-01-07T21:16:58","modified_gmt":"2026-01-07T19:16:58","slug":"beaphar-stresa-mazinasanas-karumi-35-g","status":"publish","type":"product","link":"https:\/\/miumjau.ee\/lv\/produkts\/beaphar-stresa-mazinasanas-karumi-35-g\/","title":{"rendered":"Beaphar stresa mazin\u0101\u0161anas k\u0101rumi 35 g"},"content":{"rendered":"","protected":false},"excerpt":{"rendered":"<p data-start=\"3141\" data-end=\"3258\"><strong data-start=\"3141\" data-end=\"3176\">Beaphar No Stress k\u0101rumi ka\u0137iem<\/strong> \u2013 krauk\u0161\u0137\u012bgi, pild\u012bti spilventi\u0146u formas k\u0101rumi. Nomierino\u0161a papildbar\u012bba ka\u0137iem.<\/p>\n<p data-start=\"3260\" data-end=\"3601\">Satur dab\u012bgas augu izcelsmes sast\u0101vda\u013cas (baldri\u0101ns, melisa, api\u0146i). Ieteicami stresa mazin\u0101\u0161anai un nomierin\u0101\u0161anai, p\u0101rm\u0113r\u012bgas vokaliz\u0101cijas, m\u0113be\u013cu skr\u0101p\u0113\u0161anas un teritorijas iez\u012bm\u0113\u0161anas nov\u0113r\u0161anai. Piem\u0113roti stresa situ\u0101cij\u0101s: veterin\u0101r\u0101rsta vai patversmes apmekl\u0113jumos, p\u0113rkona negaisa un sal\u016bta laik\u0101, p\u0101rv\u0101k\u0161an\u0101s un ce\u013co\u0161anas gad\u012bjum\u0101.<\/p>\n<p data-start=\"3603\" data-end=\"3783\"><strong data-start=\"3603\" data-end=\"3615\">Sast\u0101vs:<\/strong> Graudaugi, piens un piena produkti, augu izcelsmes produkti (baldri\u0101ns 0,1 %, api\u0146i 1 %, melisa 5 %), tauki, ga\u013ca un dz\u012bvnieku izcelsmes blakusprodukti (vistas milti).<\/p>\n<p data-start=\"3785\" data-end=\"4157\"><strong data-start=\"3785\" data-end=\"3810\">Anal\u012btiskais sast\u0101vs:<\/strong> Kopprote\u012bns 30 %, kop\u0161\u0137iedra 4,2 %, tauki un e\u013c\u013cas 9,7 %, pelni 4,1 %, mitrums 9,6 %, kalcijs 0,17 %, fosfors 0,63 %, magnijs 0,12 %, s\u0113rs 0,00021 %, n\u0101trijs 0,16 %, k\u0101lijs 0,53 %, laktoze 5,2 %, glikoze 2,5 %, \u03b1-linol\u0113nsk\u0101be 0,073 %, linolsk\u0101be 1,9 %.<br data-start=\"4063\" data-end=\"4066\" \/><strong data-start=\"4066\" data-end=\"4102\">Pievienot\u0101s bar\u012bbas piedevas\/kg:<\/strong> A vitam\u012bns 4580 SV, B1 vitam\u012bns 4,1 mg, antioksidanti.<\/p>\n<p data-start=\"4159\" data-end=\"4546\"><strong data-start=\"4159\" data-end=\"4185\">Lieto\u0161anas nor\u0101d\u012bjumi:<\/strong> K\u0101rums var tikt sajaukts ar bar\u012bbu vai dots no rokas. Ieteicams dot 1,5 stundas pirms paredzam\u0101s stresa situ\u0101cijas.<br data-start=\"4301\" data-end=\"4304\" \/><strong data-start=\"4304\" data-end=\"4314\">Devas:<\/strong> 2\u20133 gabali\u0146i dien\u0101. Ne vair\u0101k k\u0101 6 gabali\u0146i dien\u0101. Iedarb\u012bba s\u0101kas 1,5 stundu laik\u0101. Var atk\u0101rtot p\u0113c 2,5 stund\u0101m. Nedot vair\u0101k k\u0101 3 reizes dien\u0101.<br data-start=\"4461\" data-end=\"4464\" \/><strong data-start=\"4464\" data-end=\"4485\">Kontrindik\u0101cijas:<\/strong> Individu\u0101la jut\u012bba pret sast\u0101vda\u013c\u0101m.<br data-start=\"4522\" data-end=\"4525\" \/><strong data-start=\"4525\" data-end=\"4540\">Iepakojums:<\/strong> 35 g.<\/p>\n","protected":false},"featured_media":49089,"template":"","meta":[],"product_brand":[],"product_cat":[570,878],"product_tag":[],"class_list":{"0":"post-49088","1":"product","2":"type-product","3":"status-publish","4":"has-post-thumbnail","6":"product_cat-naski","7":"product_cat-vitamini-uztura-bagatinataji-kakiem","9":"first","10":"instock","11":"taxable","12":"shipping-taxable","13":"purchasable","14":"product-type-simple"},"yoast_head":"<!-- This site is optimized with the Yoast SEO plugin v27.4 - https:\/\/yoast.com\/product\/yoast-seo-wordpress\/ -->\n<title>Beaphar stresa mazin\u0101\u0161anas k\u0101rumi 35 g - MiuMjau<\/title>\n<meta name=\"robots\" content=\"index, follow, max-snippet:-1, max-image-preview:large, max-video-preview:-1\" \/>\n<link rel=\"canonical\" href=\"https:\/\/miumjau.ee\/lv\/produkts\/beaphar-stresa-mazinasanas-karumi-35-g\/\" \/>\n<meta property=\"og:locale\" content=\"lv_LV\" \/>\n<meta property=\"og:type\" content=\"article\" \/>\n<meta property=\"og:title\" content=\"Beaphar stresa mazin\u0101\u0161anas k\u0101rumi 35 g - MiuMjau\" \/>\n<meta property=\"og:description\" content=\"Beaphar No Stress k\u0101rumi ka\u0137iem \u2013 krauk\u0161\u0137\u012bgi, pild\u012bti spilventi\u0146u formas k\u0101rumi. Nomierino\u0161a papildbar\u012bba ka\u0137iem. Satur dab\u012bgas augu izcelsmes sast\u0101vda\u013cas (baldri\u0101ns, melisa, api\u0146i). Ieteicami stresa mazin\u0101\u0161anai un nomierin\u0101\u0161anai, p\u0101rm\u0113r\u012bgas vokaliz\u0101cijas, m\u0113be\u013cu skr\u0101p\u0113\u0161anas un teritorijas iez\u012bm\u0113\u0161anas nov\u0113r\u0161anai. Piem\u0113roti stresa situ\u0101cij\u0101s: veterin\u0101r\u0101rsta vai patversmes apmekl\u0113jumos, p\u0113rkona negaisa un sal\u016bta laik\u0101, p\u0101rv\u0101k\u0161an\u0101s un ce\u013co\u0161anas gad\u012bjum\u0101. Sast\u0101vs: Graudaugi, piens un piena produkti, augu izcelsmes produkti (baldri\u0101ns 0,1 %, api\u0146i 1 %, melisa 5 %), tauki, ga\u013ca un dz\u012bvnieku izcelsmes blakusprodukti (vistas milti). Anal\u012btiskais sast\u0101vs: Kopprote\u012bns 30 %, kop\u0161\u0137iedra 4,2 %, tauki un e\u013c\u013cas 9,7 %, pelni 4,1 %, mitrums 9,6 %, kalcijs 0,17 %, fosfors 0,63 %, magnijs 0,12 %, s\u0113rs 0,00021 %, n\u0101trijs 0,16 %, k\u0101lijs 0,53 %, laktoze 5,2 %, glikoze 2,5 %, \u03b1-linol\u0113nsk\u0101be 0,073 %, linolsk\u0101be 1,9 %.Pievienot\u0101s bar\u012bbas piedevas\/kg: A vitam\u012bns 4580 SV, B1 vitam\u012bns 4,1 mg, antioksidanti. Lieto\u0161anas nor\u0101d\u012bjumi: K\u0101rums var tikt sajaukts ar bar\u012bbu vai dots no rokas. Ieteicams dot 1,5 stundas pirms paredzam\u0101s stresa situ\u0101cijas.Devas: 2\u20133 gabali\u0146i dien\u0101. Ne vair\u0101k k\u0101 6 gabali\u0146i dien\u0101. Iedarb\u012bba s\u0101kas 1,5 stundu laik\u0101. Var atk\u0101rtot p\u0113c 2,5 stund\u0101m. Nedot vair\u0101k k\u0101 3 reizes dien\u0101.Kontrindik\u0101cijas: Individu\u0101la jut\u012bba pret sast\u0101vda\u013c\u0101m.Iepakojums: 35 g.\" \/>\n<meta property=\"og:url\" content=\"https:\/\/miumjau.ee\/lv\/produkts\/beaphar-stresa-mazinasanas-karumi-35-g\/\" \/>\n<meta property=\"og:site_name\" content=\"MiuMjau\" \/>\n<meta property=\"article:publisher\" content=\"https:\/\/www.facebook.com\/miumjaupood\/\" \/>\n<meta property=\"article:modified_time\" content=\"2026-01-07T19:16:58+00:00\" \/>\n<meta property=\"og:image\" content=\"https:\/\/miumjau.ee\/wp-content\/uploads\/2025\/07\/beaphar-kassidele-koertele24.jpg\" \/>\n\t<meta property=\"og:image:width\" content=\"600\" \/>\n\t<meta property=\"og:image:height\" content=\"800\" \/>\n\t<meta property=\"og:image:type\" content=\"image\/jpeg\" \/>\n<meta name=\"twitter:card\" content=\"summary_large_image\" \/>\n<script type=\"application\/ld+json\" class=\"yoast-schema-graph\">{\"@context\":\"https:\\\/\\\/schema.org\",\"@graph\":[{\"@type\":\"WebPage\",\"@id\":\"https:\\\/\\\/miumjau.ee\\\/lv\\\/produkts\\\/beaphar-stresa-mazinasanas-karumi-35-g\\\/\",\"url\":\"https:\\\/\\\/miumjau.ee\\\/lv\\\/produkts\\\/beaphar-stresa-mazinasanas-karumi-35-g\\\/\",\"name\":\"Beaphar stresa mazin\u0101\u0161anas k\u0101rumi 35 g - MiuMjau\",\"isPartOf\":{\"@id\":\"https:\\\/\\\/miumjau.ee\\\/#website\"},\"primaryImageOfPage\":{\"@id\":\"https:\\\/\\\/miumjau.ee\\\/lv\\\/produkts\\\/beaphar-stresa-mazinasanas-karumi-35-g\\\/#primaryimage\"},\"image\":{\"@id\":\"https:\\\/\\\/miumjau.ee\\\/lv\\\/produkts\\\/beaphar-stresa-mazinasanas-karumi-35-g\\\/#primaryimage\"},\"thumbnailUrl\":\"https:\\\/\\\/miumjau.ee\\\/wp-content\\\/uploads\\\/2025\\\/07\\\/beaphar-kassidele-koertele24.jpg\",\"datePublished\":\"2025-07-29T11:11:09+00:00\",\"dateModified\":\"2026-01-07T19:16:58+00:00\",\"breadcrumb\":{\"@id\":\"https:\\\/\\\/miumjau.ee\\\/lv\\\/produkts\\\/beaphar-stresa-mazinasanas-karumi-35-g\\\/#breadcrumb\"},\"inLanguage\":\"lv-LV\",\"potentialAction\":[{\"@type\":\"ReadAction\",\"target\":[\"https:\\\/\\\/miumjau.ee\\\/lv\\\/produkts\\\/beaphar-stresa-mazinasanas-karumi-35-g\\\/\"]}]},{\"@type\":\"ImageObject\",\"inLanguage\":\"lv-LV\",\"@id\":\"https:\\\/\\\/miumjau.ee\\\/lv\\\/produkts\\\/beaphar-stresa-mazinasanas-karumi-35-g\\\/#primaryimage\",\"url\":\"https:\\\/\\\/miumjau.ee\\\/wp-content\\\/uploads\\\/2025\\\/07\\\/beaphar-kassidele-koertele24.jpg\",\"contentUrl\":\"https:\\\/\\\/miumjau.ee\\\/wp-content\\\/uploads\\\/2025\\\/07\\\/beaphar-kassidele-koertele24.jpg\",\"width\":600,\"height\":800},{\"@type\":\"BreadcrumbList\",\"@id\":\"https:\\\/\\\/miumjau.ee\\\/lv\\\/produkts\\\/beaphar-stresa-mazinasanas-karumi-35-g\\\/#breadcrumb\",\"itemListElement\":[{\"@type\":\"ListItem\",\"position\":1,\"name\":\"Home\",\"item\":\"https:\\\/\\\/miumjau.ee\\\/lv\\\/\"},{\"@type\":\"ListItem\",\"position\":2,\"name\":\"Veikals\",\"item\":\"https:\\\/\\\/miumjau.ee\\\/lv\\\/veikals\\\/\"},{\"@type\":\"ListItem\",\"position\":3,\"name\":\"Beaphar stresa mazin\u0101\u0161anas k\u0101rumi 35 g\"}]},{\"@type\":\"WebSite\",\"@id\":\"https:\\\/\\\/miumjau.ee\\\/#website\",\"url\":\"https:\\\/\\\/miumjau.ee\\\/\",\"name\":\"MiuMjau\",\"description\":\"Kraapimispuud kassidele\",\"publisher\":{\"@id\":\"https:\\\/\\\/miumjau.ee\\\/#organization\"},\"potentialAction\":[{\"@type\":\"SearchAction\",\"target\":{\"@type\":\"EntryPoint\",\"urlTemplate\":\"https:\\\/\\\/miumjau.ee\\\/?s={search_term_string}\"},\"query-input\":{\"@type\":\"PropertyValueSpecification\",\"valueRequired\":true,\"valueName\":\"search_term_string\"}}],\"inLanguage\":\"lv-LV\"},{\"@type\":\"Organization\",\"@id\":\"https:\\\/\\\/miumjau.ee\\\/#organization\",\"name\":\"MiuMjau O\u00dc\",\"url\":\"https:\\\/\\\/miumjau.ee\\\/\",\"logo\":{\"@type\":\"ImageObject\",\"inLanguage\":\"lv-LV\",\"@id\":\"https:\\\/\\\/miumjau.ee\\\/#\\\/schema\\\/logo\\\/image\\\/\",\"url\":\"https:\\\/\\\/miumjau.ee\\\/wp-content\\\/uploads\\\/2022\\\/04\\\/MiuMjau-logo-kollane.png\",\"contentUrl\":\"https:\\\/\\\/miumjau.ee\\\/wp-content\\\/uploads\\\/2022\\\/04\\\/MiuMjau-logo-kollane.png\",\"width\":219,\"height\":100,\"caption\":\"MiuMjau O\u00dc\"},\"image\":{\"@id\":\"https:\\\/\\\/miumjau.ee\\\/#\\\/schema\\\/logo\\\/image\\\/\"},\"sameAs\":[\"https:\\\/\\\/www.facebook.com\\\/miumjaupood\\\/\"]}]}<\/script>\n<!-- \/ Yoast SEO plugin. -->","yoast_head_json":{"title":"Beaphar stresa mazin\u0101\u0161anas k\u0101rumi 35 g - MiuMjau","robots":{"index":"index","follow":"follow","max-snippet":"max-snippet:-1","max-image-preview":"max-image-preview:large","max-video-preview":"max-video-preview:-1"},"canonical":"https:\/\/miumjau.ee\/lv\/produkts\/beaphar-stresa-mazinasanas-karumi-35-g\/","og_locale":"lv_LV","og_type":"article","og_title":"Beaphar stresa mazin\u0101\u0161anas k\u0101rumi 35 g - MiuMjau","og_description":"Beaphar No Stress k\u0101rumi ka\u0137iem \u2013 krauk\u0161\u0137\u012bgi, pild\u012bti spilventi\u0146u formas k\u0101rumi. Nomierino\u0161a papildbar\u012bba ka\u0137iem. Satur dab\u012bgas augu izcelsmes sast\u0101vda\u013cas (baldri\u0101ns, melisa, api\u0146i). Ieteicami stresa mazin\u0101\u0161anai un nomierin\u0101\u0161anai, p\u0101rm\u0113r\u012bgas vokaliz\u0101cijas, m\u0113be\u013cu skr\u0101p\u0113\u0161anas un teritorijas iez\u012bm\u0113\u0161anas nov\u0113r\u0161anai. Piem\u0113roti stresa situ\u0101cij\u0101s: veterin\u0101r\u0101rsta vai patversmes apmekl\u0113jumos, p\u0113rkona negaisa un sal\u016bta laik\u0101, p\u0101rv\u0101k\u0161an\u0101s un ce\u013co\u0161anas gad\u012bjum\u0101. Sast\u0101vs: Graudaugi, piens un piena produkti, augu izcelsmes produkti (baldri\u0101ns 0,1 %, api\u0146i 1 %, melisa 5 %), tauki, ga\u013ca un dz\u012bvnieku izcelsmes blakusprodukti (vistas milti). Anal\u012btiskais sast\u0101vs: Kopprote\u012bns 30 %, kop\u0161\u0137iedra 4,2 %, tauki un e\u013c\u013cas 9,7 %, pelni 4,1 %, mitrums 9,6 %, kalcijs 0,17 %, fosfors 0,63 %, magnijs 0,12 %, s\u0113rs 0,00021 %, n\u0101trijs 0,16 %, k\u0101lijs 0,53 %, laktoze 5,2 %, glikoze 2,5 %, \u03b1-linol\u0113nsk\u0101be 0,073 %, linolsk\u0101be 1,9 %.Pievienot\u0101s bar\u012bbas piedevas\/kg: A vitam\u012bns 4580 SV, B1 vitam\u012bns 4,1 mg, antioksidanti. Lieto\u0161anas nor\u0101d\u012bjumi: K\u0101rums var tikt sajaukts ar bar\u012bbu vai dots no rokas. Ieteicams dot 1,5 stundas pirms paredzam\u0101s stresa situ\u0101cijas.Devas: 2\u20133 gabali\u0146i dien\u0101. Ne vair\u0101k k\u0101 6 gabali\u0146i dien\u0101. Iedarb\u012bba s\u0101kas 1,5 stundu laik\u0101. Var atk\u0101rtot p\u0113c 2,5 stund\u0101m. Nedot vair\u0101k k\u0101 3 reizes dien\u0101.Kontrindik\u0101cijas: Individu\u0101la jut\u012bba pret sast\u0101vda\u013c\u0101m.Iepakojums: 35 g.","og_url":"https:\/\/miumjau.ee\/lv\/produkts\/beaphar-stresa-mazinasanas-karumi-35-g\/","og_site_name":"MiuMjau","article_publisher":"https:\/\/www.facebook.com\/miumjaupood\/","article_modified_time":"2026-01-07T19:16:58+00:00","og_image":[{"width":600,"height":800,"url":"https:\/\/miumjau.ee\/wp-content\/uploads\/2025\/07\/beaphar-kassidele-koertele24.jpg","type":"image\/jpeg"}],"twitter_card":"summary_large_image","schema":{"@context":"https:\/\/schema.org","@graph":[{"@type":"WebPage","@id":"https:\/\/miumjau.ee\/lv\/produkts\/beaphar-stresa-mazinasanas-karumi-35-g\/","url":"https:\/\/miumjau.ee\/lv\/produkts\/beaphar-stresa-mazinasanas-karumi-35-g\/","name":"Beaphar stresa mazin\u0101\u0161anas k\u0101rumi 35 g - MiuMjau","isPartOf":{"@id":"https:\/\/miumjau.ee\/#website"},"primaryImageOfPage":{"@id":"https:\/\/miumjau.ee\/lv\/produkts\/beaphar-stresa-mazinasanas-karumi-35-g\/#primaryimage"},"image":{"@id":"https:\/\/miumjau.ee\/lv\/produkts\/beaphar-stresa-mazinasanas-karumi-35-g\/#primaryimage"},"thumbnailUrl":"https:\/\/miumjau.ee\/wp-content\/uploads\/2025\/07\/beaphar-kassidele-koertele24.jpg","datePublished":"2025-07-29T11:11:09+00:00","dateModified":"2026-01-07T19:16:58+00:00","breadcrumb":{"@id":"https:\/\/miumjau.ee\/lv\/produkts\/beaphar-stresa-mazinasanas-karumi-35-g\/#breadcrumb"},"inLanguage":"lv-LV","potentialAction":[{"@type":"ReadAction","target":["https:\/\/miumjau.ee\/lv\/produkts\/beaphar-stresa-mazinasanas-karumi-35-g\/"]}]},{"@type":"ImageObject","inLanguage":"lv-LV","@id":"https:\/\/miumjau.ee\/lv\/produkts\/beaphar-stresa-mazinasanas-karumi-35-g\/#primaryimage","url":"https:\/\/miumjau.ee\/wp-content\/uploads\/2025\/07\/beaphar-kassidele-koertele24.jpg","contentUrl":"https:\/\/miumjau.ee\/wp-content\/uploads\/2025\/07\/beaphar-kassidele-koertele24.jpg","width":600,"height":800},{"@type":"BreadcrumbList","@id":"https:\/\/miumjau.ee\/lv\/produkts\/beaphar-stresa-mazinasanas-karumi-35-g\/#breadcrumb","itemListElement":[{"@type":"ListItem","position":1,"name":"Home","item":"https:\/\/miumjau.ee\/lv\/"},{"@type":"ListItem","position":2,"name":"Veikals","item":"https:\/\/miumjau.ee\/lv\/veikals\/"},{"@type":"ListItem","position":3,"name":"Beaphar stresa mazin\u0101\u0161anas k\u0101rumi 35 g"}]},{"@type":"WebSite","@id":"https:\/\/miumjau.ee\/#website","url":"https:\/\/miumjau.ee\/","name":"MiuMjau","description":"Kraapimispuud kassidele","publisher":{"@id":"https:\/\/miumjau.ee\/#organization"},"potentialAction":[{"@type":"SearchAction","target":{"@type":"EntryPoint","urlTemplate":"https:\/\/miumjau.ee\/?s={search_term_string}"},"query-input":{"@type":"PropertyValueSpecification","valueRequired":true,"valueName":"search_term_string"}}],"inLanguage":"lv-LV"},{"@type":"Organization","@id":"https:\/\/miumjau.ee\/#organization","name":"MiuMjau O\u00dc","url":"https:\/\/miumjau.ee\/","logo":{"@type":"ImageObject","inLanguage":"lv-LV","@id":"https:\/\/miumjau.ee\/#\/schema\/logo\/image\/","url":"https:\/\/miumjau.ee\/wp-content\/uploads\/2022\/04\/MiuMjau-logo-kollane.png","contentUrl":"https:\/\/miumjau.ee\/wp-content\/uploads\/2022\/04\/MiuMjau-logo-kollane.png","width":219,"height":100,"caption":"MiuMjau O\u00dc"},"image":{"@id":"https:\/\/miumjau.ee\/#\/schema\/logo\/image\/"},"sameAs":["https:\/\/www.facebook.com\/miumjaupood\/"]}]}},"_links":{"self":[{"href":"https:\/\/miumjau.ee\/lv\/wp-json\/wp\/v2\/product\/49088","targetHints":{"allow":["GET"]}}],"collection":[{"href":"https:\/\/miumjau.ee\/lv\/wp-json\/wp\/v2\/product"}],"about":[{"href":"https:\/\/miumjau.ee\/lv\/wp-json\/wp\/v2\/types\/product"}],"wp:featuredmedia":[{"embeddable":true,"href":"https:\/\/miumjau.ee\/lv\/wp-json\/wp\/v2\/media\/49089"}],"wp:attachment":[{"href":"https:\/\/miumjau.ee\/lv\/wp-json\/wp\/v2\/media?parent=49088"}],"wp:term":[{"taxonomy":"product_brand","embeddable":true,"href":"https:\/\/miumjau.ee\/lv\/wp-json\/wp\/v2\/product_brand?post=49088"},{"taxonomy":"product_cat","embeddable":true,"href":"https:\/\/miumjau.ee\/lv\/wp-json\/wp\/v2\/product_cat?post=49088"},{"taxonomy":"product_tag","embeddable":true,"href":"https:\/\/miumjau.ee\/lv\/wp-json\/wp\/v2\/product_tag?post=49088"}],"curies":[{"name":"wp","href":"https:\/\/api.w.org\/{rel}","templated":true}]}}