{"id":49082,"date":"2025-07-29T14:02:05","date_gmt":"2025-07-29T11:02:05","guid":{"rendered":"https:\/\/miumjau.ee\/toode\/beaphar-maltose-pasta-pret-spalvu-kamoliem-25-g\/"},"modified":"2026-01-07T21:16:58","modified_gmt":"2026-01-07T19:16:58","slug":"beaphar-maltose-pasta-pret-spalvu-kamoliem-25-g","status":"publish","type":"product","link":"https:\/\/miumjau.ee\/lv\/produkts\/beaphar-maltose-pasta-pret-spalvu-kamoliem-25-g\/","title":{"rendered":"Beaphar Maltose pasta pret spalvu kamoliem 25 g"},"content":{"rendered":"","protected":false},"excerpt":{"rendered":"<p data-start=\"1973\" data-end=\"2069\">Gar\u0161\u012bga un vesel\u012bga pasta ar iesala ekstraktu pieaugu\u0161iem ka\u0137iem un ka\u0137\u0113niem no 3 m\u0113ne\u0161u vecuma.<\/p>\n<ul data-start=\"2071\" data-end=\"2292\">\n<li data-start=\"2071\" data-end=\"2145\">\n<p data-start=\"2073\" data-end=\"2145\">Pal\u012bdz izvad\u012bt nor\u012btos spalvu kamolus no ku\u0146\u0123a un nov\u0113r\u0161 to veido\u0161anos<\/p>\n<\/li>\n<li data-start=\"2146\" data-end=\"2198\">\n<p data-start=\"2148\" data-end=\"2198\">Sast\u0101vda\u013cas pal\u012bdz izvad\u012bt no organisma toks\u012bnus<\/p>\n<\/li>\n<li data-start=\"2199\" data-end=\"2292\">\n<p data-start=\"2201\" data-end=\"2292\">Omega-3 un Omega-6 pal\u012bdz uztur\u0113t vesel\u012bgu \u0101du un apmatojumu, k\u0101 ar\u012b stiprina im\u016bnsist\u0113mu<\/p>\n<\/li>\n<\/ul>\n<p data-start=\"2294\" data-end=\"2445\"><strong data-start=\"2294\" data-end=\"2306\">Sast\u0101vs:<\/strong> Tauki, piens un piena produkti, augu izcelsmes produkti (iesala ekstrakts 13 %), inaktiv\u0113ts raugs, mannanoligosahar\u012bdi (MOS) 10 000 mg\/kg.<\/p>\n<p data-start=\"2447\" data-end=\"2728\"><strong data-start=\"2447\" data-end=\"2472\">Anal\u012btiskais sast\u0101vs:<\/strong> Olbaltumvielas 12 %, kop\u0161\u0137iedra 0,078 %, tauki 54 %, Omega-3 3,234 %, Omega-6 24,95 %, pelni 3,4 %, mitrums 2,1 %, kalcijs 0,42 %, fosfors 0,35 %, n\u0101trijs 0,35 %, magnijs 0,035 %, k\u0101lijs 0,5 %, \u03b1-linol\u0113nsk\u0101be 3,2 %, linolsk\u0101be 25 %, \u03b3-linol\u0113nsk\u0101be 0,28 %.<\/p>\n<p data-start=\"2730\" data-end=\"2769\"><strong data-start=\"2730\" data-end=\"2743\">Ra\u017eot\u0101js:<\/strong> Beaphar B.V., N\u012bderlande.<\/p>\n","protected":false},"featured_media":49083,"template":"","meta":[],"product_brand":[],"product_cat":[878],"product_tag":[],"class_list":{"0":"post-49082","1":"product","2":"type-product","3":"status-publish","4":"has-post-thumbnail","6":"product_cat-vitamini-uztura-bagatinataji-kakiem","8":"first","9":"instock","10":"taxable","11":"shipping-taxable","12":"purchasable","13":"product-type-simple"},"yoast_head":"<!-- This site is optimized with the Yoast SEO plugin v27.4 - https:\/\/yoast.com\/product\/yoast-seo-wordpress\/ -->\n<title>Beaphar Maltose pasta pret spalvu kamoliem 25 g - MiuMjau<\/title>\n<meta name=\"robots\" content=\"index, follow, max-snippet:-1, max-image-preview:large, max-video-preview:-1\" \/>\n<link rel=\"canonical\" href=\"https:\/\/miumjau.ee\/lv\/produkts\/beaphar-maltose-pasta-pret-spalvu-kamoliem-25-g\/\" \/>\n<meta property=\"og:locale\" content=\"lv_LV\" \/>\n<meta property=\"og:type\" content=\"article\" \/>\n<meta property=\"og:title\" content=\"Beaphar Maltose pasta pret spalvu kamoliem 25 g - MiuMjau\" \/>\n<meta property=\"og:description\" content=\"Gar\u0161\u012bga un vesel\u012bga pasta ar iesala ekstraktu pieaugu\u0161iem ka\u0137iem un ka\u0137\u0113niem no 3 m\u0113ne\u0161u vecuma.     Pal\u012bdz izvad\u012bt nor\u012btos spalvu kamolus no ku\u0146\u0123a un nov\u0113r\u0161 to veido\u0161anos    Sast\u0101vda\u013cas pal\u012bdz izvad\u012bt no organisma toks\u012bnus    Omega-3 un Omega-6 pal\u012bdz uztur\u0113t vesel\u012bgu \u0101du un apmatojumu, k\u0101 ar\u012b stiprina im\u016bnsist\u0113mu   Sast\u0101vs: Tauki, piens un piena produkti, augu izcelsmes produkti (iesala ekstrakts 13 %), inaktiv\u0113ts raugs, mannanoligosahar\u012bdi (MOS) 10 000 mg\/kg. Anal\u012btiskais sast\u0101vs: Olbaltumvielas 12 %, kop\u0161\u0137iedra 0,078 %, tauki 54 %, Omega-3 3,234 %, Omega-6 24,95 %, pelni 3,4 %, mitrums 2,1 %, kalcijs 0,42 %, fosfors 0,35 %, n\u0101trijs 0,35 %, magnijs 0,035 %, k\u0101lijs 0,5 %, \u03b1-linol\u0113nsk\u0101be 3,2 %, linolsk\u0101be 25 %, \u03b3-linol\u0113nsk\u0101be 0,28 %. Ra\u017eot\u0101js: Beaphar B.V., N\u012bderlande.\" \/>\n<meta property=\"og:url\" content=\"https:\/\/miumjau.ee\/lv\/produkts\/beaphar-maltose-pasta-pret-spalvu-kamoliem-25-g\/\" \/>\n<meta property=\"og:site_name\" content=\"MiuMjau\" \/>\n<meta property=\"article:publisher\" content=\"https:\/\/www.facebook.com\/miumjaupood\/\" \/>\n<meta property=\"article:modified_time\" content=\"2026-01-07T19:16:58+00:00\" \/>\n<meta property=\"og:image\" content=\"https:\/\/miumjau.ee\/wp-content\/uploads\/2025\/07\/beaphar-kassidele-koertele22.jpg\" \/>\n\t<meta property=\"og:image:width\" content=\"600\" \/>\n\t<meta property=\"og:image:height\" content=\"800\" \/>\n\t<meta property=\"og:image:type\" content=\"image\/jpeg\" \/>\n<meta name=\"twitter:card\" content=\"summary_large_image\" \/>\n<script type=\"application\/ld+json\" class=\"yoast-schema-graph\">{\"@context\":\"https:\\\/\\\/schema.org\",\"@graph\":[{\"@type\":\"WebPage\",\"@id\":\"https:\\\/\\\/miumjau.ee\\\/lv\\\/produkts\\\/beaphar-maltose-pasta-pret-spalvu-kamoliem-25-g\\\/\",\"url\":\"https:\\\/\\\/miumjau.ee\\\/lv\\\/produkts\\\/beaphar-maltose-pasta-pret-spalvu-kamoliem-25-g\\\/\",\"name\":\"Beaphar Maltose pasta pret spalvu kamoliem 25 g - MiuMjau\",\"isPartOf\":{\"@id\":\"https:\\\/\\\/miumjau.ee\\\/#website\"},\"primaryImageOfPage\":{\"@id\":\"https:\\\/\\\/miumjau.ee\\\/lv\\\/produkts\\\/beaphar-maltose-pasta-pret-spalvu-kamoliem-25-g\\\/#primaryimage\"},\"image\":{\"@id\":\"https:\\\/\\\/miumjau.ee\\\/lv\\\/produkts\\\/beaphar-maltose-pasta-pret-spalvu-kamoliem-25-g\\\/#primaryimage\"},\"thumbnailUrl\":\"https:\\\/\\\/miumjau.ee\\\/wp-content\\\/uploads\\\/2025\\\/07\\\/beaphar-kassidele-koertele22.jpg\",\"datePublished\":\"2025-07-29T11:02:05+00:00\",\"dateModified\":\"2026-01-07T19:16:58+00:00\",\"breadcrumb\":{\"@id\":\"https:\\\/\\\/miumjau.ee\\\/lv\\\/produkts\\\/beaphar-maltose-pasta-pret-spalvu-kamoliem-25-g\\\/#breadcrumb\"},\"inLanguage\":\"lv-LV\",\"potentialAction\":[{\"@type\":\"ReadAction\",\"target\":[\"https:\\\/\\\/miumjau.ee\\\/lv\\\/produkts\\\/beaphar-maltose-pasta-pret-spalvu-kamoliem-25-g\\\/\"]}]},{\"@type\":\"ImageObject\",\"inLanguage\":\"lv-LV\",\"@id\":\"https:\\\/\\\/miumjau.ee\\\/lv\\\/produkts\\\/beaphar-maltose-pasta-pret-spalvu-kamoliem-25-g\\\/#primaryimage\",\"url\":\"https:\\\/\\\/miumjau.ee\\\/wp-content\\\/uploads\\\/2025\\\/07\\\/beaphar-kassidele-koertele22.jpg\",\"contentUrl\":\"https:\\\/\\\/miumjau.ee\\\/wp-content\\\/uploads\\\/2025\\\/07\\\/beaphar-kassidele-koertele22.jpg\",\"width\":600,\"height\":800},{\"@type\":\"BreadcrumbList\",\"@id\":\"https:\\\/\\\/miumjau.ee\\\/lv\\\/produkts\\\/beaphar-maltose-pasta-pret-spalvu-kamoliem-25-g\\\/#breadcrumb\",\"itemListElement\":[{\"@type\":\"ListItem\",\"position\":1,\"name\":\"Home\",\"item\":\"https:\\\/\\\/miumjau.ee\\\/lv\\\/\"},{\"@type\":\"ListItem\",\"position\":2,\"name\":\"Veikals\",\"item\":\"https:\\\/\\\/miumjau.ee\\\/lv\\\/veikals\\\/\"},{\"@type\":\"ListItem\",\"position\":3,\"name\":\"Beaphar Maltose pasta pret spalvu kamoliem 25 g\"}]},{\"@type\":\"WebSite\",\"@id\":\"https:\\\/\\\/miumjau.ee\\\/#website\",\"url\":\"https:\\\/\\\/miumjau.ee\\\/\",\"name\":\"MiuMjau\",\"description\":\"Kraapimispuud kassidele\",\"publisher\":{\"@id\":\"https:\\\/\\\/miumjau.ee\\\/#organization\"},\"potentialAction\":[{\"@type\":\"SearchAction\",\"target\":{\"@type\":\"EntryPoint\",\"urlTemplate\":\"https:\\\/\\\/miumjau.ee\\\/?s={search_term_string}\"},\"query-input\":{\"@type\":\"PropertyValueSpecification\",\"valueRequired\":true,\"valueName\":\"search_term_string\"}}],\"inLanguage\":\"lv-LV\"},{\"@type\":\"Organization\",\"@id\":\"https:\\\/\\\/miumjau.ee\\\/#organization\",\"name\":\"MiuMjau O\u00dc\",\"url\":\"https:\\\/\\\/miumjau.ee\\\/\",\"logo\":{\"@type\":\"ImageObject\",\"inLanguage\":\"lv-LV\",\"@id\":\"https:\\\/\\\/miumjau.ee\\\/#\\\/schema\\\/logo\\\/image\\\/\",\"url\":\"https:\\\/\\\/miumjau.ee\\\/wp-content\\\/uploads\\\/2022\\\/04\\\/MiuMjau-logo-kollane.png\",\"contentUrl\":\"https:\\\/\\\/miumjau.ee\\\/wp-content\\\/uploads\\\/2022\\\/04\\\/MiuMjau-logo-kollane.png\",\"width\":219,\"height\":100,\"caption\":\"MiuMjau O\u00dc\"},\"image\":{\"@id\":\"https:\\\/\\\/miumjau.ee\\\/#\\\/schema\\\/logo\\\/image\\\/\"},\"sameAs\":[\"https:\\\/\\\/www.facebook.com\\\/miumjaupood\\\/\"]}]}<\/script>\n<!-- \/ Yoast SEO plugin. -->","yoast_head_json":{"title":"Beaphar Maltose pasta pret spalvu kamoliem 25 g - MiuMjau","robots":{"index":"index","follow":"follow","max-snippet":"max-snippet:-1","max-image-preview":"max-image-preview:large","max-video-preview":"max-video-preview:-1"},"canonical":"https:\/\/miumjau.ee\/lv\/produkts\/beaphar-maltose-pasta-pret-spalvu-kamoliem-25-g\/","og_locale":"lv_LV","og_type":"article","og_title":"Beaphar Maltose pasta pret spalvu kamoliem 25 g - MiuMjau","og_description":"Gar\u0161\u012bga un vesel\u012bga pasta ar iesala ekstraktu pieaugu\u0161iem ka\u0137iem un ka\u0137\u0113niem no 3 m\u0113ne\u0161u vecuma.     Pal\u012bdz izvad\u012bt nor\u012btos spalvu kamolus no ku\u0146\u0123a un nov\u0113r\u0161 to veido\u0161anos    Sast\u0101vda\u013cas pal\u012bdz izvad\u012bt no organisma toks\u012bnus    Omega-3 un Omega-6 pal\u012bdz uztur\u0113t vesel\u012bgu \u0101du un apmatojumu, k\u0101 ar\u012b stiprina im\u016bnsist\u0113mu   Sast\u0101vs: Tauki, piens un piena produkti, augu izcelsmes produkti (iesala ekstrakts 13 %), inaktiv\u0113ts raugs, mannanoligosahar\u012bdi (MOS) 10 000 mg\/kg. Anal\u012btiskais sast\u0101vs: Olbaltumvielas 12 %, kop\u0161\u0137iedra 0,078 %, tauki 54 %, Omega-3 3,234 %, Omega-6 24,95 %, pelni 3,4 %, mitrums 2,1 %, kalcijs 0,42 %, fosfors 0,35 %, n\u0101trijs 0,35 %, magnijs 0,035 %, k\u0101lijs 0,5 %, \u03b1-linol\u0113nsk\u0101be 3,2 %, linolsk\u0101be 25 %, \u03b3-linol\u0113nsk\u0101be 0,28 %. Ra\u017eot\u0101js: Beaphar B.V., N\u012bderlande.","og_url":"https:\/\/miumjau.ee\/lv\/produkts\/beaphar-maltose-pasta-pret-spalvu-kamoliem-25-g\/","og_site_name":"MiuMjau","article_publisher":"https:\/\/www.facebook.com\/miumjaupood\/","article_modified_time":"2026-01-07T19:16:58+00:00","og_image":[{"width":600,"height":800,"url":"https:\/\/miumjau.ee\/wp-content\/uploads\/2025\/07\/beaphar-kassidele-koertele22.jpg","type":"image\/jpeg"}],"twitter_card":"summary_large_image","schema":{"@context":"https:\/\/schema.org","@graph":[{"@type":"WebPage","@id":"https:\/\/miumjau.ee\/lv\/produkts\/beaphar-maltose-pasta-pret-spalvu-kamoliem-25-g\/","url":"https:\/\/miumjau.ee\/lv\/produkts\/beaphar-maltose-pasta-pret-spalvu-kamoliem-25-g\/","name":"Beaphar Maltose pasta pret spalvu kamoliem 25 g - MiuMjau","isPartOf":{"@id":"https:\/\/miumjau.ee\/#website"},"primaryImageOfPage":{"@id":"https:\/\/miumjau.ee\/lv\/produkts\/beaphar-maltose-pasta-pret-spalvu-kamoliem-25-g\/#primaryimage"},"image":{"@id":"https:\/\/miumjau.ee\/lv\/produkts\/beaphar-maltose-pasta-pret-spalvu-kamoliem-25-g\/#primaryimage"},"thumbnailUrl":"https:\/\/miumjau.ee\/wp-content\/uploads\/2025\/07\/beaphar-kassidele-koertele22.jpg","datePublished":"2025-07-29T11:02:05+00:00","dateModified":"2026-01-07T19:16:58+00:00","breadcrumb":{"@id":"https:\/\/miumjau.ee\/lv\/produkts\/beaphar-maltose-pasta-pret-spalvu-kamoliem-25-g\/#breadcrumb"},"inLanguage":"lv-LV","potentialAction":[{"@type":"ReadAction","target":["https:\/\/miumjau.ee\/lv\/produkts\/beaphar-maltose-pasta-pret-spalvu-kamoliem-25-g\/"]}]},{"@type":"ImageObject","inLanguage":"lv-LV","@id":"https:\/\/miumjau.ee\/lv\/produkts\/beaphar-maltose-pasta-pret-spalvu-kamoliem-25-g\/#primaryimage","url":"https:\/\/miumjau.ee\/wp-content\/uploads\/2025\/07\/beaphar-kassidele-koertele22.jpg","contentUrl":"https:\/\/miumjau.ee\/wp-content\/uploads\/2025\/07\/beaphar-kassidele-koertele22.jpg","width":600,"height":800},{"@type":"BreadcrumbList","@id":"https:\/\/miumjau.ee\/lv\/produkts\/beaphar-maltose-pasta-pret-spalvu-kamoliem-25-g\/#breadcrumb","itemListElement":[{"@type":"ListItem","position":1,"name":"Home","item":"https:\/\/miumjau.ee\/lv\/"},{"@type":"ListItem","position":2,"name":"Veikals","item":"https:\/\/miumjau.ee\/lv\/veikals\/"},{"@type":"ListItem","position":3,"name":"Beaphar Maltose pasta pret spalvu kamoliem 25 g"}]},{"@type":"WebSite","@id":"https:\/\/miumjau.ee\/#website","url":"https:\/\/miumjau.ee\/","name":"MiuMjau","description":"Kraapimispuud kassidele","publisher":{"@id":"https:\/\/miumjau.ee\/#organization"},"potentialAction":[{"@type":"SearchAction","target":{"@type":"EntryPoint","urlTemplate":"https:\/\/miumjau.ee\/?s={search_term_string}"},"query-input":{"@type":"PropertyValueSpecification","valueRequired":true,"valueName":"search_term_string"}}],"inLanguage":"lv-LV"},{"@type":"Organization","@id":"https:\/\/miumjau.ee\/#organization","name":"MiuMjau O\u00dc","url":"https:\/\/miumjau.ee\/","logo":{"@type":"ImageObject","inLanguage":"lv-LV","@id":"https:\/\/miumjau.ee\/#\/schema\/logo\/image\/","url":"https:\/\/miumjau.ee\/wp-content\/uploads\/2022\/04\/MiuMjau-logo-kollane.png","contentUrl":"https:\/\/miumjau.ee\/wp-content\/uploads\/2022\/04\/MiuMjau-logo-kollane.png","width":219,"height":100,"caption":"MiuMjau O\u00dc"},"image":{"@id":"https:\/\/miumjau.ee\/#\/schema\/logo\/image\/"},"sameAs":["https:\/\/www.facebook.com\/miumjaupood\/"]}]}},"_links":{"self":[{"href":"https:\/\/miumjau.ee\/lv\/wp-json\/wp\/v2\/product\/49082","targetHints":{"allow":["GET"]}}],"collection":[{"href":"https:\/\/miumjau.ee\/lv\/wp-json\/wp\/v2\/product"}],"about":[{"href":"https:\/\/miumjau.ee\/lv\/wp-json\/wp\/v2\/types\/product"}],"wp:featuredmedia":[{"embeddable":true,"href":"https:\/\/miumjau.ee\/lv\/wp-json\/wp\/v2\/media\/49083"}],"wp:attachment":[{"href":"https:\/\/miumjau.ee\/lv\/wp-json\/wp\/v2\/media?parent=49082"}],"wp:term":[{"taxonomy":"product_brand","embeddable":true,"href":"https:\/\/miumjau.ee\/lv\/wp-json\/wp\/v2\/product_brand?post=49082"},{"taxonomy":"product_cat","embeddable":true,"href":"https:\/\/miumjau.ee\/lv\/wp-json\/wp\/v2\/product_cat?post=49082"},{"taxonomy":"product_tag","embeddable":true,"href":"https:\/\/miumjau.ee\/lv\/wp-json\/wp\/v2\/product_tag?post=49082"}],"curies":[{"name":"wp","href":"https:\/\/api.w.org\/{rel}","templated":true}]}}