{"id":49076,"date":"2025-07-29T14:22:19","date_gmt":"2025-07-29T11:22:19","guid":{"rendered":"https:\/\/miumjau.ee\/toode\/beaphar-malt-bits-karumi-pret-spalvu-kamoliem-35-g\/"},"modified":"2026-01-07T21:16:58","modified_gmt":"2026-01-07T19:16:58","slug":"beaphar-malt-bits-karumi-pret-spalvu-kamoliem-35-g","status":"publish","type":"product","link":"https:\/\/miumjau.ee\/lv\/produkts\/beaphar-malt-bits-karumi-pret-spalvu-kamoliem-35-g\/","title":{"rendered":"Beaphar Malt Bits k\u0101rumi pret spalvu kamoliem 35 g"},"content":{"rendered":"","protected":false},"excerpt":{"rendered":"<p data-start=\"2263\" data-end=\"2552\">Malt Bits ir krauk\u0161\u0137\u012bgi, spilventi\u0146u formas k\u0101rumi ar gardu un vesel\u012bgu iesala pastu, paredz\u0113ti ka\u0137iem un ka\u0137\u0113niem. Produkts pal\u012bdz nov\u0113rst spalvu kamolu veido\u0161anos ku\u0146\u0123\u012b un veicina nor\u012bto spalvu dabisku izvad\u012b\u0161anu caur gremo\u0161anas traktu.<br data-start=\"2501\" data-end=\"2504\" \/><strong data-start=\"2504\" data-end=\"2521\">Akt\u012bv\u0101 viela:<\/strong> iesala ekstrakts, vismaz 20 %.<\/p>\n<p data-start=\"2554\" data-end=\"2650\"><strong data-start=\"2554\" data-end=\"2564\">Devas:<\/strong> 5\u201310 gabali\u0146i dien\u0101 profilaksei vai 10\u201320 gabali\u0146i dien\u0101 3 ned\u0113\u013cas intens\u012bvam kursam.<\/p>\n<p data-start=\"2652\" data-end=\"2830\"><strong data-start=\"2652\" data-end=\"2664\">Sast\u0101vs:<\/strong> Graudaugi, augu izcelsmes produkti (MOS 0,12 %, iesala ekstrakts 1,62 %), e\u013c\u013cas un tauki, piena produkti, raugs, ga\u013ca un dz\u012bvnieku izcelsmes produkti, miner\u0101lvielas.<\/p>\n<p data-start=\"2832\" data-end=\"3026\"><strong data-start=\"2832\" data-end=\"2857\">Anal\u012btiskais sast\u0101vs:<\/strong> Kopprote\u012bns 32,1 %, mitrums 8,5 %, kop\u0113jie tauki 8,4 %, koppelni 3,6 %, kop\u0161\u0137iedra 2,8 %, k\u0101lijs 0,68 %, fosfors 0,55 %, n\u0101trijs 0,14 %, magnijs 0,14 %, kalcijs 0,09 %.<\/p>\n<p data-start=\"3028\" data-end=\"3146\"><strong data-start=\"3028\" data-end=\"3044\">Uzglab\u0101\u0161ana:<\/strong> Uzglab\u0101t saus\u0101 viet\u0101 istabas temperat\u016br\u0101. Der\u012bguma termi\u0146\u0161 un partijas numurs nor\u0101d\u012bts uz iepakojuma.<\/p>\n<p data-start=\"3148\" data-end=\"3182\"><strong data-start=\"3148\" data-end=\"3161\">Ra\u017eot\u0101js:<\/strong> Beaphar, N\u012bderlande.<\/p>\n","protected":false},"featured_media":49077,"template":"","meta":[],"product_brand":[],"product_cat":[570],"product_tag":[],"class_list":{"0":"post-49076","1":"product","2":"type-product","3":"status-publish","4":"has-post-thumbnail","6":"product_cat-naski","8":"first","9":"instock","10":"taxable","11":"shipping-taxable","12":"purchasable","13":"product-type-simple"},"yoast_head":"<!-- This site is optimized with the Yoast SEO plugin v27.2 - https:\/\/yoast.com\/product\/yoast-seo-wordpress\/ -->\n<title>Beaphar Malt Bits k\u0101rumi pret spalvu kamoliem 35 g - MiuMjau<\/title>\n<meta name=\"robots\" content=\"index, follow, max-snippet:-1, max-image-preview:large, max-video-preview:-1\" \/>\n<link rel=\"canonical\" href=\"https:\/\/miumjau.ee\/lv\/produkts\/beaphar-malt-bits-karumi-pret-spalvu-kamoliem-35-g\/\" \/>\n<meta property=\"og:locale\" content=\"lv_LV\" \/>\n<meta property=\"og:type\" content=\"article\" \/>\n<meta property=\"og:title\" content=\"Beaphar Malt Bits k\u0101rumi pret spalvu kamoliem 35 g - MiuMjau\" \/>\n<meta property=\"og:description\" content=\"Malt Bits ir krauk\u0161\u0137\u012bgi, spilventi\u0146u formas k\u0101rumi ar gardu un vesel\u012bgu iesala pastu, paredz\u0113ti ka\u0137iem un ka\u0137\u0113niem. Produkts pal\u012bdz nov\u0113rst spalvu kamolu veido\u0161anos ku\u0146\u0123\u012b un veicina nor\u012bto spalvu dabisku izvad\u012b\u0161anu caur gremo\u0161anas traktu.Akt\u012bv\u0101 viela: iesala ekstrakts, vismaz 20 %. Devas: 5\u201310 gabali\u0146i dien\u0101 profilaksei vai 10\u201320 gabali\u0146i dien\u0101 3 ned\u0113\u013cas intens\u012bvam kursam. Sast\u0101vs: Graudaugi, augu izcelsmes produkti (MOS 0,12 %, iesala ekstrakts 1,62 %), e\u013c\u013cas un tauki, piena produkti, raugs, ga\u013ca un dz\u012bvnieku izcelsmes produkti, miner\u0101lvielas. Anal\u012btiskais sast\u0101vs: Kopprote\u012bns 32,1 %, mitrums 8,5 %, kop\u0113jie tauki 8,4 %, koppelni 3,6 %, kop\u0161\u0137iedra 2,8 %, k\u0101lijs 0,68 %, fosfors 0,55 %, n\u0101trijs 0,14 %, magnijs 0,14 %, kalcijs 0,09 %. Uzglab\u0101\u0161ana: Uzglab\u0101t saus\u0101 viet\u0101 istabas temperat\u016br\u0101. Der\u012bguma termi\u0146\u0161 un partijas numurs nor\u0101d\u012bts uz iepakojuma. Ra\u017eot\u0101js: Beaphar, N\u012bderlande.\" \/>\n<meta property=\"og:url\" content=\"https:\/\/miumjau.ee\/lv\/produkts\/beaphar-malt-bits-karumi-pret-spalvu-kamoliem-35-g\/\" \/>\n<meta property=\"og:site_name\" content=\"MiuMjau\" \/>\n<meta property=\"article:publisher\" content=\"https:\/\/www.facebook.com\/miumjaupood\/\" \/>\n<meta property=\"article:modified_time\" content=\"2026-01-07T19:16:58+00:00\" \/>\n<meta property=\"og:image\" content=\"https:\/\/miumjau.ee\/wp-content\/uploads\/2025\/07\/beaphar-kassidele-koertele27.jpg\" \/>\n\t<meta property=\"og:image:width\" content=\"600\" \/>\n\t<meta property=\"og:image:height\" content=\"800\" \/>\n\t<meta property=\"og:image:type\" content=\"image\/jpeg\" \/>\n<meta name=\"twitter:card\" content=\"summary_large_image\" \/>\n<script type=\"application\/ld+json\" class=\"yoast-schema-graph\">{\"@context\":\"https:\/\/schema.org\",\"@graph\":[{\"@type\":\"WebPage\",\"@id\":\"https:\/\/miumjau.ee\/lv\/produkts\/beaphar-malt-bits-karumi-pret-spalvu-kamoliem-35-g\/\",\"url\":\"https:\/\/miumjau.ee\/lv\/produkts\/beaphar-malt-bits-karumi-pret-spalvu-kamoliem-35-g\/\",\"name\":\"Beaphar Malt Bits k\u0101rumi pret spalvu kamoliem 35 g - MiuMjau\",\"isPartOf\":{\"@id\":\"https:\/\/miumjau.ee\/#website\"},\"primaryImageOfPage\":{\"@id\":\"https:\/\/miumjau.ee\/lv\/produkts\/beaphar-malt-bits-karumi-pret-spalvu-kamoliem-35-g\/#primaryimage\"},\"image\":{\"@id\":\"https:\/\/miumjau.ee\/lv\/produkts\/beaphar-malt-bits-karumi-pret-spalvu-kamoliem-35-g\/#primaryimage\"},\"thumbnailUrl\":\"https:\/\/miumjau.ee\/wp-content\/uploads\/2025\/07\/beaphar-kassidele-koertele27.jpg\",\"datePublished\":\"2025-07-29T11:22:19+00:00\",\"dateModified\":\"2026-01-07T19:16:58+00:00\",\"breadcrumb\":{\"@id\":\"https:\/\/miumjau.ee\/lv\/produkts\/beaphar-malt-bits-karumi-pret-spalvu-kamoliem-35-g\/#breadcrumb\"},\"inLanguage\":\"lv-LV\",\"potentialAction\":[{\"@type\":\"ReadAction\",\"target\":[\"https:\/\/miumjau.ee\/lv\/produkts\/beaphar-malt-bits-karumi-pret-spalvu-kamoliem-35-g\/\"]}]},{\"@type\":\"ImageObject\",\"inLanguage\":\"lv-LV\",\"@id\":\"https:\/\/miumjau.ee\/lv\/produkts\/beaphar-malt-bits-karumi-pret-spalvu-kamoliem-35-g\/#primaryimage\",\"url\":\"https:\/\/miumjau.ee\/wp-content\/uploads\/2025\/07\/beaphar-kassidele-koertele27.jpg\",\"contentUrl\":\"https:\/\/miumjau.ee\/wp-content\/uploads\/2025\/07\/beaphar-kassidele-koertele27.jpg\",\"width\":600,\"height\":800},{\"@type\":\"BreadcrumbList\",\"@id\":\"https:\/\/miumjau.ee\/lv\/produkts\/beaphar-malt-bits-karumi-pret-spalvu-kamoliem-35-g\/#breadcrumb\",\"itemListElement\":[{\"@type\":\"ListItem\",\"position\":1,\"name\":\"Home\",\"item\":\"https:\/\/miumjau.ee\/lv\/\"},{\"@type\":\"ListItem\",\"position\":2,\"name\":\"Veikals\",\"item\":\"https:\/\/miumjau.ee\/lv\/veikals\/\"},{\"@type\":\"ListItem\",\"position\":3,\"name\":\"Beaphar Malt Bits k\u0101rumi pret spalvu kamoliem 35 g\"}]},{\"@type\":\"WebSite\",\"@id\":\"https:\/\/miumjau.ee\/#website\",\"url\":\"https:\/\/miumjau.ee\/\",\"name\":\"MiuMjau\",\"description\":\"Kraapimispuud kassidele\",\"publisher\":{\"@id\":\"https:\/\/miumjau.ee\/#organization\"},\"potentialAction\":[{\"@type\":\"SearchAction\",\"target\":{\"@type\":\"EntryPoint\",\"urlTemplate\":\"https:\/\/miumjau.ee\/?s={search_term_string}\"},\"query-input\":{\"@type\":\"PropertyValueSpecification\",\"valueRequired\":true,\"valueName\":\"search_term_string\"}}],\"inLanguage\":\"lv-LV\"},{\"@type\":\"Organization\",\"@id\":\"https:\/\/miumjau.ee\/#organization\",\"name\":\"MiuMjau O\u00dc\",\"url\":\"https:\/\/miumjau.ee\/\",\"logo\":{\"@type\":\"ImageObject\",\"inLanguage\":\"lv-LV\",\"@id\":\"https:\/\/miumjau.ee\/#\/schema\/logo\/image\/\",\"url\":\"https:\/\/miumjau.ee\/wp-content\/uploads\/2022\/04\/MiuMjau-logo-kollane.png\",\"contentUrl\":\"https:\/\/miumjau.ee\/wp-content\/uploads\/2022\/04\/MiuMjau-logo-kollane.png\",\"width\":219,\"height\":100,\"caption\":\"MiuMjau O\u00dc\"},\"image\":{\"@id\":\"https:\/\/miumjau.ee\/#\/schema\/logo\/image\/\"},\"sameAs\":[\"https:\/\/www.facebook.com\/miumjaupood\/\"]}]}<\/script>\n<!-- \/ Yoast SEO plugin. -->","yoast_head_json":{"title":"Beaphar Malt Bits k\u0101rumi pret spalvu kamoliem 35 g - MiuMjau","robots":{"index":"index","follow":"follow","max-snippet":"max-snippet:-1","max-image-preview":"max-image-preview:large","max-video-preview":"max-video-preview:-1"},"canonical":"https:\/\/miumjau.ee\/lv\/produkts\/beaphar-malt-bits-karumi-pret-spalvu-kamoliem-35-g\/","og_locale":"lv_LV","og_type":"article","og_title":"Beaphar Malt Bits k\u0101rumi pret spalvu kamoliem 35 g - MiuMjau","og_description":"Malt Bits ir krauk\u0161\u0137\u012bgi, spilventi\u0146u formas k\u0101rumi ar gardu un vesel\u012bgu iesala pastu, paredz\u0113ti ka\u0137iem un ka\u0137\u0113niem. Produkts pal\u012bdz nov\u0113rst spalvu kamolu veido\u0161anos ku\u0146\u0123\u012b un veicina nor\u012bto spalvu dabisku izvad\u012b\u0161anu caur gremo\u0161anas traktu.Akt\u012bv\u0101 viela: iesala ekstrakts, vismaz 20 %. Devas: 5\u201310 gabali\u0146i dien\u0101 profilaksei vai 10\u201320 gabali\u0146i dien\u0101 3 ned\u0113\u013cas intens\u012bvam kursam. Sast\u0101vs: Graudaugi, augu izcelsmes produkti (MOS 0,12 %, iesala ekstrakts 1,62 %), e\u013c\u013cas un tauki, piena produkti, raugs, ga\u013ca un dz\u012bvnieku izcelsmes produkti, miner\u0101lvielas. Anal\u012btiskais sast\u0101vs: Kopprote\u012bns 32,1 %, mitrums 8,5 %, kop\u0113jie tauki 8,4 %, koppelni 3,6 %, kop\u0161\u0137iedra 2,8 %, k\u0101lijs 0,68 %, fosfors 0,55 %, n\u0101trijs 0,14 %, magnijs 0,14 %, kalcijs 0,09 %. Uzglab\u0101\u0161ana: Uzglab\u0101t saus\u0101 viet\u0101 istabas temperat\u016br\u0101. Der\u012bguma termi\u0146\u0161 un partijas numurs nor\u0101d\u012bts uz iepakojuma. Ra\u017eot\u0101js: Beaphar, N\u012bderlande.","og_url":"https:\/\/miumjau.ee\/lv\/produkts\/beaphar-malt-bits-karumi-pret-spalvu-kamoliem-35-g\/","og_site_name":"MiuMjau","article_publisher":"https:\/\/www.facebook.com\/miumjaupood\/","article_modified_time":"2026-01-07T19:16:58+00:00","og_image":[{"width":600,"height":800,"url":"https:\/\/miumjau.ee\/wp-content\/uploads\/2025\/07\/beaphar-kassidele-koertele27.jpg","type":"image\/jpeg"}],"twitter_card":"summary_large_image","schema":{"@context":"https:\/\/schema.org","@graph":[{"@type":"WebPage","@id":"https:\/\/miumjau.ee\/lv\/produkts\/beaphar-malt-bits-karumi-pret-spalvu-kamoliem-35-g\/","url":"https:\/\/miumjau.ee\/lv\/produkts\/beaphar-malt-bits-karumi-pret-spalvu-kamoliem-35-g\/","name":"Beaphar Malt Bits k\u0101rumi pret spalvu kamoliem 35 g - MiuMjau","isPartOf":{"@id":"https:\/\/miumjau.ee\/#website"},"primaryImageOfPage":{"@id":"https:\/\/miumjau.ee\/lv\/produkts\/beaphar-malt-bits-karumi-pret-spalvu-kamoliem-35-g\/#primaryimage"},"image":{"@id":"https:\/\/miumjau.ee\/lv\/produkts\/beaphar-malt-bits-karumi-pret-spalvu-kamoliem-35-g\/#primaryimage"},"thumbnailUrl":"https:\/\/miumjau.ee\/wp-content\/uploads\/2025\/07\/beaphar-kassidele-koertele27.jpg","datePublished":"2025-07-29T11:22:19+00:00","dateModified":"2026-01-07T19:16:58+00:00","breadcrumb":{"@id":"https:\/\/miumjau.ee\/lv\/produkts\/beaphar-malt-bits-karumi-pret-spalvu-kamoliem-35-g\/#breadcrumb"},"inLanguage":"lv-LV","potentialAction":[{"@type":"ReadAction","target":["https:\/\/miumjau.ee\/lv\/produkts\/beaphar-malt-bits-karumi-pret-spalvu-kamoliem-35-g\/"]}]},{"@type":"ImageObject","inLanguage":"lv-LV","@id":"https:\/\/miumjau.ee\/lv\/produkts\/beaphar-malt-bits-karumi-pret-spalvu-kamoliem-35-g\/#primaryimage","url":"https:\/\/miumjau.ee\/wp-content\/uploads\/2025\/07\/beaphar-kassidele-koertele27.jpg","contentUrl":"https:\/\/miumjau.ee\/wp-content\/uploads\/2025\/07\/beaphar-kassidele-koertele27.jpg","width":600,"height":800},{"@type":"BreadcrumbList","@id":"https:\/\/miumjau.ee\/lv\/produkts\/beaphar-malt-bits-karumi-pret-spalvu-kamoliem-35-g\/#breadcrumb","itemListElement":[{"@type":"ListItem","position":1,"name":"Home","item":"https:\/\/miumjau.ee\/lv\/"},{"@type":"ListItem","position":2,"name":"Veikals","item":"https:\/\/miumjau.ee\/lv\/veikals\/"},{"@type":"ListItem","position":3,"name":"Beaphar Malt Bits k\u0101rumi pret spalvu kamoliem 35 g"}]},{"@type":"WebSite","@id":"https:\/\/miumjau.ee\/#website","url":"https:\/\/miumjau.ee\/","name":"MiuMjau","description":"Kraapimispuud kassidele","publisher":{"@id":"https:\/\/miumjau.ee\/#organization"},"potentialAction":[{"@type":"SearchAction","target":{"@type":"EntryPoint","urlTemplate":"https:\/\/miumjau.ee\/?s={search_term_string}"},"query-input":{"@type":"PropertyValueSpecification","valueRequired":true,"valueName":"search_term_string"}}],"inLanguage":"lv-LV"},{"@type":"Organization","@id":"https:\/\/miumjau.ee\/#organization","name":"MiuMjau O\u00dc","url":"https:\/\/miumjau.ee\/","logo":{"@type":"ImageObject","inLanguage":"lv-LV","@id":"https:\/\/miumjau.ee\/#\/schema\/logo\/image\/","url":"https:\/\/miumjau.ee\/wp-content\/uploads\/2022\/04\/MiuMjau-logo-kollane.png","contentUrl":"https:\/\/miumjau.ee\/wp-content\/uploads\/2022\/04\/MiuMjau-logo-kollane.png","width":219,"height":100,"caption":"MiuMjau O\u00dc"},"image":{"@id":"https:\/\/miumjau.ee\/#\/schema\/logo\/image\/"},"sameAs":["https:\/\/www.facebook.com\/miumjaupood\/"]}]}},"_links":{"self":[{"href":"https:\/\/miumjau.ee\/lv\/wp-json\/wp\/v2\/product\/49076","targetHints":{"allow":["GET"]}}],"collection":[{"href":"https:\/\/miumjau.ee\/lv\/wp-json\/wp\/v2\/product"}],"about":[{"href":"https:\/\/miumjau.ee\/lv\/wp-json\/wp\/v2\/types\/product"}],"wp:featuredmedia":[{"embeddable":true,"href":"https:\/\/miumjau.ee\/lv\/wp-json\/wp\/v2\/media\/49077"}],"wp:attachment":[{"href":"https:\/\/miumjau.ee\/lv\/wp-json\/wp\/v2\/media?parent=49076"}],"wp:term":[{"taxonomy":"product_brand","embeddable":true,"href":"https:\/\/miumjau.ee\/lv\/wp-json\/wp\/v2\/product_brand?post=49076"},{"taxonomy":"product_cat","embeddable":true,"href":"https:\/\/miumjau.ee\/lv\/wp-json\/wp\/v2\/product_cat?post=49076"},{"taxonomy":"product_tag","embeddable":true,"href":"https:\/\/miumjau.ee\/lv\/wp-json\/wp\/v2\/product_tag?post=49076"}],"curies":[{"name":"wp","href":"https:\/\/api.w.org\/{rel}","templated":true}]}}