{"id":49070,"date":"2025-07-29T14:56:20","date_gmt":"2025-07-29T11:56:20","guid":{"rendered":"https:\/\/miumjau.ee\/toode\/beaphar-cat-a-dent-bits-karumi-kakiem-35-g\/"},"modified":"2026-01-07T21:16:58","modified_gmt":"2026-01-07T19:16:58","slug":"beaphar-cat-a-dent-bits-karumi-kakiem-35-g","status":"publish","type":"product","link":"https:\/\/miumjau.ee\/lv\/produkts\/beaphar-cat-a-dent-bits-karumi-kakiem-35-g\/","title":{"rendered":"Beaphar Cat-A-Dent Bits k\u0101rumi ka\u0137iem 35 g"},"content":{"rendered":"","protected":false},"excerpt":{"rendered":"<p data-start=\"2059\" data-end=\"2174\">Cat-A-Dent Bits ir krauk\u0161\u0137\u012bgi, spilventi\u0146u formas ka\u0137u k\u0101rumi, kas izstr\u0101d\u0101ti, lai uztur\u0113tu zobus t\u012brus un veselus.<\/p>\n<p data-start=\"2176\" data-end=\"2352\">K\u0101rums stiprina un pul\u0113 zobu emalju, k\u0101 ar\u012b aizsarg\u0101 pret boj\u0101jumiem un zobu aplikumu. Satur hlorofilu, kas pal\u012bdz nov\u0113rst nepat\u012bkamu smaku un atsvaidzina elpu. Lieliska gar\u0161a.<\/p>\n<ul data-start=\"2354\" data-end=\"2470\">\n<li data-start=\"2354\" data-end=\"2384\">\n<p data-start=\"2356\" data-end=\"2384\">Pal\u012bdz uztur\u0113t zobus t\u012brus<\/p>\n<\/li>\n<li data-start=\"2385\" data-end=\"2430\">\n<p data-start=\"2387\" data-end=\"2430\">Stiprina emalju un aizsarg\u0101 pret aplikumu<\/p>\n<\/li>\n<li data-start=\"2431\" data-end=\"2451\">\n<p data-start=\"2433\" data-end=\"2451\">Atsvaidzina muti<\/p>\n<\/li>\n<li data-start=\"2452\" data-end=\"2470\">\n<p data-start=\"2454\" data-end=\"2470\">Lieliska gar\u0161a<\/p>\n<\/li>\n<\/ul>\n<p data-start=\"2472\" data-end=\"2506\"><strong data-start=\"2472\" data-end=\"2485\">Ra\u017eot\u0101js:<\/strong> Beaphar, N\u012bderlande.<\/p>\n<p data-start=\"2508\" data-end=\"2615\"><strong data-start=\"2508\" data-end=\"2520\">Sast\u0101vs:<\/strong> Graudaugi un graudaugu blakusprodukti, miner\u0101lvielas, ga\u013ca (m\u0101jputnu) un ga\u013cas blakusprodukti.<\/p>\n<p data-start=\"2617\" data-end=\"2820\"><strong data-start=\"2617\" data-end=\"2642\">Anal\u012btiskais sast\u0101vs:<\/strong> Kopprote\u012bns 28,6 %, kop\u0113j\u0101s e\u013c\u013cas un tauki 6,3 %, kop\u0161\u0137iedra 2,5 %, koppelni 5,4 %, mitrums 8,5 %, kalcijs 0,24 %, fosfors 0,61 %, n\u0101trijs 0,09 %, k\u0101lijs 0,56 %, magnijs 0,12 %.<\/p>\n<p data-start=\"2822\" data-end=\"2939\"><strong data-start=\"2822\" data-end=\"2847\">Baro\u0161anas nor\u0101d\u012bjumi:<\/strong> 5\u201310 gabali\u0146i dien\u0101. Dz\u012bvniekam vienm\u0113r j\u0101b\u016bt pieejamam svaigam un t\u012bram dzeramajam \u016bdenim.<\/p>\n","protected":false},"featured_media":49071,"template":"","meta":[],"product_brand":[],"product_cat":[570,878],"product_tag":[],"class_list":{"0":"post-49070","1":"product","2":"type-product","3":"status-publish","4":"has-post-thumbnail","6":"product_cat-naski","7":"product_cat-vitamini-uztura-bagatinataji-kakiem","9":"first","10":"instock","11":"taxable","12":"shipping-taxable","13":"purchasable","14":"product-type-simple"},"yoast_head":"<!-- This site is optimized with the Yoast SEO plugin v27.4 - https:\/\/yoast.com\/product\/yoast-seo-wordpress\/ -->\n<title>Beaphar Cat-A-Dent Bits k\u0101rumi ka\u0137iem 35 g - MiuMjau<\/title>\n<meta name=\"robots\" content=\"index, follow, max-snippet:-1, max-image-preview:large, max-video-preview:-1\" \/>\n<link rel=\"canonical\" href=\"https:\/\/miumjau.ee\/lv\/produkts\/beaphar-cat-a-dent-bits-karumi-kakiem-35-g\/\" \/>\n<meta property=\"og:locale\" content=\"lv_LV\" \/>\n<meta property=\"og:type\" content=\"article\" \/>\n<meta property=\"og:title\" content=\"Beaphar Cat-A-Dent Bits k\u0101rumi ka\u0137iem 35 g - MiuMjau\" \/>\n<meta property=\"og:description\" content=\"Cat-A-Dent Bits ir krauk\u0161\u0137\u012bgi, spilventi\u0146u formas ka\u0137u k\u0101rumi, kas izstr\u0101d\u0101ti, lai uztur\u0113tu zobus t\u012brus un veselus. K\u0101rums stiprina un pul\u0113 zobu emalju, k\u0101 ar\u012b aizsarg\u0101 pret boj\u0101jumiem un zobu aplikumu. Satur hlorofilu, kas pal\u012bdz nov\u0113rst nepat\u012bkamu smaku un atsvaidzina elpu. Lieliska gar\u0161a.     Pal\u012bdz uztur\u0113t zobus t\u012brus    Stiprina emalju un aizsarg\u0101 pret aplikumu    Atsvaidzina muti    Lieliska gar\u0161a   Ra\u017eot\u0101js: Beaphar, N\u012bderlande. Sast\u0101vs: Graudaugi un graudaugu blakusprodukti, miner\u0101lvielas, ga\u013ca (m\u0101jputnu) un ga\u013cas blakusprodukti. Anal\u012btiskais sast\u0101vs: Kopprote\u012bns 28,6 %, kop\u0113j\u0101s e\u013c\u013cas un tauki 6,3 %, kop\u0161\u0137iedra 2,5 %, koppelni 5,4 %, mitrums 8,5 %, kalcijs 0,24 %, fosfors 0,61 %, n\u0101trijs 0,09 %, k\u0101lijs 0,56 %, magnijs 0,12 %. Baro\u0161anas nor\u0101d\u012bjumi: 5\u201310 gabali\u0146i dien\u0101. Dz\u012bvniekam vienm\u0113r j\u0101b\u016bt pieejamam svaigam un t\u012bram dzeramajam \u016bdenim.\" \/>\n<meta property=\"og:url\" content=\"https:\/\/miumjau.ee\/lv\/produkts\/beaphar-cat-a-dent-bits-karumi-kakiem-35-g\/\" \/>\n<meta property=\"og:site_name\" content=\"MiuMjau\" \/>\n<meta property=\"article:publisher\" content=\"https:\/\/www.facebook.com\/miumjaupood\/\" \/>\n<meta property=\"article:modified_time\" content=\"2026-01-07T19:16:58+00:00\" \/>\n<meta property=\"og:image\" content=\"https:\/\/miumjau.ee\/wp-content\/uploads\/2025\/07\/beaphar-kassidele-koertele39.jpg\" \/>\n\t<meta property=\"og:image:width\" content=\"600\" \/>\n\t<meta property=\"og:image:height\" content=\"800\" \/>\n\t<meta property=\"og:image:type\" content=\"image\/jpeg\" \/>\n<meta name=\"twitter:card\" content=\"summary_large_image\" \/>\n<script type=\"application\/ld+json\" class=\"yoast-schema-graph\">{\"@context\":\"https:\\\/\\\/schema.org\",\"@graph\":[{\"@type\":\"WebPage\",\"@id\":\"https:\\\/\\\/miumjau.ee\\\/lv\\\/produkts\\\/beaphar-cat-a-dent-bits-karumi-kakiem-35-g\\\/\",\"url\":\"https:\\\/\\\/miumjau.ee\\\/lv\\\/produkts\\\/beaphar-cat-a-dent-bits-karumi-kakiem-35-g\\\/\",\"name\":\"Beaphar Cat-A-Dent Bits k\u0101rumi ka\u0137iem 35 g - MiuMjau\",\"isPartOf\":{\"@id\":\"https:\\\/\\\/miumjau.ee\\\/#website\"},\"primaryImageOfPage\":{\"@id\":\"https:\\\/\\\/miumjau.ee\\\/lv\\\/produkts\\\/beaphar-cat-a-dent-bits-karumi-kakiem-35-g\\\/#primaryimage\"},\"image\":{\"@id\":\"https:\\\/\\\/miumjau.ee\\\/lv\\\/produkts\\\/beaphar-cat-a-dent-bits-karumi-kakiem-35-g\\\/#primaryimage\"},\"thumbnailUrl\":\"https:\\\/\\\/miumjau.ee\\\/wp-content\\\/uploads\\\/2025\\\/07\\\/beaphar-kassidele-koertele39.jpg\",\"datePublished\":\"2025-07-29T11:56:20+00:00\",\"dateModified\":\"2026-01-07T19:16:58+00:00\",\"breadcrumb\":{\"@id\":\"https:\\\/\\\/miumjau.ee\\\/lv\\\/produkts\\\/beaphar-cat-a-dent-bits-karumi-kakiem-35-g\\\/#breadcrumb\"},\"inLanguage\":\"lv-LV\",\"potentialAction\":[{\"@type\":\"ReadAction\",\"target\":[\"https:\\\/\\\/miumjau.ee\\\/lv\\\/produkts\\\/beaphar-cat-a-dent-bits-karumi-kakiem-35-g\\\/\"]}]},{\"@type\":\"ImageObject\",\"inLanguage\":\"lv-LV\",\"@id\":\"https:\\\/\\\/miumjau.ee\\\/lv\\\/produkts\\\/beaphar-cat-a-dent-bits-karumi-kakiem-35-g\\\/#primaryimage\",\"url\":\"https:\\\/\\\/miumjau.ee\\\/wp-content\\\/uploads\\\/2025\\\/07\\\/beaphar-kassidele-koertele39.jpg\",\"contentUrl\":\"https:\\\/\\\/miumjau.ee\\\/wp-content\\\/uploads\\\/2025\\\/07\\\/beaphar-kassidele-koertele39.jpg\",\"width\":600,\"height\":800},{\"@type\":\"BreadcrumbList\",\"@id\":\"https:\\\/\\\/miumjau.ee\\\/lv\\\/produkts\\\/beaphar-cat-a-dent-bits-karumi-kakiem-35-g\\\/#breadcrumb\",\"itemListElement\":[{\"@type\":\"ListItem\",\"position\":1,\"name\":\"Home\",\"item\":\"https:\\\/\\\/miumjau.ee\\\/lv\\\/\"},{\"@type\":\"ListItem\",\"position\":2,\"name\":\"Veikals\",\"item\":\"https:\\\/\\\/miumjau.ee\\\/lv\\\/veikals\\\/\"},{\"@type\":\"ListItem\",\"position\":3,\"name\":\"Beaphar Cat-A-Dent Bits k\u0101rumi ka\u0137iem 35 g\"}]},{\"@type\":\"WebSite\",\"@id\":\"https:\\\/\\\/miumjau.ee\\\/#website\",\"url\":\"https:\\\/\\\/miumjau.ee\\\/\",\"name\":\"MiuMjau\",\"description\":\"Kraapimispuud kassidele\",\"publisher\":{\"@id\":\"https:\\\/\\\/miumjau.ee\\\/#organization\"},\"potentialAction\":[{\"@type\":\"SearchAction\",\"target\":{\"@type\":\"EntryPoint\",\"urlTemplate\":\"https:\\\/\\\/miumjau.ee\\\/?s={search_term_string}\"},\"query-input\":{\"@type\":\"PropertyValueSpecification\",\"valueRequired\":true,\"valueName\":\"search_term_string\"}}],\"inLanguage\":\"lv-LV\"},{\"@type\":\"Organization\",\"@id\":\"https:\\\/\\\/miumjau.ee\\\/#organization\",\"name\":\"MiuMjau O\u00dc\",\"url\":\"https:\\\/\\\/miumjau.ee\\\/\",\"logo\":{\"@type\":\"ImageObject\",\"inLanguage\":\"lv-LV\",\"@id\":\"https:\\\/\\\/miumjau.ee\\\/#\\\/schema\\\/logo\\\/image\\\/\",\"url\":\"https:\\\/\\\/miumjau.ee\\\/wp-content\\\/uploads\\\/2022\\\/04\\\/MiuMjau-logo-kollane.png\",\"contentUrl\":\"https:\\\/\\\/miumjau.ee\\\/wp-content\\\/uploads\\\/2022\\\/04\\\/MiuMjau-logo-kollane.png\",\"width\":219,\"height\":100,\"caption\":\"MiuMjau O\u00dc\"},\"image\":{\"@id\":\"https:\\\/\\\/miumjau.ee\\\/#\\\/schema\\\/logo\\\/image\\\/\"},\"sameAs\":[\"https:\\\/\\\/www.facebook.com\\\/miumjaupood\\\/\"]}]}<\/script>\n<!-- \/ Yoast SEO plugin. -->","yoast_head_json":{"title":"Beaphar Cat-A-Dent Bits k\u0101rumi ka\u0137iem 35 g - MiuMjau","robots":{"index":"index","follow":"follow","max-snippet":"max-snippet:-1","max-image-preview":"max-image-preview:large","max-video-preview":"max-video-preview:-1"},"canonical":"https:\/\/miumjau.ee\/lv\/produkts\/beaphar-cat-a-dent-bits-karumi-kakiem-35-g\/","og_locale":"lv_LV","og_type":"article","og_title":"Beaphar Cat-A-Dent Bits k\u0101rumi ka\u0137iem 35 g - MiuMjau","og_description":"Cat-A-Dent Bits ir krauk\u0161\u0137\u012bgi, spilventi\u0146u formas ka\u0137u k\u0101rumi, kas izstr\u0101d\u0101ti, lai uztur\u0113tu zobus t\u012brus un veselus. K\u0101rums stiprina un pul\u0113 zobu emalju, k\u0101 ar\u012b aizsarg\u0101 pret boj\u0101jumiem un zobu aplikumu. Satur hlorofilu, kas pal\u012bdz nov\u0113rst nepat\u012bkamu smaku un atsvaidzina elpu. Lieliska gar\u0161a.     Pal\u012bdz uztur\u0113t zobus t\u012brus    Stiprina emalju un aizsarg\u0101 pret aplikumu    Atsvaidzina muti    Lieliska gar\u0161a   Ra\u017eot\u0101js: Beaphar, N\u012bderlande. Sast\u0101vs: Graudaugi un graudaugu blakusprodukti, miner\u0101lvielas, ga\u013ca (m\u0101jputnu) un ga\u013cas blakusprodukti. Anal\u012btiskais sast\u0101vs: Kopprote\u012bns 28,6 %, kop\u0113j\u0101s e\u013c\u013cas un tauki 6,3 %, kop\u0161\u0137iedra 2,5 %, koppelni 5,4 %, mitrums 8,5 %, kalcijs 0,24 %, fosfors 0,61 %, n\u0101trijs 0,09 %, k\u0101lijs 0,56 %, magnijs 0,12 %. Baro\u0161anas nor\u0101d\u012bjumi: 5\u201310 gabali\u0146i dien\u0101. Dz\u012bvniekam vienm\u0113r j\u0101b\u016bt pieejamam svaigam un t\u012bram dzeramajam \u016bdenim.","og_url":"https:\/\/miumjau.ee\/lv\/produkts\/beaphar-cat-a-dent-bits-karumi-kakiem-35-g\/","og_site_name":"MiuMjau","article_publisher":"https:\/\/www.facebook.com\/miumjaupood\/","article_modified_time":"2026-01-07T19:16:58+00:00","og_image":[{"width":600,"height":800,"url":"https:\/\/miumjau.ee\/wp-content\/uploads\/2025\/07\/beaphar-kassidele-koertele39.jpg","type":"image\/jpeg"}],"twitter_card":"summary_large_image","schema":{"@context":"https:\/\/schema.org","@graph":[{"@type":"WebPage","@id":"https:\/\/miumjau.ee\/lv\/produkts\/beaphar-cat-a-dent-bits-karumi-kakiem-35-g\/","url":"https:\/\/miumjau.ee\/lv\/produkts\/beaphar-cat-a-dent-bits-karumi-kakiem-35-g\/","name":"Beaphar Cat-A-Dent Bits k\u0101rumi ka\u0137iem 35 g - MiuMjau","isPartOf":{"@id":"https:\/\/miumjau.ee\/#website"},"primaryImageOfPage":{"@id":"https:\/\/miumjau.ee\/lv\/produkts\/beaphar-cat-a-dent-bits-karumi-kakiem-35-g\/#primaryimage"},"image":{"@id":"https:\/\/miumjau.ee\/lv\/produkts\/beaphar-cat-a-dent-bits-karumi-kakiem-35-g\/#primaryimage"},"thumbnailUrl":"https:\/\/miumjau.ee\/wp-content\/uploads\/2025\/07\/beaphar-kassidele-koertele39.jpg","datePublished":"2025-07-29T11:56:20+00:00","dateModified":"2026-01-07T19:16:58+00:00","breadcrumb":{"@id":"https:\/\/miumjau.ee\/lv\/produkts\/beaphar-cat-a-dent-bits-karumi-kakiem-35-g\/#breadcrumb"},"inLanguage":"lv-LV","potentialAction":[{"@type":"ReadAction","target":["https:\/\/miumjau.ee\/lv\/produkts\/beaphar-cat-a-dent-bits-karumi-kakiem-35-g\/"]}]},{"@type":"ImageObject","inLanguage":"lv-LV","@id":"https:\/\/miumjau.ee\/lv\/produkts\/beaphar-cat-a-dent-bits-karumi-kakiem-35-g\/#primaryimage","url":"https:\/\/miumjau.ee\/wp-content\/uploads\/2025\/07\/beaphar-kassidele-koertele39.jpg","contentUrl":"https:\/\/miumjau.ee\/wp-content\/uploads\/2025\/07\/beaphar-kassidele-koertele39.jpg","width":600,"height":800},{"@type":"BreadcrumbList","@id":"https:\/\/miumjau.ee\/lv\/produkts\/beaphar-cat-a-dent-bits-karumi-kakiem-35-g\/#breadcrumb","itemListElement":[{"@type":"ListItem","position":1,"name":"Home","item":"https:\/\/miumjau.ee\/lv\/"},{"@type":"ListItem","position":2,"name":"Veikals","item":"https:\/\/miumjau.ee\/lv\/veikals\/"},{"@type":"ListItem","position":3,"name":"Beaphar Cat-A-Dent Bits k\u0101rumi ka\u0137iem 35 g"}]},{"@type":"WebSite","@id":"https:\/\/miumjau.ee\/#website","url":"https:\/\/miumjau.ee\/","name":"MiuMjau","description":"Kraapimispuud kassidele","publisher":{"@id":"https:\/\/miumjau.ee\/#organization"},"potentialAction":[{"@type":"SearchAction","target":{"@type":"EntryPoint","urlTemplate":"https:\/\/miumjau.ee\/?s={search_term_string}"},"query-input":{"@type":"PropertyValueSpecification","valueRequired":true,"valueName":"search_term_string"}}],"inLanguage":"lv-LV"},{"@type":"Organization","@id":"https:\/\/miumjau.ee\/#organization","name":"MiuMjau O\u00dc","url":"https:\/\/miumjau.ee\/","logo":{"@type":"ImageObject","inLanguage":"lv-LV","@id":"https:\/\/miumjau.ee\/#\/schema\/logo\/image\/","url":"https:\/\/miumjau.ee\/wp-content\/uploads\/2022\/04\/MiuMjau-logo-kollane.png","contentUrl":"https:\/\/miumjau.ee\/wp-content\/uploads\/2022\/04\/MiuMjau-logo-kollane.png","width":219,"height":100,"caption":"MiuMjau O\u00dc"},"image":{"@id":"https:\/\/miumjau.ee\/#\/schema\/logo\/image\/"},"sameAs":["https:\/\/www.facebook.com\/miumjaupood\/"]}]}},"_links":{"self":[{"href":"https:\/\/miumjau.ee\/lv\/wp-json\/wp\/v2\/product\/49070","targetHints":{"allow":["GET"]}}],"collection":[{"href":"https:\/\/miumjau.ee\/lv\/wp-json\/wp\/v2\/product"}],"about":[{"href":"https:\/\/miumjau.ee\/lv\/wp-json\/wp\/v2\/types\/product"}],"wp:featuredmedia":[{"embeddable":true,"href":"https:\/\/miumjau.ee\/lv\/wp-json\/wp\/v2\/media\/49071"}],"wp:attachment":[{"href":"https:\/\/miumjau.ee\/lv\/wp-json\/wp\/v2\/media?parent=49070"}],"wp:term":[{"taxonomy":"product_brand","embeddable":true,"href":"https:\/\/miumjau.ee\/lv\/wp-json\/wp\/v2\/product_brand?post=49070"},{"taxonomy":"product_cat","embeddable":true,"href":"https:\/\/miumjau.ee\/lv\/wp-json\/wp\/v2\/product_cat?post=49070"},{"taxonomy":"product_tag","embeddable":true,"href":"https:\/\/miumjau.ee\/lv\/wp-json\/wp\/v2\/product_tag?post=49070"}],"curies":[{"name":"wp","href":"https:\/\/api.w.org\/{rel}","templated":true}]}}