{"id":49064,"date":"2025-07-29T14:17:11","date_gmt":"2025-07-29T11:17:11","guid":{"rendered":"https:\/\/miumjau.ee\/toode\/beaphar-catnip-bits-karumi-35-g-75-gab\/"},"modified":"2026-01-07T21:17:05","modified_gmt":"2026-01-07T19:17:05","slug":"beaphar-catnip-bits-karumi-35-g-75-gab","status":"publish","type":"product","link":"https:\/\/miumjau.ee\/lv\/produkts\/beaphar-catnip-bits-karumi-35-g-75-gab\/","title":{"rendered":"Beaphar Catnip Bits k\u0101rumi 35 g, 75 gab."},"content":{"rendered":"","protected":false},"excerpt":{"rendered":"<p data-start=\"1705\" data-end=\"1994\">Gar\u0161\u012bgs un vesel\u012bgs k\u0101rums ka\u0137iem. Katrs gabali\u0146\u0161 ir pild\u012bts ar gardu ka\u0137um\u0113tras pastu, kas sniedz j\u016bsu ka\u0137im aizraujo\u0161u un neatvair\u0101mu gar\u0161as pieredzi. Piem\u0113rots visu \u0161\u0137ir\u0146u ka\u0137iem. Krauk\u0161\u0137\u012bgie spilventi\u0146i satur svar\u012bgus vitam\u012bnus un miner\u0101lvielas, kas pal\u012bdz uztur\u0113t ka\u0137i lielisk\u0101 form\u0101.<\/p>\n<p data-start=\"1996\" data-end=\"2398\"><strong data-start=\"1996\" data-end=\"2012\">Sast\u0101vda\u013cas:<\/strong> Graudaugi, piens un piena produkti, e\u013c\u013cas un tauki, miner\u0101lvielas, raugs, augu izcelsmes atvasin\u0101jumi, zivis un zivju produkti, ga\u013ca un dz\u012bvnieku izcelsmes atvasin\u0101jumi.<br data-start=\"2182\" data-end=\"2185\" \/><strong data-start=\"2185\" data-end=\"2198\">Piedevas:<\/strong> Vit. A 4600 SV, Vit. B1 4,1 mg.<br data-start=\"2230\" data-end=\"2233\" \/><strong data-start=\"2233\" data-end=\"2258\">Anal\u012btiskais sast\u0101vs:<\/strong> Kopprote\u012bns 30 %, kop\u0113jie tauki 8,9 %, kop\u0161\u0137iedra 1,6 %, koppelni 2,7 %, mitrums 8,7 %, Ca 0,2 %, P 0,5 %, Na 0,18 %, Mg 0,024 %, K 0,17 %.<\/p>\n","protected":false},"featured_media":49065,"template":"","meta":[],"product_brand":[],"product_cat":[570,878],"product_tag":[],"class_list":{"0":"post-49064","1":"product","2":"type-product","3":"status-publish","4":"has-post-thumbnail","6":"product_cat-naski","7":"product_cat-vitamini-uztura-bagatinataji-kakiem","9":"first","10":"instock","11":"taxable","12":"shipping-taxable","13":"purchasable","14":"product-type-simple"},"yoast_head":"<!-- This site is optimized with the Yoast SEO plugin v27.4 - https:\/\/yoast.com\/product\/yoast-seo-wordpress\/ -->\n<title>Beaphar Catnip Bits k\u0101rumi 35 g, 75 gab. - MiuMjau<\/title>\n<meta name=\"robots\" content=\"index, follow, max-snippet:-1, max-image-preview:large, max-video-preview:-1\" \/>\n<link rel=\"canonical\" href=\"https:\/\/miumjau.ee\/lv\/produkts\/beaphar-catnip-bits-karumi-35-g-75-gab\/\" \/>\n<meta property=\"og:locale\" content=\"lv_LV\" \/>\n<meta property=\"og:type\" content=\"article\" \/>\n<meta property=\"og:title\" content=\"Beaphar Catnip Bits k\u0101rumi 35 g, 75 gab. - MiuMjau\" \/>\n<meta property=\"og:description\" content=\"Gar\u0161\u012bgs un vesel\u012bgs k\u0101rums ka\u0137iem. Katrs gabali\u0146\u0161 ir pild\u012bts ar gardu ka\u0137um\u0113tras pastu, kas sniedz j\u016bsu ka\u0137im aizraujo\u0161u un neatvair\u0101mu gar\u0161as pieredzi. Piem\u0113rots visu \u0161\u0137ir\u0146u ka\u0137iem. Krauk\u0161\u0137\u012bgie spilventi\u0146i satur svar\u012bgus vitam\u012bnus un miner\u0101lvielas, kas pal\u012bdz uztur\u0113t ka\u0137i lielisk\u0101 form\u0101. Sast\u0101vda\u013cas: Graudaugi, piens un piena produkti, e\u013c\u013cas un tauki, miner\u0101lvielas, raugs, augu izcelsmes atvasin\u0101jumi, zivis un zivju produkti, ga\u013ca un dz\u012bvnieku izcelsmes atvasin\u0101jumi.Piedevas: Vit. A 4600 SV, Vit. B1 4,1 mg.Anal\u012btiskais sast\u0101vs: Kopprote\u012bns 30 %, kop\u0113jie tauki 8,9 %, kop\u0161\u0137iedra 1,6 %, koppelni 2,7 %, mitrums 8,7 %, Ca 0,2 %, P 0,5 %, Na 0,18 %, Mg 0,024 %, K 0,17 %.\" \/>\n<meta property=\"og:url\" content=\"https:\/\/miumjau.ee\/lv\/produkts\/beaphar-catnip-bits-karumi-35-g-75-gab\/\" \/>\n<meta property=\"og:site_name\" content=\"MiuMjau\" \/>\n<meta property=\"article:publisher\" content=\"https:\/\/www.facebook.com\/miumjaupood\/\" \/>\n<meta property=\"article:modified_time\" content=\"2026-01-07T19:17:05+00:00\" \/>\n<meta property=\"og:image\" content=\"https:\/\/miumjau.ee\/wp-content\/uploads\/2025\/07\/beaphar-kassidele-koertele28.jpg\" \/>\n\t<meta property=\"og:image:width\" content=\"600\" \/>\n\t<meta property=\"og:image:height\" content=\"800\" \/>\n\t<meta property=\"og:image:type\" content=\"image\/jpeg\" \/>\n<meta name=\"twitter:card\" content=\"summary_large_image\" \/>\n<script type=\"application\/ld+json\" class=\"yoast-schema-graph\">{\"@context\":\"https:\\\/\\\/schema.org\",\"@graph\":[{\"@type\":\"WebPage\",\"@id\":\"https:\\\/\\\/miumjau.ee\\\/lv\\\/produkts\\\/beaphar-catnip-bits-karumi-35-g-75-gab\\\/\",\"url\":\"https:\\\/\\\/miumjau.ee\\\/lv\\\/produkts\\\/beaphar-catnip-bits-karumi-35-g-75-gab\\\/\",\"name\":\"Beaphar Catnip Bits k\u0101rumi 35 g, 75 gab. - MiuMjau\",\"isPartOf\":{\"@id\":\"https:\\\/\\\/miumjau.ee\\\/#website\"},\"primaryImageOfPage\":{\"@id\":\"https:\\\/\\\/miumjau.ee\\\/lv\\\/produkts\\\/beaphar-catnip-bits-karumi-35-g-75-gab\\\/#primaryimage\"},\"image\":{\"@id\":\"https:\\\/\\\/miumjau.ee\\\/lv\\\/produkts\\\/beaphar-catnip-bits-karumi-35-g-75-gab\\\/#primaryimage\"},\"thumbnailUrl\":\"https:\\\/\\\/miumjau.ee\\\/wp-content\\\/uploads\\\/2025\\\/07\\\/beaphar-kassidele-koertele28.jpg\",\"datePublished\":\"2025-07-29T11:17:11+00:00\",\"dateModified\":\"2026-01-07T19:17:05+00:00\",\"breadcrumb\":{\"@id\":\"https:\\\/\\\/miumjau.ee\\\/lv\\\/produkts\\\/beaphar-catnip-bits-karumi-35-g-75-gab\\\/#breadcrumb\"},\"inLanguage\":\"lv-LV\",\"potentialAction\":[{\"@type\":\"ReadAction\",\"target\":[\"https:\\\/\\\/miumjau.ee\\\/lv\\\/produkts\\\/beaphar-catnip-bits-karumi-35-g-75-gab\\\/\"]}]},{\"@type\":\"ImageObject\",\"inLanguage\":\"lv-LV\",\"@id\":\"https:\\\/\\\/miumjau.ee\\\/lv\\\/produkts\\\/beaphar-catnip-bits-karumi-35-g-75-gab\\\/#primaryimage\",\"url\":\"https:\\\/\\\/miumjau.ee\\\/wp-content\\\/uploads\\\/2025\\\/07\\\/beaphar-kassidele-koertele28.jpg\",\"contentUrl\":\"https:\\\/\\\/miumjau.ee\\\/wp-content\\\/uploads\\\/2025\\\/07\\\/beaphar-kassidele-koertele28.jpg\",\"width\":600,\"height\":800},{\"@type\":\"BreadcrumbList\",\"@id\":\"https:\\\/\\\/miumjau.ee\\\/lv\\\/produkts\\\/beaphar-catnip-bits-karumi-35-g-75-gab\\\/#breadcrumb\",\"itemListElement\":[{\"@type\":\"ListItem\",\"position\":1,\"name\":\"Home\",\"item\":\"https:\\\/\\\/miumjau.ee\\\/lv\\\/\"},{\"@type\":\"ListItem\",\"position\":2,\"name\":\"Veikals\",\"item\":\"https:\\\/\\\/miumjau.ee\\\/lv\\\/veikals\\\/\"},{\"@type\":\"ListItem\",\"position\":3,\"name\":\"Beaphar Catnip Bits k\u0101rumi 35 g, 75 gab.\"}]},{\"@type\":\"WebSite\",\"@id\":\"https:\\\/\\\/miumjau.ee\\\/#website\",\"url\":\"https:\\\/\\\/miumjau.ee\\\/\",\"name\":\"MiuMjau\",\"description\":\"Kraapimispuud kassidele\",\"publisher\":{\"@id\":\"https:\\\/\\\/miumjau.ee\\\/#organization\"},\"potentialAction\":[{\"@type\":\"SearchAction\",\"target\":{\"@type\":\"EntryPoint\",\"urlTemplate\":\"https:\\\/\\\/miumjau.ee\\\/?s={search_term_string}\"},\"query-input\":{\"@type\":\"PropertyValueSpecification\",\"valueRequired\":true,\"valueName\":\"search_term_string\"}}],\"inLanguage\":\"lv-LV\"},{\"@type\":\"Organization\",\"@id\":\"https:\\\/\\\/miumjau.ee\\\/#organization\",\"name\":\"MiuMjau O\u00dc\",\"url\":\"https:\\\/\\\/miumjau.ee\\\/\",\"logo\":{\"@type\":\"ImageObject\",\"inLanguage\":\"lv-LV\",\"@id\":\"https:\\\/\\\/miumjau.ee\\\/#\\\/schema\\\/logo\\\/image\\\/\",\"url\":\"https:\\\/\\\/miumjau.ee\\\/wp-content\\\/uploads\\\/2022\\\/04\\\/MiuMjau-logo-kollane.png\",\"contentUrl\":\"https:\\\/\\\/miumjau.ee\\\/wp-content\\\/uploads\\\/2022\\\/04\\\/MiuMjau-logo-kollane.png\",\"width\":219,\"height\":100,\"caption\":\"MiuMjau O\u00dc\"},\"image\":{\"@id\":\"https:\\\/\\\/miumjau.ee\\\/#\\\/schema\\\/logo\\\/image\\\/\"},\"sameAs\":[\"https:\\\/\\\/www.facebook.com\\\/miumjaupood\\\/\"]}]}<\/script>\n<!-- \/ Yoast SEO plugin. -->","yoast_head_json":{"title":"Beaphar Catnip Bits k\u0101rumi 35 g, 75 gab. - MiuMjau","robots":{"index":"index","follow":"follow","max-snippet":"max-snippet:-1","max-image-preview":"max-image-preview:large","max-video-preview":"max-video-preview:-1"},"canonical":"https:\/\/miumjau.ee\/lv\/produkts\/beaphar-catnip-bits-karumi-35-g-75-gab\/","og_locale":"lv_LV","og_type":"article","og_title":"Beaphar Catnip Bits k\u0101rumi 35 g, 75 gab. - MiuMjau","og_description":"Gar\u0161\u012bgs un vesel\u012bgs k\u0101rums ka\u0137iem. Katrs gabali\u0146\u0161 ir pild\u012bts ar gardu ka\u0137um\u0113tras pastu, kas sniedz j\u016bsu ka\u0137im aizraujo\u0161u un neatvair\u0101mu gar\u0161as pieredzi. Piem\u0113rots visu \u0161\u0137ir\u0146u ka\u0137iem. Krauk\u0161\u0137\u012bgie spilventi\u0146i satur svar\u012bgus vitam\u012bnus un miner\u0101lvielas, kas pal\u012bdz uztur\u0113t ka\u0137i lielisk\u0101 form\u0101. Sast\u0101vda\u013cas: Graudaugi, piens un piena produkti, e\u013c\u013cas un tauki, miner\u0101lvielas, raugs, augu izcelsmes atvasin\u0101jumi, zivis un zivju produkti, ga\u013ca un dz\u012bvnieku izcelsmes atvasin\u0101jumi.Piedevas: Vit. A 4600 SV, Vit. B1 4,1 mg.Anal\u012btiskais sast\u0101vs: Kopprote\u012bns 30 %, kop\u0113jie tauki 8,9 %, kop\u0161\u0137iedra 1,6 %, koppelni 2,7 %, mitrums 8,7 %, Ca 0,2 %, P 0,5 %, Na 0,18 %, Mg 0,024 %, K 0,17 %.","og_url":"https:\/\/miumjau.ee\/lv\/produkts\/beaphar-catnip-bits-karumi-35-g-75-gab\/","og_site_name":"MiuMjau","article_publisher":"https:\/\/www.facebook.com\/miumjaupood\/","article_modified_time":"2026-01-07T19:17:05+00:00","og_image":[{"width":600,"height":800,"url":"https:\/\/miumjau.ee\/wp-content\/uploads\/2025\/07\/beaphar-kassidele-koertele28.jpg","type":"image\/jpeg"}],"twitter_card":"summary_large_image","schema":{"@context":"https:\/\/schema.org","@graph":[{"@type":"WebPage","@id":"https:\/\/miumjau.ee\/lv\/produkts\/beaphar-catnip-bits-karumi-35-g-75-gab\/","url":"https:\/\/miumjau.ee\/lv\/produkts\/beaphar-catnip-bits-karumi-35-g-75-gab\/","name":"Beaphar Catnip Bits k\u0101rumi 35 g, 75 gab. - MiuMjau","isPartOf":{"@id":"https:\/\/miumjau.ee\/#website"},"primaryImageOfPage":{"@id":"https:\/\/miumjau.ee\/lv\/produkts\/beaphar-catnip-bits-karumi-35-g-75-gab\/#primaryimage"},"image":{"@id":"https:\/\/miumjau.ee\/lv\/produkts\/beaphar-catnip-bits-karumi-35-g-75-gab\/#primaryimage"},"thumbnailUrl":"https:\/\/miumjau.ee\/wp-content\/uploads\/2025\/07\/beaphar-kassidele-koertele28.jpg","datePublished":"2025-07-29T11:17:11+00:00","dateModified":"2026-01-07T19:17:05+00:00","breadcrumb":{"@id":"https:\/\/miumjau.ee\/lv\/produkts\/beaphar-catnip-bits-karumi-35-g-75-gab\/#breadcrumb"},"inLanguage":"lv-LV","potentialAction":[{"@type":"ReadAction","target":["https:\/\/miumjau.ee\/lv\/produkts\/beaphar-catnip-bits-karumi-35-g-75-gab\/"]}]},{"@type":"ImageObject","inLanguage":"lv-LV","@id":"https:\/\/miumjau.ee\/lv\/produkts\/beaphar-catnip-bits-karumi-35-g-75-gab\/#primaryimage","url":"https:\/\/miumjau.ee\/wp-content\/uploads\/2025\/07\/beaphar-kassidele-koertele28.jpg","contentUrl":"https:\/\/miumjau.ee\/wp-content\/uploads\/2025\/07\/beaphar-kassidele-koertele28.jpg","width":600,"height":800},{"@type":"BreadcrumbList","@id":"https:\/\/miumjau.ee\/lv\/produkts\/beaphar-catnip-bits-karumi-35-g-75-gab\/#breadcrumb","itemListElement":[{"@type":"ListItem","position":1,"name":"Home","item":"https:\/\/miumjau.ee\/lv\/"},{"@type":"ListItem","position":2,"name":"Veikals","item":"https:\/\/miumjau.ee\/lv\/veikals\/"},{"@type":"ListItem","position":3,"name":"Beaphar Catnip Bits k\u0101rumi 35 g, 75 gab."}]},{"@type":"WebSite","@id":"https:\/\/miumjau.ee\/#website","url":"https:\/\/miumjau.ee\/","name":"MiuMjau","description":"Kraapimispuud kassidele","publisher":{"@id":"https:\/\/miumjau.ee\/#organization"},"potentialAction":[{"@type":"SearchAction","target":{"@type":"EntryPoint","urlTemplate":"https:\/\/miumjau.ee\/?s={search_term_string}"},"query-input":{"@type":"PropertyValueSpecification","valueRequired":true,"valueName":"search_term_string"}}],"inLanguage":"lv-LV"},{"@type":"Organization","@id":"https:\/\/miumjau.ee\/#organization","name":"MiuMjau O\u00dc","url":"https:\/\/miumjau.ee\/","logo":{"@type":"ImageObject","inLanguage":"lv-LV","@id":"https:\/\/miumjau.ee\/#\/schema\/logo\/image\/","url":"https:\/\/miumjau.ee\/wp-content\/uploads\/2022\/04\/MiuMjau-logo-kollane.png","contentUrl":"https:\/\/miumjau.ee\/wp-content\/uploads\/2022\/04\/MiuMjau-logo-kollane.png","width":219,"height":100,"caption":"MiuMjau O\u00dc"},"image":{"@id":"https:\/\/miumjau.ee\/#\/schema\/logo\/image\/"},"sameAs":["https:\/\/www.facebook.com\/miumjaupood\/"]}]}},"_links":{"self":[{"href":"https:\/\/miumjau.ee\/lv\/wp-json\/wp\/v2\/product\/49064","targetHints":{"allow":["GET"]}}],"collection":[{"href":"https:\/\/miumjau.ee\/lv\/wp-json\/wp\/v2\/product"}],"about":[{"href":"https:\/\/miumjau.ee\/lv\/wp-json\/wp\/v2\/types\/product"}],"wp:featuredmedia":[{"embeddable":true,"href":"https:\/\/miumjau.ee\/lv\/wp-json\/wp\/v2\/media\/49065"}],"wp:attachment":[{"href":"https:\/\/miumjau.ee\/lv\/wp-json\/wp\/v2\/media?parent=49064"}],"wp:term":[{"taxonomy":"product_brand","embeddable":true,"href":"https:\/\/miumjau.ee\/lv\/wp-json\/wp\/v2\/product_brand?post=49064"},{"taxonomy":"product_cat","embeddable":true,"href":"https:\/\/miumjau.ee\/lv\/wp-json\/wp\/v2\/product_cat?post=49064"},{"taxonomy":"product_tag","embeddable":true,"href":"https:\/\/miumjau.ee\/lv\/wp-json\/wp\/v2\/product_tag?post=49064"}],"curies":[{"name":"wp","href":"https:\/\/api.w.org\/{rel}","templated":true}]}}