{"id":49045,"date":"2025-03-04T12:58:17","date_gmt":"2025-03-04T10:58:17","guid":{"rendered":"https:\/\/miumjau.ee\/toode\/sunu-tenisa-bumbas-dog-comets-l-2-gab-zalas\/"},"modified":"2026-01-07T21:17:05","modified_gmt":"2026-01-07T19:17:05","slug":"sunu-tenisa-bumbas-dog-comets-l-2-gab-zalas","status":"publish","type":"product","link":"https:\/\/miumjau.ee\/lv\/produkts\/sunu-tenisa-bumbas-dog-comets-l-2-gab-zalas\/","title":{"rendered":"Su\u0146u tenisa bumbas Dog Comets L \u2013 2 gab., za\u013cas"},"content":{"rendered":"","protected":false},"excerpt":{"rendered":"<p data-start=\"2119\" data-end=\"2202\"><strong data-start=\"2119\" data-end=\"2202\">Dog Comets Neutron Star \u2013 \u013coti iztur\u012bgas un augsti atsper\u012bgas tenisa bumbas! \ud83d\ude80<\/strong><\/p>\n<p data-start=\"2204\" data-end=\"2414\">\u0160\u012bs nav parastas tenisa bumbas! Dog Comets Neutron Star ir izstr\u0101d\u0101tas \u012bpa\u0161i su\u0146iem, kuri m\u012bl ko\u0161\u013c\u0101t rota\u013clietas. Pateicoties ekstra biezajam gumijas kodolam, bumbas ir gandr\u012bz neizn\u012bcin\u0101mas un lec \u013coti augstu!<\/p>\n<p data-start=\"2416\" data-end=\"2808\">\ud83c\udfbe <strong data-start=\"2419\" data-end=\"2450\">K\u0101p\u0113c \u0161\u012bs bumbas ir \u012bpa\u0161as:<\/strong><br data-start=\"2450\" data-end=\"2453\" \/>\u2714 \u010c\u012bkst\u0113t\u0101js \u2013 papildus prieks ar \u010d\u012bkst\u0113\u0161anu!<br data-start=\"2498\" data-end=\"2501\" \/>\u2714 70 % p\u0101rstr\u0101d\u0101ta dab\u012bg\u0101 gumija \u2013 iztur\u012bga un videi draudz\u012bga<br data-start=\"2563\" data-end=\"2566\" \/>\u2714 Sp\u0113c\u012bgs gumijas kodols \u2013 \u013coti iztur\u012bgs pret nodilumu<br data-start=\"2620\" data-end=\"2623\" \/>\u2714 Dro\u0161as su\u0146a zobiem \u2013 m\u012bksts fl\u012bsa p\u0101rvalks nesaskr\u0101p\u0113<br data-start=\"2678\" data-end=\"2681\" \/>\u2714 Aizsarg\u0101ts \u010d\u012bkst\u0113t\u0101js \u2013 sl\u0113gta konstrukcija pasarg\u0101 no \u016bdens un net\u012brumiem<br data-start=\"2757\" data-end=\"2760\" \/>\u2714 Super lec \u2013 ide\u0101li met\u0161anai un paka\u013cdz\u012b\u0161anai<\/p>\n<p data-start=\"2810\" data-end=\"2876\">\ud83d\udef8 <strong data-start=\"2813\" data-end=\"2824\">Izm\u0113ri:<\/strong><br data-start=\"2824\" data-end=\"2827\" \/>\ud83d\udd39 S \u2013 \u00d8 5 cm<br data-start=\"2840\" data-end=\"2843\" \/>\ud83d\udd39 M \u2013 \u00d8 6 cm<br data-start=\"2856\" data-end=\"2859\" \/>\ud83d\udd39 L \u2013 \u00d8 7,5 cm<\/p>\n<p data-start=\"2878\" data-end=\"3015\">Padariet rota\u013cu v\u0113l jautr\u0101ku ar Dog Comets Neutron Star bumb\u0101m \u2013 stipras, augsti lec\u012bgas un iztur\u012bgas rota\u013cu biedres katrai sp\u0113lei! \ud83d\udc36\u2728<\/p>\n","protected":false},"featured_media":49026,"template":"","meta":[],"product_brand":[],"product_cat":[592],"product_tag":[],"class_list":{"0":"post-49045","1":"product","2":"type-product","3":"status-publish","4":"has-post-thumbnail","6":"product_cat-rotallietas-suniem","8":"first","9":"instock","10":"taxable","11":"shipping-taxable","12":"purchasable","13":"product-type-simple"},"yoast_head":"<!-- This site is optimized with the Yoast SEO plugin v27.2 - https:\/\/yoast.com\/product\/yoast-seo-wordpress\/ -->\n<title>Su\u0146u tenisa bumbas Dog Comets L \u2013 2 gab., za\u013cas - MiuMjau<\/title>\n<meta name=\"robots\" content=\"index, follow, max-snippet:-1, max-image-preview:large, max-video-preview:-1\" \/>\n<link rel=\"canonical\" href=\"https:\/\/miumjau.ee\/lv\/produkts\/sunu-tenisa-bumbas-dog-comets-l-2-gab-zalas\/\" \/>\n<meta property=\"og:locale\" content=\"lv_LV\" \/>\n<meta property=\"og:type\" content=\"article\" \/>\n<meta property=\"og:title\" content=\"Su\u0146u tenisa bumbas Dog Comets L \u2013 2 gab., za\u013cas - MiuMjau\" \/>\n<meta property=\"og:description\" content=\"Dog Comets Neutron Star \u2013 \u013coti iztur\u012bgas un augsti atsper\u012bgas tenisa bumbas! \ud83d\ude80 \u0160\u012bs nav parastas tenisa bumbas! Dog Comets Neutron Star ir izstr\u0101d\u0101tas \u012bpa\u0161i su\u0146iem, kuri m\u012bl ko\u0161\u013c\u0101t rota\u013clietas. Pateicoties ekstra biezajam gumijas kodolam, bumbas ir gandr\u012bz neizn\u012bcin\u0101mas un lec \u013coti augstu! \ud83c\udfbe K\u0101p\u0113c \u0161\u012bs bumbas ir \u012bpa\u0161as:\u2714 \u010c\u012bkst\u0113t\u0101js \u2013 papildus prieks ar \u010d\u012bkst\u0113\u0161anu!\u2714 70 % p\u0101rstr\u0101d\u0101ta dab\u012bg\u0101 gumija \u2013 iztur\u012bga un videi draudz\u012bga\u2714 Sp\u0113c\u012bgs gumijas kodols \u2013 \u013coti iztur\u012bgs pret nodilumu\u2714 Dro\u0161as su\u0146a zobiem \u2013 m\u012bksts fl\u012bsa p\u0101rvalks nesaskr\u0101p\u0113\u2714 Aizsarg\u0101ts \u010d\u012bkst\u0113t\u0101js \u2013 sl\u0113gta konstrukcija pasarg\u0101 no \u016bdens un net\u012brumiem\u2714 Super lec \u2013 ide\u0101li met\u0161anai un paka\u013cdz\u012b\u0161anai \ud83d\udef8 Izm\u0113ri:\ud83d\udd39 S \u2013 \u00d8 5 cm\ud83d\udd39 M \u2013 \u00d8 6 cm\ud83d\udd39 L \u2013 \u00d8 7,5 cm Padariet rota\u013cu v\u0113l jautr\u0101ku ar Dog Comets Neutron Star bumb\u0101m \u2013 stipras, augsti lec\u012bgas un iztur\u012bgas rota\u013cu biedres katrai sp\u0113lei! \ud83d\udc36\u2728\" \/>\n<meta property=\"og:url\" content=\"https:\/\/miumjau.ee\/lv\/produkts\/sunu-tenisa-bumbas-dog-comets-l-2-gab-zalas\/\" \/>\n<meta property=\"og:site_name\" content=\"MiuMjau\" \/>\n<meta property=\"article:publisher\" content=\"https:\/\/www.facebook.com\/miumjaupood\/\" \/>\n<meta property=\"article:modified_time\" content=\"2026-01-07T19:17:05+00:00\" \/>\n<meta property=\"og:image\" content=\"https:\/\/miumjau.ee\/wp-content\/uploads\/2025\/03\/manguasi-koerale-dog-comet-tennisepallid3.jpg\" \/>\n\t<meta property=\"og:image:width\" content=\"600\" \/>\n\t<meta property=\"og:image:height\" content=\"800\" \/>\n\t<meta property=\"og:image:type\" content=\"image\/jpeg\" \/>\n<meta name=\"twitter:card\" content=\"summary_large_image\" \/>\n<script type=\"application\/ld+json\" class=\"yoast-schema-graph\">{\"@context\":\"https:\/\/schema.org\",\"@graph\":[{\"@type\":\"WebPage\",\"@id\":\"https:\/\/miumjau.ee\/lv\/produkts\/sunu-tenisa-bumbas-dog-comets-l-2-gab-zalas\/\",\"url\":\"https:\/\/miumjau.ee\/lv\/produkts\/sunu-tenisa-bumbas-dog-comets-l-2-gab-zalas\/\",\"name\":\"Su\u0146u tenisa bumbas Dog Comets L \u2013 2 gab., za\u013cas - MiuMjau\",\"isPartOf\":{\"@id\":\"https:\/\/miumjau.ee\/#website\"},\"primaryImageOfPage\":{\"@id\":\"https:\/\/miumjau.ee\/lv\/produkts\/sunu-tenisa-bumbas-dog-comets-l-2-gab-zalas\/#primaryimage\"},\"image\":{\"@id\":\"https:\/\/miumjau.ee\/lv\/produkts\/sunu-tenisa-bumbas-dog-comets-l-2-gab-zalas\/#primaryimage\"},\"thumbnailUrl\":\"https:\/\/miumjau.ee\/wp-content\/uploads\/2025\/03\/manguasi-koerale-dog-comet-tennisepallid3.jpg\",\"datePublished\":\"2025-03-04T10:58:17+00:00\",\"dateModified\":\"2026-01-07T19:17:05+00:00\",\"breadcrumb\":{\"@id\":\"https:\/\/miumjau.ee\/lv\/produkts\/sunu-tenisa-bumbas-dog-comets-l-2-gab-zalas\/#breadcrumb\"},\"inLanguage\":\"lv-LV\",\"potentialAction\":[{\"@type\":\"ReadAction\",\"target\":[\"https:\/\/miumjau.ee\/lv\/produkts\/sunu-tenisa-bumbas-dog-comets-l-2-gab-zalas\/\"]}]},{\"@type\":\"ImageObject\",\"inLanguage\":\"lv-LV\",\"@id\":\"https:\/\/miumjau.ee\/lv\/produkts\/sunu-tenisa-bumbas-dog-comets-l-2-gab-zalas\/#primaryimage\",\"url\":\"https:\/\/miumjau.ee\/wp-content\/uploads\/2025\/03\/manguasi-koerale-dog-comet-tennisepallid3.jpg\",\"contentUrl\":\"https:\/\/miumjau.ee\/wp-content\/uploads\/2025\/03\/manguasi-koerale-dog-comet-tennisepallid3.jpg\",\"width\":600,\"height\":800},{\"@type\":\"BreadcrumbList\",\"@id\":\"https:\/\/miumjau.ee\/lv\/produkts\/sunu-tenisa-bumbas-dog-comets-l-2-gab-zalas\/#breadcrumb\",\"itemListElement\":[{\"@type\":\"ListItem\",\"position\":1,\"name\":\"Home\",\"item\":\"https:\/\/miumjau.ee\/lv\/\"},{\"@type\":\"ListItem\",\"position\":2,\"name\":\"Veikals\",\"item\":\"https:\/\/miumjau.ee\/lv\/veikals\/\"},{\"@type\":\"ListItem\",\"position\":3,\"name\":\"Su\u0146u tenisa bumbas Dog Comets L \u2013 2 gab., za\u013cas\"}]},{\"@type\":\"WebSite\",\"@id\":\"https:\/\/miumjau.ee\/#website\",\"url\":\"https:\/\/miumjau.ee\/\",\"name\":\"MiuMjau\",\"description\":\"Kraapimispuud kassidele\",\"publisher\":{\"@id\":\"https:\/\/miumjau.ee\/#organization\"},\"potentialAction\":[{\"@type\":\"SearchAction\",\"target\":{\"@type\":\"EntryPoint\",\"urlTemplate\":\"https:\/\/miumjau.ee\/?s={search_term_string}\"},\"query-input\":{\"@type\":\"PropertyValueSpecification\",\"valueRequired\":true,\"valueName\":\"search_term_string\"}}],\"inLanguage\":\"lv-LV\"},{\"@type\":\"Organization\",\"@id\":\"https:\/\/miumjau.ee\/#organization\",\"name\":\"MiuMjau O\u00dc\",\"url\":\"https:\/\/miumjau.ee\/\",\"logo\":{\"@type\":\"ImageObject\",\"inLanguage\":\"lv-LV\",\"@id\":\"https:\/\/miumjau.ee\/#\/schema\/logo\/image\/\",\"url\":\"https:\/\/miumjau.ee\/wp-content\/uploads\/2022\/04\/MiuMjau-logo-kollane.png\",\"contentUrl\":\"https:\/\/miumjau.ee\/wp-content\/uploads\/2022\/04\/MiuMjau-logo-kollane.png\",\"width\":219,\"height\":100,\"caption\":\"MiuMjau O\u00dc\"},\"image\":{\"@id\":\"https:\/\/miumjau.ee\/#\/schema\/logo\/image\/\"},\"sameAs\":[\"https:\/\/www.facebook.com\/miumjaupood\/\"]}]}<\/script>\n<!-- \/ Yoast SEO plugin. -->","yoast_head_json":{"title":"Su\u0146u tenisa bumbas Dog Comets L \u2013 2 gab., za\u013cas - MiuMjau","robots":{"index":"index","follow":"follow","max-snippet":"max-snippet:-1","max-image-preview":"max-image-preview:large","max-video-preview":"max-video-preview:-1"},"canonical":"https:\/\/miumjau.ee\/lv\/produkts\/sunu-tenisa-bumbas-dog-comets-l-2-gab-zalas\/","og_locale":"lv_LV","og_type":"article","og_title":"Su\u0146u tenisa bumbas Dog Comets L \u2013 2 gab., za\u013cas - MiuMjau","og_description":"Dog Comets Neutron Star \u2013 \u013coti iztur\u012bgas un augsti atsper\u012bgas tenisa bumbas! \ud83d\ude80 \u0160\u012bs nav parastas tenisa bumbas! Dog Comets Neutron Star ir izstr\u0101d\u0101tas \u012bpa\u0161i su\u0146iem, kuri m\u012bl ko\u0161\u013c\u0101t rota\u013clietas. Pateicoties ekstra biezajam gumijas kodolam, bumbas ir gandr\u012bz neizn\u012bcin\u0101mas un lec \u013coti augstu! \ud83c\udfbe K\u0101p\u0113c \u0161\u012bs bumbas ir \u012bpa\u0161as:\u2714 \u010c\u012bkst\u0113t\u0101js \u2013 papildus prieks ar \u010d\u012bkst\u0113\u0161anu!\u2714 70 % p\u0101rstr\u0101d\u0101ta dab\u012bg\u0101 gumija \u2013 iztur\u012bga un videi draudz\u012bga\u2714 Sp\u0113c\u012bgs gumijas kodols \u2013 \u013coti iztur\u012bgs pret nodilumu\u2714 Dro\u0161as su\u0146a zobiem \u2013 m\u012bksts fl\u012bsa p\u0101rvalks nesaskr\u0101p\u0113\u2714 Aizsarg\u0101ts \u010d\u012bkst\u0113t\u0101js \u2013 sl\u0113gta konstrukcija pasarg\u0101 no \u016bdens un net\u012brumiem\u2714 Super lec \u2013 ide\u0101li met\u0161anai un paka\u013cdz\u012b\u0161anai \ud83d\udef8 Izm\u0113ri:\ud83d\udd39 S \u2013 \u00d8 5 cm\ud83d\udd39 M \u2013 \u00d8 6 cm\ud83d\udd39 L \u2013 \u00d8 7,5 cm Padariet rota\u013cu v\u0113l jautr\u0101ku ar Dog Comets Neutron Star bumb\u0101m \u2013 stipras, augsti lec\u012bgas un iztur\u012bgas rota\u013cu biedres katrai sp\u0113lei! \ud83d\udc36\u2728","og_url":"https:\/\/miumjau.ee\/lv\/produkts\/sunu-tenisa-bumbas-dog-comets-l-2-gab-zalas\/","og_site_name":"MiuMjau","article_publisher":"https:\/\/www.facebook.com\/miumjaupood\/","article_modified_time":"2026-01-07T19:17:05+00:00","og_image":[{"width":600,"height":800,"url":"https:\/\/miumjau.ee\/wp-content\/uploads\/2025\/03\/manguasi-koerale-dog-comet-tennisepallid3.jpg","type":"image\/jpeg"}],"twitter_card":"summary_large_image","schema":{"@context":"https:\/\/schema.org","@graph":[{"@type":"WebPage","@id":"https:\/\/miumjau.ee\/lv\/produkts\/sunu-tenisa-bumbas-dog-comets-l-2-gab-zalas\/","url":"https:\/\/miumjau.ee\/lv\/produkts\/sunu-tenisa-bumbas-dog-comets-l-2-gab-zalas\/","name":"Su\u0146u tenisa bumbas Dog Comets L \u2013 2 gab., za\u013cas - MiuMjau","isPartOf":{"@id":"https:\/\/miumjau.ee\/#website"},"primaryImageOfPage":{"@id":"https:\/\/miumjau.ee\/lv\/produkts\/sunu-tenisa-bumbas-dog-comets-l-2-gab-zalas\/#primaryimage"},"image":{"@id":"https:\/\/miumjau.ee\/lv\/produkts\/sunu-tenisa-bumbas-dog-comets-l-2-gab-zalas\/#primaryimage"},"thumbnailUrl":"https:\/\/miumjau.ee\/wp-content\/uploads\/2025\/03\/manguasi-koerale-dog-comet-tennisepallid3.jpg","datePublished":"2025-03-04T10:58:17+00:00","dateModified":"2026-01-07T19:17:05+00:00","breadcrumb":{"@id":"https:\/\/miumjau.ee\/lv\/produkts\/sunu-tenisa-bumbas-dog-comets-l-2-gab-zalas\/#breadcrumb"},"inLanguage":"lv-LV","potentialAction":[{"@type":"ReadAction","target":["https:\/\/miumjau.ee\/lv\/produkts\/sunu-tenisa-bumbas-dog-comets-l-2-gab-zalas\/"]}]},{"@type":"ImageObject","inLanguage":"lv-LV","@id":"https:\/\/miumjau.ee\/lv\/produkts\/sunu-tenisa-bumbas-dog-comets-l-2-gab-zalas\/#primaryimage","url":"https:\/\/miumjau.ee\/wp-content\/uploads\/2025\/03\/manguasi-koerale-dog-comet-tennisepallid3.jpg","contentUrl":"https:\/\/miumjau.ee\/wp-content\/uploads\/2025\/03\/manguasi-koerale-dog-comet-tennisepallid3.jpg","width":600,"height":800},{"@type":"BreadcrumbList","@id":"https:\/\/miumjau.ee\/lv\/produkts\/sunu-tenisa-bumbas-dog-comets-l-2-gab-zalas\/#breadcrumb","itemListElement":[{"@type":"ListItem","position":1,"name":"Home","item":"https:\/\/miumjau.ee\/lv\/"},{"@type":"ListItem","position":2,"name":"Veikals","item":"https:\/\/miumjau.ee\/lv\/veikals\/"},{"@type":"ListItem","position":3,"name":"Su\u0146u tenisa bumbas Dog Comets L \u2013 2 gab., za\u013cas"}]},{"@type":"WebSite","@id":"https:\/\/miumjau.ee\/#website","url":"https:\/\/miumjau.ee\/","name":"MiuMjau","description":"Kraapimispuud kassidele","publisher":{"@id":"https:\/\/miumjau.ee\/#organization"},"potentialAction":[{"@type":"SearchAction","target":{"@type":"EntryPoint","urlTemplate":"https:\/\/miumjau.ee\/?s={search_term_string}"},"query-input":{"@type":"PropertyValueSpecification","valueRequired":true,"valueName":"search_term_string"}}],"inLanguage":"lv-LV"},{"@type":"Organization","@id":"https:\/\/miumjau.ee\/#organization","name":"MiuMjau O\u00dc","url":"https:\/\/miumjau.ee\/","logo":{"@type":"ImageObject","inLanguage":"lv-LV","@id":"https:\/\/miumjau.ee\/#\/schema\/logo\/image\/","url":"https:\/\/miumjau.ee\/wp-content\/uploads\/2022\/04\/MiuMjau-logo-kollane.png","contentUrl":"https:\/\/miumjau.ee\/wp-content\/uploads\/2022\/04\/MiuMjau-logo-kollane.png","width":219,"height":100,"caption":"MiuMjau O\u00dc"},"image":{"@id":"https:\/\/miumjau.ee\/#\/schema\/logo\/image\/"},"sameAs":["https:\/\/www.facebook.com\/miumjaupood\/"]}]}},"_links":{"self":[{"href":"https:\/\/miumjau.ee\/lv\/wp-json\/wp\/v2\/product\/49045","targetHints":{"allow":["GET"]}}],"collection":[{"href":"https:\/\/miumjau.ee\/lv\/wp-json\/wp\/v2\/product"}],"about":[{"href":"https:\/\/miumjau.ee\/lv\/wp-json\/wp\/v2\/types\/product"}],"wp:featuredmedia":[{"embeddable":true,"href":"https:\/\/miumjau.ee\/lv\/wp-json\/wp\/v2\/media\/49026"}],"wp:attachment":[{"href":"https:\/\/miumjau.ee\/lv\/wp-json\/wp\/v2\/media?parent=49045"}],"wp:term":[{"taxonomy":"product_brand","embeddable":true,"href":"https:\/\/miumjau.ee\/lv\/wp-json\/wp\/v2\/product_brand?post=49045"},{"taxonomy":"product_cat","embeddable":true,"href":"https:\/\/miumjau.ee\/lv\/wp-json\/wp\/v2\/product_cat?post=49045"},{"taxonomy":"product_tag","embeddable":true,"href":"https:\/\/miumjau.ee\/lv\/wp-json\/wp\/v2\/product_tag?post=49045"}],"curies":[{"name":"wp","href":"https:\/\/api.w.org\/{rel}","templated":true}]}}