{"id":49003,"date":"2025-03-04T13:31:41","date_gmt":"2025-03-04T11:31:41","guid":{"rendered":"https:\/\/miumjau.ee\/toode\/sunu-rotallieta-dog-comets-treat-locker-pildama-ar-karumiem\/"},"modified":"2026-01-07T21:17:12","modified_gmt":"2026-01-07T19:17:12","slug":"sunu-rotallieta-dog-comets-treat-locker-pildama-ar-karumiem","status":"publish","type":"product","link":"https:\/\/miumjau.ee\/lv\/produkts\/sunu-rotallieta-dog-comets-treat-locker-pildama-ar-karumiem\/","title":{"rendered":"Su\u0146u rota\u013clieta Dog Comets Treat Locker \u2013 pild\u0101ma ar k\u0101rumiem"},"content":{"rendered":"","protected":false},"excerpt":{"rendered":"<p data-start=\"1844\" data-end=\"1922\"><strong data-start=\"1844\" data-end=\"1922\">Dog Comets Treat Locker \u2013 rota\u013clieta ar k\u0101rumiem, kas ar\u012b t\u012bra zobus! \ud83e\uddb4\ud83d\udef8<\/strong><\/p>\n<p data-start=\"1924\" data-end=\"2134\">Dog Comets Treat Locker ir \u012bpa\u0161a k\u0101rumu rota\u013clieta, kas nodro\u0161ina jautru izklaidi un vienlaikus r\u016bp\u0113jas par su\u0146a zobu vesel\u012bbu! T\u0101 unik\u0101lais dizains pal\u012bdz t\u012br\u012bt zobus un mas\u0113t smaganas, veicinot mutes higi\u0113nu.<\/p>\n<p data-start=\"2136\" data-end=\"2493\">\ud83d\udd39 <strong data-start=\"2139\" data-end=\"2184\">K\u0101p\u0113c izv\u0113l\u0113ties Dog Comets Treat Locker:<\/strong><br data-start=\"2184\" data-end=\"2187\" \/>\u2714 K\u0101ruma sl\u0113ptuve \u2013 aizpildiet ar k\u0101rumiem, lai nodro\u0161in\u0101tu aizraujo\u0161u aktivit\u0101ti<br data-start=\"2268\" data-end=\"2271\" \/>\u2714 Zobu t\u012br\u012b\u0161ana \u2013 tekst\u016bra no\u0146em net\u012brumus un mas\u0113 smaganas<br data-start=\"2330\" data-end=\"2333\" \/>\u2714 Stiprs un elast\u012bgs \u2013 izgatavots no iztur\u012bga TPR gumijas<br data-start=\"2390\" data-end=\"2393\" \/>\u2714 Stimul\u0113 dabisko ko\u0161\u013c\u0101\u0161anas instinktu<br data-start=\"2431\" data-end=\"2434\" \/>\u2714 Izm\u0113rs: \u00d8 7 cm \u2013 piem\u0113rots liel\u0101kajai da\u013cai su\u0146u \u0161\u0137ir\u0146u<\/p>\n<p data-start=\"2495\" data-end=\"2621\">Padariet rota\u013cu laiku jautr\u0101ku un noder\u012bg\u0101ku ar Dog Comets Treat Locker \u2013 ide\u0101la kombin\u0101cija k\u0101rumiem un zobu kop\u0161anai! \ud83d\udc36\ud83d\ude80<\/p>\n","protected":false},"featured_media":49004,"template":"","meta":[],"product_brand":[],"product_cat":[592],"product_tag":[],"class_list":{"0":"post-49003","1":"product","2":"type-product","3":"status-publish","4":"has-post-thumbnail","6":"product_cat-rotallietas-suniem","8":"first","9":"instock","10":"taxable","11":"shipping-taxable","12":"purchasable","13":"product-type-simple"},"yoast_head":"<!-- This site is optimized with the Yoast SEO plugin v27.2 - https:\/\/yoast.com\/product\/yoast-seo-wordpress\/ -->\n<title>Su\u0146u rota\u013clieta Dog Comets Treat Locker \u2013 pild\u0101ma ar k\u0101rumiem - MiuMjau<\/title>\n<meta name=\"robots\" content=\"index, follow, max-snippet:-1, max-image-preview:large, max-video-preview:-1\" \/>\n<link rel=\"canonical\" href=\"https:\/\/miumjau.ee\/lv\/produkts\/sunu-rotallieta-dog-comets-treat-locker-pildama-ar-karumiem\/\" \/>\n<meta property=\"og:locale\" content=\"lv_LV\" \/>\n<meta property=\"og:type\" content=\"article\" \/>\n<meta property=\"og:title\" content=\"Su\u0146u rota\u013clieta Dog Comets Treat Locker \u2013 pild\u0101ma ar k\u0101rumiem - MiuMjau\" \/>\n<meta property=\"og:description\" content=\"Dog Comets Treat Locker \u2013 rota\u013clieta ar k\u0101rumiem, kas ar\u012b t\u012bra zobus! \ud83e\uddb4\ud83d\udef8 Dog Comets Treat Locker ir \u012bpa\u0161a k\u0101rumu rota\u013clieta, kas nodro\u0161ina jautru izklaidi un vienlaikus r\u016bp\u0113jas par su\u0146a zobu vesel\u012bbu! T\u0101 unik\u0101lais dizains pal\u012bdz t\u012br\u012bt zobus un mas\u0113t smaganas, veicinot mutes higi\u0113nu. \ud83d\udd39 K\u0101p\u0113c izv\u0113l\u0113ties Dog Comets Treat Locker:\u2714 K\u0101ruma sl\u0113ptuve \u2013 aizpildiet ar k\u0101rumiem, lai nodro\u0161in\u0101tu aizraujo\u0161u aktivit\u0101ti\u2714 Zobu t\u012br\u012b\u0161ana \u2013 tekst\u016bra no\u0146em net\u012brumus un mas\u0113 smaganas\u2714 Stiprs un elast\u012bgs \u2013 izgatavots no iztur\u012bga TPR gumijas\u2714 Stimul\u0113 dabisko ko\u0161\u013c\u0101\u0161anas instinktu\u2714 Izm\u0113rs: \u00d8 7 cm \u2013 piem\u0113rots liel\u0101kajai da\u013cai su\u0146u \u0161\u0137ir\u0146u Padariet rota\u013cu laiku jautr\u0101ku un noder\u012bg\u0101ku ar Dog Comets Treat Locker \u2013 ide\u0101la kombin\u0101cija k\u0101rumiem un zobu kop\u0161anai! \ud83d\udc36\ud83d\ude80\" \/>\n<meta property=\"og:url\" content=\"https:\/\/miumjau.ee\/lv\/produkts\/sunu-rotallieta-dog-comets-treat-locker-pildama-ar-karumiem\/\" \/>\n<meta property=\"og:site_name\" content=\"MiuMjau\" \/>\n<meta property=\"article:publisher\" content=\"https:\/\/www.facebook.com\/miumjaupood\/\" \/>\n<meta property=\"article:modified_time\" content=\"2026-01-07T19:17:12+00:00\" \/>\n<meta property=\"og:image\" content=\"https:\/\/miumjau.ee\/wp-content\/uploads\/2025\/03\/manguasi-koertele-dog-comets26.jpg\" \/>\n\t<meta property=\"og:image:width\" content=\"600\" \/>\n\t<meta property=\"og:image:height\" content=\"800\" \/>\n\t<meta property=\"og:image:type\" content=\"image\/jpeg\" \/>\n<meta name=\"twitter:card\" content=\"summary_large_image\" \/>\n<script type=\"application\/ld+json\" class=\"yoast-schema-graph\">{\"@context\":\"https:\/\/schema.org\",\"@graph\":[{\"@type\":\"WebPage\",\"@id\":\"https:\/\/miumjau.ee\/lv\/produkts\/sunu-rotallieta-dog-comets-treat-locker-pildama-ar-karumiem\/\",\"url\":\"https:\/\/miumjau.ee\/lv\/produkts\/sunu-rotallieta-dog-comets-treat-locker-pildama-ar-karumiem\/\",\"name\":\"Su\u0146u rota\u013clieta Dog Comets Treat Locker \u2013 pild\u0101ma ar k\u0101rumiem - MiuMjau\",\"isPartOf\":{\"@id\":\"https:\/\/miumjau.ee\/#website\"},\"primaryImageOfPage\":{\"@id\":\"https:\/\/miumjau.ee\/lv\/produkts\/sunu-rotallieta-dog-comets-treat-locker-pildama-ar-karumiem\/#primaryimage\"},\"image\":{\"@id\":\"https:\/\/miumjau.ee\/lv\/produkts\/sunu-rotallieta-dog-comets-treat-locker-pildama-ar-karumiem\/#primaryimage\"},\"thumbnailUrl\":\"https:\/\/miumjau.ee\/wp-content\/uploads\/2025\/03\/manguasi-koertele-dog-comets26.jpg\",\"datePublished\":\"2025-03-04T11:31:41+00:00\",\"dateModified\":\"2026-01-07T19:17:12+00:00\",\"breadcrumb\":{\"@id\":\"https:\/\/miumjau.ee\/lv\/produkts\/sunu-rotallieta-dog-comets-treat-locker-pildama-ar-karumiem\/#breadcrumb\"},\"inLanguage\":\"lv-LV\",\"potentialAction\":[{\"@type\":\"ReadAction\",\"target\":[\"https:\/\/miumjau.ee\/lv\/produkts\/sunu-rotallieta-dog-comets-treat-locker-pildama-ar-karumiem\/\"]}]},{\"@type\":\"ImageObject\",\"inLanguage\":\"lv-LV\",\"@id\":\"https:\/\/miumjau.ee\/lv\/produkts\/sunu-rotallieta-dog-comets-treat-locker-pildama-ar-karumiem\/#primaryimage\",\"url\":\"https:\/\/miumjau.ee\/wp-content\/uploads\/2025\/03\/manguasi-koertele-dog-comets26.jpg\",\"contentUrl\":\"https:\/\/miumjau.ee\/wp-content\/uploads\/2025\/03\/manguasi-koertele-dog-comets26.jpg\",\"width\":600,\"height\":800},{\"@type\":\"BreadcrumbList\",\"@id\":\"https:\/\/miumjau.ee\/lv\/produkts\/sunu-rotallieta-dog-comets-treat-locker-pildama-ar-karumiem\/#breadcrumb\",\"itemListElement\":[{\"@type\":\"ListItem\",\"position\":1,\"name\":\"Home\",\"item\":\"https:\/\/miumjau.ee\/lv\/\"},{\"@type\":\"ListItem\",\"position\":2,\"name\":\"Veikals\",\"item\":\"https:\/\/miumjau.ee\/lv\/veikals\/\"},{\"@type\":\"ListItem\",\"position\":3,\"name\":\"Su\u0146u rota\u013clieta Dog Comets Treat Locker \u2013 pild\u0101ma ar k\u0101rumiem\"}]},{\"@type\":\"WebSite\",\"@id\":\"https:\/\/miumjau.ee\/#website\",\"url\":\"https:\/\/miumjau.ee\/\",\"name\":\"MiuMjau\",\"description\":\"Kraapimispuud kassidele\",\"publisher\":{\"@id\":\"https:\/\/miumjau.ee\/#organization\"},\"potentialAction\":[{\"@type\":\"SearchAction\",\"target\":{\"@type\":\"EntryPoint\",\"urlTemplate\":\"https:\/\/miumjau.ee\/?s={search_term_string}\"},\"query-input\":{\"@type\":\"PropertyValueSpecification\",\"valueRequired\":true,\"valueName\":\"search_term_string\"}}],\"inLanguage\":\"lv-LV\"},{\"@type\":\"Organization\",\"@id\":\"https:\/\/miumjau.ee\/#organization\",\"name\":\"MiuMjau O\u00dc\",\"url\":\"https:\/\/miumjau.ee\/\",\"logo\":{\"@type\":\"ImageObject\",\"inLanguage\":\"lv-LV\",\"@id\":\"https:\/\/miumjau.ee\/#\/schema\/logo\/image\/\",\"url\":\"https:\/\/miumjau.ee\/wp-content\/uploads\/2022\/04\/MiuMjau-logo-kollane.png\",\"contentUrl\":\"https:\/\/miumjau.ee\/wp-content\/uploads\/2022\/04\/MiuMjau-logo-kollane.png\",\"width\":219,\"height\":100,\"caption\":\"MiuMjau O\u00dc\"},\"image\":{\"@id\":\"https:\/\/miumjau.ee\/#\/schema\/logo\/image\/\"},\"sameAs\":[\"https:\/\/www.facebook.com\/miumjaupood\/\"]}]}<\/script>\n<!-- \/ Yoast SEO plugin. -->","yoast_head_json":{"title":"Su\u0146u rota\u013clieta Dog Comets Treat Locker \u2013 pild\u0101ma ar k\u0101rumiem - MiuMjau","robots":{"index":"index","follow":"follow","max-snippet":"max-snippet:-1","max-image-preview":"max-image-preview:large","max-video-preview":"max-video-preview:-1"},"canonical":"https:\/\/miumjau.ee\/lv\/produkts\/sunu-rotallieta-dog-comets-treat-locker-pildama-ar-karumiem\/","og_locale":"lv_LV","og_type":"article","og_title":"Su\u0146u rota\u013clieta Dog Comets Treat Locker \u2013 pild\u0101ma ar k\u0101rumiem - MiuMjau","og_description":"Dog Comets Treat Locker \u2013 rota\u013clieta ar k\u0101rumiem, kas ar\u012b t\u012bra zobus! \ud83e\uddb4\ud83d\udef8 Dog Comets Treat Locker ir \u012bpa\u0161a k\u0101rumu rota\u013clieta, kas nodro\u0161ina jautru izklaidi un vienlaikus r\u016bp\u0113jas par su\u0146a zobu vesel\u012bbu! T\u0101 unik\u0101lais dizains pal\u012bdz t\u012br\u012bt zobus un mas\u0113t smaganas, veicinot mutes higi\u0113nu. \ud83d\udd39 K\u0101p\u0113c izv\u0113l\u0113ties Dog Comets Treat Locker:\u2714 K\u0101ruma sl\u0113ptuve \u2013 aizpildiet ar k\u0101rumiem, lai nodro\u0161in\u0101tu aizraujo\u0161u aktivit\u0101ti\u2714 Zobu t\u012br\u012b\u0161ana \u2013 tekst\u016bra no\u0146em net\u012brumus un mas\u0113 smaganas\u2714 Stiprs un elast\u012bgs \u2013 izgatavots no iztur\u012bga TPR gumijas\u2714 Stimul\u0113 dabisko ko\u0161\u013c\u0101\u0161anas instinktu\u2714 Izm\u0113rs: \u00d8 7 cm \u2013 piem\u0113rots liel\u0101kajai da\u013cai su\u0146u \u0161\u0137ir\u0146u Padariet rota\u013cu laiku jautr\u0101ku un noder\u012bg\u0101ku ar Dog Comets Treat Locker \u2013 ide\u0101la kombin\u0101cija k\u0101rumiem un zobu kop\u0161anai! \ud83d\udc36\ud83d\ude80","og_url":"https:\/\/miumjau.ee\/lv\/produkts\/sunu-rotallieta-dog-comets-treat-locker-pildama-ar-karumiem\/","og_site_name":"MiuMjau","article_publisher":"https:\/\/www.facebook.com\/miumjaupood\/","article_modified_time":"2026-01-07T19:17:12+00:00","og_image":[{"width":600,"height":800,"url":"https:\/\/miumjau.ee\/wp-content\/uploads\/2025\/03\/manguasi-koertele-dog-comets26.jpg","type":"image\/jpeg"}],"twitter_card":"summary_large_image","schema":{"@context":"https:\/\/schema.org","@graph":[{"@type":"WebPage","@id":"https:\/\/miumjau.ee\/lv\/produkts\/sunu-rotallieta-dog-comets-treat-locker-pildama-ar-karumiem\/","url":"https:\/\/miumjau.ee\/lv\/produkts\/sunu-rotallieta-dog-comets-treat-locker-pildama-ar-karumiem\/","name":"Su\u0146u rota\u013clieta Dog Comets Treat Locker \u2013 pild\u0101ma ar k\u0101rumiem - MiuMjau","isPartOf":{"@id":"https:\/\/miumjau.ee\/#website"},"primaryImageOfPage":{"@id":"https:\/\/miumjau.ee\/lv\/produkts\/sunu-rotallieta-dog-comets-treat-locker-pildama-ar-karumiem\/#primaryimage"},"image":{"@id":"https:\/\/miumjau.ee\/lv\/produkts\/sunu-rotallieta-dog-comets-treat-locker-pildama-ar-karumiem\/#primaryimage"},"thumbnailUrl":"https:\/\/miumjau.ee\/wp-content\/uploads\/2025\/03\/manguasi-koertele-dog-comets26.jpg","datePublished":"2025-03-04T11:31:41+00:00","dateModified":"2026-01-07T19:17:12+00:00","breadcrumb":{"@id":"https:\/\/miumjau.ee\/lv\/produkts\/sunu-rotallieta-dog-comets-treat-locker-pildama-ar-karumiem\/#breadcrumb"},"inLanguage":"lv-LV","potentialAction":[{"@type":"ReadAction","target":["https:\/\/miumjau.ee\/lv\/produkts\/sunu-rotallieta-dog-comets-treat-locker-pildama-ar-karumiem\/"]}]},{"@type":"ImageObject","inLanguage":"lv-LV","@id":"https:\/\/miumjau.ee\/lv\/produkts\/sunu-rotallieta-dog-comets-treat-locker-pildama-ar-karumiem\/#primaryimage","url":"https:\/\/miumjau.ee\/wp-content\/uploads\/2025\/03\/manguasi-koertele-dog-comets26.jpg","contentUrl":"https:\/\/miumjau.ee\/wp-content\/uploads\/2025\/03\/manguasi-koertele-dog-comets26.jpg","width":600,"height":800},{"@type":"BreadcrumbList","@id":"https:\/\/miumjau.ee\/lv\/produkts\/sunu-rotallieta-dog-comets-treat-locker-pildama-ar-karumiem\/#breadcrumb","itemListElement":[{"@type":"ListItem","position":1,"name":"Home","item":"https:\/\/miumjau.ee\/lv\/"},{"@type":"ListItem","position":2,"name":"Veikals","item":"https:\/\/miumjau.ee\/lv\/veikals\/"},{"@type":"ListItem","position":3,"name":"Su\u0146u rota\u013clieta Dog Comets Treat Locker \u2013 pild\u0101ma ar k\u0101rumiem"}]},{"@type":"WebSite","@id":"https:\/\/miumjau.ee\/#website","url":"https:\/\/miumjau.ee\/","name":"MiuMjau","description":"Kraapimispuud kassidele","publisher":{"@id":"https:\/\/miumjau.ee\/#organization"},"potentialAction":[{"@type":"SearchAction","target":{"@type":"EntryPoint","urlTemplate":"https:\/\/miumjau.ee\/?s={search_term_string}"},"query-input":{"@type":"PropertyValueSpecification","valueRequired":true,"valueName":"search_term_string"}}],"inLanguage":"lv-LV"},{"@type":"Organization","@id":"https:\/\/miumjau.ee\/#organization","name":"MiuMjau O\u00dc","url":"https:\/\/miumjau.ee\/","logo":{"@type":"ImageObject","inLanguage":"lv-LV","@id":"https:\/\/miumjau.ee\/#\/schema\/logo\/image\/","url":"https:\/\/miumjau.ee\/wp-content\/uploads\/2022\/04\/MiuMjau-logo-kollane.png","contentUrl":"https:\/\/miumjau.ee\/wp-content\/uploads\/2022\/04\/MiuMjau-logo-kollane.png","width":219,"height":100,"caption":"MiuMjau O\u00dc"},"image":{"@id":"https:\/\/miumjau.ee\/#\/schema\/logo\/image\/"},"sameAs":["https:\/\/www.facebook.com\/miumjaupood\/"]}]}},"_links":{"self":[{"href":"https:\/\/miumjau.ee\/lv\/wp-json\/wp\/v2\/product\/49003","targetHints":{"allow":["GET"]}}],"collection":[{"href":"https:\/\/miumjau.ee\/lv\/wp-json\/wp\/v2\/product"}],"about":[{"href":"https:\/\/miumjau.ee\/lv\/wp-json\/wp\/v2\/types\/product"}],"wp:featuredmedia":[{"embeddable":true,"href":"https:\/\/miumjau.ee\/lv\/wp-json\/wp\/v2\/media\/49004"}],"wp:attachment":[{"href":"https:\/\/miumjau.ee\/lv\/wp-json\/wp\/v2\/media?parent=49003"}],"wp:term":[{"taxonomy":"product_brand","embeddable":true,"href":"https:\/\/miumjau.ee\/lv\/wp-json\/wp\/v2\/product_brand?post=49003"},{"taxonomy":"product_cat","embeddable":true,"href":"https:\/\/miumjau.ee\/lv\/wp-json\/wp\/v2\/product_cat?post=49003"},{"taxonomy":"product_tag","embeddable":true,"href":"https:\/\/miumjau.ee\/lv\/wp-json\/wp\/v2\/product_tag?post=49003"}],"curies":[{"name":"wp","href":"https:\/\/api.w.org\/{rel}","templated":true}]}}