{"id":48997,"date":"2025-03-04T13:37:46","date_gmt":"2025-03-04T11:37:46","guid":{"rendered":"https:\/\/miumjau.ee\/toode\/sunu-rotallieta-dog-comets-invaders-roza-m\/"},"modified":"2026-01-07T21:17:12","modified_gmt":"2026-01-07T19:17:12","slug":"sunu-rotallieta-dog-comets-invaders-roza-m","status":"publish","type":"product","link":"https:\/\/miumjau.ee\/lv\/produkts\/sunu-rotallieta-dog-comets-invaders-roza-m\/","title":{"rendered":"Su\u0146u rota\u013clieta Dog Comets Invaders, roz\u0101 M"},"content":{"rendered":"","protected":false},"excerpt":{"rendered":"<p data-start=\"2046\" data-end=\"2124\"><strong data-start=\"2046\" data-end=\"2124\">Dog Comets Invaders \u2013 sve\u0161zemju rad\u012bjumi, kas iekaro j\u016bsu su\u0146a sirdi! \ud83d\udc7d\ud83d\udc36<\/strong><\/p>\n<p data-start=\"2126\" data-end=\"2322\">\u0160ie mazie sve\u0161zemju rad\u012bjumi ir nolaidu\u0161ies uz Zemes un gatavi kop\u0101 ar j\u016bsu suni iekarot pasauli! Dog Comets Invaders me\u0161anas n\u016bja ir ide\u0101la rota\u013clieta, kas apvieno iztur\u012bbu, m\u012bkstumu un jautr\u012bbu.<\/p>\n<p data-start=\"2324\" data-end=\"2814\">\ud83d\ude80 <strong data-start=\"2327\" data-end=\"2384\">K\u0101p\u0113c j\u016bsu suns m\u012bl\u0113s Dog Comets Invaders rota\u013clietu:<\/strong><br data-start=\"2384\" data-end=\"2387\" \/>\u2714 \u010c\u012bksto\u0161a un krak\u0161\u0137o\u0161a \u2013 ieb\u016bv\u0113ts \u010d\u012bksts un krak\u0161\u0137o\u0161s materi\u0101ls v\u0113l liel\u0101kai jautr\u012bbai<br data-start=\"2474\" data-end=\"2477\" \/>\u2714 \u012apa\u0161i stipra un iztur\u012bga \u2013 bl\u012bvs putu iek\u0161\u0113jais sl\u0101nis padara to smag\u0101ku un iztur\u012bg\u0101ku nek\u0101 parast\u0101s su\u0146u rota\u013clietas<br data-start=\"2596\" data-end=\"2599\" \/>\u2714 M\u012bksts pl\u012b\u0161a materi\u0101ls \u2013 ide\u0101li gan sp\u0113l\u0113\u0161anai, gan apsk\u0101vieniem<br data-start=\"2665\" data-end=\"2668\" \/>\u2714 Daudzpus\u012bga izmanto\u0161ana \u2013 piem\u0113rota me\u0161anai, vilk\u0161anai un interakt\u012bv\u0101m sp\u0113l\u0113m<br data-start=\"2747\" data-end=\"2750\" \/>\u2714 Unik\u0101ls dizains \u2013 katram Invaderam ir sava seja un person\u012bba<\/p>\n<p data-start=\"2816\" data-end=\"2946\">Dodiet savam sunim kosmisku rota\u013cu pieredzi ar Dog Comets Invaders \u2013 ide\u0101ls biedrs gan akt\u012bv\u0101m sp\u0113l\u0113m, gan maig\u0101m mirk\u013ciem! \ud83d\udef8\ud83d\udc9a<\/p>\n","protected":false},"featured_media":48998,"template":"","meta":[],"product_brand":[],"product_cat":[592],"product_tag":[],"class_list":{"0":"post-48997","1":"product","2":"type-product","3":"status-publish","4":"has-post-thumbnail","6":"product_cat-rotallietas-suniem","8":"first","9":"instock","10":"taxable","11":"shipping-taxable","12":"purchasable","13":"product-type-simple"},"yoast_head":"<!-- This site is optimized with the Yoast SEO plugin v27.4 - https:\/\/yoast.com\/product\/yoast-seo-wordpress\/ -->\n<title>Su\u0146u rota\u013clieta Dog Comets Invaders, roz\u0101 M - MiuMjau<\/title>\n<meta name=\"robots\" content=\"index, follow, max-snippet:-1, max-image-preview:large, max-video-preview:-1\" \/>\n<link rel=\"canonical\" href=\"https:\/\/miumjau.ee\/lv\/produkts\/sunu-rotallieta-dog-comets-invaders-roza-m\/\" \/>\n<meta property=\"og:locale\" content=\"lv_LV\" \/>\n<meta property=\"og:type\" content=\"article\" \/>\n<meta property=\"og:title\" content=\"Su\u0146u rota\u013clieta Dog Comets Invaders, roz\u0101 M - MiuMjau\" \/>\n<meta property=\"og:description\" content=\"Dog Comets Invaders \u2013 sve\u0161zemju rad\u012bjumi, kas iekaro j\u016bsu su\u0146a sirdi! \ud83d\udc7d\ud83d\udc36 \u0160ie mazie sve\u0161zemju rad\u012bjumi ir nolaidu\u0161ies uz Zemes un gatavi kop\u0101 ar j\u016bsu suni iekarot pasauli! Dog Comets Invaders me\u0161anas n\u016bja ir ide\u0101la rota\u013clieta, kas apvieno iztur\u012bbu, m\u012bkstumu un jautr\u012bbu. \ud83d\ude80 K\u0101p\u0113c j\u016bsu suns m\u012bl\u0113s Dog Comets Invaders rota\u013clietu:\u2714 \u010c\u012bksto\u0161a un krak\u0161\u0137o\u0161a \u2013 ieb\u016bv\u0113ts \u010d\u012bksts un krak\u0161\u0137o\u0161s materi\u0101ls v\u0113l liel\u0101kai jautr\u012bbai\u2714 \u012apa\u0161i stipra un iztur\u012bga \u2013 bl\u012bvs putu iek\u0161\u0113jais sl\u0101nis padara to smag\u0101ku un iztur\u012bg\u0101ku nek\u0101 parast\u0101s su\u0146u rota\u013clietas\u2714 M\u012bksts pl\u012b\u0161a materi\u0101ls \u2013 ide\u0101li gan sp\u0113l\u0113\u0161anai, gan apsk\u0101vieniem\u2714 Daudzpus\u012bga izmanto\u0161ana \u2013 piem\u0113rota me\u0161anai, vilk\u0161anai un interakt\u012bv\u0101m sp\u0113l\u0113m\u2714 Unik\u0101ls dizains \u2013 katram Invaderam ir sava seja un person\u012bba Dodiet savam sunim kosmisku rota\u013cu pieredzi ar Dog Comets Invaders \u2013 ide\u0101ls biedrs gan akt\u012bv\u0101m sp\u0113l\u0113m, gan maig\u0101m mirk\u013ciem! \ud83d\udef8\ud83d\udc9a\" \/>\n<meta property=\"og:url\" content=\"https:\/\/miumjau.ee\/lv\/produkts\/sunu-rotallieta-dog-comets-invaders-roza-m\/\" \/>\n<meta property=\"og:site_name\" content=\"MiuMjau\" \/>\n<meta property=\"article:publisher\" content=\"https:\/\/www.facebook.com\/miumjaupood\/\" \/>\n<meta property=\"article:modified_time\" content=\"2026-01-07T19:17:12+00:00\" \/>\n<meta property=\"og:image\" content=\"https:\/\/miumjau.ee\/wp-content\/uploads\/2025\/03\/manguasi-koertele-dog-comets14.jpg\" \/>\n\t<meta property=\"og:image:width\" content=\"600\" \/>\n\t<meta property=\"og:image:height\" content=\"800\" \/>\n\t<meta property=\"og:image:type\" content=\"image\/jpeg\" \/>\n<meta name=\"twitter:card\" content=\"summary_large_image\" \/>\n<script type=\"application\/ld+json\" class=\"yoast-schema-graph\">{\"@context\":\"https:\\\/\\\/schema.org\",\"@graph\":[{\"@type\":\"WebPage\",\"@id\":\"https:\\\/\\\/miumjau.ee\\\/lv\\\/produkts\\\/sunu-rotallieta-dog-comets-invaders-roza-m\\\/\",\"url\":\"https:\\\/\\\/miumjau.ee\\\/lv\\\/produkts\\\/sunu-rotallieta-dog-comets-invaders-roza-m\\\/\",\"name\":\"Su\u0146u rota\u013clieta Dog Comets Invaders, roz\u0101 M - MiuMjau\",\"isPartOf\":{\"@id\":\"https:\\\/\\\/miumjau.ee\\\/#website\"},\"primaryImageOfPage\":{\"@id\":\"https:\\\/\\\/miumjau.ee\\\/lv\\\/produkts\\\/sunu-rotallieta-dog-comets-invaders-roza-m\\\/#primaryimage\"},\"image\":{\"@id\":\"https:\\\/\\\/miumjau.ee\\\/lv\\\/produkts\\\/sunu-rotallieta-dog-comets-invaders-roza-m\\\/#primaryimage\"},\"thumbnailUrl\":\"https:\\\/\\\/miumjau.ee\\\/wp-content\\\/uploads\\\/2025\\\/03\\\/manguasi-koertele-dog-comets14.jpg\",\"datePublished\":\"2025-03-04T11:37:46+00:00\",\"dateModified\":\"2026-01-07T19:17:12+00:00\",\"breadcrumb\":{\"@id\":\"https:\\\/\\\/miumjau.ee\\\/lv\\\/produkts\\\/sunu-rotallieta-dog-comets-invaders-roza-m\\\/#breadcrumb\"},\"inLanguage\":\"lv-LV\",\"potentialAction\":[{\"@type\":\"ReadAction\",\"target\":[\"https:\\\/\\\/miumjau.ee\\\/lv\\\/produkts\\\/sunu-rotallieta-dog-comets-invaders-roza-m\\\/\"]}]},{\"@type\":\"ImageObject\",\"inLanguage\":\"lv-LV\",\"@id\":\"https:\\\/\\\/miumjau.ee\\\/lv\\\/produkts\\\/sunu-rotallieta-dog-comets-invaders-roza-m\\\/#primaryimage\",\"url\":\"https:\\\/\\\/miumjau.ee\\\/wp-content\\\/uploads\\\/2025\\\/03\\\/manguasi-koertele-dog-comets14.jpg\",\"contentUrl\":\"https:\\\/\\\/miumjau.ee\\\/wp-content\\\/uploads\\\/2025\\\/03\\\/manguasi-koertele-dog-comets14.jpg\",\"width\":600,\"height\":800},{\"@type\":\"BreadcrumbList\",\"@id\":\"https:\\\/\\\/miumjau.ee\\\/lv\\\/produkts\\\/sunu-rotallieta-dog-comets-invaders-roza-m\\\/#breadcrumb\",\"itemListElement\":[{\"@type\":\"ListItem\",\"position\":1,\"name\":\"Home\",\"item\":\"https:\\\/\\\/miumjau.ee\\\/lv\\\/\"},{\"@type\":\"ListItem\",\"position\":2,\"name\":\"Veikals\",\"item\":\"https:\\\/\\\/miumjau.ee\\\/lv\\\/veikals\\\/\"},{\"@type\":\"ListItem\",\"position\":3,\"name\":\"Su\u0146u rota\u013clieta Dog Comets Invaders, roz\u0101 M\"}]},{\"@type\":\"WebSite\",\"@id\":\"https:\\\/\\\/miumjau.ee\\\/#website\",\"url\":\"https:\\\/\\\/miumjau.ee\\\/\",\"name\":\"MiuMjau\",\"description\":\"Kraapimispuud kassidele\",\"publisher\":{\"@id\":\"https:\\\/\\\/miumjau.ee\\\/#organization\"},\"potentialAction\":[{\"@type\":\"SearchAction\",\"target\":{\"@type\":\"EntryPoint\",\"urlTemplate\":\"https:\\\/\\\/miumjau.ee\\\/?s={search_term_string}\"},\"query-input\":{\"@type\":\"PropertyValueSpecification\",\"valueRequired\":true,\"valueName\":\"search_term_string\"}}],\"inLanguage\":\"lv-LV\"},{\"@type\":\"Organization\",\"@id\":\"https:\\\/\\\/miumjau.ee\\\/#organization\",\"name\":\"MiuMjau O\u00dc\",\"url\":\"https:\\\/\\\/miumjau.ee\\\/\",\"logo\":{\"@type\":\"ImageObject\",\"inLanguage\":\"lv-LV\",\"@id\":\"https:\\\/\\\/miumjau.ee\\\/#\\\/schema\\\/logo\\\/image\\\/\",\"url\":\"https:\\\/\\\/miumjau.ee\\\/wp-content\\\/uploads\\\/2022\\\/04\\\/MiuMjau-logo-kollane.png\",\"contentUrl\":\"https:\\\/\\\/miumjau.ee\\\/wp-content\\\/uploads\\\/2022\\\/04\\\/MiuMjau-logo-kollane.png\",\"width\":219,\"height\":100,\"caption\":\"MiuMjau O\u00dc\"},\"image\":{\"@id\":\"https:\\\/\\\/miumjau.ee\\\/#\\\/schema\\\/logo\\\/image\\\/\"},\"sameAs\":[\"https:\\\/\\\/www.facebook.com\\\/miumjaupood\\\/\"]}]}<\/script>\n<!-- \/ Yoast SEO plugin. -->","yoast_head_json":{"title":"Su\u0146u rota\u013clieta Dog Comets Invaders, roz\u0101 M - MiuMjau","robots":{"index":"index","follow":"follow","max-snippet":"max-snippet:-1","max-image-preview":"max-image-preview:large","max-video-preview":"max-video-preview:-1"},"canonical":"https:\/\/miumjau.ee\/lv\/produkts\/sunu-rotallieta-dog-comets-invaders-roza-m\/","og_locale":"lv_LV","og_type":"article","og_title":"Su\u0146u rota\u013clieta Dog Comets Invaders, roz\u0101 M - MiuMjau","og_description":"Dog Comets Invaders \u2013 sve\u0161zemju rad\u012bjumi, kas iekaro j\u016bsu su\u0146a sirdi! \ud83d\udc7d\ud83d\udc36 \u0160ie mazie sve\u0161zemju rad\u012bjumi ir nolaidu\u0161ies uz Zemes un gatavi kop\u0101 ar j\u016bsu suni iekarot pasauli! Dog Comets Invaders me\u0161anas n\u016bja ir ide\u0101la rota\u013clieta, kas apvieno iztur\u012bbu, m\u012bkstumu un jautr\u012bbu. \ud83d\ude80 K\u0101p\u0113c j\u016bsu suns m\u012bl\u0113s Dog Comets Invaders rota\u013clietu:\u2714 \u010c\u012bksto\u0161a un krak\u0161\u0137o\u0161a \u2013 ieb\u016bv\u0113ts \u010d\u012bksts un krak\u0161\u0137o\u0161s materi\u0101ls v\u0113l liel\u0101kai jautr\u012bbai\u2714 \u012apa\u0161i stipra un iztur\u012bga \u2013 bl\u012bvs putu iek\u0161\u0113jais sl\u0101nis padara to smag\u0101ku un iztur\u012bg\u0101ku nek\u0101 parast\u0101s su\u0146u rota\u013clietas\u2714 M\u012bksts pl\u012b\u0161a materi\u0101ls \u2013 ide\u0101li gan sp\u0113l\u0113\u0161anai, gan apsk\u0101vieniem\u2714 Daudzpus\u012bga izmanto\u0161ana \u2013 piem\u0113rota me\u0161anai, vilk\u0161anai un interakt\u012bv\u0101m sp\u0113l\u0113m\u2714 Unik\u0101ls dizains \u2013 katram Invaderam ir sava seja un person\u012bba Dodiet savam sunim kosmisku rota\u013cu pieredzi ar Dog Comets Invaders \u2013 ide\u0101ls biedrs gan akt\u012bv\u0101m sp\u0113l\u0113m, gan maig\u0101m mirk\u013ciem! \ud83d\udef8\ud83d\udc9a","og_url":"https:\/\/miumjau.ee\/lv\/produkts\/sunu-rotallieta-dog-comets-invaders-roza-m\/","og_site_name":"MiuMjau","article_publisher":"https:\/\/www.facebook.com\/miumjaupood\/","article_modified_time":"2026-01-07T19:17:12+00:00","og_image":[{"width":600,"height":800,"url":"https:\/\/miumjau.ee\/wp-content\/uploads\/2025\/03\/manguasi-koertele-dog-comets14.jpg","type":"image\/jpeg"}],"twitter_card":"summary_large_image","schema":{"@context":"https:\/\/schema.org","@graph":[{"@type":"WebPage","@id":"https:\/\/miumjau.ee\/lv\/produkts\/sunu-rotallieta-dog-comets-invaders-roza-m\/","url":"https:\/\/miumjau.ee\/lv\/produkts\/sunu-rotallieta-dog-comets-invaders-roza-m\/","name":"Su\u0146u rota\u013clieta Dog Comets Invaders, roz\u0101 M - MiuMjau","isPartOf":{"@id":"https:\/\/miumjau.ee\/#website"},"primaryImageOfPage":{"@id":"https:\/\/miumjau.ee\/lv\/produkts\/sunu-rotallieta-dog-comets-invaders-roza-m\/#primaryimage"},"image":{"@id":"https:\/\/miumjau.ee\/lv\/produkts\/sunu-rotallieta-dog-comets-invaders-roza-m\/#primaryimage"},"thumbnailUrl":"https:\/\/miumjau.ee\/wp-content\/uploads\/2025\/03\/manguasi-koertele-dog-comets14.jpg","datePublished":"2025-03-04T11:37:46+00:00","dateModified":"2026-01-07T19:17:12+00:00","breadcrumb":{"@id":"https:\/\/miumjau.ee\/lv\/produkts\/sunu-rotallieta-dog-comets-invaders-roza-m\/#breadcrumb"},"inLanguage":"lv-LV","potentialAction":[{"@type":"ReadAction","target":["https:\/\/miumjau.ee\/lv\/produkts\/sunu-rotallieta-dog-comets-invaders-roza-m\/"]}]},{"@type":"ImageObject","inLanguage":"lv-LV","@id":"https:\/\/miumjau.ee\/lv\/produkts\/sunu-rotallieta-dog-comets-invaders-roza-m\/#primaryimage","url":"https:\/\/miumjau.ee\/wp-content\/uploads\/2025\/03\/manguasi-koertele-dog-comets14.jpg","contentUrl":"https:\/\/miumjau.ee\/wp-content\/uploads\/2025\/03\/manguasi-koertele-dog-comets14.jpg","width":600,"height":800},{"@type":"BreadcrumbList","@id":"https:\/\/miumjau.ee\/lv\/produkts\/sunu-rotallieta-dog-comets-invaders-roza-m\/#breadcrumb","itemListElement":[{"@type":"ListItem","position":1,"name":"Home","item":"https:\/\/miumjau.ee\/lv\/"},{"@type":"ListItem","position":2,"name":"Veikals","item":"https:\/\/miumjau.ee\/lv\/veikals\/"},{"@type":"ListItem","position":3,"name":"Su\u0146u rota\u013clieta Dog Comets Invaders, roz\u0101 M"}]},{"@type":"WebSite","@id":"https:\/\/miumjau.ee\/#website","url":"https:\/\/miumjau.ee\/","name":"MiuMjau","description":"Kraapimispuud kassidele","publisher":{"@id":"https:\/\/miumjau.ee\/#organization"},"potentialAction":[{"@type":"SearchAction","target":{"@type":"EntryPoint","urlTemplate":"https:\/\/miumjau.ee\/?s={search_term_string}"},"query-input":{"@type":"PropertyValueSpecification","valueRequired":true,"valueName":"search_term_string"}}],"inLanguage":"lv-LV"},{"@type":"Organization","@id":"https:\/\/miumjau.ee\/#organization","name":"MiuMjau O\u00dc","url":"https:\/\/miumjau.ee\/","logo":{"@type":"ImageObject","inLanguage":"lv-LV","@id":"https:\/\/miumjau.ee\/#\/schema\/logo\/image\/","url":"https:\/\/miumjau.ee\/wp-content\/uploads\/2022\/04\/MiuMjau-logo-kollane.png","contentUrl":"https:\/\/miumjau.ee\/wp-content\/uploads\/2022\/04\/MiuMjau-logo-kollane.png","width":219,"height":100,"caption":"MiuMjau O\u00dc"},"image":{"@id":"https:\/\/miumjau.ee\/#\/schema\/logo\/image\/"},"sameAs":["https:\/\/www.facebook.com\/miumjaupood\/"]}]}},"_links":{"self":[{"href":"https:\/\/miumjau.ee\/lv\/wp-json\/wp\/v2\/product\/48997","targetHints":{"allow":["GET"]}}],"collection":[{"href":"https:\/\/miumjau.ee\/lv\/wp-json\/wp\/v2\/product"}],"about":[{"href":"https:\/\/miumjau.ee\/lv\/wp-json\/wp\/v2\/types\/product"}],"wp:featuredmedia":[{"embeddable":true,"href":"https:\/\/miumjau.ee\/lv\/wp-json\/wp\/v2\/media\/48998"}],"wp:attachment":[{"href":"https:\/\/miumjau.ee\/lv\/wp-json\/wp\/v2\/media?parent=48997"}],"wp:term":[{"taxonomy":"product_brand","embeddable":true,"href":"https:\/\/miumjau.ee\/lv\/wp-json\/wp\/v2\/product_brand?post=48997"},{"taxonomy":"product_cat","embeddable":true,"href":"https:\/\/miumjau.ee\/lv\/wp-json\/wp\/v2\/product_cat?post=48997"},{"taxonomy":"product_tag","embeddable":true,"href":"https:\/\/miumjau.ee\/lv\/wp-json\/wp\/v2\/product_tag?post=48997"}],"curies":[{"name":"wp","href":"https:\/\/api.w.org\/{rel}","templated":true}]}}