{"id":48991,"date":"2025-03-04T14:23:05","date_gmt":"2025-03-04T12:23:05","guid":{"rendered":"https:\/\/miumjau.ee\/toode\/sunu-rotallieta-dog-comets-alien-octo-m-oranza\/"},"modified":"2026-01-07T21:17:12","modified_gmt":"2026-01-07T19:17:12","slug":"sunu-rotallieta-dog-comets-alien-octo-m-oranza","status":"publish","type":"product","link":"https:\/\/miumjau.ee\/lv\/produkts\/sunu-rotallieta-dog-comets-alien-octo-m-oranza\/","title":{"rendered":"Su\u0146u rota\u013clieta Dog Comets Alien Octo M, oran\u017ea"},"content":{"rendered":"","protected":false},"excerpt":{"rendered":"<p data-start=\"1989\" data-end=\"2060\"><strong data-start=\"1989\" data-end=\"2060\">Dog Comets Alien Octo \u2013 sve\u0161zemju asto\u0146k\u0101ja kosmiskas rota\u013cas! \ud83d\udef8\ud83d\udc19<\/strong><\/p>\n<p data-start=\"2062\" data-end=\"2280\">Dog Comets Alien Octo ir nolaidies uz Zemes un gatavs aizvest j\u016bsu suni aizraujo\u0161\u0101 piedz\u012bvojum\u0101! \u0160is jautrais sve\u0161zemju draugs ir apr\u012bkots ar \u010d\u012bksto\u0161u galvu un krak\u0161\u0137o\u0161\u0101m k\u0101ji\u0146\u0101m, padarot rota\u013cu laiku v\u0113l aizraujo\u0161\u0101ku.<\/p>\n<p data-start=\"2282\" data-end=\"2625\">\ud83d\udc7e <strong data-start=\"2285\" data-end=\"2322\">K\u0101p\u0113c j\u016bsu suns m\u012bl\u0113s Alien Octo:<\/strong><br data-start=\"2322\" data-end=\"2325\" \/>\u2714 Dubult\u0161uves \u2013 \u012bpa\u0161i iztur\u012bgs un pl\u0113\u0161anai iztur\u012bgs<br data-start=\"2376\" data-end=\"2379\" \/>\u2714 \u010c\u012bksto\u0161a galva \u2013 pievieno rota\u013cprieku un stimul\u0113 interesi<br data-start=\"2438\" data-end=\"2441\" \/>\u2714 Krak\u0161\u0137o\u0161i tentak\u013ci \u2013 aicina ko\u0161\u013c\u0101t un sp\u0113l\u0113ties<br data-start=\"2490\" data-end=\"2493\" \/>\u2714 Peld \u016bden\u012b \u2013 ide\u0101li piem\u0113rots \u016bdens rota\u013c\u0101m un aporto\u0161anai<br data-start=\"2553\" data-end=\"2556\" \/>\u2714 Jautrs dizains \u2013 pieejams 3 kr\u0101su vari\u0101cij\u0101s, katram unik\u0101la seja<\/p>\n<p data-start=\"2627\" data-end=\"2673\">\ud83d\udccf <strong data-start=\"2630\" data-end=\"2641\">Izm\u0113ri:<\/strong><br data-start=\"2641\" data-end=\"2644\" \/>\ud83d\udd39 M \u2013 28 cm<br data-start=\"2656\" data-end=\"2659\" \/>\ud83d\udd39 L \u2013 37 cm<\/p>\n<p data-start=\"2675\" data-end=\"2828\">Dodiet savam sunim kosmisku rota\u013cu biedru sp\u0113l\u0113\u0161anai, ko\u0161\u013c\u0101\u0161anai un \u016bdens piedz\u012bvojumiem \u2013 Dog Comets Alien Octo nodro\u0161ina nenogurdin\u0101mu jautr\u012bbu! \ud83d\ude80\ud83d\udc3e<\/p>\n","protected":false},"featured_media":48992,"template":"","meta":[],"product_brand":[],"product_cat":[592],"product_tag":[],"class_list":{"0":"post-48991","1":"product","2":"type-product","3":"status-publish","4":"has-post-thumbnail","6":"product_cat-rotallietas-suniem","8":"first","9":"instock","10":"taxable","11":"shipping-taxable","12":"purchasable","13":"product-type-simple"},"yoast_head":"<!-- This site is optimized with the Yoast SEO plugin v27.2 - https:\/\/yoast.com\/product\/yoast-seo-wordpress\/ -->\n<title>Su\u0146u rota\u013clieta Dog Comets Alien Octo M, oran\u017ea - MiuMjau<\/title>\n<meta name=\"robots\" content=\"index, follow, max-snippet:-1, max-image-preview:large, max-video-preview:-1\" \/>\n<link rel=\"canonical\" href=\"https:\/\/miumjau.ee\/lv\/produkts\/sunu-rotallieta-dog-comets-alien-octo-m-oranza\/\" \/>\n<meta property=\"og:locale\" content=\"lv_LV\" \/>\n<meta property=\"og:type\" content=\"article\" \/>\n<meta property=\"og:title\" content=\"Su\u0146u rota\u013clieta Dog Comets Alien Octo M, oran\u017ea - MiuMjau\" \/>\n<meta property=\"og:description\" content=\"Dog Comets Alien Octo \u2013 sve\u0161zemju asto\u0146k\u0101ja kosmiskas rota\u013cas! \ud83d\udef8\ud83d\udc19 Dog Comets Alien Octo ir nolaidies uz Zemes un gatavs aizvest j\u016bsu suni aizraujo\u0161\u0101 piedz\u012bvojum\u0101! \u0160is jautrais sve\u0161zemju draugs ir apr\u012bkots ar \u010d\u012bksto\u0161u galvu un krak\u0161\u0137o\u0161\u0101m k\u0101ji\u0146\u0101m, padarot rota\u013cu laiku v\u0113l aizraujo\u0161\u0101ku. \ud83d\udc7e K\u0101p\u0113c j\u016bsu suns m\u012bl\u0113s Alien Octo:\u2714 Dubult\u0161uves \u2013 \u012bpa\u0161i iztur\u012bgs un pl\u0113\u0161anai iztur\u012bgs\u2714 \u010c\u012bksto\u0161a galva \u2013 pievieno rota\u013cprieku un stimul\u0113 interesi\u2714 Krak\u0161\u0137o\u0161i tentak\u013ci \u2013 aicina ko\u0161\u013c\u0101t un sp\u0113l\u0113ties\u2714 Peld \u016bden\u012b \u2013 ide\u0101li piem\u0113rots \u016bdens rota\u013c\u0101m un aporto\u0161anai\u2714 Jautrs dizains \u2013 pieejams 3 kr\u0101su vari\u0101cij\u0101s, katram unik\u0101la seja \ud83d\udccf Izm\u0113ri:\ud83d\udd39 M \u2013 28 cm\ud83d\udd39 L \u2013 37 cm Dodiet savam sunim kosmisku rota\u013cu biedru sp\u0113l\u0113\u0161anai, ko\u0161\u013c\u0101\u0161anai un \u016bdens piedz\u012bvojumiem \u2013 Dog Comets Alien Octo nodro\u0161ina nenogurdin\u0101mu jautr\u012bbu! \ud83d\ude80\ud83d\udc3e\" \/>\n<meta property=\"og:url\" content=\"https:\/\/miumjau.ee\/lv\/produkts\/sunu-rotallieta-dog-comets-alien-octo-m-oranza\/\" \/>\n<meta property=\"og:site_name\" content=\"MiuMjau\" \/>\n<meta property=\"article:publisher\" content=\"https:\/\/www.facebook.com\/miumjaupood\/\" \/>\n<meta property=\"article:modified_time\" content=\"2026-01-07T19:17:12+00:00\" \/>\n<meta property=\"og:image\" content=\"https:\/\/miumjau.ee\/wp-content\/uploads\/2025\/03\/manguasi-koertele-dog-comets23.jpg\" \/>\n\t<meta property=\"og:image:width\" content=\"600\" \/>\n\t<meta property=\"og:image:height\" content=\"800\" \/>\n\t<meta property=\"og:image:type\" content=\"image\/jpeg\" \/>\n<meta name=\"twitter:card\" content=\"summary_large_image\" \/>\n<script type=\"application\/ld+json\" class=\"yoast-schema-graph\">{\"@context\":\"https:\/\/schema.org\",\"@graph\":[{\"@type\":\"WebPage\",\"@id\":\"https:\/\/miumjau.ee\/lv\/produkts\/sunu-rotallieta-dog-comets-alien-octo-m-oranza\/\",\"url\":\"https:\/\/miumjau.ee\/lv\/produkts\/sunu-rotallieta-dog-comets-alien-octo-m-oranza\/\",\"name\":\"Su\u0146u rota\u013clieta Dog Comets Alien Octo M, oran\u017ea - MiuMjau\",\"isPartOf\":{\"@id\":\"https:\/\/miumjau.ee\/#website\"},\"primaryImageOfPage\":{\"@id\":\"https:\/\/miumjau.ee\/lv\/produkts\/sunu-rotallieta-dog-comets-alien-octo-m-oranza\/#primaryimage\"},\"image\":{\"@id\":\"https:\/\/miumjau.ee\/lv\/produkts\/sunu-rotallieta-dog-comets-alien-octo-m-oranza\/#primaryimage\"},\"thumbnailUrl\":\"https:\/\/miumjau.ee\/wp-content\/uploads\/2025\/03\/manguasi-koertele-dog-comets23.jpg\",\"datePublished\":\"2025-03-04T12:23:05+00:00\",\"dateModified\":\"2026-01-07T19:17:12+00:00\",\"breadcrumb\":{\"@id\":\"https:\/\/miumjau.ee\/lv\/produkts\/sunu-rotallieta-dog-comets-alien-octo-m-oranza\/#breadcrumb\"},\"inLanguage\":\"lv-LV\",\"potentialAction\":[{\"@type\":\"ReadAction\",\"target\":[\"https:\/\/miumjau.ee\/lv\/produkts\/sunu-rotallieta-dog-comets-alien-octo-m-oranza\/\"]}]},{\"@type\":\"ImageObject\",\"inLanguage\":\"lv-LV\",\"@id\":\"https:\/\/miumjau.ee\/lv\/produkts\/sunu-rotallieta-dog-comets-alien-octo-m-oranza\/#primaryimage\",\"url\":\"https:\/\/miumjau.ee\/wp-content\/uploads\/2025\/03\/manguasi-koertele-dog-comets23.jpg\",\"contentUrl\":\"https:\/\/miumjau.ee\/wp-content\/uploads\/2025\/03\/manguasi-koertele-dog-comets23.jpg\",\"width\":600,\"height\":800},{\"@type\":\"BreadcrumbList\",\"@id\":\"https:\/\/miumjau.ee\/lv\/produkts\/sunu-rotallieta-dog-comets-alien-octo-m-oranza\/#breadcrumb\",\"itemListElement\":[{\"@type\":\"ListItem\",\"position\":1,\"name\":\"Home\",\"item\":\"https:\/\/miumjau.ee\/lv\/\"},{\"@type\":\"ListItem\",\"position\":2,\"name\":\"Veikals\",\"item\":\"https:\/\/miumjau.ee\/lv\/veikals\/\"},{\"@type\":\"ListItem\",\"position\":3,\"name\":\"Su\u0146u rota\u013clieta Dog Comets Alien Octo M, oran\u017ea\"}]},{\"@type\":\"WebSite\",\"@id\":\"https:\/\/miumjau.ee\/#website\",\"url\":\"https:\/\/miumjau.ee\/\",\"name\":\"MiuMjau\",\"description\":\"Kraapimispuud kassidele\",\"publisher\":{\"@id\":\"https:\/\/miumjau.ee\/#organization\"},\"potentialAction\":[{\"@type\":\"SearchAction\",\"target\":{\"@type\":\"EntryPoint\",\"urlTemplate\":\"https:\/\/miumjau.ee\/?s={search_term_string}\"},\"query-input\":{\"@type\":\"PropertyValueSpecification\",\"valueRequired\":true,\"valueName\":\"search_term_string\"}}],\"inLanguage\":\"lv-LV\"},{\"@type\":\"Organization\",\"@id\":\"https:\/\/miumjau.ee\/#organization\",\"name\":\"MiuMjau O\u00dc\",\"url\":\"https:\/\/miumjau.ee\/\",\"logo\":{\"@type\":\"ImageObject\",\"inLanguage\":\"lv-LV\",\"@id\":\"https:\/\/miumjau.ee\/#\/schema\/logo\/image\/\",\"url\":\"https:\/\/miumjau.ee\/wp-content\/uploads\/2022\/04\/MiuMjau-logo-kollane.png\",\"contentUrl\":\"https:\/\/miumjau.ee\/wp-content\/uploads\/2022\/04\/MiuMjau-logo-kollane.png\",\"width\":219,\"height\":100,\"caption\":\"MiuMjau O\u00dc\"},\"image\":{\"@id\":\"https:\/\/miumjau.ee\/#\/schema\/logo\/image\/\"},\"sameAs\":[\"https:\/\/www.facebook.com\/miumjaupood\/\"]}]}<\/script>\n<!-- \/ Yoast SEO plugin. -->","yoast_head_json":{"title":"Su\u0146u rota\u013clieta Dog Comets Alien Octo M, oran\u017ea - MiuMjau","robots":{"index":"index","follow":"follow","max-snippet":"max-snippet:-1","max-image-preview":"max-image-preview:large","max-video-preview":"max-video-preview:-1"},"canonical":"https:\/\/miumjau.ee\/lv\/produkts\/sunu-rotallieta-dog-comets-alien-octo-m-oranza\/","og_locale":"lv_LV","og_type":"article","og_title":"Su\u0146u rota\u013clieta Dog Comets Alien Octo M, oran\u017ea - MiuMjau","og_description":"Dog Comets Alien Octo \u2013 sve\u0161zemju asto\u0146k\u0101ja kosmiskas rota\u013cas! \ud83d\udef8\ud83d\udc19 Dog Comets Alien Octo ir nolaidies uz Zemes un gatavs aizvest j\u016bsu suni aizraujo\u0161\u0101 piedz\u012bvojum\u0101! \u0160is jautrais sve\u0161zemju draugs ir apr\u012bkots ar \u010d\u012bksto\u0161u galvu un krak\u0161\u0137o\u0161\u0101m k\u0101ji\u0146\u0101m, padarot rota\u013cu laiku v\u0113l aizraujo\u0161\u0101ku. \ud83d\udc7e K\u0101p\u0113c j\u016bsu suns m\u012bl\u0113s Alien Octo:\u2714 Dubult\u0161uves \u2013 \u012bpa\u0161i iztur\u012bgs un pl\u0113\u0161anai iztur\u012bgs\u2714 \u010c\u012bksto\u0161a galva \u2013 pievieno rota\u013cprieku un stimul\u0113 interesi\u2714 Krak\u0161\u0137o\u0161i tentak\u013ci \u2013 aicina ko\u0161\u013c\u0101t un sp\u0113l\u0113ties\u2714 Peld \u016bden\u012b \u2013 ide\u0101li piem\u0113rots \u016bdens rota\u013c\u0101m un aporto\u0161anai\u2714 Jautrs dizains \u2013 pieejams 3 kr\u0101su vari\u0101cij\u0101s, katram unik\u0101la seja \ud83d\udccf Izm\u0113ri:\ud83d\udd39 M \u2013 28 cm\ud83d\udd39 L \u2013 37 cm Dodiet savam sunim kosmisku rota\u013cu biedru sp\u0113l\u0113\u0161anai, ko\u0161\u013c\u0101\u0161anai un \u016bdens piedz\u012bvojumiem \u2013 Dog Comets Alien Octo nodro\u0161ina nenogurdin\u0101mu jautr\u012bbu! \ud83d\ude80\ud83d\udc3e","og_url":"https:\/\/miumjau.ee\/lv\/produkts\/sunu-rotallieta-dog-comets-alien-octo-m-oranza\/","og_site_name":"MiuMjau","article_publisher":"https:\/\/www.facebook.com\/miumjaupood\/","article_modified_time":"2026-01-07T19:17:12+00:00","og_image":[{"width":600,"height":800,"url":"https:\/\/miumjau.ee\/wp-content\/uploads\/2025\/03\/manguasi-koertele-dog-comets23.jpg","type":"image\/jpeg"}],"twitter_card":"summary_large_image","schema":{"@context":"https:\/\/schema.org","@graph":[{"@type":"WebPage","@id":"https:\/\/miumjau.ee\/lv\/produkts\/sunu-rotallieta-dog-comets-alien-octo-m-oranza\/","url":"https:\/\/miumjau.ee\/lv\/produkts\/sunu-rotallieta-dog-comets-alien-octo-m-oranza\/","name":"Su\u0146u rota\u013clieta Dog Comets Alien Octo M, oran\u017ea - MiuMjau","isPartOf":{"@id":"https:\/\/miumjau.ee\/#website"},"primaryImageOfPage":{"@id":"https:\/\/miumjau.ee\/lv\/produkts\/sunu-rotallieta-dog-comets-alien-octo-m-oranza\/#primaryimage"},"image":{"@id":"https:\/\/miumjau.ee\/lv\/produkts\/sunu-rotallieta-dog-comets-alien-octo-m-oranza\/#primaryimage"},"thumbnailUrl":"https:\/\/miumjau.ee\/wp-content\/uploads\/2025\/03\/manguasi-koertele-dog-comets23.jpg","datePublished":"2025-03-04T12:23:05+00:00","dateModified":"2026-01-07T19:17:12+00:00","breadcrumb":{"@id":"https:\/\/miumjau.ee\/lv\/produkts\/sunu-rotallieta-dog-comets-alien-octo-m-oranza\/#breadcrumb"},"inLanguage":"lv-LV","potentialAction":[{"@type":"ReadAction","target":["https:\/\/miumjau.ee\/lv\/produkts\/sunu-rotallieta-dog-comets-alien-octo-m-oranza\/"]}]},{"@type":"ImageObject","inLanguage":"lv-LV","@id":"https:\/\/miumjau.ee\/lv\/produkts\/sunu-rotallieta-dog-comets-alien-octo-m-oranza\/#primaryimage","url":"https:\/\/miumjau.ee\/wp-content\/uploads\/2025\/03\/manguasi-koertele-dog-comets23.jpg","contentUrl":"https:\/\/miumjau.ee\/wp-content\/uploads\/2025\/03\/manguasi-koertele-dog-comets23.jpg","width":600,"height":800},{"@type":"BreadcrumbList","@id":"https:\/\/miumjau.ee\/lv\/produkts\/sunu-rotallieta-dog-comets-alien-octo-m-oranza\/#breadcrumb","itemListElement":[{"@type":"ListItem","position":1,"name":"Home","item":"https:\/\/miumjau.ee\/lv\/"},{"@type":"ListItem","position":2,"name":"Veikals","item":"https:\/\/miumjau.ee\/lv\/veikals\/"},{"@type":"ListItem","position":3,"name":"Su\u0146u rota\u013clieta Dog Comets Alien Octo M, oran\u017ea"}]},{"@type":"WebSite","@id":"https:\/\/miumjau.ee\/#website","url":"https:\/\/miumjau.ee\/","name":"MiuMjau","description":"Kraapimispuud kassidele","publisher":{"@id":"https:\/\/miumjau.ee\/#organization"},"potentialAction":[{"@type":"SearchAction","target":{"@type":"EntryPoint","urlTemplate":"https:\/\/miumjau.ee\/?s={search_term_string}"},"query-input":{"@type":"PropertyValueSpecification","valueRequired":true,"valueName":"search_term_string"}}],"inLanguage":"lv-LV"},{"@type":"Organization","@id":"https:\/\/miumjau.ee\/#organization","name":"MiuMjau O\u00dc","url":"https:\/\/miumjau.ee\/","logo":{"@type":"ImageObject","inLanguage":"lv-LV","@id":"https:\/\/miumjau.ee\/#\/schema\/logo\/image\/","url":"https:\/\/miumjau.ee\/wp-content\/uploads\/2022\/04\/MiuMjau-logo-kollane.png","contentUrl":"https:\/\/miumjau.ee\/wp-content\/uploads\/2022\/04\/MiuMjau-logo-kollane.png","width":219,"height":100,"caption":"MiuMjau O\u00dc"},"image":{"@id":"https:\/\/miumjau.ee\/#\/schema\/logo\/image\/"},"sameAs":["https:\/\/www.facebook.com\/miumjaupood\/"]}]}},"_links":{"self":[{"href":"https:\/\/miumjau.ee\/lv\/wp-json\/wp\/v2\/product\/48991","targetHints":{"allow":["GET"]}}],"collection":[{"href":"https:\/\/miumjau.ee\/lv\/wp-json\/wp\/v2\/product"}],"about":[{"href":"https:\/\/miumjau.ee\/lv\/wp-json\/wp\/v2\/types\/product"}],"wp:featuredmedia":[{"embeddable":true,"href":"https:\/\/miumjau.ee\/lv\/wp-json\/wp\/v2\/media\/48992"}],"wp:attachment":[{"href":"https:\/\/miumjau.ee\/lv\/wp-json\/wp\/v2\/media?parent=48991"}],"wp:term":[{"taxonomy":"product_brand","embeddable":true,"href":"https:\/\/miumjau.ee\/lv\/wp-json\/wp\/v2\/product_brand?post=48991"},{"taxonomy":"product_cat","embeddable":true,"href":"https:\/\/miumjau.ee\/lv\/wp-json\/wp\/v2\/product_cat?post=48991"},{"taxonomy":"product_tag","embeddable":true,"href":"https:\/\/miumjau.ee\/lv\/wp-json\/wp\/v2\/product_tag?post=48991"}],"curies":[{"name":"wp","href":"https:\/\/api.w.org\/{rel}","templated":true}]}}