{"id":48978,"date":"2025-03-05T09:45:11","date_gmt":"2025-03-05T07:45:11","guid":{"rendered":"https:\/\/miumjau.ee\/toode\/miksta-bumba-suniem-iekstelpu-spelem-chuckit-indoor\/"},"modified":"2026-01-07T21:17:12","modified_gmt":"2026-01-07T19:17:12","slug":"miksta-bumba-suniem-iekstelpu-spelem-chuckit-indoor","status":"publish","type":"product","link":"https:\/\/miumjau.ee\/lv\/produkts\/miksta-bumba-suniem-iekstelpu-spelem-chuckit-indoor\/","title":{"rendered":"M\u012bksta bumba su\u0146iem iek\u0161telpu sp\u0113l\u0113m Chuckit! Indoor"},"content":{"rendered":"","protected":false},"excerpt":{"rendered":"<p data-start=\"2153\" data-end=\"2223\"><strong data-start=\"2153\" data-end=\"2223\">Chuckit! Indoor Ball \u2013 m\u012bksta bumba dro\u0161ai sp\u0113lei iek\u0161telp\u0101s! \ud83c\udfe0\ud83d\udc36<\/strong><\/p>\n<p data-start=\"2225\" data-end=\"2450\">Vai j\u016bsu suns m\u012bl \u0137ert bumbu, bet j\u016bs nev\u0113laties uztraukties par trausliem priek\u0161metiem? Chuckit! Indoor Ball ir \u012bpa\u0161i rad\u012bta iek\u0161telpu sp\u0113l\u0113m \u2013 t\u0101 ir m\u012bksta, klusa un lec, nodro\u0161inot dro\u0161u jautr\u012bbu gan sunim, gan j\u016bsu m\u0101jai!<\/p>\n<p data-start=\"2452\" data-end=\"2857\">\ud83c\udfbe <strong data-start=\"2455\" data-end=\"2497\">K\u0101p\u0113c izv\u0113l\u0113ties Chuckit! Indoor Ball?<\/strong><br data-start=\"2497\" data-end=\"2500\" \/>\u2714 Bounceflex Core tehnolo\u0123ija \u2013 nodro\u0161ina m\u012bkstumu un vieglu lecienu<br data-start=\"2568\" data-end=\"2571\" \/>\u2714 Dro\u0161a iek\u0161telp\u0101s \u2013 nekait\u0113 m\u0113bel\u0113m vai sien\u0101m<br data-start=\"2618\" data-end=\"2621\" \/>\u2714 Klusa rota\u013clieta \u2013 m\u012bksts chenille p\u0101rkl\u0101jums samazina troksni un aizsarg\u0101 gr\u012bdas<br data-start=\"2704\" data-end=\"2707\" \/>\u2714 Saglab\u0101 formu \u2013 stabila putu serde saglab\u0101 formu ar\u012b ilgsto\u0161as sp\u0113les laik\u0101<br data-start=\"2784\" data-end=\"2787\" \/>\u2714 Perfekts lecienu \u2013 daudzsl\u0101\u0146u konstrukcija pievieno rota\u013cas prieku<\/p>\n<p data-start=\"2859\" data-end=\"2924\">\ud83d\udccf <strong data-start=\"2862\" data-end=\"2873\">Izm\u0113rs:<\/strong><br data-start=\"2873\" data-end=\"2876\" \/>\ud83d\udd39 \u00d8 12 cm \u2013 ide\u0101la vid\u0113jiem un lieliem su\u0146iem<\/p>\n<p data-start=\"2926\" data-end=\"3070\">Izbaudi bezr\u016bp\u012bgu un jautru sp\u0113\u013cu laiku iek\u0161telp\u0101s ar Chuckit! Indoor Ball \u2013 dro\u0161a, m\u012bksta un lec\u012bga rota\u013clieta katram rota\u013c\u012bgajam sunim! \ud83d\udc3e\ud83c\udfe1<\/p>\n","protected":false},"featured_media":48974,"template":"","meta":[],"product_brand":[],"product_cat":[592],"product_tag":[],"class_list":{"0":"post-48978","1":"product","2":"type-product","3":"status-publish","4":"has-post-thumbnail","6":"product_cat-rotallietas-suniem","8":"first","9":"instock","10":"taxable","11":"shipping-taxable","12":"purchasable","13":"product-type-simple"},"yoast_head":"<!-- This site is optimized with the Yoast SEO plugin v27.2 - https:\/\/yoast.com\/product\/yoast-seo-wordpress\/ -->\n<title>M\u012bksta bumba su\u0146iem iek\u0161telpu sp\u0113l\u0113m Chuckit! Indoor - MiuMjau<\/title>\n<meta name=\"robots\" content=\"index, follow, max-snippet:-1, max-image-preview:large, max-video-preview:-1\" \/>\n<link rel=\"canonical\" href=\"https:\/\/miumjau.ee\/lv\/produkts\/miksta-bumba-suniem-iekstelpu-spelem-chuckit-indoor\/\" \/>\n<meta property=\"og:locale\" content=\"lv_LV\" \/>\n<meta property=\"og:type\" content=\"article\" \/>\n<meta property=\"og:title\" content=\"M\u012bksta bumba su\u0146iem iek\u0161telpu sp\u0113l\u0113m Chuckit! Indoor - MiuMjau\" \/>\n<meta property=\"og:description\" content=\"Chuckit! Indoor Ball \u2013 m\u012bksta bumba dro\u0161ai sp\u0113lei iek\u0161telp\u0101s! \ud83c\udfe0\ud83d\udc36 Vai j\u016bsu suns m\u012bl \u0137ert bumbu, bet j\u016bs nev\u0113laties uztraukties par trausliem priek\u0161metiem? Chuckit! Indoor Ball ir \u012bpa\u0161i rad\u012bta iek\u0161telpu sp\u0113l\u0113m \u2013 t\u0101 ir m\u012bksta, klusa un lec, nodro\u0161inot dro\u0161u jautr\u012bbu gan sunim, gan j\u016bsu m\u0101jai! \ud83c\udfbe K\u0101p\u0113c izv\u0113l\u0113ties Chuckit! Indoor Ball?\u2714 Bounceflex Core tehnolo\u0123ija \u2013 nodro\u0161ina m\u012bkstumu un vieglu lecienu\u2714 Dro\u0161a iek\u0161telp\u0101s \u2013 nekait\u0113 m\u0113bel\u0113m vai sien\u0101m\u2714 Klusa rota\u013clieta \u2013 m\u012bksts chenille p\u0101rkl\u0101jums samazina troksni un aizsarg\u0101 gr\u012bdas\u2714 Saglab\u0101 formu \u2013 stabila putu serde saglab\u0101 formu ar\u012b ilgsto\u0161as sp\u0113les laik\u0101\u2714 Perfekts lecienu \u2013 daudzsl\u0101\u0146u konstrukcija pievieno rota\u013cas prieku \ud83d\udccf Izm\u0113rs:\ud83d\udd39 \u00d8 12 cm \u2013 ide\u0101la vid\u0113jiem un lieliem su\u0146iem Izbaudi bezr\u016bp\u012bgu un jautru sp\u0113\u013cu laiku iek\u0161telp\u0101s ar Chuckit! Indoor Ball \u2013 dro\u0161a, m\u012bksta un lec\u012bga rota\u013clieta katram rota\u013c\u012bgajam sunim! \ud83d\udc3e\ud83c\udfe1\" \/>\n<meta property=\"og:url\" content=\"https:\/\/miumjau.ee\/lv\/produkts\/miksta-bumba-suniem-iekstelpu-spelem-chuckit-indoor\/\" \/>\n<meta property=\"og:site_name\" content=\"MiuMjau\" \/>\n<meta property=\"article:publisher\" content=\"https:\/\/www.facebook.com\/miumjaupood\/\" \/>\n<meta property=\"article:modified_time\" content=\"2026-01-07T19:17:12+00:00\" \/>\n<meta property=\"og:image\" content=\"https:\/\/miumjau.ee\/wp-content\/uploads\/2025\/03\/manguasi-koerale-chuckit6.jpg\" \/>\n\t<meta property=\"og:image:width\" content=\"600\" \/>\n\t<meta property=\"og:image:height\" content=\"800\" \/>\n\t<meta property=\"og:image:type\" content=\"image\/jpeg\" \/>\n<meta name=\"twitter:card\" content=\"summary_large_image\" \/>\n<script type=\"application\/ld+json\" class=\"yoast-schema-graph\">{\"@context\":\"https:\/\/schema.org\",\"@graph\":[{\"@type\":\"WebPage\",\"@id\":\"https:\/\/miumjau.ee\/lv\/produkts\/miksta-bumba-suniem-iekstelpu-spelem-chuckit-indoor\/\",\"url\":\"https:\/\/miumjau.ee\/lv\/produkts\/miksta-bumba-suniem-iekstelpu-spelem-chuckit-indoor\/\",\"name\":\"M\u012bksta bumba su\u0146iem iek\u0161telpu sp\u0113l\u0113m Chuckit! Indoor - MiuMjau\",\"isPartOf\":{\"@id\":\"https:\/\/miumjau.ee\/#website\"},\"primaryImageOfPage\":{\"@id\":\"https:\/\/miumjau.ee\/lv\/produkts\/miksta-bumba-suniem-iekstelpu-spelem-chuckit-indoor\/#primaryimage\"},\"image\":{\"@id\":\"https:\/\/miumjau.ee\/lv\/produkts\/miksta-bumba-suniem-iekstelpu-spelem-chuckit-indoor\/#primaryimage\"},\"thumbnailUrl\":\"https:\/\/miumjau.ee\/wp-content\/uploads\/2025\/03\/manguasi-koerale-chuckit6.jpg\",\"datePublished\":\"2025-03-05T07:45:11+00:00\",\"dateModified\":\"2026-01-07T19:17:12+00:00\",\"breadcrumb\":{\"@id\":\"https:\/\/miumjau.ee\/lv\/produkts\/miksta-bumba-suniem-iekstelpu-spelem-chuckit-indoor\/#breadcrumb\"},\"inLanguage\":\"lv-LV\",\"potentialAction\":[{\"@type\":\"ReadAction\",\"target\":[\"https:\/\/miumjau.ee\/lv\/produkts\/miksta-bumba-suniem-iekstelpu-spelem-chuckit-indoor\/\"]}]},{\"@type\":\"ImageObject\",\"inLanguage\":\"lv-LV\",\"@id\":\"https:\/\/miumjau.ee\/lv\/produkts\/miksta-bumba-suniem-iekstelpu-spelem-chuckit-indoor\/#primaryimage\",\"url\":\"https:\/\/miumjau.ee\/wp-content\/uploads\/2025\/03\/manguasi-koerale-chuckit6.jpg\",\"contentUrl\":\"https:\/\/miumjau.ee\/wp-content\/uploads\/2025\/03\/manguasi-koerale-chuckit6.jpg\",\"width\":600,\"height\":800},{\"@type\":\"BreadcrumbList\",\"@id\":\"https:\/\/miumjau.ee\/lv\/produkts\/miksta-bumba-suniem-iekstelpu-spelem-chuckit-indoor\/#breadcrumb\",\"itemListElement\":[{\"@type\":\"ListItem\",\"position\":1,\"name\":\"Home\",\"item\":\"https:\/\/miumjau.ee\/lv\/\"},{\"@type\":\"ListItem\",\"position\":2,\"name\":\"Veikals\",\"item\":\"https:\/\/miumjau.ee\/lv\/veikals\/\"},{\"@type\":\"ListItem\",\"position\":3,\"name\":\"M\u012bksta bumba su\u0146iem iek\u0161telpu sp\u0113l\u0113m Chuckit! Indoor\"}]},{\"@type\":\"WebSite\",\"@id\":\"https:\/\/miumjau.ee\/#website\",\"url\":\"https:\/\/miumjau.ee\/\",\"name\":\"MiuMjau\",\"description\":\"Kraapimispuud kassidele\",\"publisher\":{\"@id\":\"https:\/\/miumjau.ee\/#organization\"},\"potentialAction\":[{\"@type\":\"SearchAction\",\"target\":{\"@type\":\"EntryPoint\",\"urlTemplate\":\"https:\/\/miumjau.ee\/?s={search_term_string}\"},\"query-input\":{\"@type\":\"PropertyValueSpecification\",\"valueRequired\":true,\"valueName\":\"search_term_string\"}}],\"inLanguage\":\"lv-LV\"},{\"@type\":\"Organization\",\"@id\":\"https:\/\/miumjau.ee\/#organization\",\"name\":\"MiuMjau O\u00dc\",\"url\":\"https:\/\/miumjau.ee\/\",\"logo\":{\"@type\":\"ImageObject\",\"inLanguage\":\"lv-LV\",\"@id\":\"https:\/\/miumjau.ee\/#\/schema\/logo\/image\/\",\"url\":\"https:\/\/miumjau.ee\/wp-content\/uploads\/2022\/04\/MiuMjau-logo-kollane.png\",\"contentUrl\":\"https:\/\/miumjau.ee\/wp-content\/uploads\/2022\/04\/MiuMjau-logo-kollane.png\",\"width\":219,\"height\":100,\"caption\":\"MiuMjau O\u00dc\"},\"image\":{\"@id\":\"https:\/\/miumjau.ee\/#\/schema\/logo\/image\/\"},\"sameAs\":[\"https:\/\/www.facebook.com\/miumjaupood\/\"]}]}<\/script>\n<!-- \/ Yoast SEO plugin. -->","yoast_head_json":{"title":"M\u012bksta bumba su\u0146iem iek\u0161telpu sp\u0113l\u0113m Chuckit! Indoor - MiuMjau","robots":{"index":"index","follow":"follow","max-snippet":"max-snippet:-1","max-image-preview":"max-image-preview:large","max-video-preview":"max-video-preview:-1"},"canonical":"https:\/\/miumjau.ee\/lv\/produkts\/miksta-bumba-suniem-iekstelpu-spelem-chuckit-indoor\/","og_locale":"lv_LV","og_type":"article","og_title":"M\u012bksta bumba su\u0146iem iek\u0161telpu sp\u0113l\u0113m Chuckit! Indoor - MiuMjau","og_description":"Chuckit! Indoor Ball \u2013 m\u012bksta bumba dro\u0161ai sp\u0113lei iek\u0161telp\u0101s! \ud83c\udfe0\ud83d\udc36 Vai j\u016bsu suns m\u012bl \u0137ert bumbu, bet j\u016bs nev\u0113laties uztraukties par trausliem priek\u0161metiem? Chuckit! Indoor Ball ir \u012bpa\u0161i rad\u012bta iek\u0161telpu sp\u0113l\u0113m \u2013 t\u0101 ir m\u012bksta, klusa un lec, nodro\u0161inot dro\u0161u jautr\u012bbu gan sunim, gan j\u016bsu m\u0101jai! \ud83c\udfbe K\u0101p\u0113c izv\u0113l\u0113ties Chuckit! Indoor Ball?\u2714 Bounceflex Core tehnolo\u0123ija \u2013 nodro\u0161ina m\u012bkstumu un vieglu lecienu\u2714 Dro\u0161a iek\u0161telp\u0101s \u2013 nekait\u0113 m\u0113bel\u0113m vai sien\u0101m\u2714 Klusa rota\u013clieta \u2013 m\u012bksts chenille p\u0101rkl\u0101jums samazina troksni un aizsarg\u0101 gr\u012bdas\u2714 Saglab\u0101 formu \u2013 stabila putu serde saglab\u0101 formu ar\u012b ilgsto\u0161as sp\u0113les laik\u0101\u2714 Perfekts lecienu \u2013 daudzsl\u0101\u0146u konstrukcija pievieno rota\u013cas prieku \ud83d\udccf Izm\u0113rs:\ud83d\udd39 \u00d8 12 cm \u2013 ide\u0101la vid\u0113jiem un lieliem su\u0146iem Izbaudi bezr\u016bp\u012bgu un jautru sp\u0113\u013cu laiku iek\u0161telp\u0101s ar Chuckit! Indoor Ball \u2013 dro\u0161a, m\u012bksta un lec\u012bga rota\u013clieta katram rota\u013c\u012bgajam sunim! \ud83d\udc3e\ud83c\udfe1","og_url":"https:\/\/miumjau.ee\/lv\/produkts\/miksta-bumba-suniem-iekstelpu-spelem-chuckit-indoor\/","og_site_name":"MiuMjau","article_publisher":"https:\/\/www.facebook.com\/miumjaupood\/","article_modified_time":"2026-01-07T19:17:12+00:00","og_image":[{"width":600,"height":800,"url":"https:\/\/miumjau.ee\/wp-content\/uploads\/2025\/03\/manguasi-koerale-chuckit6.jpg","type":"image\/jpeg"}],"twitter_card":"summary_large_image","schema":{"@context":"https:\/\/schema.org","@graph":[{"@type":"WebPage","@id":"https:\/\/miumjau.ee\/lv\/produkts\/miksta-bumba-suniem-iekstelpu-spelem-chuckit-indoor\/","url":"https:\/\/miumjau.ee\/lv\/produkts\/miksta-bumba-suniem-iekstelpu-spelem-chuckit-indoor\/","name":"M\u012bksta bumba su\u0146iem iek\u0161telpu sp\u0113l\u0113m Chuckit! Indoor - MiuMjau","isPartOf":{"@id":"https:\/\/miumjau.ee\/#website"},"primaryImageOfPage":{"@id":"https:\/\/miumjau.ee\/lv\/produkts\/miksta-bumba-suniem-iekstelpu-spelem-chuckit-indoor\/#primaryimage"},"image":{"@id":"https:\/\/miumjau.ee\/lv\/produkts\/miksta-bumba-suniem-iekstelpu-spelem-chuckit-indoor\/#primaryimage"},"thumbnailUrl":"https:\/\/miumjau.ee\/wp-content\/uploads\/2025\/03\/manguasi-koerale-chuckit6.jpg","datePublished":"2025-03-05T07:45:11+00:00","dateModified":"2026-01-07T19:17:12+00:00","breadcrumb":{"@id":"https:\/\/miumjau.ee\/lv\/produkts\/miksta-bumba-suniem-iekstelpu-spelem-chuckit-indoor\/#breadcrumb"},"inLanguage":"lv-LV","potentialAction":[{"@type":"ReadAction","target":["https:\/\/miumjau.ee\/lv\/produkts\/miksta-bumba-suniem-iekstelpu-spelem-chuckit-indoor\/"]}]},{"@type":"ImageObject","inLanguage":"lv-LV","@id":"https:\/\/miumjau.ee\/lv\/produkts\/miksta-bumba-suniem-iekstelpu-spelem-chuckit-indoor\/#primaryimage","url":"https:\/\/miumjau.ee\/wp-content\/uploads\/2025\/03\/manguasi-koerale-chuckit6.jpg","contentUrl":"https:\/\/miumjau.ee\/wp-content\/uploads\/2025\/03\/manguasi-koerale-chuckit6.jpg","width":600,"height":800},{"@type":"BreadcrumbList","@id":"https:\/\/miumjau.ee\/lv\/produkts\/miksta-bumba-suniem-iekstelpu-spelem-chuckit-indoor\/#breadcrumb","itemListElement":[{"@type":"ListItem","position":1,"name":"Home","item":"https:\/\/miumjau.ee\/lv\/"},{"@type":"ListItem","position":2,"name":"Veikals","item":"https:\/\/miumjau.ee\/lv\/veikals\/"},{"@type":"ListItem","position":3,"name":"M\u012bksta bumba su\u0146iem iek\u0161telpu sp\u0113l\u0113m Chuckit! Indoor"}]},{"@type":"WebSite","@id":"https:\/\/miumjau.ee\/#website","url":"https:\/\/miumjau.ee\/","name":"MiuMjau","description":"Kraapimispuud kassidele","publisher":{"@id":"https:\/\/miumjau.ee\/#organization"},"potentialAction":[{"@type":"SearchAction","target":{"@type":"EntryPoint","urlTemplate":"https:\/\/miumjau.ee\/?s={search_term_string}"},"query-input":{"@type":"PropertyValueSpecification","valueRequired":true,"valueName":"search_term_string"}}],"inLanguage":"lv-LV"},{"@type":"Organization","@id":"https:\/\/miumjau.ee\/#organization","name":"MiuMjau O\u00dc","url":"https:\/\/miumjau.ee\/","logo":{"@type":"ImageObject","inLanguage":"lv-LV","@id":"https:\/\/miumjau.ee\/#\/schema\/logo\/image\/","url":"https:\/\/miumjau.ee\/wp-content\/uploads\/2022\/04\/MiuMjau-logo-kollane.png","contentUrl":"https:\/\/miumjau.ee\/wp-content\/uploads\/2022\/04\/MiuMjau-logo-kollane.png","width":219,"height":100,"caption":"MiuMjau O\u00dc"},"image":{"@id":"https:\/\/miumjau.ee\/#\/schema\/logo\/image\/"},"sameAs":["https:\/\/www.facebook.com\/miumjaupood\/"]}]}},"_links":{"self":[{"href":"https:\/\/miumjau.ee\/lv\/wp-json\/wp\/v2\/product\/48978","targetHints":{"allow":["GET"]}}],"collection":[{"href":"https:\/\/miumjau.ee\/lv\/wp-json\/wp\/v2\/product"}],"about":[{"href":"https:\/\/miumjau.ee\/lv\/wp-json\/wp\/v2\/types\/product"}],"wp:featuredmedia":[{"embeddable":true,"href":"https:\/\/miumjau.ee\/lv\/wp-json\/wp\/v2\/media\/48974"}],"wp:attachment":[{"href":"https:\/\/miumjau.ee\/lv\/wp-json\/wp\/v2\/media?parent=48978"}],"wp:term":[{"taxonomy":"product_brand","embeddable":true,"href":"https:\/\/miumjau.ee\/lv\/wp-json\/wp\/v2\/product_brand?post=48978"},{"taxonomy":"product_cat","embeddable":true,"href":"https:\/\/miumjau.ee\/lv\/wp-json\/wp\/v2\/product_cat?post=48978"},{"taxonomy":"product_tag","embeddable":true,"href":"https:\/\/miumjau.ee\/lv\/wp-json\/wp\/v2\/product_tag?post=48978"}],"curies":[{"name":"wp","href":"https:\/\/api.w.org\/{rel}","templated":true}]}}