{"id":48967,"date":"2025-03-05T09:52:08","date_gmt":"2025-03-05T07:52:08","guid":{"rendered":"https:\/\/miumjau.ee\/toode\/tenisa-bumbinas-suniem-4-gab-m-chuckit\/"},"modified":"2026-01-07T21:17:12","modified_gmt":"2026-01-07T19:17:12","slug":"tenisa-bumbinas-suniem-4-gab-m-chuckit","status":"publish","type":"product","link":"https:\/\/miumjau.ee\/lv\/produkts\/tenisa-bumbinas-suniem-4-gab-m-chuckit\/","title":{"rendered":"Tenisa bumbi\u0146as su\u0146iem 4 gab. M Chuckit!"},"content":{"rendered":"","protected":false},"excerpt":{"rendered":"<p data-start=\"2084\" data-end=\"2146\"><strong data-start=\"2084\" data-end=\"2146\">Chuckit! Tennis Ball \u2013 iztur\u012bga rota\u013clieta j\u016bsu m\u012blulim \ud83d\udc36<\/strong><\/p>\n<p data-start=\"2148\" data-end=\"2366\">Padari katru rota\u013cu sesiju v\u0113l aizraujo\u0161\u0101ku ar Chuckit! Tennis Ball bumbi\u0146\u0101m! Pateicoties \u012bpa\u0161i biezajam dab\u012bg\u0101s gumijas kodolam, \u0161\u012bs bumbi\u0146as ir \u012bpa\u0161i iztur\u012bgas, lec augstu un ide\u0101li piem\u0113rotas me\u0161anai un aport\u0113\u0161anai.<\/p>\n<p data-start=\"2368\" data-end=\"2728\">\ud83d\udd25 <strong data-start=\"2371\" data-end=\"2413\">K\u0101p\u0113c izv\u0113l\u0113ties Chuckit! Tennis Ball?<\/strong><br data-start=\"2413\" data-end=\"2416\" \/>\u2714 Stipras un iztur\u012bgas \u2013 \u012bpa\u0161i biezs gumijas kodols ilgsto\u0161ai lieto\u0161anai<br data-start=\"2488\" data-end=\"2491\" \/>\u2714 Augsta atl\u0113k\u0161ana \u2013 pievieno rota\u013cai v\u0113l vair\u0101k ener\u0123ijas<br data-start=\"2549\" data-end=\"2552\" \/>\u2714 Sader\u012bgas ar Chuckit! met\u0113jiem \u2013 viegl\u0101kas un t\u0101l\u0101kas metienus<br data-start=\"2616\" data-end=\"2619\" \/>\u2714 Peld \u016bden\u012b \u2013 ide\u0101li piem\u0113rotas ar\u012b \u016bdens rota\u013c\u0101m<br data-start=\"2669\" data-end=\"2672\" \/>\u2714 Speci\u0101ls dizains \u2013 \u012bpa\u0161i su\u0146iem, dro\u0161as un iztur\u012bgas<\/p>\n<p data-start=\"2730\" data-end=\"2874\">\ud83d\udccf <strong data-start=\"2733\" data-end=\"2758\">Izm\u0113ri un iepakojumi:<\/strong><br data-start=\"2758\" data-end=\"2761\" \/>\ud83d\udd39 S \u2013 \u00d8 5 cm (2 gab.\/iepakojum\u0101)<br data-start=\"2794\" data-end=\"2797\" \/>\ud83d\udd39 M \u2013 \u00d8 6 cm (2 vai 4 gab.\/iepakojum\u0101)<br data-start=\"2836\" data-end=\"2839\" \/>\ud83d\udd39 L \u2013 \u00d8 7 cm (2 gab.\/iepakojum\u0101)<\/p>\n<p data-start=\"2876\" data-end=\"3009\">Pacel rota\u013cu laiku jaun\u0101 l\u012bmen\u012b ar Chuckit! Tennis Ball \u2013 iztur\u012bgas, labi lec un ide\u0101li piem\u0113rotas j\u016bsu su\u0146a m\u012b\u013c\u0101kaj\u0101m sp\u0113l\u0113m! \ud83d\ude80\ud83d\udc3e<\/p>\n","protected":false},"featured_media":48968,"template":"","meta":[],"product_brand":[],"product_cat":[592],"product_tag":[],"class_list":{"0":"post-48967","1":"product","2":"type-product","3":"status-publish","4":"has-post-thumbnail","6":"product_cat-rotallietas-suniem","8":"first","9":"instock","10":"taxable","11":"shipping-taxable","12":"purchasable","13":"product-type-simple"},"yoast_head":"<!-- This site is optimized with the Yoast SEO plugin v27.2 - https:\/\/yoast.com\/product\/yoast-seo-wordpress\/ -->\n<title>Tenisa bumbi\u0146as su\u0146iem 4 gab. M Chuckit! - MiuMjau<\/title>\n<meta name=\"robots\" content=\"index, follow, max-snippet:-1, max-image-preview:large, max-video-preview:-1\" \/>\n<link rel=\"canonical\" href=\"https:\/\/miumjau.ee\/lv\/produkts\/tenisa-bumbinas-suniem-4-gab-m-chuckit\/\" \/>\n<meta property=\"og:locale\" content=\"lv_LV\" \/>\n<meta property=\"og:type\" content=\"article\" \/>\n<meta property=\"og:title\" content=\"Tenisa bumbi\u0146as su\u0146iem 4 gab. M Chuckit! - MiuMjau\" \/>\n<meta property=\"og:description\" content=\"Chuckit! Tennis Ball \u2013 iztur\u012bga rota\u013clieta j\u016bsu m\u012blulim \ud83d\udc36 Padari katru rota\u013cu sesiju v\u0113l aizraujo\u0161\u0101ku ar Chuckit! Tennis Ball bumbi\u0146\u0101m! Pateicoties \u012bpa\u0161i biezajam dab\u012bg\u0101s gumijas kodolam, \u0161\u012bs bumbi\u0146as ir \u012bpa\u0161i iztur\u012bgas, lec augstu un ide\u0101li piem\u0113rotas me\u0161anai un aport\u0113\u0161anai. \ud83d\udd25 K\u0101p\u0113c izv\u0113l\u0113ties Chuckit! Tennis Ball?\u2714 Stipras un iztur\u012bgas \u2013 \u012bpa\u0161i biezs gumijas kodols ilgsto\u0161ai lieto\u0161anai\u2714 Augsta atl\u0113k\u0161ana \u2013 pievieno rota\u013cai v\u0113l vair\u0101k ener\u0123ijas\u2714 Sader\u012bgas ar Chuckit! met\u0113jiem \u2013 viegl\u0101kas un t\u0101l\u0101kas metienus\u2714 Peld \u016bden\u012b \u2013 ide\u0101li piem\u0113rotas ar\u012b \u016bdens rota\u013c\u0101m\u2714 Speci\u0101ls dizains \u2013 \u012bpa\u0161i su\u0146iem, dro\u0161as un iztur\u012bgas \ud83d\udccf Izm\u0113ri un iepakojumi:\ud83d\udd39 S \u2013 \u00d8 5 cm (2 gab.\/iepakojum\u0101)\ud83d\udd39 M \u2013 \u00d8 6 cm (2 vai 4 gab.\/iepakojum\u0101)\ud83d\udd39 L \u2013 \u00d8 7 cm (2 gab.\/iepakojum\u0101) Pacel rota\u013cu laiku jaun\u0101 l\u012bmen\u012b ar Chuckit! Tennis Ball \u2013 iztur\u012bgas, labi lec un ide\u0101li piem\u0113rotas j\u016bsu su\u0146a m\u012b\u013c\u0101kaj\u0101m sp\u0113l\u0113m! \ud83d\ude80\ud83d\udc3e\" \/>\n<meta property=\"og:url\" content=\"https:\/\/miumjau.ee\/lv\/produkts\/tenisa-bumbinas-suniem-4-gab-m-chuckit\/\" \/>\n<meta property=\"og:site_name\" content=\"MiuMjau\" \/>\n<meta property=\"article:publisher\" content=\"https:\/\/www.facebook.com\/miumjaupood\/\" \/>\n<meta property=\"article:modified_time\" content=\"2026-01-07T19:17:12+00:00\" \/>\n<meta property=\"og:image\" content=\"https:\/\/miumjau.ee\/wp-content\/uploads\/2025\/03\/manguasi-koerale-chuckit3.jpg\" \/>\n\t<meta property=\"og:image:width\" content=\"600\" \/>\n\t<meta property=\"og:image:height\" content=\"800\" \/>\n\t<meta property=\"og:image:type\" content=\"image\/jpeg\" \/>\n<meta name=\"twitter:card\" content=\"summary_large_image\" \/>\n<script type=\"application\/ld+json\" class=\"yoast-schema-graph\">{\"@context\":\"https:\/\/schema.org\",\"@graph\":[{\"@type\":\"WebPage\",\"@id\":\"https:\/\/miumjau.ee\/lv\/produkts\/tenisa-bumbinas-suniem-4-gab-m-chuckit\/\",\"url\":\"https:\/\/miumjau.ee\/lv\/produkts\/tenisa-bumbinas-suniem-4-gab-m-chuckit\/\",\"name\":\"Tenisa bumbi\u0146as su\u0146iem 4 gab. M Chuckit! - MiuMjau\",\"isPartOf\":{\"@id\":\"https:\/\/miumjau.ee\/#website\"},\"primaryImageOfPage\":{\"@id\":\"https:\/\/miumjau.ee\/lv\/produkts\/tenisa-bumbinas-suniem-4-gab-m-chuckit\/#primaryimage\"},\"image\":{\"@id\":\"https:\/\/miumjau.ee\/lv\/produkts\/tenisa-bumbinas-suniem-4-gab-m-chuckit\/#primaryimage\"},\"thumbnailUrl\":\"https:\/\/miumjau.ee\/wp-content\/uploads\/2025\/03\/manguasi-koerale-chuckit3.jpg\",\"datePublished\":\"2025-03-05T07:52:08+00:00\",\"dateModified\":\"2026-01-07T19:17:12+00:00\",\"breadcrumb\":{\"@id\":\"https:\/\/miumjau.ee\/lv\/produkts\/tenisa-bumbinas-suniem-4-gab-m-chuckit\/#breadcrumb\"},\"inLanguage\":\"lv-LV\",\"potentialAction\":[{\"@type\":\"ReadAction\",\"target\":[\"https:\/\/miumjau.ee\/lv\/produkts\/tenisa-bumbinas-suniem-4-gab-m-chuckit\/\"]}]},{\"@type\":\"ImageObject\",\"inLanguage\":\"lv-LV\",\"@id\":\"https:\/\/miumjau.ee\/lv\/produkts\/tenisa-bumbinas-suniem-4-gab-m-chuckit\/#primaryimage\",\"url\":\"https:\/\/miumjau.ee\/wp-content\/uploads\/2025\/03\/manguasi-koerale-chuckit3.jpg\",\"contentUrl\":\"https:\/\/miumjau.ee\/wp-content\/uploads\/2025\/03\/manguasi-koerale-chuckit3.jpg\",\"width\":600,\"height\":800},{\"@type\":\"BreadcrumbList\",\"@id\":\"https:\/\/miumjau.ee\/lv\/produkts\/tenisa-bumbinas-suniem-4-gab-m-chuckit\/#breadcrumb\",\"itemListElement\":[{\"@type\":\"ListItem\",\"position\":1,\"name\":\"Home\",\"item\":\"https:\/\/miumjau.ee\/lv\/\"},{\"@type\":\"ListItem\",\"position\":2,\"name\":\"Veikals\",\"item\":\"https:\/\/miumjau.ee\/lv\/veikals\/\"},{\"@type\":\"ListItem\",\"position\":3,\"name\":\"Tenisa bumbi\u0146as su\u0146iem 4 gab. M Chuckit!\"}]},{\"@type\":\"WebSite\",\"@id\":\"https:\/\/miumjau.ee\/#website\",\"url\":\"https:\/\/miumjau.ee\/\",\"name\":\"MiuMjau\",\"description\":\"Kraapimispuud kassidele\",\"publisher\":{\"@id\":\"https:\/\/miumjau.ee\/#organization\"},\"potentialAction\":[{\"@type\":\"SearchAction\",\"target\":{\"@type\":\"EntryPoint\",\"urlTemplate\":\"https:\/\/miumjau.ee\/?s={search_term_string}\"},\"query-input\":{\"@type\":\"PropertyValueSpecification\",\"valueRequired\":true,\"valueName\":\"search_term_string\"}}],\"inLanguage\":\"lv-LV\"},{\"@type\":\"Organization\",\"@id\":\"https:\/\/miumjau.ee\/#organization\",\"name\":\"MiuMjau O\u00dc\",\"url\":\"https:\/\/miumjau.ee\/\",\"logo\":{\"@type\":\"ImageObject\",\"inLanguage\":\"lv-LV\",\"@id\":\"https:\/\/miumjau.ee\/#\/schema\/logo\/image\/\",\"url\":\"https:\/\/miumjau.ee\/wp-content\/uploads\/2022\/04\/MiuMjau-logo-kollane.png\",\"contentUrl\":\"https:\/\/miumjau.ee\/wp-content\/uploads\/2022\/04\/MiuMjau-logo-kollane.png\",\"width\":219,\"height\":100,\"caption\":\"MiuMjau O\u00dc\"},\"image\":{\"@id\":\"https:\/\/miumjau.ee\/#\/schema\/logo\/image\/\"},\"sameAs\":[\"https:\/\/www.facebook.com\/miumjaupood\/\"]}]}<\/script>\n<!-- \/ Yoast SEO plugin. -->","yoast_head_json":{"title":"Tenisa bumbi\u0146as su\u0146iem 4 gab. M Chuckit! - MiuMjau","robots":{"index":"index","follow":"follow","max-snippet":"max-snippet:-1","max-image-preview":"max-image-preview:large","max-video-preview":"max-video-preview:-1"},"canonical":"https:\/\/miumjau.ee\/lv\/produkts\/tenisa-bumbinas-suniem-4-gab-m-chuckit\/","og_locale":"lv_LV","og_type":"article","og_title":"Tenisa bumbi\u0146as su\u0146iem 4 gab. M Chuckit! - MiuMjau","og_description":"Chuckit! Tennis Ball \u2013 iztur\u012bga rota\u013clieta j\u016bsu m\u012blulim \ud83d\udc36 Padari katru rota\u013cu sesiju v\u0113l aizraujo\u0161\u0101ku ar Chuckit! Tennis Ball bumbi\u0146\u0101m! Pateicoties \u012bpa\u0161i biezajam dab\u012bg\u0101s gumijas kodolam, \u0161\u012bs bumbi\u0146as ir \u012bpa\u0161i iztur\u012bgas, lec augstu un ide\u0101li piem\u0113rotas me\u0161anai un aport\u0113\u0161anai. \ud83d\udd25 K\u0101p\u0113c izv\u0113l\u0113ties Chuckit! Tennis Ball?\u2714 Stipras un iztur\u012bgas \u2013 \u012bpa\u0161i biezs gumijas kodols ilgsto\u0161ai lieto\u0161anai\u2714 Augsta atl\u0113k\u0161ana \u2013 pievieno rota\u013cai v\u0113l vair\u0101k ener\u0123ijas\u2714 Sader\u012bgas ar Chuckit! met\u0113jiem \u2013 viegl\u0101kas un t\u0101l\u0101kas metienus\u2714 Peld \u016bden\u012b \u2013 ide\u0101li piem\u0113rotas ar\u012b \u016bdens rota\u013c\u0101m\u2714 Speci\u0101ls dizains \u2013 \u012bpa\u0161i su\u0146iem, dro\u0161as un iztur\u012bgas \ud83d\udccf Izm\u0113ri un iepakojumi:\ud83d\udd39 S \u2013 \u00d8 5 cm (2 gab.\/iepakojum\u0101)\ud83d\udd39 M \u2013 \u00d8 6 cm (2 vai 4 gab.\/iepakojum\u0101)\ud83d\udd39 L \u2013 \u00d8 7 cm (2 gab.\/iepakojum\u0101) Pacel rota\u013cu laiku jaun\u0101 l\u012bmen\u012b ar Chuckit! Tennis Ball \u2013 iztur\u012bgas, labi lec un ide\u0101li piem\u0113rotas j\u016bsu su\u0146a m\u012b\u013c\u0101kaj\u0101m sp\u0113l\u0113m! \ud83d\ude80\ud83d\udc3e","og_url":"https:\/\/miumjau.ee\/lv\/produkts\/tenisa-bumbinas-suniem-4-gab-m-chuckit\/","og_site_name":"MiuMjau","article_publisher":"https:\/\/www.facebook.com\/miumjaupood\/","article_modified_time":"2026-01-07T19:17:12+00:00","og_image":[{"width":600,"height":800,"url":"https:\/\/miumjau.ee\/wp-content\/uploads\/2025\/03\/manguasi-koerale-chuckit3.jpg","type":"image\/jpeg"}],"twitter_card":"summary_large_image","schema":{"@context":"https:\/\/schema.org","@graph":[{"@type":"WebPage","@id":"https:\/\/miumjau.ee\/lv\/produkts\/tenisa-bumbinas-suniem-4-gab-m-chuckit\/","url":"https:\/\/miumjau.ee\/lv\/produkts\/tenisa-bumbinas-suniem-4-gab-m-chuckit\/","name":"Tenisa bumbi\u0146as su\u0146iem 4 gab. M Chuckit! - MiuMjau","isPartOf":{"@id":"https:\/\/miumjau.ee\/#website"},"primaryImageOfPage":{"@id":"https:\/\/miumjau.ee\/lv\/produkts\/tenisa-bumbinas-suniem-4-gab-m-chuckit\/#primaryimage"},"image":{"@id":"https:\/\/miumjau.ee\/lv\/produkts\/tenisa-bumbinas-suniem-4-gab-m-chuckit\/#primaryimage"},"thumbnailUrl":"https:\/\/miumjau.ee\/wp-content\/uploads\/2025\/03\/manguasi-koerale-chuckit3.jpg","datePublished":"2025-03-05T07:52:08+00:00","dateModified":"2026-01-07T19:17:12+00:00","breadcrumb":{"@id":"https:\/\/miumjau.ee\/lv\/produkts\/tenisa-bumbinas-suniem-4-gab-m-chuckit\/#breadcrumb"},"inLanguage":"lv-LV","potentialAction":[{"@type":"ReadAction","target":["https:\/\/miumjau.ee\/lv\/produkts\/tenisa-bumbinas-suniem-4-gab-m-chuckit\/"]}]},{"@type":"ImageObject","inLanguage":"lv-LV","@id":"https:\/\/miumjau.ee\/lv\/produkts\/tenisa-bumbinas-suniem-4-gab-m-chuckit\/#primaryimage","url":"https:\/\/miumjau.ee\/wp-content\/uploads\/2025\/03\/manguasi-koerale-chuckit3.jpg","contentUrl":"https:\/\/miumjau.ee\/wp-content\/uploads\/2025\/03\/manguasi-koerale-chuckit3.jpg","width":600,"height":800},{"@type":"BreadcrumbList","@id":"https:\/\/miumjau.ee\/lv\/produkts\/tenisa-bumbinas-suniem-4-gab-m-chuckit\/#breadcrumb","itemListElement":[{"@type":"ListItem","position":1,"name":"Home","item":"https:\/\/miumjau.ee\/lv\/"},{"@type":"ListItem","position":2,"name":"Veikals","item":"https:\/\/miumjau.ee\/lv\/veikals\/"},{"@type":"ListItem","position":3,"name":"Tenisa bumbi\u0146as su\u0146iem 4 gab. M Chuckit!"}]},{"@type":"WebSite","@id":"https:\/\/miumjau.ee\/#website","url":"https:\/\/miumjau.ee\/","name":"MiuMjau","description":"Kraapimispuud kassidele","publisher":{"@id":"https:\/\/miumjau.ee\/#organization"},"potentialAction":[{"@type":"SearchAction","target":{"@type":"EntryPoint","urlTemplate":"https:\/\/miumjau.ee\/?s={search_term_string}"},"query-input":{"@type":"PropertyValueSpecification","valueRequired":true,"valueName":"search_term_string"}}],"inLanguage":"lv-LV"},{"@type":"Organization","@id":"https:\/\/miumjau.ee\/#organization","name":"MiuMjau O\u00dc","url":"https:\/\/miumjau.ee\/","logo":{"@type":"ImageObject","inLanguage":"lv-LV","@id":"https:\/\/miumjau.ee\/#\/schema\/logo\/image\/","url":"https:\/\/miumjau.ee\/wp-content\/uploads\/2022\/04\/MiuMjau-logo-kollane.png","contentUrl":"https:\/\/miumjau.ee\/wp-content\/uploads\/2022\/04\/MiuMjau-logo-kollane.png","width":219,"height":100,"caption":"MiuMjau O\u00dc"},"image":{"@id":"https:\/\/miumjau.ee\/#\/schema\/logo\/image\/"},"sameAs":["https:\/\/www.facebook.com\/miumjaupood\/"]}]}},"_links":{"self":[{"href":"https:\/\/miumjau.ee\/lv\/wp-json\/wp\/v2\/product\/48967","targetHints":{"allow":["GET"]}}],"collection":[{"href":"https:\/\/miumjau.ee\/lv\/wp-json\/wp\/v2\/product"}],"about":[{"href":"https:\/\/miumjau.ee\/lv\/wp-json\/wp\/v2\/types\/product"}],"wp:featuredmedia":[{"embeddable":true,"href":"https:\/\/miumjau.ee\/lv\/wp-json\/wp\/v2\/media\/48968"}],"wp:attachment":[{"href":"https:\/\/miumjau.ee\/lv\/wp-json\/wp\/v2\/media?parent=48967"}],"wp:term":[{"taxonomy":"product_brand","embeddable":true,"href":"https:\/\/miumjau.ee\/lv\/wp-json\/wp\/v2\/product_brand?post=48967"},{"taxonomy":"product_cat","embeddable":true,"href":"https:\/\/miumjau.ee\/lv\/wp-json\/wp\/v2\/product_cat?post=48967"},{"taxonomy":"product_tag","embeddable":true,"href":"https:\/\/miumjau.ee\/lv\/wp-json\/wp\/v2\/product_tag?post=48967"}],"curies":[{"name":"wp","href":"https:\/\/api.w.org\/{rel}","templated":true}]}}