{"id":48958,"date":"2025-03-05T10:03:54","date_gmt":"2025-03-05T08:03:54","guid":{"rendered":"https:\/\/miumjau.ee\/toode\/bumba-suniem-udens-un-aportesanas-spelem-chuckit-ultra-xxl\/"},"modified":"2026-01-07T21:17:12","modified_gmt":"2026-01-07T19:17:12","slug":"bumba-suniem-udens-un-aportesanas-spelem-chuckit-ultra-xxl","status":"publish","type":"product","link":"https:\/\/miumjau.ee\/lv\/produkts\/bumba-suniem-udens-un-aportesanas-spelem-chuckit-ultra-xxl\/","title":{"rendered":"Bumba su\u0146iem \u016bdens un aport\u0113\u0161anas sp\u0113l\u0113m Chuckit! Ultra XXL"},"content":{"rendered":"","protected":false},"excerpt":{"rendered":"<p data-start=\"2374\" data-end=\"2469\"><strong data-start=\"2374\" data-end=\"2469\">Chuckit! Ultra Ball \u2013 \u012bpa\u0161i iztur\u012bga un augstu leco\u0161a bumba maksim\u0101lam rota\u013cu priekam! \ud83c\udfbe\ud83d\udc36<\/strong><\/p>\n<p data-start=\"2471\" data-end=\"2739\">Chuckit! Ultra Ball ir rad\u012bta \u012bpa\u0161i aport\u0113\u0161anas sp\u0113l\u0113m \u2013 t\u0101 lec augst\u0101k un t\u0101l\u0101k nek\u0101 parast\u0101s bumbas un ir piem\u0113rota jebkuram segumam! Izgatavota no iztur\u012bgas gumijas, bumba ir \u012bpa\u0161i stipra, labi paman\u0101ma ko\u0161o kr\u0101su d\u0113\u013c un peld, lai rota\u013cas var\u0113tu turpin\u0101t ar\u012b \u016bden\u012b.<\/p>\n<p data-start=\"2741\" data-end=\"3079\">\ud83d\udd25 <strong data-start=\"2744\" data-end=\"2785\">K\u0101p\u0113c izv\u0113l\u0113ties Chuckit! Ultra Ball?<\/strong><br data-start=\"2785\" data-end=\"2788\" \/>\u2714 \u012apa\u0161i iztur\u012bga \u2013 stipra gumija iztur ar\u012b akt\u012bvu ko\u0161\u013c\u0101\u0161anu<br data-start=\"2847\" data-end=\"2850\" \/>\u2714 Augsta un t\u0101la atl\u0113k\u0161ana \u2013 ide\u0101li interakt\u012bv\u0101m sp\u0113l\u0113m<br data-start=\"2905\" data-end=\"2908\" \/>\u2714 Sader\u012bga ar Chuckit! met\u0113jiem \u2013 t\u0101l\u0101ki un prec\u012bz\u0101ki metieni<br data-start=\"2969\" data-end=\"2972\" \/>\u2714 Peld \u016bden\u012b \u2013 rota\u013c\u0101m gan uz zemes, gan \u016bden\u012b<br data-start=\"3018\" data-end=\"3021\" \/>\u2714 Laba redzam\u012bba \u2013 ko\u0161\u0101s kr\u0101sas \u013cauj bumbu viegli atrast<\/p>\n<p data-start=\"3081\" data-end=\"3181\">\ud83d\udccf <strong data-start=\"3084\" data-end=\"3095\">Izm\u0113ri:<\/strong><br data-start=\"3095\" data-end=\"3098\" \/>\ud83d\udd39 S \u2013 \u00d8 5 cm<br data-start=\"3111\" data-end=\"3114\" \/>\ud83d\udd39 M \u2013 \u00d8 6 cm<br data-start=\"3127\" data-end=\"3130\" \/>\ud83d\udd39 L \u2013 \u00d8 7 cm<br data-start=\"3143\" data-end=\"3146\" \/>\ud83d\udd39 XL \u2013 \u00d8 9 cm<br data-start=\"3160\" data-end=\"3163\" \/>\ud83d\udd39 XXL \u2013 \u00d8 10 cm<\/p>\n<p data-start=\"3183\" data-end=\"3329\">Pacel sava su\u0146a rota\u013cu pieredzi jaun\u0101 l\u012bmen\u012b ar Chuckit! Ultra Ball \u2013 iztur\u012bga, leco\u0161a un ide\u0101li piem\u0113rota katram piedz\u012bvojumu k\u0101ram sunim! \ud83d\ude80\ud83d\udc3e<\/p>\n","protected":false},"featured_media":48956,"template":"","meta":[],"product_brand":[],"product_cat":[592],"product_tag":[],"class_list":{"0":"post-48958","1":"product","2":"type-product","3":"status-publish","4":"has-post-thumbnail","6":"product_cat-rotallietas-suniem","8":"first","9":"instock","10":"taxable","11":"shipping-taxable","12":"purchasable","13":"product-type-simple"},"yoast_head":"<!-- This site is optimized with the Yoast SEO plugin v27.2 - https:\/\/yoast.com\/product\/yoast-seo-wordpress\/ -->\n<title>Bumba su\u0146iem \u016bdens un aport\u0113\u0161anas sp\u0113l\u0113m Chuckit! Ultra XXL - MiuMjau<\/title>\n<meta name=\"robots\" content=\"index, follow, max-snippet:-1, max-image-preview:large, max-video-preview:-1\" \/>\n<link rel=\"canonical\" href=\"https:\/\/miumjau.ee\/lv\/produkts\/bumba-suniem-udens-un-aportesanas-spelem-chuckit-ultra-xxl\/\" \/>\n<meta property=\"og:locale\" content=\"lv_LV\" \/>\n<meta property=\"og:type\" content=\"article\" \/>\n<meta property=\"og:title\" content=\"Bumba su\u0146iem \u016bdens un aport\u0113\u0161anas sp\u0113l\u0113m Chuckit! Ultra XXL - MiuMjau\" \/>\n<meta property=\"og:description\" content=\"Chuckit! Ultra Ball \u2013 \u012bpa\u0161i iztur\u012bga un augstu leco\u0161a bumba maksim\u0101lam rota\u013cu priekam! \ud83c\udfbe\ud83d\udc36 Chuckit! Ultra Ball ir rad\u012bta \u012bpa\u0161i aport\u0113\u0161anas sp\u0113l\u0113m \u2013 t\u0101 lec augst\u0101k un t\u0101l\u0101k nek\u0101 parast\u0101s bumbas un ir piem\u0113rota jebkuram segumam! Izgatavota no iztur\u012bgas gumijas, bumba ir \u012bpa\u0161i stipra, labi paman\u0101ma ko\u0161o kr\u0101su d\u0113\u013c un peld, lai rota\u013cas var\u0113tu turpin\u0101t ar\u012b \u016bden\u012b. \ud83d\udd25 K\u0101p\u0113c izv\u0113l\u0113ties Chuckit! Ultra Ball?\u2714 \u012apa\u0161i iztur\u012bga \u2013 stipra gumija iztur ar\u012b akt\u012bvu ko\u0161\u013c\u0101\u0161anu\u2714 Augsta un t\u0101la atl\u0113k\u0161ana \u2013 ide\u0101li interakt\u012bv\u0101m sp\u0113l\u0113m\u2714 Sader\u012bga ar Chuckit! met\u0113jiem \u2013 t\u0101l\u0101ki un prec\u012bz\u0101ki metieni\u2714 Peld \u016bden\u012b \u2013 rota\u013c\u0101m gan uz zemes, gan \u016bden\u012b\u2714 Laba redzam\u012bba \u2013 ko\u0161\u0101s kr\u0101sas \u013cauj bumbu viegli atrast \ud83d\udccf Izm\u0113ri:\ud83d\udd39 S \u2013 \u00d8 5 cm\ud83d\udd39 M \u2013 \u00d8 6 cm\ud83d\udd39 L \u2013 \u00d8 7 cm\ud83d\udd39 XL \u2013 \u00d8 9 cm\ud83d\udd39 XXL \u2013 \u00d8 10 cm Pacel sava su\u0146a rota\u013cu pieredzi jaun\u0101 l\u012bmen\u012b ar Chuckit! Ultra Ball \u2013 iztur\u012bga, leco\u0161a un ide\u0101li piem\u0113rota katram piedz\u012bvojumu k\u0101ram sunim! \ud83d\ude80\ud83d\udc3e\" \/>\n<meta property=\"og:url\" content=\"https:\/\/miumjau.ee\/lv\/produkts\/bumba-suniem-udens-un-aportesanas-spelem-chuckit-ultra-xxl\/\" \/>\n<meta property=\"og:site_name\" content=\"MiuMjau\" \/>\n<meta property=\"article:publisher\" content=\"https:\/\/www.facebook.com\/miumjaupood\/\" \/>\n<meta property=\"article:modified_time\" content=\"2026-01-07T19:17:12+00:00\" \/>\n<meta property=\"og:image\" content=\"https:\/\/miumjau.ee\/wp-content\/uploads\/2025\/03\/manguasi-koerale-chuckit4.jpg\" \/>\n\t<meta property=\"og:image:width\" content=\"600\" \/>\n\t<meta property=\"og:image:height\" content=\"800\" \/>\n\t<meta property=\"og:image:type\" content=\"image\/jpeg\" \/>\n<meta name=\"twitter:card\" content=\"summary_large_image\" \/>\n<script type=\"application\/ld+json\" class=\"yoast-schema-graph\">{\"@context\":\"https:\/\/schema.org\",\"@graph\":[{\"@type\":\"WebPage\",\"@id\":\"https:\/\/miumjau.ee\/lv\/produkts\/bumba-suniem-udens-un-aportesanas-spelem-chuckit-ultra-xxl\/\",\"url\":\"https:\/\/miumjau.ee\/lv\/produkts\/bumba-suniem-udens-un-aportesanas-spelem-chuckit-ultra-xxl\/\",\"name\":\"Bumba su\u0146iem \u016bdens un aport\u0113\u0161anas sp\u0113l\u0113m Chuckit! Ultra XXL - MiuMjau\",\"isPartOf\":{\"@id\":\"https:\/\/miumjau.ee\/#website\"},\"primaryImageOfPage\":{\"@id\":\"https:\/\/miumjau.ee\/lv\/produkts\/bumba-suniem-udens-un-aportesanas-spelem-chuckit-ultra-xxl\/#primaryimage\"},\"image\":{\"@id\":\"https:\/\/miumjau.ee\/lv\/produkts\/bumba-suniem-udens-un-aportesanas-spelem-chuckit-ultra-xxl\/#primaryimage\"},\"thumbnailUrl\":\"https:\/\/miumjau.ee\/wp-content\/uploads\/2025\/03\/manguasi-koerale-chuckit4.jpg\",\"datePublished\":\"2025-03-05T08:03:54+00:00\",\"dateModified\":\"2026-01-07T19:17:12+00:00\",\"breadcrumb\":{\"@id\":\"https:\/\/miumjau.ee\/lv\/produkts\/bumba-suniem-udens-un-aportesanas-spelem-chuckit-ultra-xxl\/#breadcrumb\"},\"inLanguage\":\"lv-LV\",\"potentialAction\":[{\"@type\":\"ReadAction\",\"target\":[\"https:\/\/miumjau.ee\/lv\/produkts\/bumba-suniem-udens-un-aportesanas-spelem-chuckit-ultra-xxl\/\"]}]},{\"@type\":\"ImageObject\",\"inLanguage\":\"lv-LV\",\"@id\":\"https:\/\/miumjau.ee\/lv\/produkts\/bumba-suniem-udens-un-aportesanas-spelem-chuckit-ultra-xxl\/#primaryimage\",\"url\":\"https:\/\/miumjau.ee\/wp-content\/uploads\/2025\/03\/manguasi-koerale-chuckit4.jpg\",\"contentUrl\":\"https:\/\/miumjau.ee\/wp-content\/uploads\/2025\/03\/manguasi-koerale-chuckit4.jpg\",\"width\":600,\"height\":800},{\"@type\":\"BreadcrumbList\",\"@id\":\"https:\/\/miumjau.ee\/lv\/produkts\/bumba-suniem-udens-un-aportesanas-spelem-chuckit-ultra-xxl\/#breadcrumb\",\"itemListElement\":[{\"@type\":\"ListItem\",\"position\":1,\"name\":\"Home\",\"item\":\"https:\/\/miumjau.ee\/lv\/\"},{\"@type\":\"ListItem\",\"position\":2,\"name\":\"Veikals\",\"item\":\"https:\/\/miumjau.ee\/lv\/veikals\/\"},{\"@type\":\"ListItem\",\"position\":3,\"name\":\"Bumba su\u0146iem \u016bdens un aport\u0113\u0161anas sp\u0113l\u0113m Chuckit! Ultra XXL\"}]},{\"@type\":\"WebSite\",\"@id\":\"https:\/\/miumjau.ee\/#website\",\"url\":\"https:\/\/miumjau.ee\/\",\"name\":\"MiuMjau\",\"description\":\"Kraapimispuud kassidele\",\"publisher\":{\"@id\":\"https:\/\/miumjau.ee\/#organization\"},\"potentialAction\":[{\"@type\":\"SearchAction\",\"target\":{\"@type\":\"EntryPoint\",\"urlTemplate\":\"https:\/\/miumjau.ee\/?s={search_term_string}\"},\"query-input\":{\"@type\":\"PropertyValueSpecification\",\"valueRequired\":true,\"valueName\":\"search_term_string\"}}],\"inLanguage\":\"lv-LV\"},{\"@type\":\"Organization\",\"@id\":\"https:\/\/miumjau.ee\/#organization\",\"name\":\"MiuMjau O\u00dc\",\"url\":\"https:\/\/miumjau.ee\/\",\"logo\":{\"@type\":\"ImageObject\",\"inLanguage\":\"lv-LV\",\"@id\":\"https:\/\/miumjau.ee\/#\/schema\/logo\/image\/\",\"url\":\"https:\/\/miumjau.ee\/wp-content\/uploads\/2022\/04\/MiuMjau-logo-kollane.png\",\"contentUrl\":\"https:\/\/miumjau.ee\/wp-content\/uploads\/2022\/04\/MiuMjau-logo-kollane.png\",\"width\":219,\"height\":100,\"caption\":\"MiuMjau O\u00dc\"},\"image\":{\"@id\":\"https:\/\/miumjau.ee\/#\/schema\/logo\/image\/\"},\"sameAs\":[\"https:\/\/www.facebook.com\/miumjaupood\/\"]}]}<\/script>\n<!-- \/ Yoast SEO plugin. -->","yoast_head_json":{"title":"Bumba su\u0146iem \u016bdens un aport\u0113\u0161anas sp\u0113l\u0113m Chuckit! Ultra XXL - MiuMjau","robots":{"index":"index","follow":"follow","max-snippet":"max-snippet:-1","max-image-preview":"max-image-preview:large","max-video-preview":"max-video-preview:-1"},"canonical":"https:\/\/miumjau.ee\/lv\/produkts\/bumba-suniem-udens-un-aportesanas-spelem-chuckit-ultra-xxl\/","og_locale":"lv_LV","og_type":"article","og_title":"Bumba su\u0146iem \u016bdens un aport\u0113\u0161anas sp\u0113l\u0113m Chuckit! Ultra XXL - MiuMjau","og_description":"Chuckit! Ultra Ball \u2013 \u012bpa\u0161i iztur\u012bga un augstu leco\u0161a bumba maksim\u0101lam rota\u013cu priekam! \ud83c\udfbe\ud83d\udc36 Chuckit! Ultra Ball ir rad\u012bta \u012bpa\u0161i aport\u0113\u0161anas sp\u0113l\u0113m \u2013 t\u0101 lec augst\u0101k un t\u0101l\u0101k nek\u0101 parast\u0101s bumbas un ir piem\u0113rota jebkuram segumam! Izgatavota no iztur\u012bgas gumijas, bumba ir \u012bpa\u0161i stipra, labi paman\u0101ma ko\u0161o kr\u0101su d\u0113\u013c un peld, lai rota\u013cas var\u0113tu turpin\u0101t ar\u012b \u016bden\u012b. \ud83d\udd25 K\u0101p\u0113c izv\u0113l\u0113ties Chuckit! Ultra Ball?\u2714 \u012apa\u0161i iztur\u012bga \u2013 stipra gumija iztur ar\u012b akt\u012bvu ko\u0161\u013c\u0101\u0161anu\u2714 Augsta un t\u0101la atl\u0113k\u0161ana \u2013 ide\u0101li interakt\u012bv\u0101m sp\u0113l\u0113m\u2714 Sader\u012bga ar Chuckit! met\u0113jiem \u2013 t\u0101l\u0101ki un prec\u012bz\u0101ki metieni\u2714 Peld \u016bden\u012b \u2013 rota\u013c\u0101m gan uz zemes, gan \u016bden\u012b\u2714 Laba redzam\u012bba \u2013 ko\u0161\u0101s kr\u0101sas \u013cauj bumbu viegli atrast \ud83d\udccf Izm\u0113ri:\ud83d\udd39 S \u2013 \u00d8 5 cm\ud83d\udd39 M \u2013 \u00d8 6 cm\ud83d\udd39 L \u2013 \u00d8 7 cm\ud83d\udd39 XL \u2013 \u00d8 9 cm\ud83d\udd39 XXL \u2013 \u00d8 10 cm Pacel sava su\u0146a rota\u013cu pieredzi jaun\u0101 l\u012bmen\u012b ar Chuckit! Ultra Ball \u2013 iztur\u012bga, leco\u0161a un ide\u0101li piem\u0113rota katram piedz\u012bvojumu k\u0101ram sunim! \ud83d\ude80\ud83d\udc3e","og_url":"https:\/\/miumjau.ee\/lv\/produkts\/bumba-suniem-udens-un-aportesanas-spelem-chuckit-ultra-xxl\/","og_site_name":"MiuMjau","article_publisher":"https:\/\/www.facebook.com\/miumjaupood\/","article_modified_time":"2026-01-07T19:17:12+00:00","og_image":[{"width":600,"height":800,"url":"https:\/\/miumjau.ee\/wp-content\/uploads\/2025\/03\/manguasi-koerale-chuckit4.jpg","type":"image\/jpeg"}],"twitter_card":"summary_large_image","schema":{"@context":"https:\/\/schema.org","@graph":[{"@type":"WebPage","@id":"https:\/\/miumjau.ee\/lv\/produkts\/bumba-suniem-udens-un-aportesanas-spelem-chuckit-ultra-xxl\/","url":"https:\/\/miumjau.ee\/lv\/produkts\/bumba-suniem-udens-un-aportesanas-spelem-chuckit-ultra-xxl\/","name":"Bumba su\u0146iem \u016bdens un aport\u0113\u0161anas sp\u0113l\u0113m Chuckit! Ultra XXL - MiuMjau","isPartOf":{"@id":"https:\/\/miumjau.ee\/#website"},"primaryImageOfPage":{"@id":"https:\/\/miumjau.ee\/lv\/produkts\/bumba-suniem-udens-un-aportesanas-spelem-chuckit-ultra-xxl\/#primaryimage"},"image":{"@id":"https:\/\/miumjau.ee\/lv\/produkts\/bumba-suniem-udens-un-aportesanas-spelem-chuckit-ultra-xxl\/#primaryimage"},"thumbnailUrl":"https:\/\/miumjau.ee\/wp-content\/uploads\/2025\/03\/manguasi-koerale-chuckit4.jpg","datePublished":"2025-03-05T08:03:54+00:00","dateModified":"2026-01-07T19:17:12+00:00","breadcrumb":{"@id":"https:\/\/miumjau.ee\/lv\/produkts\/bumba-suniem-udens-un-aportesanas-spelem-chuckit-ultra-xxl\/#breadcrumb"},"inLanguage":"lv-LV","potentialAction":[{"@type":"ReadAction","target":["https:\/\/miumjau.ee\/lv\/produkts\/bumba-suniem-udens-un-aportesanas-spelem-chuckit-ultra-xxl\/"]}]},{"@type":"ImageObject","inLanguage":"lv-LV","@id":"https:\/\/miumjau.ee\/lv\/produkts\/bumba-suniem-udens-un-aportesanas-spelem-chuckit-ultra-xxl\/#primaryimage","url":"https:\/\/miumjau.ee\/wp-content\/uploads\/2025\/03\/manguasi-koerale-chuckit4.jpg","contentUrl":"https:\/\/miumjau.ee\/wp-content\/uploads\/2025\/03\/manguasi-koerale-chuckit4.jpg","width":600,"height":800},{"@type":"BreadcrumbList","@id":"https:\/\/miumjau.ee\/lv\/produkts\/bumba-suniem-udens-un-aportesanas-spelem-chuckit-ultra-xxl\/#breadcrumb","itemListElement":[{"@type":"ListItem","position":1,"name":"Home","item":"https:\/\/miumjau.ee\/lv\/"},{"@type":"ListItem","position":2,"name":"Veikals","item":"https:\/\/miumjau.ee\/lv\/veikals\/"},{"@type":"ListItem","position":3,"name":"Bumba su\u0146iem \u016bdens un aport\u0113\u0161anas sp\u0113l\u0113m Chuckit! Ultra XXL"}]},{"@type":"WebSite","@id":"https:\/\/miumjau.ee\/#website","url":"https:\/\/miumjau.ee\/","name":"MiuMjau","description":"Kraapimispuud kassidele","publisher":{"@id":"https:\/\/miumjau.ee\/#organization"},"potentialAction":[{"@type":"SearchAction","target":{"@type":"EntryPoint","urlTemplate":"https:\/\/miumjau.ee\/?s={search_term_string}"},"query-input":{"@type":"PropertyValueSpecification","valueRequired":true,"valueName":"search_term_string"}}],"inLanguage":"lv-LV"},{"@type":"Organization","@id":"https:\/\/miumjau.ee\/#organization","name":"MiuMjau O\u00dc","url":"https:\/\/miumjau.ee\/","logo":{"@type":"ImageObject","inLanguage":"lv-LV","@id":"https:\/\/miumjau.ee\/#\/schema\/logo\/image\/","url":"https:\/\/miumjau.ee\/wp-content\/uploads\/2022\/04\/MiuMjau-logo-kollane.png","contentUrl":"https:\/\/miumjau.ee\/wp-content\/uploads\/2022\/04\/MiuMjau-logo-kollane.png","width":219,"height":100,"caption":"MiuMjau O\u00dc"},"image":{"@id":"https:\/\/miumjau.ee\/#\/schema\/logo\/image\/"},"sameAs":["https:\/\/www.facebook.com\/miumjaupood\/"]}]}},"_links":{"self":[{"href":"https:\/\/miumjau.ee\/lv\/wp-json\/wp\/v2\/product\/48958","targetHints":{"allow":["GET"]}}],"collection":[{"href":"https:\/\/miumjau.ee\/lv\/wp-json\/wp\/v2\/product"}],"about":[{"href":"https:\/\/miumjau.ee\/lv\/wp-json\/wp\/v2\/types\/product"}],"wp:featuredmedia":[{"embeddable":true,"href":"https:\/\/miumjau.ee\/lv\/wp-json\/wp\/v2\/media\/48956"}],"wp:attachment":[{"href":"https:\/\/miumjau.ee\/lv\/wp-json\/wp\/v2\/media?parent=48958"}],"wp:term":[{"taxonomy":"product_brand","embeddable":true,"href":"https:\/\/miumjau.ee\/lv\/wp-json\/wp\/v2\/product_brand?post=48958"},{"taxonomy":"product_cat","embeddable":true,"href":"https:\/\/miumjau.ee\/lv\/wp-json\/wp\/v2\/product_cat?post=48958"},{"taxonomy":"product_tag","embeddable":true,"href":"https:\/\/miumjau.ee\/lv\/wp-json\/wp\/v2\/product_tag?post=48958"}],"curies":[{"name":"wp","href":"https:\/\/api.w.org\/{rel}","templated":true}]}}