{"id":48941,"date":"2025-03-05T10:09:01","date_gmt":"2025-03-05T08:09:01","guid":{"rendered":"https:\/\/miumjau.ee\/toode\/rotallieta-suniem-mesanas-un-vilksanas-spelem-chuckit-ultra-tug-m\/"},"modified":"2026-01-07T21:17:19","modified_gmt":"2026-01-07T19:17:19","slug":"rotallieta-suniem-mesanas-un-vilksanas-spelem-chuckit-ultra-tug-m","status":"publish","type":"product","link":"https:\/\/miumjau.ee\/lv\/produkts\/rotallieta-suniem-mesanas-un-vilksanas-spelem-chuckit-ultra-tug-m\/","title":{"rendered":"Rota\u013clieta su\u0146iem me\u0161anas un vilk\u0161anas sp\u0113l\u0113m Chuckit! Ultra Tug M"},"content":{"rendered":"","protected":false},"excerpt":{"rendered":"<p data-start=\"2078\" data-end=\"2155\"><strong data-start=\"2078\" data-end=\"2155\">Chuckit! Ultra Tug \u2013 ide\u0101li piem\u0113rota me\u0161anai, vilk\u0161anai un rota\u013c\u0101m! \ud83c\udfbe\ud83d\udc36<\/strong><\/p>\n<p data-start=\"2157\" data-end=\"2394\">Padari rota\u013cu laiku v\u0113l aizraujo\u0161\u0101ku ar Chuckit! Ultra Tug bumbu! Pateicoties \u0113rtajam rokturim, bumbu var mest t\u0101lu, tai nepieskaroties \u2013 net\u012bras rokas paliek pag\u0101tn\u0113! Rota\u013clieta ir ide\u0101li piem\u0113rota gan aport\u0113\u0161anai, gan vilk\u0161anas sp\u0113l\u0113m.<\/p>\n<p data-start=\"2396\" data-end=\"2735\">\ud83d\udd25 <strong data-start=\"2399\" data-end=\"2439\">K\u0101p\u0113c izv\u0113l\u0113ties Chuckit! Ultra Tug?<\/strong><br data-start=\"2439\" data-end=\"2442\" \/>\u2714 \u0112rts rokturis \u2013 viegli mest un lieliski piem\u0113rots vilk\u0161anai<br data-start=\"2503\" data-end=\"2506\" \/>\u2714 Bez net\u012br\u012bbas \u2013 nav j\u0101pieskaras bumbai, rokas paliek t\u012bras<br data-start=\"2566\" data-end=\"2569\" \/>\u2714 Iztur\u012bga un stipra \u2013 izgatavota no \u012bpa\u0161i iztur\u012bgas Chuckit! Ultra Tennis Ball<br data-start=\"2648\" data-end=\"2651\" \/>\u2714 Daudzpus\u012bga rota\u013clieta \u2013 piem\u0113rota aport\u0113\u0161anai, vilk\u0161anai un interakt\u012bv\u0101m sp\u0113l\u0113m<\/p>\n<p data-start=\"2737\" data-end=\"2801\">\ud83d\udccf <strong data-start=\"2740\" data-end=\"2751\">Izm\u0113ri:<\/strong><br data-start=\"2751\" data-end=\"2754\" \/>\ud83d\udd39 S \u2013 \u00d8 5 cm<br data-start=\"2767\" data-end=\"2770\" \/>\ud83d\udd39 M \u2013 \u00d8 6 cm<br data-start=\"2783\" data-end=\"2786\" \/>\ud83d\udd39 L \u2013 \u00d8 7 cm<\/p>\n<p data-start=\"2803\" data-end=\"2932\">Izbaudi t\u012bras rokas un nebeidzamu rota\u013cu prieku ar Chuckit! Ultra Tug bumbu \u2013 ide\u0101la katram ener\u0123iskam un rota\u013c\u012bgam sunim! \ud83d\ude80\ud83d\udc3e<\/p>\n","protected":false},"featured_media":48940,"template":"","meta":[],"product_brand":[],"product_cat":[592],"product_tag":[],"class_list":{"0":"post-48941","1":"product","2":"type-product","3":"status-publish","4":"has-post-thumbnail","6":"product_cat-rotallietas-suniem","8":"first","9":"instock","10":"taxable","11":"shipping-taxable","12":"purchasable","13":"product-type-simple"},"yoast_head":"<!-- This site is optimized with the Yoast SEO plugin v27.2 - https:\/\/yoast.com\/product\/yoast-seo-wordpress\/ -->\n<title>Rota\u013clieta su\u0146iem me\u0161anas un vilk\u0161anas sp\u0113l\u0113m Chuckit! Ultra Tug M - MiuMjau<\/title>\n<meta name=\"robots\" content=\"index, follow, max-snippet:-1, max-image-preview:large, max-video-preview:-1\" \/>\n<link rel=\"canonical\" href=\"https:\/\/miumjau.ee\/lv\/produkts\/rotallieta-suniem-mesanas-un-vilksanas-spelem-chuckit-ultra-tug-m\/\" \/>\n<meta property=\"og:locale\" content=\"lv_LV\" \/>\n<meta property=\"og:type\" content=\"article\" \/>\n<meta property=\"og:title\" content=\"Rota\u013clieta su\u0146iem me\u0161anas un vilk\u0161anas sp\u0113l\u0113m Chuckit! Ultra Tug M - MiuMjau\" \/>\n<meta property=\"og:description\" content=\"Chuckit! Ultra Tug \u2013 ide\u0101li piem\u0113rota me\u0161anai, vilk\u0161anai un rota\u013c\u0101m! \ud83c\udfbe\ud83d\udc36 Padari rota\u013cu laiku v\u0113l aizraujo\u0161\u0101ku ar Chuckit! Ultra Tug bumbu! Pateicoties \u0113rtajam rokturim, bumbu var mest t\u0101lu, tai nepieskaroties \u2013 net\u012bras rokas paliek pag\u0101tn\u0113! Rota\u013clieta ir ide\u0101li piem\u0113rota gan aport\u0113\u0161anai, gan vilk\u0161anas sp\u0113l\u0113m. \ud83d\udd25 K\u0101p\u0113c izv\u0113l\u0113ties Chuckit! Ultra Tug?\u2714 \u0112rts rokturis \u2013 viegli mest un lieliski piem\u0113rots vilk\u0161anai\u2714 Bez net\u012br\u012bbas \u2013 nav j\u0101pieskaras bumbai, rokas paliek t\u012bras\u2714 Iztur\u012bga un stipra \u2013 izgatavota no \u012bpa\u0161i iztur\u012bgas Chuckit! Ultra Tennis Ball\u2714 Daudzpus\u012bga rota\u013clieta \u2013 piem\u0113rota aport\u0113\u0161anai, vilk\u0161anai un interakt\u012bv\u0101m sp\u0113l\u0113m \ud83d\udccf Izm\u0113ri:\ud83d\udd39 S \u2013 \u00d8 5 cm\ud83d\udd39 M \u2013 \u00d8 6 cm\ud83d\udd39 L \u2013 \u00d8 7 cm Izbaudi t\u012bras rokas un nebeidzamu rota\u013cu prieku ar Chuckit! Ultra Tug bumbu \u2013 ide\u0101la katram ener\u0123iskam un rota\u013c\u012bgam sunim! \ud83d\ude80\ud83d\udc3e\" \/>\n<meta property=\"og:url\" content=\"https:\/\/miumjau.ee\/lv\/produkts\/rotallieta-suniem-mesanas-un-vilksanas-spelem-chuckit-ultra-tug-m\/\" \/>\n<meta property=\"og:site_name\" content=\"MiuMjau\" \/>\n<meta property=\"article:publisher\" content=\"https:\/\/www.facebook.com\/miumjaupood\/\" \/>\n<meta property=\"article:modified_time\" content=\"2026-01-07T19:17:19+00:00\" \/>\n<meta property=\"og:image\" content=\"https:\/\/miumjau.ee\/wp-content\/uploads\/2025\/03\/manguasi-koerale-chuckit7.jpg\" \/>\n\t<meta property=\"og:image:width\" content=\"600\" \/>\n\t<meta property=\"og:image:height\" content=\"800\" \/>\n\t<meta property=\"og:image:type\" content=\"image\/jpeg\" \/>\n<meta name=\"twitter:card\" content=\"summary_large_image\" \/>\n<script type=\"application\/ld+json\" class=\"yoast-schema-graph\">{\"@context\":\"https:\/\/schema.org\",\"@graph\":[{\"@type\":\"WebPage\",\"@id\":\"https:\/\/miumjau.ee\/lv\/produkts\/rotallieta-suniem-mesanas-un-vilksanas-spelem-chuckit-ultra-tug-m\/\",\"url\":\"https:\/\/miumjau.ee\/lv\/produkts\/rotallieta-suniem-mesanas-un-vilksanas-spelem-chuckit-ultra-tug-m\/\",\"name\":\"Rota\u013clieta su\u0146iem me\u0161anas un vilk\u0161anas sp\u0113l\u0113m Chuckit! Ultra Tug M - MiuMjau\",\"isPartOf\":{\"@id\":\"https:\/\/miumjau.ee\/#website\"},\"primaryImageOfPage\":{\"@id\":\"https:\/\/miumjau.ee\/lv\/produkts\/rotallieta-suniem-mesanas-un-vilksanas-spelem-chuckit-ultra-tug-m\/#primaryimage\"},\"image\":{\"@id\":\"https:\/\/miumjau.ee\/lv\/produkts\/rotallieta-suniem-mesanas-un-vilksanas-spelem-chuckit-ultra-tug-m\/#primaryimage\"},\"thumbnailUrl\":\"https:\/\/miumjau.ee\/wp-content\/uploads\/2025\/03\/manguasi-koerale-chuckit7.jpg\",\"datePublished\":\"2025-03-05T08:09:01+00:00\",\"dateModified\":\"2026-01-07T19:17:19+00:00\",\"breadcrumb\":{\"@id\":\"https:\/\/miumjau.ee\/lv\/produkts\/rotallieta-suniem-mesanas-un-vilksanas-spelem-chuckit-ultra-tug-m\/#breadcrumb\"},\"inLanguage\":\"lv-LV\",\"potentialAction\":[{\"@type\":\"ReadAction\",\"target\":[\"https:\/\/miumjau.ee\/lv\/produkts\/rotallieta-suniem-mesanas-un-vilksanas-spelem-chuckit-ultra-tug-m\/\"]}]},{\"@type\":\"ImageObject\",\"inLanguage\":\"lv-LV\",\"@id\":\"https:\/\/miumjau.ee\/lv\/produkts\/rotallieta-suniem-mesanas-un-vilksanas-spelem-chuckit-ultra-tug-m\/#primaryimage\",\"url\":\"https:\/\/miumjau.ee\/wp-content\/uploads\/2025\/03\/manguasi-koerale-chuckit7.jpg\",\"contentUrl\":\"https:\/\/miumjau.ee\/wp-content\/uploads\/2025\/03\/manguasi-koerale-chuckit7.jpg\",\"width\":600,\"height\":800},{\"@type\":\"BreadcrumbList\",\"@id\":\"https:\/\/miumjau.ee\/lv\/produkts\/rotallieta-suniem-mesanas-un-vilksanas-spelem-chuckit-ultra-tug-m\/#breadcrumb\",\"itemListElement\":[{\"@type\":\"ListItem\",\"position\":1,\"name\":\"Home\",\"item\":\"https:\/\/miumjau.ee\/lv\/\"},{\"@type\":\"ListItem\",\"position\":2,\"name\":\"Veikals\",\"item\":\"https:\/\/miumjau.ee\/lv\/veikals\/\"},{\"@type\":\"ListItem\",\"position\":3,\"name\":\"Rota\u013clieta su\u0146iem me\u0161anas un vilk\u0161anas sp\u0113l\u0113m Chuckit! Ultra Tug M\"}]},{\"@type\":\"WebSite\",\"@id\":\"https:\/\/miumjau.ee\/#website\",\"url\":\"https:\/\/miumjau.ee\/\",\"name\":\"MiuMjau\",\"description\":\"Kraapimispuud kassidele\",\"publisher\":{\"@id\":\"https:\/\/miumjau.ee\/#organization\"},\"potentialAction\":[{\"@type\":\"SearchAction\",\"target\":{\"@type\":\"EntryPoint\",\"urlTemplate\":\"https:\/\/miumjau.ee\/?s={search_term_string}\"},\"query-input\":{\"@type\":\"PropertyValueSpecification\",\"valueRequired\":true,\"valueName\":\"search_term_string\"}}],\"inLanguage\":\"lv-LV\"},{\"@type\":\"Organization\",\"@id\":\"https:\/\/miumjau.ee\/#organization\",\"name\":\"MiuMjau O\u00dc\",\"url\":\"https:\/\/miumjau.ee\/\",\"logo\":{\"@type\":\"ImageObject\",\"inLanguage\":\"lv-LV\",\"@id\":\"https:\/\/miumjau.ee\/#\/schema\/logo\/image\/\",\"url\":\"https:\/\/miumjau.ee\/wp-content\/uploads\/2022\/04\/MiuMjau-logo-kollane.png\",\"contentUrl\":\"https:\/\/miumjau.ee\/wp-content\/uploads\/2022\/04\/MiuMjau-logo-kollane.png\",\"width\":219,\"height\":100,\"caption\":\"MiuMjau O\u00dc\"},\"image\":{\"@id\":\"https:\/\/miumjau.ee\/#\/schema\/logo\/image\/\"},\"sameAs\":[\"https:\/\/www.facebook.com\/miumjaupood\/\"]}]}<\/script>\n<!-- \/ Yoast SEO plugin. -->","yoast_head_json":{"title":"Rota\u013clieta su\u0146iem me\u0161anas un vilk\u0161anas sp\u0113l\u0113m Chuckit! Ultra Tug M - MiuMjau","robots":{"index":"index","follow":"follow","max-snippet":"max-snippet:-1","max-image-preview":"max-image-preview:large","max-video-preview":"max-video-preview:-1"},"canonical":"https:\/\/miumjau.ee\/lv\/produkts\/rotallieta-suniem-mesanas-un-vilksanas-spelem-chuckit-ultra-tug-m\/","og_locale":"lv_LV","og_type":"article","og_title":"Rota\u013clieta su\u0146iem me\u0161anas un vilk\u0161anas sp\u0113l\u0113m Chuckit! Ultra Tug M - MiuMjau","og_description":"Chuckit! Ultra Tug \u2013 ide\u0101li piem\u0113rota me\u0161anai, vilk\u0161anai un rota\u013c\u0101m! \ud83c\udfbe\ud83d\udc36 Padari rota\u013cu laiku v\u0113l aizraujo\u0161\u0101ku ar Chuckit! Ultra Tug bumbu! Pateicoties \u0113rtajam rokturim, bumbu var mest t\u0101lu, tai nepieskaroties \u2013 net\u012bras rokas paliek pag\u0101tn\u0113! Rota\u013clieta ir ide\u0101li piem\u0113rota gan aport\u0113\u0161anai, gan vilk\u0161anas sp\u0113l\u0113m. \ud83d\udd25 K\u0101p\u0113c izv\u0113l\u0113ties Chuckit! Ultra Tug?\u2714 \u0112rts rokturis \u2013 viegli mest un lieliski piem\u0113rots vilk\u0161anai\u2714 Bez net\u012br\u012bbas \u2013 nav j\u0101pieskaras bumbai, rokas paliek t\u012bras\u2714 Iztur\u012bga un stipra \u2013 izgatavota no \u012bpa\u0161i iztur\u012bgas Chuckit! Ultra Tennis Ball\u2714 Daudzpus\u012bga rota\u013clieta \u2013 piem\u0113rota aport\u0113\u0161anai, vilk\u0161anai un interakt\u012bv\u0101m sp\u0113l\u0113m \ud83d\udccf Izm\u0113ri:\ud83d\udd39 S \u2013 \u00d8 5 cm\ud83d\udd39 M \u2013 \u00d8 6 cm\ud83d\udd39 L \u2013 \u00d8 7 cm Izbaudi t\u012bras rokas un nebeidzamu rota\u013cu prieku ar Chuckit! Ultra Tug bumbu \u2013 ide\u0101la katram ener\u0123iskam un rota\u013c\u012bgam sunim! \ud83d\ude80\ud83d\udc3e","og_url":"https:\/\/miumjau.ee\/lv\/produkts\/rotallieta-suniem-mesanas-un-vilksanas-spelem-chuckit-ultra-tug-m\/","og_site_name":"MiuMjau","article_publisher":"https:\/\/www.facebook.com\/miumjaupood\/","article_modified_time":"2026-01-07T19:17:19+00:00","og_image":[{"width":600,"height":800,"url":"https:\/\/miumjau.ee\/wp-content\/uploads\/2025\/03\/manguasi-koerale-chuckit7.jpg","type":"image\/jpeg"}],"twitter_card":"summary_large_image","schema":{"@context":"https:\/\/schema.org","@graph":[{"@type":"WebPage","@id":"https:\/\/miumjau.ee\/lv\/produkts\/rotallieta-suniem-mesanas-un-vilksanas-spelem-chuckit-ultra-tug-m\/","url":"https:\/\/miumjau.ee\/lv\/produkts\/rotallieta-suniem-mesanas-un-vilksanas-spelem-chuckit-ultra-tug-m\/","name":"Rota\u013clieta su\u0146iem me\u0161anas un vilk\u0161anas sp\u0113l\u0113m Chuckit! Ultra Tug M - MiuMjau","isPartOf":{"@id":"https:\/\/miumjau.ee\/#website"},"primaryImageOfPage":{"@id":"https:\/\/miumjau.ee\/lv\/produkts\/rotallieta-suniem-mesanas-un-vilksanas-spelem-chuckit-ultra-tug-m\/#primaryimage"},"image":{"@id":"https:\/\/miumjau.ee\/lv\/produkts\/rotallieta-suniem-mesanas-un-vilksanas-spelem-chuckit-ultra-tug-m\/#primaryimage"},"thumbnailUrl":"https:\/\/miumjau.ee\/wp-content\/uploads\/2025\/03\/manguasi-koerale-chuckit7.jpg","datePublished":"2025-03-05T08:09:01+00:00","dateModified":"2026-01-07T19:17:19+00:00","breadcrumb":{"@id":"https:\/\/miumjau.ee\/lv\/produkts\/rotallieta-suniem-mesanas-un-vilksanas-spelem-chuckit-ultra-tug-m\/#breadcrumb"},"inLanguage":"lv-LV","potentialAction":[{"@type":"ReadAction","target":["https:\/\/miumjau.ee\/lv\/produkts\/rotallieta-suniem-mesanas-un-vilksanas-spelem-chuckit-ultra-tug-m\/"]}]},{"@type":"ImageObject","inLanguage":"lv-LV","@id":"https:\/\/miumjau.ee\/lv\/produkts\/rotallieta-suniem-mesanas-un-vilksanas-spelem-chuckit-ultra-tug-m\/#primaryimage","url":"https:\/\/miumjau.ee\/wp-content\/uploads\/2025\/03\/manguasi-koerale-chuckit7.jpg","contentUrl":"https:\/\/miumjau.ee\/wp-content\/uploads\/2025\/03\/manguasi-koerale-chuckit7.jpg","width":600,"height":800},{"@type":"BreadcrumbList","@id":"https:\/\/miumjau.ee\/lv\/produkts\/rotallieta-suniem-mesanas-un-vilksanas-spelem-chuckit-ultra-tug-m\/#breadcrumb","itemListElement":[{"@type":"ListItem","position":1,"name":"Home","item":"https:\/\/miumjau.ee\/lv\/"},{"@type":"ListItem","position":2,"name":"Veikals","item":"https:\/\/miumjau.ee\/lv\/veikals\/"},{"@type":"ListItem","position":3,"name":"Rota\u013clieta su\u0146iem me\u0161anas un vilk\u0161anas sp\u0113l\u0113m Chuckit! Ultra Tug M"}]},{"@type":"WebSite","@id":"https:\/\/miumjau.ee\/#website","url":"https:\/\/miumjau.ee\/","name":"MiuMjau","description":"Kraapimispuud kassidele","publisher":{"@id":"https:\/\/miumjau.ee\/#organization"},"potentialAction":[{"@type":"SearchAction","target":{"@type":"EntryPoint","urlTemplate":"https:\/\/miumjau.ee\/?s={search_term_string}"},"query-input":{"@type":"PropertyValueSpecification","valueRequired":true,"valueName":"search_term_string"}}],"inLanguage":"lv-LV"},{"@type":"Organization","@id":"https:\/\/miumjau.ee\/#organization","name":"MiuMjau O\u00dc","url":"https:\/\/miumjau.ee\/","logo":{"@type":"ImageObject","inLanguage":"lv-LV","@id":"https:\/\/miumjau.ee\/#\/schema\/logo\/image\/","url":"https:\/\/miumjau.ee\/wp-content\/uploads\/2022\/04\/MiuMjau-logo-kollane.png","contentUrl":"https:\/\/miumjau.ee\/wp-content\/uploads\/2022\/04\/MiuMjau-logo-kollane.png","width":219,"height":100,"caption":"MiuMjau O\u00dc"},"image":{"@id":"https:\/\/miumjau.ee\/#\/schema\/logo\/image\/"},"sameAs":["https:\/\/www.facebook.com\/miumjaupood\/"]}]}},"_links":{"self":[{"href":"https:\/\/miumjau.ee\/lv\/wp-json\/wp\/v2\/product\/48941","targetHints":{"allow":["GET"]}}],"collection":[{"href":"https:\/\/miumjau.ee\/lv\/wp-json\/wp\/v2\/product"}],"about":[{"href":"https:\/\/miumjau.ee\/lv\/wp-json\/wp\/v2\/types\/product"}],"wp:featuredmedia":[{"embeddable":true,"href":"https:\/\/miumjau.ee\/lv\/wp-json\/wp\/v2\/media\/48940"}],"wp:attachment":[{"href":"https:\/\/miumjau.ee\/lv\/wp-json\/wp\/v2\/media?parent=48941"}],"wp:term":[{"taxonomy":"product_brand","embeddable":true,"href":"https:\/\/miumjau.ee\/lv\/wp-json\/wp\/v2\/product_brand?post=48941"},{"taxonomy":"product_cat","embeddable":true,"href":"https:\/\/miumjau.ee\/lv\/wp-json\/wp\/v2\/product_cat?post=48941"},{"taxonomy":"product_tag","embeddable":true,"href":"https:\/\/miumjau.ee\/lv\/wp-json\/wp\/v2\/product_tag?post=48941"}],"curies":[{"name":"wp","href":"https:\/\/api.w.org\/{rel}","templated":true}]}}