{"id":48925,"date":"2025-03-05T10:53:47","date_gmt":"2025-03-05T08:53:47","guid":{"rendered":"https:\/\/miumjau.ee\/toode\/rotallieta-suniem-kong-classic-xl\/"},"modified":"2026-01-07T21:17:19","modified_gmt":"2026-01-07T19:17:19","slug":"rotallieta-suniem-kong-classic-xl","status":"publish","type":"product","link":"https:\/\/miumjau.ee\/lv\/produkts\/rotallieta-suniem-kong-classic-xl\/","title":{"rendered":"Rota\u013clieta su\u0146iem KONG Classic XL"},"content":{"rendered":"","protected":false},"excerpt":{"rendered":"<p data-start=\"2288\" data-end=\"2370\"><strong data-start=\"2288\" data-end=\"2370\">KONG Classic \u2013 zelta standarts su\u0146u rota\u013cliet\u0101m jau vair\u0101k nek\u0101 40 gadus! \ud83e\uddb4\ud83d\udc36<\/strong><\/p>\n<p data-start=\"2372\" data-end=\"2698\">KONG Classic ir pasaul\u0113 visvair\u0101k ieteikt\u0101 su\u0146u rota\u013clieta, kas sniedz nebeidzamu izklaidi un apmierina su\u0146a dabisk\u0101s ko\u0161\u013c\u0101\u0161anas vajadz\u012bbas. Superelast\u012bg\u0101 un iztur\u012bg\u0101 dab\u012bg\u0101 gumija nodro\u0161ina neparedzamu atl\u0113cienu, padarot aport\u0113\u0161anas sp\u0113les v\u0113l aizraujo\u0161\u0101kas! Piepildi KONG ar su\u0146a iecien\u012bt\u0101kajiem k\u0101rumiem ilgsto\u0161ai nodarbei.<\/p>\n<p data-start=\"2700\" data-end=\"3043\">\ud83d\udd25 <strong data-start=\"2703\" data-end=\"2737\">K\u0101p\u0113c izv\u0113l\u0113ties KONG Classic?<\/strong><br data-start=\"2737\" data-end=\"2740\" \/>\u2714 \u012apa\u0161i iztur\u012bga \u2013 ide\u0101li piem\u0113rota ko\u0161\u013c\u0101\u0161anu m\u012blo\u0161iem su\u0146iem<br data-start=\"2801\" data-end=\"2804\" \/>\u2714 Piepild\u0101ma ar k\u0101rumiem \u2013 ilg\u0101kai un pat\u012bkam\u0101kai rota\u013cai<br data-start=\"2861\" data-end=\"2864\" \/>\u2714 Neregul\u0101ra atl\u0113k\u0161ana \u2013 pie\u0161\u0137ir aport\u0113\u0161anas sp\u0113l\u0113m neparedzam\u012bbu un prieku<br data-start=\"2939\" data-end=\"2942\" \/>\u2714 Ieteikta veterin\u0101r\u0101rstu un treneru \u2013 atbalsta dabisk\u0101s ko\u0161\u013c\u0101\u0161anas vajadz\u012bbas un mazina garlaic\u012bbu<\/p>\n<p data-start=\"3045\" data-end=\"3170\">\ud83d\udccf <strong data-start=\"3048\" data-end=\"3059\">Izm\u0113ri:<\/strong><br data-start=\"3059\" data-end=\"3062\" \/>\ud83d\udd39 XS \u2013 5,72 cm<br data-start=\"3077\" data-end=\"3080\" \/>\ud83d\udd39 S \u2013 7,62 cm<br data-start=\"3094\" data-end=\"3097\" \/>\ud83d\udd39 M \u2013 8,89 cm<br data-start=\"3111\" data-end=\"3114\" \/>\ud83d\udd39 L \u2013 10,16 cm<br data-start=\"3129\" data-end=\"3132\" \/>\ud83d\udd39 XL \u2013 12,70 cm<br data-start=\"3148\" data-end=\"3151\" \/>\ud83d\udd39 XXL \u2013 15,24 cm<\/p>\n<p data-start=\"3172\" data-end=\"3303\">KONG Classic ir uzticama izv\u0113le ikvienam sunim \u2013 atl\u0113co\u0161a, iztur\u012bga un piepild\u0101ma ar gardumiem, lai rota\u013cu laiks b\u016btu ilg\u0101ks! \ud83d\udc3e\u2728<\/p>\n","protected":false},"featured_media":48920,"template":"","meta":[],"product_brand":[],"product_cat":[592],"product_tag":[],"class_list":{"0":"post-48925","1":"product","2":"type-product","3":"status-publish","4":"has-post-thumbnail","6":"product_cat-rotallietas-suniem","8":"first","9":"instock","10":"taxable","11":"shipping-taxable","12":"purchasable","13":"product-type-simple"},"yoast_head":"<!-- This site is optimized with the Yoast SEO plugin v27.2 - https:\/\/yoast.com\/product\/yoast-seo-wordpress\/ -->\n<title>Rota\u013clieta su\u0146iem KONG Classic XL - MiuMjau<\/title>\n<meta name=\"robots\" content=\"index, follow, max-snippet:-1, max-image-preview:large, max-video-preview:-1\" \/>\n<link rel=\"canonical\" href=\"https:\/\/miumjau.ee\/lv\/produkts\/rotallieta-suniem-kong-classic-xl\/\" \/>\n<meta property=\"og:locale\" content=\"lv_LV\" \/>\n<meta property=\"og:type\" content=\"article\" \/>\n<meta property=\"og:title\" content=\"Rota\u013clieta su\u0146iem KONG Classic XL - MiuMjau\" \/>\n<meta property=\"og:description\" content=\"KONG Classic \u2013 zelta standarts su\u0146u rota\u013cliet\u0101m jau vair\u0101k nek\u0101 40 gadus! \ud83e\uddb4\ud83d\udc36 KONG Classic ir pasaul\u0113 visvair\u0101k ieteikt\u0101 su\u0146u rota\u013clieta, kas sniedz nebeidzamu izklaidi un apmierina su\u0146a dabisk\u0101s ko\u0161\u013c\u0101\u0161anas vajadz\u012bbas. Superelast\u012bg\u0101 un iztur\u012bg\u0101 dab\u012bg\u0101 gumija nodro\u0161ina neparedzamu atl\u0113cienu, padarot aport\u0113\u0161anas sp\u0113les v\u0113l aizraujo\u0161\u0101kas! Piepildi KONG ar su\u0146a iecien\u012bt\u0101kajiem k\u0101rumiem ilgsto\u0161ai nodarbei. \ud83d\udd25 K\u0101p\u0113c izv\u0113l\u0113ties KONG Classic?\u2714 \u012apa\u0161i iztur\u012bga \u2013 ide\u0101li piem\u0113rota ko\u0161\u013c\u0101\u0161anu m\u012blo\u0161iem su\u0146iem\u2714 Piepild\u0101ma ar k\u0101rumiem \u2013 ilg\u0101kai un pat\u012bkam\u0101kai rota\u013cai\u2714 Neregul\u0101ra atl\u0113k\u0161ana \u2013 pie\u0161\u0137ir aport\u0113\u0161anas sp\u0113l\u0113m neparedzam\u012bbu un prieku\u2714 Ieteikta veterin\u0101r\u0101rstu un treneru \u2013 atbalsta dabisk\u0101s ko\u0161\u013c\u0101\u0161anas vajadz\u012bbas un mazina garlaic\u012bbu \ud83d\udccf Izm\u0113ri:\ud83d\udd39 XS \u2013 5,72 cm\ud83d\udd39 S \u2013 7,62 cm\ud83d\udd39 M \u2013 8,89 cm\ud83d\udd39 L \u2013 10,16 cm\ud83d\udd39 XL \u2013 12,70 cm\ud83d\udd39 XXL \u2013 15,24 cm KONG Classic ir uzticama izv\u0113le ikvienam sunim \u2013 atl\u0113co\u0161a, iztur\u012bga un piepild\u0101ma ar gardumiem, lai rota\u013cu laiks b\u016btu ilg\u0101ks! \ud83d\udc3e\u2728\" \/>\n<meta property=\"og:url\" content=\"https:\/\/miumjau.ee\/lv\/produkts\/rotallieta-suniem-kong-classic-xl\/\" \/>\n<meta property=\"og:site_name\" content=\"MiuMjau\" \/>\n<meta property=\"article:publisher\" content=\"https:\/\/www.facebook.com\/miumjaupood\/\" \/>\n<meta property=\"article:modified_time\" content=\"2026-01-07T19:17:19+00:00\" \/>\n<meta property=\"og:image\" content=\"https:\/\/miumjau.ee\/wp-content\/uploads\/2025\/03\/manguasi-koerale-kong27.jpg\" \/>\n\t<meta property=\"og:image:width\" content=\"600\" \/>\n\t<meta property=\"og:image:height\" content=\"800\" \/>\n\t<meta property=\"og:image:type\" content=\"image\/jpeg\" \/>\n<meta name=\"twitter:card\" content=\"summary_large_image\" \/>\n<script type=\"application\/ld+json\" class=\"yoast-schema-graph\">{\"@context\":\"https:\/\/schema.org\",\"@graph\":[{\"@type\":\"WebPage\",\"@id\":\"https:\/\/miumjau.ee\/lv\/produkts\/rotallieta-suniem-kong-classic-xl\/\",\"url\":\"https:\/\/miumjau.ee\/lv\/produkts\/rotallieta-suniem-kong-classic-xl\/\",\"name\":\"Rota\u013clieta su\u0146iem KONG Classic XL - MiuMjau\",\"isPartOf\":{\"@id\":\"https:\/\/miumjau.ee\/#website\"},\"primaryImageOfPage\":{\"@id\":\"https:\/\/miumjau.ee\/lv\/produkts\/rotallieta-suniem-kong-classic-xl\/#primaryimage\"},\"image\":{\"@id\":\"https:\/\/miumjau.ee\/lv\/produkts\/rotallieta-suniem-kong-classic-xl\/#primaryimage\"},\"thumbnailUrl\":\"https:\/\/miumjau.ee\/wp-content\/uploads\/2025\/03\/manguasi-koerale-kong27.jpg\",\"datePublished\":\"2025-03-05T08:53:47+00:00\",\"dateModified\":\"2026-01-07T19:17:19+00:00\",\"breadcrumb\":{\"@id\":\"https:\/\/miumjau.ee\/lv\/produkts\/rotallieta-suniem-kong-classic-xl\/#breadcrumb\"},\"inLanguage\":\"lv-LV\",\"potentialAction\":[{\"@type\":\"ReadAction\",\"target\":[\"https:\/\/miumjau.ee\/lv\/produkts\/rotallieta-suniem-kong-classic-xl\/\"]}]},{\"@type\":\"ImageObject\",\"inLanguage\":\"lv-LV\",\"@id\":\"https:\/\/miumjau.ee\/lv\/produkts\/rotallieta-suniem-kong-classic-xl\/#primaryimage\",\"url\":\"https:\/\/miumjau.ee\/wp-content\/uploads\/2025\/03\/manguasi-koerale-kong27.jpg\",\"contentUrl\":\"https:\/\/miumjau.ee\/wp-content\/uploads\/2025\/03\/manguasi-koerale-kong27.jpg\",\"width\":600,\"height\":800},{\"@type\":\"BreadcrumbList\",\"@id\":\"https:\/\/miumjau.ee\/lv\/produkts\/rotallieta-suniem-kong-classic-xl\/#breadcrumb\",\"itemListElement\":[{\"@type\":\"ListItem\",\"position\":1,\"name\":\"Home\",\"item\":\"https:\/\/miumjau.ee\/lv\/\"},{\"@type\":\"ListItem\",\"position\":2,\"name\":\"Veikals\",\"item\":\"https:\/\/miumjau.ee\/lv\/veikals\/\"},{\"@type\":\"ListItem\",\"position\":3,\"name\":\"Rota\u013clieta su\u0146iem KONG Classic XL\"}]},{\"@type\":\"WebSite\",\"@id\":\"https:\/\/miumjau.ee\/#website\",\"url\":\"https:\/\/miumjau.ee\/\",\"name\":\"MiuMjau\",\"description\":\"Kraapimispuud kassidele\",\"publisher\":{\"@id\":\"https:\/\/miumjau.ee\/#organization\"},\"potentialAction\":[{\"@type\":\"SearchAction\",\"target\":{\"@type\":\"EntryPoint\",\"urlTemplate\":\"https:\/\/miumjau.ee\/?s={search_term_string}\"},\"query-input\":{\"@type\":\"PropertyValueSpecification\",\"valueRequired\":true,\"valueName\":\"search_term_string\"}}],\"inLanguage\":\"lv-LV\"},{\"@type\":\"Organization\",\"@id\":\"https:\/\/miumjau.ee\/#organization\",\"name\":\"MiuMjau O\u00dc\",\"url\":\"https:\/\/miumjau.ee\/\",\"logo\":{\"@type\":\"ImageObject\",\"inLanguage\":\"lv-LV\",\"@id\":\"https:\/\/miumjau.ee\/#\/schema\/logo\/image\/\",\"url\":\"https:\/\/miumjau.ee\/wp-content\/uploads\/2022\/04\/MiuMjau-logo-kollane.png\",\"contentUrl\":\"https:\/\/miumjau.ee\/wp-content\/uploads\/2022\/04\/MiuMjau-logo-kollane.png\",\"width\":219,\"height\":100,\"caption\":\"MiuMjau O\u00dc\"},\"image\":{\"@id\":\"https:\/\/miumjau.ee\/#\/schema\/logo\/image\/\"},\"sameAs\":[\"https:\/\/www.facebook.com\/miumjaupood\/\"]}]}<\/script>\n<!-- \/ Yoast SEO plugin. -->","yoast_head_json":{"title":"Rota\u013clieta su\u0146iem KONG Classic XL - MiuMjau","robots":{"index":"index","follow":"follow","max-snippet":"max-snippet:-1","max-image-preview":"max-image-preview:large","max-video-preview":"max-video-preview:-1"},"canonical":"https:\/\/miumjau.ee\/lv\/produkts\/rotallieta-suniem-kong-classic-xl\/","og_locale":"lv_LV","og_type":"article","og_title":"Rota\u013clieta su\u0146iem KONG Classic XL - MiuMjau","og_description":"KONG Classic \u2013 zelta standarts su\u0146u rota\u013cliet\u0101m jau vair\u0101k nek\u0101 40 gadus! \ud83e\uddb4\ud83d\udc36 KONG Classic ir pasaul\u0113 visvair\u0101k ieteikt\u0101 su\u0146u rota\u013clieta, kas sniedz nebeidzamu izklaidi un apmierina su\u0146a dabisk\u0101s ko\u0161\u013c\u0101\u0161anas vajadz\u012bbas. Superelast\u012bg\u0101 un iztur\u012bg\u0101 dab\u012bg\u0101 gumija nodro\u0161ina neparedzamu atl\u0113cienu, padarot aport\u0113\u0161anas sp\u0113les v\u0113l aizraujo\u0161\u0101kas! Piepildi KONG ar su\u0146a iecien\u012bt\u0101kajiem k\u0101rumiem ilgsto\u0161ai nodarbei. \ud83d\udd25 K\u0101p\u0113c izv\u0113l\u0113ties KONG Classic?\u2714 \u012apa\u0161i iztur\u012bga \u2013 ide\u0101li piem\u0113rota ko\u0161\u013c\u0101\u0161anu m\u012blo\u0161iem su\u0146iem\u2714 Piepild\u0101ma ar k\u0101rumiem \u2013 ilg\u0101kai un pat\u012bkam\u0101kai rota\u013cai\u2714 Neregul\u0101ra atl\u0113k\u0161ana \u2013 pie\u0161\u0137ir aport\u0113\u0161anas sp\u0113l\u0113m neparedzam\u012bbu un prieku\u2714 Ieteikta veterin\u0101r\u0101rstu un treneru \u2013 atbalsta dabisk\u0101s ko\u0161\u013c\u0101\u0161anas vajadz\u012bbas un mazina garlaic\u012bbu \ud83d\udccf Izm\u0113ri:\ud83d\udd39 XS \u2013 5,72 cm\ud83d\udd39 S \u2013 7,62 cm\ud83d\udd39 M \u2013 8,89 cm\ud83d\udd39 L \u2013 10,16 cm\ud83d\udd39 XL \u2013 12,70 cm\ud83d\udd39 XXL \u2013 15,24 cm KONG Classic ir uzticama izv\u0113le ikvienam sunim \u2013 atl\u0113co\u0161a, iztur\u012bga un piepild\u0101ma ar gardumiem, lai rota\u013cu laiks b\u016btu ilg\u0101ks! \ud83d\udc3e\u2728","og_url":"https:\/\/miumjau.ee\/lv\/produkts\/rotallieta-suniem-kong-classic-xl\/","og_site_name":"MiuMjau","article_publisher":"https:\/\/www.facebook.com\/miumjaupood\/","article_modified_time":"2026-01-07T19:17:19+00:00","og_image":[{"width":600,"height":800,"url":"https:\/\/miumjau.ee\/wp-content\/uploads\/2025\/03\/manguasi-koerale-kong27.jpg","type":"image\/jpeg"}],"twitter_card":"summary_large_image","schema":{"@context":"https:\/\/schema.org","@graph":[{"@type":"WebPage","@id":"https:\/\/miumjau.ee\/lv\/produkts\/rotallieta-suniem-kong-classic-xl\/","url":"https:\/\/miumjau.ee\/lv\/produkts\/rotallieta-suniem-kong-classic-xl\/","name":"Rota\u013clieta su\u0146iem KONG Classic XL - MiuMjau","isPartOf":{"@id":"https:\/\/miumjau.ee\/#website"},"primaryImageOfPage":{"@id":"https:\/\/miumjau.ee\/lv\/produkts\/rotallieta-suniem-kong-classic-xl\/#primaryimage"},"image":{"@id":"https:\/\/miumjau.ee\/lv\/produkts\/rotallieta-suniem-kong-classic-xl\/#primaryimage"},"thumbnailUrl":"https:\/\/miumjau.ee\/wp-content\/uploads\/2025\/03\/manguasi-koerale-kong27.jpg","datePublished":"2025-03-05T08:53:47+00:00","dateModified":"2026-01-07T19:17:19+00:00","breadcrumb":{"@id":"https:\/\/miumjau.ee\/lv\/produkts\/rotallieta-suniem-kong-classic-xl\/#breadcrumb"},"inLanguage":"lv-LV","potentialAction":[{"@type":"ReadAction","target":["https:\/\/miumjau.ee\/lv\/produkts\/rotallieta-suniem-kong-classic-xl\/"]}]},{"@type":"ImageObject","inLanguage":"lv-LV","@id":"https:\/\/miumjau.ee\/lv\/produkts\/rotallieta-suniem-kong-classic-xl\/#primaryimage","url":"https:\/\/miumjau.ee\/wp-content\/uploads\/2025\/03\/manguasi-koerale-kong27.jpg","contentUrl":"https:\/\/miumjau.ee\/wp-content\/uploads\/2025\/03\/manguasi-koerale-kong27.jpg","width":600,"height":800},{"@type":"BreadcrumbList","@id":"https:\/\/miumjau.ee\/lv\/produkts\/rotallieta-suniem-kong-classic-xl\/#breadcrumb","itemListElement":[{"@type":"ListItem","position":1,"name":"Home","item":"https:\/\/miumjau.ee\/lv\/"},{"@type":"ListItem","position":2,"name":"Veikals","item":"https:\/\/miumjau.ee\/lv\/veikals\/"},{"@type":"ListItem","position":3,"name":"Rota\u013clieta su\u0146iem KONG Classic XL"}]},{"@type":"WebSite","@id":"https:\/\/miumjau.ee\/#website","url":"https:\/\/miumjau.ee\/","name":"MiuMjau","description":"Kraapimispuud kassidele","publisher":{"@id":"https:\/\/miumjau.ee\/#organization"},"potentialAction":[{"@type":"SearchAction","target":{"@type":"EntryPoint","urlTemplate":"https:\/\/miumjau.ee\/?s={search_term_string}"},"query-input":{"@type":"PropertyValueSpecification","valueRequired":true,"valueName":"search_term_string"}}],"inLanguage":"lv-LV"},{"@type":"Organization","@id":"https:\/\/miumjau.ee\/#organization","name":"MiuMjau O\u00dc","url":"https:\/\/miumjau.ee\/","logo":{"@type":"ImageObject","inLanguage":"lv-LV","@id":"https:\/\/miumjau.ee\/#\/schema\/logo\/image\/","url":"https:\/\/miumjau.ee\/wp-content\/uploads\/2022\/04\/MiuMjau-logo-kollane.png","contentUrl":"https:\/\/miumjau.ee\/wp-content\/uploads\/2022\/04\/MiuMjau-logo-kollane.png","width":219,"height":100,"caption":"MiuMjau O\u00dc"},"image":{"@id":"https:\/\/miumjau.ee\/#\/schema\/logo\/image\/"},"sameAs":["https:\/\/www.facebook.com\/miumjaupood\/"]}]}},"_links":{"self":[{"href":"https:\/\/miumjau.ee\/lv\/wp-json\/wp\/v2\/product\/48925","targetHints":{"allow":["GET"]}}],"collection":[{"href":"https:\/\/miumjau.ee\/lv\/wp-json\/wp\/v2\/product"}],"about":[{"href":"https:\/\/miumjau.ee\/lv\/wp-json\/wp\/v2\/types\/product"}],"wp:featuredmedia":[{"embeddable":true,"href":"https:\/\/miumjau.ee\/lv\/wp-json\/wp\/v2\/media\/48920"}],"wp:attachment":[{"href":"https:\/\/miumjau.ee\/lv\/wp-json\/wp\/v2\/media?parent=48925"}],"wp:term":[{"taxonomy":"product_brand","embeddable":true,"href":"https:\/\/miumjau.ee\/lv\/wp-json\/wp\/v2\/product_brand?post=48925"},{"taxonomy":"product_cat","embeddable":true,"href":"https:\/\/miumjau.ee\/lv\/wp-json\/wp\/v2\/product_cat?post=48925"},{"taxonomy":"product_tag","embeddable":true,"href":"https:\/\/miumjau.ee\/lv\/wp-json\/wp\/v2\/product_tag?post=48925"}],"curies":[{"name":"wp","href":"https:\/\/api.w.org\/{rel}","templated":true}]}}