{"id":48903,"date":"2025-03-05T10:59:35","date_gmt":"2025-03-05T08:59:35","guid":{"rendered":"https:\/\/miumjau.ee\/toode\/kong-wubba-rotallieta-suniem-zivs-l\/"},"modified":"2026-01-07T21:17:26","modified_gmt":"2026-01-07T19:17:26","slug":"kong-wubba-rotallieta-suniem-zivs-l","status":"publish","type":"product","link":"https:\/\/miumjau.ee\/lv\/produkts\/kong-wubba-rotallieta-suniem-zivs-l\/","title":{"rendered":"KONG Wubba rota\u013clieta su\u0146iem, zivs L"},"content":{"rendered":"","protected":false},"excerpt":{"rendered":"<p data-start=\"1739\" data-end=\"1836\"><strong data-start=\"1739\" data-end=\"1836\">KONG Wubba Finz (garums apm. 38 cm) \u2013 ide\u0101li piem\u0113rota vilk\u0161anai, krat\u012b\u0161anai un me\u0161anai! \ud83d\udc1f\ud83d\udc36<\/strong><\/p>\n<p data-start=\"1838\" data-end=\"2048\">Padari rota\u013cu laiku aizraujo\u0161\u0101ku ar KONG Wubba Finz rota\u013clietu! Gar\u0101s, pl\u012bvojo\u0161\u0101s astes padara to viegli satveramu un ide\u0101li piem\u0113rotu vilk\u0161anas un krat\u012b\u0161anas sp\u0113l\u0113m, apmierinot su\u0146a dabiskos med\u012bbu instinktus.<\/p>\n<p data-start=\"2050\" data-end=\"2358\">\ud83d\udd25 <strong data-start=\"2053\" data-end=\"2090\">K\u0101p\u0113c izv\u0113l\u0113ties KONG Wubba Finz?<\/strong><br data-start=\"2090\" data-end=\"2093\" \/>\u2714 Garas astes \u2013 viegli satvert un jautri vilkt<br data-start=\"2139\" data-end=\"2142\" \/>\u2714 Divu bumbu dizains \u2013 viena bumba lec, otra p\u012bkst, lai saglab\u0101tu interesi<br data-start=\"2216\" data-end=\"2219\" \/>\u2714 Lidojo\u0161a forma \u2013 ide\u0101li piem\u0113rota me\u0161anai un aport\u0113\u0161anai<br data-start=\"2277\" data-end=\"2280\" \/>\u2714 Veicina akt\u012bvu rota\u013cu \u2013 pal\u012bdz uztur\u0113t suni gan fiziski, gan gar\u012bgi akt\u012bvu<\/p>\n<p data-start=\"2360\" data-end=\"2463\">\ud83d\ude80 Met un skaties, k\u0101 tavs suns traucas tai paka\u013c \u2013 KONG Wubba Finz ienes rota\u013c\u0101s \u012bstu ener\u0123iju! \ud83d\udc3e\ud83c\udfbe<\/p>\n","protected":false},"featured_media":48904,"template":"","meta":[],"product_brand":[],"product_cat":[592],"product_tag":[],"class_list":{"0":"post-48903","1":"product","2":"type-product","3":"status-publish","4":"has-post-thumbnail","6":"product_cat-rotallietas-suniem","8":"first","9":"instock","10":"taxable","11":"shipping-taxable","12":"purchasable","13":"product-type-simple"},"yoast_head":"<!-- This site is optimized with the Yoast SEO plugin v27.2 - https:\/\/yoast.com\/product\/yoast-seo-wordpress\/ -->\n<title>KONG Wubba rota\u013clieta su\u0146iem, zivs L - MiuMjau<\/title>\n<meta name=\"robots\" content=\"index, follow, max-snippet:-1, max-image-preview:large, max-video-preview:-1\" \/>\n<link rel=\"canonical\" href=\"https:\/\/miumjau.ee\/lv\/produkts\/kong-wubba-rotallieta-suniem-zivs-l\/\" \/>\n<meta property=\"og:locale\" content=\"lv_LV\" \/>\n<meta property=\"og:type\" content=\"article\" \/>\n<meta property=\"og:title\" content=\"KONG Wubba rota\u013clieta su\u0146iem, zivs L - MiuMjau\" \/>\n<meta property=\"og:description\" content=\"KONG Wubba Finz (garums apm. 38 cm) \u2013 ide\u0101li piem\u0113rota vilk\u0161anai, krat\u012b\u0161anai un me\u0161anai! \ud83d\udc1f\ud83d\udc36 Padari rota\u013cu laiku aizraujo\u0161\u0101ku ar KONG Wubba Finz rota\u013clietu! Gar\u0101s, pl\u012bvojo\u0161\u0101s astes padara to viegli satveramu un ide\u0101li piem\u0113rotu vilk\u0161anas un krat\u012b\u0161anas sp\u0113l\u0113m, apmierinot su\u0146a dabiskos med\u012bbu instinktus. \ud83d\udd25 K\u0101p\u0113c izv\u0113l\u0113ties KONG Wubba Finz?\u2714 Garas astes \u2013 viegli satvert un jautri vilkt\u2714 Divu bumbu dizains \u2013 viena bumba lec, otra p\u012bkst, lai saglab\u0101tu interesi\u2714 Lidojo\u0161a forma \u2013 ide\u0101li piem\u0113rota me\u0161anai un aport\u0113\u0161anai\u2714 Veicina akt\u012bvu rota\u013cu \u2013 pal\u012bdz uztur\u0113t suni gan fiziski, gan gar\u012bgi akt\u012bvu \ud83d\ude80 Met un skaties, k\u0101 tavs suns traucas tai paka\u013c \u2013 KONG Wubba Finz ienes rota\u013c\u0101s \u012bstu ener\u0123iju! \ud83d\udc3e\ud83c\udfbe\" \/>\n<meta property=\"og:url\" content=\"https:\/\/miumjau.ee\/lv\/produkts\/kong-wubba-rotallieta-suniem-zivs-l\/\" \/>\n<meta property=\"og:site_name\" content=\"MiuMjau\" \/>\n<meta property=\"article:publisher\" content=\"https:\/\/www.facebook.com\/miumjaupood\/\" \/>\n<meta property=\"article:modified_time\" content=\"2026-01-07T19:17:26+00:00\" \/>\n<meta property=\"og:image\" content=\"https:\/\/miumjau.ee\/wp-content\/uploads\/2025\/03\/manguasi-koerale-kong22.jpg\" \/>\n\t<meta property=\"og:image:width\" content=\"600\" \/>\n\t<meta property=\"og:image:height\" content=\"800\" \/>\n\t<meta property=\"og:image:type\" content=\"image\/jpeg\" \/>\n<meta name=\"twitter:card\" content=\"summary_large_image\" \/>\n<script type=\"application\/ld+json\" class=\"yoast-schema-graph\">{\"@context\":\"https:\/\/schema.org\",\"@graph\":[{\"@type\":\"WebPage\",\"@id\":\"https:\/\/miumjau.ee\/lv\/produkts\/kong-wubba-rotallieta-suniem-zivs-l\/\",\"url\":\"https:\/\/miumjau.ee\/lv\/produkts\/kong-wubba-rotallieta-suniem-zivs-l\/\",\"name\":\"KONG Wubba rota\u013clieta su\u0146iem, zivs L - MiuMjau\",\"isPartOf\":{\"@id\":\"https:\/\/miumjau.ee\/#website\"},\"primaryImageOfPage\":{\"@id\":\"https:\/\/miumjau.ee\/lv\/produkts\/kong-wubba-rotallieta-suniem-zivs-l\/#primaryimage\"},\"image\":{\"@id\":\"https:\/\/miumjau.ee\/lv\/produkts\/kong-wubba-rotallieta-suniem-zivs-l\/#primaryimage\"},\"thumbnailUrl\":\"https:\/\/miumjau.ee\/wp-content\/uploads\/2025\/03\/manguasi-koerale-kong22.jpg\",\"datePublished\":\"2025-03-05T08:59:35+00:00\",\"dateModified\":\"2026-01-07T19:17:26+00:00\",\"breadcrumb\":{\"@id\":\"https:\/\/miumjau.ee\/lv\/produkts\/kong-wubba-rotallieta-suniem-zivs-l\/#breadcrumb\"},\"inLanguage\":\"lv-LV\",\"potentialAction\":[{\"@type\":\"ReadAction\",\"target\":[\"https:\/\/miumjau.ee\/lv\/produkts\/kong-wubba-rotallieta-suniem-zivs-l\/\"]}]},{\"@type\":\"ImageObject\",\"inLanguage\":\"lv-LV\",\"@id\":\"https:\/\/miumjau.ee\/lv\/produkts\/kong-wubba-rotallieta-suniem-zivs-l\/#primaryimage\",\"url\":\"https:\/\/miumjau.ee\/wp-content\/uploads\/2025\/03\/manguasi-koerale-kong22.jpg\",\"contentUrl\":\"https:\/\/miumjau.ee\/wp-content\/uploads\/2025\/03\/manguasi-koerale-kong22.jpg\",\"width\":600,\"height\":800},{\"@type\":\"BreadcrumbList\",\"@id\":\"https:\/\/miumjau.ee\/lv\/produkts\/kong-wubba-rotallieta-suniem-zivs-l\/#breadcrumb\",\"itemListElement\":[{\"@type\":\"ListItem\",\"position\":1,\"name\":\"Home\",\"item\":\"https:\/\/miumjau.ee\/lv\/\"},{\"@type\":\"ListItem\",\"position\":2,\"name\":\"Veikals\",\"item\":\"https:\/\/miumjau.ee\/lv\/veikals\/\"},{\"@type\":\"ListItem\",\"position\":3,\"name\":\"KONG Wubba rota\u013clieta su\u0146iem, zivs L\"}]},{\"@type\":\"WebSite\",\"@id\":\"https:\/\/miumjau.ee\/#website\",\"url\":\"https:\/\/miumjau.ee\/\",\"name\":\"MiuMjau\",\"description\":\"Kraapimispuud kassidele\",\"publisher\":{\"@id\":\"https:\/\/miumjau.ee\/#organization\"},\"potentialAction\":[{\"@type\":\"SearchAction\",\"target\":{\"@type\":\"EntryPoint\",\"urlTemplate\":\"https:\/\/miumjau.ee\/?s={search_term_string}\"},\"query-input\":{\"@type\":\"PropertyValueSpecification\",\"valueRequired\":true,\"valueName\":\"search_term_string\"}}],\"inLanguage\":\"lv-LV\"},{\"@type\":\"Organization\",\"@id\":\"https:\/\/miumjau.ee\/#organization\",\"name\":\"MiuMjau O\u00dc\",\"url\":\"https:\/\/miumjau.ee\/\",\"logo\":{\"@type\":\"ImageObject\",\"inLanguage\":\"lv-LV\",\"@id\":\"https:\/\/miumjau.ee\/#\/schema\/logo\/image\/\",\"url\":\"https:\/\/miumjau.ee\/wp-content\/uploads\/2022\/04\/MiuMjau-logo-kollane.png\",\"contentUrl\":\"https:\/\/miumjau.ee\/wp-content\/uploads\/2022\/04\/MiuMjau-logo-kollane.png\",\"width\":219,\"height\":100,\"caption\":\"MiuMjau O\u00dc\"},\"image\":{\"@id\":\"https:\/\/miumjau.ee\/#\/schema\/logo\/image\/\"},\"sameAs\":[\"https:\/\/www.facebook.com\/miumjaupood\/\"]}]}<\/script>\n<!-- \/ Yoast SEO plugin. -->","yoast_head_json":{"title":"KONG Wubba rota\u013clieta su\u0146iem, zivs L - MiuMjau","robots":{"index":"index","follow":"follow","max-snippet":"max-snippet:-1","max-image-preview":"max-image-preview:large","max-video-preview":"max-video-preview:-1"},"canonical":"https:\/\/miumjau.ee\/lv\/produkts\/kong-wubba-rotallieta-suniem-zivs-l\/","og_locale":"lv_LV","og_type":"article","og_title":"KONG Wubba rota\u013clieta su\u0146iem, zivs L - MiuMjau","og_description":"KONG Wubba Finz (garums apm. 38 cm) \u2013 ide\u0101li piem\u0113rota vilk\u0161anai, krat\u012b\u0161anai un me\u0161anai! \ud83d\udc1f\ud83d\udc36 Padari rota\u013cu laiku aizraujo\u0161\u0101ku ar KONG Wubba Finz rota\u013clietu! Gar\u0101s, pl\u012bvojo\u0161\u0101s astes padara to viegli satveramu un ide\u0101li piem\u0113rotu vilk\u0161anas un krat\u012b\u0161anas sp\u0113l\u0113m, apmierinot su\u0146a dabiskos med\u012bbu instinktus. \ud83d\udd25 K\u0101p\u0113c izv\u0113l\u0113ties KONG Wubba Finz?\u2714 Garas astes \u2013 viegli satvert un jautri vilkt\u2714 Divu bumbu dizains \u2013 viena bumba lec, otra p\u012bkst, lai saglab\u0101tu interesi\u2714 Lidojo\u0161a forma \u2013 ide\u0101li piem\u0113rota me\u0161anai un aport\u0113\u0161anai\u2714 Veicina akt\u012bvu rota\u013cu \u2013 pal\u012bdz uztur\u0113t suni gan fiziski, gan gar\u012bgi akt\u012bvu \ud83d\ude80 Met un skaties, k\u0101 tavs suns traucas tai paka\u013c \u2013 KONG Wubba Finz ienes rota\u013c\u0101s \u012bstu ener\u0123iju! \ud83d\udc3e\ud83c\udfbe","og_url":"https:\/\/miumjau.ee\/lv\/produkts\/kong-wubba-rotallieta-suniem-zivs-l\/","og_site_name":"MiuMjau","article_publisher":"https:\/\/www.facebook.com\/miumjaupood\/","article_modified_time":"2026-01-07T19:17:26+00:00","og_image":[{"width":600,"height":800,"url":"https:\/\/miumjau.ee\/wp-content\/uploads\/2025\/03\/manguasi-koerale-kong22.jpg","type":"image\/jpeg"}],"twitter_card":"summary_large_image","schema":{"@context":"https:\/\/schema.org","@graph":[{"@type":"WebPage","@id":"https:\/\/miumjau.ee\/lv\/produkts\/kong-wubba-rotallieta-suniem-zivs-l\/","url":"https:\/\/miumjau.ee\/lv\/produkts\/kong-wubba-rotallieta-suniem-zivs-l\/","name":"KONG Wubba rota\u013clieta su\u0146iem, zivs L - MiuMjau","isPartOf":{"@id":"https:\/\/miumjau.ee\/#website"},"primaryImageOfPage":{"@id":"https:\/\/miumjau.ee\/lv\/produkts\/kong-wubba-rotallieta-suniem-zivs-l\/#primaryimage"},"image":{"@id":"https:\/\/miumjau.ee\/lv\/produkts\/kong-wubba-rotallieta-suniem-zivs-l\/#primaryimage"},"thumbnailUrl":"https:\/\/miumjau.ee\/wp-content\/uploads\/2025\/03\/manguasi-koerale-kong22.jpg","datePublished":"2025-03-05T08:59:35+00:00","dateModified":"2026-01-07T19:17:26+00:00","breadcrumb":{"@id":"https:\/\/miumjau.ee\/lv\/produkts\/kong-wubba-rotallieta-suniem-zivs-l\/#breadcrumb"},"inLanguage":"lv-LV","potentialAction":[{"@type":"ReadAction","target":["https:\/\/miumjau.ee\/lv\/produkts\/kong-wubba-rotallieta-suniem-zivs-l\/"]}]},{"@type":"ImageObject","inLanguage":"lv-LV","@id":"https:\/\/miumjau.ee\/lv\/produkts\/kong-wubba-rotallieta-suniem-zivs-l\/#primaryimage","url":"https:\/\/miumjau.ee\/wp-content\/uploads\/2025\/03\/manguasi-koerale-kong22.jpg","contentUrl":"https:\/\/miumjau.ee\/wp-content\/uploads\/2025\/03\/manguasi-koerale-kong22.jpg","width":600,"height":800},{"@type":"BreadcrumbList","@id":"https:\/\/miumjau.ee\/lv\/produkts\/kong-wubba-rotallieta-suniem-zivs-l\/#breadcrumb","itemListElement":[{"@type":"ListItem","position":1,"name":"Home","item":"https:\/\/miumjau.ee\/lv\/"},{"@type":"ListItem","position":2,"name":"Veikals","item":"https:\/\/miumjau.ee\/lv\/veikals\/"},{"@type":"ListItem","position":3,"name":"KONG Wubba rota\u013clieta su\u0146iem, zivs L"}]},{"@type":"WebSite","@id":"https:\/\/miumjau.ee\/#website","url":"https:\/\/miumjau.ee\/","name":"MiuMjau","description":"Kraapimispuud kassidele","publisher":{"@id":"https:\/\/miumjau.ee\/#organization"},"potentialAction":[{"@type":"SearchAction","target":{"@type":"EntryPoint","urlTemplate":"https:\/\/miumjau.ee\/?s={search_term_string}"},"query-input":{"@type":"PropertyValueSpecification","valueRequired":true,"valueName":"search_term_string"}}],"inLanguage":"lv-LV"},{"@type":"Organization","@id":"https:\/\/miumjau.ee\/#organization","name":"MiuMjau O\u00dc","url":"https:\/\/miumjau.ee\/","logo":{"@type":"ImageObject","inLanguage":"lv-LV","@id":"https:\/\/miumjau.ee\/#\/schema\/logo\/image\/","url":"https:\/\/miumjau.ee\/wp-content\/uploads\/2022\/04\/MiuMjau-logo-kollane.png","contentUrl":"https:\/\/miumjau.ee\/wp-content\/uploads\/2022\/04\/MiuMjau-logo-kollane.png","width":219,"height":100,"caption":"MiuMjau O\u00dc"},"image":{"@id":"https:\/\/miumjau.ee\/#\/schema\/logo\/image\/"},"sameAs":["https:\/\/www.facebook.com\/miumjaupood\/"]}]}},"_links":{"self":[{"href":"https:\/\/miumjau.ee\/lv\/wp-json\/wp\/v2\/product\/48903","targetHints":{"allow":["GET"]}}],"collection":[{"href":"https:\/\/miumjau.ee\/lv\/wp-json\/wp\/v2\/product"}],"about":[{"href":"https:\/\/miumjau.ee\/lv\/wp-json\/wp\/v2\/types\/product"}],"wp:featuredmedia":[{"embeddable":true,"href":"https:\/\/miumjau.ee\/lv\/wp-json\/wp\/v2\/media\/48904"}],"wp:attachment":[{"href":"https:\/\/miumjau.ee\/lv\/wp-json\/wp\/v2\/media?parent=48903"}],"wp:term":[{"taxonomy":"product_brand","embeddable":true,"href":"https:\/\/miumjau.ee\/lv\/wp-json\/wp\/v2\/product_brand?post=48903"},{"taxonomy":"product_cat","embeddable":true,"href":"https:\/\/miumjau.ee\/lv\/wp-json\/wp\/v2\/product_cat?post=48903"},{"taxonomy":"product_tag","embeddable":true,"href":"https:\/\/miumjau.ee\/lv\/wp-json\/wp\/v2\/product_tag?post=48903"}],"curies":[{"name":"wp","href":"https:\/\/api.w.org\/{rel}","templated":true}]}}