{"id":48897,"date":"2025-03-05T11:02:47","date_gmt":"2025-03-05T09:02:47","guid":{"rendered":"https:\/\/miumjau.ee\/toode\/rotallieta-kuceniem-kong-wubba-puppy-krasa-nejausa\/"},"modified":"2026-01-07T21:17:26","modified_gmt":"2026-01-07T19:17:26","slug":"rotallieta-kuceniem-kong-wubba-puppy-krasa-nejausa","status":"publish","type":"product","link":"https:\/\/miumjau.ee\/lv\/produkts\/rotallieta-kuceniem-kong-wubba-puppy-krasa-nejausa\/","title":{"rendered":"Rota\u013clieta kuc\u0113niem KONG Wubba Puppy (kr\u0101sa nejau\u0161a)"},"content":{"rendered":"","protected":false},"excerpt":{"rendered":"<p data-start=\"2217\" data-end=\"2300\"><strong data-start=\"2217\" data-end=\"2300\">KONG Wubba Puppy \u2013 ide\u0101li piem\u0113rota me\u0161anai, vilk\u0161anai un jautr\u0101m rota\u013c\u0101m! \ud83d\udc36\ud83c\udfbe<\/strong><\/p>\n<p data-start=\"2302\" data-end=\"2584\">KONG Wubba Puppy ir interakt\u012bva rota\u013clieta, kas \u012bpa\u0161i izstr\u0101d\u0101ta kuc\u0113niem, nodro\u0161inot jautru nodarbi un stiprinot saikni starp saimnieku un suni. Iztur\u012bgais neilona p\u0101rvalks sl\u0113pj divas bumbi\u0146as \u2013 aug\u0161pus\u0113 tenisa bumbu un apak\u0161\u0101 p\u012bksto\u0161u bumbu, kas padara rota\u013cas v\u0113l aizraujo\u0161\u0101kas.<\/p>\n<p data-start=\"2586\" data-end=\"2976\">\ud83d\udd25 <strong data-start=\"2589\" data-end=\"2627\">K\u0101p\u0113c izv\u0113l\u0113ties KONG Wubba Puppy?<\/strong><br data-start=\"2627\" data-end=\"2630\" \/>\u2714 Garas astes \u2013 viegli satvert, mest un vilkt<br data-start=\"2675\" data-end=\"2678\" \/>\u2714 Divu bumbu dizains \u2013 tenisa bumba + p\u012bksto\u0161a bumba pie\u0161\u0137ir rota\u013c\u0101m ener\u0123iju<br data-start=\"2755\" data-end=\"2758\" \/>\u2714 Iztur\u012bgs neilona materi\u0101ls \u2013 papildu iztur\u012bba akt\u012bviem kuc\u0113niem<br data-start=\"2823\" data-end=\"2826\" \/>\u2714 Ide\u0101la interakt\u012bv\u0101m rota\u013c\u0101m \u2013 att\u012bsta kuc\u0113na prasmes un notur interesi<br data-start=\"2898\" data-end=\"2901\" \/>\u2714 P\u012bksto\u0161s kodols \u2013 pie\u0161\u0137ir rota\u013c\u0101m aizraut\u012bbu un mudina kuc\u0113nu sp\u0113l\u0113ties<\/p>\n<p data-start=\"2978\" data-end=\"3008\">\ud83d\udccf <strong data-start=\"2981\" data-end=\"2992\">Izm\u0113rs:<\/strong><br data-start=\"2992\" data-end=\"2995\" \/>\ud83d\udd39 22,23 cm<\/p>\n<p data-start=\"3010\" data-end=\"3154\">Padari sava kuc\u0113na rota\u013cu laiku v\u0113l jautr\u0101ku ar KONG Wubba Puppy \u2013 lieliska rota\u013clieta me\u0161anai, vilk\u0161anai un interakt\u012bviem piedz\u012bvojumiem! \ud83d\udc3e\u2728<\/p>\n","protected":false},"featured_media":48898,"template":"","meta":[],"product_brand":[],"product_cat":[592],"product_tag":[],"class_list":{"0":"post-48897","1":"product","2":"type-product","3":"status-publish","4":"has-post-thumbnail","6":"product_cat-rotallietas-suniem","8":"first","9":"instock","10":"sale","11":"taxable","12":"shipping-taxable","13":"purchasable","14":"product-type-simple"},"yoast_head":"<!-- This site is optimized with the Yoast SEO plugin v27.4 - https:\/\/yoast.com\/product\/yoast-seo-wordpress\/ -->\n<title>Rota\u013clieta kuc\u0113niem KONG Wubba Puppy (kr\u0101sa nejau\u0161a) - MiuMjau<\/title>\n<meta name=\"robots\" content=\"index, follow, max-snippet:-1, max-image-preview:large, max-video-preview:-1\" \/>\n<link rel=\"canonical\" href=\"https:\/\/miumjau.ee\/lv\/produkts\/rotallieta-kuceniem-kong-wubba-puppy-krasa-nejausa\/\" \/>\n<meta property=\"og:locale\" content=\"lv_LV\" \/>\n<meta property=\"og:type\" content=\"article\" \/>\n<meta property=\"og:title\" content=\"Rota\u013clieta kuc\u0113niem KONG Wubba Puppy (kr\u0101sa nejau\u0161a) - MiuMjau\" \/>\n<meta property=\"og:description\" content=\"KONG Wubba Puppy \u2013 ide\u0101li piem\u0113rota me\u0161anai, vilk\u0161anai un jautr\u0101m rota\u013c\u0101m! \ud83d\udc36\ud83c\udfbe KONG Wubba Puppy ir interakt\u012bva rota\u013clieta, kas \u012bpa\u0161i izstr\u0101d\u0101ta kuc\u0113niem, nodro\u0161inot jautru nodarbi un stiprinot saikni starp saimnieku un suni. Iztur\u012bgais neilona p\u0101rvalks sl\u0113pj divas bumbi\u0146as \u2013 aug\u0161pus\u0113 tenisa bumbu un apak\u0161\u0101 p\u012bksto\u0161u bumbu, kas padara rota\u013cas v\u0113l aizraujo\u0161\u0101kas. \ud83d\udd25 K\u0101p\u0113c izv\u0113l\u0113ties KONG Wubba Puppy?\u2714 Garas astes \u2013 viegli satvert, mest un vilkt\u2714 Divu bumbu dizains \u2013 tenisa bumba + p\u012bksto\u0161a bumba pie\u0161\u0137ir rota\u013c\u0101m ener\u0123iju\u2714 Iztur\u012bgs neilona materi\u0101ls \u2013 papildu iztur\u012bba akt\u012bviem kuc\u0113niem\u2714 Ide\u0101la interakt\u012bv\u0101m rota\u013c\u0101m \u2013 att\u012bsta kuc\u0113na prasmes un notur interesi\u2714 P\u012bksto\u0161s kodols \u2013 pie\u0161\u0137ir rota\u013c\u0101m aizraut\u012bbu un mudina kuc\u0113nu sp\u0113l\u0113ties \ud83d\udccf Izm\u0113rs:\ud83d\udd39 22,23 cm Padari sava kuc\u0113na rota\u013cu laiku v\u0113l jautr\u0101ku ar KONG Wubba Puppy \u2013 lieliska rota\u013clieta me\u0161anai, vilk\u0161anai un interakt\u012bviem piedz\u012bvojumiem! \ud83d\udc3e\u2728\" \/>\n<meta property=\"og:url\" content=\"https:\/\/miumjau.ee\/lv\/produkts\/rotallieta-kuceniem-kong-wubba-puppy-krasa-nejausa\/\" \/>\n<meta property=\"og:site_name\" content=\"MiuMjau\" \/>\n<meta property=\"article:publisher\" content=\"https:\/\/www.facebook.com\/miumjaupood\/\" \/>\n<meta property=\"article:modified_time\" content=\"2026-01-07T19:17:26+00:00\" \/>\n<meta property=\"og:image\" content=\"https:\/\/miumjau.ee\/wp-content\/uploads\/2025\/03\/manguasi-koerale-kong23.jpg\" \/>\n\t<meta property=\"og:image:width\" content=\"600\" \/>\n\t<meta property=\"og:image:height\" content=\"800\" \/>\n\t<meta property=\"og:image:type\" content=\"image\/jpeg\" \/>\n<meta name=\"twitter:card\" content=\"summary_large_image\" \/>\n<script type=\"application\/ld+json\" class=\"yoast-schema-graph\">{\"@context\":\"https:\\\/\\\/schema.org\",\"@graph\":[{\"@type\":\"WebPage\",\"@id\":\"https:\\\/\\\/miumjau.ee\\\/lv\\\/produkts\\\/rotallieta-kuceniem-kong-wubba-puppy-krasa-nejausa\\\/\",\"url\":\"https:\\\/\\\/miumjau.ee\\\/lv\\\/produkts\\\/rotallieta-kuceniem-kong-wubba-puppy-krasa-nejausa\\\/\",\"name\":\"Rota\u013clieta kuc\u0113niem KONG Wubba Puppy (kr\u0101sa nejau\u0161a) - MiuMjau\",\"isPartOf\":{\"@id\":\"https:\\\/\\\/miumjau.ee\\\/#website\"},\"primaryImageOfPage\":{\"@id\":\"https:\\\/\\\/miumjau.ee\\\/lv\\\/produkts\\\/rotallieta-kuceniem-kong-wubba-puppy-krasa-nejausa\\\/#primaryimage\"},\"image\":{\"@id\":\"https:\\\/\\\/miumjau.ee\\\/lv\\\/produkts\\\/rotallieta-kuceniem-kong-wubba-puppy-krasa-nejausa\\\/#primaryimage\"},\"thumbnailUrl\":\"https:\\\/\\\/miumjau.ee\\\/wp-content\\\/uploads\\\/2025\\\/03\\\/manguasi-koerale-kong23.jpg\",\"datePublished\":\"2025-03-05T09:02:47+00:00\",\"dateModified\":\"2026-01-07T19:17:26+00:00\",\"breadcrumb\":{\"@id\":\"https:\\\/\\\/miumjau.ee\\\/lv\\\/produkts\\\/rotallieta-kuceniem-kong-wubba-puppy-krasa-nejausa\\\/#breadcrumb\"},\"inLanguage\":\"lv-LV\",\"potentialAction\":[{\"@type\":\"ReadAction\",\"target\":[\"https:\\\/\\\/miumjau.ee\\\/lv\\\/produkts\\\/rotallieta-kuceniem-kong-wubba-puppy-krasa-nejausa\\\/\"]}]},{\"@type\":\"ImageObject\",\"inLanguage\":\"lv-LV\",\"@id\":\"https:\\\/\\\/miumjau.ee\\\/lv\\\/produkts\\\/rotallieta-kuceniem-kong-wubba-puppy-krasa-nejausa\\\/#primaryimage\",\"url\":\"https:\\\/\\\/miumjau.ee\\\/wp-content\\\/uploads\\\/2025\\\/03\\\/manguasi-koerale-kong23.jpg\",\"contentUrl\":\"https:\\\/\\\/miumjau.ee\\\/wp-content\\\/uploads\\\/2025\\\/03\\\/manguasi-koerale-kong23.jpg\",\"width\":600,\"height\":800},{\"@type\":\"BreadcrumbList\",\"@id\":\"https:\\\/\\\/miumjau.ee\\\/lv\\\/produkts\\\/rotallieta-kuceniem-kong-wubba-puppy-krasa-nejausa\\\/#breadcrumb\",\"itemListElement\":[{\"@type\":\"ListItem\",\"position\":1,\"name\":\"Home\",\"item\":\"https:\\\/\\\/miumjau.ee\\\/lv\\\/\"},{\"@type\":\"ListItem\",\"position\":2,\"name\":\"Veikals\",\"item\":\"https:\\\/\\\/miumjau.ee\\\/lv\\\/veikals\\\/\"},{\"@type\":\"ListItem\",\"position\":3,\"name\":\"Rota\u013clieta kuc\u0113niem KONG Wubba Puppy (kr\u0101sa nejau\u0161a)\"}]},{\"@type\":\"WebSite\",\"@id\":\"https:\\\/\\\/miumjau.ee\\\/#website\",\"url\":\"https:\\\/\\\/miumjau.ee\\\/\",\"name\":\"MiuMjau\",\"description\":\"Kraapimispuud kassidele\",\"publisher\":{\"@id\":\"https:\\\/\\\/miumjau.ee\\\/#organization\"},\"potentialAction\":[{\"@type\":\"SearchAction\",\"target\":{\"@type\":\"EntryPoint\",\"urlTemplate\":\"https:\\\/\\\/miumjau.ee\\\/?s={search_term_string}\"},\"query-input\":{\"@type\":\"PropertyValueSpecification\",\"valueRequired\":true,\"valueName\":\"search_term_string\"}}],\"inLanguage\":\"lv-LV\"},{\"@type\":\"Organization\",\"@id\":\"https:\\\/\\\/miumjau.ee\\\/#organization\",\"name\":\"MiuMjau O\u00dc\",\"url\":\"https:\\\/\\\/miumjau.ee\\\/\",\"logo\":{\"@type\":\"ImageObject\",\"inLanguage\":\"lv-LV\",\"@id\":\"https:\\\/\\\/miumjau.ee\\\/#\\\/schema\\\/logo\\\/image\\\/\",\"url\":\"https:\\\/\\\/miumjau.ee\\\/wp-content\\\/uploads\\\/2022\\\/04\\\/MiuMjau-logo-kollane.png\",\"contentUrl\":\"https:\\\/\\\/miumjau.ee\\\/wp-content\\\/uploads\\\/2022\\\/04\\\/MiuMjau-logo-kollane.png\",\"width\":219,\"height\":100,\"caption\":\"MiuMjau O\u00dc\"},\"image\":{\"@id\":\"https:\\\/\\\/miumjau.ee\\\/#\\\/schema\\\/logo\\\/image\\\/\"},\"sameAs\":[\"https:\\\/\\\/www.facebook.com\\\/miumjaupood\\\/\"]}]}<\/script>\n<!-- \/ Yoast SEO plugin. -->","yoast_head_json":{"title":"Rota\u013clieta kuc\u0113niem KONG Wubba Puppy (kr\u0101sa nejau\u0161a) - MiuMjau","robots":{"index":"index","follow":"follow","max-snippet":"max-snippet:-1","max-image-preview":"max-image-preview:large","max-video-preview":"max-video-preview:-1"},"canonical":"https:\/\/miumjau.ee\/lv\/produkts\/rotallieta-kuceniem-kong-wubba-puppy-krasa-nejausa\/","og_locale":"lv_LV","og_type":"article","og_title":"Rota\u013clieta kuc\u0113niem KONG Wubba Puppy (kr\u0101sa nejau\u0161a) - MiuMjau","og_description":"KONG Wubba Puppy \u2013 ide\u0101li piem\u0113rota me\u0161anai, vilk\u0161anai un jautr\u0101m rota\u013c\u0101m! \ud83d\udc36\ud83c\udfbe KONG Wubba Puppy ir interakt\u012bva rota\u013clieta, kas \u012bpa\u0161i izstr\u0101d\u0101ta kuc\u0113niem, nodro\u0161inot jautru nodarbi un stiprinot saikni starp saimnieku un suni. Iztur\u012bgais neilona p\u0101rvalks sl\u0113pj divas bumbi\u0146as \u2013 aug\u0161pus\u0113 tenisa bumbu un apak\u0161\u0101 p\u012bksto\u0161u bumbu, kas padara rota\u013cas v\u0113l aizraujo\u0161\u0101kas. \ud83d\udd25 K\u0101p\u0113c izv\u0113l\u0113ties KONG Wubba Puppy?\u2714 Garas astes \u2013 viegli satvert, mest un vilkt\u2714 Divu bumbu dizains \u2013 tenisa bumba + p\u012bksto\u0161a bumba pie\u0161\u0137ir rota\u013c\u0101m ener\u0123iju\u2714 Iztur\u012bgs neilona materi\u0101ls \u2013 papildu iztur\u012bba akt\u012bviem kuc\u0113niem\u2714 Ide\u0101la interakt\u012bv\u0101m rota\u013c\u0101m \u2013 att\u012bsta kuc\u0113na prasmes un notur interesi\u2714 P\u012bksto\u0161s kodols \u2013 pie\u0161\u0137ir rota\u013c\u0101m aizraut\u012bbu un mudina kuc\u0113nu sp\u0113l\u0113ties \ud83d\udccf Izm\u0113rs:\ud83d\udd39 22,23 cm Padari sava kuc\u0113na rota\u013cu laiku v\u0113l jautr\u0101ku ar KONG Wubba Puppy \u2013 lieliska rota\u013clieta me\u0161anai, vilk\u0161anai un interakt\u012bviem piedz\u012bvojumiem! \ud83d\udc3e\u2728","og_url":"https:\/\/miumjau.ee\/lv\/produkts\/rotallieta-kuceniem-kong-wubba-puppy-krasa-nejausa\/","og_site_name":"MiuMjau","article_publisher":"https:\/\/www.facebook.com\/miumjaupood\/","article_modified_time":"2026-01-07T19:17:26+00:00","og_image":[{"width":600,"height":800,"url":"https:\/\/miumjau.ee\/wp-content\/uploads\/2025\/03\/manguasi-koerale-kong23.jpg","type":"image\/jpeg"}],"twitter_card":"summary_large_image","schema":{"@context":"https:\/\/schema.org","@graph":[{"@type":"WebPage","@id":"https:\/\/miumjau.ee\/lv\/produkts\/rotallieta-kuceniem-kong-wubba-puppy-krasa-nejausa\/","url":"https:\/\/miumjau.ee\/lv\/produkts\/rotallieta-kuceniem-kong-wubba-puppy-krasa-nejausa\/","name":"Rota\u013clieta kuc\u0113niem KONG Wubba Puppy (kr\u0101sa nejau\u0161a) - MiuMjau","isPartOf":{"@id":"https:\/\/miumjau.ee\/#website"},"primaryImageOfPage":{"@id":"https:\/\/miumjau.ee\/lv\/produkts\/rotallieta-kuceniem-kong-wubba-puppy-krasa-nejausa\/#primaryimage"},"image":{"@id":"https:\/\/miumjau.ee\/lv\/produkts\/rotallieta-kuceniem-kong-wubba-puppy-krasa-nejausa\/#primaryimage"},"thumbnailUrl":"https:\/\/miumjau.ee\/wp-content\/uploads\/2025\/03\/manguasi-koerale-kong23.jpg","datePublished":"2025-03-05T09:02:47+00:00","dateModified":"2026-01-07T19:17:26+00:00","breadcrumb":{"@id":"https:\/\/miumjau.ee\/lv\/produkts\/rotallieta-kuceniem-kong-wubba-puppy-krasa-nejausa\/#breadcrumb"},"inLanguage":"lv-LV","potentialAction":[{"@type":"ReadAction","target":["https:\/\/miumjau.ee\/lv\/produkts\/rotallieta-kuceniem-kong-wubba-puppy-krasa-nejausa\/"]}]},{"@type":"ImageObject","inLanguage":"lv-LV","@id":"https:\/\/miumjau.ee\/lv\/produkts\/rotallieta-kuceniem-kong-wubba-puppy-krasa-nejausa\/#primaryimage","url":"https:\/\/miumjau.ee\/wp-content\/uploads\/2025\/03\/manguasi-koerale-kong23.jpg","contentUrl":"https:\/\/miumjau.ee\/wp-content\/uploads\/2025\/03\/manguasi-koerale-kong23.jpg","width":600,"height":800},{"@type":"BreadcrumbList","@id":"https:\/\/miumjau.ee\/lv\/produkts\/rotallieta-kuceniem-kong-wubba-puppy-krasa-nejausa\/#breadcrumb","itemListElement":[{"@type":"ListItem","position":1,"name":"Home","item":"https:\/\/miumjau.ee\/lv\/"},{"@type":"ListItem","position":2,"name":"Veikals","item":"https:\/\/miumjau.ee\/lv\/veikals\/"},{"@type":"ListItem","position":3,"name":"Rota\u013clieta kuc\u0113niem KONG Wubba Puppy (kr\u0101sa nejau\u0161a)"}]},{"@type":"WebSite","@id":"https:\/\/miumjau.ee\/#website","url":"https:\/\/miumjau.ee\/","name":"MiuMjau","description":"Kraapimispuud kassidele","publisher":{"@id":"https:\/\/miumjau.ee\/#organization"},"potentialAction":[{"@type":"SearchAction","target":{"@type":"EntryPoint","urlTemplate":"https:\/\/miumjau.ee\/?s={search_term_string}"},"query-input":{"@type":"PropertyValueSpecification","valueRequired":true,"valueName":"search_term_string"}}],"inLanguage":"lv-LV"},{"@type":"Organization","@id":"https:\/\/miumjau.ee\/#organization","name":"MiuMjau O\u00dc","url":"https:\/\/miumjau.ee\/","logo":{"@type":"ImageObject","inLanguage":"lv-LV","@id":"https:\/\/miumjau.ee\/#\/schema\/logo\/image\/","url":"https:\/\/miumjau.ee\/wp-content\/uploads\/2022\/04\/MiuMjau-logo-kollane.png","contentUrl":"https:\/\/miumjau.ee\/wp-content\/uploads\/2022\/04\/MiuMjau-logo-kollane.png","width":219,"height":100,"caption":"MiuMjau O\u00dc"},"image":{"@id":"https:\/\/miumjau.ee\/#\/schema\/logo\/image\/"},"sameAs":["https:\/\/www.facebook.com\/miumjaupood\/"]}]}},"_links":{"self":[{"href":"https:\/\/miumjau.ee\/lv\/wp-json\/wp\/v2\/product\/48897","targetHints":{"allow":["GET"]}}],"collection":[{"href":"https:\/\/miumjau.ee\/lv\/wp-json\/wp\/v2\/product"}],"about":[{"href":"https:\/\/miumjau.ee\/lv\/wp-json\/wp\/v2\/types\/product"}],"wp:featuredmedia":[{"embeddable":true,"href":"https:\/\/miumjau.ee\/lv\/wp-json\/wp\/v2\/media\/48898"}],"wp:attachment":[{"href":"https:\/\/miumjau.ee\/lv\/wp-json\/wp\/v2\/media?parent=48897"}],"wp:term":[{"taxonomy":"product_brand","embeddable":true,"href":"https:\/\/miumjau.ee\/lv\/wp-json\/wp\/v2\/product_brand?post=48897"},{"taxonomy":"product_cat","embeddable":true,"href":"https:\/\/miumjau.ee\/lv\/wp-json\/wp\/v2\/product_cat?post=48897"},{"taxonomy":"product_tag","embeddable":true,"href":"https:\/\/miumjau.ee\/lv\/wp-json\/wp\/v2\/product_tag?post=48897"}],"curies":[{"name":"wp","href":"https:\/\/api.w.org\/{rel}","templated":true}]}}