{"id":48886,"date":"2025-03-04T14:19:34","date_gmt":"2025-03-04T12:19:34","guid":{"rendered":"https:\/\/miumjau.ee\/toode\/rotallieta-suniem-bumba-ar-virvi-dog-comets-oranza\/"},"modified":"2026-01-07T21:17:26","modified_gmt":"2026-01-07T19:17:26","slug":"rotallieta-suniem-bumba-ar-virvi-dog-comets-oranza","status":"publish","type":"product","link":"https:\/\/miumjau.ee\/lv\/produkts\/rotallieta-suniem-bumba-ar-virvi-dog-comets-oranza\/","title":{"rendered":"Rota\u013clieta su\u0146iem \u2013 bumba ar virvi Dog Comets, oran\u017ea"},"content":{"rendered":"","protected":false},"excerpt":{"rendered":"<p data-start=\"2190\" data-end=\"2257\"><strong data-start=\"2190\" data-end=\"2257\">Dog Comets rota\u013cu bumba \u2013 ilgsto\u0161ai izklaidei tavam sunim! \ud83d\ude80\ud83d\udc36<\/strong><\/p>\n<p data-start=\"2259\" data-end=\"2534\">Dog Comets Swift Tuttle, Halley un Hale Bopp bumbas ir nosauktas slaveno kom\u0113tu v\u0101rdos un rad\u012btas, lai nodro\u0161in\u0101tu maksim\u0101lu aport\u0113\u0161anas prieku. Pateicoties gudrajam rievotajam dizainam, suns, nesot bumbu, var viegl\u0101k elpot, kas nodro\u0161ina gar\u0101kas un jautr\u0101kas rota\u013cu sesijas.<\/p>\n<p data-start=\"2536\" data-end=\"2875\">\ud83c\udfbe <strong data-start=\"2539\" data-end=\"2584\">K\u0101p\u0113c izv\u0113l\u0113ties Dog Comets rota\u013cu bumbu?<\/strong><br data-start=\"2584\" data-end=\"2587\" \/>\u2714 100 % dab\u012bgais kau\u010duks \u2013 dro\u0161s, iztur\u012bgs un notur\u012bgs pret ko\u0161\u013c\u0101\u0161anu<br data-start=\"2656\" data-end=\"2659\" \/>\u2714 Zobu t\u012br\u012b\u0161ana \u2013 rievas pal\u012bdz no\u0146emt net\u012brumus un mas\u0113 smaganas<br data-start=\"2724\" data-end=\"2727\" \/>\u2714 Lieliska atl\u0113k\u0161ana \u2013 ide\u0101li interakt\u012bv\u0101m sp\u0113l\u0113m<br data-start=\"2776\" data-end=\"2779\" \/>\u2714 Peld \u016bden\u012b \u2013 piem\u0113rota ar\u012b \u016bdens rota\u013c\u0101m<br data-start=\"2821\" data-end=\"2824\" \/>\u2714 Viegli t\u012br\u0101ma \u2013 vienk\u0101r\u0161i noskalojama zem \u016bdens<\/p>\n<p data-start=\"2877\" data-end=\"2980\">\ud83d\udef8 <strong data-start=\"2880\" data-end=\"2898\">Divi varianti:<\/strong><br data-start=\"2898\" data-end=\"2901\" \/>\ud83d\udd39 Bez virves \u2013 \u00d8 6 cm<br data-start=\"2923\" data-end=\"2926\" \/>\ud83d\udd39 Ar virvi \u2013 t\u0101l\u0101kiem metieniem un vilk\u0161anas sp\u0113l\u0113m<\/p>\n<p data-start=\"2982\" data-end=\"3134\">Pacel sava su\u0146a rota\u013cas jaun\u0101 l\u012bmen\u012b ar Dog Comets rota\u013cu bumbu \u2013 iztur\u012bga, atl\u0113co\u0161a un ide\u0101li piem\u0113rota katram piedz\u012bvojumu k\u0101ram \u010detrk\u0101jainajam! \ud83d\udc3e\u2728<\/p>\n","protected":false},"featured_media":48887,"template":"","meta":[],"product_brand":[],"product_cat":[592],"product_tag":[],"class_list":{"0":"post-48886","1":"product","2":"type-product","3":"status-publish","4":"has-post-thumbnail","6":"product_cat-rotallietas-suniem","8":"first","9":"instock","10":"taxable","11":"shipping-taxable","12":"purchasable","13":"product-type-simple"},"yoast_head":"<!-- This site is optimized with the Yoast SEO plugin v27.2 - https:\/\/yoast.com\/product\/yoast-seo-wordpress\/ -->\n<title>Rota\u013clieta su\u0146iem \u2013 bumba ar virvi Dog Comets, oran\u017ea - MiuMjau<\/title>\n<meta name=\"robots\" content=\"index, follow, max-snippet:-1, max-image-preview:large, max-video-preview:-1\" \/>\n<link rel=\"canonical\" href=\"https:\/\/miumjau.ee\/lv\/produkts\/rotallieta-suniem-bumba-ar-virvi-dog-comets-oranza\/\" \/>\n<meta property=\"og:locale\" content=\"lv_LV\" \/>\n<meta property=\"og:type\" content=\"article\" \/>\n<meta property=\"og:title\" content=\"Rota\u013clieta su\u0146iem \u2013 bumba ar virvi Dog Comets, oran\u017ea - MiuMjau\" \/>\n<meta property=\"og:description\" content=\"Dog Comets rota\u013cu bumba \u2013 ilgsto\u0161ai izklaidei tavam sunim! \ud83d\ude80\ud83d\udc36 Dog Comets Swift Tuttle, Halley un Hale Bopp bumbas ir nosauktas slaveno kom\u0113tu v\u0101rdos un rad\u012btas, lai nodro\u0161in\u0101tu maksim\u0101lu aport\u0113\u0161anas prieku. Pateicoties gudrajam rievotajam dizainam, suns, nesot bumbu, var viegl\u0101k elpot, kas nodro\u0161ina gar\u0101kas un jautr\u0101kas rota\u013cu sesijas. \ud83c\udfbe K\u0101p\u0113c izv\u0113l\u0113ties Dog Comets rota\u013cu bumbu?\u2714 100 % dab\u012bgais kau\u010duks \u2013 dro\u0161s, iztur\u012bgs un notur\u012bgs pret ko\u0161\u013c\u0101\u0161anu\u2714 Zobu t\u012br\u012b\u0161ana \u2013 rievas pal\u012bdz no\u0146emt net\u012brumus un mas\u0113 smaganas\u2714 Lieliska atl\u0113k\u0161ana \u2013 ide\u0101li interakt\u012bv\u0101m sp\u0113l\u0113m\u2714 Peld \u016bden\u012b \u2013 piem\u0113rota ar\u012b \u016bdens rota\u013c\u0101m\u2714 Viegli t\u012br\u0101ma \u2013 vienk\u0101r\u0161i noskalojama zem \u016bdens \ud83d\udef8 Divi varianti:\ud83d\udd39 Bez virves \u2013 \u00d8 6 cm\ud83d\udd39 Ar virvi \u2013 t\u0101l\u0101kiem metieniem un vilk\u0161anas sp\u0113l\u0113m Pacel sava su\u0146a rota\u013cas jaun\u0101 l\u012bmen\u012b ar Dog Comets rota\u013cu bumbu \u2013 iztur\u012bga, atl\u0113co\u0161a un ide\u0101li piem\u0113rota katram piedz\u012bvojumu k\u0101ram \u010detrk\u0101jainajam! \ud83d\udc3e\u2728\" \/>\n<meta property=\"og:url\" content=\"https:\/\/miumjau.ee\/lv\/produkts\/rotallieta-suniem-bumba-ar-virvi-dog-comets-oranza\/\" \/>\n<meta property=\"og:site_name\" content=\"MiuMjau\" \/>\n<meta property=\"article:publisher\" content=\"https:\/\/www.facebook.com\/miumjaupood\/\" \/>\n<meta property=\"article:modified_time\" content=\"2026-01-07T19:17:26+00:00\" \/>\n<meta property=\"og:image\" content=\"https:\/\/miumjau.ee\/wp-content\/uploads\/2025\/03\/manguasi-koertele-dog-comets16.jpg\" \/>\n\t<meta property=\"og:image:width\" content=\"600\" \/>\n\t<meta property=\"og:image:height\" content=\"800\" \/>\n\t<meta property=\"og:image:type\" content=\"image\/jpeg\" \/>\n<meta name=\"twitter:card\" content=\"summary_large_image\" \/>\n<script type=\"application\/ld+json\" class=\"yoast-schema-graph\">{\"@context\":\"https:\/\/schema.org\",\"@graph\":[{\"@type\":\"WebPage\",\"@id\":\"https:\/\/miumjau.ee\/lv\/produkts\/rotallieta-suniem-bumba-ar-virvi-dog-comets-oranza\/\",\"url\":\"https:\/\/miumjau.ee\/lv\/produkts\/rotallieta-suniem-bumba-ar-virvi-dog-comets-oranza\/\",\"name\":\"Rota\u013clieta su\u0146iem \u2013 bumba ar virvi Dog Comets, oran\u017ea - MiuMjau\",\"isPartOf\":{\"@id\":\"https:\/\/miumjau.ee\/#website\"},\"primaryImageOfPage\":{\"@id\":\"https:\/\/miumjau.ee\/lv\/produkts\/rotallieta-suniem-bumba-ar-virvi-dog-comets-oranza\/#primaryimage\"},\"image\":{\"@id\":\"https:\/\/miumjau.ee\/lv\/produkts\/rotallieta-suniem-bumba-ar-virvi-dog-comets-oranza\/#primaryimage\"},\"thumbnailUrl\":\"https:\/\/miumjau.ee\/wp-content\/uploads\/2025\/03\/manguasi-koertele-dog-comets16.jpg\",\"datePublished\":\"2025-03-04T12:19:34+00:00\",\"dateModified\":\"2026-01-07T19:17:26+00:00\",\"breadcrumb\":{\"@id\":\"https:\/\/miumjau.ee\/lv\/produkts\/rotallieta-suniem-bumba-ar-virvi-dog-comets-oranza\/#breadcrumb\"},\"inLanguage\":\"lv-LV\",\"potentialAction\":[{\"@type\":\"ReadAction\",\"target\":[\"https:\/\/miumjau.ee\/lv\/produkts\/rotallieta-suniem-bumba-ar-virvi-dog-comets-oranza\/\"]}]},{\"@type\":\"ImageObject\",\"inLanguage\":\"lv-LV\",\"@id\":\"https:\/\/miumjau.ee\/lv\/produkts\/rotallieta-suniem-bumba-ar-virvi-dog-comets-oranza\/#primaryimage\",\"url\":\"https:\/\/miumjau.ee\/wp-content\/uploads\/2025\/03\/manguasi-koertele-dog-comets16.jpg\",\"contentUrl\":\"https:\/\/miumjau.ee\/wp-content\/uploads\/2025\/03\/manguasi-koertele-dog-comets16.jpg\",\"width\":600,\"height\":800},{\"@type\":\"BreadcrumbList\",\"@id\":\"https:\/\/miumjau.ee\/lv\/produkts\/rotallieta-suniem-bumba-ar-virvi-dog-comets-oranza\/#breadcrumb\",\"itemListElement\":[{\"@type\":\"ListItem\",\"position\":1,\"name\":\"Home\",\"item\":\"https:\/\/miumjau.ee\/lv\/\"},{\"@type\":\"ListItem\",\"position\":2,\"name\":\"Veikals\",\"item\":\"https:\/\/miumjau.ee\/lv\/veikals\/\"},{\"@type\":\"ListItem\",\"position\":3,\"name\":\"Rota\u013clieta su\u0146iem \u2013 bumba ar virvi Dog Comets, oran\u017ea\"}]},{\"@type\":\"WebSite\",\"@id\":\"https:\/\/miumjau.ee\/#website\",\"url\":\"https:\/\/miumjau.ee\/\",\"name\":\"MiuMjau\",\"description\":\"Kraapimispuud kassidele\",\"publisher\":{\"@id\":\"https:\/\/miumjau.ee\/#organization\"},\"potentialAction\":[{\"@type\":\"SearchAction\",\"target\":{\"@type\":\"EntryPoint\",\"urlTemplate\":\"https:\/\/miumjau.ee\/?s={search_term_string}\"},\"query-input\":{\"@type\":\"PropertyValueSpecification\",\"valueRequired\":true,\"valueName\":\"search_term_string\"}}],\"inLanguage\":\"lv-LV\"},{\"@type\":\"Organization\",\"@id\":\"https:\/\/miumjau.ee\/#organization\",\"name\":\"MiuMjau O\u00dc\",\"url\":\"https:\/\/miumjau.ee\/\",\"logo\":{\"@type\":\"ImageObject\",\"inLanguage\":\"lv-LV\",\"@id\":\"https:\/\/miumjau.ee\/#\/schema\/logo\/image\/\",\"url\":\"https:\/\/miumjau.ee\/wp-content\/uploads\/2022\/04\/MiuMjau-logo-kollane.png\",\"contentUrl\":\"https:\/\/miumjau.ee\/wp-content\/uploads\/2022\/04\/MiuMjau-logo-kollane.png\",\"width\":219,\"height\":100,\"caption\":\"MiuMjau O\u00dc\"},\"image\":{\"@id\":\"https:\/\/miumjau.ee\/#\/schema\/logo\/image\/\"},\"sameAs\":[\"https:\/\/www.facebook.com\/miumjaupood\/\"]}]}<\/script>\n<!-- \/ Yoast SEO plugin. -->","yoast_head_json":{"title":"Rota\u013clieta su\u0146iem \u2013 bumba ar virvi Dog Comets, oran\u017ea - MiuMjau","robots":{"index":"index","follow":"follow","max-snippet":"max-snippet:-1","max-image-preview":"max-image-preview:large","max-video-preview":"max-video-preview:-1"},"canonical":"https:\/\/miumjau.ee\/lv\/produkts\/rotallieta-suniem-bumba-ar-virvi-dog-comets-oranza\/","og_locale":"lv_LV","og_type":"article","og_title":"Rota\u013clieta su\u0146iem \u2013 bumba ar virvi Dog Comets, oran\u017ea - MiuMjau","og_description":"Dog Comets rota\u013cu bumba \u2013 ilgsto\u0161ai izklaidei tavam sunim! \ud83d\ude80\ud83d\udc36 Dog Comets Swift Tuttle, Halley un Hale Bopp bumbas ir nosauktas slaveno kom\u0113tu v\u0101rdos un rad\u012btas, lai nodro\u0161in\u0101tu maksim\u0101lu aport\u0113\u0161anas prieku. Pateicoties gudrajam rievotajam dizainam, suns, nesot bumbu, var viegl\u0101k elpot, kas nodro\u0161ina gar\u0101kas un jautr\u0101kas rota\u013cu sesijas. \ud83c\udfbe K\u0101p\u0113c izv\u0113l\u0113ties Dog Comets rota\u013cu bumbu?\u2714 100 % dab\u012bgais kau\u010duks \u2013 dro\u0161s, iztur\u012bgs un notur\u012bgs pret ko\u0161\u013c\u0101\u0161anu\u2714 Zobu t\u012br\u012b\u0161ana \u2013 rievas pal\u012bdz no\u0146emt net\u012brumus un mas\u0113 smaganas\u2714 Lieliska atl\u0113k\u0161ana \u2013 ide\u0101li interakt\u012bv\u0101m sp\u0113l\u0113m\u2714 Peld \u016bden\u012b \u2013 piem\u0113rota ar\u012b \u016bdens rota\u013c\u0101m\u2714 Viegli t\u012br\u0101ma \u2013 vienk\u0101r\u0161i noskalojama zem \u016bdens \ud83d\udef8 Divi varianti:\ud83d\udd39 Bez virves \u2013 \u00d8 6 cm\ud83d\udd39 Ar virvi \u2013 t\u0101l\u0101kiem metieniem un vilk\u0161anas sp\u0113l\u0113m Pacel sava su\u0146a rota\u013cas jaun\u0101 l\u012bmen\u012b ar Dog Comets rota\u013cu bumbu \u2013 iztur\u012bga, atl\u0113co\u0161a un ide\u0101li piem\u0113rota katram piedz\u012bvojumu k\u0101ram \u010detrk\u0101jainajam! \ud83d\udc3e\u2728","og_url":"https:\/\/miumjau.ee\/lv\/produkts\/rotallieta-suniem-bumba-ar-virvi-dog-comets-oranza\/","og_site_name":"MiuMjau","article_publisher":"https:\/\/www.facebook.com\/miumjaupood\/","article_modified_time":"2026-01-07T19:17:26+00:00","og_image":[{"width":600,"height":800,"url":"https:\/\/miumjau.ee\/wp-content\/uploads\/2025\/03\/manguasi-koertele-dog-comets16.jpg","type":"image\/jpeg"}],"twitter_card":"summary_large_image","schema":{"@context":"https:\/\/schema.org","@graph":[{"@type":"WebPage","@id":"https:\/\/miumjau.ee\/lv\/produkts\/rotallieta-suniem-bumba-ar-virvi-dog-comets-oranza\/","url":"https:\/\/miumjau.ee\/lv\/produkts\/rotallieta-suniem-bumba-ar-virvi-dog-comets-oranza\/","name":"Rota\u013clieta su\u0146iem \u2013 bumba ar virvi Dog Comets, oran\u017ea - MiuMjau","isPartOf":{"@id":"https:\/\/miumjau.ee\/#website"},"primaryImageOfPage":{"@id":"https:\/\/miumjau.ee\/lv\/produkts\/rotallieta-suniem-bumba-ar-virvi-dog-comets-oranza\/#primaryimage"},"image":{"@id":"https:\/\/miumjau.ee\/lv\/produkts\/rotallieta-suniem-bumba-ar-virvi-dog-comets-oranza\/#primaryimage"},"thumbnailUrl":"https:\/\/miumjau.ee\/wp-content\/uploads\/2025\/03\/manguasi-koertele-dog-comets16.jpg","datePublished":"2025-03-04T12:19:34+00:00","dateModified":"2026-01-07T19:17:26+00:00","breadcrumb":{"@id":"https:\/\/miumjau.ee\/lv\/produkts\/rotallieta-suniem-bumba-ar-virvi-dog-comets-oranza\/#breadcrumb"},"inLanguage":"lv-LV","potentialAction":[{"@type":"ReadAction","target":["https:\/\/miumjau.ee\/lv\/produkts\/rotallieta-suniem-bumba-ar-virvi-dog-comets-oranza\/"]}]},{"@type":"ImageObject","inLanguage":"lv-LV","@id":"https:\/\/miumjau.ee\/lv\/produkts\/rotallieta-suniem-bumba-ar-virvi-dog-comets-oranza\/#primaryimage","url":"https:\/\/miumjau.ee\/wp-content\/uploads\/2025\/03\/manguasi-koertele-dog-comets16.jpg","contentUrl":"https:\/\/miumjau.ee\/wp-content\/uploads\/2025\/03\/manguasi-koertele-dog-comets16.jpg","width":600,"height":800},{"@type":"BreadcrumbList","@id":"https:\/\/miumjau.ee\/lv\/produkts\/rotallieta-suniem-bumba-ar-virvi-dog-comets-oranza\/#breadcrumb","itemListElement":[{"@type":"ListItem","position":1,"name":"Home","item":"https:\/\/miumjau.ee\/lv\/"},{"@type":"ListItem","position":2,"name":"Veikals","item":"https:\/\/miumjau.ee\/lv\/veikals\/"},{"@type":"ListItem","position":3,"name":"Rota\u013clieta su\u0146iem \u2013 bumba ar virvi Dog Comets, oran\u017ea"}]},{"@type":"WebSite","@id":"https:\/\/miumjau.ee\/#website","url":"https:\/\/miumjau.ee\/","name":"MiuMjau","description":"Kraapimispuud kassidele","publisher":{"@id":"https:\/\/miumjau.ee\/#organization"},"potentialAction":[{"@type":"SearchAction","target":{"@type":"EntryPoint","urlTemplate":"https:\/\/miumjau.ee\/?s={search_term_string}"},"query-input":{"@type":"PropertyValueSpecification","valueRequired":true,"valueName":"search_term_string"}}],"inLanguage":"lv-LV"},{"@type":"Organization","@id":"https:\/\/miumjau.ee\/#organization","name":"MiuMjau O\u00dc","url":"https:\/\/miumjau.ee\/","logo":{"@type":"ImageObject","inLanguage":"lv-LV","@id":"https:\/\/miumjau.ee\/#\/schema\/logo\/image\/","url":"https:\/\/miumjau.ee\/wp-content\/uploads\/2022\/04\/MiuMjau-logo-kollane.png","contentUrl":"https:\/\/miumjau.ee\/wp-content\/uploads\/2022\/04\/MiuMjau-logo-kollane.png","width":219,"height":100,"caption":"MiuMjau O\u00dc"},"image":{"@id":"https:\/\/miumjau.ee\/#\/schema\/logo\/image\/"},"sameAs":["https:\/\/www.facebook.com\/miumjaupood\/"]}]}},"_links":{"self":[{"href":"https:\/\/miumjau.ee\/lv\/wp-json\/wp\/v2\/product\/48886","targetHints":{"allow":["GET"]}}],"collection":[{"href":"https:\/\/miumjau.ee\/lv\/wp-json\/wp\/v2\/product"}],"about":[{"href":"https:\/\/miumjau.ee\/lv\/wp-json\/wp\/v2\/types\/product"}],"wp:featuredmedia":[{"embeddable":true,"href":"https:\/\/miumjau.ee\/lv\/wp-json\/wp\/v2\/media\/48887"}],"wp:attachment":[{"href":"https:\/\/miumjau.ee\/lv\/wp-json\/wp\/v2\/media?parent=48886"}],"wp:term":[{"taxonomy":"product_brand","embeddable":true,"href":"https:\/\/miumjau.ee\/lv\/wp-json\/wp\/v2\/product_brand?post=48886"},{"taxonomy":"product_cat","embeddable":true,"href":"https:\/\/miumjau.ee\/lv\/wp-json\/wp\/v2\/product_cat?post=48886"},{"taxonomy":"product_tag","embeddable":true,"href":"https:\/\/miumjau.ee\/lv\/wp-json\/wp\/v2\/product_tag?post=48886"}],"curies":[{"name":"wp","href":"https:\/\/api.w.org\/{rel}","templated":true}]}}