{"id":48867,"date":"2025-03-05T11:33:37","date_gmt":"2025-03-05T09:33:37","guid":{"rendered":"https:\/\/miumjau.ee\/toode\/kong-extreme-ipasi-izturiga-gumijas-bumba-suniem-m-l\/"},"modified":"2026-01-07T21:17:33","modified_gmt":"2026-01-07T19:17:33","slug":"kong-extreme-ipasi-izturiga-gumijas-bumba-suniem-m-l","status":"publish","type":"product","link":"https:\/\/miumjau.ee\/lv\/produkts\/kong-extreme-ipasi-izturiga-gumijas-bumba-suniem-m-l\/","title":{"rendered":"KONG Extreme \u012bpa\u0161i iztur\u012bga gumijas bumba su\u0146iem M\/L"},"content":{"rendered":"","protected":false},"excerpt":{"rendered":"<p data-start=\"1929\" data-end=\"1993\"><strong data-start=\"1929\" data-end=\"1993\">KONG Ball Extreme \u2013 iztur\u012bg\u0101k\u0101 un stipr\u0101k\u0101 bumba tirg\u016b! \ud83d\udc36\ud83d\udca5<\/strong><\/p>\n<p data-start=\"1995\" data-end=\"2230\">KONG Ball Extreme ir visiztur\u012bg\u0101k\u0101 un notur\u012bg\u0101k\u0101 bumba, kas ide\u0101li piem\u0113rota su\u0146iem, kuri m\u012bl aport\u0113\u0161anu un ko\u0161\u013c\u0101\u0161anu. Izgatavota no KONG Extreme \u012bpa\u0161i iztur\u012bgas gumijas, \u0161\u012b bumba iztur pat visintens\u012bv\u0101k\u0101s ko\u0161\u013c\u0101\u0161anas un me\u0161anas sp\u0113les.<\/p>\n<p data-start=\"2232\" data-end=\"2517\">\ud83d\udd25 <strong data-start=\"2235\" data-end=\"2274\">K\u0101p\u0113c izv\u0113l\u0113ties KONG Ball Extreme?<\/strong><br data-start=\"2274\" data-end=\"2277\" \/>\u2714 \u012apa\u0161i iztur\u012bga \u2013 izgatavota no KONG Extreme gumijas, lai iztur\u0113tu sp\u0113c\u012bgu ko\u0161\u013c\u0101\u0161anu<br data-start=\"2362\" data-end=\"2365\" \/>\u2714 Ide\u0101la aport\u0113\u0161anai un ko\u0161\u013c\u0101\u0161anai \u2013 lieliski lec un uztur suni akt\u012bvu<br data-start=\"2435\" data-end=\"2438\" \/>\u2714 Dro\u0161a sunim \u2013 \u012bpa\u0161i izstr\u0101d\u0101ta k\u0101 uzticama rota\u013clieta sp\u0113c\u012bgiem ko\u0161\u013c\u0101t\u0101jiem<\/p>\n<p data-start=\"2519\" data-end=\"2575\">\ud83d\udccf <strong data-start=\"2522\" data-end=\"2533\">Izm\u0113ri:<\/strong><br data-start=\"2533\" data-end=\"2536\" \/>\ud83d\udd39 S \u2013 \u00d8 6,35 cm<br data-start=\"2552\" data-end=\"2555\" \/>\ud83d\udd39 M\/L \u2013 \u00d8 7,62 cm<\/p>\n<p data-start=\"2577\" data-end=\"2697\">KONG Ball Extreme ir lab\u0101k\u0101 izv\u0113le su\u0146iem ar sp\u0113c\u012bgiem zobiem \u2013 iztur\u012bga, ilgm\u016b\u017e\u012bga un ide\u0101la bezgal\u012bgai rota\u013cai! \ud83d\udc3e\ud83d\ude80<\/p>\n","protected":false},"featured_media":48868,"template":"","meta":[],"product_brand":[],"product_cat":[592],"product_tag":[],"class_list":{"0":"post-48867","1":"product","2":"type-product","3":"status-publish","4":"has-post-thumbnail","6":"product_cat-rotallietas-suniem","8":"first","9":"instock","10":"taxable","11":"shipping-taxable","12":"purchasable","13":"product-type-simple"},"yoast_head":"<!-- This site is optimized with the Yoast SEO plugin v27.2 - https:\/\/yoast.com\/product\/yoast-seo-wordpress\/ -->\n<title>KONG Extreme \u012bpa\u0161i iztur\u012bga gumijas bumba su\u0146iem M\/L - MiuMjau<\/title>\n<meta name=\"robots\" content=\"index, follow, max-snippet:-1, max-image-preview:large, max-video-preview:-1\" \/>\n<link rel=\"canonical\" href=\"https:\/\/miumjau.ee\/lv\/produkts\/kong-extreme-ipasi-izturiga-gumijas-bumba-suniem-m-l\/\" \/>\n<meta property=\"og:locale\" content=\"lv_LV\" \/>\n<meta property=\"og:type\" content=\"article\" \/>\n<meta property=\"og:title\" content=\"KONG Extreme \u012bpa\u0161i iztur\u012bga gumijas bumba su\u0146iem M\/L - MiuMjau\" \/>\n<meta property=\"og:description\" content=\"KONG Ball Extreme \u2013 iztur\u012bg\u0101k\u0101 un stipr\u0101k\u0101 bumba tirg\u016b! \ud83d\udc36\ud83d\udca5 KONG Ball Extreme ir visiztur\u012bg\u0101k\u0101 un notur\u012bg\u0101k\u0101 bumba, kas ide\u0101li piem\u0113rota su\u0146iem, kuri m\u012bl aport\u0113\u0161anu un ko\u0161\u013c\u0101\u0161anu. Izgatavota no KONG Extreme \u012bpa\u0161i iztur\u012bgas gumijas, \u0161\u012b bumba iztur pat visintens\u012bv\u0101k\u0101s ko\u0161\u013c\u0101\u0161anas un me\u0161anas sp\u0113les. \ud83d\udd25 K\u0101p\u0113c izv\u0113l\u0113ties KONG Ball Extreme?\u2714 \u012apa\u0161i iztur\u012bga \u2013 izgatavota no KONG Extreme gumijas, lai iztur\u0113tu sp\u0113c\u012bgu ko\u0161\u013c\u0101\u0161anu\u2714 Ide\u0101la aport\u0113\u0161anai un ko\u0161\u013c\u0101\u0161anai \u2013 lieliski lec un uztur suni akt\u012bvu\u2714 Dro\u0161a sunim \u2013 \u012bpa\u0161i izstr\u0101d\u0101ta k\u0101 uzticama rota\u013clieta sp\u0113c\u012bgiem ko\u0161\u013c\u0101t\u0101jiem \ud83d\udccf Izm\u0113ri:\ud83d\udd39 S \u2013 \u00d8 6,35 cm\ud83d\udd39 M\/L \u2013 \u00d8 7,62 cm KONG Ball Extreme ir lab\u0101k\u0101 izv\u0113le su\u0146iem ar sp\u0113c\u012bgiem zobiem \u2013 iztur\u012bga, ilgm\u016b\u017e\u012bga un ide\u0101la bezgal\u012bgai rota\u013cai! \ud83d\udc3e\ud83d\ude80\" \/>\n<meta property=\"og:url\" content=\"https:\/\/miumjau.ee\/lv\/produkts\/kong-extreme-ipasi-izturiga-gumijas-bumba-suniem-m-l\/\" \/>\n<meta property=\"og:site_name\" content=\"MiuMjau\" \/>\n<meta property=\"article:publisher\" content=\"https:\/\/www.facebook.com\/miumjaupood\/\" \/>\n<meta property=\"article:modified_time\" content=\"2026-01-07T19:17:33+00:00\" \/>\n<meta property=\"og:image\" content=\"https:\/\/miumjau.ee\/wp-content\/uploads\/2025\/03\/manguasi-koerale-kong34.jpg\" \/>\n\t<meta property=\"og:image:width\" content=\"600\" \/>\n\t<meta property=\"og:image:height\" content=\"800\" \/>\n\t<meta property=\"og:image:type\" content=\"image\/jpeg\" \/>\n<meta name=\"twitter:card\" content=\"summary_large_image\" \/>\n<script type=\"application\/ld+json\" class=\"yoast-schema-graph\">{\"@context\":\"https:\/\/schema.org\",\"@graph\":[{\"@type\":\"WebPage\",\"@id\":\"https:\/\/miumjau.ee\/lv\/produkts\/kong-extreme-ipasi-izturiga-gumijas-bumba-suniem-m-l\/\",\"url\":\"https:\/\/miumjau.ee\/lv\/produkts\/kong-extreme-ipasi-izturiga-gumijas-bumba-suniem-m-l\/\",\"name\":\"KONG Extreme \u012bpa\u0161i iztur\u012bga gumijas bumba su\u0146iem M\/L - MiuMjau\",\"isPartOf\":{\"@id\":\"https:\/\/miumjau.ee\/#website\"},\"primaryImageOfPage\":{\"@id\":\"https:\/\/miumjau.ee\/lv\/produkts\/kong-extreme-ipasi-izturiga-gumijas-bumba-suniem-m-l\/#primaryimage\"},\"image\":{\"@id\":\"https:\/\/miumjau.ee\/lv\/produkts\/kong-extreme-ipasi-izturiga-gumijas-bumba-suniem-m-l\/#primaryimage\"},\"thumbnailUrl\":\"https:\/\/miumjau.ee\/wp-content\/uploads\/2025\/03\/manguasi-koerale-kong34.jpg\",\"datePublished\":\"2025-03-05T09:33:37+00:00\",\"dateModified\":\"2026-01-07T19:17:33+00:00\",\"breadcrumb\":{\"@id\":\"https:\/\/miumjau.ee\/lv\/produkts\/kong-extreme-ipasi-izturiga-gumijas-bumba-suniem-m-l\/#breadcrumb\"},\"inLanguage\":\"lv-LV\",\"potentialAction\":[{\"@type\":\"ReadAction\",\"target\":[\"https:\/\/miumjau.ee\/lv\/produkts\/kong-extreme-ipasi-izturiga-gumijas-bumba-suniem-m-l\/\"]}]},{\"@type\":\"ImageObject\",\"inLanguage\":\"lv-LV\",\"@id\":\"https:\/\/miumjau.ee\/lv\/produkts\/kong-extreme-ipasi-izturiga-gumijas-bumba-suniem-m-l\/#primaryimage\",\"url\":\"https:\/\/miumjau.ee\/wp-content\/uploads\/2025\/03\/manguasi-koerale-kong34.jpg\",\"contentUrl\":\"https:\/\/miumjau.ee\/wp-content\/uploads\/2025\/03\/manguasi-koerale-kong34.jpg\",\"width\":600,\"height\":800},{\"@type\":\"BreadcrumbList\",\"@id\":\"https:\/\/miumjau.ee\/lv\/produkts\/kong-extreme-ipasi-izturiga-gumijas-bumba-suniem-m-l\/#breadcrumb\",\"itemListElement\":[{\"@type\":\"ListItem\",\"position\":1,\"name\":\"Home\",\"item\":\"https:\/\/miumjau.ee\/lv\/\"},{\"@type\":\"ListItem\",\"position\":2,\"name\":\"Veikals\",\"item\":\"https:\/\/miumjau.ee\/lv\/veikals\/\"},{\"@type\":\"ListItem\",\"position\":3,\"name\":\"KONG Extreme \u012bpa\u0161i iztur\u012bga gumijas bumba su\u0146iem M\/L\"}]},{\"@type\":\"WebSite\",\"@id\":\"https:\/\/miumjau.ee\/#website\",\"url\":\"https:\/\/miumjau.ee\/\",\"name\":\"MiuMjau\",\"description\":\"Kraapimispuud kassidele\",\"publisher\":{\"@id\":\"https:\/\/miumjau.ee\/#organization\"},\"potentialAction\":[{\"@type\":\"SearchAction\",\"target\":{\"@type\":\"EntryPoint\",\"urlTemplate\":\"https:\/\/miumjau.ee\/?s={search_term_string}\"},\"query-input\":{\"@type\":\"PropertyValueSpecification\",\"valueRequired\":true,\"valueName\":\"search_term_string\"}}],\"inLanguage\":\"lv-LV\"},{\"@type\":\"Organization\",\"@id\":\"https:\/\/miumjau.ee\/#organization\",\"name\":\"MiuMjau O\u00dc\",\"url\":\"https:\/\/miumjau.ee\/\",\"logo\":{\"@type\":\"ImageObject\",\"inLanguage\":\"lv-LV\",\"@id\":\"https:\/\/miumjau.ee\/#\/schema\/logo\/image\/\",\"url\":\"https:\/\/miumjau.ee\/wp-content\/uploads\/2022\/04\/MiuMjau-logo-kollane.png\",\"contentUrl\":\"https:\/\/miumjau.ee\/wp-content\/uploads\/2022\/04\/MiuMjau-logo-kollane.png\",\"width\":219,\"height\":100,\"caption\":\"MiuMjau O\u00dc\"},\"image\":{\"@id\":\"https:\/\/miumjau.ee\/#\/schema\/logo\/image\/\"},\"sameAs\":[\"https:\/\/www.facebook.com\/miumjaupood\/\"]}]}<\/script>\n<!-- \/ Yoast SEO plugin. -->","yoast_head_json":{"title":"KONG Extreme \u012bpa\u0161i iztur\u012bga gumijas bumba su\u0146iem M\/L - MiuMjau","robots":{"index":"index","follow":"follow","max-snippet":"max-snippet:-1","max-image-preview":"max-image-preview:large","max-video-preview":"max-video-preview:-1"},"canonical":"https:\/\/miumjau.ee\/lv\/produkts\/kong-extreme-ipasi-izturiga-gumijas-bumba-suniem-m-l\/","og_locale":"lv_LV","og_type":"article","og_title":"KONG Extreme \u012bpa\u0161i iztur\u012bga gumijas bumba su\u0146iem M\/L - MiuMjau","og_description":"KONG Ball Extreme \u2013 iztur\u012bg\u0101k\u0101 un stipr\u0101k\u0101 bumba tirg\u016b! \ud83d\udc36\ud83d\udca5 KONG Ball Extreme ir visiztur\u012bg\u0101k\u0101 un notur\u012bg\u0101k\u0101 bumba, kas ide\u0101li piem\u0113rota su\u0146iem, kuri m\u012bl aport\u0113\u0161anu un ko\u0161\u013c\u0101\u0161anu. Izgatavota no KONG Extreme \u012bpa\u0161i iztur\u012bgas gumijas, \u0161\u012b bumba iztur pat visintens\u012bv\u0101k\u0101s ko\u0161\u013c\u0101\u0161anas un me\u0161anas sp\u0113les. \ud83d\udd25 K\u0101p\u0113c izv\u0113l\u0113ties KONG Ball Extreme?\u2714 \u012apa\u0161i iztur\u012bga \u2013 izgatavota no KONG Extreme gumijas, lai iztur\u0113tu sp\u0113c\u012bgu ko\u0161\u013c\u0101\u0161anu\u2714 Ide\u0101la aport\u0113\u0161anai un ko\u0161\u013c\u0101\u0161anai \u2013 lieliski lec un uztur suni akt\u012bvu\u2714 Dro\u0161a sunim \u2013 \u012bpa\u0161i izstr\u0101d\u0101ta k\u0101 uzticama rota\u013clieta sp\u0113c\u012bgiem ko\u0161\u013c\u0101t\u0101jiem \ud83d\udccf Izm\u0113ri:\ud83d\udd39 S \u2013 \u00d8 6,35 cm\ud83d\udd39 M\/L \u2013 \u00d8 7,62 cm KONG Ball Extreme ir lab\u0101k\u0101 izv\u0113le su\u0146iem ar sp\u0113c\u012bgiem zobiem \u2013 iztur\u012bga, ilgm\u016b\u017e\u012bga un ide\u0101la bezgal\u012bgai rota\u013cai! \ud83d\udc3e\ud83d\ude80","og_url":"https:\/\/miumjau.ee\/lv\/produkts\/kong-extreme-ipasi-izturiga-gumijas-bumba-suniem-m-l\/","og_site_name":"MiuMjau","article_publisher":"https:\/\/www.facebook.com\/miumjaupood\/","article_modified_time":"2026-01-07T19:17:33+00:00","og_image":[{"width":600,"height":800,"url":"https:\/\/miumjau.ee\/wp-content\/uploads\/2025\/03\/manguasi-koerale-kong34.jpg","type":"image\/jpeg"}],"twitter_card":"summary_large_image","schema":{"@context":"https:\/\/schema.org","@graph":[{"@type":"WebPage","@id":"https:\/\/miumjau.ee\/lv\/produkts\/kong-extreme-ipasi-izturiga-gumijas-bumba-suniem-m-l\/","url":"https:\/\/miumjau.ee\/lv\/produkts\/kong-extreme-ipasi-izturiga-gumijas-bumba-suniem-m-l\/","name":"KONG Extreme \u012bpa\u0161i iztur\u012bga gumijas bumba su\u0146iem M\/L - MiuMjau","isPartOf":{"@id":"https:\/\/miumjau.ee\/#website"},"primaryImageOfPage":{"@id":"https:\/\/miumjau.ee\/lv\/produkts\/kong-extreme-ipasi-izturiga-gumijas-bumba-suniem-m-l\/#primaryimage"},"image":{"@id":"https:\/\/miumjau.ee\/lv\/produkts\/kong-extreme-ipasi-izturiga-gumijas-bumba-suniem-m-l\/#primaryimage"},"thumbnailUrl":"https:\/\/miumjau.ee\/wp-content\/uploads\/2025\/03\/manguasi-koerale-kong34.jpg","datePublished":"2025-03-05T09:33:37+00:00","dateModified":"2026-01-07T19:17:33+00:00","breadcrumb":{"@id":"https:\/\/miumjau.ee\/lv\/produkts\/kong-extreme-ipasi-izturiga-gumijas-bumba-suniem-m-l\/#breadcrumb"},"inLanguage":"lv-LV","potentialAction":[{"@type":"ReadAction","target":["https:\/\/miumjau.ee\/lv\/produkts\/kong-extreme-ipasi-izturiga-gumijas-bumba-suniem-m-l\/"]}]},{"@type":"ImageObject","inLanguage":"lv-LV","@id":"https:\/\/miumjau.ee\/lv\/produkts\/kong-extreme-ipasi-izturiga-gumijas-bumba-suniem-m-l\/#primaryimage","url":"https:\/\/miumjau.ee\/wp-content\/uploads\/2025\/03\/manguasi-koerale-kong34.jpg","contentUrl":"https:\/\/miumjau.ee\/wp-content\/uploads\/2025\/03\/manguasi-koerale-kong34.jpg","width":600,"height":800},{"@type":"BreadcrumbList","@id":"https:\/\/miumjau.ee\/lv\/produkts\/kong-extreme-ipasi-izturiga-gumijas-bumba-suniem-m-l\/#breadcrumb","itemListElement":[{"@type":"ListItem","position":1,"name":"Home","item":"https:\/\/miumjau.ee\/lv\/"},{"@type":"ListItem","position":2,"name":"Veikals","item":"https:\/\/miumjau.ee\/lv\/veikals\/"},{"@type":"ListItem","position":3,"name":"KONG Extreme \u012bpa\u0161i iztur\u012bga gumijas bumba su\u0146iem M\/L"}]},{"@type":"WebSite","@id":"https:\/\/miumjau.ee\/#website","url":"https:\/\/miumjau.ee\/","name":"MiuMjau","description":"Kraapimispuud kassidele","publisher":{"@id":"https:\/\/miumjau.ee\/#organization"},"potentialAction":[{"@type":"SearchAction","target":{"@type":"EntryPoint","urlTemplate":"https:\/\/miumjau.ee\/?s={search_term_string}"},"query-input":{"@type":"PropertyValueSpecification","valueRequired":true,"valueName":"search_term_string"}}],"inLanguage":"lv-LV"},{"@type":"Organization","@id":"https:\/\/miumjau.ee\/#organization","name":"MiuMjau O\u00dc","url":"https:\/\/miumjau.ee\/","logo":{"@type":"ImageObject","inLanguage":"lv-LV","@id":"https:\/\/miumjau.ee\/#\/schema\/logo\/image\/","url":"https:\/\/miumjau.ee\/wp-content\/uploads\/2022\/04\/MiuMjau-logo-kollane.png","contentUrl":"https:\/\/miumjau.ee\/wp-content\/uploads\/2022\/04\/MiuMjau-logo-kollane.png","width":219,"height":100,"caption":"MiuMjau O\u00dc"},"image":{"@id":"https:\/\/miumjau.ee\/#\/schema\/logo\/image\/"},"sameAs":["https:\/\/www.facebook.com\/miumjaupood\/"]}]}},"_links":{"self":[{"href":"https:\/\/miumjau.ee\/lv\/wp-json\/wp\/v2\/product\/48867","targetHints":{"allow":["GET"]}}],"collection":[{"href":"https:\/\/miumjau.ee\/lv\/wp-json\/wp\/v2\/product"}],"about":[{"href":"https:\/\/miumjau.ee\/lv\/wp-json\/wp\/v2\/types\/product"}],"wp:featuredmedia":[{"embeddable":true,"href":"https:\/\/miumjau.ee\/lv\/wp-json\/wp\/v2\/media\/48868"}],"wp:attachment":[{"href":"https:\/\/miumjau.ee\/lv\/wp-json\/wp\/v2\/media?parent=48867"}],"wp:term":[{"taxonomy":"product_brand","embeddable":true,"href":"https:\/\/miumjau.ee\/lv\/wp-json\/wp\/v2\/product_brand?post=48867"},{"taxonomy":"product_cat","embeddable":true,"href":"https:\/\/miumjau.ee\/lv\/wp-json\/wp\/v2\/product_cat?post=48867"},{"taxonomy":"product_tag","embeddable":true,"href":"https:\/\/miumjau.ee\/lv\/wp-json\/wp\/v2\/product_tag?post=48867"}],"curies":[{"name":"wp","href":"https:\/\/api.w.org\/{rel}","templated":true}]}}