{"id":48859,"date":"2025-03-05T11:40:07","date_gmt":"2025-03-05T09:40:07","guid":{"rendered":"https:\/\/miumjau.ee\/toode\/kong-extreme-ipasi-izturiga-sunu-bumba-ar-virvi-l\/"},"modified":"2026-01-07T21:17:33","modified_gmt":"2026-01-07T19:17:33","slug":"kong-extreme-ipasi-izturiga-sunu-bumba-ar-virvi-l","status":"publish","type":"product","link":"https:\/\/miumjau.ee\/lv\/produkts\/kong-extreme-ipasi-izturiga-sunu-bumba-ar-virvi-l\/","title":{"rendered":"KONG Extreme \u012bpa\u0161i iztur\u012bga su\u0146u bumba ar virvi, L"},"content":{"rendered":"","protected":false},"excerpt":{"rendered":"<p data-start=\"2085\" data-end=\"2158\"><strong data-start=\"2085\" data-end=\"2158\">KONG BALL with Rope \u2013 iztur\u012bga rota\u013clieta sp\u0113c\u012bgiem ko\u0161\u013c\u0101t\u0101jiem! \ud83d\udc36\ud83d\udcaa<\/strong><\/p>\n<p data-start=\"2160\" data-end=\"2421\">KONG BALL with Rope ir rad\u012bta \u012bpa\u0161i sp\u0113c\u012bgiem ko\u0161\u013c\u0101t\u0101jiem, kuriem nepiecie\u0161amas rota\u013clietas, kas iztur intens\u012bvu ko\u0161\u013c\u0101\u0161anu. Dab\u012bgais kau\u010duks nodro\u0161ina ilgsto\u0161u prieku un iztur\u012bbu, savuk\u0101rt 100 % kokvilnas virve mas\u0113 smaganas un atbalsta vesel\u012bgu zobu att\u012bst\u012bbu.<\/p>\n<p data-start=\"2423\" data-end=\"2774\">\ud83d\udd25 <strong data-start=\"2426\" data-end=\"2467\">K\u0101p\u0113c izv\u0113l\u0113ties KONG BALL with Rope?<\/strong><br data-start=\"2467\" data-end=\"2470\" \/>\u2714 Iztur\u012bgs dab\u012bgais kau\u010duks \u2013 ide\u0101li piem\u0113rots stipriem su\u0146iem, kuri m\u012bl ko\u0161\u013c\u0101t<br data-start=\"2549\" data-end=\"2552\" \/>\u2714 Kokvilnas virve \u2013 mas\u0113 smaganas un atbalsta zobu vesel\u012bbu<br data-start=\"2611\" data-end=\"2614\" \/>\u2714 Lieliski piem\u0113rota vilk\u0161anas un me\u0161anas sp\u0113l\u0113m \u2013 iztur\u012bga virve vilk\u0161anai un ne\u0161anai<br data-start=\"2700\" data-end=\"2703\" \/>\u2714 Piem\u0113rota vid\u0113ja izm\u0113ra su\u0146iem \u2013 paredz\u0113ta su\u0146iem ar svaru 13\u201330 kg<\/p>\n<p data-start=\"2776\" data-end=\"2853\">\ud83d\udccf <strong data-start=\"2779\" data-end=\"2790\">Izm\u0113ri:<\/strong><br data-start=\"2790\" data-end=\"2793\" \/>\ud83d\udd39 Bumbas \u00d8 \u2013 8 cm<br data-start=\"2811\" data-end=\"2814\" \/>\ud83d\udd39 Kop\u0113jais garums (ar virvi) \u2013 34 cm<\/p>\n<p data-start=\"2855\" data-end=\"2969\">KONG BALL with Rope \u2013 iztur\u012bga, jautra un vesel\u012bga rota\u013clieta, kas uztur j\u016bsu suni akt\u012bvu un zobus veselus! \ud83d\udc3e\ud83c\udfbe<\/p>\n","protected":false},"featured_media":48860,"template":"","meta":[],"product_brand":[],"product_cat":[592],"product_tag":[],"class_list":{"0":"post-48859","1":"product","2":"type-product","3":"status-publish","4":"has-post-thumbnail","6":"product_cat-rotallietas-suniem","8":"first","9":"instock","10":"sale","11":"taxable","12":"shipping-taxable","13":"purchasable","14":"product-type-simple"},"yoast_head":"<!-- This site is optimized with the Yoast SEO plugin v27.4 - https:\/\/yoast.com\/product\/yoast-seo-wordpress\/ -->\n<title>KONG Extreme \u012bpa\u0161i iztur\u012bga su\u0146u bumba ar virvi, L - MiuMjau<\/title>\n<meta name=\"robots\" content=\"index, follow, max-snippet:-1, max-image-preview:large, max-video-preview:-1\" \/>\n<link rel=\"canonical\" href=\"https:\/\/miumjau.ee\/lv\/produkts\/kong-extreme-ipasi-izturiga-sunu-bumba-ar-virvi-l\/\" \/>\n<meta property=\"og:locale\" content=\"lv_LV\" \/>\n<meta property=\"og:type\" content=\"article\" \/>\n<meta property=\"og:title\" content=\"KONG Extreme \u012bpa\u0161i iztur\u012bga su\u0146u bumba ar virvi, L - MiuMjau\" \/>\n<meta property=\"og:description\" content=\"KONG BALL with Rope \u2013 iztur\u012bga rota\u013clieta sp\u0113c\u012bgiem ko\u0161\u013c\u0101t\u0101jiem! \ud83d\udc36\ud83d\udcaa KONG BALL with Rope ir rad\u012bta \u012bpa\u0161i sp\u0113c\u012bgiem ko\u0161\u013c\u0101t\u0101jiem, kuriem nepiecie\u0161amas rota\u013clietas, kas iztur intens\u012bvu ko\u0161\u013c\u0101\u0161anu. Dab\u012bgais kau\u010duks nodro\u0161ina ilgsto\u0161u prieku un iztur\u012bbu, savuk\u0101rt 100 % kokvilnas virve mas\u0113 smaganas un atbalsta vesel\u012bgu zobu att\u012bst\u012bbu. \ud83d\udd25 K\u0101p\u0113c izv\u0113l\u0113ties KONG BALL with Rope?\u2714 Iztur\u012bgs dab\u012bgais kau\u010duks \u2013 ide\u0101li piem\u0113rots stipriem su\u0146iem, kuri m\u012bl ko\u0161\u013c\u0101t\u2714 Kokvilnas virve \u2013 mas\u0113 smaganas un atbalsta zobu vesel\u012bbu\u2714 Lieliski piem\u0113rota vilk\u0161anas un me\u0161anas sp\u0113l\u0113m \u2013 iztur\u012bga virve vilk\u0161anai un ne\u0161anai\u2714 Piem\u0113rota vid\u0113ja izm\u0113ra su\u0146iem \u2013 paredz\u0113ta su\u0146iem ar svaru 13\u201330 kg \ud83d\udccf Izm\u0113ri:\ud83d\udd39 Bumbas \u00d8 \u2013 8 cm\ud83d\udd39 Kop\u0113jais garums (ar virvi) \u2013 34 cm KONG BALL with Rope \u2013 iztur\u012bga, jautra un vesel\u012bga rota\u013clieta, kas uztur j\u016bsu suni akt\u012bvu un zobus veselus! \ud83d\udc3e\ud83c\udfbe\" \/>\n<meta property=\"og:url\" content=\"https:\/\/miumjau.ee\/lv\/produkts\/kong-extreme-ipasi-izturiga-sunu-bumba-ar-virvi-l\/\" \/>\n<meta property=\"og:site_name\" content=\"MiuMjau\" \/>\n<meta property=\"article:publisher\" content=\"https:\/\/www.facebook.com\/miumjaupood\/\" \/>\n<meta property=\"article:modified_time\" content=\"2026-01-07T19:17:33+00:00\" \/>\n<meta property=\"og:image\" content=\"https:\/\/miumjau.ee\/wp-content\/uploads\/2025\/03\/manguasi-koerale-kong39.jpg\" \/>\n\t<meta property=\"og:image:width\" content=\"600\" \/>\n\t<meta property=\"og:image:height\" content=\"800\" \/>\n\t<meta property=\"og:image:type\" content=\"image\/jpeg\" \/>\n<meta name=\"twitter:card\" content=\"summary_large_image\" \/>\n<script type=\"application\/ld+json\" class=\"yoast-schema-graph\">{\"@context\":\"https:\\\/\\\/schema.org\",\"@graph\":[{\"@type\":\"WebPage\",\"@id\":\"https:\\\/\\\/miumjau.ee\\\/lv\\\/produkts\\\/kong-extreme-ipasi-izturiga-sunu-bumba-ar-virvi-l\\\/\",\"url\":\"https:\\\/\\\/miumjau.ee\\\/lv\\\/produkts\\\/kong-extreme-ipasi-izturiga-sunu-bumba-ar-virvi-l\\\/\",\"name\":\"KONG Extreme \u012bpa\u0161i iztur\u012bga su\u0146u bumba ar virvi, L - MiuMjau\",\"isPartOf\":{\"@id\":\"https:\\\/\\\/miumjau.ee\\\/#website\"},\"primaryImageOfPage\":{\"@id\":\"https:\\\/\\\/miumjau.ee\\\/lv\\\/produkts\\\/kong-extreme-ipasi-izturiga-sunu-bumba-ar-virvi-l\\\/#primaryimage\"},\"image\":{\"@id\":\"https:\\\/\\\/miumjau.ee\\\/lv\\\/produkts\\\/kong-extreme-ipasi-izturiga-sunu-bumba-ar-virvi-l\\\/#primaryimage\"},\"thumbnailUrl\":\"https:\\\/\\\/miumjau.ee\\\/wp-content\\\/uploads\\\/2025\\\/03\\\/manguasi-koerale-kong39.jpg\",\"datePublished\":\"2025-03-05T09:40:07+00:00\",\"dateModified\":\"2026-01-07T19:17:33+00:00\",\"breadcrumb\":{\"@id\":\"https:\\\/\\\/miumjau.ee\\\/lv\\\/produkts\\\/kong-extreme-ipasi-izturiga-sunu-bumba-ar-virvi-l\\\/#breadcrumb\"},\"inLanguage\":\"lv-LV\",\"potentialAction\":[{\"@type\":\"ReadAction\",\"target\":[\"https:\\\/\\\/miumjau.ee\\\/lv\\\/produkts\\\/kong-extreme-ipasi-izturiga-sunu-bumba-ar-virvi-l\\\/\"]}]},{\"@type\":\"ImageObject\",\"inLanguage\":\"lv-LV\",\"@id\":\"https:\\\/\\\/miumjau.ee\\\/lv\\\/produkts\\\/kong-extreme-ipasi-izturiga-sunu-bumba-ar-virvi-l\\\/#primaryimage\",\"url\":\"https:\\\/\\\/miumjau.ee\\\/wp-content\\\/uploads\\\/2025\\\/03\\\/manguasi-koerale-kong39.jpg\",\"contentUrl\":\"https:\\\/\\\/miumjau.ee\\\/wp-content\\\/uploads\\\/2025\\\/03\\\/manguasi-koerale-kong39.jpg\",\"width\":600,\"height\":800},{\"@type\":\"BreadcrumbList\",\"@id\":\"https:\\\/\\\/miumjau.ee\\\/lv\\\/produkts\\\/kong-extreme-ipasi-izturiga-sunu-bumba-ar-virvi-l\\\/#breadcrumb\",\"itemListElement\":[{\"@type\":\"ListItem\",\"position\":1,\"name\":\"Home\",\"item\":\"https:\\\/\\\/miumjau.ee\\\/lv\\\/\"},{\"@type\":\"ListItem\",\"position\":2,\"name\":\"Veikals\",\"item\":\"https:\\\/\\\/miumjau.ee\\\/lv\\\/veikals\\\/\"},{\"@type\":\"ListItem\",\"position\":3,\"name\":\"KONG Extreme \u012bpa\u0161i iztur\u012bga su\u0146u bumba ar virvi, L\"}]},{\"@type\":\"WebSite\",\"@id\":\"https:\\\/\\\/miumjau.ee\\\/#website\",\"url\":\"https:\\\/\\\/miumjau.ee\\\/\",\"name\":\"MiuMjau\",\"description\":\"Kraapimispuud kassidele\",\"publisher\":{\"@id\":\"https:\\\/\\\/miumjau.ee\\\/#organization\"},\"potentialAction\":[{\"@type\":\"SearchAction\",\"target\":{\"@type\":\"EntryPoint\",\"urlTemplate\":\"https:\\\/\\\/miumjau.ee\\\/?s={search_term_string}\"},\"query-input\":{\"@type\":\"PropertyValueSpecification\",\"valueRequired\":true,\"valueName\":\"search_term_string\"}}],\"inLanguage\":\"lv-LV\"},{\"@type\":\"Organization\",\"@id\":\"https:\\\/\\\/miumjau.ee\\\/#organization\",\"name\":\"MiuMjau O\u00dc\",\"url\":\"https:\\\/\\\/miumjau.ee\\\/\",\"logo\":{\"@type\":\"ImageObject\",\"inLanguage\":\"lv-LV\",\"@id\":\"https:\\\/\\\/miumjau.ee\\\/#\\\/schema\\\/logo\\\/image\\\/\",\"url\":\"https:\\\/\\\/miumjau.ee\\\/wp-content\\\/uploads\\\/2022\\\/04\\\/MiuMjau-logo-kollane.png\",\"contentUrl\":\"https:\\\/\\\/miumjau.ee\\\/wp-content\\\/uploads\\\/2022\\\/04\\\/MiuMjau-logo-kollane.png\",\"width\":219,\"height\":100,\"caption\":\"MiuMjau O\u00dc\"},\"image\":{\"@id\":\"https:\\\/\\\/miumjau.ee\\\/#\\\/schema\\\/logo\\\/image\\\/\"},\"sameAs\":[\"https:\\\/\\\/www.facebook.com\\\/miumjaupood\\\/\"]}]}<\/script>\n<!-- \/ Yoast SEO plugin. -->","yoast_head_json":{"title":"KONG Extreme \u012bpa\u0161i iztur\u012bga su\u0146u bumba ar virvi, L - MiuMjau","robots":{"index":"index","follow":"follow","max-snippet":"max-snippet:-1","max-image-preview":"max-image-preview:large","max-video-preview":"max-video-preview:-1"},"canonical":"https:\/\/miumjau.ee\/lv\/produkts\/kong-extreme-ipasi-izturiga-sunu-bumba-ar-virvi-l\/","og_locale":"lv_LV","og_type":"article","og_title":"KONG Extreme \u012bpa\u0161i iztur\u012bga su\u0146u bumba ar virvi, L - MiuMjau","og_description":"KONG BALL with Rope \u2013 iztur\u012bga rota\u013clieta sp\u0113c\u012bgiem ko\u0161\u013c\u0101t\u0101jiem! \ud83d\udc36\ud83d\udcaa KONG BALL with Rope ir rad\u012bta \u012bpa\u0161i sp\u0113c\u012bgiem ko\u0161\u013c\u0101t\u0101jiem, kuriem nepiecie\u0161amas rota\u013clietas, kas iztur intens\u012bvu ko\u0161\u013c\u0101\u0161anu. Dab\u012bgais kau\u010duks nodro\u0161ina ilgsto\u0161u prieku un iztur\u012bbu, savuk\u0101rt 100 % kokvilnas virve mas\u0113 smaganas un atbalsta vesel\u012bgu zobu att\u012bst\u012bbu. \ud83d\udd25 K\u0101p\u0113c izv\u0113l\u0113ties KONG BALL with Rope?\u2714 Iztur\u012bgs dab\u012bgais kau\u010duks \u2013 ide\u0101li piem\u0113rots stipriem su\u0146iem, kuri m\u012bl ko\u0161\u013c\u0101t\u2714 Kokvilnas virve \u2013 mas\u0113 smaganas un atbalsta zobu vesel\u012bbu\u2714 Lieliski piem\u0113rota vilk\u0161anas un me\u0161anas sp\u0113l\u0113m \u2013 iztur\u012bga virve vilk\u0161anai un ne\u0161anai\u2714 Piem\u0113rota vid\u0113ja izm\u0113ra su\u0146iem \u2013 paredz\u0113ta su\u0146iem ar svaru 13\u201330 kg \ud83d\udccf Izm\u0113ri:\ud83d\udd39 Bumbas \u00d8 \u2013 8 cm\ud83d\udd39 Kop\u0113jais garums (ar virvi) \u2013 34 cm KONG BALL with Rope \u2013 iztur\u012bga, jautra un vesel\u012bga rota\u013clieta, kas uztur j\u016bsu suni akt\u012bvu un zobus veselus! \ud83d\udc3e\ud83c\udfbe","og_url":"https:\/\/miumjau.ee\/lv\/produkts\/kong-extreme-ipasi-izturiga-sunu-bumba-ar-virvi-l\/","og_site_name":"MiuMjau","article_publisher":"https:\/\/www.facebook.com\/miumjaupood\/","article_modified_time":"2026-01-07T19:17:33+00:00","og_image":[{"width":600,"height":800,"url":"https:\/\/miumjau.ee\/wp-content\/uploads\/2025\/03\/manguasi-koerale-kong39.jpg","type":"image\/jpeg"}],"twitter_card":"summary_large_image","schema":{"@context":"https:\/\/schema.org","@graph":[{"@type":"WebPage","@id":"https:\/\/miumjau.ee\/lv\/produkts\/kong-extreme-ipasi-izturiga-sunu-bumba-ar-virvi-l\/","url":"https:\/\/miumjau.ee\/lv\/produkts\/kong-extreme-ipasi-izturiga-sunu-bumba-ar-virvi-l\/","name":"KONG Extreme \u012bpa\u0161i iztur\u012bga su\u0146u bumba ar virvi, L - MiuMjau","isPartOf":{"@id":"https:\/\/miumjau.ee\/#website"},"primaryImageOfPage":{"@id":"https:\/\/miumjau.ee\/lv\/produkts\/kong-extreme-ipasi-izturiga-sunu-bumba-ar-virvi-l\/#primaryimage"},"image":{"@id":"https:\/\/miumjau.ee\/lv\/produkts\/kong-extreme-ipasi-izturiga-sunu-bumba-ar-virvi-l\/#primaryimage"},"thumbnailUrl":"https:\/\/miumjau.ee\/wp-content\/uploads\/2025\/03\/manguasi-koerale-kong39.jpg","datePublished":"2025-03-05T09:40:07+00:00","dateModified":"2026-01-07T19:17:33+00:00","breadcrumb":{"@id":"https:\/\/miumjau.ee\/lv\/produkts\/kong-extreme-ipasi-izturiga-sunu-bumba-ar-virvi-l\/#breadcrumb"},"inLanguage":"lv-LV","potentialAction":[{"@type":"ReadAction","target":["https:\/\/miumjau.ee\/lv\/produkts\/kong-extreme-ipasi-izturiga-sunu-bumba-ar-virvi-l\/"]}]},{"@type":"ImageObject","inLanguage":"lv-LV","@id":"https:\/\/miumjau.ee\/lv\/produkts\/kong-extreme-ipasi-izturiga-sunu-bumba-ar-virvi-l\/#primaryimage","url":"https:\/\/miumjau.ee\/wp-content\/uploads\/2025\/03\/manguasi-koerale-kong39.jpg","contentUrl":"https:\/\/miumjau.ee\/wp-content\/uploads\/2025\/03\/manguasi-koerale-kong39.jpg","width":600,"height":800},{"@type":"BreadcrumbList","@id":"https:\/\/miumjau.ee\/lv\/produkts\/kong-extreme-ipasi-izturiga-sunu-bumba-ar-virvi-l\/#breadcrumb","itemListElement":[{"@type":"ListItem","position":1,"name":"Home","item":"https:\/\/miumjau.ee\/lv\/"},{"@type":"ListItem","position":2,"name":"Veikals","item":"https:\/\/miumjau.ee\/lv\/veikals\/"},{"@type":"ListItem","position":3,"name":"KONG Extreme \u012bpa\u0161i iztur\u012bga su\u0146u bumba ar virvi, L"}]},{"@type":"WebSite","@id":"https:\/\/miumjau.ee\/#website","url":"https:\/\/miumjau.ee\/","name":"MiuMjau","description":"Kraapimispuud kassidele","publisher":{"@id":"https:\/\/miumjau.ee\/#organization"},"potentialAction":[{"@type":"SearchAction","target":{"@type":"EntryPoint","urlTemplate":"https:\/\/miumjau.ee\/?s={search_term_string}"},"query-input":{"@type":"PropertyValueSpecification","valueRequired":true,"valueName":"search_term_string"}}],"inLanguage":"lv-LV"},{"@type":"Organization","@id":"https:\/\/miumjau.ee\/#organization","name":"MiuMjau O\u00dc","url":"https:\/\/miumjau.ee\/","logo":{"@type":"ImageObject","inLanguage":"lv-LV","@id":"https:\/\/miumjau.ee\/#\/schema\/logo\/image\/","url":"https:\/\/miumjau.ee\/wp-content\/uploads\/2022\/04\/MiuMjau-logo-kollane.png","contentUrl":"https:\/\/miumjau.ee\/wp-content\/uploads\/2022\/04\/MiuMjau-logo-kollane.png","width":219,"height":100,"caption":"MiuMjau O\u00dc"},"image":{"@id":"https:\/\/miumjau.ee\/#\/schema\/logo\/image\/"},"sameAs":["https:\/\/www.facebook.com\/miumjaupood\/"]}]}},"_links":{"self":[{"href":"https:\/\/miumjau.ee\/lv\/wp-json\/wp\/v2\/product\/48859","targetHints":{"allow":["GET"]}}],"collection":[{"href":"https:\/\/miumjau.ee\/lv\/wp-json\/wp\/v2\/product"}],"about":[{"href":"https:\/\/miumjau.ee\/lv\/wp-json\/wp\/v2\/types\/product"}],"wp:featuredmedia":[{"embeddable":true,"href":"https:\/\/miumjau.ee\/lv\/wp-json\/wp\/v2\/media\/48860"}],"wp:attachment":[{"href":"https:\/\/miumjau.ee\/lv\/wp-json\/wp\/v2\/media?parent=48859"}],"wp:term":[{"taxonomy":"product_brand","embeddable":true,"href":"https:\/\/miumjau.ee\/lv\/wp-json\/wp\/v2\/product_brand?post=48859"},{"taxonomy":"product_cat","embeddable":true,"href":"https:\/\/miumjau.ee\/lv\/wp-json\/wp\/v2\/product_cat?post=48859"},{"taxonomy":"product_tag","embeddable":true,"href":"https:\/\/miumjau.ee\/lv\/wp-json\/wp\/v2\/product_tag?post=48859"}],"curies":[{"name":"wp","href":"https:\/\/api.w.org\/{rel}","templated":true}]}}