{"id":48850,"date":"2025-03-05T09:58:35","date_gmt":"2025-03-05T07:58:35","guid":{"rendered":"https:\/\/miumjau.ee\/toode\/chuckit-max-glow-bumba-tumsam-spelem-m\/"},"modified":"2026-01-07T21:17:33","modified_gmt":"2026-01-07T19:17:33","slug":"chuckit-max-glow-bumba-tumsam-spelem-m","status":"publish","type":"product","link":"https:\/\/miumjau.ee\/lv\/produkts\/chuckit-max-glow-bumba-tumsam-spelem-m\/","title":{"rendered":"Chuckit! Max Glow Bumba tum\u0161\u0101m sp\u0113l\u0113m M"},"content":{"rendered":"","protected":false},"excerpt":{"rendered":"<p data-start=\"1918\" data-end=\"1986\"><strong data-start=\"1918\" data-end=\"1986\">Chuckit! Max Glow \u2013 lec\u012bga un mirdzo\u0161a bumba vakara sp\u0113l\u0113m! \ud83c\udf19\ud83d\udc36<\/strong><\/p>\n<p data-start=\"1988\" data-end=\"2172\">Padari sp\u0113l\u0113\u0161anos tums\u0101 par \u012bstu piedz\u012bvojumu ar Chuckit! Max Glow bumbu! \u0160\u012b iztur\u012bg\u0101 gumijas bumba lec t\u0101lu un mirdz tums\u0101, lai j\u016bs var\u0113tu sp\u0113l\u0113ties ar savu suni pat kr\u0113sl\u0101 vai nakt\u012b.<\/p>\n<p data-start=\"2174\" data-end=\"2517\">\u2728 <strong data-start=\"2176\" data-end=\"2215\">K\u0101p\u0113c izv\u0113l\u0113ties Chuckit! Max Glow?<\/strong><br data-start=\"2215\" data-end=\"2218\" \/>\u2714 Mirdz tums\u0101 \u2013 uzl\u0101d\u0113 spilgt\u0101 gaism\u0101 5\u201310 min\u016btes un izbaudi l\u012bdz 30 min\u016bt\u0113m sp\u012bd\u0113\u0161anas<br data-start=\"2306\" data-end=\"2309\" \/>\u2714 Augsta lec\u012bba \u2013 ide\u0101li piem\u0113rota me\u0161anas un atsauk\u0161anas sp\u0113l\u0113m<br data-start=\"2373\" data-end=\"2376\" \/>\u2714 Viegli t\u012br\u0101ma \u2013 gluds gumijas virsma neuzkr\u0101j net\u012brumus<br data-start=\"2433\" data-end=\"2436\" \/>\u2714 Savietojama ar Chuckit! met\u0113jier\u012bc\u0113m \u2013 v\u0113l gar\u0101ki metieni un vair\u0101k jautr\u012bbas<\/p>\n<p data-start=\"2519\" data-end=\"2615\">\ud83d\udccf <strong data-start=\"2522\" data-end=\"2533\">Izm\u0113ri:<\/strong><br data-start=\"2533\" data-end=\"2536\" \/>\ud83d\udd39 S \u2013 \u00d8 5 cm<br data-start=\"2549\" data-end=\"2552\" \/>\ud83d\udd39 M \u2013 \u00d8 6 cm (1 vai 2 gab.)<br data-start=\"2580\" data-end=\"2583\" \/>\ud83d\udd39 L \u2013 \u00d8 7 cm<br data-start=\"2596\" data-end=\"2599\" \/>\ud83d\udd39 XL \u2013 \u00d8 9 cm<\/p>\n<p data-start=\"2617\" data-end=\"2723\">\u013bauj savam sunim sp\u0113l\u0113ties jebkur\u0101 laik\u0101 \u2013 ar Chuckit! Max Glow bumbu tums\u0101 rota\u013ca nekad nebeidzas! \ud83d\ude80\ud83d\udc3e<\/p>\n","protected":false},"featured_media":48846,"template":"","meta":[],"product_brand":[],"product_cat":[592],"product_tag":[],"class_list":{"0":"post-48850","1":"product","2":"type-product","3":"status-publish","4":"has-post-thumbnail","6":"product_cat-rotallietas-suniem","8":"first","9":"instock","10":"taxable","11":"shipping-taxable","12":"purchasable","13":"product-type-simple"},"yoast_head":"<!-- This site is optimized with the Yoast SEO plugin v27.2 - https:\/\/yoast.com\/product\/yoast-seo-wordpress\/ -->\n<title>Chuckit! Max Glow Bumba tum\u0161\u0101m sp\u0113l\u0113m M - MiuMjau<\/title>\n<meta name=\"robots\" content=\"index, follow, max-snippet:-1, max-image-preview:large, max-video-preview:-1\" \/>\n<link rel=\"canonical\" href=\"https:\/\/miumjau.ee\/lv\/produkts\/chuckit-max-glow-bumba-tumsam-spelem-m\/\" \/>\n<meta property=\"og:locale\" content=\"lv_LV\" \/>\n<meta property=\"og:type\" content=\"article\" \/>\n<meta property=\"og:title\" content=\"Chuckit! Max Glow Bumba tum\u0161\u0101m sp\u0113l\u0113m M - MiuMjau\" \/>\n<meta property=\"og:description\" content=\"Chuckit! Max Glow \u2013 lec\u012bga un mirdzo\u0161a bumba vakara sp\u0113l\u0113m! \ud83c\udf19\ud83d\udc36 Padari sp\u0113l\u0113\u0161anos tums\u0101 par \u012bstu piedz\u012bvojumu ar Chuckit! Max Glow bumbu! \u0160\u012b iztur\u012bg\u0101 gumijas bumba lec t\u0101lu un mirdz tums\u0101, lai j\u016bs var\u0113tu sp\u0113l\u0113ties ar savu suni pat kr\u0113sl\u0101 vai nakt\u012b. \u2728 K\u0101p\u0113c izv\u0113l\u0113ties Chuckit! Max Glow?\u2714 Mirdz tums\u0101 \u2013 uzl\u0101d\u0113 spilgt\u0101 gaism\u0101 5\u201310 min\u016btes un izbaudi l\u012bdz 30 min\u016bt\u0113m sp\u012bd\u0113\u0161anas\u2714 Augsta lec\u012bba \u2013 ide\u0101li piem\u0113rota me\u0161anas un atsauk\u0161anas sp\u0113l\u0113m\u2714 Viegli t\u012br\u0101ma \u2013 gluds gumijas virsma neuzkr\u0101j net\u012brumus\u2714 Savietojama ar Chuckit! met\u0113jier\u012bc\u0113m \u2013 v\u0113l gar\u0101ki metieni un vair\u0101k jautr\u012bbas \ud83d\udccf Izm\u0113ri:\ud83d\udd39 S \u2013 \u00d8 5 cm\ud83d\udd39 M \u2013 \u00d8 6 cm (1 vai 2 gab.)\ud83d\udd39 L \u2013 \u00d8 7 cm\ud83d\udd39 XL \u2013 \u00d8 9 cm \u013bauj savam sunim sp\u0113l\u0113ties jebkur\u0101 laik\u0101 \u2013 ar Chuckit! Max Glow bumbu tums\u0101 rota\u013ca nekad nebeidzas! \ud83d\ude80\ud83d\udc3e\" \/>\n<meta property=\"og:url\" content=\"https:\/\/miumjau.ee\/lv\/produkts\/chuckit-max-glow-bumba-tumsam-spelem-m\/\" \/>\n<meta property=\"og:site_name\" content=\"MiuMjau\" \/>\n<meta property=\"article:publisher\" content=\"https:\/\/www.facebook.com\/miumjaupood\/\" \/>\n<meta property=\"article:modified_time\" content=\"2026-01-07T19:17:33+00:00\" \/>\n<meta property=\"og:image\" content=\"https:\/\/miumjau.ee\/wp-content\/uploads\/2025\/03\/manguasi-koerale-chuckit2.jpg\" \/>\n\t<meta property=\"og:image:width\" content=\"600\" \/>\n\t<meta property=\"og:image:height\" content=\"800\" \/>\n\t<meta property=\"og:image:type\" content=\"image\/jpeg\" \/>\n<meta name=\"twitter:card\" content=\"summary_large_image\" \/>\n<script type=\"application\/ld+json\" class=\"yoast-schema-graph\">{\"@context\":\"https:\/\/schema.org\",\"@graph\":[{\"@type\":\"WebPage\",\"@id\":\"https:\/\/miumjau.ee\/lv\/produkts\/chuckit-max-glow-bumba-tumsam-spelem-m\/\",\"url\":\"https:\/\/miumjau.ee\/lv\/produkts\/chuckit-max-glow-bumba-tumsam-spelem-m\/\",\"name\":\"Chuckit! Max Glow Bumba tum\u0161\u0101m sp\u0113l\u0113m M - MiuMjau\",\"isPartOf\":{\"@id\":\"https:\/\/miumjau.ee\/#website\"},\"primaryImageOfPage\":{\"@id\":\"https:\/\/miumjau.ee\/lv\/produkts\/chuckit-max-glow-bumba-tumsam-spelem-m\/#primaryimage\"},\"image\":{\"@id\":\"https:\/\/miumjau.ee\/lv\/produkts\/chuckit-max-glow-bumba-tumsam-spelem-m\/#primaryimage\"},\"thumbnailUrl\":\"https:\/\/miumjau.ee\/wp-content\/uploads\/2025\/03\/manguasi-koerale-chuckit2.jpg\",\"datePublished\":\"2025-03-05T07:58:35+00:00\",\"dateModified\":\"2026-01-07T19:17:33+00:00\",\"breadcrumb\":{\"@id\":\"https:\/\/miumjau.ee\/lv\/produkts\/chuckit-max-glow-bumba-tumsam-spelem-m\/#breadcrumb\"},\"inLanguage\":\"lv-LV\",\"potentialAction\":[{\"@type\":\"ReadAction\",\"target\":[\"https:\/\/miumjau.ee\/lv\/produkts\/chuckit-max-glow-bumba-tumsam-spelem-m\/\"]}]},{\"@type\":\"ImageObject\",\"inLanguage\":\"lv-LV\",\"@id\":\"https:\/\/miumjau.ee\/lv\/produkts\/chuckit-max-glow-bumba-tumsam-spelem-m\/#primaryimage\",\"url\":\"https:\/\/miumjau.ee\/wp-content\/uploads\/2025\/03\/manguasi-koerale-chuckit2.jpg\",\"contentUrl\":\"https:\/\/miumjau.ee\/wp-content\/uploads\/2025\/03\/manguasi-koerale-chuckit2.jpg\",\"width\":600,\"height\":800},{\"@type\":\"BreadcrumbList\",\"@id\":\"https:\/\/miumjau.ee\/lv\/produkts\/chuckit-max-glow-bumba-tumsam-spelem-m\/#breadcrumb\",\"itemListElement\":[{\"@type\":\"ListItem\",\"position\":1,\"name\":\"Home\",\"item\":\"https:\/\/miumjau.ee\/lv\/\"},{\"@type\":\"ListItem\",\"position\":2,\"name\":\"Veikals\",\"item\":\"https:\/\/miumjau.ee\/lv\/veikals\/\"},{\"@type\":\"ListItem\",\"position\":3,\"name\":\"Chuckit! Max Glow Bumba tum\u0161\u0101m sp\u0113l\u0113m M\"}]},{\"@type\":\"WebSite\",\"@id\":\"https:\/\/miumjau.ee\/#website\",\"url\":\"https:\/\/miumjau.ee\/\",\"name\":\"MiuMjau\",\"description\":\"Kraapimispuud kassidele\",\"publisher\":{\"@id\":\"https:\/\/miumjau.ee\/#organization\"},\"potentialAction\":[{\"@type\":\"SearchAction\",\"target\":{\"@type\":\"EntryPoint\",\"urlTemplate\":\"https:\/\/miumjau.ee\/?s={search_term_string}\"},\"query-input\":{\"@type\":\"PropertyValueSpecification\",\"valueRequired\":true,\"valueName\":\"search_term_string\"}}],\"inLanguage\":\"lv-LV\"},{\"@type\":\"Organization\",\"@id\":\"https:\/\/miumjau.ee\/#organization\",\"name\":\"MiuMjau O\u00dc\",\"url\":\"https:\/\/miumjau.ee\/\",\"logo\":{\"@type\":\"ImageObject\",\"inLanguage\":\"lv-LV\",\"@id\":\"https:\/\/miumjau.ee\/#\/schema\/logo\/image\/\",\"url\":\"https:\/\/miumjau.ee\/wp-content\/uploads\/2022\/04\/MiuMjau-logo-kollane.png\",\"contentUrl\":\"https:\/\/miumjau.ee\/wp-content\/uploads\/2022\/04\/MiuMjau-logo-kollane.png\",\"width\":219,\"height\":100,\"caption\":\"MiuMjau O\u00dc\"},\"image\":{\"@id\":\"https:\/\/miumjau.ee\/#\/schema\/logo\/image\/\"},\"sameAs\":[\"https:\/\/www.facebook.com\/miumjaupood\/\"]}]}<\/script>\n<!-- \/ Yoast SEO plugin. -->","yoast_head_json":{"title":"Chuckit! Max Glow Bumba tum\u0161\u0101m sp\u0113l\u0113m M - MiuMjau","robots":{"index":"index","follow":"follow","max-snippet":"max-snippet:-1","max-image-preview":"max-image-preview:large","max-video-preview":"max-video-preview:-1"},"canonical":"https:\/\/miumjau.ee\/lv\/produkts\/chuckit-max-glow-bumba-tumsam-spelem-m\/","og_locale":"lv_LV","og_type":"article","og_title":"Chuckit! Max Glow Bumba tum\u0161\u0101m sp\u0113l\u0113m M - MiuMjau","og_description":"Chuckit! Max Glow \u2013 lec\u012bga un mirdzo\u0161a bumba vakara sp\u0113l\u0113m! \ud83c\udf19\ud83d\udc36 Padari sp\u0113l\u0113\u0161anos tums\u0101 par \u012bstu piedz\u012bvojumu ar Chuckit! Max Glow bumbu! \u0160\u012b iztur\u012bg\u0101 gumijas bumba lec t\u0101lu un mirdz tums\u0101, lai j\u016bs var\u0113tu sp\u0113l\u0113ties ar savu suni pat kr\u0113sl\u0101 vai nakt\u012b. \u2728 K\u0101p\u0113c izv\u0113l\u0113ties Chuckit! Max Glow?\u2714 Mirdz tums\u0101 \u2013 uzl\u0101d\u0113 spilgt\u0101 gaism\u0101 5\u201310 min\u016btes un izbaudi l\u012bdz 30 min\u016bt\u0113m sp\u012bd\u0113\u0161anas\u2714 Augsta lec\u012bba \u2013 ide\u0101li piem\u0113rota me\u0161anas un atsauk\u0161anas sp\u0113l\u0113m\u2714 Viegli t\u012br\u0101ma \u2013 gluds gumijas virsma neuzkr\u0101j net\u012brumus\u2714 Savietojama ar Chuckit! met\u0113jier\u012bc\u0113m \u2013 v\u0113l gar\u0101ki metieni un vair\u0101k jautr\u012bbas \ud83d\udccf Izm\u0113ri:\ud83d\udd39 S \u2013 \u00d8 5 cm\ud83d\udd39 M \u2013 \u00d8 6 cm (1 vai 2 gab.)\ud83d\udd39 L \u2013 \u00d8 7 cm\ud83d\udd39 XL \u2013 \u00d8 9 cm \u013bauj savam sunim sp\u0113l\u0113ties jebkur\u0101 laik\u0101 \u2013 ar Chuckit! Max Glow bumbu tums\u0101 rota\u013ca nekad nebeidzas! \ud83d\ude80\ud83d\udc3e","og_url":"https:\/\/miumjau.ee\/lv\/produkts\/chuckit-max-glow-bumba-tumsam-spelem-m\/","og_site_name":"MiuMjau","article_publisher":"https:\/\/www.facebook.com\/miumjaupood\/","article_modified_time":"2026-01-07T19:17:33+00:00","og_image":[{"width":600,"height":800,"url":"https:\/\/miumjau.ee\/wp-content\/uploads\/2025\/03\/manguasi-koerale-chuckit2.jpg","type":"image\/jpeg"}],"twitter_card":"summary_large_image","schema":{"@context":"https:\/\/schema.org","@graph":[{"@type":"WebPage","@id":"https:\/\/miumjau.ee\/lv\/produkts\/chuckit-max-glow-bumba-tumsam-spelem-m\/","url":"https:\/\/miumjau.ee\/lv\/produkts\/chuckit-max-glow-bumba-tumsam-spelem-m\/","name":"Chuckit! Max Glow Bumba tum\u0161\u0101m sp\u0113l\u0113m M - MiuMjau","isPartOf":{"@id":"https:\/\/miumjau.ee\/#website"},"primaryImageOfPage":{"@id":"https:\/\/miumjau.ee\/lv\/produkts\/chuckit-max-glow-bumba-tumsam-spelem-m\/#primaryimage"},"image":{"@id":"https:\/\/miumjau.ee\/lv\/produkts\/chuckit-max-glow-bumba-tumsam-spelem-m\/#primaryimage"},"thumbnailUrl":"https:\/\/miumjau.ee\/wp-content\/uploads\/2025\/03\/manguasi-koerale-chuckit2.jpg","datePublished":"2025-03-05T07:58:35+00:00","dateModified":"2026-01-07T19:17:33+00:00","breadcrumb":{"@id":"https:\/\/miumjau.ee\/lv\/produkts\/chuckit-max-glow-bumba-tumsam-spelem-m\/#breadcrumb"},"inLanguage":"lv-LV","potentialAction":[{"@type":"ReadAction","target":["https:\/\/miumjau.ee\/lv\/produkts\/chuckit-max-glow-bumba-tumsam-spelem-m\/"]}]},{"@type":"ImageObject","inLanguage":"lv-LV","@id":"https:\/\/miumjau.ee\/lv\/produkts\/chuckit-max-glow-bumba-tumsam-spelem-m\/#primaryimage","url":"https:\/\/miumjau.ee\/wp-content\/uploads\/2025\/03\/manguasi-koerale-chuckit2.jpg","contentUrl":"https:\/\/miumjau.ee\/wp-content\/uploads\/2025\/03\/manguasi-koerale-chuckit2.jpg","width":600,"height":800},{"@type":"BreadcrumbList","@id":"https:\/\/miumjau.ee\/lv\/produkts\/chuckit-max-glow-bumba-tumsam-spelem-m\/#breadcrumb","itemListElement":[{"@type":"ListItem","position":1,"name":"Home","item":"https:\/\/miumjau.ee\/lv\/"},{"@type":"ListItem","position":2,"name":"Veikals","item":"https:\/\/miumjau.ee\/lv\/veikals\/"},{"@type":"ListItem","position":3,"name":"Chuckit! Max Glow Bumba tum\u0161\u0101m sp\u0113l\u0113m M"}]},{"@type":"WebSite","@id":"https:\/\/miumjau.ee\/#website","url":"https:\/\/miumjau.ee\/","name":"MiuMjau","description":"Kraapimispuud kassidele","publisher":{"@id":"https:\/\/miumjau.ee\/#organization"},"potentialAction":[{"@type":"SearchAction","target":{"@type":"EntryPoint","urlTemplate":"https:\/\/miumjau.ee\/?s={search_term_string}"},"query-input":{"@type":"PropertyValueSpecification","valueRequired":true,"valueName":"search_term_string"}}],"inLanguage":"lv-LV"},{"@type":"Organization","@id":"https:\/\/miumjau.ee\/#organization","name":"MiuMjau O\u00dc","url":"https:\/\/miumjau.ee\/","logo":{"@type":"ImageObject","inLanguage":"lv-LV","@id":"https:\/\/miumjau.ee\/#\/schema\/logo\/image\/","url":"https:\/\/miumjau.ee\/wp-content\/uploads\/2022\/04\/MiuMjau-logo-kollane.png","contentUrl":"https:\/\/miumjau.ee\/wp-content\/uploads\/2022\/04\/MiuMjau-logo-kollane.png","width":219,"height":100,"caption":"MiuMjau O\u00dc"},"image":{"@id":"https:\/\/miumjau.ee\/#\/schema\/logo\/image\/"},"sameAs":["https:\/\/www.facebook.com\/miumjaupood\/"]}]}},"_links":{"self":[{"href":"https:\/\/miumjau.ee\/lv\/wp-json\/wp\/v2\/product\/48850","targetHints":{"allow":["GET"]}}],"collection":[{"href":"https:\/\/miumjau.ee\/lv\/wp-json\/wp\/v2\/product"}],"about":[{"href":"https:\/\/miumjau.ee\/lv\/wp-json\/wp\/v2\/types\/product"}],"wp:featuredmedia":[{"embeddable":true,"href":"https:\/\/miumjau.ee\/lv\/wp-json\/wp\/v2\/media\/48846"}],"wp:attachment":[{"href":"https:\/\/miumjau.ee\/lv\/wp-json\/wp\/v2\/media?parent=48850"}],"wp:term":[{"taxonomy":"product_brand","embeddable":true,"href":"https:\/\/miumjau.ee\/lv\/wp-json\/wp\/v2\/product_brand?post=48850"},{"taxonomy":"product_cat","embeddable":true,"href":"https:\/\/miumjau.ee\/lv\/wp-json\/wp\/v2\/product_cat?post=48850"},{"taxonomy":"product_tag","embeddable":true,"href":"https:\/\/miumjau.ee\/lv\/wp-json\/wp\/v2\/product_tag?post=48850"}],"curies":[{"name":"wp","href":"https:\/\/api.w.org\/{rel}","templated":true}]}}