{"id":48827,"date":"2025-03-05T11:42:55","date_gmt":"2025-03-05T09:42:55","guid":{"rendered":"https:\/\/miumjau.ee\/toode\/kong-puppy-zobu-koslajama-rotallieta-kuceniem-l\/"},"modified":"2026-01-07T21:17:33","modified_gmt":"2026-01-07T19:17:33","slug":"kong-puppy-zobu-koslajama-rotallieta-kuceniem-l","status":"publish","type":"product","link":"https:\/\/miumjau.ee\/lv\/produkts\/kong-puppy-zobu-koslajama-rotallieta-kuceniem-l\/","title":{"rendered":"KONG Puppy Zobu Ko\u0161\u013c\u0101jam\u0101 Rota\u013clieta Kuc\u0113niem L"},"content":{"rendered":"","protected":false},"excerpt":{"rendered":"<p data-start=\"2330\" data-end=\"2411\"><strong data-start=\"2330\" data-end=\"2411\">Puppy Teething Stick \u2013 nomierina smaganas un atbalsta kuc\u0113na zobu mai\u0146u! \ud83d\udc36\ud83e\uddb7<\/strong><\/p>\n<p data-start=\"2413\" data-end=\"2720\">Puppy Teething Stick ir \u012bpa\u0161i izstr\u0101d\u0101ts kuc\u0113niem, lai mazin\u0101tu smaganu s\u0101pes un atbalst\u012btu zobu mai\u0146as periodu. Virsma var tikt piepild\u012bta ar zemesriekstu sviestu vai KONG Easy Treat pastu, nodro\u0161inot papildus jautr\u012bbu un gardumus. Gardumus var ar\u012b pasl\u0113pt n\u016bji\u0146as iek\u0161pus\u0113, lai kuc\u0113ns v\u0113l vair\u0101k izp\u0113t\u012btu!<\/p>\n<p data-start=\"2722\" data-end=\"3011\">\ud83d\udd25 <strong data-start=\"2725\" data-end=\"2767\">K\u0101p\u0113c izv\u0113l\u0113ties Puppy Teething Stick?<\/strong><br data-start=\"2767\" data-end=\"2770\" \/>\u2714 Mazina smaganu s\u0101pes \u2013 \u012bpa\u0161s dizains atbalsta kuc\u0113nus zobu mai\u0146as laik\u0101<br data-start=\"2843\" data-end=\"2846\" \/>\u2714 Piepild\u0101ms ar gardumiem \u2013 piepildi n\u016bji\u0146u ar zemesriekstu sviestu vai KONG Easy Treat<br data-start=\"2933\" data-end=\"2936\" \/>\u2714 Ide\u0101ls kuc\u0113niem \u2013 uztur kuc\u0113nu aiz\u0146emtu un nodro\u0161ina gar\u012bgo stimul\u0101ciju<\/p>\n<p data-start=\"3013\" data-end=\"3078\">\ud83c\udfa8 <strong data-start=\"3016\" data-end=\"3027\">Kr\u0101sas:<\/strong><br data-start=\"3027\" data-end=\"3030\" \/>\ud83d\udd39 Roz\u0101 vai zila (kr\u0101sa tiek nos\u016bt\u012bta nejau\u0161i)<\/p>\n<p data-start=\"3080\" data-end=\"3201\">\ud83d\udccf <strong data-start=\"3083\" data-end=\"3094\">Izm\u0113ri:<\/strong><br data-start=\"3094\" data-end=\"3097\" \/>\ud83d\udd39 S \u2013 8,5 cm (kuc\u0113niem l\u012bdz 9 kg)<br data-start=\"3131\" data-end=\"3134\" \/>\ud83d\udd39 M \u2013 9 cm (kuc\u0113niem 7\u201316 kg)<br data-start=\"3164\" data-end=\"3167\" \/>\ud83d\udd39 L \u2013 12 cm (kuc\u0113niem 13\u201330 kg)<\/p>\n<p data-start=\"3203\" data-end=\"3322\">Puppy Teething Stick ir ide\u0101la izv\u0113le, lai atbalst\u012btu vesel\u012bgu zobu att\u012bst\u012bbu un sniegtu jautras rota\u013cu stundas! \ud83d\udc3e\ud83c\udf89<\/p>\n","protected":false},"featured_media":48824,"template":"","meta":[],"product_brand":[],"product_cat":[592],"product_tag":[],"class_list":{"0":"post-48827","1":"product","2":"type-product","3":"status-publish","4":"has-post-thumbnail","6":"product_cat-rotallietas-suniem","8":"first","9":"instock","10":"sale","11":"taxable","12":"shipping-taxable","13":"purchasable","14":"product-type-simple"},"yoast_head":"<!-- This site is optimized with the Yoast SEO plugin v27.4 - https:\/\/yoast.com\/product\/yoast-seo-wordpress\/ -->\n<title>KONG Puppy Zobu Ko\u0161\u013c\u0101jam\u0101 Rota\u013clieta Kuc\u0113niem L - MiuMjau<\/title>\n<meta name=\"robots\" content=\"index, follow, max-snippet:-1, max-image-preview:large, max-video-preview:-1\" \/>\n<link rel=\"canonical\" href=\"https:\/\/miumjau.ee\/lv\/produkts\/kong-puppy-zobu-koslajama-rotallieta-kuceniem-l\/\" \/>\n<meta property=\"og:locale\" content=\"lv_LV\" \/>\n<meta property=\"og:type\" content=\"article\" \/>\n<meta property=\"og:title\" content=\"KONG Puppy Zobu Ko\u0161\u013c\u0101jam\u0101 Rota\u013clieta Kuc\u0113niem L - MiuMjau\" \/>\n<meta property=\"og:description\" content=\"Puppy Teething Stick \u2013 nomierina smaganas un atbalsta kuc\u0113na zobu mai\u0146u! \ud83d\udc36\ud83e\uddb7 Puppy Teething Stick ir \u012bpa\u0161i izstr\u0101d\u0101ts kuc\u0113niem, lai mazin\u0101tu smaganu s\u0101pes un atbalst\u012btu zobu mai\u0146as periodu. Virsma var tikt piepild\u012bta ar zemesriekstu sviestu vai KONG Easy Treat pastu, nodro\u0161inot papildus jautr\u012bbu un gardumus. Gardumus var ar\u012b pasl\u0113pt n\u016bji\u0146as iek\u0161pus\u0113, lai kuc\u0113ns v\u0113l vair\u0101k izp\u0113t\u012btu! \ud83d\udd25 K\u0101p\u0113c izv\u0113l\u0113ties Puppy Teething Stick?\u2714 Mazina smaganu s\u0101pes \u2013 \u012bpa\u0161s dizains atbalsta kuc\u0113nus zobu mai\u0146as laik\u0101\u2714 Piepild\u0101ms ar gardumiem \u2013 piepildi n\u016bji\u0146u ar zemesriekstu sviestu vai KONG Easy Treat\u2714 Ide\u0101ls kuc\u0113niem \u2013 uztur kuc\u0113nu aiz\u0146emtu un nodro\u0161ina gar\u012bgo stimul\u0101ciju \ud83c\udfa8 Kr\u0101sas:\ud83d\udd39 Roz\u0101 vai zila (kr\u0101sa tiek nos\u016bt\u012bta nejau\u0161i) \ud83d\udccf Izm\u0113ri:\ud83d\udd39 S \u2013 8,5 cm (kuc\u0113niem l\u012bdz 9 kg)\ud83d\udd39 M \u2013 9 cm (kuc\u0113niem 7\u201316 kg)\ud83d\udd39 L \u2013 12 cm (kuc\u0113niem 13\u201330 kg) Puppy Teething Stick ir ide\u0101la izv\u0113le, lai atbalst\u012btu vesel\u012bgu zobu att\u012bst\u012bbu un sniegtu jautras rota\u013cu stundas! \ud83d\udc3e\ud83c\udf89\" \/>\n<meta property=\"og:url\" content=\"https:\/\/miumjau.ee\/lv\/produkts\/kong-puppy-zobu-koslajama-rotallieta-kuceniem-l\/\" \/>\n<meta property=\"og:site_name\" content=\"MiuMjau\" \/>\n<meta property=\"article:publisher\" content=\"https:\/\/www.facebook.com\/miumjaupood\/\" \/>\n<meta property=\"article:modified_time\" content=\"2026-01-07T19:17:33+00:00\" \/>\n<meta property=\"og:image\" content=\"https:\/\/miumjau.ee\/wp-content\/uploads\/2025\/03\/manguasi-koerale-kong40.jpg\" \/>\n\t<meta property=\"og:image:width\" content=\"600\" \/>\n\t<meta property=\"og:image:height\" content=\"800\" \/>\n\t<meta property=\"og:image:type\" content=\"image\/jpeg\" \/>\n<meta name=\"twitter:card\" content=\"summary_large_image\" \/>\n<script type=\"application\/ld+json\" class=\"yoast-schema-graph\">{\"@context\":\"https:\\\/\\\/schema.org\",\"@graph\":[{\"@type\":\"WebPage\",\"@id\":\"https:\\\/\\\/miumjau.ee\\\/lv\\\/produkts\\\/kong-puppy-zobu-koslajama-rotallieta-kuceniem-l\\\/\",\"url\":\"https:\\\/\\\/miumjau.ee\\\/lv\\\/produkts\\\/kong-puppy-zobu-koslajama-rotallieta-kuceniem-l\\\/\",\"name\":\"KONG Puppy Zobu Ko\u0161\u013c\u0101jam\u0101 Rota\u013clieta Kuc\u0113niem L - MiuMjau\",\"isPartOf\":{\"@id\":\"https:\\\/\\\/miumjau.ee\\\/#website\"},\"primaryImageOfPage\":{\"@id\":\"https:\\\/\\\/miumjau.ee\\\/lv\\\/produkts\\\/kong-puppy-zobu-koslajama-rotallieta-kuceniem-l\\\/#primaryimage\"},\"image\":{\"@id\":\"https:\\\/\\\/miumjau.ee\\\/lv\\\/produkts\\\/kong-puppy-zobu-koslajama-rotallieta-kuceniem-l\\\/#primaryimage\"},\"thumbnailUrl\":\"https:\\\/\\\/miumjau.ee\\\/wp-content\\\/uploads\\\/2025\\\/03\\\/manguasi-koerale-kong40.jpg\",\"datePublished\":\"2025-03-05T09:42:55+00:00\",\"dateModified\":\"2026-01-07T19:17:33+00:00\",\"breadcrumb\":{\"@id\":\"https:\\\/\\\/miumjau.ee\\\/lv\\\/produkts\\\/kong-puppy-zobu-koslajama-rotallieta-kuceniem-l\\\/#breadcrumb\"},\"inLanguage\":\"lv-LV\",\"potentialAction\":[{\"@type\":\"ReadAction\",\"target\":[\"https:\\\/\\\/miumjau.ee\\\/lv\\\/produkts\\\/kong-puppy-zobu-koslajama-rotallieta-kuceniem-l\\\/\"]}]},{\"@type\":\"ImageObject\",\"inLanguage\":\"lv-LV\",\"@id\":\"https:\\\/\\\/miumjau.ee\\\/lv\\\/produkts\\\/kong-puppy-zobu-koslajama-rotallieta-kuceniem-l\\\/#primaryimage\",\"url\":\"https:\\\/\\\/miumjau.ee\\\/wp-content\\\/uploads\\\/2025\\\/03\\\/manguasi-koerale-kong40.jpg\",\"contentUrl\":\"https:\\\/\\\/miumjau.ee\\\/wp-content\\\/uploads\\\/2025\\\/03\\\/manguasi-koerale-kong40.jpg\",\"width\":600,\"height\":800},{\"@type\":\"BreadcrumbList\",\"@id\":\"https:\\\/\\\/miumjau.ee\\\/lv\\\/produkts\\\/kong-puppy-zobu-koslajama-rotallieta-kuceniem-l\\\/#breadcrumb\",\"itemListElement\":[{\"@type\":\"ListItem\",\"position\":1,\"name\":\"Home\",\"item\":\"https:\\\/\\\/miumjau.ee\\\/lv\\\/\"},{\"@type\":\"ListItem\",\"position\":2,\"name\":\"Veikals\",\"item\":\"https:\\\/\\\/miumjau.ee\\\/lv\\\/veikals\\\/\"},{\"@type\":\"ListItem\",\"position\":3,\"name\":\"KONG Puppy Zobu Ko\u0161\u013c\u0101jam\u0101 Rota\u013clieta Kuc\u0113niem L\"}]},{\"@type\":\"WebSite\",\"@id\":\"https:\\\/\\\/miumjau.ee\\\/#website\",\"url\":\"https:\\\/\\\/miumjau.ee\\\/\",\"name\":\"MiuMjau\",\"description\":\"Kraapimispuud kassidele\",\"publisher\":{\"@id\":\"https:\\\/\\\/miumjau.ee\\\/#organization\"},\"potentialAction\":[{\"@type\":\"SearchAction\",\"target\":{\"@type\":\"EntryPoint\",\"urlTemplate\":\"https:\\\/\\\/miumjau.ee\\\/?s={search_term_string}\"},\"query-input\":{\"@type\":\"PropertyValueSpecification\",\"valueRequired\":true,\"valueName\":\"search_term_string\"}}],\"inLanguage\":\"lv-LV\"},{\"@type\":\"Organization\",\"@id\":\"https:\\\/\\\/miumjau.ee\\\/#organization\",\"name\":\"MiuMjau O\u00dc\",\"url\":\"https:\\\/\\\/miumjau.ee\\\/\",\"logo\":{\"@type\":\"ImageObject\",\"inLanguage\":\"lv-LV\",\"@id\":\"https:\\\/\\\/miumjau.ee\\\/#\\\/schema\\\/logo\\\/image\\\/\",\"url\":\"https:\\\/\\\/miumjau.ee\\\/wp-content\\\/uploads\\\/2022\\\/04\\\/MiuMjau-logo-kollane.png\",\"contentUrl\":\"https:\\\/\\\/miumjau.ee\\\/wp-content\\\/uploads\\\/2022\\\/04\\\/MiuMjau-logo-kollane.png\",\"width\":219,\"height\":100,\"caption\":\"MiuMjau O\u00dc\"},\"image\":{\"@id\":\"https:\\\/\\\/miumjau.ee\\\/#\\\/schema\\\/logo\\\/image\\\/\"},\"sameAs\":[\"https:\\\/\\\/www.facebook.com\\\/miumjaupood\\\/\"]}]}<\/script>\n<!-- \/ Yoast SEO plugin. -->","yoast_head_json":{"title":"KONG Puppy Zobu Ko\u0161\u013c\u0101jam\u0101 Rota\u013clieta Kuc\u0113niem L - MiuMjau","robots":{"index":"index","follow":"follow","max-snippet":"max-snippet:-1","max-image-preview":"max-image-preview:large","max-video-preview":"max-video-preview:-1"},"canonical":"https:\/\/miumjau.ee\/lv\/produkts\/kong-puppy-zobu-koslajama-rotallieta-kuceniem-l\/","og_locale":"lv_LV","og_type":"article","og_title":"KONG Puppy Zobu Ko\u0161\u013c\u0101jam\u0101 Rota\u013clieta Kuc\u0113niem L - MiuMjau","og_description":"Puppy Teething Stick \u2013 nomierina smaganas un atbalsta kuc\u0113na zobu mai\u0146u! \ud83d\udc36\ud83e\uddb7 Puppy Teething Stick ir \u012bpa\u0161i izstr\u0101d\u0101ts kuc\u0113niem, lai mazin\u0101tu smaganu s\u0101pes un atbalst\u012btu zobu mai\u0146as periodu. Virsma var tikt piepild\u012bta ar zemesriekstu sviestu vai KONG Easy Treat pastu, nodro\u0161inot papildus jautr\u012bbu un gardumus. Gardumus var ar\u012b pasl\u0113pt n\u016bji\u0146as iek\u0161pus\u0113, lai kuc\u0113ns v\u0113l vair\u0101k izp\u0113t\u012btu! \ud83d\udd25 K\u0101p\u0113c izv\u0113l\u0113ties Puppy Teething Stick?\u2714 Mazina smaganu s\u0101pes \u2013 \u012bpa\u0161s dizains atbalsta kuc\u0113nus zobu mai\u0146as laik\u0101\u2714 Piepild\u0101ms ar gardumiem \u2013 piepildi n\u016bji\u0146u ar zemesriekstu sviestu vai KONG Easy Treat\u2714 Ide\u0101ls kuc\u0113niem \u2013 uztur kuc\u0113nu aiz\u0146emtu un nodro\u0161ina gar\u012bgo stimul\u0101ciju \ud83c\udfa8 Kr\u0101sas:\ud83d\udd39 Roz\u0101 vai zila (kr\u0101sa tiek nos\u016bt\u012bta nejau\u0161i) \ud83d\udccf Izm\u0113ri:\ud83d\udd39 S \u2013 8,5 cm (kuc\u0113niem l\u012bdz 9 kg)\ud83d\udd39 M \u2013 9 cm (kuc\u0113niem 7\u201316 kg)\ud83d\udd39 L \u2013 12 cm (kuc\u0113niem 13\u201330 kg) Puppy Teething Stick ir ide\u0101la izv\u0113le, lai atbalst\u012btu vesel\u012bgu zobu att\u012bst\u012bbu un sniegtu jautras rota\u013cu stundas! \ud83d\udc3e\ud83c\udf89","og_url":"https:\/\/miumjau.ee\/lv\/produkts\/kong-puppy-zobu-koslajama-rotallieta-kuceniem-l\/","og_site_name":"MiuMjau","article_publisher":"https:\/\/www.facebook.com\/miumjaupood\/","article_modified_time":"2026-01-07T19:17:33+00:00","og_image":[{"width":600,"height":800,"url":"https:\/\/miumjau.ee\/wp-content\/uploads\/2025\/03\/manguasi-koerale-kong40.jpg","type":"image\/jpeg"}],"twitter_card":"summary_large_image","schema":{"@context":"https:\/\/schema.org","@graph":[{"@type":"WebPage","@id":"https:\/\/miumjau.ee\/lv\/produkts\/kong-puppy-zobu-koslajama-rotallieta-kuceniem-l\/","url":"https:\/\/miumjau.ee\/lv\/produkts\/kong-puppy-zobu-koslajama-rotallieta-kuceniem-l\/","name":"KONG Puppy Zobu Ko\u0161\u013c\u0101jam\u0101 Rota\u013clieta Kuc\u0113niem L - MiuMjau","isPartOf":{"@id":"https:\/\/miumjau.ee\/#website"},"primaryImageOfPage":{"@id":"https:\/\/miumjau.ee\/lv\/produkts\/kong-puppy-zobu-koslajama-rotallieta-kuceniem-l\/#primaryimage"},"image":{"@id":"https:\/\/miumjau.ee\/lv\/produkts\/kong-puppy-zobu-koslajama-rotallieta-kuceniem-l\/#primaryimage"},"thumbnailUrl":"https:\/\/miumjau.ee\/wp-content\/uploads\/2025\/03\/manguasi-koerale-kong40.jpg","datePublished":"2025-03-05T09:42:55+00:00","dateModified":"2026-01-07T19:17:33+00:00","breadcrumb":{"@id":"https:\/\/miumjau.ee\/lv\/produkts\/kong-puppy-zobu-koslajama-rotallieta-kuceniem-l\/#breadcrumb"},"inLanguage":"lv-LV","potentialAction":[{"@type":"ReadAction","target":["https:\/\/miumjau.ee\/lv\/produkts\/kong-puppy-zobu-koslajama-rotallieta-kuceniem-l\/"]}]},{"@type":"ImageObject","inLanguage":"lv-LV","@id":"https:\/\/miumjau.ee\/lv\/produkts\/kong-puppy-zobu-koslajama-rotallieta-kuceniem-l\/#primaryimage","url":"https:\/\/miumjau.ee\/wp-content\/uploads\/2025\/03\/manguasi-koerale-kong40.jpg","contentUrl":"https:\/\/miumjau.ee\/wp-content\/uploads\/2025\/03\/manguasi-koerale-kong40.jpg","width":600,"height":800},{"@type":"BreadcrumbList","@id":"https:\/\/miumjau.ee\/lv\/produkts\/kong-puppy-zobu-koslajama-rotallieta-kuceniem-l\/#breadcrumb","itemListElement":[{"@type":"ListItem","position":1,"name":"Home","item":"https:\/\/miumjau.ee\/lv\/"},{"@type":"ListItem","position":2,"name":"Veikals","item":"https:\/\/miumjau.ee\/lv\/veikals\/"},{"@type":"ListItem","position":3,"name":"KONG Puppy Zobu Ko\u0161\u013c\u0101jam\u0101 Rota\u013clieta Kuc\u0113niem L"}]},{"@type":"WebSite","@id":"https:\/\/miumjau.ee\/#website","url":"https:\/\/miumjau.ee\/","name":"MiuMjau","description":"Kraapimispuud kassidele","publisher":{"@id":"https:\/\/miumjau.ee\/#organization"},"potentialAction":[{"@type":"SearchAction","target":{"@type":"EntryPoint","urlTemplate":"https:\/\/miumjau.ee\/?s={search_term_string}"},"query-input":{"@type":"PropertyValueSpecification","valueRequired":true,"valueName":"search_term_string"}}],"inLanguage":"lv-LV"},{"@type":"Organization","@id":"https:\/\/miumjau.ee\/#organization","name":"MiuMjau O\u00dc","url":"https:\/\/miumjau.ee\/","logo":{"@type":"ImageObject","inLanguage":"lv-LV","@id":"https:\/\/miumjau.ee\/#\/schema\/logo\/image\/","url":"https:\/\/miumjau.ee\/wp-content\/uploads\/2022\/04\/MiuMjau-logo-kollane.png","contentUrl":"https:\/\/miumjau.ee\/wp-content\/uploads\/2022\/04\/MiuMjau-logo-kollane.png","width":219,"height":100,"caption":"MiuMjau O\u00dc"},"image":{"@id":"https:\/\/miumjau.ee\/#\/schema\/logo\/image\/"},"sameAs":["https:\/\/www.facebook.com\/miumjaupood\/"]}]}},"_links":{"self":[{"href":"https:\/\/miumjau.ee\/lv\/wp-json\/wp\/v2\/product\/48827","targetHints":{"allow":["GET"]}}],"collection":[{"href":"https:\/\/miumjau.ee\/lv\/wp-json\/wp\/v2\/product"}],"about":[{"href":"https:\/\/miumjau.ee\/lv\/wp-json\/wp\/v2\/types\/product"}],"wp:featuredmedia":[{"embeddable":true,"href":"https:\/\/miumjau.ee\/lv\/wp-json\/wp\/v2\/media\/48824"}],"wp:attachment":[{"href":"https:\/\/miumjau.ee\/lv\/wp-json\/wp\/v2\/media?parent=48827"}],"wp:term":[{"taxonomy":"product_brand","embeddable":true,"href":"https:\/\/miumjau.ee\/lv\/wp-json\/wp\/v2\/product_brand?post=48827"},{"taxonomy":"product_cat","embeddable":true,"href":"https:\/\/miumjau.ee\/lv\/wp-json\/wp\/v2\/product_cat?post=48827"},{"taxonomy":"product_tag","embeddable":true,"href":"https:\/\/miumjau.ee\/lv\/wp-json\/wp\/v2\/product_tag?post=48827"}],"curies":[{"name":"wp","href":"https:\/\/api.w.org\/{rel}","templated":true}]}}