{"id":48809,"date":"2025-03-05T11:46:03","date_gmt":"2025-03-05T09:46:03","guid":{"rendered":"https:\/\/miumjau.ee\/toode\/kong-puppy-activity-bumba-s\/"},"modified":"2026-01-07T21:17:40","modified_gmt":"2026-01-07T19:17:40","slug":"kong-puppy-activity-bumba-s","status":"publish","type":"product","link":"https:\/\/miumjau.ee\/lv\/produkts\/kong-puppy-activity-bumba-s\/","title":{"rendered":"KONG Puppy Activity Bumba S"},"content":{"rendered":"","protected":false},"excerpt":{"rendered":"<p data-start=\"2294\" data-end=\"2402\"><strong data-start=\"2294\" data-end=\"2402\">KONG Puppy Activity Bumba \u2013 jautra piepild\u0101ma gumijas bumba, kas atbalsta kuc\u0113nu ko\u0161anas att\u012bst\u012bbu! \ud83d\udc36\ud83c\udfbe<\/strong><\/p>\n<p data-start=\"2404\" data-end=\"2741\">KONG Puppy Activity Bumba ir \u012bpa\u0161i izstr\u0101d\u0101ta kuc\u0113niem, lai veicin\u0101tu pareizu ko\u0161anas uzved\u012bbu. Izgatavota no unik\u0101las KONG Classic kuc\u0113nu gumijas, \u0161\u012b bumba apmierina ko\u0161anas instinktu un vienlaikus sniedz atvieglojumu s\u0101p\u012bgiem zobiem un smagan\u0101m. Piepildiet bumbu ar gardumiem, lai motiv\u0113tu kuc\u0113nu ko\u0161\u013c\u0101t un pied\u0101v\u0101tu papildus jautr\u012bbu!<\/p>\n<p data-start=\"2743\" data-end=\"3067\">\ud83d\udd25 <strong data-start=\"2746\" data-end=\"2793\">K\u0101p\u0113c izv\u0113l\u0113ties KONG Puppy Activity Bumbu?<\/strong><br data-start=\"2793\" data-end=\"2796\" \/>\u2714 Atbalsta pareizu ko\u0161anas uzved\u012bbu \u2013 ide\u0101li piem\u0113rota jaunajiem su\u0146iem ko\u0161anas prasmju att\u012bst\u012b\u0161anai<br data-start=\"2896\" data-end=\"2899\" \/>\u2714 Mazina zobu un smaganu s\u0101pes \u2013 \u012bpa\u0161a gumija, kas ir maiga zobiem un smagan\u0101m<br data-start=\"2977\" data-end=\"2980\" \/>\u2714 Piepild\u0101ma ar gardumiem \u2013 uztur kuc\u0113nu akt\u012bvu un izklaid\u0113tu ar m\u012b\u013c\u0101kajiem gardumiem<\/p>\n<p data-start=\"3069\" data-end=\"3134\">\ud83c\udfa8 <strong data-start=\"3072\" data-end=\"3083\">Kr\u0101sas:<\/strong><br data-start=\"3083\" data-end=\"3086\" \/>\ud83d\udd39 Roz\u0101 vai zila (kr\u0101sa tiek nos\u016bt\u012bta nejau\u0161i)<\/p>\n<p data-start=\"3136\" data-end=\"3186\">\ud83d\udccf <strong data-start=\"3139\" data-end=\"3150\">Izm\u0113ri:<\/strong><br data-start=\"3150\" data-end=\"3153\" \/>\ud83d\udd39 S \u2013 \u00d8 6 cm<br data-start=\"3166\" data-end=\"3169\" \/>\ud83d\udd39 M \u2013 \u00d8 7,5 cm<\/p>\n<p data-start=\"3188\" data-end=\"3331\">KONG Puppy Activity Bumba ir ide\u0101la rota\u013clieta kuc\u0113nam, lai att\u012bst\u012btu pareizu ko\u0161anas uzved\u012bbu un nodro\u0161in\u0101tu jautru, izgl\u012btojo\u0161u sp\u0113li! \ud83d\udc3e\ud83d\udc96<\/p>\n","protected":false},"featured_media":48810,"template":"","meta":[],"product_brand":[],"product_cat":[592],"product_tag":[],"class_list":{"0":"post-48809","1":"product","2":"type-product","3":"status-publish","4":"has-post-thumbnail","6":"product_cat-rotallietas-suniem","8":"first","9":"instock","10":"sale","11":"taxable","12":"shipping-taxable","13":"purchasable","14":"product-type-simple"},"yoast_head":"<!-- This site is optimized with the Yoast SEO plugin v27.4 - https:\/\/yoast.com\/product\/yoast-seo-wordpress\/ -->\n<title>KONG Puppy Activity Bumba S - MiuMjau<\/title>\n<meta name=\"robots\" content=\"index, follow, max-snippet:-1, max-image-preview:large, max-video-preview:-1\" \/>\n<link rel=\"canonical\" href=\"https:\/\/miumjau.ee\/lv\/produkts\/kong-puppy-activity-bumba-s\/\" \/>\n<meta property=\"og:locale\" content=\"lv_LV\" \/>\n<meta property=\"og:type\" content=\"article\" \/>\n<meta property=\"og:title\" content=\"KONG Puppy Activity Bumba S - MiuMjau\" \/>\n<meta property=\"og:description\" content=\"KONG Puppy Activity Bumba \u2013 jautra piepild\u0101ma gumijas bumba, kas atbalsta kuc\u0113nu ko\u0161anas att\u012bst\u012bbu! \ud83d\udc36\ud83c\udfbe KONG Puppy Activity Bumba ir \u012bpa\u0161i izstr\u0101d\u0101ta kuc\u0113niem, lai veicin\u0101tu pareizu ko\u0161anas uzved\u012bbu. Izgatavota no unik\u0101las KONG Classic kuc\u0113nu gumijas, \u0161\u012b bumba apmierina ko\u0161anas instinktu un vienlaikus sniedz atvieglojumu s\u0101p\u012bgiem zobiem un smagan\u0101m. Piepildiet bumbu ar gardumiem, lai motiv\u0113tu kuc\u0113nu ko\u0161\u013c\u0101t un pied\u0101v\u0101tu papildus jautr\u012bbu! \ud83d\udd25 K\u0101p\u0113c izv\u0113l\u0113ties KONG Puppy Activity Bumbu?\u2714 Atbalsta pareizu ko\u0161anas uzved\u012bbu \u2013 ide\u0101li piem\u0113rota jaunajiem su\u0146iem ko\u0161anas prasmju att\u012bst\u012b\u0161anai\u2714 Mazina zobu un smaganu s\u0101pes \u2013 \u012bpa\u0161a gumija, kas ir maiga zobiem un smagan\u0101m\u2714 Piepild\u0101ma ar gardumiem \u2013 uztur kuc\u0113nu akt\u012bvu un izklaid\u0113tu ar m\u012b\u013c\u0101kajiem gardumiem \ud83c\udfa8 Kr\u0101sas:\ud83d\udd39 Roz\u0101 vai zila (kr\u0101sa tiek nos\u016bt\u012bta nejau\u0161i) \ud83d\udccf Izm\u0113ri:\ud83d\udd39 S \u2013 \u00d8 6 cm\ud83d\udd39 M \u2013 \u00d8 7,5 cm KONG Puppy Activity Bumba ir ide\u0101la rota\u013clieta kuc\u0113nam, lai att\u012bst\u012btu pareizu ko\u0161anas uzved\u012bbu un nodro\u0161in\u0101tu jautru, izgl\u012btojo\u0161u sp\u0113li! \ud83d\udc3e\ud83d\udc96\" \/>\n<meta property=\"og:url\" content=\"https:\/\/miumjau.ee\/lv\/produkts\/kong-puppy-activity-bumba-s\/\" \/>\n<meta property=\"og:site_name\" content=\"MiuMjau\" \/>\n<meta property=\"article:publisher\" content=\"https:\/\/www.facebook.com\/miumjaupood\/\" \/>\n<meta property=\"article:modified_time\" content=\"2026-01-07T19:17:40+00:00\" \/>\n<meta property=\"og:image\" content=\"https:\/\/miumjau.ee\/wp-content\/uploads\/2025\/03\/manguasi-koerale-kong26.jpg\" \/>\n\t<meta property=\"og:image:width\" content=\"600\" \/>\n\t<meta property=\"og:image:height\" content=\"800\" \/>\n\t<meta property=\"og:image:type\" content=\"image\/jpeg\" \/>\n<meta name=\"twitter:card\" content=\"summary_large_image\" \/>\n<script type=\"application\/ld+json\" class=\"yoast-schema-graph\">{\"@context\":\"https:\\\/\\\/schema.org\",\"@graph\":[{\"@type\":\"WebPage\",\"@id\":\"https:\\\/\\\/miumjau.ee\\\/lv\\\/produkts\\\/kong-puppy-activity-bumba-s\\\/\",\"url\":\"https:\\\/\\\/miumjau.ee\\\/lv\\\/produkts\\\/kong-puppy-activity-bumba-s\\\/\",\"name\":\"KONG Puppy Activity Bumba S - MiuMjau\",\"isPartOf\":{\"@id\":\"https:\\\/\\\/miumjau.ee\\\/#website\"},\"primaryImageOfPage\":{\"@id\":\"https:\\\/\\\/miumjau.ee\\\/lv\\\/produkts\\\/kong-puppy-activity-bumba-s\\\/#primaryimage\"},\"image\":{\"@id\":\"https:\\\/\\\/miumjau.ee\\\/lv\\\/produkts\\\/kong-puppy-activity-bumba-s\\\/#primaryimage\"},\"thumbnailUrl\":\"https:\\\/\\\/miumjau.ee\\\/wp-content\\\/uploads\\\/2025\\\/03\\\/manguasi-koerale-kong26.jpg\",\"datePublished\":\"2025-03-05T09:46:03+00:00\",\"dateModified\":\"2026-01-07T19:17:40+00:00\",\"breadcrumb\":{\"@id\":\"https:\\\/\\\/miumjau.ee\\\/lv\\\/produkts\\\/kong-puppy-activity-bumba-s\\\/#breadcrumb\"},\"inLanguage\":\"lv-LV\",\"potentialAction\":[{\"@type\":\"ReadAction\",\"target\":[\"https:\\\/\\\/miumjau.ee\\\/lv\\\/produkts\\\/kong-puppy-activity-bumba-s\\\/\"]}]},{\"@type\":\"ImageObject\",\"inLanguage\":\"lv-LV\",\"@id\":\"https:\\\/\\\/miumjau.ee\\\/lv\\\/produkts\\\/kong-puppy-activity-bumba-s\\\/#primaryimage\",\"url\":\"https:\\\/\\\/miumjau.ee\\\/wp-content\\\/uploads\\\/2025\\\/03\\\/manguasi-koerale-kong26.jpg\",\"contentUrl\":\"https:\\\/\\\/miumjau.ee\\\/wp-content\\\/uploads\\\/2025\\\/03\\\/manguasi-koerale-kong26.jpg\",\"width\":600,\"height\":800},{\"@type\":\"BreadcrumbList\",\"@id\":\"https:\\\/\\\/miumjau.ee\\\/lv\\\/produkts\\\/kong-puppy-activity-bumba-s\\\/#breadcrumb\",\"itemListElement\":[{\"@type\":\"ListItem\",\"position\":1,\"name\":\"Home\",\"item\":\"https:\\\/\\\/miumjau.ee\\\/lv\\\/\"},{\"@type\":\"ListItem\",\"position\":2,\"name\":\"Veikals\",\"item\":\"https:\\\/\\\/miumjau.ee\\\/lv\\\/veikals\\\/\"},{\"@type\":\"ListItem\",\"position\":3,\"name\":\"KONG Puppy Activity Bumba S\"}]},{\"@type\":\"WebSite\",\"@id\":\"https:\\\/\\\/miumjau.ee\\\/#website\",\"url\":\"https:\\\/\\\/miumjau.ee\\\/\",\"name\":\"MiuMjau\",\"description\":\"Kraapimispuud kassidele\",\"publisher\":{\"@id\":\"https:\\\/\\\/miumjau.ee\\\/#organization\"},\"potentialAction\":[{\"@type\":\"SearchAction\",\"target\":{\"@type\":\"EntryPoint\",\"urlTemplate\":\"https:\\\/\\\/miumjau.ee\\\/?s={search_term_string}\"},\"query-input\":{\"@type\":\"PropertyValueSpecification\",\"valueRequired\":true,\"valueName\":\"search_term_string\"}}],\"inLanguage\":\"lv-LV\"},{\"@type\":\"Organization\",\"@id\":\"https:\\\/\\\/miumjau.ee\\\/#organization\",\"name\":\"MiuMjau O\u00dc\",\"url\":\"https:\\\/\\\/miumjau.ee\\\/\",\"logo\":{\"@type\":\"ImageObject\",\"inLanguage\":\"lv-LV\",\"@id\":\"https:\\\/\\\/miumjau.ee\\\/#\\\/schema\\\/logo\\\/image\\\/\",\"url\":\"https:\\\/\\\/miumjau.ee\\\/wp-content\\\/uploads\\\/2022\\\/04\\\/MiuMjau-logo-kollane.png\",\"contentUrl\":\"https:\\\/\\\/miumjau.ee\\\/wp-content\\\/uploads\\\/2022\\\/04\\\/MiuMjau-logo-kollane.png\",\"width\":219,\"height\":100,\"caption\":\"MiuMjau O\u00dc\"},\"image\":{\"@id\":\"https:\\\/\\\/miumjau.ee\\\/#\\\/schema\\\/logo\\\/image\\\/\"},\"sameAs\":[\"https:\\\/\\\/www.facebook.com\\\/miumjaupood\\\/\"]}]}<\/script>\n<!-- \/ Yoast SEO plugin. -->","yoast_head_json":{"title":"KONG Puppy Activity Bumba S - MiuMjau","robots":{"index":"index","follow":"follow","max-snippet":"max-snippet:-1","max-image-preview":"max-image-preview:large","max-video-preview":"max-video-preview:-1"},"canonical":"https:\/\/miumjau.ee\/lv\/produkts\/kong-puppy-activity-bumba-s\/","og_locale":"lv_LV","og_type":"article","og_title":"KONG Puppy Activity Bumba S - MiuMjau","og_description":"KONG Puppy Activity Bumba \u2013 jautra piepild\u0101ma gumijas bumba, kas atbalsta kuc\u0113nu ko\u0161anas att\u012bst\u012bbu! \ud83d\udc36\ud83c\udfbe KONG Puppy Activity Bumba ir \u012bpa\u0161i izstr\u0101d\u0101ta kuc\u0113niem, lai veicin\u0101tu pareizu ko\u0161anas uzved\u012bbu. Izgatavota no unik\u0101las KONG Classic kuc\u0113nu gumijas, \u0161\u012b bumba apmierina ko\u0161anas instinktu un vienlaikus sniedz atvieglojumu s\u0101p\u012bgiem zobiem un smagan\u0101m. Piepildiet bumbu ar gardumiem, lai motiv\u0113tu kuc\u0113nu ko\u0161\u013c\u0101t un pied\u0101v\u0101tu papildus jautr\u012bbu! \ud83d\udd25 K\u0101p\u0113c izv\u0113l\u0113ties KONG Puppy Activity Bumbu?\u2714 Atbalsta pareizu ko\u0161anas uzved\u012bbu \u2013 ide\u0101li piem\u0113rota jaunajiem su\u0146iem ko\u0161anas prasmju att\u012bst\u012b\u0161anai\u2714 Mazina zobu un smaganu s\u0101pes \u2013 \u012bpa\u0161a gumija, kas ir maiga zobiem un smagan\u0101m\u2714 Piepild\u0101ma ar gardumiem \u2013 uztur kuc\u0113nu akt\u012bvu un izklaid\u0113tu ar m\u012b\u013c\u0101kajiem gardumiem \ud83c\udfa8 Kr\u0101sas:\ud83d\udd39 Roz\u0101 vai zila (kr\u0101sa tiek nos\u016bt\u012bta nejau\u0161i) \ud83d\udccf Izm\u0113ri:\ud83d\udd39 S \u2013 \u00d8 6 cm\ud83d\udd39 M \u2013 \u00d8 7,5 cm KONG Puppy Activity Bumba ir ide\u0101la rota\u013clieta kuc\u0113nam, lai att\u012bst\u012btu pareizu ko\u0161anas uzved\u012bbu un nodro\u0161in\u0101tu jautru, izgl\u012btojo\u0161u sp\u0113li! \ud83d\udc3e\ud83d\udc96","og_url":"https:\/\/miumjau.ee\/lv\/produkts\/kong-puppy-activity-bumba-s\/","og_site_name":"MiuMjau","article_publisher":"https:\/\/www.facebook.com\/miumjaupood\/","article_modified_time":"2026-01-07T19:17:40+00:00","og_image":[{"width":600,"height":800,"url":"https:\/\/miumjau.ee\/wp-content\/uploads\/2025\/03\/manguasi-koerale-kong26.jpg","type":"image\/jpeg"}],"twitter_card":"summary_large_image","schema":{"@context":"https:\/\/schema.org","@graph":[{"@type":"WebPage","@id":"https:\/\/miumjau.ee\/lv\/produkts\/kong-puppy-activity-bumba-s\/","url":"https:\/\/miumjau.ee\/lv\/produkts\/kong-puppy-activity-bumba-s\/","name":"KONG Puppy Activity Bumba S - MiuMjau","isPartOf":{"@id":"https:\/\/miumjau.ee\/#website"},"primaryImageOfPage":{"@id":"https:\/\/miumjau.ee\/lv\/produkts\/kong-puppy-activity-bumba-s\/#primaryimage"},"image":{"@id":"https:\/\/miumjau.ee\/lv\/produkts\/kong-puppy-activity-bumba-s\/#primaryimage"},"thumbnailUrl":"https:\/\/miumjau.ee\/wp-content\/uploads\/2025\/03\/manguasi-koerale-kong26.jpg","datePublished":"2025-03-05T09:46:03+00:00","dateModified":"2026-01-07T19:17:40+00:00","breadcrumb":{"@id":"https:\/\/miumjau.ee\/lv\/produkts\/kong-puppy-activity-bumba-s\/#breadcrumb"},"inLanguage":"lv-LV","potentialAction":[{"@type":"ReadAction","target":["https:\/\/miumjau.ee\/lv\/produkts\/kong-puppy-activity-bumba-s\/"]}]},{"@type":"ImageObject","inLanguage":"lv-LV","@id":"https:\/\/miumjau.ee\/lv\/produkts\/kong-puppy-activity-bumba-s\/#primaryimage","url":"https:\/\/miumjau.ee\/wp-content\/uploads\/2025\/03\/manguasi-koerale-kong26.jpg","contentUrl":"https:\/\/miumjau.ee\/wp-content\/uploads\/2025\/03\/manguasi-koerale-kong26.jpg","width":600,"height":800},{"@type":"BreadcrumbList","@id":"https:\/\/miumjau.ee\/lv\/produkts\/kong-puppy-activity-bumba-s\/#breadcrumb","itemListElement":[{"@type":"ListItem","position":1,"name":"Home","item":"https:\/\/miumjau.ee\/lv\/"},{"@type":"ListItem","position":2,"name":"Veikals","item":"https:\/\/miumjau.ee\/lv\/veikals\/"},{"@type":"ListItem","position":3,"name":"KONG Puppy Activity Bumba S"}]},{"@type":"WebSite","@id":"https:\/\/miumjau.ee\/#website","url":"https:\/\/miumjau.ee\/","name":"MiuMjau","description":"Kraapimispuud kassidele","publisher":{"@id":"https:\/\/miumjau.ee\/#organization"},"potentialAction":[{"@type":"SearchAction","target":{"@type":"EntryPoint","urlTemplate":"https:\/\/miumjau.ee\/?s={search_term_string}"},"query-input":{"@type":"PropertyValueSpecification","valueRequired":true,"valueName":"search_term_string"}}],"inLanguage":"lv-LV"},{"@type":"Organization","@id":"https:\/\/miumjau.ee\/#organization","name":"MiuMjau O\u00dc","url":"https:\/\/miumjau.ee\/","logo":{"@type":"ImageObject","inLanguage":"lv-LV","@id":"https:\/\/miumjau.ee\/#\/schema\/logo\/image\/","url":"https:\/\/miumjau.ee\/wp-content\/uploads\/2022\/04\/MiuMjau-logo-kollane.png","contentUrl":"https:\/\/miumjau.ee\/wp-content\/uploads\/2022\/04\/MiuMjau-logo-kollane.png","width":219,"height":100,"caption":"MiuMjau O\u00dc"},"image":{"@id":"https:\/\/miumjau.ee\/#\/schema\/logo\/image\/"},"sameAs":["https:\/\/www.facebook.com\/miumjaupood\/"]}]}},"_links":{"self":[{"href":"https:\/\/miumjau.ee\/lv\/wp-json\/wp\/v2\/product\/48809","targetHints":{"allow":["GET"]}}],"collection":[{"href":"https:\/\/miumjau.ee\/lv\/wp-json\/wp\/v2\/product"}],"about":[{"href":"https:\/\/miumjau.ee\/lv\/wp-json\/wp\/v2\/types\/product"}],"wp:featuredmedia":[{"embeddable":true,"href":"https:\/\/miumjau.ee\/lv\/wp-json\/wp\/v2\/media\/48810"}],"wp:attachment":[{"href":"https:\/\/miumjau.ee\/lv\/wp-json\/wp\/v2\/media?parent=48809"}],"wp:term":[{"taxonomy":"product_brand","embeddable":true,"href":"https:\/\/miumjau.ee\/lv\/wp-json\/wp\/v2\/product_brand?post=48809"},{"taxonomy":"product_cat","embeddable":true,"href":"https:\/\/miumjau.ee\/lv\/wp-json\/wp\/v2\/product_cat?post=48809"},{"taxonomy":"product_tag","embeddable":true,"href":"https:\/\/miumjau.ee\/lv\/wp-json\/wp\/v2\/product_tag?post=48809"}],"curies":[{"name":"wp","href":"https:\/\/api.w.org\/{rel}","templated":true}]}}