{"id":48799,"date":"2025-03-05T11:51:06","date_gmt":"2025-03-05T09:51:06","guid":{"rendered":"https:\/\/miumjau.ee\/toode\/kong-squeezz-goomz-bumba-xl\/"},"modified":"2026-01-07T21:17:40","modified_gmt":"2026-01-07T19:17:40","slug":"kong-squeezz-goomz-bumba-xl","status":"publish","type":"product","link":"https:\/\/miumjau.ee\/lv\/produkts\/kong-squeezz-goomz-bumba-xl\/","title":{"rendered":"KONG Squeezz\u00ae Goomz Bumba XL"},"content":{"rendered":"","protected":false},"excerpt":{"rendered":"<p data-start=\"2065\" data-end=\"2143\"><strong data-start=\"2065\" data-end=\"2143\">KONG Squeezz Goomz Bumba \u2013 bumba, kas pal\u012bdz t\u012br\u012bt zobus un smaganas! \ud83d\udc36\ud83e\uddb7<\/strong><\/p>\n<p data-start=\"2145\" data-end=\"2450\">KONG Squeezz Goomz Bumba ir ide\u0101la rota\u013clieta, kas pal\u012bdz uztur\u0113t j\u016bsu su\u0146a zobus t\u012brus un smaganas vesel\u012bgas. Bumbas knupi mas\u0113 smaganas un pal\u012bdz t\u012br\u012bt zobus, savuk\u0101rt iztur\u012bgais materi\u0101ls un da\u017e\u0101d\u0101s strukt\u016bras nodro\u0161ina nebeidzamu prieku. Bumb\u0101 ir ar\u012b p\u012bksto\u0161s elements, kas padara rota\u013cu v\u0113l jautr\u0101ku!<\/p>\n<p data-start=\"2452\" data-end=\"2790\">\ud83d\udd25 <strong data-start=\"2455\" data-end=\"2501\">K\u0101p\u0113c izv\u0113l\u0113ties KONG Squeezz Goomz Bumbu?<\/strong><br data-start=\"2501\" data-end=\"2504\" \/>\u2714 Mas\u0113 smaganas un t\u012bra zobus \u2013 knupi pal\u012bdz uzlabot mutes higi\u0113nu<br data-start=\"2570\" data-end=\"2573\" \/>\u2714 Iztur\u012bgs materi\u0101ls \u2013 da\u017e\u0101das strukt\u016bras nodro\u0161ina ilgsto\u0161u prieku<br data-start=\"2640\" data-end=\"2643\" \/>\u2714 P\u012bksto\u0161s elements \u2013 pievieno sp\u0113lei papildus jautr\u012bbu un stimul\u0113 suni<br data-start=\"2714\" data-end=\"2717\" \/>\u2714 Apmierina ko\u0161anas instinktu \u2013 ide\u0101li piem\u0113rots su\u0146iem, kas m\u012bl ko\u0161\u013c\u0101t<\/p>\n<p data-start=\"2792\" data-end=\"2839\">\ud83d\udccf <strong data-start=\"2795\" data-end=\"2806\">Izm\u0113ri:<\/strong><br data-start=\"2806\" data-end=\"2809\" \/>\ud83d\udd39 M \u2013 6,5 cm<br data-start=\"2822\" data-end=\"2825\" \/>\ud83d\udd39 XL \u2013 9 cm<\/p>\n<p data-start=\"2841\" data-end=\"2973\">KONG Squeezz Goomz Bumba ir lieliska izv\u0113le, lai uztur\u0113tu j\u016bsu su\u0146a zobu vesel\u012bbu un nodro\u0161in\u0101tu jautru un izgl\u012btojo\u0161u sp\u0113li! \ud83d\udc3e\ud83d\udc9a<\/p>\n","protected":false},"featured_media":48796,"template":"","meta":[],"product_brand":[],"product_cat":[592],"product_tag":[],"class_list":{"0":"post-48799","1":"product","2":"type-product","3":"status-publish","4":"has-post-thumbnail","6":"product_cat-rotallietas-suniem","8":"first","9":"instock","10":"taxable","11":"shipping-taxable","12":"purchasable","13":"product-type-simple"},"yoast_head":"<!-- This site is optimized with the Yoast SEO plugin v27.2 - https:\/\/yoast.com\/product\/yoast-seo-wordpress\/ -->\n<title>KONG Squeezz\u00ae Goomz Bumba XL - MiuMjau<\/title>\n<meta name=\"robots\" content=\"index, follow, max-snippet:-1, max-image-preview:large, max-video-preview:-1\" \/>\n<link rel=\"canonical\" href=\"https:\/\/miumjau.ee\/lv\/produkts\/kong-squeezz-goomz-bumba-xl\/\" \/>\n<meta property=\"og:locale\" content=\"lv_LV\" \/>\n<meta property=\"og:type\" content=\"article\" \/>\n<meta property=\"og:title\" content=\"KONG Squeezz\u00ae Goomz Bumba XL - MiuMjau\" \/>\n<meta property=\"og:description\" content=\"KONG Squeezz Goomz Bumba \u2013 bumba, kas pal\u012bdz t\u012br\u012bt zobus un smaganas! \ud83d\udc36\ud83e\uddb7 KONG Squeezz Goomz Bumba ir ide\u0101la rota\u013clieta, kas pal\u012bdz uztur\u0113t j\u016bsu su\u0146a zobus t\u012brus un smaganas vesel\u012bgas. Bumbas knupi mas\u0113 smaganas un pal\u012bdz t\u012br\u012bt zobus, savuk\u0101rt iztur\u012bgais materi\u0101ls un da\u017e\u0101d\u0101s strukt\u016bras nodro\u0161ina nebeidzamu prieku. Bumb\u0101 ir ar\u012b p\u012bksto\u0161s elements, kas padara rota\u013cu v\u0113l jautr\u0101ku! \ud83d\udd25 K\u0101p\u0113c izv\u0113l\u0113ties KONG Squeezz Goomz Bumbu?\u2714 Mas\u0113 smaganas un t\u012bra zobus \u2013 knupi pal\u012bdz uzlabot mutes higi\u0113nu\u2714 Iztur\u012bgs materi\u0101ls \u2013 da\u017e\u0101das strukt\u016bras nodro\u0161ina ilgsto\u0161u prieku\u2714 P\u012bksto\u0161s elements \u2013 pievieno sp\u0113lei papildus jautr\u012bbu un stimul\u0113 suni\u2714 Apmierina ko\u0161anas instinktu \u2013 ide\u0101li piem\u0113rots su\u0146iem, kas m\u012bl ko\u0161\u013c\u0101t \ud83d\udccf Izm\u0113ri:\ud83d\udd39 M \u2013 6,5 cm\ud83d\udd39 XL \u2013 9 cm KONG Squeezz Goomz Bumba ir lieliska izv\u0113le, lai uztur\u0113tu j\u016bsu su\u0146a zobu vesel\u012bbu un nodro\u0161in\u0101tu jautru un izgl\u012btojo\u0161u sp\u0113li! \ud83d\udc3e\ud83d\udc9a\" \/>\n<meta property=\"og:url\" content=\"https:\/\/miumjau.ee\/lv\/produkts\/kong-squeezz-goomz-bumba-xl\/\" \/>\n<meta property=\"og:site_name\" content=\"MiuMjau\" \/>\n<meta property=\"article:publisher\" content=\"https:\/\/www.facebook.com\/miumjaupood\/\" \/>\n<meta property=\"article:modified_time\" content=\"2026-01-07T19:17:40+00:00\" \/>\n<meta property=\"og:image\" content=\"https:\/\/miumjau.ee\/wp-content\/uploads\/2025\/03\/manguasi-koerale-kong28.jpg\" \/>\n\t<meta property=\"og:image:width\" content=\"600\" \/>\n\t<meta property=\"og:image:height\" content=\"800\" \/>\n\t<meta property=\"og:image:type\" content=\"image\/jpeg\" \/>\n<meta name=\"twitter:card\" content=\"summary_large_image\" \/>\n<script type=\"application\/ld+json\" class=\"yoast-schema-graph\">{\"@context\":\"https:\/\/schema.org\",\"@graph\":[{\"@type\":\"WebPage\",\"@id\":\"https:\/\/miumjau.ee\/lv\/produkts\/kong-squeezz-goomz-bumba-xl\/\",\"url\":\"https:\/\/miumjau.ee\/lv\/produkts\/kong-squeezz-goomz-bumba-xl\/\",\"name\":\"KONG Squeezz\u00ae Goomz Bumba XL - MiuMjau\",\"isPartOf\":{\"@id\":\"https:\/\/miumjau.ee\/#website\"},\"primaryImageOfPage\":{\"@id\":\"https:\/\/miumjau.ee\/lv\/produkts\/kong-squeezz-goomz-bumba-xl\/#primaryimage\"},\"image\":{\"@id\":\"https:\/\/miumjau.ee\/lv\/produkts\/kong-squeezz-goomz-bumba-xl\/#primaryimage\"},\"thumbnailUrl\":\"https:\/\/miumjau.ee\/wp-content\/uploads\/2025\/03\/manguasi-koerale-kong28.jpg\",\"datePublished\":\"2025-03-05T09:51:06+00:00\",\"dateModified\":\"2026-01-07T19:17:40+00:00\",\"breadcrumb\":{\"@id\":\"https:\/\/miumjau.ee\/lv\/produkts\/kong-squeezz-goomz-bumba-xl\/#breadcrumb\"},\"inLanguage\":\"lv-LV\",\"potentialAction\":[{\"@type\":\"ReadAction\",\"target\":[\"https:\/\/miumjau.ee\/lv\/produkts\/kong-squeezz-goomz-bumba-xl\/\"]}]},{\"@type\":\"ImageObject\",\"inLanguage\":\"lv-LV\",\"@id\":\"https:\/\/miumjau.ee\/lv\/produkts\/kong-squeezz-goomz-bumba-xl\/#primaryimage\",\"url\":\"https:\/\/miumjau.ee\/wp-content\/uploads\/2025\/03\/manguasi-koerale-kong28.jpg\",\"contentUrl\":\"https:\/\/miumjau.ee\/wp-content\/uploads\/2025\/03\/manguasi-koerale-kong28.jpg\",\"width\":600,\"height\":800},{\"@type\":\"BreadcrumbList\",\"@id\":\"https:\/\/miumjau.ee\/lv\/produkts\/kong-squeezz-goomz-bumba-xl\/#breadcrumb\",\"itemListElement\":[{\"@type\":\"ListItem\",\"position\":1,\"name\":\"Home\",\"item\":\"https:\/\/miumjau.ee\/lv\/\"},{\"@type\":\"ListItem\",\"position\":2,\"name\":\"Veikals\",\"item\":\"https:\/\/miumjau.ee\/lv\/veikals\/\"},{\"@type\":\"ListItem\",\"position\":3,\"name\":\"KONG Squeezz\u00ae Goomz Bumba XL\"}]},{\"@type\":\"WebSite\",\"@id\":\"https:\/\/miumjau.ee\/#website\",\"url\":\"https:\/\/miumjau.ee\/\",\"name\":\"MiuMjau\",\"description\":\"Kraapimispuud kassidele\",\"publisher\":{\"@id\":\"https:\/\/miumjau.ee\/#organization\"},\"potentialAction\":[{\"@type\":\"SearchAction\",\"target\":{\"@type\":\"EntryPoint\",\"urlTemplate\":\"https:\/\/miumjau.ee\/?s={search_term_string}\"},\"query-input\":{\"@type\":\"PropertyValueSpecification\",\"valueRequired\":true,\"valueName\":\"search_term_string\"}}],\"inLanguage\":\"lv-LV\"},{\"@type\":\"Organization\",\"@id\":\"https:\/\/miumjau.ee\/#organization\",\"name\":\"MiuMjau O\u00dc\",\"url\":\"https:\/\/miumjau.ee\/\",\"logo\":{\"@type\":\"ImageObject\",\"inLanguage\":\"lv-LV\",\"@id\":\"https:\/\/miumjau.ee\/#\/schema\/logo\/image\/\",\"url\":\"https:\/\/miumjau.ee\/wp-content\/uploads\/2022\/04\/MiuMjau-logo-kollane.png\",\"contentUrl\":\"https:\/\/miumjau.ee\/wp-content\/uploads\/2022\/04\/MiuMjau-logo-kollane.png\",\"width\":219,\"height\":100,\"caption\":\"MiuMjau O\u00dc\"},\"image\":{\"@id\":\"https:\/\/miumjau.ee\/#\/schema\/logo\/image\/\"},\"sameAs\":[\"https:\/\/www.facebook.com\/miumjaupood\/\"]}]}<\/script>\n<!-- \/ Yoast SEO plugin. -->","yoast_head_json":{"title":"KONG Squeezz\u00ae Goomz Bumba XL - MiuMjau","robots":{"index":"index","follow":"follow","max-snippet":"max-snippet:-1","max-image-preview":"max-image-preview:large","max-video-preview":"max-video-preview:-1"},"canonical":"https:\/\/miumjau.ee\/lv\/produkts\/kong-squeezz-goomz-bumba-xl\/","og_locale":"lv_LV","og_type":"article","og_title":"KONG Squeezz\u00ae Goomz Bumba XL - MiuMjau","og_description":"KONG Squeezz Goomz Bumba \u2013 bumba, kas pal\u012bdz t\u012br\u012bt zobus un smaganas! \ud83d\udc36\ud83e\uddb7 KONG Squeezz Goomz Bumba ir ide\u0101la rota\u013clieta, kas pal\u012bdz uztur\u0113t j\u016bsu su\u0146a zobus t\u012brus un smaganas vesel\u012bgas. Bumbas knupi mas\u0113 smaganas un pal\u012bdz t\u012br\u012bt zobus, savuk\u0101rt iztur\u012bgais materi\u0101ls un da\u017e\u0101d\u0101s strukt\u016bras nodro\u0161ina nebeidzamu prieku. Bumb\u0101 ir ar\u012b p\u012bksto\u0161s elements, kas padara rota\u013cu v\u0113l jautr\u0101ku! \ud83d\udd25 K\u0101p\u0113c izv\u0113l\u0113ties KONG Squeezz Goomz Bumbu?\u2714 Mas\u0113 smaganas un t\u012bra zobus \u2013 knupi pal\u012bdz uzlabot mutes higi\u0113nu\u2714 Iztur\u012bgs materi\u0101ls \u2013 da\u017e\u0101das strukt\u016bras nodro\u0161ina ilgsto\u0161u prieku\u2714 P\u012bksto\u0161s elements \u2013 pievieno sp\u0113lei papildus jautr\u012bbu un stimul\u0113 suni\u2714 Apmierina ko\u0161anas instinktu \u2013 ide\u0101li piem\u0113rots su\u0146iem, kas m\u012bl ko\u0161\u013c\u0101t \ud83d\udccf Izm\u0113ri:\ud83d\udd39 M \u2013 6,5 cm\ud83d\udd39 XL \u2013 9 cm KONG Squeezz Goomz Bumba ir lieliska izv\u0113le, lai uztur\u0113tu j\u016bsu su\u0146a zobu vesel\u012bbu un nodro\u0161in\u0101tu jautru un izgl\u012btojo\u0161u sp\u0113li! \ud83d\udc3e\ud83d\udc9a","og_url":"https:\/\/miumjau.ee\/lv\/produkts\/kong-squeezz-goomz-bumba-xl\/","og_site_name":"MiuMjau","article_publisher":"https:\/\/www.facebook.com\/miumjaupood\/","article_modified_time":"2026-01-07T19:17:40+00:00","og_image":[{"width":600,"height":800,"url":"https:\/\/miumjau.ee\/wp-content\/uploads\/2025\/03\/manguasi-koerale-kong28.jpg","type":"image\/jpeg"}],"twitter_card":"summary_large_image","schema":{"@context":"https:\/\/schema.org","@graph":[{"@type":"WebPage","@id":"https:\/\/miumjau.ee\/lv\/produkts\/kong-squeezz-goomz-bumba-xl\/","url":"https:\/\/miumjau.ee\/lv\/produkts\/kong-squeezz-goomz-bumba-xl\/","name":"KONG Squeezz\u00ae Goomz Bumba XL - MiuMjau","isPartOf":{"@id":"https:\/\/miumjau.ee\/#website"},"primaryImageOfPage":{"@id":"https:\/\/miumjau.ee\/lv\/produkts\/kong-squeezz-goomz-bumba-xl\/#primaryimage"},"image":{"@id":"https:\/\/miumjau.ee\/lv\/produkts\/kong-squeezz-goomz-bumba-xl\/#primaryimage"},"thumbnailUrl":"https:\/\/miumjau.ee\/wp-content\/uploads\/2025\/03\/manguasi-koerale-kong28.jpg","datePublished":"2025-03-05T09:51:06+00:00","dateModified":"2026-01-07T19:17:40+00:00","breadcrumb":{"@id":"https:\/\/miumjau.ee\/lv\/produkts\/kong-squeezz-goomz-bumba-xl\/#breadcrumb"},"inLanguage":"lv-LV","potentialAction":[{"@type":"ReadAction","target":["https:\/\/miumjau.ee\/lv\/produkts\/kong-squeezz-goomz-bumba-xl\/"]}]},{"@type":"ImageObject","inLanguage":"lv-LV","@id":"https:\/\/miumjau.ee\/lv\/produkts\/kong-squeezz-goomz-bumba-xl\/#primaryimage","url":"https:\/\/miumjau.ee\/wp-content\/uploads\/2025\/03\/manguasi-koerale-kong28.jpg","contentUrl":"https:\/\/miumjau.ee\/wp-content\/uploads\/2025\/03\/manguasi-koerale-kong28.jpg","width":600,"height":800},{"@type":"BreadcrumbList","@id":"https:\/\/miumjau.ee\/lv\/produkts\/kong-squeezz-goomz-bumba-xl\/#breadcrumb","itemListElement":[{"@type":"ListItem","position":1,"name":"Home","item":"https:\/\/miumjau.ee\/lv\/"},{"@type":"ListItem","position":2,"name":"Veikals","item":"https:\/\/miumjau.ee\/lv\/veikals\/"},{"@type":"ListItem","position":3,"name":"KONG Squeezz\u00ae Goomz Bumba XL"}]},{"@type":"WebSite","@id":"https:\/\/miumjau.ee\/#website","url":"https:\/\/miumjau.ee\/","name":"MiuMjau","description":"Kraapimispuud kassidele","publisher":{"@id":"https:\/\/miumjau.ee\/#organization"},"potentialAction":[{"@type":"SearchAction","target":{"@type":"EntryPoint","urlTemplate":"https:\/\/miumjau.ee\/?s={search_term_string}"},"query-input":{"@type":"PropertyValueSpecification","valueRequired":true,"valueName":"search_term_string"}}],"inLanguage":"lv-LV"},{"@type":"Organization","@id":"https:\/\/miumjau.ee\/#organization","name":"MiuMjau O\u00dc","url":"https:\/\/miumjau.ee\/","logo":{"@type":"ImageObject","inLanguage":"lv-LV","@id":"https:\/\/miumjau.ee\/#\/schema\/logo\/image\/","url":"https:\/\/miumjau.ee\/wp-content\/uploads\/2022\/04\/MiuMjau-logo-kollane.png","contentUrl":"https:\/\/miumjau.ee\/wp-content\/uploads\/2022\/04\/MiuMjau-logo-kollane.png","width":219,"height":100,"caption":"MiuMjau O\u00dc"},"image":{"@id":"https:\/\/miumjau.ee\/#\/schema\/logo\/image\/"},"sameAs":["https:\/\/www.facebook.com\/miumjaupood\/"]}]}},"_links":{"self":[{"href":"https:\/\/miumjau.ee\/lv\/wp-json\/wp\/v2\/product\/48799","targetHints":{"allow":["GET"]}}],"collection":[{"href":"https:\/\/miumjau.ee\/lv\/wp-json\/wp\/v2\/product"}],"about":[{"href":"https:\/\/miumjau.ee\/lv\/wp-json\/wp\/v2\/types\/product"}],"wp:featuredmedia":[{"embeddable":true,"href":"https:\/\/miumjau.ee\/lv\/wp-json\/wp\/v2\/media\/48796"}],"wp:attachment":[{"href":"https:\/\/miumjau.ee\/lv\/wp-json\/wp\/v2\/media?parent=48799"}],"wp:term":[{"taxonomy":"product_brand","embeddable":true,"href":"https:\/\/miumjau.ee\/lv\/wp-json\/wp\/v2\/product_brand?post=48799"},{"taxonomy":"product_cat","embeddable":true,"href":"https:\/\/miumjau.ee\/lv\/wp-json\/wp\/v2\/product_cat?post=48799"},{"taxonomy":"product_tag","embeddable":true,"href":"https:\/\/miumjau.ee\/lv\/wp-json\/wp\/v2\/product_tag?post=48799"}],"curies":[{"name":"wp","href":"https:\/\/api.w.org\/{rel}","templated":true}]}}