{"id":48785,"date":"2025-03-05T11:54:31","date_gmt":"2025-03-05T09:54:31","guid":{"rendered":"https:\/\/miumjau.ee\/toode\/kong-signature-crunch-virve-double-puppy-m-l\/"},"modified":"2026-01-07T21:17:40","modified_gmt":"2026-01-07T19:17:40","slug":"kong-signature-crunch-virve-double-puppy-m-l","status":"publish","type":"product","link":"https:\/\/miumjau.ee\/lv\/produkts\/kong-signature-crunch-virve-double-puppy-m-l\/","title":{"rendered":"KONG Signature Crunch virve Double Puppy (M\/L)"},"content":{"rendered":"","protected":false},"excerpt":{"rendered":"<p data-start=\"2186\" data-end=\"2243\"><strong data-start=\"2186\" data-end=\"2243\">KONG Signature Crunch \u2013 krauk\u0161\u0137\u0113, velc un sp\u0113l\u0113! \ud83d\udc3e\ud83c\udf89<\/strong><\/p>\n<p data-start=\"2245\" data-end=\"2682\">KONG Signature Crunch sniedz j\u016bsu sunim nebeidzamu jautru un krauk\u0161\u0137\u012bgu sp\u0113li! T\u0101 unik\u0101l\u0101 krauk\u0161\u0137o\u0161\u0101 ska\u0146a aicina su\u0146us sp\u0113l\u0113ties un uztur tos velkot, me\u017e\u0123ot un kratot, apmierinot dabiskos instinktus. 12 collu garums padara dabisko krat\u012b\u0161anu \u012bpa\u0161i jautru, bet klasisk\u0101 ze\u0137es tipa p\u0101rvalks stiepjas, nodro\u0161inot ilgsto\u0161u prieku. V\u0113l vair\u0101k jautr\u012bbas: bumba ir ide\u0101la izm\u0113ra ar\u012b diviem su\u0146iem, lai sp\u0113l\u0113tu vilk\u0161anas un komandas sp\u0113les kop\u0101!<\/p>\n<p data-start=\"2684\" data-end=\"3008\">\ud83d\udd25 <strong data-start=\"2687\" data-end=\"2730\">K\u0101p\u0113c izv\u0113l\u0113ties KONG Signature Crunch?<\/strong><br data-start=\"2730\" data-end=\"2733\" \/>\u2714 Apmierina dabiskos instinktus \u2013 krauk\u0161\u0137o\u0161\u0101 ska\u0146a veicina sp\u0113li un sniedz gandar\u012bjumu<br data-start=\"2819\" data-end=\"2822\" \/>\u2714 Stiepjams ze\u0137es tipa p\u0101rvalks \u2013 nodro\u0161ina ilgsto\u0161u prieku un pagarin\u0101tu sp\u0113li<br data-start=\"2901\" data-end=\"2904\" \/>\u2714 Papla\u0161ina vilk\u0161anas sp\u0113les \u2013 mezgli pal\u012bdz pagarin\u0101t vilk\u0161anas periodus un padara sp\u0113li aizraujo\u0161\u0101ku<\/p>\n<p data-start=\"3010\" data-end=\"3124\">KONG Signature Crunch ir ide\u0101la rota\u013clieta, lai apmierin\u0101tu su\u0146a instinktus un sniegtu nebeidzamu izklaidi! \ud83d\udc36\ud83c\udfbe<\/p>\n","protected":false},"featured_media":48786,"template":"","meta":[],"product_brand":[],"product_cat":[592],"product_tag":[],"class_list":{"0":"post-48785","1":"product","2":"type-product","3":"status-publish","4":"has-post-thumbnail","6":"product_cat-rotallietas-suniem","8":"first","9":"instock","10":"taxable","11":"shipping-taxable","12":"purchasable","13":"product-type-simple"},"yoast_head":"<!-- This site is optimized with the Yoast SEO plugin v27.2 - https:\/\/yoast.com\/product\/yoast-seo-wordpress\/ -->\n<title>KONG Signature Crunch virve Double Puppy (M\/L) - MiuMjau<\/title>\n<meta name=\"robots\" content=\"index, follow, max-snippet:-1, max-image-preview:large, max-video-preview:-1\" \/>\n<link rel=\"canonical\" href=\"https:\/\/miumjau.ee\/lv\/produkts\/kong-signature-crunch-virve-double-puppy-m-l\/\" \/>\n<meta property=\"og:locale\" content=\"lv_LV\" \/>\n<meta property=\"og:type\" content=\"article\" \/>\n<meta property=\"og:title\" content=\"KONG Signature Crunch virve Double Puppy (M\/L) - MiuMjau\" \/>\n<meta property=\"og:description\" content=\"KONG Signature Crunch \u2013 krauk\u0161\u0137\u0113, velc un sp\u0113l\u0113! \ud83d\udc3e\ud83c\udf89 KONG Signature Crunch sniedz j\u016bsu sunim nebeidzamu jautru un krauk\u0161\u0137\u012bgu sp\u0113li! T\u0101 unik\u0101l\u0101 krauk\u0161\u0137o\u0161\u0101 ska\u0146a aicina su\u0146us sp\u0113l\u0113ties un uztur tos velkot, me\u017e\u0123ot un kratot, apmierinot dabiskos instinktus. 12 collu garums padara dabisko krat\u012b\u0161anu \u012bpa\u0161i jautru, bet klasisk\u0101 ze\u0137es tipa p\u0101rvalks stiepjas, nodro\u0161inot ilgsto\u0161u prieku. V\u0113l vair\u0101k jautr\u012bbas: bumba ir ide\u0101la izm\u0113ra ar\u012b diviem su\u0146iem, lai sp\u0113l\u0113tu vilk\u0161anas un komandas sp\u0113les kop\u0101! \ud83d\udd25 K\u0101p\u0113c izv\u0113l\u0113ties KONG Signature Crunch?\u2714 Apmierina dabiskos instinktus \u2013 krauk\u0161\u0137o\u0161\u0101 ska\u0146a veicina sp\u0113li un sniedz gandar\u012bjumu\u2714 Stiepjams ze\u0137es tipa p\u0101rvalks \u2013 nodro\u0161ina ilgsto\u0161u prieku un pagarin\u0101tu sp\u0113li\u2714 Papla\u0161ina vilk\u0161anas sp\u0113les \u2013 mezgli pal\u012bdz pagarin\u0101t vilk\u0161anas periodus un padara sp\u0113li aizraujo\u0161\u0101ku KONG Signature Crunch ir ide\u0101la rota\u013clieta, lai apmierin\u0101tu su\u0146a instinktus un sniegtu nebeidzamu izklaidi! \ud83d\udc36\ud83c\udfbe\" \/>\n<meta property=\"og:url\" content=\"https:\/\/miumjau.ee\/lv\/produkts\/kong-signature-crunch-virve-double-puppy-m-l\/\" \/>\n<meta property=\"og:site_name\" content=\"MiuMjau\" \/>\n<meta property=\"article:publisher\" content=\"https:\/\/www.facebook.com\/miumjaupood\/\" \/>\n<meta property=\"article:modified_time\" content=\"2026-01-07T19:17:40+00:00\" \/>\n<meta property=\"og:image\" content=\"https:\/\/miumjau.ee\/wp-content\/uploads\/2025\/03\/manguasi-koerale-kong32.jpg\" \/>\n\t<meta property=\"og:image:width\" content=\"600\" \/>\n\t<meta property=\"og:image:height\" content=\"800\" \/>\n\t<meta property=\"og:image:type\" content=\"image\/jpeg\" \/>\n<meta name=\"twitter:card\" content=\"summary_large_image\" \/>\n<script type=\"application\/ld+json\" class=\"yoast-schema-graph\">{\"@context\":\"https:\/\/schema.org\",\"@graph\":[{\"@type\":\"WebPage\",\"@id\":\"https:\/\/miumjau.ee\/lv\/produkts\/kong-signature-crunch-virve-double-puppy-m-l\/\",\"url\":\"https:\/\/miumjau.ee\/lv\/produkts\/kong-signature-crunch-virve-double-puppy-m-l\/\",\"name\":\"KONG Signature Crunch virve Double Puppy (M\/L) - MiuMjau\",\"isPartOf\":{\"@id\":\"https:\/\/miumjau.ee\/#website\"},\"primaryImageOfPage\":{\"@id\":\"https:\/\/miumjau.ee\/lv\/produkts\/kong-signature-crunch-virve-double-puppy-m-l\/#primaryimage\"},\"image\":{\"@id\":\"https:\/\/miumjau.ee\/lv\/produkts\/kong-signature-crunch-virve-double-puppy-m-l\/#primaryimage\"},\"thumbnailUrl\":\"https:\/\/miumjau.ee\/wp-content\/uploads\/2025\/03\/manguasi-koerale-kong32.jpg\",\"datePublished\":\"2025-03-05T09:54:31+00:00\",\"dateModified\":\"2026-01-07T19:17:40+00:00\",\"breadcrumb\":{\"@id\":\"https:\/\/miumjau.ee\/lv\/produkts\/kong-signature-crunch-virve-double-puppy-m-l\/#breadcrumb\"},\"inLanguage\":\"lv-LV\",\"potentialAction\":[{\"@type\":\"ReadAction\",\"target\":[\"https:\/\/miumjau.ee\/lv\/produkts\/kong-signature-crunch-virve-double-puppy-m-l\/\"]}]},{\"@type\":\"ImageObject\",\"inLanguage\":\"lv-LV\",\"@id\":\"https:\/\/miumjau.ee\/lv\/produkts\/kong-signature-crunch-virve-double-puppy-m-l\/#primaryimage\",\"url\":\"https:\/\/miumjau.ee\/wp-content\/uploads\/2025\/03\/manguasi-koerale-kong32.jpg\",\"contentUrl\":\"https:\/\/miumjau.ee\/wp-content\/uploads\/2025\/03\/manguasi-koerale-kong32.jpg\",\"width\":600,\"height\":800},{\"@type\":\"BreadcrumbList\",\"@id\":\"https:\/\/miumjau.ee\/lv\/produkts\/kong-signature-crunch-virve-double-puppy-m-l\/#breadcrumb\",\"itemListElement\":[{\"@type\":\"ListItem\",\"position\":1,\"name\":\"Home\",\"item\":\"https:\/\/miumjau.ee\/lv\/\"},{\"@type\":\"ListItem\",\"position\":2,\"name\":\"Veikals\",\"item\":\"https:\/\/miumjau.ee\/lv\/veikals\/\"},{\"@type\":\"ListItem\",\"position\":3,\"name\":\"KONG Signature Crunch virve Double Puppy (M\/L)\"}]},{\"@type\":\"WebSite\",\"@id\":\"https:\/\/miumjau.ee\/#website\",\"url\":\"https:\/\/miumjau.ee\/\",\"name\":\"MiuMjau\",\"description\":\"Kraapimispuud kassidele\",\"publisher\":{\"@id\":\"https:\/\/miumjau.ee\/#organization\"},\"potentialAction\":[{\"@type\":\"SearchAction\",\"target\":{\"@type\":\"EntryPoint\",\"urlTemplate\":\"https:\/\/miumjau.ee\/?s={search_term_string}\"},\"query-input\":{\"@type\":\"PropertyValueSpecification\",\"valueRequired\":true,\"valueName\":\"search_term_string\"}}],\"inLanguage\":\"lv-LV\"},{\"@type\":\"Organization\",\"@id\":\"https:\/\/miumjau.ee\/#organization\",\"name\":\"MiuMjau O\u00dc\",\"url\":\"https:\/\/miumjau.ee\/\",\"logo\":{\"@type\":\"ImageObject\",\"inLanguage\":\"lv-LV\",\"@id\":\"https:\/\/miumjau.ee\/#\/schema\/logo\/image\/\",\"url\":\"https:\/\/miumjau.ee\/wp-content\/uploads\/2022\/04\/MiuMjau-logo-kollane.png\",\"contentUrl\":\"https:\/\/miumjau.ee\/wp-content\/uploads\/2022\/04\/MiuMjau-logo-kollane.png\",\"width\":219,\"height\":100,\"caption\":\"MiuMjau O\u00dc\"},\"image\":{\"@id\":\"https:\/\/miumjau.ee\/#\/schema\/logo\/image\/\"},\"sameAs\":[\"https:\/\/www.facebook.com\/miumjaupood\/\"]}]}<\/script>\n<!-- \/ Yoast SEO plugin. -->","yoast_head_json":{"title":"KONG Signature Crunch virve Double Puppy (M\/L) - MiuMjau","robots":{"index":"index","follow":"follow","max-snippet":"max-snippet:-1","max-image-preview":"max-image-preview:large","max-video-preview":"max-video-preview:-1"},"canonical":"https:\/\/miumjau.ee\/lv\/produkts\/kong-signature-crunch-virve-double-puppy-m-l\/","og_locale":"lv_LV","og_type":"article","og_title":"KONG Signature Crunch virve Double Puppy (M\/L) - MiuMjau","og_description":"KONG Signature Crunch \u2013 krauk\u0161\u0137\u0113, velc un sp\u0113l\u0113! \ud83d\udc3e\ud83c\udf89 KONG Signature Crunch sniedz j\u016bsu sunim nebeidzamu jautru un krauk\u0161\u0137\u012bgu sp\u0113li! T\u0101 unik\u0101l\u0101 krauk\u0161\u0137o\u0161\u0101 ska\u0146a aicina su\u0146us sp\u0113l\u0113ties un uztur tos velkot, me\u017e\u0123ot un kratot, apmierinot dabiskos instinktus. 12 collu garums padara dabisko krat\u012b\u0161anu \u012bpa\u0161i jautru, bet klasisk\u0101 ze\u0137es tipa p\u0101rvalks stiepjas, nodro\u0161inot ilgsto\u0161u prieku. V\u0113l vair\u0101k jautr\u012bbas: bumba ir ide\u0101la izm\u0113ra ar\u012b diviem su\u0146iem, lai sp\u0113l\u0113tu vilk\u0161anas un komandas sp\u0113les kop\u0101! \ud83d\udd25 K\u0101p\u0113c izv\u0113l\u0113ties KONG Signature Crunch?\u2714 Apmierina dabiskos instinktus \u2013 krauk\u0161\u0137o\u0161\u0101 ska\u0146a veicina sp\u0113li un sniedz gandar\u012bjumu\u2714 Stiepjams ze\u0137es tipa p\u0101rvalks \u2013 nodro\u0161ina ilgsto\u0161u prieku un pagarin\u0101tu sp\u0113li\u2714 Papla\u0161ina vilk\u0161anas sp\u0113les \u2013 mezgli pal\u012bdz pagarin\u0101t vilk\u0161anas periodus un padara sp\u0113li aizraujo\u0161\u0101ku KONG Signature Crunch ir ide\u0101la rota\u013clieta, lai apmierin\u0101tu su\u0146a instinktus un sniegtu nebeidzamu izklaidi! \ud83d\udc36\ud83c\udfbe","og_url":"https:\/\/miumjau.ee\/lv\/produkts\/kong-signature-crunch-virve-double-puppy-m-l\/","og_site_name":"MiuMjau","article_publisher":"https:\/\/www.facebook.com\/miumjaupood\/","article_modified_time":"2026-01-07T19:17:40+00:00","og_image":[{"width":600,"height":800,"url":"https:\/\/miumjau.ee\/wp-content\/uploads\/2025\/03\/manguasi-koerale-kong32.jpg","type":"image\/jpeg"}],"twitter_card":"summary_large_image","schema":{"@context":"https:\/\/schema.org","@graph":[{"@type":"WebPage","@id":"https:\/\/miumjau.ee\/lv\/produkts\/kong-signature-crunch-virve-double-puppy-m-l\/","url":"https:\/\/miumjau.ee\/lv\/produkts\/kong-signature-crunch-virve-double-puppy-m-l\/","name":"KONG Signature Crunch virve Double Puppy (M\/L) - MiuMjau","isPartOf":{"@id":"https:\/\/miumjau.ee\/#website"},"primaryImageOfPage":{"@id":"https:\/\/miumjau.ee\/lv\/produkts\/kong-signature-crunch-virve-double-puppy-m-l\/#primaryimage"},"image":{"@id":"https:\/\/miumjau.ee\/lv\/produkts\/kong-signature-crunch-virve-double-puppy-m-l\/#primaryimage"},"thumbnailUrl":"https:\/\/miumjau.ee\/wp-content\/uploads\/2025\/03\/manguasi-koerale-kong32.jpg","datePublished":"2025-03-05T09:54:31+00:00","dateModified":"2026-01-07T19:17:40+00:00","breadcrumb":{"@id":"https:\/\/miumjau.ee\/lv\/produkts\/kong-signature-crunch-virve-double-puppy-m-l\/#breadcrumb"},"inLanguage":"lv-LV","potentialAction":[{"@type":"ReadAction","target":["https:\/\/miumjau.ee\/lv\/produkts\/kong-signature-crunch-virve-double-puppy-m-l\/"]}]},{"@type":"ImageObject","inLanguage":"lv-LV","@id":"https:\/\/miumjau.ee\/lv\/produkts\/kong-signature-crunch-virve-double-puppy-m-l\/#primaryimage","url":"https:\/\/miumjau.ee\/wp-content\/uploads\/2025\/03\/manguasi-koerale-kong32.jpg","contentUrl":"https:\/\/miumjau.ee\/wp-content\/uploads\/2025\/03\/manguasi-koerale-kong32.jpg","width":600,"height":800},{"@type":"BreadcrumbList","@id":"https:\/\/miumjau.ee\/lv\/produkts\/kong-signature-crunch-virve-double-puppy-m-l\/#breadcrumb","itemListElement":[{"@type":"ListItem","position":1,"name":"Home","item":"https:\/\/miumjau.ee\/lv\/"},{"@type":"ListItem","position":2,"name":"Veikals","item":"https:\/\/miumjau.ee\/lv\/veikals\/"},{"@type":"ListItem","position":3,"name":"KONG Signature Crunch virve Double Puppy (M\/L)"}]},{"@type":"WebSite","@id":"https:\/\/miumjau.ee\/#website","url":"https:\/\/miumjau.ee\/","name":"MiuMjau","description":"Kraapimispuud kassidele","publisher":{"@id":"https:\/\/miumjau.ee\/#organization"},"potentialAction":[{"@type":"SearchAction","target":{"@type":"EntryPoint","urlTemplate":"https:\/\/miumjau.ee\/?s={search_term_string}"},"query-input":{"@type":"PropertyValueSpecification","valueRequired":true,"valueName":"search_term_string"}}],"inLanguage":"lv-LV"},{"@type":"Organization","@id":"https:\/\/miumjau.ee\/#organization","name":"MiuMjau O\u00dc","url":"https:\/\/miumjau.ee\/","logo":{"@type":"ImageObject","inLanguage":"lv-LV","@id":"https:\/\/miumjau.ee\/#\/schema\/logo\/image\/","url":"https:\/\/miumjau.ee\/wp-content\/uploads\/2022\/04\/MiuMjau-logo-kollane.png","contentUrl":"https:\/\/miumjau.ee\/wp-content\/uploads\/2022\/04\/MiuMjau-logo-kollane.png","width":219,"height":100,"caption":"MiuMjau O\u00dc"},"image":{"@id":"https:\/\/miumjau.ee\/#\/schema\/logo\/image\/"},"sameAs":["https:\/\/www.facebook.com\/miumjaupood\/"]}]}},"_links":{"self":[{"href":"https:\/\/miumjau.ee\/lv\/wp-json\/wp\/v2\/product\/48785","targetHints":{"allow":["GET"]}}],"collection":[{"href":"https:\/\/miumjau.ee\/lv\/wp-json\/wp\/v2\/product"}],"about":[{"href":"https:\/\/miumjau.ee\/lv\/wp-json\/wp\/v2\/types\/product"}],"wp:featuredmedia":[{"embeddable":true,"href":"https:\/\/miumjau.ee\/lv\/wp-json\/wp\/v2\/media\/48786"}],"wp:attachment":[{"href":"https:\/\/miumjau.ee\/lv\/wp-json\/wp\/v2\/media?parent=48785"}],"wp:term":[{"taxonomy":"product_brand","embeddable":true,"href":"https:\/\/miumjau.ee\/lv\/wp-json\/wp\/v2\/product_brand?post=48785"},{"taxonomy":"product_cat","embeddable":true,"href":"https:\/\/miumjau.ee\/lv\/wp-json\/wp\/v2\/product_cat?post=48785"},{"taxonomy":"product_tag","embeddable":true,"href":"https:\/\/miumjau.ee\/lv\/wp-json\/wp\/v2\/product_tag?post=48785"}],"curies":[{"name":"wp","href":"https:\/\/api.w.org\/{rel}","templated":true}]}}