{"id":48780,"date":"2025-03-05T12:00:51","date_gmt":"2025-03-05T10:00:51","guid":{"rendered":"https:\/\/miumjau.ee\/toode\/kong-cuteseas-astonkaja-pikstosa-un-krakskosa-rotallieta-s\/"},"modified":"2026-01-07T21:17:40","modified_gmt":"2026-01-07T19:17:40","slug":"kong-cuteseas-astonkaja-pikstosa-un-krakskosa-rotallieta-s","status":"publish","type":"product","link":"https:\/\/miumjau.ee\/lv\/produkts\/kong-cuteseas-astonkaja-pikstosa-un-krakskosa-rotallieta-s\/","title":{"rendered":"KONG Cuteseas asto\u0146k\u0101ja p\u012bksto\u0161a un krak\u0161\u0137o\u0161a rota\u013clieta, S"},"content":{"rendered":"","protected":false},"excerpt":{"rendered":"<p data-start=\"1799\" data-end=\"1874\"><strong data-start=\"1799\" data-end=\"1874\">KONG CuteSeas \u2013 apskaut j\u016bras dz\u012bvniekus nekad nav bijis tik m\u012b\u013ci! \ud83d\udc1a\ud83d\udc96<\/strong><\/p>\n<p data-start=\"1876\" data-end=\"2109\">KONG CuteSeas sniedz j\u016bsu sunim nebeidzamas m\u012b\u013cas un nomierino\u0161as stundas. \u0160ie j\u016bras dz\u012bvnieki izgatavoti no m\u012bksta auduma, ide\u0101li piem\u0113roti apsk\u0101vieniem. Tie ar\u012b satur p\u012bksto\u0161u un krauk\u0161\u0137o\u0161u materi\u0101lu, kas padara sp\u0113li v\u0113l jautr\u0101ku.<\/p>\n<p data-start=\"2111\" data-end=\"2384\">\ud83d\udd25 <strong data-start=\"2114\" data-end=\"2149\">K\u0101p\u0113c izv\u0113l\u0113ties KONG CuteSeas?<\/strong><br data-start=\"2149\" data-end=\"2152\" \/>\u2714 P\u012bksto\u0161as un krauk\u0161\u0137\u012bgas ska\u0146as \u2013 iesaista suni un notur vi\u0146u akt\u012bvu<br data-start=\"2222\" data-end=\"2225\" \/>\u2714 M\u012bksts un gluds audums \u2013 ide\u0101li piem\u0113rots apsk\u0101vieniem un nomierin\u0101\u0161anai<br data-start=\"2299\" data-end=\"2302\" \/>\u2714 Gar\u012bg\u0101 stimul\u0101cija \u2013 nodro\u0161ina rota\u013c\u012bgu daudzveid\u012bbu un jaunas sp\u0113les iesp\u0113jas<\/p>\n<p data-start=\"2386\" data-end=\"2432\">\ud83d\udccf <strong data-start=\"2389\" data-end=\"2400\">Izm\u0113ri:<\/strong><br data-start=\"2400\" data-end=\"2403\" \/>\ud83d\udd39 S \u2013 16 cm<br data-start=\"2415\" data-end=\"2418\" \/>\ud83d\udd39 L \u2013 32 cm<\/p>\n<p data-start=\"2434\" data-end=\"2540\">KONG CuteSeas ir ide\u0101la rota\u013clieta, lai sniegtu sunim mieru, jautr\u012bbu un m\u012bkstas apsk\u0101viena br\u012b\u017eus! \ud83d\udc3e\ud83c\udf0a<\/p>\n","protected":false},"featured_media":48774,"template":"","meta":[],"product_brand":[],"product_cat":[592],"product_tag":[],"class_list":{"0":"post-48780","1":"product","2":"type-product","3":"status-publish","4":"has-post-thumbnail","6":"product_cat-rotallietas-suniem","8":"first","9":"instock","10":"sale","11":"taxable","12":"shipping-taxable","13":"purchasable","14":"product-type-simple"},"yoast_head":"<!-- This site is optimized with the Yoast SEO plugin v27.4 - https:\/\/yoast.com\/product\/yoast-seo-wordpress\/ -->\n<title>KONG Cuteseas asto\u0146k\u0101ja p\u012bksto\u0161a un krak\u0161\u0137o\u0161a rota\u013clieta, S - MiuMjau<\/title>\n<meta name=\"robots\" content=\"index, follow, max-snippet:-1, max-image-preview:large, max-video-preview:-1\" \/>\n<link rel=\"canonical\" href=\"https:\/\/miumjau.ee\/lv\/produkts\/kong-cuteseas-astonkaja-pikstosa-un-krakskosa-rotallieta-s\/\" \/>\n<meta property=\"og:locale\" content=\"lv_LV\" \/>\n<meta property=\"og:type\" content=\"article\" \/>\n<meta property=\"og:title\" content=\"KONG Cuteseas asto\u0146k\u0101ja p\u012bksto\u0161a un krak\u0161\u0137o\u0161a rota\u013clieta, S - MiuMjau\" \/>\n<meta property=\"og:description\" content=\"KONG CuteSeas \u2013 apskaut j\u016bras dz\u012bvniekus nekad nav bijis tik m\u012b\u013ci! \ud83d\udc1a\ud83d\udc96 KONG CuteSeas sniedz j\u016bsu sunim nebeidzamas m\u012b\u013cas un nomierino\u0161as stundas. \u0160ie j\u016bras dz\u012bvnieki izgatavoti no m\u012bksta auduma, ide\u0101li piem\u0113roti apsk\u0101vieniem. Tie ar\u012b satur p\u012bksto\u0161u un krauk\u0161\u0137o\u0161u materi\u0101lu, kas padara sp\u0113li v\u0113l jautr\u0101ku. \ud83d\udd25 K\u0101p\u0113c izv\u0113l\u0113ties KONG CuteSeas?\u2714 P\u012bksto\u0161as un krauk\u0161\u0137\u012bgas ska\u0146as \u2013 iesaista suni un notur vi\u0146u akt\u012bvu\u2714 M\u012bksts un gluds audums \u2013 ide\u0101li piem\u0113rots apsk\u0101vieniem un nomierin\u0101\u0161anai\u2714 Gar\u012bg\u0101 stimul\u0101cija \u2013 nodro\u0161ina rota\u013c\u012bgu daudzveid\u012bbu un jaunas sp\u0113les iesp\u0113jas \ud83d\udccf Izm\u0113ri:\ud83d\udd39 S \u2013 16 cm\ud83d\udd39 L \u2013 32 cm KONG CuteSeas ir ide\u0101la rota\u013clieta, lai sniegtu sunim mieru, jautr\u012bbu un m\u012bkstas apsk\u0101viena br\u012b\u017eus! \ud83d\udc3e\ud83c\udf0a\" \/>\n<meta property=\"og:url\" content=\"https:\/\/miumjau.ee\/lv\/produkts\/kong-cuteseas-astonkaja-pikstosa-un-krakskosa-rotallieta-s\/\" \/>\n<meta property=\"og:site_name\" content=\"MiuMjau\" \/>\n<meta property=\"article:publisher\" content=\"https:\/\/www.facebook.com\/miumjaupood\/\" \/>\n<meta property=\"article:modified_time\" content=\"2026-01-07T19:17:40+00:00\" \/>\n<meta property=\"og:image\" content=\"https:\/\/miumjau.ee\/wp-content\/uploads\/2025\/03\/Kong-cuteseas-octopus.jpg\" \/>\n\t<meta property=\"og:image:width\" content=\"600\" \/>\n\t<meta property=\"og:image:height\" content=\"800\" \/>\n\t<meta property=\"og:image:type\" content=\"image\/jpeg\" \/>\n<meta name=\"twitter:card\" content=\"summary_large_image\" \/>\n<script type=\"application\/ld+json\" class=\"yoast-schema-graph\">{\"@context\":\"https:\\\/\\\/schema.org\",\"@graph\":[{\"@type\":\"WebPage\",\"@id\":\"https:\\\/\\\/miumjau.ee\\\/lv\\\/produkts\\\/kong-cuteseas-astonkaja-pikstosa-un-krakskosa-rotallieta-s\\\/\",\"url\":\"https:\\\/\\\/miumjau.ee\\\/lv\\\/produkts\\\/kong-cuteseas-astonkaja-pikstosa-un-krakskosa-rotallieta-s\\\/\",\"name\":\"KONG Cuteseas asto\u0146k\u0101ja p\u012bksto\u0161a un krak\u0161\u0137o\u0161a rota\u013clieta, S - MiuMjau\",\"isPartOf\":{\"@id\":\"https:\\\/\\\/miumjau.ee\\\/#website\"},\"primaryImageOfPage\":{\"@id\":\"https:\\\/\\\/miumjau.ee\\\/lv\\\/produkts\\\/kong-cuteseas-astonkaja-pikstosa-un-krakskosa-rotallieta-s\\\/#primaryimage\"},\"image\":{\"@id\":\"https:\\\/\\\/miumjau.ee\\\/lv\\\/produkts\\\/kong-cuteseas-astonkaja-pikstosa-un-krakskosa-rotallieta-s\\\/#primaryimage\"},\"thumbnailUrl\":\"https:\\\/\\\/miumjau.ee\\\/wp-content\\\/uploads\\\/2025\\\/03\\\/Kong-cuteseas-octopus.jpg\",\"datePublished\":\"2025-03-05T10:00:51+00:00\",\"dateModified\":\"2026-01-07T19:17:40+00:00\",\"breadcrumb\":{\"@id\":\"https:\\\/\\\/miumjau.ee\\\/lv\\\/produkts\\\/kong-cuteseas-astonkaja-pikstosa-un-krakskosa-rotallieta-s\\\/#breadcrumb\"},\"inLanguage\":\"lv-LV\",\"potentialAction\":[{\"@type\":\"ReadAction\",\"target\":[\"https:\\\/\\\/miumjau.ee\\\/lv\\\/produkts\\\/kong-cuteseas-astonkaja-pikstosa-un-krakskosa-rotallieta-s\\\/\"]}]},{\"@type\":\"ImageObject\",\"inLanguage\":\"lv-LV\",\"@id\":\"https:\\\/\\\/miumjau.ee\\\/lv\\\/produkts\\\/kong-cuteseas-astonkaja-pikstosa-un-krakskosa-rotallieta-s\\\/#primaryimage\",\"url\":\"https:\\\/\\\/miumjau.ee\\\/wp-content\\\/uploads\\\/2025\\\/03\\\/Kong-cuteseas-octopus.jpg\",\"contentUrl\":\"https:\\\/\\\/miumjau.ee\\\/wp-content\\\/uploads\\\/2025\\\/03\\\/Kong-cuteseas-octopus.jpg\",\"width\":600,\"height\":800},{\"@type\":\"BreadcrumbList\",\"@id\":\"https:\\\/\\\/miumjau.ee\\\/lv\\\/produkts\\\/kong-cuteseas-astonkaja-pikstosa-un-krakskosa-rotallieta-s\\\/#breadcrumb\",\"itemListElement\":[{\"@type\":\"ListItem\",\"position\":1,\"name\":\"Home\",\"item\":\"https:\\\/\\\/miumjau.ee\\\/lv\\\/\"},{\"@type\":\"ListItem\",\"position\":2,\"name\":\"Veikals\",\"item\":\"https:\\\/\\\/miumjau.ee\\\/lv\\\/veikals\\\/\"},{\"@type\":\"ListItem\",\"position\":3,\"name\":\"KONG Cuteseas asto\u0146k\u0101ja p\u012bksto\u0161a un krak\u0161\u0137o\u0161a rota\u013clieta, S\"}]},{\"@type\":\"WebSite\",\"@id\":\"https:\\\/\\\/miumjau.ee\\\/#website\",\"url\":\"https:\\\/\\\/miumjau.ee\\\/\",\"name\":\"MiuMjau\",\"description\":\"Kraapimispuud kassidele\",\"publisher\":{\"@id\":\"https:\\\/\\\/miumjau.ee\\\/#organization\"},\"potentialAction\":[{\"@type\":\"SearchAction\",\"target\":{\"@type\":\"EntryPoint\",\"urlTemplate\":\"https:\\\/\\\/miumjau.ee\\\/?s={search_term_string}\"},\"query-input\":{\"@type\":\"PropertyValueSpecification\",\"valueRequired\":true,\"valueName\":\"search_term_string\"}}],\"inLanguage\":\"lv-LV\"},{\"@type\":\"Organization\",\"@id\":\"https:\\\/\\\/miumjau.ee\\\/#organization\",\"name\":\"MiuMjau O\u00dc\",\"url\":\"https:\\\/\\\/miumjau.ee\\\/\",\"logo\":{\"@type\":\"ImageObject\",\"inLanguage\":\"lv-LV\",\"@id\":\"https:\\\/\\\/miumjau.ee\\\/#\\\/schema\\\/logo\\\/image\\\/\",\"url\":\"https:\\\/\\\/miumjau.ee\\\/wp-content\\\/uploads\\\/2022\\\/04\\\/MiuMjau-logo-kollane.png\",\"contentUrl\":\"https:\\\/\\\/miumjau.ee\\\/wp-content\\\/uploads\\\/2022\\\/04\\\/MiuMjau-logo-kollane.png\",\"width\":219,\"height\":100,\"caption\":\"MiuMjau O\u00dc\"},\"image\":{\"@id\":\"https:\\\/\\\/miumjau.ee\\\/#\\\/schema\\\/logo\\\/image\\\/\"},\"sameAs\":[\"https:\\\/\\\/www.facebook.com\\\/miumjaupood\\\/\"]}]}<\/script>\n<!-- \/ Yoast SEO plugin. -->","yoast_head_json":{"title":"KONG Cuteseas asto\u0146k\u0101ja p\u012bksto\u0161a un krak\u0161\u0137o\u0161a rota\u013clieta, S - MiuMjau","robots":{"index":"index","follow":"follow","max-snippet":"max-snippet:-1","max-image-preview":"max-image-preview:large","max-video-preview":"max-video-preview:-1"},"canonical":"https:\/\/miumjau.ee\/lv\/produkts\/kong-cuteseas-astonkaja-pikstosa-un-krakskosa-rotallieta-s\/","og_locale":"lv_LV","og_type":"article","og_title":"KONG Cuteseas asto\u0146k\u0101ja p\u012bksto\u0161a un krak\u0161\u0137o\u0161a rota\u013clieta, S - MiuMjau","og_description":"KONG CuteSeas \u2013 apskaut j\u016bras dz\u012bvniekus nekad nav bijis tik m\u012b\u013ci! \ud83d\udc1a\ud83d\udc96 KONG CuteSeas sniedz j\u016bsu sunim nebeidzamas m\u012b\u013cas un nomierino\u0161as stundas. \u0160ie j\u016bras dz\u012bvnieki izgatavoti no m\u012bksta auduma, ide\u0101li piem\u0113roti apsk\u0101vieniem. Tie ar\u012b satur p\u012bksto\u0161u un krauk\u0161\u0137o\u0161u materi\u0101lu, kas padara sp\u0113li v\u0113l jautr\u0101ku. \ud83d\udd25 K\u0101p\u0113c izv\u0113l\u0113ties KONG CuteSeas?\u2714 P\u012bksto\u0161as un krauk\u0161\u0137\u012bgas ska\u0146as \u2013 iesaista suni un notur vi\u0146u akt\u012bvu\u2714 M\u012bksts un gluds audums \u2013 ide\u0101li piem\u0113rots apsk\u0101vieniem un nomierin\u0101\u0161anai\u2714 Gar\u012bg\u0101 stimul\u0101cija \u2013 nodro\u0161ina rota\u013c\u012bgu daudzveid\u012bbu un jaunas sp\u0113les iesp\u0113jas \ud83d\udccf Izm\u0113ri:\ud83d\udd39 S \u2013 16 cm\ud83d\udd39 L \u2013 32 cm KONG CuteSeas ir ide\u0101la rota\u013clieta, lai sniegtu sunim mieru, jautr\u012bbu un m\u012bkstas apsk\u0101viena br\u012b\u017eus! \ud83d\udc3e\ud83c\udf0a","og_url":"https:\/\/miumjau.ee\/lv\/produkts\/kong-cuteseas-astonkaja-pikstosa-un-krakskosa-rotallieta-s\/","og_site_name":"MiuMjau","article_publisher":"https:\/\/www.facebook.com\/miumjaupood\/","article_modified_time":"2026-01-07T19:17:40+00:00","og_image":[{"width":600,"height":800,"url":"https:\/\/miumjau.ee\/wp-content\/uploads\/2025\/03\/Kong-cuteseas-octopus.jpg","type":"image\/jpeg"}],"twitter_card":"summary_large_image","schema":{"@context":"https:\/\/schema.org","@graph":[{"@type":"WebPage","@id":"https:\/\/miumjau.ee\/lv\/produkts\/kong-cuteseas-astonkaja-pikstosa-un-krakskosa-rotallieta-s\/","url":"https:\/\/miumjau.ee\/lv\/produkts\/kong-cuteseas-astonkaja-pikstosa-un-krakskosa-rotallieta-s\/","name":"KONG Cuteseas asto\u0146k\u0101ja p\u012bksto\u0161a un krak\u0161\u0137o\u0161a rota\u013clieta, S - MiuMjau","isPartOf":{"@id":"https:\/\/miumjau.ee\/#website"},"primaryImageOfPage":{"@id":"https:\/\/miumjau.ee\/lv\/produkts\/kong-cuteseas-astonkaja-pikstosa-un-krakskosa-rotallieta-s\/#primaryimage"},"image":{"@id":"https:\/\/miumjau.ee\/lv\/produkts\/kong-cuteseas-astonkaja-pikstosa-un-krakskosa-rotallieta-s\/#primaryimage"},"thumbnailUrl":"https:\/\/miumjau.ee\/wp-content\/uploads\/2025\/03\/Kong-cuteseas-octopus.jpg","datePublished":"2025-03-05T10:00:51+00:00","dateModified":"2026-01-07T19:17:40+00:00","breadcrumb":{"@id":"https:\/\/miumjau.ee\/lv\/produkts\/kong-cuteseas-astonkaja-pikstosa-un-krakskosa-rotallieta-s\/#breadcrumb"},"inLanguage":"lv-LV","potentialAction":[{"@type":"ReadAction","target":["https:\/\/miumjau.ee\/lv\/produkts\/kong-cuteseas-astonkaja-pikstosa-un-krakskosa-rotallieta-s\/"]}]},{"@type":"ImageObject","inLanguage":"lv-LV","@id":"https:\/\/miumjau.ee\/lv\/produkts\/kong-cuteseas-astonkaja-pikstosa-un-krakskosa-rotallieta-s\/#primaryimage","url":"https:\/\/miumjau.ee\/wp-content\/uploads\/2025\/03\/Kong-cuteseas-octopus.jpg","contentUrl":"https:\/\/miumjau.ee\/wp-content\/uploads\/2025\/03\/Kong-cuteseas-octopus.jpg","width":600,"height":800},{"@type":"BreadcrumbList","@id":"https:\/\/miumjau.ee\/lv\/produkts\/kong-cuteseas-astonkaja-pikstosa-un-krakskosa-rotallieta-s\/#breadcrumb","itemListElement":[{"@type":"ListItem","position":1,"name":"Home","item":"https:\/\/miumjau.ee\/lv\/"},{"@type":"ListItem","position":2,"name":"Veikals","item":"https:\/\/miumjau.ee\/lv\/veikals\/"},{"@type":"ListItem","position":3,"name":"KONG Cuteseas asto\u0146k\u0101ja p\u012bksto\u0161a un krak\u0161\u0137o\u0161a rota\u013clieta, S"}]},{"@type":"WebSite","@id":"https:\/\/miumjau.ee\/#website","url":"https:\/\/miumjau.ee\/","name":"MiuMjau","description":"Kraapimispuud kassidele","publisher":{"@id":"https:\/\/miumjau.ee\/#organization"},"potentialAction":[{"@type":"SearchAction","target":{"@type":"EntryPoint","urlTemplate":"https:\/\/miumjau.ee\/?s={search_term_string}"},"query-input":{"@type":"PropertyValueSpecification","valueRequired":true,"valueName":"search_term_string"}}],"inLanguage":"lv-LV"},{"@type":"Organization","@id":"https:\/\/miumjau.ee\/#organization","name":"MiuMjau O\u00dc","url":"https:\/\/miumjau.ee\/","logo":{"@type":"ImageObject","inLanguage":"lv-LV","@id":"https:\/\/miumjau.ee\/#\/schema\/logo\/image\/","url":"https:\/\/miumjau.ee\/wp-content\/uploads\/2022\/04\/MiuMjau-logo-kollane.png","contentUrl":"https:\/\/miumjau.ee\/wp-content\/uploads\/2022\/04\/MiuMjau-logo-kollane.png","width":219,"height":100,"caption":"MiuMjau O\u00dc"},"image":{"@id":"https:\/\/miumjau.ee\/#\/schema\/logo\/image\/"},"sameAs":["https:\/\/www.facebook.com\/miumjaupood\/"]}]}},"_links":{"self":[{"href":"https:\/\/miumjau.ee\/lv\/wp-json\/wp\/v2\/product\/48780","targetHints":{"allow":["GET"]}}],"collection":[{"href":"https:\/\/miumjau.ee\/lv\/wp-json\/wp\/v2\/product"}],"about":[{"href":"https:\/\/miumjau.ee\/lv\/wp-json\/wp\/v2\/types\/product"}],"wp:featuredmedia":[{"embeddable":true,"href":"https:\/\/miumjau.ee\/lv\/wp-json\/wp\/v2\/media\/48774"}],"wp:attachment":[{"href":"https:\/\/miumjau.ee\/lv\/wp-json\/wp\/v2\/media?parent=48780"}],"wp:term":[{"taxonomy":"product_brand","embeddable":true,"href":"https:\/\/miumjau.ee\/lv\/wp-json\/wp\/v2\/product_brand?post=48780"},{"taxonomy":"product_cat","embeddable":true,"href":"https:\/\/miumjau.ee\/lv\/wp-json\/wp\/v2\/product_cat?post=48780"},{"taxonomy":"product_tag","embeddable":true,"href":"https:\/\/miumjau.ee\/lv\/wp-json\/wp\/v2\/product_tag?post=48780"}],"curies":[{"name":"wp","href":"https:\/\/api.w.org\/{rel}","templated":true}]}}