{"id":48771,"date":"2025-03-05T12:08:14","date_gmt":"2025-03-05T10:08:14","guid":{"rendered":"https:\/\/miumjau.ee\/toode\/kong-shakers-shimmy-crab-rotallieta-suniem\/"},"modified":"2026-01-07T21:17:40","modified_gmt":"2026-01-07T19:17:40","slug":"kong-shakers-shimmy-crab-rotallieta-suniem","status":"publish","type":"product","link":"https:\/\/miumjau.ee\/lv\/produkts\/kong-shakers-shimmy-crab-rotallieta-suniem\/","title":{"rendered":"KONG Shakers Shimmy Crab rota\u013clieta su\u0146iem"},"content":{"rendered":"","protected":false},"excerpt":{"rendered":"<p data-start=\"2329\" data-end=\"2415\"><strong data-start=\"2329\" data-end=\"2415\">KONG Shakers Shimmy Crab \u2013 lielas jautras \u0137epas, kas piesaista su\u0146a uzman\u012bbu! \ud83e\udd80\ud83c\udf89<\/strong><\/p>\n<p data-start=\"2417\" data-end=\"2782\">KONG Shakers Shimmy Crab nodro\u0161ina j\u016bsu sunim jautru un akt\u012bvu sp\u0113li! \u0160im krabim ir lielas, \u0161\u016bpojo\u0161as \u0137epas, kas piesaista su\u0146a uzman\u012bbu un apmierina dabiskos krat\u012b\u0161anas instinktus. Spilgt\u0101, m\u012bkst\u0101 m\u0101ksl\u012bg\u0101s \u0101das tekst\u016bra notur kuc\u0113nu aizraut\u012bgu, kam\u0113r zemo to\u0146u p\u012bksto\u0161\u0101 ska\u0146a un krak\u0161\u0137\u0113\u0161ana aicina uz jautru krat\u012b\u0161anas sp\u0113li, nodro\u0161inot vesel\u012bgu kust\u012bbu uz br\u012bdi.<\/p>\n<p data-start=\"2784\" data-end=\"3193\">\ud83d\udd25 <strong data-start=\"2787\" data-end=\"2833\">K\u0101p\u0113c izv\u0113l\u0113ties KONG Shakers Shimmy Crab?<\/strong><br data-start=\"2833\" data-end=\"2836\" \/>\u2714 \u0160\u016bpojo\u0161as \u0137epas \u2013 apmierina su\u0146a krat\u012b\u0161anas instinktus un papildina sp\u0113li<br data-start=\"2911\" data-end=\"2914\" \/>\u2714 Gar\u0161 \u0137ermenis \u2013 padara krat\u012b\u0161anu v\u0113l jautr\u0101ku<br data-start=\"2961\" data-end=\"2964\" \/>\u2714 Zemo to\u0146u p\u012bksto\u0161a ska\u0146a \u2013 pagarina sp\u0113les ilgumu un notur su\u0146a uzman\u012bbu<br data-start=\"3038\" data-end=\"3041\" \/>\u2714 Unik\u0101las tekst\u016bras \u2013 stimul\u0113 sp\u0113les instinktus un nodro\u0161ina daudzveid\u012bgu jautr\u012bbu<br data-start=\"3124\" data-end=\"3127\" \/>\u2714 Krak\u0161\u0137\u0113jo\u0161a ska\u0146a \u2013 stimul\u0113 suni un aktiviz\u0113 med\u012bbu instinktus<\/p>\n<p data-start=\"3195\" data-end=\"3347\">KONG Shakers Shimmy Crab ir ide\u0101la rota\u013clieta, lai apmierin\u0101tu su\u0146a dabiskos instinktus, sniegtu nebeidzamu prieku un veicin\u0101tu vesel\u012bgu kust\u012bbu! \ud83d\udc3e\ud83c\udf0a<\/p>\n","protected":false},"featured_media":48768,"template":"","meta":[],"product_brand":[],"product_cat":[592],"product_tag":[],"class_list":{"0":"post-48771","1":"product","2":"type-product","3":"status-publish","4":"has-post-thumbnail","6":"product_cat-rotallietas-suniem","8":"first","9":"instock","10":"taxable","11":"shipping-taxable","12":"purchasable","13":"product-type-simple"},"yoast_head":"<!-- This site is optimized with the Yoast SEO plugin v27.2 - https:\/\/yoast.com\/product\/yoast-seo-wordpress\/ -->\n<title>KONG Shakers Shimmy Crab rota\u013clieta su\u0146iem - MiuMjau<\/title>\n<meta name=\"robots\" content=\"index, follow, max-snippet:-1, max-image-preview:large, max-video-preview:-1\" \/>\n<link rel=\"canonical\" href=\"https:\/\/miumjau.ee\/lv\/produkts\/kong-shakers-shimmy-crab-rotallieta-suniem\/\" \/>\n<meta property=\"og:locale\" content=\"lv_LV\" \/>\n<meta property=\"og:type\" content=\"article\" \/>\n<meta property=\"og:title\" content=\"KONG Shakers Shimmy Crab rota\u013clieta su\u0146iem - MiuMjau\" \/>\n<meta property=\"og:description\" content=\"KONG Shakers Shimmy Crab \u2013 lielas jautras \u0137epas, kas piesaista su\u0146a uzman\u012bbu! \ud83e\udd80\ud83c\udf89 KONG Shakers Shimmy Crab nodro\u0161ina j\u016bsu sunim jautru un akt\u012bvu sp\u0113li! \u0160im krabim ir lielas, \u0161\u016bpojo\u0161as \u0137epas, kas piesaista su\u0146a uzman\u012bbu un apmierina dabiskos krat\u012b\u0161anas instinktus. Spilgt\u0101, m\u012bkst\u0101 m\u0101ksl\u012bg\u0101s \u0101das tekst\u016bra notur kuc\u0113nu aizraut\u012bgu, kam\u0113r zemo to\u0146u p\u012bksto\u0161\u0101 ska\u0146a un krak\u0161\u0137\u0113\u0161ana aicina uz jautru krat\u012b\u0161anas sp\u0113li, nodro\u0161inot vesel\u012bgu kust\u012bbu uz br\u012bdi. \ud83d\udd25 K\u0101p\u0113c izv\u0113l\u0113ties KONG Shakers Shimmy Crab?\u2714 \u0160\u016bpojo\u0161as \u0137epas \u2013 apmierina su\u0146a krat\u012b\u0161anas instinktus un papildina sp\u0113li\u2714 Gar\u0161 \u0137ermenis \u2013 padara krat\u012b\u0161anu v\u0113l jautr\u0101ku\u2714 Zemo to\u0146u p\u012bksto\u0161a ska\u0146a \u2013 pagarina sp\u0113les ilgumu un notur su\u0146a uzman\u012bbu\u2714 Unik\u0101las tekst\u016bras \u2013 stimul\u0113 sp\u0113les instinktus un nodro\u0161ina daudzveid\u012bgu jautr\u012bbu\u2714 Krak\u0161\u0137\u0113jo\u0161a ska\u0146a \u2013 stimul\u0113 suni un aktiviz\u0113 med\u012bbu instinktus KONG Shakers Shimmy Crab ir ide\u0101la rota\u013clieta, lai apmierin\u0101tu su\u0146a dabiskos instinktus, sniegtu nebeidzamu prieku un veicin\u0101tu vesel\u012bgu kust\u012bbu! \ud83d\udc3e\ud83c\udf0a\" \/>\n<meta property=\"og:url\" content=\"https:\/\/miumjau.ee\/lv\/produkts\/kong-shakers-shimmy-crab-rotallieta-suniem\/\" \/>\n<meta property=\"og:site_name\" content=\"MiuMjau\" \/>\n<meta property=\"article:publisher\" content=\"https:\/\/www.facebook.com\/miumjaupood\/\" \/>\n<meta property=\"article:modified_time\" content=\"2026-01-07T19:17:40+00:00\" \/>\n<meta property=\"og:image\" content=\"https:\/\/miumjau.ee\/wp-content\/uploads\/2025\/03\/kong-shakers-crab.jpg\" \/>\n\t<meta property=\"og:image:width\" content=\"600\" \/>\n\t<meta property=\"og:image:height\" content=\"800\" \/>\n\t<meta property=\"og:image:type\" content=\"image\/jpeg\" \/>\n<meta name=\"twitter:card\" content=\"summary_large_image\" \/>\n<script type=\"application\/ld+json\" class=\"yoast-schema-graph\">{\"@context\":\"https:\/\/schema.org\",\"@graph\":[{\"@type\":\"WebPage\",\"@id\":\"https:\/\/miumjau.ee\/lv\/produkts\/kong-shakers-shimmy-crab-rotallieta-suniem\/\",\"url\":\"https:\/\/miumjau.ee\/lv\/produkts\/kong-shakers-shimmy-crab-rotallieta-suniem\/\",\"name\":\"KONG Shakers Shimmy Crab rota\u013clieta su\u0146iem - MiuMjau\",\"isPartOf\":{\"@id\":\"https:\/\/miumjau.ee\/#website\"},\"primaryImageOfPage\":{\"@id\":\"https:\/\/miumjau.ee\/lv\/produkts\/kong-shakers-shimmy-crab-rotallieta-suniem\/#primaryimage\"},\"image\":{\"@id\":\"https:\/\/miumjau.ee\/lv\/produkts\/kong-shakers-shimmy-crab-rotallieta-suniem\/#primaryimage\"},\"thumbnailUrl\":\"https:\/\/miumjau.ee\/wp-content\/uploads\/2025\/03\/kong-shakers-crab.jpg\",\"datePublished\":\"2025-03-05T10:08:14+00:00\",\"dateModified\":\"2026-01-07T19:17:40+00:00\",\"breadcrumb\":{\"@id\":\"https:\/\/miumjau.ee\/lv\/produkts\/kong-shakers-shimmy-crab-rotallieta-suniem\/#breadcrumb\"},\"inLanguage\":\"lv-LV\",\"potentialAction\":[{\"@type\":\"ReadAction\",\"target\":[\"https:\/\/miumjau.ee\/lv\/produkts\/kong-shakers-shimmy-crab-rotallieta-suniem\/\"]}]},{\"@type\":\"ImageObject\",\"inLanguage\":\"lv-LV\",\"@id\":\"https:\/\/miumjau.ee\/lv\/produkts\/kong-shakers-shimmy-crab-rotallieta-suniem\/#primaryimage\",\"url\":\"https:\/\/miumjau.ee\/wp-content\/uploads\/2025\/03\/kong-shakers-crab.jpg\",\"contentUrl\":\"https:\/\/miumjau.ee\/wp-content\/uploads\/2025\/03\/kong-shakers-crab.jpg\",\"width\":600,\"height\":800},{\"@type\":\"BreadcrumbList\",\"@id\":\"https:\/\/miumjau.ee\/lv\/produkts\/kong-shakers-shimmy-crab-rotallieta-suniem\/#breadcrumb\",\"itemListElement\":[{\"@type\":\"ListItem\",\"position\":1,\"name\":\"Home\",\"item\":\"https:\/\/miumjau.ee\/lv\/\"},{\"@type\":\"ListItem\",\"position\":2,\"name\":\"Veikals\",\"item\":\"https:\/\/miumjau.ee\/lv\/veikals\/\"},{\"@type\":\"ListItem\",\"position\":3,\"name\":\"KONG Shakers Shimmy Crab rota\u013clieta su\u0146iem\"}]},{\"@type\":\"WebSite\",\"@id\":\"https:\/\/miumjau.ee\/#website\",\"url\":\"https:\/\/miumjau.ee\/\",\"name\":\"MiuMjau\",\"description\":\"Kraapimispuud kassidele\",\"publisher\":{\"@id\":\"https:\/\/miumjau.ee\/#organization\"},\"potentialAction\":[{\"@type\":\"SearchAction\",\"target\":{\"@type\":\"EntryPoint\",\"urlTemplate\":\"https:\/\/miumjau.ee\/?s={search_term_string}\"},\"query-input\":{\"@type\":\"PropertyValueSpecification\",\"valueRequired\":true,\"valueName\":\"search_term_string\"}}],\"inLanguage\":\"lv-LV\"},{\"@type\":\"Organization\",\"@id\":\"https:\/\/miumjau.ee\/#organization\",\"name\":\"MiuMjau O\u00dc\",\"url\":\"https:\/\/miumjau.ee\/\",\"logo\":{\"@type\":\"ImageObject\",\"inLanguage\":\"lv-LV\",\"@id\":\"https:\/\/miumjau.ee\/#\/schema\/logo\/image\/\",\"url\":\"https:\/\/miumjau.ee\/wp-content\/uploads\/2022\/04\/MiuMjau-logo-kollane.png\",\"contentUrl\":\"https:\/\/miumjau.ee\/wp-content\/uploads\/2022\/04\/MiuMjau-logo-kollane.png\",\"width\":219,\"height\":100,\"caption\":\"MiuMjau O\u00dc\"},\"image\":{\"@id\":\"https:\/\/miumjau.ee\/#\/schema\/logo\/image\/\"},\"sameAs\":[\"https:\/\/www.facebook.com\/miumjaupood\/\"]}]}<\/script>\n<!-- \/ Yoast SEO plugin. -->","yoast_head_json":{"title":"KONG Shakers Shimmy Crab rota\u013clieta su\u0146iem - MiuMjau","robots":{"index":"index","follow":"follow","max-snippet":"max-snippet:-1","max-image-preview":"max-image-preview:large","max-video-preview":"max-video-preview:-1"},"canonical":"https:\/\/miumjau.ee\/lv\/produkts\/kong-shakers-shimmy-crab-rotallieta-suniem\/","og_locale":"lv_LV","og_type":"article","og_title":"KONG Shakers Shimmy Crab rota\u013clieta su\u0146iem - MiuMjau","og_description":"KONG Shakers Shimmy Crab \u2013 lielas jautras \u0137epas, kas piesaista su\u0146a uzman\u012bbu! \ud83e\udd80\ud83c\udf89 KONG Shakers Shimmy Crab nodro\u0161ina j\u016bsu sunim jautru un akt\u012bvu sp\u0113li! \u0160im krabim ir lielas, \u0161\u016bpojo\u0161as \u0137epas, kas piesaista su\u0146a uzman\u012bbu un apmierina dabiskos krat\u012b\u0161anas instinktus. Spilgt\u0101, m\u012bkst\u0101 m\u0101ksl\u012bg\u0101s \u0101das tekst\u016bra notur kuc\u0113nu aizraut\u012bgu, kam\u0113r zemo to\u0146u p\u012bksto\u0161\u0101 ska\u0146a un krak\u0161\u0137\u0113\u0161ana aicina uz jautru krat\u012b\u0161anas sp\u0113li, nodro\u0161inot vesel\u012bgu kust\u012bbu uz br\u012bdi. \ud83d\udd25 K\u0101p\u0113c izv\u0113l\u0113ties KONG Shakers Shimmy Crab?\u2714 \u0160\u016bpojo\u0161as \u0137epas \u2013 apmierina su\u0146a krat\u012b\u0161anas instinktus un papildina sp\u0113li\u2714 Gar\u0161 \u0137ermenis \u2013 padara krat\u012b\u0161anu v\u0113l jautr\u0101ku\u2714 Zemo to\u0146u p\u012bksto\u0161a ska\u0146a \u2013 pagarina sp\u0113les ilgumu un notur su\u0146a uzman\u012bbu\u2714 Unik\u0101las tekst\u016bras \u2013 stimul\u0113 sp\u0113les instinktus un nodro\u0161ina daudzveid\u012bgu jautr\u012bbu\u2714 Krak\u0161\u0137\u0113jo\u0161a ska\u0146a \u2013 stimul\u0113 suni un aktiviz\u0113 med\u012bbu instinktus KONG Shakers Shimmy Crab ir ide\u0101la rota\u013clieta, lai apmierin\u0101tu su\u0146a dabiskos instinktus, sniegtu nebeidzamu prieku un veicin\u0101tu vesel\u012bgu kust\u012bbu! \ud83d\udc3e\ud83c\udf0a","og_url":"https:\/\/miumjau.ee\/lv\/produkts\/kong-shakers-shimmy-crab-rotallieta-suniem\/","og_site_name":"MiuMjau","article_publisher":"https:\/\/www.facebook.com\/miumjaupood\/","article_modified_time":"2026-01-07T19:17:40+00:00","og_image":[{"width":600,"height":800,"url":"https:\/\/miumjau.ee\/wp-content\/uploads\/2025\/03\/kong-shakers-crab.jpg","type":"image\/jpeg"}],"twitter_card":"summary_large_image","schema":{"@context":"https:\/\/schema.org","@graph":[{"@type":"WebPage","@id":"https:\/\/miumjau.ee\/lv\/produkts\/kong-shakers-shimmy-crab-rotallieta-suniem\/","url":"https:\/\/miumjau.ee\/lv\/produkts\/kong-shakers-shimmy-crab-rotallieta-suniem\/","name":"KONG Shakers Shimmy Crab rota\u013clieta su\u0146iem - MiuMjau","isPartOf":{"@id":"https:\/\/miumjau.ee\/#website"},"primaryImageOfPage":{"@id":"https:\/\/miumjau.ee\/lv\/produkts\/kong-shakers-shimmy-crab-rotallieta-suniem\/#primaryimage"},"image":{"@id":"https:\/\/miumjau.ee\/lv\/produkts\/kong-shakers-shimmy-crab-rotallieta-suniem\/#primaryimage"},"thumbnailUrl":"https:\/\/miumjau.ee\/wp-content\/uploads\/2025\/03\/kong-shakers-crab.jpg","datePublished":"2025-03-05T10:08:14+00:00","dateModified":"2026-01-07T19:17:40+00:00","breadcrumb":{"@id":"https:\/\/miumjau.ee\/lv\/produkts\/kong-shakers-shimmy-crab-rotallieta-suniem\/#breadcrumb"},"inLanguage":"lv-LV","potentialAction":[{"@type":"ReadAction","target":["https:\/\/miumjau.ee\/lv\/produkts\/kong-shakers-shimmy-crab-rotallieta-suniem\/"]}]},{"@type":"ImageObject","inLanguage":"lv-LV","@id":"https:\/\/miumjau.ee\/lv\/produkts\/kong-shakers-shimmy-crab-rotallieta-suniem\/#primaryimage","url":"https:\/\/miumjau.ee\/wp-content\/uploads\/2025\/03\/kong-shakers-crab.jpg","contentUrl":"https:\/\/miumjau.ee\/wp-content\/uploads\/2025\/03\/kong-shakers-crab.jpg","width":600,"height":800},{"@type":"BreadcrumbList","@id":"https:\/\/miumjau.ee\/lv\/produkts\/kong-shakers-shimmy-crab-rotallieta-suniem\/#breadcrumb","itemListElement":[{"@type":"ListItem","position":1,"name":"Home","item":"https:\/\/miumjau.ee\/lv\/"},{"@type":"ListItem","position":2,"name":"Veikals","item":"https:\/\/miumjau.ee\/lv\/veikals\/"},{"@type":"ListItem","position":3,"name":"KONG Shakers Shimmy Crab rota\u013clieta su\u0146iem"}]},{"@type":"WebSite","@id":"https:\/\/miumjau.ee\/#website","url":"https:\/\/miumjau.ee\/","name":"MiuMjau","description":"Kraapimispuud kassidele","publisher":{"@id":"https:\/\/miumjau.ee\/#organization"},"potentialAction":[{"@type":"SearchAction","target":{"@type":"EntryPoint","urlTemplate":"https:\/\/miumjau.ee\/?s={search_term_string}"},"query-input":{"@type":"PropertyValueSpecification","valueRequired":true,"valueName":"search_term_string"}}],"inLanguage":"lv-LV"},{"@type":"Organization","@id":"https:\/\/miumjau.ee\/#organization","name":"MiuMjau O\u00dc","url":"https:\/\/miumjau.ee\/","logo":{"@type":"ImageObject","inLanguage":"lv-LV","@id":"https:\/\/miumjau.ee\/#\/schema\/logo\/image\/","url":"https:\/\/miumjau.ee\/wp-content\/uploads\/2022\/04\/MiuMjau-logo-kollane.png","contentUrl":"https:\/\/miumjau.ee\/wp-content\/uploads\/2022\/04\/MiuMjau-logo-kollane.png","width":219,"height":100,"caption":"MiuMjau O\u00dc"},"image":{"@id":"https:\/\/miumjau.ee\/#\/schema\/logo\/image\/"},"sameAs":["https:\/\/www.facebook.com\/miumjaupood\/"]}]}},"_links":{"self":[{"href":"https:\/\/miumjau.ee\/lv\/wp-json\/wp\/v2\/product\/48771","targetHints":{"allow":["GET"]}}],"collection":[{"href":"https:\/\/miumjau.ee\/lv\/wp-json\/wp\/v2\/product"}],"about":[{"href":"https:\/\/miumjau.ee\/lv\/wp-json\/wp\/v2\/types\/product"}],"wp:featuredmedia":[{"embeddable":true,"href":"https:\/\/miumjau.ee\/lv\/wp-json\/wp\/v2\/media\/48768"}],"wp:attachment":[{"href":"https:\/\/miumjau.ee\/lv\/wp-json\/wp\/v2\/media?parent=48771"}],"wp:term":[{"taxonomy":"product_brand","embeddable":true,"href":"https:\/\/miumjau.ee\/lv\/wp-json\/wp\/v2\/product_brand?post=48771"},{"taxonomy":"product_cat","embeddable":true,"href":"https:\/\/miumjau.ee\/lv\/wp-json\/wp\/v2\/product_cat?post=48771"},{"taxonomy":"product_tag","embeddable":true,"href":"https:\/\/miumjau.ee\/lv\/wp-json\/wp\/v2\/product_tag?post=48771"}],"curies":[{"name":"wp","href":"https:\/\/api.w.org\/{rel}","templated":true}]}}