{"id":48751,"date":"2025-03-04T11:44:39","date_gmt":"2025-03-04T09:44:39","guid":{"rendered":"https:\/\/miumjau.ee\/toode\/rotallieta-suniem-udeni-peldejoss-dog-comets-meteor-s\/"},"modified":"2026-01-07T21:17:47","modified_gmt":"2026-01-07T19:17:47","slug":"rotallieta-suniem-udeni-peldejoss-dog-comets-meteor-s","status":"publish","type":"product","link":"https:\/\/miumjau.ee\/lv\/produkts\/rotallieta-suniem-udeni-peldejoss-dog-comets-meteor-s\/","title":{"rendered":"Rota\u013clieta su\u0146iem, \u016bden\u012b peld\u0113jo\u0161s Dog Comets Meteor S"},"content":{"rendered":"","protected":false},"excerpt":{"rendered":"<p data-start=\"851\" data-end=\"900\"><strong data-start=\"851\" data-end=\"900\">Dog Comets Meteor me\u0161anas n\u016bji\u0146a \u2013 Oran\u017ea (S)<\/strong><\/p>\n<p data-start=\"902\" data-end=\"952\">Iztur\u012bga gumijas me\u0161anas n\u016bji\u0146a, kas lieliski lec!<\/p>\n<p data-start=\"954\" data-end=\"1084\">\ud83d\udd38 Iztur\u012bgs materi\u0101ls<br data-start=\"975\" data-end=\"978\" \/>\ud83d\udd38 Mas\u0113 smaganas un atbalsta zobu vesel\u012bbu<br data-start=\"1020\" data-end=\"1023\" \/>\ud83d\udd38 Ieb\u016bv\u0113ts p\u012bksto\u0161s elements, lai rota\u013ca b\u016btu v\u0113l jautr\u0101ka<\/p>\n<p data-start=\"1086\" data-end=\"1110\">\ud83d\udccf <strong data-start=\"1089\" data-end=\"1100\">Izm\u0113rs:<\/strong> S \u2013 23 cm<\/p>\n","protected":false},"featured_media":48744,"template":"","meta":[],"product_brand":[],"product_cat":[592],"product_tag":[],"class_list":{"0":"post-48751","1":"product","2":"type-product","3":"status-publish","4":"has-post-thumbnail","6":"product_cat-rotallietas-suniem","8":"first","9":"instock","10":"sale","11":"taxable","12":"shipping-taxable","13":"purchasable","14":"product-type-simple"},"yoast_head":"<!-- This site is optimized with the Yoast SEO plugin v27.4 - https:\/\/yoast.com\/product\/yoast-seo-wordpress\/ -->\n<title>Rota\u013clieta su\u0146iem, \u016bden\u012b peld\u0113jo\u0161s Dog Comets Meteor S - MiuMjau<\/title>\n<meta name=\"robots\" content=\"index, follow, max-snippet:-1, max-image-preview:large, max-video-preview:-1\" \/>\n<link rel=\"canonical\" href=\"https:\/\/miumjau.ee\/lv\/produkts\/rotallieta-suniem-udeni-peldejoss-dog-comets-meteor-s\/\" \/>\n<meta property=\"og:locale\" content=\"lv_LV\" \/>\n<meta property=\"og:type\" content=\"article\" \/>\n<meta property=\"og:title\" content=\"Rota\u013clieta su\u0146iem, \u016bden\u012b peld\u0113jo\u0161s Dog Comets Meteor S - MiuMjau\" \/>\n<meta property=\"og:description\" content=\"Dog Comets Meteor me\u0161anas n\u016bji\u0146a \u2013 Oran\u017ea (S) Iztur\u012bga gumijas me\u0161anas n\u016bji\u0146a, kas lieliski lec! \ud83d\udd38 Iztur\u012bgs materi\u0101ls\ud83d\udd38 Mas\u0113 smaganas un atbalsta zobu vesel\u012bbu\ud83d\udd38 Ieb\u016bv\u0113ts p\u012bksto\u0161s elements, lai rota\u013ca b\u016btu v\u0113l jautr\u0101ka \ud83d\udccf Izm\u0113rs: S \u2013 23 cm\" \/>\n<meta property=\"og:url\" content=\"https:\/\/miumjau.ee\/lv\/produkts\/rotallieta-suniem-udeni-peldejoss-dog-comets-meteor-s\/\" \/>\n<meta property=\"og:site_name\" content=\"MiuMjau\" \/>\n<meta property=\"article:publisher\" content=\"https:\/\/www.facebook.com\/miumjaupood\/\" \/>\n<meta property=\"article:modified_time\" content=\"2026-01-07T19:17:47+00:00\" \/>\n<meta property=\"og:image\" content=\"https:\/\/miumjau.ee\/wp-content\/uploads\/2025\/03\/koera-manguasi-dog-meteor-star-comet2.jpg\" \/>\n\t<meta property=\"og:image:width\" content=\"600\" \/>\n\t<meta property=\"og:image:height\" content=\"800\" \/>\n\t<meta property=\"og:image:type\" content=\"image\/jpeg\" \/>\n<meta name=\"twitter:card\" content=\"summary_large_image\" \/>\n<script type=\"application\/ld+json\" class=\"yoast-schema-graph\">{\"@context\":\"https:\\\/\\\/schema.org\",\"@graph\":[{\"@type\":\"WebPage\",\"@id\":\"https:\\\/\\\/miumjau.ee\\\/lv\\\/produkts\\\/rotallieta-suniem-udeni-peldejoss-dog-comets-meteor-s\\\/\",\"url\":\"https:\\\/\\\/miumjau.ee\\\/lv\\\/produkts\\\/rotallieta-suniem-udeni-peldejoss-dog-comets-meteor-s\\\/\",\"name\":\"Rota\u013clieta su\u0146iem, \u016bden\u012b peld\u0113jo\u0161s Dog Comets Meteor S - MiuMjau\",\"isPartOf\":{\"@id\":\"https:\\\/\\\/miumjau.ee\\\/#website\"},\"primaryImageOfPage\":{\"@id\":\"https:\\\/\\\/miumjau.ee\\\/lv\\\/produkts\\\/rotallieta-suniem-udeni-peldejoss-dog-comets-meteor-s\\\/#primaryimage\"},\"image\":{\"@id\":\"https:\\\/\\\/miumjau.ee\\\/lv\\\/produkts\\\/rotallieta-suniem-udeni-peldejoss-dog-comets-meteor-s\\\/#primaryimage\"},\"thumbnailUrl\":\"https:\\\/\\\/miumjau.ee\\\/wp-content\\\/uploads\\\/2025\\\/03\\\/koera-manguasi-dog-meteor-star-comet2.jpg\",\"datePublished\":\"2025-03-04T09:44:39+00:00\",\"dateModified\":\"2026-01-07T19:17:47+00:00\",\"breadcrumb\":{\"@id\":\"https:\\\/\\\/miumjau.ee\\\/lv\\\/produkts\\\/rotallieta-suniem-udeni-peldejoss-dog-comets-meteor-s\\\/#breadcrumb\"},\"inLanguage\":\"lv-LV\",\"potentialAction\":[{\"@type\":\"ReadAction\",\"target\":[\"https:\\\/\\\/miumjau.ee\\\/lv\\\/produkts\\\/rotallieta-suniem-udeni-peldejoss-dog-comets-meteor-s\\\/\"]}]},{\"@type\":\"ImageObject\",\"inLanguage\":\"lv-LV\",\"@id\":\"https:\\\/\\\/miumjau.ee\\\/lv\\\/produkts\\\/rotallieta-suniem-udeni-peldejoss-dog-comets-meteor-s\\\/#primaryimage\",\"url\":\"https:\\\/\\\/miumjau.ee\\\/wp-content\\\/uploads\\\/2025\\\/03\\\/koera-manguasi-dog-meteor-star-comet2.jpg\",\"contentUrl\":\"https:\\\/\\\/miumjau.ee\\\/wp-content\\\/uploads\\\/2025\\\/03\\\/koera-manguasi-dog-meteor-star-comet2.jpg\",\"width\":600,\"height\":800,\"caption\":\"M\u00e4nguasi koerale, visatav ja vees h\u00f5ljuv Dog Comets Meteor L\"},{\"@type\":\"BreadcrumbList\",\"@id\":\"https:\\\/\\\/miumjau.ee\\\/lv\\\/produkts\\\/rotallieta-suniem-udeni-peldejoss-dog-comets-meteor-s\\\/#breadcrumb\",\"itemListElement\":[{\"@type\":\"ListItem\",\"position\":1,\"name\":\"Home\",\"item\":\"https:\\\/\\\/miumjau.ee\\\/lv\\\/\"},{\"@type\":\"ListItem\",\"position\":2,\"name\":\"Veikals\",\"item\":\"https:\\\/\\\/miumjau.ee\\\/lv\\\/veikals\\\/\"},{\"@type\":\"ListItem\",\"position\":3,\"name\":\"Rota\u013clieta su\u0146iem, \u016bden\u012b peld\u0113jo\u0161s Dog Comets Meteor S\"}]},{\"@type\":\"WebSite\",\"@id\":\"https:\\\/\\\/miumjau.ee\\\/#website\",\"url\":\"https:\\\/\\\/miumjau.ee\\\/\",\"name\":\"MiuMjau\",\"description\":\"Kraapimispuud kassidele\",\"publisher\":{\"@id\":\"https:\\\/\\\/miumjau.ee\\\/#organization\"},\"potentialAction\":[{\"@type\":\"SearchAction\",\"target\":{\"@type\":\"EntryPoint\",\"urlTemplate\":\"https:\\\/\\\/miumjau.ee\\\/?s={search_term_string}\"},\"query-input\":{\"@type\":\"PropertyValueSpecification\",\"valueRequired\":true,\"valueName\":\"search_term_string\"}}],\"inLanguage\":\"lv-LV\"},{\"@type\":\"Organization\",\"@id\":\"https:\\\/\\\/miumjau.ee\\\/#organization\",\"name\":\"MiuMjau O\u00dc\",\"url\":\"https:\\\/\\\/miumjau.ee\\\/\",\"logo\":{\"@type\":\"ImageObject\",\"inLanguage\":\"lv-LV\",\"@id\":\"https:\\\/\\\/miumjau.ee\\\/#\\\/schema\\\/logo\\\/image\\\/\",\"url\":\"https:\\\/\\\/miumjau.ee\\\/wp-content\\\/uploads\\\/2022\\\/04\\\/MiuMjau-logo-kollane.png\",\"contentUrl\":\"https:\\\/\\\/miumjau.ee\\\/wp-content\\\/uploads\\\/2022\\\/04\\\/MiuMjau-logo-kollane.png\",\"width\":219,\"height\":100,\"caption\":\"MiuMjau O\u00dc\"},\"image\":{\"@id\":\"https:\\\/\\\/miumjau.ee\\\/#\\\/schema\\\/logo\\\/image\\\/\"},\"sameAs\":[\"https:\\\/\\\/www.facebook.com\\\/miumjaupood\\\/\"]}]}<\/script>\n<!-- \/ Yoast SEO plugin. -->","yoast_head_json":{"title":"Rota\u013clieta su\u0146iem, \u016bden\u012b peld\u0113jo\u0161s Dog Comets Meteor S - MiuMjau","robots":{"index":"index","follow":"follow","max-snippet":"max-snippet:-1","max-image-preview":"max-image-preview:large","max-video-preview":"max-video-preview:-1"},"canonical":"https:\/\/miumjau.ee\/lv\/produkts\/rotallieta-suniem-udeni-peldejoss-dog-comets-meteor-s\/","og_locale":"lv_LV","og_type":"article","og_title":"Rota\u013clieta su\u0146iem, \u016bden\u012b peld\u0113jo\u0161s Dog Comets Meteor S - MiuMjau","og_description":"Dog Comets Meteor me\u0161anas n\u016bji\u0146a \u2013 Oran\u017ea (S) Iztur\u012bga gumijas me\u0161anas n\u016bji\u0146a, kas lieliski lec! \ud83d\udd38 Iztur\u012bgs materi\u0101ls\ud83d\udd38 Mas\u0113 smaganas un atbalsta zobu vesel\u012bbu\ud83d\udd38 Ieb\u016bv\u0113ts p\u012bksto\u0161s elements, lai rota\u013ca b\u016btu v\u0113l jautr\u0101ka \ud83d\udccf Izm\u0113rs: S \u2013 23 cm","og_url":"https:\/\/miumjau.ee\/lv\/produkts\/rotallieta-suniem-udeni-peldejoss-dog-comets-meteor-s\/","og_site_name":"MiuMjau","article_publisher":"https:\/\/www.facebook.com\/miumjaupood\/","article_modified_time":"2026-01-07T19:17:47+00:00","og_image":[{"width":600,"height":800,"url":"https:\/\/miumjau.ee\/wp-content\/uploads\/2025\/03\/koera-manguasi-dog-meteor-star-comet2.jpg","type":"image\/jpeg"}],"twitter_card":"summary_large_image","schema":{"@context":"https:\/\/schema.org","@graph":[{"@type":"WebPage","@id":"https:\/\/miumjau.ee\/lv\/produkts\/rotallieta-suniem-udeni-peldejoss-dog-comets-meteor-s\/","url":"https:\/\/miumjau.ee\/lv\/produkts\/rotallieta-suniem-udeni-peldejoss-dog-comets-meteor-s\/","name":"Rota\u013clieta su\u0146iem, \u016bden\u012b peld\u0113jo\u0161s Dog Comets Meteor S - MiuMjau","isPartOf":{"@id":"https:\/\/miumjau.ee\/#website"},"primaryImageOfPage":{"@id":"https:\/\/miumjau.ee\/lv\/produkts\/rotallieta-suniem-udeni-peldejoss-dog-comets-meteor-s\/#primaryimage"},"image":{"@id":"https:\/\/miumjau.ee\/lv\/produkts\/rotallieta-suniem-udeni-peldejoss-dog-comets-meteor-s\/#primaryimage"},"thumbnailUrl":"https:\/\/miumjau.ee\/wp-content\/uploads\/2025\/03\/koera-manguasi-dog-meteor-star-comet2.jpg","datePublished":"2025-03-04T09:44:39+00:00","dateModified":"2026-01-07T19:17:47+00:00","breadcrumb":{"@id":"https:\/\/miumjau.ee\/lv\/produkts\/rotallieta-suniem-udeni-peldejoss-dog-comets-meteor-s\/#breadcrumb"},"inLanguage":"lv-LV","potentialAction":[{"@type":"ReadAction","target":["https:\/\/miumjau.ee\/lv\/produkts\/rotallieta-suniem-udeni-peldejoss-dog-comets-meteor-s\/"]}]},{"@type":"ImageObject","inLanguage":"lv-LV","@id":"https:\/\/miumjau.ee\/lv\/produkts\/rotallieta-suniem-udeni-peldejoss-dog-comets-meteor-s\/#primaryimage","url":"https:\/\/miumjau.ee\/wp-content\/uploads\/2025\/03\/koera-manguasi-dog-meteor-star-comet2.jpg","contentUrl":"https:\/\/miumjau.ee\/wp-content\/uploads\/2025\/03\/koera-manguasi-dog-meteor-star-comet2.jpg","width":600,"height":800,"caption":"M\u00e4nguasi koerale, visatav ja vees h\u00f5ljuv Dog Comets Meteor L"},{"@type":"BreadcrumbList","@id":"https:\/\/miumjau.ee\/lv\/produkts\/rotallieta-suniem-udeni-peldejoss-dog-comets-meteor-s\/#breadcrumb","itemListElement":[{"@type":"ListItem","position":1,"name":"Home","item":"https:\/\/miumjau.ee\/lv\/"},{"@type":"ListItem","position":2,"name":"Veikals","item":"https:\/\/miumjau.ee\/lv\/veikals\/"},{"@type":"ListItem","position":3,"name":"Rota\u013clieta su\u0146iem, \u016bden\u012b peld\u0113jo\u0161s Dog Comets Meteor S"}]},{"@type":"WebSite","@id":"https:\/\/miumjau.ee\/#website","url":"https:\/\/miumjau.ee\/","name":"MiuMjau","description":"Kraapimispuud kassidele","publisher":{"@id":"https:\/\/miumjau.ee\/#organization"},"potentialAction":[{"@type":"SearchAction","target":{"@type":"EntryPoint","urlTemplate":"https:\/\/miumjau.ee\/?s={search_term_string}"},"query-input":{"@type":"PropertyValueSpecification","valueRequired":true,"valueName":"search_term_string"}}],"inLanguage":"lv-LV"},{"@type":"Organization","@id":"https:\/\/miumjau.ee\/#organization","name":"MiuMjau O\u00dc","url":"https:\/\/miumjau.ee\/","logo":{"@type":"ImageObject","inLanguage":"lv-LV","@id":"https:\/\/miumjau.ee\/#\/schema\/logo\/image\/","url":"https:\/\/miumjau.ee\/wp-content\/uploads\/2022\/04\/MiuMjau-logo-kollane.png","contentUrl":"https:\/\/miumjau.ee\/wp-content\/uploads\/2022\/04\/MiuMjau-logo-kollane.png","width":219,"height":100,"caption":"MiuMjau O\u00dc"},"image":{"@id":"https:\/\/miumjau.ee\/#\/schema\/logo\/image\/"},"sameAs":["https:\/\/www.facebook.com\/miumjaupood\/"]}]}},"_links":{"self":[{"href":"https:\/\/miumjau.ee\/lv\/wp-json\/wp\/v2\/product\/48751","targetHints":{"allow":["GET"]}}],"collection":[{"href":"https:\/\/miumjau.ee\/lv\/wp-json\/wp\/v2\/product"}],"about":[{"href":"https:\/\/miumjau.ee\/lv\/wp-json\/wp\/v2\/types\/product"}],"wp:featuredmedia":[{"embeddable":true,"href":"https:\/\/miumjau.ee\/lv\/wp-json\/wp\/v2\/media\/48744"}],"wp:attachment":[{"href":"https:\/\/miumjau.ee\/lv\/wp-json\/wp\/v2\/media?parent=48751"}],"wp:term":[{"taxonomy":"product_brand","embeddable":true,"href":"https:\/\/miumjau.ee\/lv\/wp-json\/wp\/v2\/product_brand?post=48751"},{"taxonomy":"product_cat","embeddable":true,"href":"https:\/\/miumjau.ee\/lv\/wp-json\/wp\/v2\/product_cat?post=48751"},{"taxonomy":"product_tag","embeddable":true,"href":"https:\/\/miumjau.ee\/lv\/wp-json\/wp\/v2\/product_tag?post=48751"}],"curies":[{"name":"wp","href":"https:\/\/api.w.org\/{rel}","templated":true}]}}