{"id":48739,"date":"2025-03-04T11:46:58","date_gmt":"2025-03-04T09:46:58","guid":{"rendered":"https:\/\/miumjau.ee\/toode\/rotallieta-suniem-bumba-dog-comets-stardust-s\/"},"modified":"2026-01-07T21:17:47","modified_gmt":"2026-01-07T19:17:47","slug":"rotallieta-suniem-bumba-dog-comets-stardust-s","status":"publish","type":"product","link":"https:\/\/miumjau.ee\/lv\/produkts\/rotallieta-suniem-bumba-dog-comets-stardust-s\/","title":{"rendered":"Rota\u013clieta su\u0146iem, bumba Dog Comets Stardust S"},"content":{"rendered":"","protected":false},"excerpt":{"rendered":"<p data-start=\"956\" data-end=\"1037\">Iztur\u012bga bumba no 100 % dab\u012bg\u0101 kau\u010duka, kas lieliski lec un peld pa \u016bdens virsmu!<\/p>\n<p data-start=\"1039\" data-end=\"1155\">\ud83d\udd39 T\u012bra zobus un mas\u0113 smaganas<br data-start=\"1069\" data-end=\"1072\" \/>\ud83d\udd39 Iztur\u012bga un viegli kopjama<br data-start=\"1101\" data-end=\"1104\" \/>\ud83d\udd39 Lieliski piem\u0113rota me\u0161anai un atne\u0161anas sp\u0113l\u0113m<\/p>\n<p data-start=\"1157\" data-end=\"1227\">\ud83c\udf0c Tie\u0161i no Visuma dzi\u013cumiem \u2013 nebeidzamam rota\u013cu priekam tavam sunim!<\/p>\n<p data-start=\"1229\" data-end=\"1254\">\ud83d\udccf <strong data-start=\"1232\" data-end=\"1243\">Izm\u0113rs:<\/strong> S \u2013 \u00d8 5 cm<\/p>\n","protected":false},"featured_media":48732,"template":"","meta":[],"product_brand":[],"product_cat":[592],"product_tag":[],"class_list":{"0":"post-48739","1":"product","2":"type-product","3":"status-publish","4":"has-post-thumbnail","6":"product_cat-rotallietas-suniem","8":"first","9":"instock","10":"taxable","11":"shipping-taxable","12":"purchasable","13":"product-type-simple"},"yoast_head":"<!-- This site is optimized with the Yoast SEO plugin v27.2 - https:\/\/yoast.com\/product\/yoast-seo-wordpress\/ -->\n<title>Rota\u013clieta su\u0146iem, bumba Dog Comets Stardust S - MiuMjau<\/title>\n<meta name=\"robots\" content=\"index, follow, max-snippet:-1, max-image-preview:large, max-video-preview:-1\" \/>\n<link rel=\"canonical\" href=\"https:\/\/miumjau.ee\/lv\/produkts\/rotallieta-suniem-bumba-dog-comets-stardust-s\/\" \/>\n<meta property=\"og:locale\" content=\"lv_LV\" \/>\n<meta property=\"og:type\" content=\"article\" \/>\n<meta property=\"og:title\" content=\"Rota\u013clieta su\u0146iem, bumba Dog Comets Stardust S - MiuMjau\" \/>\n<meta property=\"og:description\" content=\"Iztur\u012bga bumba no 100 % dab\u012bg\u0101 kau\u010duka, kas lieliski lec un peld pa \u016bdens virsmu! \ud83d\udd39 T\u012bra zobus un mas\u0113 smaganas\ud83d\udd39 Iztur\u012bga un viegli kopjama\ud83d\udd39 Lieliski piem\u0113rota me\u0161anai un atne\u0161anas sp\u0113l\u0113m \ud83c\udf0c Tie\u0161i no Visuma dzi\u013cumiem \u2013 nebeidzamam rota\u013cu priekam tavam sunim! \ud83d\udccf Izm\u0113rs: S \u2013 \u00d8 5 cm\" \/>\n<meta property=\"og:url\" content=\"https:\/\/miumjau.ee\/lv\/produkts\/rotallieta-suniem-bumba-dog-comets-stardust-s\/\" \/>\n<meta property=\"og:site_name\" content=\"MiuMjau\" \/>\n<meta property=\"article:publisher\" content=\"https:\/\/www.facebook.com\/miumjaupood\/\" \/>\n<meta property=\"article:modified_time\" content=\"2026-01-07T19:17:47+00:00\" \/>\n<meta property=\"og:image\" content=\"https:\/\/miumjau.ee\/wp-content\/uploads\/2025\/03\/pall-koerale-dog-comet-stardust-roosa1.jpg\" \/>\n\t<meta property=\"og:image:width\" content=\"600\" \/>\n\t<meta property=\"og:image:height\" content=\"800\" \/>\n\t<meta property=\"og:image:type\" content=\"image\/jpeg\" \/>\n<meta name=\"twitter:card\" content=\"summary_large_image\" \/>\n<script type=\"application\/ld+json\" class=\"yoast-schema-graph\">{\"@context\":\"https:\/\/schema.org\",\"@graph\":[{\"@type\":\"WebPage\",\"@id\":\"https:\/\/miumjau.ee\/lv\/produkts\/rotallieta-suniem-bumba-dog-comets-stardust-s\/\",\"url\":\"https:\/\/miumjau.ee\/lv\/produkts\/rotallieta-suniem-bumba-dog-comets-stardust-s\/\",\"name\":\"Rota\u013clieta su\u0146iem, bumba Dog Comets Stardust S - MiuMjau\",\"isPartOf\":{\"@id\":\"https:\/\/miumjau.ee\/#website\"},\"primaryImageOfPage\":{\"@id\":\"https:\/\/miumjau.ee\/lv\/produkts\/rotallieta-suniem-bumba-dog-comets-stardust-s\/#primaryimage\"},\"image\":{\"@id\":\"https:\/\/miumjau.ee\/lv\/produkts\/rotallieta-suniem-bumba-dog-comets-stardust-s\/#primaryimage\"},\"thumbnailUrl\":\"https:\/\/miumjau.ee\/wp-content\/uploads\/2025\/03\/pall-koerale-dog-comet-stardust-roosa1.jpg\",\"datePublished\":\"2025-03-04T09:46:58+00:00\",\"dateModified\":\"2026-01-07T19:17:47+00:00\",\"breadcrumb\":{\"@id\":\"https:\/\/miumjau.ee\/lv\/produkts\/rotallieta-suniem-bumba-dog-comets-stardust-s\/#breadcrumb\"},\"inLanguage\":\"lv-LV\",\"potentialAction\":[{\"@type\":\"ReadAction\",\"target\":[\"https:\/\/miumjau.ee\/lv\/produkts\/rotallieta-suniem-bumba-dog-comets-stardust-s\/\"]}]},{\"@type\":\"ImageObject\",\"inLanguage\":\"lv-LV\",\"@id\":\"https:\/\/miumjau.ee\/lv\/produkts\/rotallieta-suniem-bumba-dog-comets-stardust-s\/#primaryimage\",\"url\":\"https:\/\/miumjau.ee\/wp-content\/uploads\/2025\/03\/pall-koerale-dog-comet-stardust-roosa1.jpg\",\"contentUrl\":\"https:\/\/miumjau.ee\/wp-content\/uploads\/2025\/03\/pall-koerale-dog-comet-stardust-roosa1.jpg\",\"width\":600,\"height\":800},{\"@type\":\"BreadcrumbList\",\"@id\":\"https:\/\/miumjau.ee\/lv\/produkts\/rotallieta-suniem-bumba-dog-comets-stardust-s\/#breadcrumb\",\"itemListElement\":[{\"@type\":\"ListItem\",\"position\":1,\"name\":\"Home\",\"item\":\"https:\/\/miumjau.ee\/lv\/\"},{\"@type\":\"ListItem\",\"position\":2,\"name\":\"Veikals\",\"item\":\"https:\/\/miumjau.ee\/lv\/veikals\/\"},{\"@type\":\"ListItem\",\"position\":3,\"name\":\"Rota\u013clieta su\u0146iem, bumba Dog Comets Stardust S\"}]},{\"@type\":\"WebSite\",\"@id\":\"https:\/\/miumjau.ee\/#website\",\"url\":\"https:\/\/miumjau.ee\/\",\"name\":\"MiuMjau\",\"description\":\"Kraapimispuud kassidele\",\"publisher\":{\"@id\":\"https:\/\/miumjau.ee\/#organization\"},\"potentialAction\":[{\"@type\":\"SearchAction\",\"target\":{\"@type\":\"EntryPoint\",\"urlTemplate\":\"https:\/\/miumjau.ee\/?s={search_term_string}\"},\"query-input\":{\"@type\":\"PropertyValueSpecification\",\"valueRequired\":true,\"valueName\":\"search_term_string\"}}],\"inLanguage\":\"lv-LV\"},{\"@type\":\"Organization\",\"@id\":\"https:\/\/miumjau.ee\/#organization\",\"name\":\"MiuMjau O\u00dc\",\"url\":\"https:\/\/miumjau.ee\/\",\"logo\":{\"@type\":\"ImageObject\",\"inLanguage\":\"lv-LV\",\"@id\":\"https:\/\/miumjau.ee\/#\/schema\/logo\/image\/\",\"url\":\"https:\/\/miumjau.ee\/wp-content\/uploads\/2022\/04\/MiuMjau-logo-kollane.png\",\"contentUrl\":\"https:\/\/miumjau.ee\/wp-content\/uploads\/2022\/04\/MiuMjau-logo-kollane.png\",\"width\":219,\"height\":100,\"caption\":\"MiuMjau O\u00dc\"},\"image\":{\"@id\":\"https:\/\/miumjau.ee\/#\/schema\/logo\/image\/\"},\"sameAs\":[\"https:\/\/www.facebook.com\/miumjaupood\/\"]}]}<\/script>\n<!-- \/ Yoast SEO plugin. -->","yoast_head_json":{"title":"Rota\u013clieta su\u0146iem, bumba Dog Comets Stardust S - MiuMjau","robots":{"index":"index","follow":"follow","max-snippet":"max-snippet:-1","max-image-preview":"max-image-preview:large","max-video-preview":"max-video-preview:-1"},"canonical":"https:\/\/miumjau.ee\/lv\/produkts\/rotallieta-suniem-bumba-dog-comets-stardust-s\/","og_locale":"lv_LV","og_type":"article","og_title":"Rota\u013clieta su\u0146iem, bumba Dog Comets Stardust S - MiuMjau","og_description":"Iztur\u012bga bumba no 100 % dab\u012bg\u0101 kau\u010duka, kas lieliski lec un peld pa \u016bdens virsmu! \ud83d\udd39 T\u012bra zobus un mas\u0113 smaganas\ud83d\udd39 Iztur\u012bga un viegli kopjama\ud83d\udd39 Lieliski piem\u0113rota me\u0161anai un atne\u0161anas sp\u0113l\u0113m \ud83c\udf0c Tie\u0161i no Visuma dzi\u013cumiem \u2013 nebeidzamam rota\u013cu priekam tavam sunim! \ud83d\udccf Izm\u0113rs: S \u2013 \u00d8 5 cm","og_url":"https:\/\/miumjau.ee\/lv\/produkts\/rotallieta-suniem-bumba-dog-comets-stardust-s\/","og_site_name":"MiuMjau","article_publisher":"https:\/\/www.facebook.com\/miumjaupood\/","article_modified_time":"2026-01-07T19:17:47+00:00","og_image":[{"width":600,"height":800,"url":"https:\/\/miumjau.ee\/wp-content\/uploads\/2025\/03\/pall-koerale-dog-comet-stardust-roosa1.jpg","type":"image\/jpeg"}],"twitter_card":"summary_large_image","schema":{"@context":"https:\/\/schema.org","@graph":[{"@type":"WebPage","@id":"https:\/\/miumjau.ee\/lv\/produkts\/rotallieta-suniem-bumba-dog-comets-stardust-s\/","url":"https:\/\/miumjau.ee\/lv\/produkts\/rotallieta-suniem-bumba-dog-comets-stardust-s\/","name":"Rota\u013clieta su\u0146iem, bumba Dog Comets Stardust S - MiuMjau","isPartOf":{"@id":"https:\/\/miumjau.ee\/#website"},"primaryImageOfPage":{"@id":"https:\/\/miumjau.ee\/lv\/produkts\/rotallieta-suniem-bumba-dog-comets-stardust-s\/#primaryimage"},"image":{"@id":"https:\/\/miumjau.ee\/lv\/produkts\/rotallieta-suniem-bumba-dog-comets-stardust-s\/#primaryimage"},"thumbnailUrl":"https:\/\/miumjau.ee\/wp-content\/uploads\/2025\/03\/pall-koerale-dog-comet-stardust-roosa1.jpg","datePublished":"2025-03-04T09:46:58+00:00","dateModified":"2026-01-07T19:17:47+00:00","breadcrumb":{"@id":"https:\/\/miumjau.ee\/lv\/produkts\/rotallieta-suniem-bumba-dog-comets-stardust-s\/#breadcrumb"},"inLanguage":"lv-LV","potentialAction":[{"@type":"ReadAction","target":["https:\/\/miumjau.ee\/lv\/produkts\/rotallieta-suniem-bumba-dog-comets-stardust-s\/"]}]},{"@type":"ImageObject","inLanguage":"lv-LV","@id":"https:\/\/miumjau.ee\/lv\/produkts\/rotallieta-suniem-bumba-dog-comets-stardust-s\/#primaryimage","url":"https:\/\/miumjau.ee\/wp-content\/uploads\/2025\/03\/pall-koerale-dog-comet-stardust-roosa1.jpg","contentUrl":"https:\/\/miumjau.ee\/wp-content\/uploads\/2025\/03\/pall-koerale-dog-comet-stardust-roosa1.jpg","width":600,"height":800},{"@type":"BreadcrumbList","@id":"https:\/\/miumjau.ee\/lv\/produkts\/rotallieta-suniem-bumba-dog-comets-stardust-s\/#breadcrumb","itemListElement":[{"@type":"ListItem","position":1,"name":"Home","item":"https:\/\/miumjau.ee\/lv\/"},{"@type":"ListItem","position":2,"name":"Veikals","item":"https:\/\/miumjau.ee\/lv\/veikals\/"},{"@type":"ListItem","position":3,"name":"Rota\u013clieta su\u0146iem, bumba Dog Comets Stardust S"}]},{"@type":"WebSite","@id":"https:\/\/miumjau.ee\/#website","url":"https:\/\/miumjau.ee\/","name":"MiuMjau","description":"Kraapimispuud kassidele","publisher":{"@id":"https:\/\/miumjau.ee\/#organization"},"potentialAction":[{"@type":"SearchAction","target":{"@type":"EntryPoint","urlTemplate":"https:\/\/miumjau.ee\/?s={search_term_string}"},"query-input":{"@type":"PropertyValueSpecification","valueRequired":true,"valueName":"search_term_string"}}],"inLanguage":"lv-LV"},{"@type":"Organization","@id":"https:\/\/miumjau.ee\/#organization","name":"MiuMjau O\u00dc","url":"https:\/\/miumjau.ee\/","logo":{"@type":"ImageObject","inLanguage":"lv-LV","@id":"https:\/\/miumjau.ee\/#\/schema\/logo\/image\/","url":"https:\/\/miumjau.ee\/wp-content\/uploads\/2022\/04\/MiuMjau-logo-kollane.png","contentUrl":"https:\/\/miumjau.ee\/wp-content\/uploads\/2022\/04\/MiuMjau-logo-kollane.png","width":219,"height":100,"caption":"MiuMjau O\u00dc"},"image":{"@id":"https:\/\/miumjau.ee\/#\/schema\/logo\/image\/"},"sameAs":["https:\/\/www.facebook.com\/miumjaupood\/"]}]}},"_links":{"self":[{"href":"https:\/\/miumjau.ee\/lv\/wp-json\/wp\/v2\/product\/48739","targetHints":{"allow":["GET"]}}],"collection":[{"href":"https:\/\/miumjau.ee\/lv\/wp-json\/wp\/v2\/product"}],"about":[{"href":"https:\/\/miumjau.ee\/lv\/wp-json\/wp\/v2\/types\/product"}],"wp:featuredmedia":[{"embeddable":true,"href":"https:\/\/miumjau.ee\/lv\/wp-json\/wp\/v2\/media\/48732"}],"wp:attachment":[{"href":"https:\/\/miumjau.ee\/lv\/wp-json\/wp\/v2\/media?parent=48739"}],"wp:term":[{"taxonomy":"product_brand","embeddable":true,"href":"https:\/\/miumjau.ee\/lv\/wp-json\/wp\/v2\/product_brand?post=48739"},{"taxonomy":"product_cat","embeddable":true,"href":"https:\/\/miumjau.ee\/lv\/wp-json\/wp\/v2\/product_cat?post=48739"},{"taxonomy":"product_tag","embeddable":true,"href":"https:\/\/miumjau.ee\/lv\/wp-json\/wp\/v2\/product_tag?post=48739"}],"curies":[{"name":"wp","href":"https:\/\/api.w.org\/{rel}","templated":true}]}}