{"id":48727,"date":"2025-03-04T12:17:45","date_gmt":"2025-03-04T10:17:45","guid":{"rendered":"https:\/\/miumjau.ee\/toode\/rotallieta-suniem-dog-comets-hypernova-15-cm-zala\/"},"modified":"2026-01-07T21:17:47","modified_gmt":"2026-01-07T19:17:47","slug":"rotallieta-suniem-dog-comets-hypernova-15-cm-zala","status":"publish","type":"product","link":"https:\/\/miumjau.ee\/lv\/produkts\/rotallieta-suniem-dog-comets-hypernova-15-cm-zala\/","title":{"rendered":"Rota\u013clieta su\u0146iem Dog Comets Hypernova 15 cm, za\u013ca"},"content":{"rendered":"","protected":false},"excerpt":{"rendered":"<p data-start=\"2275\" data-end=\"2349\"><strong data-start=\"2275\" data-end=\"2349\">Dog Comets Hypernova \u2013 kosmisks rota\u013cu prieks tavam lab\u0101kajam draugam!<\/strong><\/p>\n<p data-start=\"2351\" data-end=\"2546\">P\u0113c sp\u0113c\u012bg\u0101k\u0101 spr\u0101dziena \u2013 HYPERNOVAS \u2013 Visum\u0101 iest\u0101j\u0101s piln\u012bgs haoss. Gadu gait\u0101 \u0161\u012bs unik\u0101l\u0101s Dog Comets Hypernova bumbas ir non\u0101ku\u0161as uz Zemes, lai sniegtu tavam sunim nebeidzamu rota\u013cu prieku!<\/p>\n<p data-start=\"2548\" data-end=\"2817\">\ud83d\udc3e <strong data-start=\"2551\" data-end=\"2618\">Iztur\u012bga un stipra \u2013 tr\u012bssl\u0101\u0146u dizains, \u012bpa\u0161i paredz\u0113ts su\u0146iem:<\/strong><br data-start=\"2618\" data-end=\"2621\" \/>\u2714 Iek\u0161\u0113jais sl\u0101nis \u2013 nopl\u016bdes dro\u0161s gumijas kodols<br data-start=\"2671\" data-end=\"2674\" \/>\u2714 Vid\u0113jais sl\u0101nis \u2013 amortiz\u0113jo\u0161s kokvilnas sl\u0101nis<br data-start=\"2723\" data-end=\"2726\" \/>\u2714 \u0100r\u0113jais sl\u0101nis \u2013 iztur\u012bgs PU materi\u0101ls, kas nodro\u0161ina bumbas m\u012bkstumu un labu atl\u0113cienu<\/p>\n<p data-start=\"2819\" data-end=\"3049\">\ud83d\udd39 Dro\u0161a su\u0146a zobiem<br data-start=\"2839\" data-end=\"2842\" \/>\ud83d\udd39 Viegli pa\u0146emt l\u012bdzi \u2013 iztur\u012bgas neilona cilpas atvieglo me\u0161anu un atne\u0161anu<br data-start=\"2919\" data-end=\"2922\" \/>\ud83d\udd39 Piem\u0113rota rota\u013c\u0101m gan uz zemes, gan \u016bden\u012b \u2013 bumba peld<br data-start=\"2979\" data-end=\"2982\" \/>\ud83d\udd39 Komplekt\u0101 pumpis \u2013 bumbu var viegli piep\u016bst<br data-start=\"3028\" data-end=\"3031\" \/>\ud83d\udd39 Izm\u0113rs: 15 cm<\/p>\n<p data-start=\"3051\" data-end=\"3206\">\u013bauj savam sunim izbaud\u012bt kosmisku jautr\u012bbu ar Dog Comets Hypernova bumbu \u2013 iztur\u012bga, atsper\u012bga un ide\u0101ls rota\u013cu biedrs ikvienam ener\u0123iskam \u010detrk\u0101jim! \ud83d\ude80\ud83d\udc36<\/p>\n","protected":false},"featured_media":48718,"template":"","meta":[],"product_brand":[],"product_cat":[592],"product_tag":[],"class_list":{"0":"post-48727","1":"product","2":"type-product","3":"status-publish","4":"has-post-thumbnail","6":"product_cat-rotallietas-suniem","8":"first","9":"instock","10":"sale","11":"taxable","12":"shipping-taxable","13":"purchasable","14":"product-type-simple"},"yoast_head":"<!-- This site is optimized with the Yoast SEO plugin v27.4 - https:\/\/yoast.com\/product\/yoast-seo-wordpress\/ -->\n<title>Rota\u013clieta su\u0146iem Dog Comets Hypernova 15 cm, za\u013ca - MiuMjau<\/title>\n<meta name=\"robots\" content=\"index, follow, max-snippet:-1, max-image-preview:large, max-video-preview:-1\" \/>\n<link rel=\"canonical\" href=\"https:\/\/miumjau.ee\/lv\/produkts\/rotallieta-suniem-dog-comets-hypernova-15-cm-zala\/\" \/>\n<meta property=\"og:locale\" content=\"lv_LV\" \/>\n<meta property=\"og:type\" content=\"article\" \/>\n<meta property=\"og:title\" content=\"Rota\u013clieta su\u0146iem Dog Comets Hypernova 15 cm, za\u013ca - MiuMjau\" \/>\n<meta property=\"og:description\" content=\"Dog Comets Hypernova \u2013 kosmisks rota\u013cu prieks tavam lab\u0101kajam draugam! P\u0113c sp\u0113c\u012bg\u0101k\u0101 spr\u0101dziena \u2013 HYPERNOVAS \u2013 Visum\u0101 iest\u0101j\u0101s piln\u012bgs haoss. Gadu gait\u0101 \u0161\u012bs unik\u0101l\u0101s Dog Comets Hypernova bumbas ir non\u0101ku\u0161as uz Zemes, lai sniegtu tavam sunim nebeidzamu rota\u013cu prieku! \ud83d\udc3e Iztur\u012bga un stipra \u2013 tr\u012bssl\u0101\u0146u dizains, \u012bpa\u0161i paredz\u0113ts su\u0146iem:\u2714 Iek\u0161\u0113jais sl\u0101nis \u2013 nopl\u016bdes dro\u0161s gumijas kodols\u2714 Vid\u0113jais sl\u0101nis \u2013 amortiz\u0113jo\u0161s kokvilnas sl\u0101nis\u2714 \u0100r\u0113jais sl\u0101nis \u2013 iztur\u012bgs PU materi\u0101ls, kas nodro\u0161ina bumbas m\u012bkstumu un labu atl\u0113cienu \ud83d\udd39 Dro\u0161a su\u0146a zobiem\ud83d\udd39 Viegli pa\u0146emt l\u012bdzi \u2013 iztur\u012bgas neilona cilpas atvieglo me\u0161anu un atne\u0161anu\ud83d\udd39 Piem\u0113rota rota\u013c\u0101m gan uz zemes, gan \u016bden\u012b \u2013 bumba peld\ud83d\udd39 Komplekt\u0101 pumpis \u2013 bumbu var viegli piep\u016bst\ud83d\udd39 Izm\u0113rs: 15 cm \u013bauj savam sunim izbaud\u012bt kosmisku jautr\u012bbu ar Dog Comets Hypernova bumbu \u2013 iztur\u012bga, atsper\u012bga un ide\u0101ls rota\u013cu biedrs ikvienam ener\u0123iskam \u010detrk\u0101jim! \ud83d\ude80\ud83d\udc36\" \/>\n<meta property=\"og:url\" content=\"https:\/\/miumjau.ee\/lv\/produkts\/rotallieta-suniem-dog-comets-hypernova-15-cm-zala\/\" \/>\n<meta property=\"og:site_name\" content=\"MiuMjau\" \/>\n<meta property=\"article:publisher\" content=\"https:\/\/www.facebook.com\/miumjaupood\/\" \/>\n<meta property=\"article:modified_time\" content=\"2026-01-07T19:17:47+00:00\" \/>\n<meta property=\"og:image\" content=\"https:\/\/miumjau.ee\/wp-content\/uploads\/2025\/03\/manguasi-koerale-hypernova7.jpg\" \/>\n\t<meta property=\"og:image:width\" content=\"600\" \/>\n\t<meta property=\"og:image:height\" content=\"800\" \/>\n\t<meta property=\"og:image:type\" content=\"image\/jpeg\" \/>\n<meta name=\"twitter:card\" content=\"summary_large_image\" \/>\n<script type=\"application\/ld+json\" class=\"yoast-schema-graph\">{\"@context\":\"https:\\\/\\\/schema.org\",\"@graph\":[{\"@type\":\"WebPage\",\"@id\":\"https:\\\/\\\/miumjau.ee\\\/lv\\\/produkts\\\/rotallieta-suniem-dog-comets-hypernova-15-cm-zala\\\/\",\"url\":\"https:\\\/\\\/miumjau.ee\\\/lv\\\/produkts\\\/rotallieta-suniem-dog-comets-hypernova-15-cm-zala\\\/\",\"name\":\"Rota\u013clieta su\u0146iem Dog Comets Hypernova 15 cm, za\u013ca - MiuMjau\",\"isPartOf\":{\"@id\":\"https:\\\/\\\/miumjau.ee\\\/#website\"},\"primaryImageOfPage\":{\"@id\":\"https:\\\/\\\/miumjau.ee\\\/lv\\\/produkts\\\/rotallieta-suniem-dog-comets-hypernova-15-cm-zala\\\/#primaryimage\"},\"image\":{\"@id\":\"https:\\\/\\\/miumjau.ee\\\/lv\\\/produkts\\\/rotallieta-suniem-dog-comets-hypernova-15-cm-zala\\\/#primaryimage\"},\"thumbnailUrl\":\"https:\\\/\\\/miumjau.ee\\\/wp-content\\\/uploads\\\/2025\\\/03\\\/manguasi-koerale-hypernova7.jpg\",\"datePublished\":\"2025-03-04T10:17:45+00:00\",\"dateModified\":\"2026-01-07T19:17:47+00:00\",\"breadcrumb\":{\"@id\":\"https:\\\/\\\/miumjau.ee\\\/lv\\\/produkts\\\/rotallieta-suniem-dog-comets-hypernova-15-cm-zala\\\/#breadcrumb\"},\"inLanguage\":\"lv-LV\",\"potentialAction\":[{\"@type\":\"ReadAction\",\"target\":[\"https:\\\/\\\/miumjau.ee\\\/lv\\\/produkts\\\/rotallieta-suniem-dog-comets-hypernova-15-cm-zala\\\/\"]}]},{\"@type\":\"ImageObject\",\"inLanguage\":\"lv-LV\",\"@id\":\"https:\\\/\\\/miumjau.ee\\\/lv\\\/produkts\\\/rotallieta-suniem-dog-comets-hypernova-15-cm-zala\\\/#primaryimage\",\"url\":\"https:\\\/\\\/miumjau.ee\\\/wp-content\\\/uploads\\\/2025\\\/03\\\/manguasi-koerale-hypernova7.jpg\",\"contentUrl\":\"https:\\\/\\\/miumjau.ee\\\/wp-content\\\/uploads\\\/2025\\\/03\\\/manguasi-koerale-hypernova7.jpg\",\"width\":600,\"height\":800},{\"@type\":\"BreadcrumbList\",\"@id\":\"https:\\\/\\\/miumjau.ee\\\/lv\\\/produkts\\\/rotallieta-suniem-dog-comets-hypernova-15-cm-zala\\\/#breadcrumb\",\"itemListElement\":[{\"@type\":\"ListItem\",\"position\":1,\"name\":\"Home\",\"item\":\"https:\\\/\\\/miumjau.ee\\\/lv\\\/\"},{\"@type\":\"ListItem\",\"position\":2,\"name\":\"Veikals\",\"item\":\"https:\\\/\\\/miumjau.ee\\\/lv\\\/veikals\\\/\"},{\"@type\":\"ListItem\",\"position\":3,\"name\":\"Rota\u013clieta su\u0146iem Dog Comets Hypernova 15 cm, za\u013ca\"}]},{\"@type\":\"WebSite\",\"@id\":\"https:\\\/\\\/miumjau.ee\\\/#website\",\"url\":\"https:\\\/\\\/miumjau.ee\\\/\",\"name\":\"MiuMjau\",\"description\":\"Kraapimispuud kassidele\",\"publisher\":{\"@id\":\"https:\\\/\\\/miumjau.ee\\\/#organization\"},\"potentialAction\":[{\"@type\":\"SearchAction\",\"target\":{\"@type\":\"EntryPoint\",\"urlTemplate\":\"https:\\\/\\\/miumjau.ee\\\/?s={search_term_string}\"},\"query-input\":{\"@type\":\"PropertyValueSpecification\",\"valueRequired\":true,\"valueName\":\"search_term_string\"}}],\"inLanguage\":\"lv-LV\"},{\"@type\":\"Organization\",\"@id\":\"https:\\\/\\\/miumjau.ee\\\/#organization\",\"name\":\"MiuMjau O\u00dc\",\"url\":\"https:\\\/\\\/miumjau.ee\\\/\",\"logo\":{\"@type\":\"ImageObject\",\"inLanguage\":\"lv-LV\",\"@id\":\"https:\\\/\\\/miumjau.ee\\\/#\\\/schema\\\/logo\\\/image\\\/\",\"url\":\"https:\\\/\\\/miumjau.ee\\\/wp-content\\\/uploads\\\/2022\\\/04\\\/MiuMjau-logo-kollane.png\",\"contentUrl\":\"https:\\\/\\\/miumjau.ee\\\/wp-content\\\/uploads\\\/2022\\\/04\\\/MiuMjau-logo-kollane.png\",\"width\":219,\"height\":100,\"caption\":\"MiuMjau O\u00dc\"},\"image\":{\"@id\":\"https:\\\/\\\/miumjau.ee\\\/#\\\/schema\\\/logo\\\/image\\\/\"},\"sameAs\":[\"https:\\\/\\\/www.facebook.com\\\/miumjaupood\\\/\"]}]}<\/script>\n<!-- \/ Yoast SEO plugin. -->","yoast_head_json":{"title":"Rota\u013clieta su\u0146iem Dog Comets Hypernova 15 cm, za\u013ca - MiuMjau","robots":{"index":"index","follow":"follow","max-snippet":"max-snippet:-1","max-image-preview":"max-image-preview:large","max-video-preview":"max-video-preview:-1"},"canonical":"https:\/\/miumjau.ee\/lv\/produkts\/rotallieta-suniem-dog-comets-hypernova-15-cm-zala\/","og_locale":"lv_LV","og_type":"article","og_title":"Rota\u013clieta su\u0146iem Dog Comets Hypernova 15 cm, za\u013ca - MiuMjau","og_description":"Dog Comets Hypernova \u2013 kosmisks rota\u013cu prieks tavam lab\u0101kajam draugam! P\u0113c sp\u0113c\u012bg\u0101k\u0101 spr\u0101dziena \u2013 HYPERNOVAS \u2013 Visum\u0101 iest\u0101j\u0101s piln\u012bgs haoss. Gadu gait\u0101 \u0161\u012bs unik\u0101l\u0101s Dog Comets Hypernova bumbas ir non\u0101ku\u0161as uz Zemes, lai sniegtu tavam sunim nebeidzamu rota\u013cu prieku! \ud83d\udc3e Iztur\u012bga un stipra \u2013 tr\u012bssl\u0101\u0146u dizains, \u012bpa\u0161i paredz\u0113ts su\u0146iem:\u2714 Iek\u0161\u0113jais sl\u0101nis \u2013 nopl\u016bdes dro\u0161s gumijas kodols\u2714 Vid\u0113jais sl\u0101nis \u2013 amortiz\u0113jo\u0161s kokvilnas sl\u0101nis\u2714 \u0100r\u0113jais sl\u0101nis \u2013 iztur\u012bgs PU materi\u0101ls, kas nodro\u0161ina bumbas m\u012bkstumu un labu atl\u0113cienu \ud83d\udd39 Dro\u0161a su\u0146a zobiem\ud83d\udd39 Viegli pa\u0146emt l\u012bdzi \u2013 iztur\u012bgas neilona cilpas atvieglo me\u0161anu un atne\u0161anu\ud83d\udd39 Piem\u0113rota rota\u013c\u0101m gan uz zemes, gan \u016bden\u012b \u2013 bumba peld\ud83d\udd39 Komplekt\u0101 pumpis \u2013 bumbu var viegli piep\u016bst\ud83d\udd39 Izm\u0113rs: 15 cm \u013bauj savam sunim izbaud\u012bt kosmisku jautr\u012bbu ar Dog Comets Hypernova bumbu \u2013 iztur\u012bga, atsper\u012bga un ide\u0101ls rota\u013cu biedrs ikvienam ener\u0123iskam \u010detrk\u0101jim! \ud83d\ude80\ud83d\udc36","og_url":"https:\/\/miumjau.ee\/lv\/produkts\/rotallieta-suniem-dog-comets-hypernova-15-cm-zala\/","og_site_name":"MiuMjau","article_publisher":"https:\/\/www.facebook.com\/miumjaupood\/","article_modified_time":"2026-01-07T19:17:47+00:00","og_image":[{"width":600,"height":800,"url":"https:\/\/miumjau.ee\/wp-content\/uploads\/2025\/03\/manguasi-koerale-hypernova7.jpg","type":"image\/jpeg"}],"twitter_card":"summary_large_image","schema":{"@context":"https:\/\/schema.org","@graph":[{"@type":"WebPage","@id":"https:\/\/miumjau.ee\/lv\/produkts\/rotallieta-suniem-dog-comets-hypernova-15-cm-zala\/","url":"https:\/\/miumjau.ee\/lv\/produkts\/rotallieta-suniem-dog-comets-hypernova-15-cm-zala\/","name":"Rota\u013clieta su\u0146iem Dog Comets Hypernova 15 cm, za\u013ca - MiuMjau","isPartOf":{"@id":"https:\/\/miumjau.ee\/#website"},"primaryImageOfPage":{"@id":"https:\/\/miumjau.ee\/lv\/produkts\/rotallieta-suniem-dog-comets-hypernova-15-cm-zala\/#primaryimage"},"image":{"@id":"https:\/\/miumjau.ee\/lv\/produkts\/rotallieta-suniem-dog-comets-hypernova-15-cm-zala\/#primaryimage"},"thumbnailUrl":"https:\/\/miumjau.ee\/wp-content\/uploads\/2025\/03\/manguasi-koerale-hypernova7.jpg","datePublished":"2025-03-04T10:17:45+00:00","dateModified":"2026-01-07T19:17:47+00:00","breadcrumb":{"@id":"https:\/\/miumjau.ee\/lv\/produkts\/rotallieta-suniem-dog-comets-hypernova-15-cm-zala\/#breadcrumb"},"inLanguage":"lv-LV","potentialAction":[{"@type":"ReadAction","target":["https:\/\/miumjau.ee\/lv\/produkts\/rotallieta-suniem-dog-comets-hypernova-15-cm-zala\/"]}]},{"@type":"ImageObject","inLanguage":"lv-LV","@id":"https:\/\/miumjau.ee\/lv\/produkts\/rotallieta-suniem-dog-comets-hypernova-15-cm-zala\/#primaryimage","url":"https:\/\/miumjau.ee\/wp-content\/uploads\/2025\/03\/manguasi-koerale-hypernova7.jpg","contentUrl":"https:\/\/miumjau.ee\/wp-content\/uploads\/2025\/03\/manguasi-koerale-hypernova7.jpg","width":600,"height":800},{"@type":"BreadcrumbList","@id":"https:\/\/miumjau.ee\/lv\/produkts\/rotallieta-suniem-dog-comets-hypernova-15-cm-zala\/#breadcrumb","itemListElement":[{"@type":"ListItem","position":1,"name":"Home","item":"https:\/\/miumjau.ee\/lv\/"},{"@type":"ListItem","position":2,"name":"Veikals","item":"https:\/\/miumjau.ee\/lv\/veikals\/"},{"@type":"ListItem","position":3,"name":"Rota\u013clieta su\u0146iem Dog Comets Hypernova 15 cm, za\u013ca"}]},{"@type":"WebSite","@id":"https:\/\/miumjau.ee\/#website","url":"https:\/\/miumjau.ee\/","name":"MiuMjau","description":"Kraapimispuud kassidele","publisher":{"@id":"https:\/\/miumjau.ee\/#organization"},"potentialAction":[{"@type":"SearchAction","target":{"@type":"EntryPoint","urlTemplate":"https:\/\/miumjau.ee\/?s={search_term_string}"},"query-input":{"@type":"PropertyValueSpecification","valueRequired":true,"valueName":"search_term_string"}}],"inLanguage":"lv-LV"},{"@type":"Organization","@id":"https:\/\/miumjau.ee\/#organization","name":"MiuMjau O\u00dc","url":"https:\/\/miumjau.ee\/","logo":{"@type":"ImageObject","inLanguage":"lv-LV","@id":"https:\/\/miumjau.ee\/#\/schema\/logo\/image\/","url":"https:\/\/miumjau.ee\/wp-content\/uploads\/2022\/04\/MiuMjau-logo-kollane.png","contentUrl":"https:\/\/miumjau.ee\/wp-content\/uploads\/2022\/04\/MiuMjau-logo-kollane.png","width":219,"height":100,"caption":"MiuMjau O\u00dc"},"image":{"@id":"https:\/\/miumjau.ee\/#\/schema\/logo\/image\/"},"sameAs":["https:\/\/www.facebook.com\/miumjaupood\/"]}]}},"_links":{"self":[{"href":"https:\/\/miumjau.ee\/lv\/wp-json\/wp\/v2\/product\/48727","targetHints":{"allow":["GET"]}}],"collection":[{"href":"https:\/\/miumjau.ee\/lv\/wp-json\/wp\/v2\/product"}],"about":[{"href":"https:\/\/miumjau.ee\/lv\/wp-json\/wp\/v2\/types\/product"}],"wp:featuredmedia":[{"embeddable":true,"href":"https:\/\/miumjau.ee\/lv\/wp-json\/wp\/v2\/media\/48718"}],"wp:attachment":[{"href":"https:\/\/miumjau.ee\/lv\/wp-json\/wp\/v2\/media?parent=48727"}],"wp:term":[{"taxonomy":"product_brand","embeddable":true,"href":"https:\/\/miumjau.ee\/lv\/wp-json\/wp\/v2\/product_brand?post=48727"},{"taxonomy":"product_cat","embeddable":true,"href":"https:\/\/miumjau.ee\/lv\/wp-json\/wp\/v2\/product_cat?post=48727"},{"taxonomy":"product_tag","embeddable":true,"href":"https:\/\/miumjau.ee\/lv\/wp-json\/wp\/v2\/product_tag?post=48727"}],"curies":[{"name":"wp","href":"https:\/\/api.w.org\/{rel}","templated":true}]}}