{"id":48707,"date":"2025-05-02T14:05:24","date_gmt":"2025-05-02T11:05:24","guid":{"rendered":"https:\/\/miumjau.ee\/toode\/osnasanas-paklajs-suniem-eat-slow-live-longer-50-cm\/"},"modified":"2026-01-07T21:17:47","modified_gmt":"2026-01-07T19:17:47","slug":"osnasanas-paklajs-suniem-eat-slow-live-longer-50-cm","status":"publish","type":"product","link":"https:\/\/miumjau.ee\/lv\/produkts\/osnasanas-paklajs-suniem-eat-slow-live-longer-50-cm\/","title":{"rendered":"O\u0161\u0146\u0101\u0161anas pakl\u0101js su\u0146iem Eat Slow Live Longer 50 cm"},"content":{"rendered":"","protected":false},"excerpt":{"rendered":"<p data-start=\"2974\" data-end=\"3050\">O\u0161\u0146\u0101\u0161anas pakl\u0101js, kas nodro\u0161ina gar\u012bgo stimul\u0101ciju un veicina l\u0113n\u0101ku \u0113\u0161anu!<\/p>\n<p data-start=\"3052\" data-end=\"3194\">\u2714\ufe0f Nov\u0113r\u0161 \u0113diena rij\u0161anu un veicina l\u0113n\u0101ku \u0113\u0161anu<br data-start=\"3100\" data-end=\"3103\" \/>\u2714\ufe0f Nodro\u0161ina gar\u012bgo stimul\u0101ciju un izklaidi<br data-start=\"3146\" data-end=\"3149\" \/>\u2714\ufe0f Ar savelkamu auklu pakl\u0101ja samazin\u0101\u0161anai<\/p>\n<p data-start=\"3196\" data-end=\"3574\">Eat Slow Live Longer o\u0161\u0146\u0101\u0161anas pakl\u0101js pal\u012bdz nov\u0113rst p\u0101r\u0101k \u0101tru \u0113\u0161anu un nodro\u0161ina m\u0101jdz\u012bvniekam gar\u012bgo stimul\u0101ciju. Pakl\u0101js ir p\u0101rkl\u0101ts ar daudz\u0101m auduma cilpi\u0146\u0101m, starp kur\u0101m var pasl\u0113pt sauso bar\u012bbu vai na\u0161\u0137us, mudinot suni vai ka\u0137i tos mekl\u0113t, o\u0161\u0146\u0101jot. Tas pal\u0113nina \u0113\u0161anu un veicina lab\u0101ku ko\u0161\u013c\u0101\u0161anu. Turkl\u0101t t\u0101 ir jautra gar\u012bg\u0101 aktivit\u0101te, kas nodro\u0161ina nodarbi un prieku.<\/p>\n<p data-start=\"3576\" data-end=\"3731\">Ar savelkamo auklu pakl\u0101ju var samazin\u0101t vai izmantot k\u0101 trauku. Pakl\u0101ja apak\u0161puse ir nesl\u012bdo\u0161a, kas nov\u0113r\u0161 t\u0101 p\u0101rvieto\u0161anos, kam\u0113r dz\u012bvnieks mekl\u0113 na\u0161\u0137us.<\/p>\n<p data-start=\"3733\" data-end=\"3984\">P\u0101r\u0101k \u0101tra \u0113\u0161ana vai rij\u0161ana var izrais\u012bt da\u017e\u0101das vesel\u012bbas probl\u0113mas, piem\u0113ram, aptauko\u0161anos (bar\u012bba netiek pien\u0101c\u012bgi sagremota), ku\u0146\u0123a sagrie\u0161anos un v\u0113dera uzp\u016b\u0161anos (gaisa nor\u012b\u0161anas d\u0113\u013c). O\u0161\u0146\u0101\u0161anas pakl\u0101js pal\u012bdz \u0161\u012bs probl\u0113mas mazin\u0101t vai nov\u0113rst.<\/p>\n<p data-start=\"3986\" data-end=\"4261\"><strong data-start=\"3986\" data-end=\"4013\">Lieto\u0161anas instrukcija:<\/strong><br data-start=\"4013\" data-end=\"4016\" \/>Izmanto pakl\u0101ju ikdienas saus\u0101s bar\u012bbas porcijas pasnieg\u0161anai vai na\u0161\u0137u pied\u0101v\u0101\u0161anai. Izkaisi bar\u012bbu vai na\u0161\u0137us uz pakl\u0101ja un \u013cauj sunim vai ka\u0137im tos mekl\u0113t. Ja v\u0113lies, ar savelkamo auklu vari pakl\u0101ju samazin\u0101t, lai rad\u012btu papildu izaicin\u0101jumu.<\/p>\n<p data-start=\"4263\" data-end=\"4282\"><strong data-start=\"4263\" data-end=\"4274\">Izm\u0113rs:<\/strong> \u00d8 50 cm<\/p>\n","protected":false},"featured_media":48704,"template":"","meta":[],"product_brand":[],"product_cat":[592],"product_tag":[],"class_list":{"0":"post-48707","1":"product","2":"type-product","3":"status-publish","4":"has-post-thumbnail","6":"product_cat-rotallietas-suniem","8":"first","9":"instock","10":"sale","11":"taxable","12":"shipping-taxable","13":"purchasable","14":"product-type-simple"},"yoast_head":"<!-- This site is optimized with the Yoast SEO plugin v27.4 - https:\/\/yoast.com\/product\/yoast-seo-wordpress\/ -->\n<title>O\u0161\u0146\u0101\u0161anas pakl\u0101js su\u0146iem Eat Slow Live Longer 50 cm - MiuMjau<\/title>\n<meta name=\"robots\" content=\"index, follow, max-snippet:-1, max-image-preview:large, max-video-preview:-1\" \/>\n<link rel=\"canonical\" href=\"https:\/\/miumjau.ee\/lv\/produkts\/osnasanas-paklajs-suniem-eat-slow-live-longer-50-cm\/\" \/>\n<meta property=\"og:locale\" content=\"lv_LV\" \/>\n<meta property=\"og:type\" content=\"article\" \/>\n<meta property=\"og:title\" content=\"O\u0161\u0146\u0101\u0161anas pakl\u0101js su\u0146iem Eat Slow Live Longer 50 cm - MiuMjau\" \/>\n<meta property=\"og:description\" content=\"O\u0161\u0146\u0101\u0161anas pakl\u0101js, kas nodro\u0161ina gar\u012bgo stimul\u0101ciju un veicina l\u0113n\u0101ku \u0113\u0161anu! \u2714\ufe0f Nov\u0113r\u0161 \u0113diena rij\u0161anu un veicina l\u0113n\u0101ku \u0113\u0161anu\u2714\ufe0f Nodro\u0161ina gar\u012bgo stimul\u0101ciju un izklaidi\u2714\ufe0f Ar savelkamu auklu pakl\u0101ja samazin\u0101\u0161anai Eat Slow Live Longer o\u0161\u0146\u0101\u0161anas pakl\u0101js pal\u012bdz nov\u0113rst p\u0101r\u0101k \u0101tru \u0113\u0161anu un nodro\u0161ina m\u0101jdz\u012bvniekam gar\u012bgo stimul\u0101ciju. Pakl\u0101js ir p\u0101rkl\u0101ts ar daudz\u0101m auduma cilpi\u0146\u0101m, starp kur\u0101m var pasl\u0113pt sauso bar\u012bbu vai na\u0161\u0137us, mudinot suni vai ka\u0137i tos mekl\u0113t, o\u0161\u0146\u0101jot. Tas pal\u0113nina \u0113\u0161anu un veicina lab\u0101ku ko\u0161\u013c\u0101\u0161anu. Turkl\u0101t t\u0101 ir jautra gar\u012bg\u0101 aktivit\u0101te, kas nodro\u0161ina nodarbi un prieku. Ar savelkamo auklu pakl\u0101ju var samazin\u0101t vai izmantot k\u0101 trauku. Pakl\u0101ja apak\u0161puse ir nesl\u012bdo\u0161a, kas nov\u0113r\u0161 t\u0101 p\u0101rvieto\u0161anos, kam\u0113r dz\u012bvnieks mekl\u0113 na\u0161\u0137us. P\u0101r\u0101k \u0101tra \u0113\u0161ana vai rij\u0161ana var izrais\u012bt da\u017e\u0101das vesel\u012bbas probl\u0113mas, piem\u0113ram, aptauko\u0161anos (bar\u012bba netiek pien\u0101c\u012bgi sagremota), ku\u0146\u0123a sagrie\u0161anos un v\u0113dera uzp\u016b\u0161anos (gaisa nor\u012b\u0161anas d\u0113\u013c). O\u0161\u0146\u0101\u0161anas pakl\u0101js pal\u012bdz \u0161\u012bs probl\u0113mas mazin\u0101t vai nov\u0113rst. Lieto\u0161anas instrukcija:Izmanto pakl\u0101ju ikdienas saus\u0101s bar\u012bbas porcijas pasnieg\u0161anai vai na\u0161\u0137u pied\u0101v\u0101\u0161anai. Izkaisi bar\u012bbu vai na\u0161\u0137us uz pakl\u0101ja un \u013cauj sunim vai ka\u0137im tos mekl\u0113t. Ja v\u0113lies, ar savelkamo auklu vari pakl\u0101ju samazin\u0101t, lai rad\u012btu papildu izaicin\u0101jumu. Izm\u0113rs: \u00d8 50 cm\" \/>\n<meta property=\"og:url\" content=\"https:\/\/miumjau.ee\/lv\/produkts\/osnasanas-paklajs-suniem-eat-slow-live-longer-50-cm\/\" \/>\n<meta property=\"og:site_name\" content=\"MiuMjau\" \/>\n<meta property=\"article:publisher\" content=\"https:\/\/www.facebook.com\/miumjaupood\/\" \/>\n<meta property=\"article:modified_time\" content=\"2026-01-07T19:17:47+00:00\" \/>\n<meta property=\"og:image\" content=\"https:\/\/miumjau.ee\/wp-content\/uploads\/2025\/05\/nuuskimismatt-koertele2.webp\" \/>\n\t<meta property=\"og:image:width\" content=\"600\" \/>\n\t<meta property=\"og:image:height\" content=\"800\" \/>\n\t<meta property=\"og:image:type\" content=\"image\/webp\" \/>\n<meta name=\"twitter:card\" content=\"summary_large_image\" \/>\n<script type=\"application\/ld+json\" class=\"yoast-schema-graph\">{\"@context\":\"https:\\\/\\\/schema.org\",\"@graph\":[{\"@type\":\"WebPage\",\"@id\":\"https:\\\/\\\/miumjau.ee\\\/lv\\\/produkts\\\/osnasanas-paklajs-suniem-eat-slow-live-longer-50-cm\\\/\",\"url\":\"https:\\\/\\\/miumjau.ee\\\/lv\\\/produkts\\\/osnasanas-paklajs-suniem-eat-slow-live-longer-50-cm\\\/\",\"name\":\"O\u0161\u0146\u0101\u0161anas pakl\u0101js su\u0146iem Eat Slow Live Longer 50 cm - MiuMjau\",\"isPartOf\":{\"@id\":\"https:\\\/\\\/miumjau.ee\\\/#website\"},\"primaryImageOfPage\":{\"@id\":\"https:\\\/\\\/miumjau.ee\\\/lv\\\/produkts\\\/osnasanas-paklajs-suniem-eat-slow-live-longer-50-cm\\\/#primaryimage\"},\"image\":{\"@id\":\"https:\\\/\\\/miumjau.ee\\\/lv\\\/produkts\\\/osnasanas-paklajs-suniem-eat-slow-live-longer-50-cm\\\/#primaryimage\"},\"thumbnailUrl\":\"https:\\\/\\\/miumjau.ee\\\/wp-content\\\/uploads\\\/2025\\\/05\\\/nuuskimismatt-koertele2.webp\",\"datePublished\":\"2025-05-02T11:05:24+00:00\",\"dateModified\":\"2026-01-07T19:17:47+00:00\",\"breadcrumb\":{\"@id\":\"https:\\\/\\\/miumjau.ee\\\/lv\\\/produkts\\\/osnasanas-paklajs-suniem-eat-slow-live-longer-50-cm\\\/#breadcrumb\"},\"inLanguage\":\"lv-LV\",\"potentialAction\":[{\"@type\":\"ReadAction\",\"target\":[\"https:\\\/\\\/miumjau.ee\\\/lv\\\/produkts\\\/osnasanas-paklajs-suniem-eat-slow-live-longer-50-cm\\\/\"]}]},{\"@type\":\"ImageObject\",\"inLanguage\":\"lv-LV\",\"@id\":\"https:\\\/\\\/miumjau.ee\\\/lv\\\/produkts\\\/osnasanas-paklajs-suniem-eat-slow-live-longer-50-cm\\\/#primaryimage\",\"url\":\"https:\\\/\\\/miumjau.ee\\\/wp-content\\\/uploads\\\/2025\\\/05\\\/nuuskimismatt-koertele2.webp\",\"contentUrl\":\"https:\\\/\\\/miumjau.ee\\\/wp-content\\\/uploads\\\/2025\\\/05\\\/nuuskimismatt-koertele2.webp\",\"width\":600,\"height\":800},{\"@type\":\"BreadcrumbList\",\"@id\":\"https:\\\/\\\/miumjau.ee\\\/lv\\\/produkts\\\/osnasanas-paklajs-suniem-eat-slow-live-longer-50-cm\\\/#breadcrumb\",\"itemListElement\":[{\"@type\":\"ListItem\",\"position\":1,\"name\":\"Home\",\"item\":\"https:\\\/\\\/miumjau.ee\\\/lv\\\/\"},{\"@type\":\"ListItem\",\"position\":2,\"name\":\"Veikals\",\"item\":\"https:\\\/\\\/miumjau.ee\\\/lv\\\/veikals\\\/\"},{\"@type\":\"ListItem\",\"position\":3,\"name\":\"O\u0161\u0146\u0101\u0161anas pakl\u0101js su\u0146iem Eat Slow Live Longer 50 cm\"}]},{\"@type\":\"WebSite\",\"@id\":\"https:\\\/\\\/miumjau.ee\\\/#website\",\"url\":\"https:\\\/\\\/miumjau.ee\\\/\",\"name\":\"MiuMjau\",\"description\":\"Kraapimispuud kassidele\",\"publisher\":{\"@id\":\"https:\\\/\\\/miumjau.ee\\\/#organization\"},\"potentialAction\":[{\"@type\":\"SearchAction\",\"target\":{\"@type\":\"EntryPoint\",\"urlTemplate\":\"https:\\\/\\\/miumjau.ee\\\/?s={search_term_string}\"},\"query-input\":{\"@type\":\"PropertyValueSpecification\",\"valueRequired\":true,\"valueName\":\"search_term_string\"}}],\"inLanguage\":\"lv-LV\"},{\"@type\":\"Organization\",\"@id\":\"https:\\\/\\\/miumjau.ee\\\/#organization\",\"name\":\"MiuMjau O\u00dc\",\"url\":\"https:\\\/\\\/miumjau.ee\\\/\",\"logo\":{\"@type\":\"ImageObject\",\"inLanguage\":\"lv-LV\",\"@id\":\"https:\\\/\\\/miumjau.ee\\\/#\\\/schema\\\/logo\\\/image\\\/\",\"url\":\"https:\\\/\\\/miumjau.ee\\\/wp-content\\\/uploads\\\/2022\\\/04\\\/MiuMjau-logo-kollane.png\",\"contentUrl\":\"https:\\\/\\\/miumjau.ee\\\/wp-content\\\/uploads\\\/2022\\\/04\\\/MiuMjau-logo-kollane.png\",\"width\":219,\"height\":100,\"caption\":\"MiuMjau O\u00dc\"},\"image\":{\"@id\":\"https:\\\/\\\/miumjau.ee\\\/#\\\/schema\\\/logo\\\/image\\\/\"},\"sameAs\":[\"https:\\\/\\\/www.facebook.com\\\/miumjaupood\\\/\"]}]}<\/script>\n<!-- \/ Yoast SEO plugin. -->","yoast_head_json":{"title":"O\u0161\u0146\u0101\u0161anas pakl\u0101js su\u0146iem Eat Slow Live Longer 50 cm - MiuMjau","robots":{"index":"index","follow":"follow","max-snippet":"max-snippet:-1","max-image-preview":"max-image-preview:large","max-video-preview":"max-video-preview:-1"},"canonical":"https:\/\/miumjau.ee\/lv\/produkts\/osnasanas-paklajs-suniem-eat-slow-live-longer-50-cm\/","og_locale":"lv_LV","og_type":"article","og_title":"O\u0161\u0146\u0101\u0161anas pakl\u0101js su\u0146iem Eat Slow Live Longer 50 cm - MiuMjau","og_description":"O\u0161\u0146\u0101\u0161anas pakl\u0101js, kas nodro\u0161ina gar\u012bgo stimul\u0101ciju un veicina l\u0113n\u0101ku \u0113\u0161anu! \u2714\ufe0f Nov\u0113r\u0161 \u0113diena rij\u0161anu un veicina l\u0113n\u0101ku \u0113\u0161anu\u2714\ufe0f Nodro\u0161ina gar\u012bgo stimul\u0101ciju un izklaidi\u2714\ufe0f Ar savelkamu auklu pakl\u0101ja samazin\u0101\u0161anai Eat Slow Live Longer o\u0161\u0146\u0101\u0161anas pakl\u0101js pal\u012bdz nov\u0113rst p\u0101r\u0101k \u0101tru \u0113\u0161anu un nodro\u0161ina m\u0101jdz\u012bvniekam gar\u012bgo stimul\u0101ciju. Pakl\u0101js ir p\u0101rkl\u0101ts ar daudz\u0101m auduma cilpi\u0146\u0101m, starp kur\u0101m var pasl\u0113pt sauso bar\u012bbu vai na\u0161\u0137us, mudinot suni vai ka\u0137i tos mekl\u0113t, o\u0161\u0146\u0101jot. Tas pal\u0113nina \u0113\u0161anu un veicina lab\u0101ku ko\u0161\u013c\u0101\u0161anu. Turkl\u0101t t\u0101 ir jautra gar\u012bg\u0101 aktivit\u0101te, kas nodro\u0161ina nodarbi un prieku. Ar savelkamo auklu pakl\u0101ju var samazin\u0101t vai izmantot k\u0101 trauku. Pakl\u0101ja apak\u0161puse ir nesl\u012bdo\u0161a, kas nov\u0113r\u0161 t\u0101 p\u0101rvieto\u0161anos, kam\u0113r dz\u012bvnieks mekl\u0113 na\u0161\u0137us. P\u0101r\u0101k \u0101tra \u0113\u0161ana vai rij\u0161ana var izrais\u012bt da\u017e\u0101das vesel\u012bbas probl\u0113mas, piem\u0113ram, aptauko\u0161anos (bar\u012bba netiek pien\u0101c\u012bgi sagremota), ku\u0146\u0123a sagrie\u0161anos un v\u0113dera uzp\u016b\u0161anos (gaisa nor\u012b\u0161anas d\u0113\u013c). O\u0161\u0146\u0101\u0161anas pakl\u0101js pal\u012bdz \u0161\u012bs probl\u0113mas mazin\u0101t vai nov\u0113rst. Lieto\u0161anas instrukcija:Izmanto pakl\u0101ju ikdienas saus\u0101s bar\u012bbas porcijas pasnieg\u0161anai vai na\u0161\u0137u pied\u0101v\u0101\u0161anai. Izkaisi bar\u012bbu vai na\u0161\u0137us uz pakl\u0101ja un \u013cauj sunim vai ka\u0137im tos mekl\u0113t. Ja v\u0113lies, ar savelkamo auklu vari pakl\u0101ju samazin\u0101t, lai rad\u012btu papildu izaicin\u0101jumu. Izm\u0113rs: \u00d8 50 cm","og_url":"https:\/\/miumjau.ee\/lv\/produkts\/osnasanas-paklajs-suniem-eat-slow-live-longer-50-cm\/","og_site_name":"MiuMjau","article_publisher":"https:\/\/www.facebook.com\/miumjaupood\/","article_modified_time":"2026-01-07T19:17:47+00:00","og_image":[{"width":600,"height":800,"url":"https:\/\/miumjau.ee\/wp-content\/uploads\/2025\/05\/nuuskimismatt-koertele2.webp","type":"image\/webp"}],"twitter_card":"summary_large_image","schema":{"@context":"https:\/\/schema.org","@graph":[{"@type":"WebPage","@id":"https:\/\/miumjau.ee\/lv\/produkts\/osnasanas-paklajs-suniem-eat-slow-live-longer-50-cm\/","url":"https:\/\/miumjau.ee\/lv\/produkts\/osnasanas-paklajs-suniem-eat-slow-live-longer-50-cm\/","name":"O\u0161\u0146\u0101\u0161anas pakl\u0101js su\u0146iem Eat Slow Live Longer 50 cm - MiuMjau","isPartOf":{"@id":"https:\/\/miumjau.ee\/#website"},"primaryImageOfPage":{"@id":"https:\/\/miumjau.ee\/lv\/produkts\/osnasanas-paklajs-suniem-eat-slow-live-longer-50-cm\/#primaryimage"},"image":{"@id":"https:\/\/miumjau.ee\/lv\/produkts\/osnasanas-paklajs-suniem-eat-slow-live-longer-50-cm\/#primaryimage"},"thumbnailUrl":"https:\/\/miumjau.ee\/wp-content\/uploads\/2025\/05\/nuuskimismatt-koertele2.webp","datePublished":"2025-05-02T11:05:24+00:00","dateModified":"2026-01-07T19:17:47+00:00","breadcrumb":{"@id":"https:\/\/miumjau.ee\/lv\/produkts\/osnasanas-paklajs-suniem-eat-slow-live-longer-50-cm\/#breadcrumb"},"inLanguage":"lv-LV","potentialAction":[{"@type":"ReadAction","target":["https:\/\/miumjau.ee\/lv\/produkts\/osnasanas-paklajs-suniem-eat-slow-live-longer-50-cm\/"]}]},{"@type":"ImageObject","inLanguage":"lv-LV","@id":"https:\/\/miumjau.ee\/lv\/produkts\/osnasanas-paklajs-suniem-eat-slow-live-longer-50-cm\/#primaryimage","url":"https:\/\/miumjau.ee\/wp-content\/uploads\/2025\/05\/nuuskimismatt-koertele2.webp","contentUrl":"https:\/\/miumjau.ee\/wp-content\/uploads\/2025\/05\/nuuskimismatt-koertele2.webp","width":600,"height":800},{"@type":"BreadcrumbList","@id":"https:\/\/miumjau.ee\/lv\/produkts\/osnasanas-paklajs-suniem-eat-slow-live-longer-50-cm\/#breadcrumb","itemListElement":[{"@type":"ListItem","position":1,"name":"Home","item":"https:\/\/miumjau.ee\/lv\/"},{"@type":"ListItem","position":2,"name":"Veikals","item":"https:\/\/miumjau.ee\/lv\/veikals\/"},{"@type":"ListItem","position":3,"name":"O\u0161\u0146\u0101\u0161anas pakl\u0101js su\u0146iem Eat Slow Live Longer 50 cm"}]},{"@type":"WebSite","@id":"https:\/\/miumjau.ee\/#website","url":"https:\/\/miumjau.ee\/","name":"MiuMjau","description":"Kraapimispuud kassidele","publisher":{"@id":"https:\/\/miumjau.ee\/#organization"},"potentialAction":[{"@type":"SearchAction","target":{"@type":"EntryPoint","urlTemplate":"https:\/\/miumjau.ee\/?s={search_term_string}"},"query-input":{"@type":"PropertyValueSpecification","valueRequired":true,"valueName":"search_term_string"}}],"inLanguage":"lv-LV"},{"@type":"Organization","@id":"https:\/\/miumjau.ee\/#organization","name":"MiuMjau O\u00dc","url":"https:\/\/miumjau.ee\/","logo":{"@type":"ImageObject","inLanguage":"lv-LV","@id":"https:\/\/miumjau.ee\/#\/schema\/logo\/image\/","url":"https:\/\/miumjau.ee\/wp-content\/uploads\/2022\/04\/MiuMjau-logo-kollane.png","contentUrl":"https:\/\/miumjau.ee\/wp-content\/uploads\/2022\/04\/MiuMjau-logo-kollane.png","width":219,"height":100,"caption":"MiuMjau O\u00dc"},"image":{"@id":"https:\/\/miumjau.ee\/#\/schema\/logo\/image\/"},"sameAs":["https:\/\/www.facebook.com\/miumjaupood\/"]}]}},"_links":{"self":[{"href":"https:\/\/miumjau.ee\/lv\/wp-json\/wp\/v2\/product\/48707","targetHints":{"allow":["GET"]}}],"collection":[{"href":"https:\/\/miumjau.ee\/lv\/wp-json\/wp\/v2\/product"}],"about":[{"href":"https:\/\/miumjau.ee\/lv\/wp-json\/wp\/v2\/types\/product"}],"wp:featuredmedia":[{"embeddable":true,"href":"https:\/\/miumjau.ee\/lv\/wp-json\/wp\/v2\/media\/48704"}],"wp:attachment":[{"href":"https:\/\/miumjau.ee\/lv\/wp-json\/wp\/v2\/media?parent=48707"}],"wp:term":[{"taxonomy":"product_brand","embeddable":true,"href":"https:\/\/miumjau.ee\/lv\/wp-json\/wp\/v2\/product_brand?post=48707"},{"taxonomy":"product_cat","embeddable":true,"href":"https:\/\/miumjau.ee\/lv\/wp-json\/wp\/v2\/product_cat?post=48707"},{"taxonomy":"product_tag","embeddable":true,"href":"https:\/\/miumjau.ee\/lv\/wp-json\/wp\/v2\/product_tag?post=48707"}],"curies":[{"name":"wp","href":"https:\/\/api.w.org\/{rel}","templated":true}]}}