{"id":48679,"date":"2025-05-03T09:00:17","date_gmt":"2025-05-03T06:00:17","guid":{"rendered":"https:\/\/miumjau.ee\/toode\/sunu-baseins-coolpets-100-x-25-cm\/"},"modified":"2026-01-07T21:17:55","modified_gmt":"2026-01-07T19:17:55","slug":"sunu-baseins-coolpets-100-x-25-cm","status":"publish","type":"product","link":"https:\/\/miumjau.ee\/lv\/produkts\/sunu-baseins-coolpets-100-x-25-cm\/","title":{"rendered":"Su\u0146u baseins Coolpets 100 x 25 cm"},"content":{"rendered":"","protected":false},"excerpt":{"rendered":"<p data-start=\"1812\" data-end=\"2106\">\u0160is baseins pied\u0101v\u0101 su\u0146iem lielisku iesp\u0113ju atv\u0113sin\u0101ties!<br data-start=\"1869\" data-end=\"1872\" \/>Izgatavots no \u013coti iztur\u012bgiem materi\u0101liem, t\u0101p\u0113c piem\u0113rots ilgsto\u0161ai lieto\u0161anai. Baseina sienas un gr\u012bda ir p\u0101rkl\u0101tas ar nesl\u012bdo\u0161u materi\u0101lu. Materi\u0101ls ir UV iztur\u012bgs un apr\u012bkots ar iztuk\u0161o\u0161anas aizb\u0101zni, kas atvieglo \u016bdens izlie\u0161anu.<\/p>\n<p data-start=\"2108\" data-end=\"2188\">J\u0101izmanto uz l\u012bdzenas virsmas bez akme\u0146iem vai citiem asiem priek\u0161metiem apak\u0161\u0101.<\/p>\n<p data-start=\"2190\" data-end=\"2486\"><strong data-start=\"2190\" data-end=\"2208\">Priek\u0161roc\u012bbas:<\/strong><br data-start=\"2208\" data-end=\"2211\" \/>\u2714\ufe0f Nodro\u0161ina pat\u012bkamu atv\u0113sin\u0101\u0161anos<br data-start=\"2246\" data-end=\"2249\" \/>\u2714\ufe0f Viegli uzst\u0101d\u0101ms pagalm\u0101, uz terases vai balkona<br data-start=\"2300\" data-end=\"2303\" \/>\u2714\ufe0f Samazina p\u0101rkar\u0161anas risku<br data-start=\"2332\" data-end=\"2335\" \/>\u2714\ufe0f Nesl\u012bdo\u0161a gr\u012bda un sienas<br data-start=\"2363\" data-end=\"2366\" \/>\u2714\ufe0f Aizb\u0101znis \u0113rtai \u016bdens iztuk\u0161o\u0161anai<br data-start=\"2403\" data-end=\"2406\" \/>\u2714\ufe0f Salok\u0101ms un kompakts uzglab\u0101\u0161anai ziemas period\u0101<br data-start=\"2457\" data-end=\"2460\" \/>\u2714\ufe0f UV iztur\u012bgs materi\u0101ls<\/p>\n<p data-start=\"2488\" data-end=\"2557\"><strong data-start=\"2488\" data-end=\"2499\">Izm\u0113ri:<\/strong><br data-start=\"2499\" data-end=\"2502\" \/>S: \u00f8 80 x 20 cm<br data-start=\"2517\" data-end=\"2520\" \/>M: \u00f8 100 x 25 cm<br data-start=\"2536\" data-end=\"2539\" \/>L: \u00f8 120 x 30 cm<\/p>\n","protected":false},"featured_media":48670,"template":"","meta":[],"product_brand":[],"product_cat":[592],"product_tag":[],"class_list":{"0":"post-48679","1":"product","2":"type-product","3":"status-publish","4":"has-post-thumbnail","6":"product_cat-rotallietas-suniem","8":"first","9":"instock","10":"taxable","11":"shipping-taxable","12":"purchasable","13":"product-type-simple"},"yoast_head":"<!-- This site is optimized with the Yoast SEO plugin v27.2 - https:\/\/yoast.com\/product\/yoast-seo-wordpress\/ -->\n<title>Su\u0146u baseins Coolpets 100 x 25 cm - MiuMjau<\/title>\n<meta name=\"robots\" content=\"index, follow, max-snippet:-1, max-image-preview:large, max-video-preview:-1\" \/>\n<link rel=\"canonical\" href=\"https:\/\/miumjau.ee\/lv\/produkts\/sunu-baseins-coolpets-100-x-25-cm\/\" \/>\n<meta property=\"og:locale\" content=\"lv_LV\" \/>\n<meta property=\"og:type\" content=\"article\" \/>\n<meta property=\"og:title\" content=\"Su\u0146u baseins Coolpets 100 x 25 cm - MiuMjau\" \/>\n<meta property=\"og:description\" content=\"\u0160is baseins pied\u0101v\u0101 su\u0146iem lielisku iesp\u0113ju atv\u0113sin\u0101ties!Izgatavots no \u013coti iztur\u012bgiem materi\u0101liem, t\u0101p\u0113c piem\u0113rots ilgsto\u0161ai lieto\u0161anai. Baseina sienas un gr\u012bda ir p\u0101rkl\u0101tas ar nesl\u012bdo\u0161u materi\u0101lu. Materi\u0101ls ir UV iztur\u012bgs un apr\u012bkots ar iztuk\u0161o\u0161anas aizb\u0101zni, kas atvieglo \u016bdens izlie\u0161anu. J\u0101izmanto uz l\u012bdzenas virsmas bez akme\u0146iem vai citiem asiem priek\u0161metiem apak\u0161\u0101. Priek\u0161roc\u012bbas:\u2714\ufe0f Nodro\u0161ina pat\u012bkamu atv\u0113sin\u0101\u0161anos\u2714\ufe0f Viegli uzst\u0101d\u0101ms pagalm\u0101, uz terases vai balkona\u2714\ufe0f Samazina p\u0101rkar\u0161anas risku\u2714\ufe0f Nesl\u012bdo\u0161a gr\u012bda un sienas\u2714\ufe0f Aizb\u0101znis \u0113rtai \u016bdens iztuk\u0161o\u0161anai\u2714\ufe0f Salok\u0101ms un kompakts uzglab\u0101\u0161anai ziemas period\u0101\u2714\ufe0f UV iztur\u012bgs materi\u0101ls Izm\u0113ri:S: \u00f8 80 x 20 cmM: \u00f8 100 x 25 cmL: \u00f8 120 x 30 cm\" \/>\n<meta property=\"og:url\" content=\"https:\/\/miumjau.ee\/lv\/produkts\/sunu-baseins-coolpets-100-x-25-cm\/\" \/>\n<meta property=\"og:site_name\" content=\"MiuMjau\" \/>\n<meta property=\"article:publisher\" content=\"https:\/\/www.facebook.com\/miumjaupood\/\" \/>\n<meta property=\"article:modified_time\" content=\"2026-01-07T19:17:55+00:00\" \/>\n<meta property=\"og:image\" content=\"https:\/\/miumjau.ee\/wp-content\/uploads\/2025\/05\/koerte-bassein-coolpets4.webp\" \/>\n\t<meta property=\"og:image:width\" content=\"600\" \/>\n\t<meta property=\"og:image:height\" content=\"800\" \/>\n\t<meta property=\"og:image:type\" content=\"image\/webp\" \/>\n<meta name=\"twitter:card\" content=\"summary_large_image\" \/>\n<script type=\"application\/ld+json\" class=\"yoast-schema-graph\">{\"@context\":\"https:\/\/schema.org\",\"@graph\":[{\"@type\":\"WebPage\",\"@id\":\"https:\/\/miumjau.ee\/lv\/produkts\/sunu-baseins-coolpets-100-x-25-cm\/\",\"url\":\"https:\/\/miumjau.ee\/lv\/produkts\/sunu-baseins-coolpets-100-x-25-cm\/\",\"name\":\"Su\u0146u baseins Coolpets 100 x 25 cm - MiuMjau\",\"isPartOf\":{\"@id\":\"https:\/\/miumjau.ee\/#website\"},\"primaryImageOfPage\":{\"@id\":\"https:\/\/miumjau.ee\/lv\/produkts\/sunu-baseins-coolpets-100-x-25-cm\/#primaryimage\"},\"image\":{\"@id\":\"https:\/\/miumjau.ee\/lv\/produkts\/sunu-baseins-coolpets-100-x-25-cm\/#primaryimage\"},\"thumbnailUrl\":\"https:\/\/miumjau.ee\/wp-content\/uploads\/2025\/05\/koerte-bassein-coolpets4.webp\",\"datePublished\":\"2025-05-03T06:00:17+00:00\",\"dateModified\":\"2026-01-07T19:17:55+00:00\",\"breadcrumb\":{\"@id\":\"https:\/\/miumjau.ee\/lv\/produkts\/sunu-baseins-coolpets-100-x-25-cm\/#breadcrumb\"},\"inLanguage\":\"lv-LV\",\"potentialAction\":[{\"@type\":\"ReadAction\",\"target\":[\"https:\/\/miumjau.ee\/lv\/produkts\/sunu-baseins-coolpets-100-x-25-cm\/\"]}]},{\"@type\":\"ImageObject\",\"inLanguage\":\"lv-LV\",\"@id\":\"https:\/\/miumjau.ee\/lv\/produkts\/sunu-baseins-coolpets-100-x-25-cm\/#primaryimage\",\"url\":\"https:\/\/miumjau.ee\/wp-content\/uploads\/2025\/05\/koerte-bassein-coolpets4.webp\",\"contentUrl\":\"https:\/\/miumjau.ee\/wp-content\/uploads\/2025\/05\/koerte-bassein-coolpets4.webp\",\"width\":600,\"height\":800},{\"@type\":\"BreadcrumbList\",\"@id\":\"https:\/\/miumjau.ee\/lv\/produkts\/sunu-baseins-coolpets-100-x-25-cm\/#breadcrumb\",\"itemListElement\":[{\"@type\":\"ListItem\",\"position\":1,\"name\":\"Home\",\"item\":\"https:\/\/miumjau.ee\/lv\/\"},{\"@type\":\"ListItem\",\"position\":2,\"name\":\"Veikals\",\"item\":\"https:\/\/miumjau.ee\/lv\/veikals\/\"},{\"@type\":\"ListItem\",\"position\":3,\"name\":\"Su\u0146u baseins Coolpets 100 x 25 cm\"}]},{\"@type\":\"WebSite\",\"@id\":\"https:\/\/miumjau.ee\/#website\",\"url\":\"https:\/\/miumjau.ee\/\",\"name\":\"MiuMjau\",\"description\":\"Kraapimispuud kassidele\",\"publisher\":{\"@id\":\"https:\/\/miumjau.ee\/#organization\"},\"potentialAction\":[{\"@type\":\"SearchAction\",\"target\":{\"@type\":\"EntryPoint\",\"urlTemplate\":\"https:\/\/miumjau.ee\/?s={search_term_string}\"},\"query-input\":{\"@type\":\"PropertyValueSpecification\",\"valueRequired\":true,\"valueName\":\"search_term_string\"}}],\"inLanguage\":\"lv-LV\"},{\"@type\":\"Organization\",\"@id\":\"https:\/\/miumjau.ee\/#organization\",\"name\":\"MiuMjau O\u00dc\",\"url\":\"https:\/\/miumjau.ee\/\",\"logo\":{\"@type\":\"ImageObject\",\"inLanguage\":\"lv-LV\",\"@id\":\"https:\/\/miumjau.ee\/#\/schema\/logo\/image\/\",\"url\":\"https:\/\/miumjau.ee\/wp-content\/uploads\/2022\/04\/MiuMjau-logo-kollane.png\",\"contentUrl\":\"https:\/\/miumjau.ee\/wp-content\/uploads\/2022\/04\/MiuMjau-logo-kollane.png\",\"width\":219,\"height\":100,\"caption\":\"MiuMjau O\u00dc\"},\"image\":{\"@id\":\"https:\/\/miumjau.ee\/#\/schema\/logo\/image\/\"},\"sameAs\":[\"https:\/\/www.facebook.com\/miumjaupood\/\"]}]}<\/script>\n<!-- \/ Yoast SEO plugin. -->","yoast_head_json":{"title":"Su\u0146u baseins Coolpets 100 x 25 cm - MiuMjau","robots":{"index":"index","follow":"follow","max-snippet":"max-snippet:-1","max-image-preview":"max-image-preview:large","max-video-preview":"max-video-preview:-1"},"canonical":"https:\/\/miumjau.ee\/lv\/produkts\/sunu-baseins-coolpets-100-x-25-cm\/","og_locale":"lv_LV","og_type":"article","og_title":"Su\u0146u baseins Coolpets 100 x 25 cm - MiuMjau","og_description":"\u0160is baseins pied\u0101v\u0101 su\u0146iem lielisku iesp\u0113ju atv\u0113sin\u0101ties!Izgatavots no \u013coti iztur\u012bgiem materi\u0101liem, t\u0101p\u0113c piem\u0113rots ilgsto\u0161ai lieto\u0161anai. Baseina sienas un gr\u012bda ir p\u0101rkl\u0101tas ar nesl\u012bdo\u0161u materi\u0101lu. Materi\u0101ls ir UV iztur\u012bgs un apr\u012bkots ar iztuk\u0161o\u0161anas aizb\u0101zni, kas atvieglo \u016bdens izlie\u0161anu. J\u0101izmanto uz l\u012bdzenas virsmas bez akme\u0146iem vai citiem asiem priek\u0161metiem apak\u0161\u0101. Priek\u0161roc\u012bbas:\u2714\ufe0f Nodro\u0161ina pat\u012bkamu atv\u0113sin\u0101\u0161anos\u2714\ufe0f Viegli uzst\u0101d\u0101ms pagalm\u0101, uz terases vai balkona\u2714\ufe0f Samazina p\u0101rkar\u0161anas risku\u2714\ufe0f Nesl\u012bdo\u0161a gr\u012bda un sienas\u2714\ufe0f Aizb\u0101znis \u0113rtai \u016bdens iztuk\u0161o\u0161anai\u2714\ufe0f Salok\u0101ms un kompakts uzglab\u0101\u0161anai ziemas period\u0101\u2714\ufe0f UV iztur\u012bgs materi\u0101ls Izm\u0113ri:S: \u00f8 80 x 20 cmM: \u00f8 100 x 25 cmL: \u00f8 120 x 30 cm","og_url":"https:\/\/miumjau.ee\/lv\/produkts\/sunu-baseins-coolpets-100-x-25-cm\/","og_site_name":"MiuMjau","article_publisher":"https:\/\/www.facebook.com\/miumjaupood\/","article_modified_time":"2026-01-07T19:17:55+00:00","og_image":[{"width":600,"height":800,"url":"https:\/\/miumjau.ee\/wp-content\/uploads\/2025\/05\/koerte-bassein-coolpets4.webp","type":"image\/webp"}],"twitter_card":"summary_large_image","schema":{"@context":"https:\/\/schema.org","@graph":[{"@type":"WebPage","@id":"https:\/\/miumjau.ee\/lv\/produkts\/sunu-baseins-coolpets-100-x-25-cm\/","url":"https:\/\/miumjau.ee\/lv\/produkts\/sunu-baseins-coolpets-100-x-25-cm\/","name":"Su\u0146u baseins Coolpets 100 x 25 cm - MiuMjau","isPartOf":{"@id":"https:\/\/miumjau.ee\/#website"},"primaryImageOfPage":{"@id":"https:\/\/miumjau.ee\/lv\/produkts\/sunu-baseins-coolpets-100-x-25-cm\/#primaryimage"},"image":{"@id":"https:\/\/miumjau.ee\/lv\/produkts\/sunu-baseins-coolpets-100-x-25-cm\/#primaryimage"},"thumbnailUrl":"https:\/\/miumjau.ee\/wp-content\/uploads\/2025\/05\/koerte-bassein-coolpets4.webp","datePublished":"2025-05-03T06:00:17+00:00","dateModified":"2026-01-07T19:17:55+00:00","breadcrumb":{"@id":"https:\/\/miumjau.ee\/lv\/produkts\/sunu-baseins-coolpets-100-x-25-cm\/#breadcrumb"},"inLanguage":"lv-LV","potentialAction":[{"@type":"ReadAction","target":["https:\/\/miumjau.ee\/lv\/produkts\/sunu-baseins-coolpets-100-x-25-cm\/"]}]},{"@type":"ImageObject","inLanguage":"lv-LV","@id":"https:\/\/miumjau.ee\/lv\/produkts\/sunu-baseins-coolpets-100-x-25-cm\/#primaryimage","url":"https:\/\/miumjau.ee\/wp-content\/uploads\/2025\/05\/koerte-bassein-coolpets4.webp","contentUrl":"https:\/\/miumjau.ee\/wp-content\/uploads\/2025\/05\/koerte-bassein-coolpets4.webp","width":600,"height":800},{"@type":"BreadcrumbList","@id":"https:\/\/miumjau.ee\/lv\/produkts\/sunu-baseins-coolpets-100-x-25-cm\/#breadcrumb","itemListElement":[{"@type":"ListItem","position":1,"name":"Home","item":"https:\/\/miumjau.ee\/lv\/"},{"@type":"ListItem","position":2,"name":"Veikals","item":"https:\/\/miumjau.ee\/lv\/veikals\/"},{"@type":"ListItem","position":3,"name":"Su\u0146u baseins Coolpets 100 x 25 cm"}]},{"@type":"WebSite","@id":"https:\/\/miumjau.ee\/#website","url":"https:\/\/miumjau.ee\/","name":"MiuMjau","description":"Kraapimispuud kassidele","publisher":{"@id":"https:\/\/miumjau.ee\/#organization"},"potentialAction":[{"@type":"SearchAction","target":{"@type":"EntryPoint","urlTemplate":"https:\/\/miumjau.ee\/?s={search_term_string}"},"query-input":{"@type":"PropertyValueSpecification","valueRequired":true,"valueName":"search_term_string"}}],"inLanguage":"lv-LV"},{"@type":"Organization","@id":"https:\/\/miumjau.ee\/#organization","name":"MiuMjau O\u00dc","url":"https:\/\/miumjau.ee\/","logo":{"@type":"ImageObject","inLanguage":"lv-LV","@id":"https:\/\/miumjau.ee\/#\/schema\/logo\/image\/","url":"https:\/\/miumjau.ee\/wp-content\/uploads\/2022\/04\/MiuMjau-logo-kollane.png","contentUrl":"https:\/\/miumjau.ee\/wp-content\/uploads\/2022\/04\/MiuMjau-logo-kollane.png","width":219,"height":100,"caption":"MiuMjau O\u00dc"},"image":{"@id":"https:\/\/miumjau.ee\/#\/schema\/logo\/image\/"},"sameAs":["https:\/\/www.facebook.com\/miumjaupood\/"]}]}},"_links":{"self":[{"href":"https:\/\/miumjau.ee\/lv\/wp-json\/wp\/v2\/product\/48679","targetHints":{"allow":["GET"]}}],"collection":[{"href":"https:\/\/miumjau.ee\/lv\/wp-json\/wp\/v2\/product"}],"about":[{"href":"https:\/\/miumjau.ee\/lv\/wp-json\/wp\/v2\/types\/product"}],"wp:featuredmedia":[{"embeddable":true,"href":"https:\/\/miumjau.ee\/lv\/wp-json\/wp\/v2\/media\/48670"}],"wp:attachment":[{"href":"https:\/\/miumjau.ee\/lv\/wp-json\/wp\/v2\/media?parent=48679"}],"wp:term":[{"taxonomy":"product_brand","embeddable":true,"href":"https:\/\/miumjau.ee\/lv\/wp-json\/wp\/v2\/product_brand?post=48679"},{"taxonomy":"product_cat","embeddable":true,"href":"https:\/\/miumjau.ee\/lv\/wp-json\/wp\/v2\/product_cat?post=48679"},{"taxonomy":"product_tag","embeddable":true,"href":"https:\/\/miumjau.ee\/lv\/wp-json\/wp\/v2\/product_tag?post=48679"}],"curies":[{"name":"wp","href":"https:\/\/api.w.org\/{rel}","templated":true}]}}