{"id":48657,"date":"2023-09-13T15:11:41","date_gmt":"2023-09-13T12:11:41","guid":{"rendered":"https:\/\/miumjau.ee\/toode\/petrebels-skrapesanas-plaksne-sturi-peleka\/"},"modified":"2026-01-07T21:17:55","modified_gmt":"2026-01-07T19:17:55","slug":"petrebels-skrapesanas-plaksne-sturi-peleka","status":"publish","type":"product","link":"https:\/\/miumjau.ee\/lv\/produkts\/petrebels-skrapesanas-plaksne-sturi-peleka\/","title":{"rendered":"Petrebels Skr\u0101p\u0113\u0161anas pl\u0101ksne st\u016br\u012b, pel\u0113ka"},"content":{"rendered":"","protected":false},"excerpt":{"rendered":"<p data-start=\"51\" data-end=\"516\">Petrebels skr\u0101p\u0113\u0161anas pl\u0101ksne ir paredz\u0113ta piestiprin\u0101\u0161anai pie sienas st\u016br\u012b. Lab\u0101k izv\u0113l\u0113ties st\u016bri, kur\u0101 j\u016bsu ka\u0137is visbie\u017e\u0101k p\u0101rvietojas. Tas \u013cauj izveidot vair\u0101kas skr\u0101p\u0113\u0161anas vietas, atst\u0101jot gr\u012bdu br\u012bvu. T\u0101pat j\u016bsu m\u0113beles cie\u0161 \u201cmaz\u0101k\u201d. T\u0101pat k\u0101 visi citi Petrebels produkti, \u0161\u012b pl\u0101ksne ir izgatavota kvalitat\u012bvi \u2013 ar ekstra iztur\u012bgu sisala pakl\u0101ju un malas p\u0101rkl\u0101tas ar \u013coti m\u012bkstu pl\u012b\u0161u audumu. M\u0113s esam p\u0101rliecin\u0101ti, ka j\u016bsu ka\u0137is skr\u0101p\u0113s to katru dienu.<\/p>\n<p data-start=\"518\" data-end=\"730\" data-is-last-node=\"\" data-is-only-node=\"\">Izm\u0113ri: augstums 57 cm, platums 29,5 cm, biezums 3 cm<br data-start=\"571\" data-end=\"574\" \/>Piem\u0113rots visiem ka\u0137iem \u2013 ar\u012b lieliem un sp\u0113c\u012bgiem<br data-start=\"624\" data-end=\"627\" data-is-only-node=\"\" \/>Produkts ir CE sertific\u0113ts, ra\u017eot\u0101js \u2013 N\u012bderlandes kvalit\u0101tes z\u012bmols PETREBELS. M\u0113s ieguld\u0101m kvalit\u0101t\u0113!<\/p>\n","protected":false},"featured_media":48662,"template":"","meta":[],"product_brand":[],"product_cat":[588],"product_tag":[],"class_list":{"0":"post-48657","1":"product","2":"type-product","3":"status-publish","4":"has-post-thumbnail","6":"product_cat-skrapesanas-paklaji","7":"product_shipping_class-pakiautomaati-sobimatu-lv","9":"first","10":"instock","11":"taxable","12":"shipping-taxable","13":"purchasable","14":"product-type-simple"},"yoast_head":"<!-- This site is optimized with the Yoast SEO plugin v27.2 - https:\/\/yoast.com\/product\/yoast-seo-wordpress\/ -->\n<title>Petrebels Skr\u0101p\u0113\u0161anas pl\u0101ksne st\u016br\u012b, pel\u0113ka - MiuMjau<\/title>\n<meta name=\"robots\" content=\"index, follow, max-snippet:-1, max-image-preview:large, max-video-preview:-1\" \/>\n<link rel=\"canonical\" href=\"https:\/\/miumjau.ee\/lv\/produkts\/petrebels-skrapesanas-plaksne-sturi-peleka\/\" \/>\n<meta property=\"og:locale\" content=\"lv_LV\" \/>\n<meta property=\"og:type\" content=\"article\" \/>\n<meta property=\"og:title\" content=\"Petrebels Skr\u0101p\u0113\u0161anas pl\u0101ksne st\u016br\u012b, pel\u0113ka - MiuMjau\" \/>\n<meta property=\"og:description\" content=\"Petrebels skr\u0101p\u0113\u0161anas pl\u0101ksne ir paredz\u0113ta piestiprin\u0101\u0161anai pie sienas st\u016br\u012b. Lab\u0101k izv\u0113l\u0113ties st\u016bri, kur\u0101 j\u016bsu ka\u0137is visbie\u017e\u0101k p\u0101rvietojas. Tas \u013cauj izveidot vair\u0101kas skr\u0101p\u0113\u0161anas vietas, atst\u0101jot gr\u012bdu br\u012bvu. T\u0101pat j\u016bsu m\u0113beles cie\u0161 \u201cmaz\u0101k\u201d. T\u0101pat k\u0101 visi citi Petrebels produkti, \u0161\u012b pl\u0101ksne ir izgatavota kvalitat\u012bvi \u2013 ar ekstra iztur\u012bgu sisala pakl\u0101ju un malas p\u0101rkl\u0101tas ar \u013coti m\u012bkstu pl\u012b\u0161u audumu. M\u0113s esam p\u0101rliecin\u0101ti, ka j\u016bsu ka\u0137is skr\u0101p\u0113s to katru dienu. Izm\u0113ri: augstums 57 cm, platums 29,5 cm, biezums 3 cmPiem\u0113rots visiem ka\u0137iem \u2013 ar\u012b lieliem un sp\u0113c\u012bgiemProdukts ir CE sertific\u0113ts, ra\u017eot\u0101js \u2013 N\u012bderlandes kvalit\u0101tes z\u012bmols PETREBELS. M\u0113s ieguld\u0101m kvalit\u0101t\u0113!\" \/>\n<meta property=\"og:url\" content=\"https:\/\/miumjau.ee\/lv\/produkts\/petrebels-skrapesanas-plaksne-sturi-peleka\/\" \/>\n<meta property=\"og:site_name\" content=\"MiuMjau\" \/>\n<meta property=\"article:publisher\" content=\"https:\/\/www.facebook.com\/miumjaupood\/\" \/>\n<meta property=\"article:modified_time\" content=\"2026-01-07T19:17:55+00:00\" \/>\n<meta property=\"og:image\" content=\"https:\/\/miumjau.ee\/wp-content\/uploads\/2023\/09\/scratch-corner-petrebels-kraapimisplaat4.jpg\" \/>\n\t<meta property=\"og:image:width\" content=\"600\" \/>\n\t<meta property=\"og:image:height\" content=\"800\" \/>\n\t<meta property=\"og:image:type\" content=\"image\/jpeg\" \/>\n<meta name=\"twitter:card\" content=\"summary_large_image\" \/>\n<script type=\"application\/ld+json\" class=\"yoast-schema-graph\">{\"@context\":\"https:\/\/schema.org\",\"@graph\":[{\"@type\":\"WebPage\",\"@id\":\"https:\/\/miumjau.ee\/lv\/produkts\/petrebels-skrapesanas-plaksne-sturi-peleka\/\",\"url\":\"https:\/\/miumjau.ee\/lv\/produkts\/petrebels-skrapesanas-plaksne-sturi-peleka\/\",\"name\":\"Petrebels Skr\u0101p\u0113\u0161anas pl\u0101ksne st\u016br\u012b, pel\u0113ka - MiuMjau\",\"isPartOf\":{\"@id\":\"https:\/\/miumjau.ee\/#website\"},\"primaryImageOfPage\":{\"@id\":\"https:\/\/miumjau.ee\/lv\/produkts\/petrebels-skrapesanas-plaksne-sturi-peleka\/#primaryimage\"},\"image\":{\"@id\":\"https:\/\/miumjau.ee\/lv\/produkts\/petrebels-skrapesanas-plaksne-sturi-peleka\/#primaryimage\"},\"thumbnailUrl\":\"https:\/\/miumjau.ee\/wp-content\/uploads\/2023\/09\/scratch-corner-petrebels-kraapimisplaat4.jpg\",\"datePublished\":\"2023-09-13T12:11:41+00:00\",\"dateModified\":\"2026-01-07T19:17:55+00:00\",\"breadcrumb\":{\"@id\":\"https:\/\/miumjau.ee\/lv\/produkts\/petrebels-skrapesanas-plaksne-sturi-peleka\/#breadcrumb\"},\"inLanguage\":\"lv-LV\",\"potentialAction\":[{\"@type\":\"ReadAction\",\"target\":[\"https:\/\/miumjau.ee\/lv\/produkts\/petrebels-skrapesanas-plaksne-sturi-peleka\/\"]}]},{\"@type\":\"ImageObject\",\"inLanguage\":\"lv-LV\",\"@id\":\"https:\/\/miumjau.ee\/lv\/produkts\/petrebels-skrapesanas-plaksne-sturi-peleka\/#primaryimage\",\"url\":\"https:\/\/miumjau.ee\/wp-content\/uploads\/2023\/09\/scratch-corner-petrebels-kraapimisplaat4.jpg\",\"contentUrl\":\"https:\/\/miumjau.ee\/wp-content\/uploads\/2023\/09\/scratch-corner-petrebels-kraapimisplaat4.jpg\",\"width\":600,\"height\":800},{\"@type\":\"BreadcrumbList\",\"@id\":\"https:\/\/miumjau.ee\/lv\/produkts\/petrebels-skrapesanas-plaksne-sturi-peleka\/#breadcrumb\",\"itemListElement\":[{\"@type\":\"ListItem\",\"position\":1,\"name\":\"Home\",\"item\":\"https:\/\/miumjau.ee\/lv\/\"},{\"@type\":\"ListItem\",\"position\":2,\"name\":\"Veikals\",\"item\":\"https:\/\/miumjau.ee\/lv\/veikals\/\"},{\"@type\":\"ListItem\",\"position\":3,\"name\":\"Petrebels Skr\u0101p\u0113\u0161anas pl\u0101ksne st\u016br\u012b, pel\u0113ka\"}]},{\"@type\":\"WebSite\",\"@id\":\"https:\/\/miumjau.ee\/#website\",\"url\":\"https:\/\/miumjau.ee\/\",\"name\":\"MiuMjau\",\"description\":\"Kraapimispuud kassidele\",\"publisher\":{\"@id\":\"https:\/\/miumjau.ee\/#organization\"},\"potentialAction\":[{\"@type\":\"SearchAction\",\"target\":{\"@type\":\"EntryPoint\",\"urlTemplate\":\"https:\/\/miumjau.ee\/?s={search_term_string}\"},\"query-input\":{\"@type\":\"PropertyValueSpecification\",\"valueRequired\":true,\"valueName\":\"search_term_string\"}}],\"inLanguage\":\"lv-LV\"},{\"@type\":\"Organization\",\"@id\":\"https:\/\/miumjau.ee\/#organization\",\"name\":\"MiuMjau O\u00dc\",\"url\":\"https:\/\/miumjau.ee\/\",\"logo\":{\"@type\":\"ImageObject\",\"inLanguage\":\"lv-LV\",\"@id\":\"https:\/\/miumjau.ee\/#\/schema\/logo\/image\/\",\"url\":\"https:\/\/miumjau.ee\/wp-content\/uploads\/2022\/04\/MiuMjau-logo-kollane.png\",\"contentUrl\":\"https:\/\/miumjau.ee\/wp-content\/uploads\/2022\/04\/MiuMjau-logo-kollane.png\",\"width\":219,\"height\":100,\"caption\":\"MiuMjau O\u00dc\"},\"image\":{\"@id\":\"https:\/\/miumjau.ee\/#\/schema\/logo\/image\/\"},\"sameAs\":[\"https:\/\/www.facebook.com\/miumjaupood\/\"]}]}<\/script>\n<!-- \/ Yoast SEO plugin. -->","yoast_head_json":{"title":"Petrebels Skr\u0101p\u0113\u0161anas pl\u0101ksne st\u016br\u012b, pel\u0113ka - MiuMjau","robots":{"index":"index","follow":"follow","max-snippet":"max-snippet:-1","max-image-preview":"max-image-preview:large","max-video-preview":"max-video-preview:-1"},"canonical":"https:\/\/miumjau.ee\/lv\/produkts\/petrebels-skrapesanas-plaksne-sturi-peleka\/","og_locale":"lv_LV","og_type":"article","og_title":"Petrebels Skr\u0101p\u0113\u0161anas pl\u0101ksne st\u016br\u012b, pel\u0113ka - MiuMjau","og_description":"Petrebels skr\u0101p\u0113\u0161anas pl\u0101ksne ir paredz\u0113ta piestiprin\u0101\u0161anai pie sienas st\u016br\u012b. Lab\u0101k izv\u0113l\u0113ties st\u016bri, kur\u0101 j\u016bsu ka\u0137is visbie\u017e\u0101k p\u0101rvietojas. Tas \u013cauj izveidot vair\u0101kas skr\u0101p\u0113\u0161anas vietas, atst\u0101jot gr\u012bdu br\u012bvu. T\u0101pat j\u016bsu m\u0113beles cie\u0161 \u201cmaz\u0101k\u201d. T\u0101pat k\u0101 visi citi Petrebels produkti, \u0161\u012b pl\u0101ksne ir izgatavota kvalitat\u012bvi \u2013 ar ekstra iztur\u012bgu sisala pakl\u0101ju un malas p\u0101rkl\u0101tas ar \u013coti m\u012bkstu pl\u012b\u0161u audumu. M\u0113s esam p\u0101rliecin\u0101ti, ka j\u016bsu ka\u0137is skr\u0101p\u0113s to katru dienu. Izm\u0113ri: augstums 57 cm, platums 29,5 cm, biezums 3 cmPiem\u0113rots visiem ka\u0137iem \u2013 ar\u012b lieliem un sp\u0113c\u012bgiemProdukts ir CE sertific\u0113ts, ra\u017eot\u0101js \u2013 N\u012bderlandes kvalit\u0101tes z\u012bmols PETREBELS. M\u0113s ieguld\u0101m kvalit\u0101t\u0113!","og_url":"https:\/\/miumjau.ee\/lv\/produkts\/petrebels-skrapesanas-plaksne-sturi-peleka\/","og_site_name":"MiuMjau","article_publisher":"https:\/\/www.facebook.com\/miumjaupood\/","article_modified_time":"2026-01-07T19:17:55+00:00","og_image":[{"width":600,"height":800,"url":"https:\/\/miumjau.ee\/wp-content\/uploads\/2023\/09\/scratch-corner-petrebels-kraapimisplaat4.jpg","type":"image\/jpeg"}],"twitter_card":"summary_large_image","schema":{"@context":"https:\/\/schema.org","@graph":[{"@type":"WebPage","@id":"https:\/\/miumjau.ee\/lv\/produkts\/petrebels-skrapesanas-plaksne-sturi-peleka\/","url":"https:\/\/miumjau.ee\/lv\/produkts\/petrebels-skrapesanas-plaksne-sturi-peleka\/","name":"Petrebels Skr\u0101p\u0113\u0161anas pl\u0101ksne st\u016br\u012b, pel\u0113ka - MiuMjau","isPartOf":{"@id":"https:\/\/miumjau.ee\/#website"},"primaryImageOfPage":{"@id":"https:\/\/miumjau.ee\/lv\/produkts\/petrebels-skrapesanas-plaksne-sturi-peleka\/#primaryimage"},"image":{"@id":"https:\/\/miumjau.ee\/lv\/produkts\/petrebels-skrapesanas-plaksne-sturi-peleka\/#primaryimage"},"thumbnailUrl":"https:\/\/miumjau.ee\/wp-content\/uploads\/2023\/09\/scratch-corner-petrebels-kraapimisplaat4.jpg","datePublished":"2023-09-13T12:11:41+00:00","dateModified":"2026-01-07T19:17:55+00:00","breadcrumb":{"@id":"https:\/\/miumjau.ee\/lv\/produkts\/petrebels-skrapesanas-plaksne-sturi-peleka\/#breadcrumb"},"inLanguage":"lv-LV","potentialAction":[{"@type":"ReadAction","target":["https:\/\/miumjau.ee\/lv\/produkts\/petrebels-skrapesanas-plaksne-sturi-peleka\/"]}]},{"@type":"ImageObject","inLanguage":"lv-LV","@id":"https:\/\/miumjau.ee\/lv\/produkts\/petrebels-skrapesanas-plaksne-sturi-peleka\/#primaryimage","url":"https:\/\/miumjau.ee\/wp-content\/uploads\/2023\/09\/scratch-corner-petrebels-kraapimisplaat4.jpg","contentUrl":"https:\/\/miumjau.ee\/wp-content\/uploads\/2023\/09\/scratch-corner-petrebels-kraapimisplaat4.jpg","width":600,"height":800},{"@type":"BreadcrumbList","@id":"https:\/\/miumjau.ee\/lv\/produkts\/petrebels-skrapesanas-plaksne-sturi-peleka\/#breadcrumb","itemListElement":[{"@type":"ListItem","position":1,"name":"Home","item":"https:\/\/miumjau.ee\/lv\/"},{"@type":"ListItem","position":2,"name":"Veikals","item":"https:\/\/miumjau.ee\/lv\/veikals\/"},{"@type":"ListItem","position":3,"name":"Petrebels Skr\u0101p\u0113\u0161anas pl\u0101ksne st\u016br\u012b, pel\u0113ka"}]},{"@type":"WebSite","@id":"https:\/\/miumjau.ee\/#website","url":"https:\/\/miumjau.ee\/","name":"MiuMjau","description":"Kraapimispuud kassidele","publisher":{"@id":"https:\/\/miumjau.ee\/#organization"},"potentialAction":[{"@type":"SearchAction","target":{"@type":"EntryPoint","urlTemplate":"https:\/\/miumjau.ee\/?s={search_term_string}"},"query-input":{"@type":"PropertyValueSpecification","valueRequired":true,"valueName":"search_term_string"}}],"inLanguage":"lv-LV"},{"@type":"Organization","@id":"https:\/\/miumjau.ee\/#organization","name":"MiuMjau O\u00dc","url":"https:\/\/miumjau.ee\/","logo":{"@type":"ImageObject","inLanguage":"lv-LV","@id":"https:\/\/miumjau.ee\/#\/schema\/logo\/image\/","url":"https:\/\/miumjau.ee\/wp-content\/uploads\/2022\/04\/MiuMjau-logo-kollane.png","contentUrl":"https:\/\/miumjau.ee\/wp-content\/uploads\/2022\/04\/MiuMjau-logo-kollane.png","width":219,"height":100,"caption":"MiuMjau O\u00dc"},"image":{"@id":"https:\/\/miumjau.ee\/#\/schema\/logo\/image\/"},"sameAs":["https:\/\/www.facebook.com\/miumjaupood\/"]}]}},"_links":{"self":[{"href":"https:\/\/miumjau.ee\/lv\/wp-json\/wp\/v2\/product\/48657","targetHints":{"allow":["GET"]}}],"collection":[{"href":"https:\/\/miumjau.ee\/lv\/wp-json\/wp\/v2\/product"}],"about":[{"href":"https:\/\/miumjau.ee\/lv\/wp-json\/wp\/v2\/types\/product"}],"wp:featuredmedia":[{"embeddable":true,"href":"https:\/\/miumjau.ee\/lv\/wp-json\/wp\/v2\/media\/48662"}],"wp:attachment":[{"href":"https:\/\/miumjau.ee\/lv\/wp-json\/wp\/v2\/media?parent=48657"}],"wp:term":[{"taxonomy":"product_brand","embeddable":true,"href":"https:\/\/miumjau.ee\/lv\/wp-json\/wp\/v2\/product_brand?post=48657"},{"taxonomy":"product_cat","embeddable":true,"href":"https:\/\/miumjau.ee\/lv\/wp-json\/wp\/v2\/product_cat?post=48657"},{"taxonomy":"product_tag","embeddable":true,"href":"https:\/\/miumjau.ee\/lv\/wp-json\/wp\/v2\/product_tag?post=48657"}],"curies":[{"name":"wp","href":"https:\/\/api.w.org\/{rel}","templated":true}]}}