{"id":48612,"date":"2025-08-12T16:36:21","date_gmt":"2025-08-12T13:36:21","guid":{"rendered":"https:\/\/miumjau.ee\/toode\/kapsanas-koks-miumjau-7060-155-cm\/"},"modified":"2026-01-07T21:18:02","modified_gmt":"2026-01-07T19:18:02","slug":"kapsanas-koks-miumjau-7060-155-cm","status":"publish","type":"product","link":"https:\/\/miumjau.ee\/lv\/produkts\/kapsanas-koks-miumjau-7060-155-cm\/","title":{"rendered":"K\u0101p\u0161anas koks MiuMjau 7060, 155 cm"},"content":{"rendered":"","protected":false},"excerpt":{"rendered":"<p data-start=\"1044\" data-end=\"1452\">Ka\u0137iem nepiecie\u0161ams skr\u0101p\u0113\u0161anas koks, jo skr\u0101p\u0113\u0161ana ir vi\u0146u dabiskais veids, k\u0101 kopt nagus, stiept musku\u013cus un atz\u012bm\u0113t teritoriju. Bez skr\u0101p\u0113\u0161anas koka vi\u0146i var izmantot d\u012bv\u0101nu vai aizkarus, kas var novest pie d\u0101rgiem m\u0113be\u013cu remontiem. Skr\u0101p\u0113\u0161anas koks pied\u0101v\u0101 ka\u0137im ar\u012b sp\u0113les un k\u0101p\u0161anas iesp\u0113jas, saglab\u0101jot to akt\u012bvu un mazinot garlaic\u012bbu. Vienk\u0101r\u0161a invest\u012bcija, kas uztur ka\u0137i laim\u012bgu un m\u0101ju k\u0101rt\u012bgu.<\/p>\n<p data-start=\"1454\" data-end=\"1618\">Skr\u0101p\u0113\u0161anas koks piem\u0113rots ka\u0137\u0113niem, maziem ka\u0137iem un vid\u0113jiem viegliem ka\u0137iem. Galvenais stabs ir \u013coti biezs un piln\u012bb\u0101 p\u0101rkl\u0101ts ar skr\u0101p\u0113jamu sisu no sisu auga.<\/p>\n<p data-start=\"1620\" data-end=\"1769\"><strong data-start=\"1620\" data-end=\"1631\">Izm\u0113ri:<\/strong><br data-start=\"1631\" data-end=\"1634\" \/>Augstums: 155 cm<br data-start=\"1650\" data-end=\"1653\" \/>Aug\u0161\u0113j\u0101 platforma ar m\u012bkstu ligzdu: diametrs 57 cm<br data-start=\"1703\" data-end=\"1706\" \/>Kar\u0101jam\u0101 ligzda: diametrs 47 cm<br data-start=\"1737\" data-end=\"1740\" \/>Pamatnes izm\u0113rs: 57 x 57 cm<\/p>\n<p data-start=\"1771\" data-end=\"1842\"><strong data-start=\"1771\" data-end=\"1790\">Produkta svars:<\/strong> 28 kg<br data-start=\"1796\" data-end=\"1799\" \/><strong data-start=\"1799\" data-end=\"1832\">Produkta svars ar iepakojumu:<\/strong> 28,9 kg<\/p>\n","protected":false},"featured_media":48613,"template":"","meta":[],"product_brand":[],"product_cat":[581],"product_tag":[],"class_list":{"0":"post-48612","1":"product","2":"type-product","3":"status-publish","4":"has-post-thumbnail","6":"product_cat-videji-skrapesanas-koki","7":"product_shipping_class-pakiautomaati-sobimatu-lv","9":"first","10":"instock","11":"sale","12":"taxable","13":"shipping-taxable","14":"purchasable","15":"product-type-simple"},"yoast_head":"<!-- This site is optimized with the Yoast SEO plugin v27.2 - https:\/\/yoast.com\/product\/yoast-seo-wordpress\/ -->\n<title>K\u0101p\u0161anas koks MiuMjau 7060, 155 cm - MiuMjau<\/title>\n<meta name=\"robots\" content=\"index, follow, max-snippet:-1, max-image-preview:large, max-video-preview:-1\" \/>\n<link rel=\"canonical\" href=\"https:\/\/miumjau.ee\/lv\/produkts\/kapsanas-koks-miumjau-7060-155-cm\/\" \/>\n<meta property=\"og:locale\" content=\"lv_LV\" \/>\n<meta property=\"og:type\" content=\"article\" \/>\n<meta property=\"og:title\" content=\"K\u0101p\u0161anas koks MiuMjau 7060, 155 cm - MiuMjau\" \/>\n<meta property=\"og:description\" content=\"Ka\u0137iem nepiecie\u0161ams skr\u0101p\u0113\u0161anas koks, jo skr\u0101p\u0113\u0161ana ir vi\u0146u dabiskais veids, k\u0101 kopt nagus, stiept musku\u013cus un atz\u012bm\u0113t teritoriju. Bez skr\u0101p\u0113\u0161anas koka vi\u0146i var izmantot d\u012bv\u0101nu vai aizkarus, kas var novest pie d\u0101rgiem m\u0113be\u013cu remontiem. Skr\u0101p\u0113\u0161anas koks pied\u0101v\u0101 ka\u0137im ar\u012b sp\u0113les un k\u0101p\u0161anas iesp\u0113jas, saglab\u0101jot to akt\u012bvu un mazinot garlaic\u012bbu. Vienk\u0101r\u0161a invest\u012bcija, kas uztur ka\u0137i laim\u012bgu un m\u0101ju k\u0101rt\u012bgu. Skr\u0101p\u0113\u0161anas koks piem\u0113rots ka\u0137\u0113niem, maziem ka\u0137iem un vid\u0113jiem viegliem ka\u0137iem. Galvenais stabs ir \u013coti biezs un piln\u012bb\u0101 p\u0101rkl\u0101ts ar skr\u0101p\u0113jamu sisu no sisu auga. Izm\u0113ri:Augstums: 155 cmAug\u0161\u0113j\u0101 platforma ar m\u012bkstu ligzdu: diametrs 57 cmKar\u0101jam\u0101 ligzda: diametrs 47 cmPamatnes izm\u0113rs: 57 x 57 cm Produkta svars: 28 kgProdukta svars ar iepakojumu: 28,9 kg\" \/>\n<meta property=\"og:url\" content=\"https:\/\/miumjau.ee\/lv\/produkts\/kapsanas-koks-miumjau-7060-155-cm\/\" \/>\n<meta property=\"og:site_name\" content=\"MiuMjau\" \/>\n<meta property=\"article:publisher\" content=\"https:\/\/www.facebook.com\/miumjaupood\/\" \/>\n<meta property=\"article:modified_time\" content=\"2026-01-07T19:18:02+00:00\" \/>\n<meta property=\"og:image\" content=\"https:\/\/miumjau.ee\/wp-content\/uploads\/2025\/08\/ronimispuu-miumjau-7060.jpg\" \/>\n\t<meta property=\"og:image:width\" content=\"600\" \/>\n\t<meta property=\"og:image:height\" content=\"800\" \/>\n\t<meta property=\"og:image:type\" content=\"image\/jpeg\" \/>\n<meta name=\"twitter:card\" content=\"summary_large_image\" \/>\n<script type=\"application\/ld+json\" class=\"yoast-schema-graph\">{\"@context\":\"https:\/\/schema.org\",\"@graph\":[{\"@type\":\"WebPage\",\"@id\":\"https:\/\/miumjau.ee\/lv\/produkts\/kapsanas-koks-miumjau-7060-155-cm\/\",\"url\":\"https:\/\/miumjau.ee\/lv\/produkts\/kapsanas-koks-miumjau-7060-155-cm\/\",\"name\":\"K\u0101p\u0161anas koks MiuMjau 7060, 155 cm - MiuMjau\",\"isPartOf\":{\"@id\":\"https:\/\/miumjau.ee\/#website\"},\"primaryImageOfPage\":{\"@id\":\"https:\/\/miumjau.ee\/lv\/produkts\/kapsanas-koks-miumjau-7060-155-cm\/#primaryimage\"},\"image\":{\"@id\":\"https:\/\/miumjau.ee\/lv\/produkts\/kapsanas-koks-miumjau-7060-155-cm\/#primaryimage\"},\"thumbnailUrl\":\"https:\/\/miumjau.ee\/wp-content\/uploads\/2025\/08\/ronimispuu-miumjau-7060.jpg\",\"datePublished\":\"2025-08-12T13:36:21+00:00\",\"dateModified\":\"2026-01-07T19:18:02+00:00\",\"breadcrumb\":{\"@id\":\"https:\/\/miumjau.ee\/lv\/produkts\/kapsanas-koks-miumjau-7060-155-cm\/#breadcrumb\"},\"inLanguage\":\"lv-LV\",\"potentialAction\":[{\"@type\":\"ReadAction\",\"target\":[\"https:\/\/miumjau.ee\/lv\/produkts\/kapsanas-koks-miumjau-7060-155-cm\/\"]}]},{\"@type\":\"ImageObject\",\"inLanguage\":\"lv-LV\",\"@id\":\"https:\/\/miumjau.ee\/lv\/produkts\/kapsanas-koks-miumjau-7060-155-cm\/#primaryimage\",\"url\":\"https:\/\/miumjau.ee\/wp-content\/uploads\/2025\/08\/ronimispuu-miumjau-7060.jpg\",\"contentUrl\":\"https:\/\/miumjau.ee\/wp-content\/uploads\/2025\/08\/ronimispuu-miumjau-7060.jpg\",\"width\":600,\"height\":800},{\"@type\":\"BreadcrumbList\",\"@id\":\"https:\/\/miumjau.ee\/lv\/produkts\/kapsanas-koks-miumjau-7060-155-cm\/#breadcrumb\",\"itemListElement\":[{\"@type\":\"ListItem\",\"position\":1,\"name\":\"Home\",\"item\":\"https:\/\/miumjau.ee\/lv\/\"},{\"@type\":\"ListItem\",\"position\":2,\"name\":\"Veikals\",\"item\":\"https:\/\/miumjau.ee\/lv\/veikals\/\"},{\"@type\":\"ListItem\",\"position\":3,\"name\":\"K\u0101p\u0161anas koks MiuMjau 7060, 155 cm\"}]},{\"@type\":\"WebSite\",\"@id\":\"https:\/\/miumjau.ee\/#website\",\"url\":\"https:\/\/miumjau.ee\/\",\"name\":\"MiuMjau\",\"description\":\"Kraapimispuud kassidele\",\"publisher\":{\"@id\":\"https:\/\/miumjau.ee\/#organization\"},\"potentialAction\":[{\"@type\":\"SearchAction\",\"target\":{\"@type\":\"EntryPoint\",\"urlTemplate\":\"https:\/\/miumjau.ee\/?s={search_term_string}\"},\"query-input\":{\"@type\":\"PropertyValueSpecification\",\"valueRequired\":true,\"valueName\":\"search_term_string\"}}],\"inLanguage\":\"lv-LV\"},{\"@type\":\"Organization\",\"@id\":\"https:\/\/miumjau.ee\/#organization\",\"name\":\"MiuMjau O\u00dc\",\"url\":\"https:\/\/miumjau.ee\/\",\"logo\":{\"@type\":\"ImageObject\",\"inLanguage\":\"lv-LV\",\"@id\":\"https:\/\/miumjau.ee\/#\/schema\/logo\/image\/\",\"url\":\"https:\/\/miumjau.ee\/wp-content\/uploads\/2022\/04\/MiuMjau-logo-kollane.png\",\"contentUrl\":\"https:\/\/miumjau.ee\/wp-content\/uploads\/2022\/04\/MiuMjau-logo-kollane.png\",\"width\":219,\"height\":100,\"caption\":\"MiuMjau O\u00dc\"},\"image\":{\"@id\":\"https:\/\/miumjau.ee\/#\/schema\/logo\/image\/\"},\"sameAs\":[\"https:\/\/www.facebook.com\/miumjaupood\/\"]}]}<\/script>\n<!-- \/ Yoast SEO plugin. -->","yoast_head_json":{"title":"K\u0101p\u0161anas koks MiuMjau 7060, 155 cm - MiuMjau","robots":{"index":"index","follow":"follow","max-snippet":"max-snippet:-1","max-image-preview":"max-image-preview:large","max-video-preview":"max-video-preview:-1"},"canonical":"https:\/\/miumjau.ee\/lv\/produkts\/kapsanas-koks-miumjau-7060-155-cm\/","og_locale":"lv_LV","og_type":"article","og_title":"K\u0101p\u0161anas koks MiuMjau 7060, 155 cm - MiuMjau","og_description":"Ka\u0137iem nepiecie\u0161ams skr\u0101p\u0113\u0161anas koks, jo skr\u0101p\u0113\u0161ana ir vi\u0146u dabiskais veids, k\u0101 kopt nagus, stiept musku\u013cus un atz\u012bm\u0113t teritoriju. Bez skr\u0101p\u0113\u0161anas koka vi\u0146i var izmantot d\u012bv\u0101nu vai aizkarus, kas var novest pie d\u0101rgiem m\u0113be\u013cu remontiem. Skr\u0101p\u0113\u0161anas koks pied\u0101v\u0101 ka\u0137im ar\u012b sp\u0113les un k\u0101p\u0161anas iesp\u0113jas, saglab\u0101jot to akt\u012bvu un mazinot garlaic\u012bbu. Vienk\u0101r\u0161a invest\u012bcija, kas uztur ka\u0137i laim\u012bgu un m\u0101ju k\u0101rt\u012bgu. Skr\u0101p\u0113\u0161anas koks piem\u0113rots ka\u0137\u0113niem, maziem ka\u0137iem un vid\u0113jiem viegliem ka\u0137iem. Galvenais stabs ir \u013coti biezs un piln\u012bb\u0101 p\u0101rkl\u0101ts ar skr\u0101p\u0113jamu sisu no sisu auga. Izm\u0113ri:Augstums: 155 cmAug\u0161\u0113j\u0101 platforma ar m\u012bkstu ligzdu: diametrs 57 cmKar\u0101jam\u0101 ligzda: diametrs 47 cmPamatnes izm\u0113rs: 57 x 57 cm Produkta svars: 28 kgProdukta svars ar iepakojumu: 28,9 kg","og_url":"https:\/\/miumjau.ee\/lv\/produkts\/kapsanas-koks-miumjau-7060-155-cm\/","og_site_name":"MiuMjau","article_publisher":"https:\/\/www.facebook.com\/miumjaupood\/","article_modified_time":"2026-01-07T19:18:02+00:00","og_image":[{"width":600,"height":800,"url":"https:\/\/miumjau.ee\/wp-content\/uploads\/2025\/08\/ronimispuu-miumjau-7060.jpg","type":"image\/jpeg"}],"twitter_card":"summary_large_image","schema":{"@context":"https:\/\/schema.org","@graph":[{"@type":"WebPage","@id":"https:\/\/miumjau.ee\/lv\/produkts\/kapsanas-koks-miumjau-7060-155-cm\/","url":"https:\/\/miumjau.ee\/lv\/produkts\/kapsanas-koks-miumjau-7060-155-cm\/","name":"K\u0101p\u0161anas koks MiuMjau 7060, 155 cm - MiuMjau","isPartOf":{"@id":"https:\/\/miumjau.ee\/#website"},"primaryImageOfPage":{"@id":"https:\/\/miumjau.ee\/lv\/produkts\/kapsanas-koks-miumjau-7060-155-cm\/#primaryimage"},"image":{"@id":"https:\/\/miumjau.ee\/lv\/produkts\/kapsanas-koks-miumjau-7060-155-cm\/#primaryimage"},"thumbnailUrl":"https:\/\/miumjau.ee\/wp-content\/uploads\/2025\/08\/ronimispuu-miumjau-7060.jpg","datePublished":"2025-08-12T13:36:21+00:00","dateModified":"2026-01-07T19:18:02+00:00","breadcrumb":{"@id":"https:\/\/miumjau.ee\/lv\/produkts\/kapsanas-koks-miumjau-7060-155-cm\/#breadcrumb"},"inLanguage":"lv-LV","potentialAction":[{"@type":"ReadAction","target":["https:\/\/miumjau.ee\/lv\/produkts\/kapsanas-koks-miumjau-7060-155-cm\/"]}]},{"@type":"ImageObject","inLanguage":"lv-LV","@id":"https:\/\/miumjau.ee\/lv\/produkts\/kapsanas-koks-miumjau-7060-155-cm\/#primaryimage","url":"https:\/\/miumjau.ee\/wp-content\/uploads\/2025\/08\/ronimispuu-miumjau-7060.jpg","contentUrl":"https:\/\/miumjau.ee\/wp-content\/uploads\/2025\/08\/ronimispuu-miumjau-7060.jpg","width":600,"height":800},{"@type":"BreadcrumbList","@id":"https:\/\/miumjau.ee\/lv\/produkts\/kapsanas-koks-miumjau-7060-155-cm\/#breadcrumb","itemListElement":[{"@type":"ListItem","position":1,"name":"Home","item":"https:\/\/miumjau.ee\/lv\/"},{"@type":"ListItem","position":2,"name":"Veikals","item":"https:\/\/miumjau.ee\/lv\/veikals\/"},{"@type":"ListItem","position":3,"name":"K\u0101p\u0161anas koks MiuMjau 7060, 155 cm"}]},{"@type":"WebSite","@id":"https:\/\/miumjau.ee\/#website","url":"https:\/\/miumjau.ee\/","name":"MiuMjau","description":"Kraapimispuud kassidele","publisher":{"@id":"https:\/\/miumjau.ee\/#organization"},"potentialAction":[{"@type":"SearchAction","target":{"@type":"EntryPoint","urlTemplate":"https:\/\/miumjau.ee\/?s={search_term_string}"},"query-input":{"@type":"PropertyValueSpecification","valueRequired":true,"valueName":"search_term_string"}}],"inLanguage":"lv-LV"},{"@type":"Organization","@id":"https:\/\/miumjau.ee\/#organization","name":"MiuMjau O\u00dc","url":"https:\/\/miumjau.ee\/","logo":{"@type":"ImageObject","inLanguage":"lv-LV","@id":"https:\/\/miumjau.ee\/#\/schema\/logo\/image\/","url":"https:\/\/miumjau.ee\/wp-content\/uploads\/2022\/04\/MiuMjau-logo-kollane.png","contentUrl":"https:\/\/miumjau.ee\/wp-content\/uploads\/2022\/04\/MiuMjau-logo-kollane.png","width":219,"height":100,"caption":"MiuMjau O\u00dc"},"image":{"@id":"https:\/\/miumjau.ee\/#\/schema\/logo\/image\/"},"sameAs":["https:\/\/www.facebook.com\/miumjaupood\/"]}]}},"_links":{"self":[{"href":"https:\/\/miumjau.ee\/lv\/wp-json\/wp\/v2\/product\/48612","targetHints":{"allow":["GET"]}}],"collection":[{"href":"https:\/\/miumjau.ee\/lv\/wp-json\/wp\/v2\/product"}],"about":[{"href":"https:\/\/miumjau.ee\/lv\/wp-json\/wp\/v2\/types\/product"}],"wp:featuredmedia":[{"embeddable":true,"href":"https:\/\/miumjau.ee\/lv\/wp-json\/wp\/v2\/media\/48613"}],"wp:attachment":[{"href":"https:\/\/miumjau.ee\/lv\/wp-json\/wp\/v2\/media?parent=48612"}],"wp:term":[{"taxonomy":"product_brand","embeddable":true,"href":"https:\/\/miumjau.ee\/lv\/wp-json\/wp\/v2\/product_brand?post=48612"},{"taxonomy":"product_cat","embeddable":true,"href":"https:\/\/miumjau.ee\/lv\/wp-json\/wp\/v2\/product_cat?post=48612"},{"taxonomy":"product_tag","embeddable":true,"href":"https:\/\/miumjau.ee\/lv\/wp-json\/wp\/v2\/product_tag?post=48612"}],"curies":[{"name":"wp","href":"https:\/\/api.w.org\/{rel}","templated":true}]}}