{"id":48605,"date":"2025-08-12T16:36:54","date_gmt":"2025-08-12T13:36:54","guid":{"rendered":"https:\/\/miumjau.ee\/toode\/kapsanas-koks-miumjau-7071-140-cm\/"},"modified":"2026-01-12T09:15:30","modified_gmt":"2026-01-12T07:15:30","slug":"kapsanas-koks-miumjau-7071-140-cm","status":"publish","type":"product","link":"https:\/\/miumjau.ee\/lv\/produkts\/kapsanas-koks-miumjau-7071-140-cm\/","title":{"rendered":"K\u0101p\u0161anas koks MiuMjau 7071, 140 cm"},"content":{"rendered":"","protected":false},"excerpt":{"rendered":"<p data-start=\"1025\" data-end=\"1433\">Ka\u0137iem nepiecie\u0161ams skr\u0101p\u0113\u0161anas koks, jo skr\u0101p\u0113\u0161ana ir vi\u0146u dabiskais veids, k\u0101 kopt nagus, stiept musku\u013cus un atz\u012bm\u0113t teritoriju. Bez skr\u0101p\u0113\u0161anas koka vi\u0146i var izmantot d\u012bv\u0101nu vai aizkarus, kas var novest pie d\u0101rgiem m\u0113be\u013cu remontiem. Skr\u0101p\u0113\u0161anas koks pied\u0101v\u0101 ka\u0137im ar\u012b sp\u0113les un k\u0101p\u0161anas iesp\u0113jas, saglab\u0101jot to akt\u012bvu un mazinot garlaic\u012bbu. Vienk\u0101r\u0161a invest\u012bcija, kas uztur ka\u0137i laim\u012bgu un m\u0101ju k\u0101rt\u012bgu.<\/p>\n<p data-start=\"1435\" data-end=\"1557\">Gan m\u0101ji\u0146\u0101, gan aug\u0161\u0113j\u0101 platform\u0101 ir m\u012bksta no\u0146emama spilventi\u0146a. Ide\u0101li piem\u0113rots ka\u0137\u0113niem un maziem\/vieglajiem ka\u0137iem.<\/p>\n<p data-start=\"1559\" data-end=\"1729\"><strong data-start=\"1559\" data-end=\"1570\">Izm\u0113ri:<\/strong><br data-start=\"1570\" data-end=\"1573\" \/>Augstums: 140 cm<br data-start=\"1589\" data-end=\"1592\" \/>Pamatnes izm\u0113rs: 66 x 45 cm<br data-start=\"1619\" data-end=\"1622\" \/>M\u0101ji\u0146as izm\u0113rs: 40 x 36 x 31 cm<br data-start=\"1653\" data-end=\"1656\" \/>Aug\u0161\u0113j\u0101s platformas izm\u0113rs: 32 x 50 cm<br data-start=\"1694\" data-end=\"1697\" \/>Stabu diametri: 11 cm un 15 cm<\/p>\n<p data-start=\"1731\" data-end=\"1802\"><strong data-start=\"1731\" data-end=\"1750\">Produkta svars:<\/strong> 26 kg<br data-start=\"1756\" data-end=\"1759\" \/><strong data-start=\"1759\" data-end=\"1792\">Produkta svars ar iepakojumu:<\/strong> 26,8 kg<\/p>\n","protected":false},"featured_media":48606,"template":"","meta":[],"product_brand":[],"product_cat":[581],"product_tag":[],"class_list":{"0":"post-48605","1":"product","2":"type-product","3":"status-publish","4":"has-post-thumbnail","6":"product_cat-videji-skrapesanas-koki","7":"product_shipping_class-pakiautomaati-sobimatu-lv","9":"first","10":"instock","11":"sale","12":"taxable","13":"shipping-taxable","14":"purchasable","15":"product-type-simple"},"yoast_head":"<!-- This site is optimized with the Yoast SEO plugin v27.2 - https:\/\/yoast.com\/product\/yoast-seo-wordpress\/ -->\n<title>K\u0101p\u0161anas koks MiuMjau 7071, 140 cm - MiuMjau<\/title>\n<meta name=\"robots\" content=\"index, follow, max-snippet:-1, max-image-preview:large, max-video-preview:-1\" \/>\n<link rel=\"canonical\" href=\"https:\/\/miumjau.ee\/produkts\/ronimispuu-miumjau-7071-140cm\/\" \/>\n<meta property=\"og:locale\" content=\"lv_LV\" \/>\n<meta property=\"og:type\" content=\"article\" \/>\n<meta property=\"og:title\" content=\"K\u0101p\u0161anas koks MiuMjau 7071, 140 cm - MiuMjau\" \/>\n<meta property=\"og:description\" content=\"Ka\u0137iem nepiecie\u0161ams skr\u0101p\u0113\u0161anas koks, jo skr\u0101p\u0113\u0161ana ir vi\u0146u dabiskais veids, k\u0101 kopt nagus, stiept musku\u013cus un atz\u012bm\u0113t teritoriju. Bez skr\u0101p\u0113\u0161anas koka vi\u0146i var izmantot d\u012bv\u0101nu vai aizkarus, kas var novest pie d\u0101rgiem m\u0113be\u013cu remontiem. Skr\u0101p\u0113\u0161anas koks pied\u0101v\u0101 ka\u0137im ar\u012b sp\u0113les un k\u0101p\u0161anas iesp\u0113jas, saglab\u0101jot to akt\u012bvu un mazinot garlaic\u012bbu. Vienk\u0101r\u0161a invest\u012bcija, kas uztur ka\u0137i laim\u012bgu un m\u0101ju k\u0101rt\u012bgu. Gan m\u0101ji\u0146\u0101, gan aug\u0161\u0113j\u0101 platform\u0101 ir m\u012bksta no\u0146emama spilventi\u0146a. Ide\u0101li piem\u0113rots ka\u0137\u0113niem un maziem\/vieglajiem ka\u0137iem. Izm\u0113ri:Augstums: 140 cmPamatnes izm\u0113rs: 66 x 45 cmM\u0101ji\u0146as izm\u0113rs: 40 x 36 x 31 cmAug\u0161\u0113j\u0101s platformas izm\u0113rs: 32 x 50 cmStabu diametri: 11 cm un 15 cm Produkta svars: 26 kgProdukta svars ar iepakojumu: 26,8 kg\" \/>\n<meta property=\"og:url\" content=\"https:\/\/miumjau.ee\/produkts\/ronimispuu-miumjau-7071-140cm\/\" \/>\n<meta property=\"og:site_name\" content=\"MiuMjau\" \/>\n<meta property=\"article:publisher\" content=\"https:\/\/www.facebook.com\/miumjaupood\/\" \/>\n<meta property=\"article:modified_time\" content=\"2026-01-12T07:15:30+00:00\" \/>\n<meta property=\"og:image\" content=\"https:\/\/miumjau.ee\/wp-content\/uploads\/2025\/08\/ronimispuu-miumjau-70712.jpg\" \/>\n\t<meta property=\"og:image:width\" content=\"600\" \/>\n\t<meta property=\"og:image:height\" content=\"800\" \/>\n\t<meta property=\"og:image:type\" content=\"image\/jpeg\" \/>\n<meta name=\"twitter:card\" content=\"summary_large_image\" \/>\n<meta name=\"twitter:label1\" content=\"Est. reading time\" \/>\n\t<meta name=\"twitter:data1\" content=\"1 minute\" \/>\n<script type=\"application\/ld+json\" class=\"yoast-schema-graph\">{\"@context\":\"https:\/\/schema.org\",\"@graph\":[{\"@type\":\"WebPage\",\"@id\":\"https:\/\/miumjau.ee\/produkts\/ronimispuu-miumjau-7071-140cm\/\",\"url\":\"https:\/\/miumjau.ee\/produkts\/ronimispuu-miumjau-7071-140cm\/\",\"name\":\"K\u0101p\u0161anas koks MiuMjau 7071, 140 cm - MiuMjau\",\"isPartOf\":{\"@id\":\"https:\/\/miumjau.ee\/#website\"},\"primaryImageOfPage\":{\"@id\":\"https:\/\/miumjau.ee\/produkts\/ronimispuu-miumjau-7071-140cm\/#primaryimage\"},\"image\":{\"@id\":\"https:\/\/miumjau.ee\/produkts\/ronimispuu-miumjau-7071-140cm\/#primaryimage\"},\"thumbnailUrl\":\"https:\/\/miumjau.ee\/wp-content\/uploads\/2025\/08\/ronimispuu-miumjau-70712.jpg\",\"datePublished\":\"2025-08-12T13:36:54+00:00\",\"dateModified\":\"2026-01-12T07:15:30+00:00\",\"breadcrumb\":{\"@id\":\"https:\/\/miumjau.ee\/produkts\/ronimispuu-miumjau-7071-140cm\/#breadcrumb\"},\"inLanguage\":\"lv-LV\",\"potentialAction\":[{\"@type\":\"ReadAction\",\"target\":[\"https:\/\/miumjau.ee\/produkts\/ronimispuu-miumjau-7071-140cm\/\"]}]},{\"@type\":\"ImageObject\",\"inLanguage\":\"lv-LV\",\"@id\":\"https:\/\/miumjau.ee\/produkts\/ronimispuu-miumjau-7071-140cm\/#primaryimage\",\"url\":\"https:\/\/miumjau.ee\/wp-content\/uploads\/2025\/08\/ronimispuu-miumjau-70712.jpg\",\"contentUrl\":\"https:\/\/miumjau.ee\/wp-content\/uploads\/2025\/08\/ronimispuu-miumjau-70712.jpg\",\"width\":600,\"height\":800},{\"@type\":\"BreadcrumbList\",\"@id\":\"https:\/\/miumjau.ee\/produkts\/ronimispuu-miumjau-7071-140cm\/#breadcrumb\",\"itemListElement\":[{\"@type\":\"ListItem\",\"position\":1,\"name\":\"Home\",\"item\":\"https:\/\/miumjau.ee\/lv\/\"},{\"@type\":\"ListItem\",\"position\":2,\"name\":\"Veikals\",\"item\":\"https:\/\/miumjau.ee\/lv\/veikals\/\"},{\"@type\":\"ListItem\",\"position\":3,\"name\":\"K\u0101p\u0161anas koks MiuMjau 7071, 140 cm\"}]},{\"@type\":\"WebSite\",\"@id\":\"https:\/\/miumjau.ee\/#website\",\"url\":\"https:\/\/miumjau.ee\/\",\"name\":\"MiuMjau\",\"description\":\"Kraapimispuud kassidele\",\"publisher\":{\"@id\":\"https:\/\/miumjau.ee\/#organization\"},\"potentialAction\":[{\"@type\":\"SearchAction\",\"target\":{\"@type\":\"EntryPoint\",\"urlTemplate\":\"https:\/\/miumjau.ee\/?s={search_term_string}\"},\"query-input\":{\"@type\":\"PropertyValueSpecification\",\"valueRequired\":true,\"valueName\":\"search_term_string\"}}],\"inLanguage\":\"lv-LV\"},{\"@type\":\"Organization\",\"@id\":\"https:\/\/miumjau.ee\/#organization\",\"name\":\"MiuMjau O\u00dc\",\"url\":\"https:\/\/miumjau.ee\/\",\"logo\":{\"@type\":\"ImageObject\",\"inLanguage\":\"lv-LV\",\"@id\":\"https:\/\/miumjau.ee\/#\/schema\/logo\/image\/\",\"url\":\"https:\/\/miumjau.ee\/wp-content\/uploads\/2022\/04\/MiuMjau-logo-kollane.png\",\"contentUrl\":\"https:\/\/miumjau.ee\/wp-content\/uploads\/2022\/04\/MiuMjau-logo-kollane.png\",\"width\":219,\"height\":100,\"caption\":\"MiuMjau O\u00dc\"},\"image\":{\"@id\":\"https:\/\/miumjau.ee\/#\/schema\/logo\/image\/\"},\"sameAs\":[\"https:\/\/www.facebook.com\/miumjaupood\/\"]}]}<\/script>\n<!-- \/ Yoast SEO plugin. -->","yoast_head_json":{"title":"K\u0101p\u0161anas koks MiuMjau 7071, 140 cm - MiuMjau","robots":{"index":"index","follow":"follow","max-snippet":"max-snippet:-1","max-image-preview":"max-image-preview:large","max-video-preview":"max-video-preview:-1"},"canonical":"https:\/\/miumjau.ee\/produkts\/ronimispuu-miumjau-7071-140cm\/","og_locale":"lv_LV","og_type":"article","og_title":"K\u0101p\u0161anas koks MiuMjau 7071, 140 cm - MiuMjau","og_description":"Ka\u0137iem nepiecie\u0161ams skr\u0101p\u0113\u0161anas koks, jo skr\u0101p\u0113\u0161ana ir vi\u0146u dabiskais veids, k\u0101 kopt nagus, stiept musku\u013cus un atz\u012bm\u0113t teritoriju. Bez skr\u0101p\u0113\u0161anas koka vi\u0146i var izmantot d\u012bv\u0101nu vai aizkarus, kas var novest pie d\u0101rgiem m\u0113be\u013cu remontiem. Skr\u0101p\u0113\u0161anas koks pied\u0101v\u0101 ka\u0137im ar\u012b sp\u0113les un k\u0101p\u0161anas iesp\u0113jas, saglab\u0101jot to akt\u012bvu un mazinot garlaic\u012bbu. Vienk\u0101r\u0161a invest\u012bcija, kas uztur ka\u0137i laim\u012bgu un m\u0101ju k\u0101rt\u012bgu. Gan m\u0101ji\u0146\u0101, gan aug\u0161\u0113j\u0101 platform\u0101 ir m\u012bksta no\u0146emama spilventi\u0146a. Ide\u0101li piem\u0113rots ka\u0137\u0113niem un maziem\/vieglajiem ka\u0137iem. Izm\u0113ri:Augstums: 140 cmPamatnes izm\u0113rs: 66 x 45 cmM\u0101ji\u0146as izm\u0113rs: 40 x 36 x 31 cmAug\u0161\u0113j\u0101s platformas izm\u0113rs: 32 x 50 cmStabu diametri: 11 cm un 15 cm Produkta svars: 26 kgProdukta svars ar iepakojumu: 26,8 kg","og_url":"https:\/\/miumjau.ee\/produkts\/ronimispuu-miumjau-7071-140cm\/","og_site_name":"MiuMjau","article_publisher":"https:\/\/www.facebook.com\/miumjaupood\/","article_modified_time":"2026-01-12T07:15:30+00:00","og_image":[{"width":600,"height":800,"url":"https:\/\/miumjau.ee\/wp-content\/uploads\/2025\/08\/ronimispuu-miumjau-70712.jpg","type":"image\/jpeg"}],"twitter_card":"summary_large_image","twitter_misc":{"Est. reading time":"1 minute"},"schema":{"@context":"https:\/\/schema.org","@graph":[{"@type":"WebPage","@id":"https:\/\/miumjau.ee\/produkts\/ronimispuu-miumjau-7071-140cm\/","url":"https:\/\/miumjau.ee\/produkts\/ronimispuu-miumjau-7071-140cm\/","name":"K\u0101p\u0161anas koks MiuMjau 7071, 140 cm - MiuMjau","isPartOf":{"@id":"https:\/\/miumjau.ee\/#website"},"primaryImageOfPage":{"@id":"https:\/\/miumjau.ee\/produkts\/ronimispuu-miumjau-7071-140cm\/#primaryimage"},"image":{"@id":"https:\/\/miumjau.ee\/produkts\/ronimispuu-miumjau-7071-140cm\/#primaryimage"},"thumbnailUrl":"https:\/\/miumjau.ee\/wp-content\/uploads\/2025\/08\/ronimispuu-miumjau-70712.jpg","datePublished":"2025-08-12T13:36:54+00:00","dateModified":"2026-01-12T07:15:30+00:00","breadcrumb":{"@id":"https:\/\/miumjau.ee\/produkts\/ronimispuu-miumjau-7071-140cm\/#breadcrumb"},"inLanguage":"lv-LV","potentialAction":[{"@type":"ReadAction","target":["https:\/\/miumjau.ee\/produkts\/ronimispuu-miumjau-7071-140cm\/"]}]},{"@type":"ImageObject","inLanguage":"lv-LV","@id":"https:\/\/miumjau.ee\/produkts\/ronimispuu-miumjau-7071-140cm\/#primaryimage","url":"https:\/\/miumjau.ee\/wp-content\/uploads\/2025\/08\/ronimispuu-miumjau-70712.jpg","contentUrl":"https:\/\/miumjau.ee\/wp-content\/uploads\/2025\/08\/ronimispuu-miumjau-70712.jpg","width":600,"height":800},{"@type":"BreadcrumbList","@id":"https:\/\/miumjau.ee\/produkts\/ronimispuu-miumjau-7071-140cm\/#breadcrumb","itemListElement":[{"@type":"ListItem","position":1,"name":"Home","item":"https:\/\/miumjau.ee\/lv\/"},{"@type":"ListItem","position":2,"name":"Veikals","item":"https:\/\/miumjau.ee\/lv\/veikals\/"},{"@type":"ListItem","position":3,"name":"K\u0101p\u0161anas koks MiuMjau 7071, 140 cm"}]},{"@type":"WebSite","@id":"https:\/\/miumjau.ee\/#website","url":"https:\/\/miumjau.ee\/","name":"MiuMjau","description":"Kraapimispuud kassidele","publisher":{"@id":"https:\/\/miumjau.ee\/#organization"},"potentialAction":[{"@type":"SearchAction","target":{"@type":"EntryPoint","urlTemplate":"https:\/\/miumjau.ee\/?s={search_term_string}"},"query-input":{"@type":"PropertyValueSpecification","valueRequired":true,"valueName":"search_term_string"}}],"inLanguage":"lv-LV"},{"@type":"Organization","@id":"https:\/\/miumjau.ee\/#organization","name":"MiuMjau O\u00dc","url":"https:\/\/miumjau.ee\/","logo":{"@type":"ImageObject","inLanguage":"lv-LV","@id":"https:\/\/miumjau.ee\/#\/schema\/logo\/image\/","url":"https:\/\/miumjau.ee\/wp-content\/uploads\/2022\/04\/MiuMjau-logo-kollane.png","contentUrl":"https:\/\/miumjau.ee\/wp-content\/uploads\/2022\/04\/MiuMjau-logo-kollane.png","width":219,"height":100,"caption":"MiuMjau O\u00dc"},"image":{"@id":"https:\/\/miumjau.ee\/#\/schema\/logo\/image\/"},"sameAs":["https:\/\/www.facebook.com\/miumjaupood\/"]}]}},"_links":{"self":[{"href":"https:\/\/miumjau.ee\/lv\/wp-json\/wp\/v2\/product\/48605","targetHints":{"allow":["GET"]}}],"collection":[{"href":"https:\/\/miumjau.ee\/lv\/wp-json\/wp\/v2\/product"}],"about":[{"href":"https:\/\/miumjau.ee\/lv\/wp-json\/wp\/v2\/types\/product"}],"wp:featuredmedia":[{"embeddable":true,"href":"https:\/\/miumjau.ee\/lv\/wp-json\/wp\/v2\/media\/48606"}],"wp:attachment":[{"href":"https:\/\/miumjau.ee\/lv\/wp-json\/wp\/v2\/media?parent=48605"}],"wp:term":[{"taxonomy":"product_brand","embeddable":true,"href":"https:\/\/miumjau.ee\/lv\/wp-json\/wp\/v2\/product_brand?post=48605"},{"taxonomy":"product_cat","embeddable":true,"href":"https:\/\/miumjau.ee\/lv\/wp-json\/wp\/v2\/product_cat?post=48605"},{"taxonomy":"product_tag","embeddable":true,"href":"https:\/\/miumjau.ee\/lv\/wp-json\/wp\/v2\/product_tag?post=48605"}],"curies":[{"name":"wp","href":"https:\/\/api.w.org\/{rel}","templated":true}]}}