{"id":48600,"date":"2025-08-12T16:37:22","date_gmt":"2025-08-12T13:37:22","guid":{"rendered":"https:\/\/miumjau.ee\/toode\/kapsanas-koks-miumjau-7062-135-cm\/"},"modified":"2026-01-07T21:18:02","modified_gmt":"2026-01-07T19:18:02","slug":"kapsanas-koks-miumjau-7062-135-cm","status":"publish","type":"product","link":"https:\/\/miumjau.ee\/lv\/produkts\/kapsanas-koks-miumjau-7062-135-cm\/","title":{"rendered":"K\u0101p\u0161anas koks MiuMjau 7062, 135 cm"},"content":{"rendered":"","protected":false},"excerpt":{"rendered":"<p data-start=\"1095\" data-end=\"1503\">Ka\u0137iem nepiecie\u0161ams skr\u0101p\u0113\u0161anas koks, jo skr\u0101p\u0113\u0161ana ir vi\u0146u dabiskais veids, k\u0101 kopt nagus, stiept musku\u013cus un atz\u012bm\u0113t teritoriju. Bez skr\u0101p\u0113\u0161anas koka vi\u0146i var izmantot d\u012bv\u0101nu vai aizkarus, kas var novest pie d\u0101rgiem m\u0113be\u013cu remontiem. Skr\u0101p\u0113\u0161anas koks pied\u0101v\u0101 ka\u0137im ar\u012b sp\u0113les un k\u0101p\u0161anas iesp\u0113jas, saglab\u0101jot to akt\u012bvu un mazinot garlaic\u012bbu. Vienk\u0101r\u0161a invest\u012bcija, kas uztur ka\u0137i laim\u012bgu un m\u0101ju k\u0101rt\u012bgu.<\/p>\n<p data-start=\"1505\" data-end=\"1706\">Piem\u0113rots ka\u0137\u0113niem, maziem, vid\u0113jiem, lieliem un ar\u012b \u013coti smagiem ka\u0137iem. Stabi ir biezi un stipri. Skr\u0101p\u0113\u0161anas koks ir \u013coti stabils un dro\u0161s ar\u012b \u0123imen\u0113s ar maziem b\u0113rniem. Nav risku, ka tas apg\u0101\u017eas.<\/p>\n<p data-start=\"1708\" data-end=\"1813\"><strong data-start=\"1708\" data-end=\"1719\">Izm\u0113ri:<\/strong><br data-start=\"1719\" data-end=\"1722\" \/>Augstums: 135 cm<br data-start=\"1738\" data-end=\"1741\" \/>Pamatnes izm\u0113rs: 81 x 61 cm<br data-start=\"1768\" data-end=\"1771\" \/>M\u0101ja: 35 x 35 cm<br data-start=\"1787\" data-end=\"1790\" \/>Staba diametrs: 15 cm<\/p>\n<p data-start=\"1815\" data-end=\"1895\"><strong data-start=\"1815\" data-end=\"1834\">Produkta svars:<\/strong> 52 kg<br data-start=\"1840\" data-end=\"1843\" \/><strong data-start=\"1843\" data-end=\"1887\">Produkta svars ar iepakojumu (2 kastes):<\/strong> 54 kg<\/p>\n","protected":false},"featured_media":48601,"template":"","meta":[],"product_brand":[],"product_cat":[581],"product_tag":[],"class_list":{"0":"post-48600","1":"product","2":"type-product","3":"status-publish","4":"has-post-thumbnail","6":"product_cat-videji-skrapesanas-koki","7":"product_shipping_class-pakiautomaati-sobimatu-lv","9":"first","10":"instock","11":"sale","12":"taxable","13":"shipping-taxable","14":"purchasable","15":"product-type-simple"},"yoast_head":"<!-- This site is optimized with the Yoast SEO plugin v27.2 - https:\/\/yoast.com\/product\/yoast-seo-wordpress\/ -->\n<title>K\u0101p\u0161anas koks MiuMjau 7062, 135 cm - MiuMjau<\/title>\n<meta name=\"robots\" content=\"index, follow, max-snippet:-1, max-image-preview:large, max-video-preview:-1\" \/>\n<link rel=\"canonical\" href=\"https:\/\/miumjau.ee\/lv\/produkts\/kapsanas-koks-miumjau-7062-135-cm\/\" \/>\n<meta property=\"og:locale\" content=\"lv_LV\" \/>\n<meta property=\"og:type\" content=\"article\" \/>\n<meta property=\"og:title\" content=\"K\u0101p\u0161anas koks MiuMjau 7062, 135 cm - MiuMjau\" \/>\n<meta property=\"og:description\" content=\"Ka\u0137iem nepiecie\u0161ams skr\u0101p\u0113\u0161anas koks, jo skr\u0101p\u0113\u0161ana ir vi\u0146u dabiskais veids, k\u0101 kopt nagus, stiept musku\u013cus un atz\u012bm\u0113t teritoriju. Bez skr\u0101p\u0113\u0161anas koka vi\u0146i var izmantot d\u012bv\u0101nu vai aizkarus, kas var novest pie d\u0101rgiem m\u0113be\u013cu remontiem. Skr\u0101p\u0113\u0161anas koks pied\u0101v\u0101 ka\u0137im ar\u012b sp\u0113les un k\u0101p\u0161anas iesp\u0113jas, saglab\u0101jot to akt\u012bvu un mazinot garlaic\u012bbu. Vienk\u0101r\u0161a invest\u012bcija, kas uztur ka\u0137i laim\u012bgu un m\u0101ju k\u0101rt\u012bgu. Piem\u0113rots ka\u0137\u0113niem, maziem, vid\u0113jiem, lieliem un ar\u012b \u013coti smagiem ka\u0137iem. Stabi ir biezi un stipri. Skr\u0101p\u0113\u0161anas koks ir \u013coti stabils un dro\u0161s ar\u012b \u0123imen\u0113s ar maziem b\u0113rniem. Nav risku, ka tas apg\u0101\u017eas. Izm\u0113ri:Augstums: 135 cmPamatnes izm\u0113rs: 81 x 61 cmM\u0101ja: 35 x 35 cmStaba diametrs: 15 cm Produkta svars: 52 kgProdukta svars ar iepakojumu (2 kastes): 54 kg\" \/>\n<meta property=\"og:url\" content=\"https:\/\/miumjau.ee\/lv\/produkts\/kapsanas-koks-miumjau-7062-135-cm\/\" \/>\n<meta property=\"og:site_name\" content=\"MiuMjau\" \/>\n<meta property=\"article:publisher\" content=\"https:\/\/www.facebook.com\/miumjaupood\/\" \/>\n<meta property=\"article:modified_time\" content=\"2026-01-07T19:18:02+00:00\" \/>\n<meta property=\"og:image\" content=\"https:\/\/miumjau.ee\/wp-content\/uploads\/2025\/08\/ronimispuu-miumjau-7062.jpg\" \/>\n\t<meta property=\"og:image:width\" content=\"600\" \/>\n\t<meta property=\"og:image:height\" content=\"800\" \/>\n\t<meta property=\"og:image:type\" content=\"image\/jpeg\" \/>\n<meta name=\"twitter:card\" content=\"summary_large_image\" \/>\n<script type=\"application\/ld+json\" class=\"yoast-schema-graph\">{\"@context\":\"https:\/\/schema.org\",\"@graph\":[{\"@type\":\"WebPage\",\"@id\":\"https:\/\/miumjau.ee\/lv\/produkts\/kapsanas-koks-miumjau-7062-135-cm\/\",\"url\":\"https:\/\/miumjau.ee\/lv\/produkts\/kapsanas-koks-miumjau-7062-135-cm\/\",\"name\":\"K\u0101p\u0161anas koks MiuMjau 7062, 135 cm - MiuMjau\",\"isPartOf\":{\"@id\":\"https:\/\/miumjau.ee\/#website\"},\"primaryImageOfPage\":{\"@id\":\"https:\/\/miumjau.ee\/lv\/produkts\/kapsanas-koks-miumjau-7062-135-cm\/#primaryimage\"},\"image\":{\"@id\":\"https:\/\/miumjau.ee\/lv\/produkts\/kapsanas-koks-miumjau-7062-135-cm\/#primaryimage\"},\"thumbnailUrl\":\"https:\/\/miumjau.ee\/wp-content\/uploads\/2025\/08\/ronimispuu-miumjau-7062.jpg\",\"datePublished\":\"2025-08-12T13:37:22+00:00\",\"dateModified\":\"2026-01-07T19:18:02+00:00\",\"breadcrumb\":{\"@id\":\"https:\/\/miumjau.ee\/lv\/produkts\/kapsanas-koks-miumjau-7062-135-cm\/#breadcrumb\"},\"inLanguage\":\"lv-LV\",\"potentialAction\":[{\"@type\":\"ReadAction\",\"target\":[\"https:\/\/miumjau.ee\/lv\/produkts\/kapsanas-koks-miumjau-7062-135-cm\/\"]}]},{\"@type\":\"ImageObject\",\"inLanguage\":\"lv-LV\",\"@id\":\"https:\/\/miumjau.ee\/lv\/produkts\/kapsanas-koks-miumjau-7062-135-cm\/#primaryimage\",\"url\":\"https:\/\/miumjau.ee\/wp-content\/uploads\/2025\/08\/ronimispuu-miumjau-7062.jpg\",\"contentUrl\":\"https:\/\/miumjau.ee\/wp-content\/uploads\/2025\/08\/ronimispuu-miumjau-7062.jpg\",\"width\":600,\"height\":800},{\"@type\":\"BreadcrumbList\",\"@id\":\"https:\/\/miumjau.ee\/lv\/produkts\/kapsanas-koks-miumjau-7062-135-cm\/#breadcrumb\",\"itemListElement\":[{\"@type\":\"ListItem\",\"position\":1,\"name\":\"Home\",\"item\":\"https:\/\/miumjau.ee\/lv\/\"},{\"@type\":\"ListItem\",\"position\":2,\"name\":\"Veikals\",\"item\":\"https:\/\/miumjau.ee\/lv\/veikals\/\"},{\"@type\":\"ListItem\",\"position\":3,\"name\":\"K\u0101p\u0161anas koks MiuMjau 7062, 135 cm\"}]},{\"@type\":\"WebSite\",\"@id\":\"https:\/\/miumjau.ee\/#website\",\"url\":\"https:\/\/miumjau.ee\/\",\"name\":\"MiuMjau\",\"description\":\"Kraapimispuud kassidele\",\"publisher\":{\"@id\":\"https:\/\/miumjau.ee\/#organization\"},\"potentialAction\":[{\"@type\":\"SearchAction\",\"target\":{\"@type\":\"EntryPoint\",\"urlTemplate\":\"https:\/\/miumjau.ee\/?s={search_term_string}\"},\"query-input\":{\"@type\":\"PropertyValueSpecification\",\"valueRequired\":true,\"valueName\":\"search_term_string\"}}],\"inLanguage\":\"lv-LV\"},{\"@type\":\"Organization\",\"@id\":\"https:\/\/miumjau.ee\/#organization\",\"name\":\"MiuMjau O\u00dc\",\"url\":\"https:\/\/miumjau.ee\/\",\"logo\":{\"@type\":\"ImageObject\",\"inLanguage\":\"lv-LV\",\"@id\":\"https:\/\/miumjau.ee\/#\/schema\/logo\/image\/\",\"url\":\"https:\/\/miumjau.ee\/wp-content\/uploads\/2022\/04\/MiuMjau-logo-kollane.png\",\"contentUrl\":\"https:\/\/miumjau.ee\/wp-content\/uploads\/2022\/04\/MiuMjau-logo-kollane.png\",\"width\":219,\"height\":100,\"caption\":\"MiuMjau O\u00dc\"},\"image\":{\"@id\":\"https:\/\/miumjau.ee\/#\/schema\/logo\/image\/\"},\"sameAs\":[\"https:\/\/www.facebook.com\/miumjaupood\/\"]}]}<\/script>\n<!-- \/ Yoast SEO plugin. -->","yoast_head_json":{"title":"K\u0101p\u0161anas koks MiuMjau 7062, 135 cm - MiuMjau","robots":{"index":"index","follow":"follow","max-snippet":"max-snippet:-1","max-image-preview":"max-image-preview:large","max-video-preview":"max-video-preview:-1"},"canonical":"https:\/\/miumjau.ee\/lv\/produkts\/kapsanas-koks-miumjau-7062-135-cm\/","og_locale":"lv_LV","og_type":"article","og_title":"K\u0101p\u0161anas koks MiuMjau 7062, 135 cm - MiuMjau","og_description":"Ka\u0137iem nepiecie\u0161ams skr\u0101p\u0113\u0161anas koks, jo skr\u0101p\u0113\u0161ana ir vi\u0146u dabiskais veids, k\u0101 kopt nagus, stiept musku\u013cus un atz\u012bm\u0113t teritoriju. Bez skr\u0101p\u0113\u0161anas koka vi\u0146i var izmantot d\u012bv\u0101nu vai aizkarus, kas var novest pie d\u0101rgiem m\u0113be\u013cu remontiem. Skr\u0101p\u0113\u0161anas koks pied\u0101v\u0101 ka\u0137im ar\u012b sp\u0113les un k\u0101p\u0161anas iesp\u0113jas, saglab\u0101jot to akt\u012bvu un mazinot garlaic\u012bbu. Vienk\u0101r\u0161a invest\u012bcija, kas uztur ka\u0137i laim\u012bgu un m\u0101ju k\u0101rt\u012bgu. Piem\u0113rots ka\u0137\u0113niem, maziem, vid\u0113jiem, lieliem un ar\u012b \u013coti smagiem ka\u0137iem. Stabi ir biezi un stipri. Skr\u0101p\u0113\u0161anas koks ir \u013coti stabils un dro\u0161s ar\u012b \u0123imen\u0113s ar maziem b\u0113rniem. Nav risku, ka tas apg\u0101\u017eas. Izm\u0113ri:Augstums: 135 cmPamatnes izm\u0113rs: 81 x 61 cmM\u0101ja: 35 x 35 cmStaba diametrs: 15 cm Produkta svars: 52 kgProdukta svars ar iepakojumu (2 kastes): 54 kg","og_url":"https:\/\/miumjau.ee\/lv\/produkts\/kapsanas-koks-miumjau-7062-135-cm\/","og_site_name":"MiuMjau","article_publisher":"https:\/\/www.facebook.com\/miumjaupood\/","article_modified_time":"2026-01-07T19:18:02+00:00","og_image":[{"width":600,"height":800,"url":"https:\/\/miumjau.ee\/wp-content\/uploads\/2025\/08\/ronimispuu-miumjau-7062.jpg","type":"image\/jpeg"}],"twitter_card":"summary_large_image","schema":{"@context":"https:\/\/schema.org","@graph":[{"@type":"WebPage","@id":"https:\/\/miumjau.ee\/lv\/produkts\/kapsanas-koks-miumjau-7062-135-cm\/","url":"https:\/\/miumjau.ee\/lv\/produkts\/kapsanas-koks-miumjau-7062-135-cm\/","name":"K\u0101p\u0161anas koks MiuMjau 7062, 135 cm - MiuMjau","isPartOf":{"@id":"https:\/\/miumjau.ee\/#website"},"primaryImageOfPage":{"@id":"https:\/\/miumjau.ee\/lv\/produkts\/kapsanas-koks-miumjau-7062-135-cm\/#primaryimage"},"image":{"@id":"https:\/\/miumjau.ee\/lv\/produkts\/kapsanas-koks-miumjau-7062-135-cm\/#primaryimage"},"thumbnailUrl":"https:\/\/miumjau.ee\/wp-content\/uploads\/2025\/08\/ronimispuu-miumjau-7062.jpg","datePublished":"2025-08-12T13:37:22+00:00","dateModified":"2026-01-07T19:18:02+00:00","breadcrumb":{"@id":"https:\/\/miumjau.ee\/lv\/produkts\/kapsanas-koks-miumjau-7062-135-cm\/#breadcrumb"},"inLanguage":"lv-LV","potentialAction":[{"@type":"ReadAction","target":["https:\/\/miumjau.ee\/lv\/produkts\/kapsanas-koks-miumjau-7062-135-cm\/"]}]},{"@type":"ImageObject","inLanguage":"lv-LV","@id":"https:\/\/miumjau.ee\/lv\/produkts\/kapsanas-koks-miumjau-7062-135-cm\/#primaryimage","url":"https:\/\/miumjau.ee\/wp-content\/uploads\/2025\/08\/ronimispuu-miumjau-7062.jpg","contentUrl":"https:\/\/miumjau.ee\/wp-content\/uploads\/2025\/08\/ronimispuu-miumjau-7062.jpg","width":600,"height":800},{"@type":"BreadcrumbList","@id":"https:\/\/miumjau.ee\/lv\/produkts\/kapsanas-koks-miumjau-7062-135-cm\/#breadcrumb","itemListElement":[{"@type":"ListItem","position":1,"name":"Home","item":"https:\/\/miumjau.ee\/lv\/"},{"@type":"ListItem","position":2,"name":"Veikals","item":"https:\/\/miumjau.ee\/lv\/veikals\/"},{"@type":"ListItem","position":3,"name":"K\u0101p\u0161anas koks MiuMjau 7062, 135 cm"}]},{"@type":"WebSite","@id":"https:\/\/miumjau.ee\/#website","url":"https:\/\/miumjau.ee\/","name":"MiuMjau","description":"Kraapimispuud kassidele","publisher":{"@id":"https:\/\/miumjau.ee\/#organization"},"potentialAction":[{"@type":"SearchAction","target":{"@type":"EntryPoint","urlTemplate":"https:\/\/miumjau.ee\/?s={search_term_string}"},"query-input":{"@type":"PropertyValueSpecification","valueRequired":true,"valueName":"search_term_string"}}],"inLanguage":"lv-LV"},{"@type":"Organization","@id":"https:\/\/miumjau.ee\/#organization","name":"MiuMjau O\u00dc","url":"https:\/\/miumjau.ee\/","logo":{"@type":"ImageObject","inLanguage":"lv-LV","@id":"https:\/\/miumjau.ee\/#\/schema\/logo\/image\/","url":"https:\/\/miumjau.ee\/wp-content\/uploads\/2022\/04\/MiuMjau-logo-kollane.png","contentUrl":"https:\/\/miumjau.ee\/wp-content\/uploads\/2022\/04\/MiuMjau-logo-kollane.png","width":219,"height":100,"caption":"MiuMjau O\u00dc"},"image":{"@id":"https:\/\/miumjau.ee\/#\/schema\/logo\/image\/"},"sameAs":["https:\/\/www.facebook.com\/miumjaupood\/"]}]}},"_links":{"self":[{"href":"https:\/\/miumjau.ee\/lv\/wp-json\/wp\/v2\/product\/48600","targetHints":{"allow":["GET"]}}],"collection":[{"href":"https:\/\/miumjau.ee\/lv\/wp-json\/wp\/v2\/product"}],"about":[{"href":"https:\/\/miumjau.ee\/lv\/wp-json\/wp\/v2\/types\/product"}],"wp:featuredmedia":[{"embeddable":true,"href":"https:\/\/miumjau.ee\/lv\/wp-json\/wp\/v2\/media\/48601"}],"wp:attachment":[{"href":"https:\/\/miumjau.ee\/lv\/wp-json\/wp\/v2\/media?parent=48600"}],"wp:term":[{"taxonomy":"product_brand","embeddable":true,"href":"https:\/\/miumjau.ee\/lv\/wp-json\/wp\/v2\/product_brand?post=48600"},{"taxonomy":"product_cat","embeddable":true,"href":"https:\/\/miumjau.ee\/lv\/wp-json\/wp\/v2\/product_cat?post=48600"},{"taxonomy":"product_tag","embeddable":true,"href":"https:\/\/miumjau.ee\/lv\/wp-json\/wp\/v2\/product_tag?post=48600"}],"curies":[{"name":"wp","href":"https:\/\/api.w.org\/{rel}","templated":true}]}}