{"id":48589,"date":"2025-07-23T11:18:29","date_gmt":"2025-07-23T08:18:29","guid":{"rendered":"https:\/\/miumjau.ee\/toode\/ibero-natural-active-plus-turcija-un-lasis-12-kg\/"},"modified":"2026-01-07T21:18:10","modified_gmt":"2026-01-07T19:18:10","slug":"ibero-natural-active-plus-turcija-un-lasis-12-kg","status":"publish","type":"product","link":"https:\/\/miumjau.ee\/lv\/produkts\/ibero-natural-active-plus-turcija-un-lasis-12-kg\/","title":{"rendered":"Ibero Natural Active Plus \u2013 Turcija un lasis, 12 kg"},"content":{"rendered":"","protected":false},"excerpt":{"rendered":"<p data-start=\"145\" data-end=\"721\">Ibero Natural s\u0113rijas granulas satur zemu graudaugu daudzumu. No graudaugiem tiek izmantots tikai br\u016bnais r\u012bss. Pilngraudu r\u012bss netiek apstr\u0101d\u0101ts, t\u0101d\u0113j\u0101di saglab\u0101jot liel\u0101ku \u0161\u0137iedrvielu, olbaltumvielu, fosfora, mang\u0101na, dzelzs un magnija daudzumu, kas ir svar\u012bgi gremo\u0161anai. Bar\u012bba ir hipoaler\u0123iska, tas noz\u012bm\u0113, ka t\u0101 nesatur potenci\u0101li alerg\u0113nas sast\u0101vda\u013cas, piem\u0113ram, soju, kvie\u0161us, kukur\u016bzu, liellopu vai vistas ga\u013cu (olbaltumvielas), blakusproduktus, cukuru, m\u0101ksl\u012bgus konservantus, aromatiz\u0113t\u0101jus, gar\u0161as vai kr\u0101svielas, k\u0101 ar\u012b \u0122MO (\u0123en\u0113tiski modific\u0113tas) sast\u0101vda\u013cas.<\/p>\n<p data-start=\"723\" data-end=\"786\"><strong data-start=\"723\" data-end=\"784\">Super Premium ACTIVE \u2013 Pilnv\u0113rt\u012bga bar\u012bba akt\u012bviem su\u0146iem<\/strong><\/p>\n<p data-start=\"788\" data-end=\"1093\">Piem\u0113rots akt\u012bviem su\u0146iem (1\u20133 stundas aktivit\u0101tes dien\u0101): agility, canicross, med\u012bbu su\u0146i, darba su\u0146i. Recepte izstr\u0101d\u0101ta Norv\u0113\u0123ij\u0101 un piem\u0113rota skarbos apst\u0101k\u013cos. Bar\u012bba satur daudz kvalitat\u012bvu dz\u012bvnieku olbaltumvielu (t\u012btars, lasis, krils) un ir bag\u0101tin\u0101ta ar prebiotik\u0101m un dab\u012bgiem antioksidantiem.<\/p>\n<p data-start=\"1095\" data-end=\"1304\"><strong data-start=\"1095\" data-end=\"1111\">Sast\u0101vda\u013cas:<\/strong> dehidrat\u0113ts t\u012btara ga\u013ca (35%), r\u012bsi, putnu tauki (vistas 18%), dehidrat\u0113ts lasis (4%), bietes, krils (2,5%), alusraugs, miner\u0101lvielas, mananooligosahar\u012bdi (MOS \u2013 prebiotikas), \u0137\u012bra pulveris.<\/p>\n<p data-start=\"1306\" data-end=\"1461\"><strong data-start=\"1306\" data-end=\"1334\">Anal\u012btisk\u0101s sast\u0101vda\u013cas:<\/strong> olbaltumvielas 32%, tauki 21%, \u0161\u0137iedras 1,5%, pelni 7,6%, kalcijs 1,4%, fosfors 1%, n\u0101trijs 0,45%, magnijs 0,1%, mitrums 9%.<\/p>\n<p data-start=\"1463\" data-end=\"1792\"><strong data-start=\"1463\" data-end=\"1502\">Papildin\u0101jumi bar\u012bbas v\u0113rt\u012bb\u0101 \/ kg:<\/strong> vitam\u012bns A 28 000 IU, vitam\u012bns D3 1 600 IU, vitam\u012bns E 160 mg, dzelzs (dzelzs(II)sulf\u0101ts monohidr\u0101ts) 200 mg, cinks (cinka glikcin\u0101ts, hidr\u0101ts) 176 mg, mang\u0101ns (mang\u0101na oks\u012bds) 15 mg, var\u0161 (vara glikcin\u0101ts, hidr\u0101ts) 16 mg, jods (kalcija jod\u0101ts) 2,8 mg, sel\u0113ns (n\u0101trija sel\u0113n\u012bts) 0,40 mg.<\/p>\n<p data-start=\"1794\" data-end=\"1838\"><strong data-start=\"1794\" data-end=\"1822\">Metaboliz\u0113jam\u0101 ener\u0123ija:<\/strong> 3 980 kcal\/kg<\/p>\n","protected":false},"featured_media":48590,"template":"","meta":[],"product_brand":[],"product_cat":[573,575],"product_tag":[],"class_list":{"0":"post-48589","1":"product","2":"type-product","3":"status-publish","4":"has-post-thumbnail","6":"product_cat-kaup24-lv","7":"product_cat-sausa-bariba-suniem","9":"first","10":"instock","11":"sale","12":"taxable","13":"shipping-taxable","14":"purchasable","15":"product-type-simple"},"yoast_head":"<!-- This site is optimized with the Yoast SEO plugin v27.4 - https:\/\/yoast.com\/product\/yoast-seo-wordpress\/ -->\n<title>Ibero Natural Active Plus \u2013 Turcija un lasis, 12 kg - MiuMjau<\/title>\n<meta name=\"robots\" content=\"index, follow, max-snippet:-1, max-image-preview:large, max-video-preview:-1\" \/>\n<link rel=\"canonical\" href=\"https:\/\/miumjau.ee\/lv\/produkts\/ibero-natural-active-plus-turcija-un-lasis-12-kg\/\" \/>\n<meta property=\"og:locale\" content=\"lv_LV\" \/>\n<meta property=\"og:type\" content=\"article\" \/>\n<meta property=\"og:title\" content=\"Ibero Natural Active Plus \u2013 Turcija un lasis, 12 kg - MiuMjau\" \/>\n<meta property=\"og:description\" content=\"Ibero Natural s\u0113rijas granulas satur zemu graudaugu daudzumu. No graudaugiem tiek izmantots tikai br\u016bnais r\u012bss. Pilngraudu r\u012bss netiek apstr\u0101d\u0101ts, t\u0101d\u0113j\u0101di saglab\u0101jot liel\u0101ku \u0161\u0137iedrvielu, olbaltumvielu, fosfora, mang\u0101na, dzelzs un magnija daudzumu, kas ir svar\u012bgi gremo\u0161anai. Bar\u012bba ir hipoaler\u0123iska, tas noz\u012bm\u0113, ka t\u0101 nesatur potenci\u0101li alerg\u0113nas sast\u0101vda\u013cas, piem\u0113ram, soju, kvie\u0161us, kukur\u016bzu, liellopu vai vistas ga\u013cu (olbaltumvielas), blakusproduktus, cukuru, m\u0101ksl\u012bgus konservantus, aromatiz\u0113t\u0101jus, gar\u0161as vai kr\u0101svielas, k\u0101 ar\u012b \u0122MO (\u0123en\u0113tiski modific\u0113tas) sast\u0101vda\u013cas. Super Premium ACTIVE \u2013 Pilnv\u0113rt\u012bga bar\u012bba akt\u012bviem su\u0146iem Piem\u0113rots akt\u012bviem su\u0146iem (1\u20133 stundas aktivit\u0101tes dien\u0101): agility, canicross, med\u012bbu su\u0146i, darba su\u0146i. Recepte izstr\u0101d\u0101ta Norv\u0113\u0123ij\u0101 un piem\u0113rota skarbos apst\u0101k\u013cos. Bar\u012bba satur daudz kvalitat\u012bvu dz\u012bvnieku olbaltumvielu (t\u012btars, lasis, krils) un ir bag\u0101tin\u0101ta ar prebiotik\u0101m un dab\u012bgiem antioksidantiem. Sast\u0101vda\u013cas: dehidrat\u0113ts t\u012btara ga\u013ca (35%), r\u012bsi, putnu tauki (vistas 18%), dehidrat\u0113ts lasis (4%), bietes, krils (2,5%), alusraugs, miner\u0101lvielas, mananooligosahar\u012bdi (MOS \u2013 prebiotikas), \u0137\u012bra pulveris. Anal\u012btisk\u0101s sast\u0101vda\u013cas: olbaltumvielas 32%, tauki 21%, \u0161\u0137iedras 1,5%, pelni 7,6%, kalcijs 1,4%, fosfors 1%, n\u0101trijs 0,45%, magnijs 0,1%, mitrums 9%. Papildin\u0101jumi bar\u012bbas v\u0113rt\u012bb\u0101 \/ kg: vitam\u012bns A 28 000 IU, vitam\u012bns D3 1 600 IU, vitam\u012bns E 160 mg, dzelzs (dzelzs(II)sulf\u0101ts monohidr\u0101ts) 200 mg, cinks (cinka glikcin\u0101ts, hidr\u0101ts) 176 mg, mang\u0101ns (mang\u0101na oks\u012bds) 15 mg, var\u0161 (vara glikcin\u0101ts, hidr\u0101ts) 16 mg, jods (kalcija jod\u0101ts) 2,8 mg, sel\u0113ns (n\u0101trija sel\u0113n\u012bts) 0,40 mg. Metaboliz\u0113jam\u0101 ener\u0123ija: 3 980 kcal\/kg\" \/>\n<meta property=\"og:url\" content=\"https:\/\/miumjau.ee\/lv\/produkts\/ibero-natural-active-plus-turcija-un-lasis-12-kg\/\" \/>\n<meta property=\"og:site_name\" content=\"MiuMjau\" \/>\n<meta property=\"article:publisher\" content=\"https:\/\/www.facebook.com\/miumjaupood\/\" \/>\n<meta property=\"article:modified_time\" content=\"2026-01-07T19:18:10+00:00\" \/>\n<meta property=\"og:image\" content=\"https:\/\/miumjau.ee\/wp-content\/uploads\/2025\/07\/ibero-active12kg-turkey-salmon.jpg\" \/>\n\t<meta property=\"og:image:width\" content=\"600\" \/>\n\t<meta property=\"og:image:height\" content=\"800\" \/>\n\t<meta property=\"og:image:type\" content=\"image\/jpeg\" \/>\n<meta name=\"twitter:card\" content=\"summary_large_image\" \/>\n<script type=\"application\/ld+json\" class=\"yoast-schema-graph\">{\"@context\":\"https:\\\/\\\/schema.org\",\"@graph\":[{\"@type\":\"WebPage\",\"@id\":\"https:\\\/\\\/miumjau.ee\\\/lv\\\/produkts\\\/ibero-natural-active-plus-turcija-un-lasis-12-kg\\\/\",\"url\":\"https:\\\/\\\/miumjau.ee\\\/lv\\\/produkts\\\/ibero-natural-active-plus-turcija-un-lasis-12-kg\\\/\",\"name\":\"Ibero Natural Active Plus \u2013 Turcija un lasis, 12 kg - MiuMjau\",\"isPartOf\":{\"@id\":\"https:\\\/\\\/miumjau.ee\\\/#website\"},\"primaryImageOfPage\":{\"@id\":\"https:\\\/\\\/miumjau.ee\\\/lv\\\/produkts\\\/ibero-natural-active-plus-turcija-un-lasis-12-kg\\\/#primaryimage\"},\"image\":{\"@id\":\"https:\\\/\\\/miumjau.ee\\\/lv\\\/produkts\\\/ibero-natural-active-plus-turcija-un-lasis-12-kg\\\/#primaryimage\"},\"thumbnailUrl\":\"https:\\\/\\\/miumjau.ee\\\/wp-content\\\/uploads\\\/2025\\\/07\\\/ibero-active12kg-turkey-salmon.jpg\",\"datePublished\":\"2025-07-23T08:18:29+00:00\",\"dateModified\":\"2026-01-07T19:18:10+00:00\",\"breadcrumb\":{\"@id\":\"https:\\\/\\\/miumjau.ee\\\/lv\\\/produkts\\\/ibero-natural-active-plus-turcija-un-lasis-12-kg\\\/#breadcrumb\"},\"inLanguage\":\"lv-LV\",\"potentialAction\":[{\"@type\":\"ReadAction\",\"target\":[\"https:\\\/\\\/miumjau.ee\\\/lv\\\/produkts\\\/ibero-natural-active-plus-turcija-un-lasis-12-kg\\\/\"]}]},{\"@type\":\"ImageObject\",\"inLanguage\":\"lv-LV\",\"@id\":\"https:\\\/\\\/miumjau.ee\\\/lv\\\/produkts\\\/ibero-natural-active-plus-turcija-un-lasis-12-kg\\\/#primaryimage\",\"url\":\"https:\\\/\\\/miumjau.ee\\\/wp-content\\\/uploads\\\/2025\\\/07\\\/ibero-active12kg-turkey-salmon.jpg\",\"contentUrl\":\"https:\\\/\\\/miumjau.ee\\\/wp-content\\\/uploads\\\/2025\\\/07\\\/ibero-active12kg-turkey-salmon.jpg\",\"width\":600,\"height\":800},{\"@type\":\"BreadcrumbList\",\"@id\":\"https:\\\/\\\/miumjau.ee\\\/lv\\\/produkts\\\/ibero-natural-active-plus-turcija-un-lasis-12-kg\\\/#breadcrumb\",\"itemListElement\":[{\"@type\":\"ListItem\",\"position\":1,\"name\":\"Home\",\"item\":\"https:\\\/\\\/miumjau.ee\\\/lv\\\/\"},{\"@type\":\"ListItem\",\"position\":2,\"name\":\"Veikals\",\"item\":\"https:\\\/\\\/miumjau.ee\\\/lv\\\/veikals\\\/\"},{\"@type\":\"ListItem\",\"position\":3,\"name\":\"Ibero Natural Active Plus \u2013 Turcija un lasis, 12 kg\"}]},{\"@type\":\"WebSite\",\"@id\":\"https:\\\/\\\/miumjau.ee\\\/#website\",\"url\":\"https:\\\/\\\/miumjau.ee\\\/\",\"name\":\"MiuMjau\",\"description\":\"Kraapimispuud kassidele\",\"publisher\":{\"@id\":\"https:\\\/\\\/miumjau.ee\\\/#organization\"},\"potentialAction\":[{\"@type\":\"SearchAction\",\"target\":{\"@type\":\"EntryPoint\",\"urlTemplate\":\"https:\\\/\\\/miumjau.ee\\\/?s={search_term_string}\"},\"query-input\":{\"@type\":\"PropertyValueSpecification\",\"valueRequired\":true,\"valueName\":\"search_term_string\"}}],\"inLanguage\":\"lv-LV\"},{\"@type\":\"Organization\",\"@id\":\"https:\\\/\\\/miumjau.ee\\\/#organization\",\"name\":\"MiuMjau O\u00dc\",\"url\":\"https:\\\/\\\/miumjau.ee\\\/\",\"logo\":{\"@type\":\"ImageObject\",\"inLanguage\":\"lv-LV\",\"@id\":\"https:\\\/\\\/miumjau.ee\\\/#\\\/schema\\\/logo\\\/image\\\/\",\"url\":\"https:\\\/\\\/miumjau.ee\\\/wp-content\\\/uploads\\\/2022\\\/04\\\/MiuMjau-logo-kollane.png\",\"contentUrl\":\"https:\\\/\\\/miumjau.ee\\\/wp-content\\\/uploads\\\/2022\\\/04\\\/MiuMjau-logo-kollane.png\",\"width\":219,\"height\":100,\"caption\":\"MiuMjau O\u00dc\"},\"image\":{\"@id\":\"https:\\\/\\\/miumjau.ee\\\/#\\\/schema\\\/logo\\\/image\\\/\"},\"sameAs\":[\"https:\\\/\\\/www.facebook.com\\\/miumjaupood\\\/\"]}]}<\/script>\n<!-- \/ Yoast SEO plugin. -->","yoast_head_json":{"title":"Ibero Natural Active Plus \u2013 Turcija un lasis, 12 kg - MiuMjau","robots":{"index":"index","follow":"follow","max-snippet":"max-snippet:-1","max-image-preview":"max-image-preview:large","max-video-preview":"max-video-preview:-1"},"canonical":"https:\/\/miumjau.ee\/lv\/produkts\/ibero-natural-active-plus-turcija-un-lasis-12-kg\/","og_locale":"lv_LV","og_type":"article","og_title":"Ibero Natural Active Plus \u2013 Turcija un lasis, 12 kg - MiuMjau","og_description":"Ibero Natural s\u0113rijas granulas satur zemu graudaugu daudzumu. No graudaugiem tiek izmantots tikai br\u016bnais r\u012bss. Pilngraudu r\u012bss netiek apstr\u0101d\u0101ts, t\u0101d\u0113j\u0101di saglab\u0101jot liel\u0101ku \u0161\u0137iedrvielu, olbaltumvielu, fosfora, mang\u0101na, dzelzs un magnija daudzumu, kas ir svar\u012bgi gremo\u0161anai. Bar\u012bba ir hipoaler\u0123iska, tas noz\u012bm\u0113, ka t\u0101 nesatur potenci\u0101li alerg\u0113nas sast\u0101vda\u013cas, piem\u0113ram, soju, kvie\u0161us, kukur\u016bzu, liellopu vai vistas ga\u013cu (olbaltumvielas), blakusproduktus, cukuru, m\u0101ksl\u012bgus konservantus, aromatiz\u0113t\u0101jus, gar\u0161as vai kr\u0101svielas, k\u0101 ar\u012b \u0122MO (\u0123en\u0113tiski modific\u0113tas) sast\u0101vda\u013cas. Super Premium ACTIVE \u2013 Pilnv\u0113rt\u012bga bar\u012bba akt\u012bviem su\u0146iem Piem\u0113rots akt\u012bviem su\u0146iem (1\u20133 stundas aktivit\u0101tes dien\u0101): agility, canicross, med\u012bbu su\u0146i, darba su\u0146i. Recepte izstr\u0101d\u0101ta Norv\u0113\u0123ij\u0101 un piem\u0113rota skarbos apst\u0101k\u013cos. Bar\u012bba satur daudz kvalitat\u012bvu dz\u012bvnieku olbaltumvielu (t\u012btars, lasis, krils) un ir bag\u0101tin\u0101ta ar prebiotik\u0101m un dab\u012bgiem antioksidantiem. Sast\u0101vda\u013cas: dehidrat\u0113ts t\u012btara ga\u013ca (35%), r\u012bsi, putnu tauki (vistas 18%), dehidrat\u0113ts lasis (4%), bietes, krils (2,5%), alusraugs, miner\u0101lvielas, mananooligosahar\u012bdi (MOS \u2013 prebiotikas), \u0137\u012bra pulveris. Anal\u012btisk\u0101s sast\u0101vda\u013cas: olbaltumvielas 32%, tauki 21%, \u0161\u0137iedras 1,5%, pelni 7,6%, kalcijs 1,4%, fosfors 1%, n\u0101trijs 0,45%, magnijs 0,1%, mitrums 9%. Papildin\u0101jumi bar\u012bbas v\u0113rt\u012bb\u0101 \/ kg: vitam\u012bns A 28 000 IU, vitam\u012bns D3 1 600 IU, vitam\u012bns E 160 mg, dzelzs (dzelzs(II)sulf\u0101ts monohidr\u0101ts) 200 mg, cinks (cinka glikcin\u0101ts, hidr\u0101ts) 176 mg, mang\u0101ns (mang\u0101na oks\u012bds) 15 mg, var\u0161 (vara glikcin\u0101ts, hidr\u0101ts) 16 mg, jods (kalcija jod\u0101ts) 2,8 mg, sel\u0113ns (n\u0101trija sel\u0113n\u012bts) 0,40 mg. Metaboliz\u0113jam\u0101 ener\u0123ija: 3 980 kcal\/kg","og_url":"https:\/\/miumjau.ee\/lv\/produkts\/ibero-natural-active-plus-turcija-un-lasis-12-kg\/","og_site_name":"MiuMjau","article_publisher":"https:\/\/www.facebook.com\/miumjaupood\/","article_modified_time":"2026-01-07T19:18:10+00:00","og_image":[{"width":600,"height":800,"url":"https:\/\/miumjau.ee\/wp-content\/uploads\/2025\/07\/ibero-active12kg-turkey-salmon.jpg","type":"image\/jpeg"}],"twitter_card":"summary_large_image","schema":{"@context":"https:\/\/schema.org","@graph":[{"@type":"WebPage","@id":"https:\/\/miumjau.ee\/lv\/produkts\/ibero-natural-active-plus-turcija-un-lasis-12-kg\/","url":"https:\/\/miumjau.ee\/lv\/produkts\/ibero-natural-active-plus-turcija-un-lasis-12-kg\/","name":"Ibero Natural Active Plus \u2013 Turcija un lasis, 12 kg - MiuMjau","isPartOf":{"@id":"https:\/\/miumjau.ee\/#website"},"primaryImageOfPage":{"@id":"https:\/\/miumjau.ee\/lv\/produkts\/ibero-natural-active-plus-turcija-un-lasis-12-kg\/#primaryimage"},"image":{"@id":"https:\/\/miumjau.ee\/lv\/produkts\/ibero-natural-active-plus-turcija-un-lasis-12-kg\/#primaryimage"},"thumbnailUrl":"https:\/\/miumjau.ee\/wp-content\/uploads\/2025\/07\/ibero-active12kg-turkey-salmon.jpg","datePublished":"2025-07-23T08:18:29+00:00","dateModified":"2026-01-07T19:18:10+00:00","breadcrumb":{"@id":"https:\/\/miumjau.ee\/lv\/produkts\/ibero-natural-active-plus-turcija-un-lasis-12-kg\/#breadcrumb"},"inLanguage":"lv-LV","potentialAction":[{"@type":"ReadAction","target":["https:\/\/miumjau.ee\/lv\/produkts\/ibero-natural-active-plus-turcija-un-lasis-12-kg\/"]}]},{"@type":"ImageObject","inLanguage":"lv-LV","@id":"https:\/\/miumjau.ee\/lv\/produkts\/ibero-natural-active-plus-turcija-un-lasis-12-kg\/#primaryimage","url":"https:\/\/miumjau.ee\/wp-content\/uploads\/2025\/07\/ibero-active12kg-turkey-salmon.jpg","contentUrl":"https:\/\/miumjau.ee\/wp-content\/uploads\/2025\/07\/ibero-active12kg-turkey-salmon.jpg","width":600,"height":800},{"@type":"BreadcrumbList","@id":"https:\/\/miumjau.ee\/lv\/produkts\/ibero-natural-active-plus-turcija-un-lasis-12-kg\/#breadcrumb","itemListElement":[{"@type":"ListItem","position":1,"name":"Home","item":"https:\/\/miumjau.ee\/lv\/"},{"@type":"ListItem","position":2,"name":"Veikals","item":"https:\/\/miumjau.ee\/lv\/veikals\/"},{"@type":"ListItem","position":3,"name":"Ibero Natural Active Plus \u2013 Turcija un lasis, 12 kg"}]},{"@type":"WebSite","@id":"https:\/\/miumjau.ee\/#website","url":"https:\/\/miumjau.ee\/","name":"MiuMjau","description":"Kraapimispuud kassidele","publisher":{"@id":"https:\/\/miumjau.ee\/#organization"},"potentialAction":[{"@type":"SearchAction","target":{"@type":"EntryPoint","urlTemplate":"https:\/\/miumjau.ee\/?s={search_term_string}"},"query-input":{"@type":"PropertyValueSpecification","valueRequired":true,"valueName":"search_term_string"}}],"inLanguage":"lv-LV"},{"@type":"Organization","@id":"https:\/\/miumjau.ee\/#organization","name":"MiuMjau O\u00dc","url":"https:\/\/miumjau.ee\/","logo":{"@type":"ImageObject","inLanguage":"lv-LV","@id":"https:\/\/miumjau.ee\/#\/schema\/logo\/image\/","url":"https:\/\/miumjau.ee\/wp-content\/uploads\/2022\/04\/MiuMjau-logo-kollane.png","contentUrl":"https:\/\/miumjau.ee\/wp-content\/uploads\/2022\/04\/MiuMjau-logo-kollane.png","width":219,"height":100,"caption":"MiuMjau O\u00dc"},"image":{"@id":"https:\/\/miumjau.ee\/#\/schema\/logo\/image\/"},"sameAs":["https:\/\/www.facebook.com\/miumjaupood\/"]}]}},"_links":{"self":[{"href":"https:\/\/miumjau.ee\/lv\/wp-json\/wp\/v2\/product\/48589","targetHints":{"allow":["GET"]}}],"collection":[{"href":"https:\/\/miumjau.ee\/lv\/wp-json\/wp\/v2\/product"}],"about":[{"href":"https:\/\/miumjau.ee\/lv\/wp-json\/wp\/v2\/types\/product"}],"wp:featuredmedia":[{"embeddable":true,"href":"https:\/\/miumjau.ee\/lv\/wp-json\/wp\/v2\/media\/48590"}],"wp:attachment":[{"href":"https:\/\/miumjau.ee\/lv\/wp-json\/wp\/v2\/media?parent=48589"}],"wp:term":[{"taxonomy":"product_brand","embeddable":true,"href":"https:\/\/miumjau.ee\/lv\/wp-json\/wp\/v2\/product_brand?post=48589"},{"taxonomy":"product_cat","embeddable":true,"href":"https:\/\/miumjau.ee\/lv\/wp-json\/wp\/v2\/product_cat?post=48589"},{"taxonomy":"product_tag","embeddable":true,"href":"https:\/\/miumjau.ee\/lv\/wp-json\/wp\/v2\/product_tag?post=48589"}],"curies":[{"name":"wp","href":"https:\/\/api.w.org\/{rel}","templated":true}]}}