{"id":48587,"date":"2025-07-23T11:07:33","date_gmt":"2025-07-23T08:07:33","guid":{"rendered":"https:\/\/miumjau.ee\/toode\/ibero-natural-senior-light-m-l-ibeerijas-cukas-un-jera-gala-12-kg\/"},"modified":"2026-01-07T21:18:10","modified_gmt":"2026-01-07T19:18:10","slug":"ibero-natural-senior-light-m-l-ibeerijas-cukas-un-jera-gala-12-kg","status":"publish","type":"product","link":"https:\/\/miumjau.ee\/lv\/produkts\/ibero-natural-senior-light-m-l-ibeerijas-cukas-un-jera-gala-12-kg\/","title":{"rendered":"Ibero Natural Senior\/Light M\/L \u2013 Ibe\u0113rijas c\u016bkas un j\u0113ra ga\u013ca, 12 kg"},"content":{"rendered":"","protected":false},"excerpt":{"rendered":"<p data-start=\"66\" data-end=\"633\">Suns, t\u0101pat k\u0101 vi\u0146a sen\u010di vilki, vajag daudzveid\u012bgu uzturu, kas nodro\u0161ina visas nepiecie\u0161am\u0101s bar\u012bbas vielas un pal\u012bdz saglab\u0101t lielisku formu. Ibero NATURAL \u0113diena iedvesmu devu\u0161i Ibe\u0113rijas vilki, kuri sav\u0101 dzimten\u0113 p\u0101rsvar\u0101 med\u012b da\u013c\u0113ji savva\u013cas melnos c\u016bkus, k\u0101 ar\u012b aitas, brie\u017eus un citus z\u012bd\u012bt\u0101jus. \u0160o dabisko ciklu iev\u0113ro ar\u012b m\u016bsdienu su\u0146u baro\u0161anas tendences, kur\u0101s Ibero NATURAL superpremium klases granulu ra\u017eo\u0161anai tiek izmantotas tikai kvalitat\u012bvas, re\u0123ion\u0101lu Sp\u0101nijas saimniec\u012bbu dab\u012bg\u0101s sast\u0101vda\u013cas. Galven\u0101s sast\u0101vda\u013cas ir Ibe\u0113rijas c\u016bkas un j\u0113ra ga\u013ca.<\/p>\n<p data-start=\"635\" data-end=\"1301\"><strong data-start=\"635\" data-end=\"739\">Ibero NATURAL \u2013 Superpremium pilnv\u0113rt\u012bga bar\u012bba vid\u0113ja un liela izm\u0113ra veciem vai liek\u0101 svara su\u0146iem<\/strong><br data-start=\"739\" data-end=\"742\" \/>Ibero Natural s\u0113rijas granulas satur zemu graudaugu daudzumu. No graudaugiem tiek izmantots tikai br\u016bnais r\u012bss. Pilngraudu r\u012bss netiek apstr\u0101d\u0101ts, t\u0101d\u0113j\u0101di saglab\u0101jot liel\u0101ku \u0161\u0137iedrvielu, olbaltumvielu, fosfora, mang\u0101na, dzelzs un magnija daudzumu, kas ir svar\u012bgi gremo\u0161anai. Bar\u012bba ir hipoaler\u0123iska, tas noz\u012bm\u0113, ka t\u0101 nesatur potenci\u0101li alerg\u0113nas sast\u0101vda\u013cas, piem\u0113ram, soju, kvie\u0161us, kukur\u016bzu, liellopu vai vistas ga\u013cu, blakusproduktus, cukuru, m\u0101ksl\u012bgus konservantus, aromatiz\u0113t\u0101jus, gar\u0161as vai kr\u0101svielas, k\u0101 ar\u012b \u0122MO (\u0123en\u0113tiski modific\u0113tas) sast\u0101vda\u013cas.<\/p>\n<p data-start=\"1303\" data-end=\"1595\">\u2705 100% dab\u012bgs sast\u0101vs \u2013 bez m\u0101ksl\u012bgiem konservantiem, kr\u0101sviel\u0101m, aromatiz\u0113t\u0101jiem un \u0122MO<br data-start=\"1391\" data-end=\"1394\" \/>\u2705 Augsts ga\u013cas saturs \u2013 36% Ibe\u0113rijas c\u016bkas un j\u0113ra ga\u013cas<br data-start=\"1451\" data-end=\"1454\" \/>\u2705 Tikai kvalitat\u012bvas Sp\u0101nijas re\u0123ion\u0101lu saimniec\u012bbu sast\u0101vda\u013cas<br data-start=\"1517\" data-end=\"1520\" \/>\u2705 Piem\u0113rots vec\u0101kiem su\u0146iem un su\u0146iem, kuriem nepiecie\u0161ams svara kontrole<\/p>\n<p data-start=\"1597\" data-end=\"1661\"><strong data-start=\"1597\" data-end=\"1659\">Galven\u0101s funkcion\u0101l\u0101s sast\u0101vda\u013cas un to labv\u0113l\u012bg\u0101 ietekme:<\/strong><\/p>\n<ul data-start=\"1662\" data-end=\"2569\">\n<li data-start=\"1662\" data-end=\"1760\">\n<p data-start=\"1664\" data-end=\"1760\">Ibe\u0113rijas da\u013c\u0113ji savva\u013cas c\u016bkas un j\u0113ra ga\u013ca \u2013 bag\u0101ta ar B vitam\u012bniem, dzelzi, cinku un k\u0101liju<\/p>\n<\/li>\n<li data-start=\"1761\" data-end=\"1848\">\n<p data-start=\"1763\" data-end=\"1848\">Br\u016bnie r\u012bsi \u2013 pilngraudu r\u012bsi, kas veicina gremo\u0161anu un nodro\u0161ina ilgsto\u0161u ener\u0123iju<\/p>\n<\/li>\n<li data-start=\"1849\" data-end=\"1930\">\n<p data-start=\"1851\" data-end=\"1930\">Zir\u0146i \u2013 atbalsta sirds darb\u012bbu, samazina asinsspiedienu un holester\u012bna l\u012bmeni<\/p>\n<\/li>\n<li data-start=\"1931\" data-end=\"2015\">\n<p data-start=\"1933\" data-end=\"2015\">J\u0101\u0146ogas \u2013 nomierina gremo\u0161anas sist\u0113mu, zema kalorit\u0101te, bag\u0101ta ar miner\u0101lviel\u0101m<\/p>\n<\/li>\n<li data-start=\"2016\" data-end=\"2089\">\n<p data-start=\"2018\" data-end=\"2089\">Bietes \u2013 \u0161\u0137iedrvielu un miner\u0101lvielu avots, atbalsta zarnu mikrofloru<\/p>\n<\/li>\n<li data-start=\"2090\" data-end=\"2162\">\n<p data-start=\"2092\" data-end=\"2162\">Ol\u012bve\u013c\u013cas ekstrakts \u2013 antioksidants, atbalsta sirdi un nervu sist\u0113mu<\/p>\n<\/li>\n<li data-start=\"2163\" data-end=\"2229\">\n<p data-start=\"2165\" data-end=\"2229\">Alusraugs \u2013 dab\u012bgi B vitam\u012bni, veicina \u0101das un ka\u017eoka vesel\u012bbu<\/p>\n<\/li>\n<li data-start=\"2230\" data-end=\"2279\">\n<p data-start=\"2232\" data-end=\"2279\">Chia s\u0113klas \u2013 Omega\u20113, kalcijs, antioksidanti<\/p>\n<\/li>\n<li data-start=\"2280\" data-end=\"2338\">\n<p data-start=\"2282\" data-end=\"2338\">Zivju e\u013c\u013ca \u2013 DHA un EPA: ac\u012bm, \u0101dai, loc\u012btav\u0101m, sirdij<\/p>\n<\/li>\n<li data-start=\"2339\" data-end=\"2415\">\n<p data-start=\"2341\" data-end=\"2415\">J\u016bras a\u013c\u0123es (Ascophyllum nodosum) \u2013 imunit\u0101te, antioksidantu aizsardz\u012bba<\/p>\n<\/li>\n<li data-start=\"2416\" data-end=\"2480\">\n<p data-start=\"2418\" data-end=\"2480\">Yucca \u2013 att\u012bro\u0161s, pretiekaisuma iedarb\u012bba, veicina gremo\u0161anu<\/p>\n<\/li>\n<li data-start=\"2481\" data-end=\"2526\">\n<p data-start=\"2483\" data-end=\"2526\">Taur\u012bns \u2013 sirds, acis, \u0161\u0137idruma l\u012bdzsvars<\/p>\n<\/li>\n<li data-start=\"2527\" data-end=\"2569\">\n<p data-start=\"2529\" data-end=\"2569\">Glikozam\u012bns un hondroit\u012bns \u2013 loc\u012btav\u0101m<\/p>\n<\/li>\n<\/ul>\n<p data-start=\"2571\" data-end=\"2896\"><strong data-start=\"2571\" data-end=\"2583\">Sast\u0101vs:<\/strong> Ibe\u0113rijas c\u016bkas un j\u0113ra ga\u013ca (36%), br\u016bnie r\u012bsi (30%), zir\u0146i (10%), putnu tauki, j\u0101\u0146ogas milti, ol\u012bve\u013c\u013cas ekstrakts, bietes, raugs (MOS, \u03b2-glik\u0101ni), zivju e\u013c\u013ca, inul\u012bns (FOS avots), chia s\u0113klas, j\u016bras a\u013c\u0123es, hidroliz\u0113tas gliemju un v\u0113\u017eveid\u012bgo ekstrakti (glikozam\u012bns), skrim\u0161\u013ca koncentr\u0101ts (hondroit\u012bns), Yucca.<\/p>\n<p data-start=\"2898\" data-end=\"3061\"><strong data-start=\"2898\" data-end=\"2926\">Anal\u012btisk\u0101s sast\u0101vda\u013cas:<\/strong> Olbaltumvielas 29%, tauki 10%, \u0161\u0137iedras 5,2%, pelni 7,6%, kalcijs 1,7%, fosfors 0,95%, glikozam\u012bns 300 mg\/kg, hondroit\u012bns 200 mg\/kg.<\/p>\n<p data-start=\"3063\" data-end=\"3259\"><strong data-start=\"3063\" data-end=\"3086\">Papildin\u0101jumi \/ kg:<\/strong> Vitam\u012bns A 15 000 IU, D3 1 800 IU, E 200 mg, C 100 mg, L-karnit\u012bns 40 mg, taur\u012bns 500 mg, dzelzs 75 mg, var\u0161 10 mg, mang\u0101ns 25 mg, cinks 110 mg, jods 2 mg, sel\u0113ns 0,1 mg.<\/p>\n<p data-start=\"3261\" data-end=\"3305\"><strong data-start=\"3261\" data-end=\"3289\">Metaboliz\u0113jam\u0101 ener\u0123ija:<\/strong> 3 363 kcal\/kg<\/p>\n","protected":false},"featured_media":48588,"template":"","meta":[],"product_brand":[],"product_cat":[573,575],"product_tag":[],"class_list":{"0":"post-48587","1":"product","2":"type-product","3":"status-publish","4":"has-post-thumbnail","6":"product_cat-kaup24-lv","7":"product_cat-sausa-bariba-suniem","9":"first","10":"instock","11":"sale","12":"taxable","13":"shipping-taxable","14":"purchasable","15":"product-type-simple"},"yoast_head":"<!-- This site is optimized with the Yoast SEO plugin v27.4 - https:\/\/yoast.com\/product\/yoast-seo-wordpress\/ -->\n<title>Ibero Natural Senior\/Light M\/L \u2013 Ibe\u0113rijas c\u016bkas un j\u0113ra ga\u013ca, 12 kg - MiuMjau<\/title>\n<meta name=\"robots\" content=\"index, follow, max-snippet:-1, max-image-preview:large, max-video-preview:-1\" \/>\n<link rel=\"canonical\" href=\"https:\/\/miumjau.ee\/lv\/produkts\/ibero-natural-senior-light-m-l-ibeerijas-cukas-un-jera-gala-12-kg\/\" \/>\n<meta property=\"og:locale\" content=\"lv_LV\" \/>\n<meta property=\"og:type\" content=\"article\" \/>\n<meta property=\"og:title\" content=\"Ibero Natural Senior\/Light M\/L \u2013 Ibe\u0113rijas c\u016bkas un j\u0113ra ga\u013ca, 12 kg - MiuMjau\" \/>\n<meta property=\"og:description\" content=\"Suns, t\u0101pat k\u0101 vi\u0146a sen\u010di vilki, vajag daudzveid\u012bgu uzturu, kas nodro\u0161ina visas nepiecie\u0161am\u0101s bar\u012bbas vielas un pal\u012bdz saglab\u0101t lielisku formu. Ibero NATURAL \u0113diena iedvesmu devu\u0161i Ibe\u0113rijas vilki, kuri sav\u0101 dzimten\u0113 p\u0101rsvar\u0101 med\u012b da\u013c\u0113ji savva\u013cas melnos c\u016bkus, k\u0101 ar\u012b aitas, brie\u017eus un citus z\u012bd\u012bt\u0101jus. \u0160o dabisko ciklu iev\u0113ro ar\u012b m\u016bsdienu su\u0146u baro\u0161anas tendences, kur\u0101s Ibero NATURAL superpremium klases granulu ra\u017eo\u0161anai tiek izmantotas tikai kvalitat\u012bvas, re\u0123ion\u0101lu Sp\u0101nijas saimniec\u012bbu dab\u012bg\u0101s sast\u0101vda\u013cas. Galven\u0101s sast\u0101vda\u013cas ir Ibe\u0113rijas c\u016bkas un j\u0113ra ga\u013ca. Ibero NATURAL \u2013 Superpremium pilnv\u0113rt\u012bga bar\u012bba vid\u0113ja un liela izm\u0113ra veciem vai liek\u0101 svara su\u0146iemIbero Natural s\u0113rijas granulas satur zemu graudaugu daudzumu. No graudaugiem tiek izmantots tikai br\u016bnais r\u012bss. Pilngraudu r\u012bss netiek apstr\u0101d\u0101ts, t\u0101d\u0113j\u0101di saglab\u0101jot liel\u0101ku \u0161\u0137iedrvielu, olbaltumvielu, fosfora, mang\u0101na, dzelzs un magnija daudzumu, kas ir svar\u012bgi gremo\u0161anai. Bar\u012bba ir hipoaler\u0123iska, tas noz\u012bm\u0113, ka t\u0101 nesatur potenci\u0101li alerg\u0113nas sast\u0101vda\u013cas, piem\u0113ram, soju, kvie\u0161us, kukur\u016bzu, liellopu vai vistas ga\u013cu, blakusproduktus, cukuru, m\u0101ksl\u012bgus konservantus, aromatiz\u0113t\u0101jus, gar\u0161as vai kr\u0101svielas, k\u0101 ar\u012b \u0122MO (\u0123en\u0113tiski modific\u0113tas) sast\u0101vda\u013cas. \u2705 100% dab\u012bgs sast\u0101vs \u2013 bez m\u0101ksl\u012bgiem konservantiem, kr\u0101sviel\u0101m, aromatiz\u0113t\u0101jiem un \u0122MO\u2705 Augsts ga\u013cas saturs \u2013 36% Ibe\u0113rijas c\u016bkas un j\u0113ra ga\u013cas\u2705 Tikai kvalitat\u012bvas Sp\u0101nijas re\u0123ion\u0101lu saimniec\u012bbu sast\u0101vda\u013cas\u2705 Piem\u0113rots vec\u0101kiem su\u0146iem un su\u0146iem, kuriem nepiecie\u0161ams svara kontrole Galven\u0101s funkcion\u0101l\u0101s sast\u0101vda\u013cas un to labv\u0113l\u012bg\u0101 ietekme:     Ibe\u0113rijas da\u013c\u0113ji savva\u013cas c\u016bkas un j\u0113ra ga\u013ca \u2013 bag\u0101ta ar B vitam\u012bniem, dzelzi, cinku un k\u0101liju    Br\u016bnie r\u012bsi \u2013 pilngraudu r\u012bsi, kas veicina gremo\u0161anu un nodro\u0161ina ilgsto\u0161u ener\u0123iju    Zir\u0146i \u2013 atbalsta sirds darb\u012bbu, samazina asinsspiedienu un holester\u012bna l\u012bmeni    J\u0101\u0146ogas \u2013 nomierina gremo\u0161anas sist\u0113mu, zema kalorit\u0101te, bag\u0101ta ar miner\u0101lviel\u0101m    Bietes \u2013 \u0161\u0137iedrvielu un miner\u0101lvielu avots, atbalsta zarnu mikrofloru    Ol\u012bve\u013c\u013cas ekstrakts \u2013 antioksidants, atbalsta sirdi un nervu sist\u0113mu    Alusraugs \u2013 dab\u012bgi B vitam\u012bni, veicina \u0101das un ka\u017eoka vesel\u012bbu    Chia s\u0113klas \u2013 Omega\u20113, kalcijs, antioksidanti    Zivju e\u013c\u013ca \u2013 DHA un EPA: ac\u012bm, \u0101dai, loc\u012btav\u0101m, sirdij    J\u016bras a\u013c\u0123es (Ascophyllum nodosum) \u2013 imunit\u0101te, antioksidantu aizsardz\u012bba    Yucca \u2013 att\u012bro\u0161s, pretiekaisuma iedarb\u012bba, veicina gremo\u0161anu    Taur\u012bns \u2013 sirds, acis, \u0161\u0137idruma l\u012bdzsvars    Glikozam\u012bns un hondroit\u012bns \u2013 loc\u012btav\u0101m   Sast\u0101vs: Ibe\u0113rijas c\u016bkas un j\u0113ra ga\u013ca (36%), br\u016bnie r\u012bsi (30%), zir\u0146i (10%), putnu tauki, j\u0101\u0146ogas milti, ol\u012bve\u013c\u013cas ekstrakts, bietes, raugs (MOS, \u03b2-glik\u0101ni), zivju e\u013c\u013ca, inul\u012bns (FOS avots), chia s\u0113klas, j\u016bras a\u013c\u0123es, hidroliz\u0113tas gliemju un v\u0113\u017eveid\u012bgo ekstrakti (glikozam\u012bns), skrim\u0161\u013ca koncentr\u0101ts (hondroit\u012bns), Yucca. Anal\u012btisk\u0101s sast\u0101vda\u013cas: Olbaltumvielas 29%, tauki 10%, \u0161\u0137iedras 5,2%, pelni 7,6%, kalcijs 1,7%, fosfors 0,95%, glikozam\u012bns 300 mg\/kg, hondroit\u012bns 200 mg\/kg. Papildin\u0101jumi \/ kg: Vitam\u012bns A 15 000 IU, D3 1 800 IU, E 200 mg, C 100 mg, L-karnit\u012bns 40 mg, taur\u012bns 500 mg, dzelzs 75 mg, var\u0161 10 mg, mang\u0101ns 25 mg, cinks 110 mg, jods 2 mg, sel\u0113ns 0,1 mg. Metaboliz\u0113jam\u0101 ener\u0123ija: 3 363 kcal\/kg\" \/>\n<meta property=\"og:url\" content=\"https:\/\/miumjau.ee\/lv\/produkts\/ibero-natural-senior-light-m-l-ibeerijas-cukas-un-jera-gala-12-kg\/\" \/>\n<meta property=\"og:site_name\" content=\"MiuMjau\" \/>\n<meta property=\"article:publisher\" content=\"https:\/\/www.facebook.com\/miumjaupood\/\" \/>\n<meta property=\"article:modified_time\" content=\"2026-01-07T19:18:10+00:00\" \/>\n<meta property=\"og:image\" content=\"https:\/\/miumjau.ee\/wp-content\/uploads\/2025\/07\/ibero-senior-light-12kg-iberian-pork-lamb.jpg\" \/>\n\t<meta property=\"og:image:width\" content=\"600\" \/>\n\t<meta property=\"og:image:height\" content=\"800\" \/>\n\t<meta property=\"og:image:type\" content=\"image\/jpeg\" \/>\n<meta name=\"twitter:card\" content=\"summary_large_image\" \/>\n<script type=\"application\/ld+json\" class=\"yoast-schema-graph\">{\"@context\":\"https:\\\/\\\/schema.org\",\"@graph\":[{\"@type\":\"WebPage\",\"@id\":\"https:\\\/\\\/miumjau.ee\\\/lv\\\/produkts\\\/ibero-natural-senior-light-m-l-ibeerijas-cukas-un-jera-gala-12-kg\\\/\",\"url\":\"https:\\\/\\\/miumjau.ee\\\/lv\\\/produkts\\\/ibero-natural-senior-light-m-l-ibeerijas-cukas-un-jera-gala-12-kg\\\/\",\"name\":\"Ibero Natural Senior\\\/Light M\\\/L \u2013 Ibe\u0113rijas c\u016bkas un j\u0113ra ga\u013ca, 12 kg - MiuMjau\",\"isPartOf\":{\"@id\":\"https:\\\/\\\/miumjau.ee\\\/#website\"},\"primaryImageOfPage\":{\"@id\":\"https:\\\/\\\/miumjau.ee\\\/lv\\\/produkts\\\/ibero-natural-senior-light-m-l-ibeerijas-cukas-un-jera-gala-12-kg\\\/#primaryimage\"},\"image\":{\"@id\":\"https:\\\/\\\/miumjau.ee\\\/lv\\\/produkts\\\/ibero-natural-senior-light-m-l-ibeerijas-cukas-un-jera-gala-12-kg\\\/#primaryimage\"},\"thumbnailUrl\":\"https:\\\/\\\/miumjau.ee\\\/wp-content\\\/uploads\\\/2025\\\/07\\\/ibero-senior-light-12kg-iberian-pork-lamb.jpg\",\"datePublished\":\"2025-07-23T08:07:33+00:00\",\"dateModified\":\"2026-01-07T19:18:10+00:00\",\"breadcrumb\":{\"@id\":\"https:\\\/\\\/miumjau.ee\\\/lv\\\/produkts\\\/ibero-natural-senior-light-m-l-ibeerijas-cukas-un-jera-gala-12-kg\\\/#breadcrumb\"},\"inLanguage\":\"lv-LV\",\"potentialAction\":[{\"@type\":\"ReadAction\",\"target\":[\"https:\\\/\\\/miumjau.ee\\\/lv\\\/produkts\\\/ibero-natural-senior-light-m-l-ibeerijas-cukas-un-jera-gala-12-kg\\\/\"]}]},{\"@type\":\"ImageObject\",\"inLanguage\":\"lv-LV\",\"@id\":\"https:\\\/\\\/miumjau.ee\\\/lv\\\/produkts\\\/ibero-natural-senior-light-m-l-ibeerijas-cukas-un-jera-gala-12-kg\\\/#primaryimage\",\"url\":\"https:\\\/\\\/miumjau.ee\\\/wp-content\\\/uploads\\\/2025\\\/07\\\/ibero-senior-light-12kg-iberian-pork-lamb.jpg\",\"contentUrl\":\"https:\\\/\\\/miumjau.ee\\\/wp-content\\\/uploads\\\/2025\\\/07\\\/ibero-senior-light-12kg-iberian-pork-lamb.jpg\",\"width\":600,\"height\":800},{\"@type\":\"BreadcrumbList\",\"@id\":\"https:\\\/\\\/miumjau.ee\\\/lv\\\/produkts\\\/ibero-natural-senior-light-m-l-ibeerijas-cukas-un-jera-gala-12-kg\\\/#breadcrumb\",\"itemListElement\":[{\"@type\":\"ListItem\",\"position\":1,\"name\":\"Home\",\"item\":\"https:\\\/\\\/miumjau.ee\\\/lv\\\/\"},{\"@type\":\"ListItem\",\"position\":2,\"name\":\"Veikals\",\"item\":\"https:\\\/\\\/miumjau.ee\\\/lv\\\/veikals\\\/\"},{\"@type\":\"ListItem\",\"position\":3,\"name\":\"Ibero Natural Senior\\\/Light M\\\/L \u2013 Ibe\u0113rijas c\u016bkas un j\u0113ra ga\u013ca, 12 kg\"}]},{\"@type\":\"WebSite\",\"@id\":\"https:\\\/\\\/miumjau.ee\\\/#website\",\"url\":\"https:\\\/\\\/miumjau.ee\\\/\",\"name\":\"MiuMjau\",\"description\":\"Kraapimispuud kassidele\",\"publisher\":{\"@id\":\"https:\\\/\\\/miumjau.ee\\\/#organization\"},\"potentialAction\":[{\"@type\":\"SearchAction\",\"target\":{\"@type\":\"EntryPoint\",\"urlTemplate\":\"https:\\\/\\\/miumjau.ee\\\/?s={search_term_string}\"},\"query-input\":{\"@type\":\"PropertyValueSpecification\",\"valueRequired\":true,\"valueName\":\"search_term_string\"}}],\"inLanguage\":\"lv-LV\"},{\"@type\":\"Organization\",\"@id\":\"https:\\\/\\\/miumjau.ee\\\/#organization\",\"name\":\"MiuMjau O\u00dc\",\"url\":\"https:\\\/\\\/miumjau.ee\\\/\",\"logo\":{\"@type\":\"ImageObject\",\"inLanguage\":\"lv-LV\",\"@id\":\"https:\\\/\\\/miumjau.ee\\\/#\\\/schema\\\/logo\\\/image\\\/\",\"url\":\"https:\\\/\\\/miumjau.ee\\\/wp-content\\\/uploads\\\/2022\\\/04\\\/MiuMjau-logo-kollane.png\",\"contentUrl\":\"https:\\\/\\\/miumjau.ee\\\/wp-content\\\/uploads\\\/2022\\\/04\\\/MiuMjau-logo-kollane.png\",\"width\":219,\"height\":100,\"caption\":\"MiuMjau O\u00dc\"},\"image\":{\"@id\":\"https:\\\/\\\/miumjau.ee\\\/#\\\/schema\\\/logo\\\/image\\\/\"},\"sameAs\":[\"https:\\\/\\\/www.facebook.com\\\/miumjaupood\\\/\"]}]}<\/script>\n<!-- \/ Yoast SEO plugin. -->","yoast_head_json":{"title":"Ibero Natural Senior\/Light M\/L \u2013 Ibe\u0113rijas c\u016bkas un j\u0113ra ga\u013ca, 12 kg - MiuMjau","robots":{"index":"index","follow":"follow","max-snippet":"max-snippet:-1","max-image-preview":"max-image-preview:large","max-video-preview":"max-video-preview:-1"},"canonical":"https:\/\/miumjau.ee\/lv\/produkts\/ibero-natural-senior-light-m-l-ibeerijas-cukas-un-jera-gala-12-kg\/","og_locale":"lv_LV","og_type":"article","og_title":"Ibero Natural Senior\/Light M\/L \u2013 Ibe\u0113rijas c\u016bkas un j\u0113ra ga\u013ca, 12 kg - MiuMjau","og_description":"Suns, t\u0101pat k\u0101 vi\u0146a sen\u010di vilki, vajag daudzveid\u012bgu uzturu, kas nodro\u0161ina visas nepiecie\u0161am\u0101s bar\u012bbas vielas un pal\u012bdz saglab\u0101t lielisku formu. Ibero NATURAL \u0113diena iedvesmu devu\u0161i Ibe\u0113rijas vilki, kuri sav\u0101 dzimten\u0113 p\u0101rsvar\u0101 med\u012b da\u013c\u0113ji savva\u013cas melnos c\u016bkus, k\u0101 ar\u012b aitas, brie\u017eus un citus z\u012bd\u012bt\u0101jus. \u0160o dabisko ciklu iev\u0113ro ar\u012b m\u016bsdienu su\u0146u baro\u0161anas tendences, kur\u0101s Ibero NATURAL superpremium klases granulu ra\u017eo\u0161anai tiek izmantotas tikai kvalitat\u012bvas, re\u0123ion\u0101lu Sp\u0101nijas saimniec\u012bbu dab\u012bg\u0101s sast\u0101vda\u013cas. Galven\u0101s sast\u0101vda\u013cas ir Ibe\u0113rijas c\u016bkas un j\u0113ra ga\u013ca. Ibero NATURAL \u2013 Superpremium pilnv\u0113rt\u012bga bar\u012bba vid\u0113ja un liela izm\u0113ra veciem vai liek\u0101 svara su\u0146iemIbero Natural s\u0113rijas granulas satur zemu graudaugu daudzumu. No graudaugiem tiek izmantots tikai br\u016bnais r\u012bss. Pilngraudu r\u012bss netiek apstr\u0101d\u0101ts, t\u0101d\u0113j\u0101di saglab\u0101jot liel\u0101ku \u0161\u0137iedrvielu, olbaltumvielu, fosfora, mang\u0101na, dzelzs un magnija daudzumu, kas ir svar\u012bgi gremo\u0161anai. Bar\u012bba ir hipoaler\u0123iska, tas noz\u012bm\u0113, ka t\u0101 nesatur potenci\u0101li alerg\u0113nas sast\u0101vda\u013cas, piem\u0113ram, soju, kvie\u0161us, kukur\u016bzu, liellopu vai vistas ga\u013cu, blakusproduktus, cukuru, m\u0101ksl\u012bgus konservantus, aromatiz\u0113t\u0101jus, gar\u0161as vai kr\u0101svielas, k\u0101 ar\u012b \u0122MO (\u0123en\u0113tiski modific\u0113tas) sast\u0101vda\u013cas. \u2705 100% dab\u012bgs sast\u0101vs \u2013 bez m\u0101ksl\u012bgiem konservantiem, kr\u0101sviel\u0101m, aromatiz\u0113t\u0101jiem un \u0122MO\u2705 Augsts ga\u013cas saturs \u2013 36% Ibe\u0113rijas c\u016bkas un j\u0113ra ga\u013cas\u2705 Tikai kvalitat\u012bvas Sp\u0101nijas re\u0123ion\u0101lu saimniec\u012bbu sast\u0101vda\u013cas\u2705 Piem\u0113rots vec\u0101kiem su\u0146iem un su\u0146iem, kuriem nepiecie\u0161ams svara kontrole Galven\u0101s funkcion\u0101l\u0101s sast\u0101vda\u013cas un to labv\u0113l\u012bg\u0101 ietekme:     Ibe\u0113rijas da\u013c\u0113ji savva\u013cas c\u016bkas un j\u0113ra ga\u013ca \u2013 bag\u0101ta ar B vitam\u012bniem, dzelzi, cinku un k\u0101liju    Br\u016bnie r\u012bsi \u2013 pilngraudu r\u012bsi, kas veicina gremo\u0161anu un nodro\u0161ina ilgsto\u0161u ener\u0123iju    Zir\u0146i \u2013 atbalsta sirds darb\u012bbu, samazina asinsspiedienu un holester\u012bna l\u012bmeni    J\u0101\u0146ogas \u2013 nomierina gremo\u0161anas sist\u0113mu, zema kalorit\u0101te, bag\u0101ta ar miner\u0101lviel\u0101m    Bietes \u2013 \u0161\u0137iedrvielu un miner\u0101lvielu avots, atbalsta zarnu mikrofloru    Ol\u012bve\u013c\u013cas ekstrakts \u2013 antioksidants, atbalsta sirdi un nervu sist\u0113mu    Alusraugs \u2013 dab\u012bgi B vitam\u012bni, veicina \u0101das un ka\u017eoka vesel\u012bbu    Chia s\u0113klas \u2013 Omega\u20113, kalcijs, antioksidanti    Zivju e\u013c\u013ca \u2013 DHA un EPA: ac\u012bm, \u0101dai, loc\u012btav\u0101m, sirdij    J\u016bras a\u013c\u0123es (Ascophyllum nodosum) \u2013 imunit\u0101te, antioksidantu aizsardz\u012bba    Yucca \u2013 att\u012bro\u0161s, pretiekaisuma iedarb\u012bba, veicina gremo\u0161anu    Taur\u012bns \u2013 sirds, acis, \u0161\u0137idruma l\u012bdzsvars    Glikozam\u012bns un hondroit\u012bns \u2013 loc\u012btav\u0101m   Sast\u0101vs: Ibe\u0113rijas c\u016bkas un j\u0113ra ga\u013ca (36%), br\u016bnie r\u012bsi (30%), zir\u0146i (10%), putnu tauki, j\u0101\u0146ogas milti, ol\u012bve\u013c\u013cas ekstrakts, bietes, raugs (MOS, \u03b2-glik\u0101ni), zivju e\u013c\u013ca, inul\u012bns (FOS avots), chia s\u0113klas, j\u016bras a\u013c\u0123es, hidroliz\u0113tas gliemju un v\u0113\u017eveid\u012bgo ekstrakti (glikozam\u012bns), skrim\u0161\u013ca koncentr\u0101ts (hondroit\u012bns), Yucca. Anal\u012btisk\u0101s sast\u0101vda\u013cas: Olbaltumvielas 29%, tauki 10%, \u0161\u0137iedras 5,2%, pelni 7,6%, kalcijs 1,7%, fosfors 0,95%, glikozam\u012bns 300 mg\/kg, hondroit\u012bns 200 mg\/kg. Papildin\u0101jumi \/ kg: Vitam\u012bns A 15 000 IU, D3 1 800 IU, E 200 mg, C 100 mg, L-karnit\u012bns 40 mg, taur\u012bns 500 mg, dzelzs 75 mg, var\u0161 10 mg, mang\u0101ns 25 mg, cinks 110 mg, jods 2 mg, sel\u0113ns 0,1 mg. Metaboliz\u0113jam\u0101 ener\u0123ija: 3 363 kcal\/kg","og_url":"https:\/\/miumjau.ee\/lv\/produkts\/ibero-natural-senior-light-m-l-ibeerijas-cukas-un-jera-gala-12-kg\/","og_site_name":"MiuMjau","article_publisher":"https:\/\/www.facebook.com\/miumjaupood\/","article_modified_time":"2026-01-07T19:18:10+00:00","og_image":[{"width":600,"height":800,"url":"https:\/\/miumjau.ee\/wp-content\/uploads\/2025\/07\/ibero-senior-light-12kg-iberian-pork-lamb.jpg","type":"image\/jpeg"}],"twitter_card":"summary_large_image","schema":{"@context":"https:\/\/schema.org","@graph":[{"@type":"WebPage","@id":"https:\/\/miumjau.ee\/lv\/produkts\/ibero-natural-senior-light-m-l-ibeerijas-cukas-un-jera-gala-12-kg\/","url":"https:\/\/miumjau.ee\/lv\/produkts\/ibero-natural-senior-light-m-l-ibeerijas-cukas-un-jera-gala-12-kg\/","name":"Ibero Natural Senior\/Light M\/L \u2013 Ibe\u0113rijas c\u016bkas un j\u0113ra ga\u013ca, 12 kg - MiuMjau","isPartOf":{"@id":"https:\/\/miumjau.ee\/#website"},"primaryImageOfPage":{"@id":"https:\/\/miumjau.ee\/lv\/produkts\/ibero-natural-senior-light-m-l-ibeerijas-cukas-un-jera-gala-12-kg\/#primaryimage"},"image":{"@id":"https:\/\/miumjau.ee\/lv\/produkts\/ibero-natural-senior-light-m-l-ibeerijas-cukas-un-jera-gala-12-kg\/#primaryimage"},"thumbnailUrl":"https:\/\/miumjau.ee\/wp-content\/uploads\/2025\/07\/ibero-senior-light-12kg-iberian-pork-lamb.jpg","datePublished":"2025-07-23T08:07:33+00:00","dateModified":"2026-01-07T19:18:10+00:00","breadcrumb":{"@id":"https:\/\/miumjau.ee\/lv\/produkts\/ibero-natural-senior-light-m-l-ibeerijas-cukas-un-jera-gala-12-kg\/#breadcrumb"},"inLanguage":"lv-LV","potentialAction":[{"@type":"ReadAction","target":["https:\/\/miumjau.ee\/lv\/produkts\/ibero-natural-senior-light-m-l-ibeerijas-cukas-un-jera-gala-12-kg\/"]}]},{"@type":"ImageObject","inLanguage":"lv-LV","@id":"https:\/\/miumjau.ee\/lv\/produkts\/ibero-natural-senior-light-m-l-ibeerijas-cukas-un-jera-gala-12-kg\/#primaryimage","url":"https:\/\/miumjau.ee\/wp-content\/uploads\/2025\/07\/ibero-senior-light-12kg-iberian-pork-lamb.jpg","contentUrl":"https:\/\/miumjau.ee\/wp-content\/uploads\/2025\/07\/ibero-senior-light-12kg-iberian-pork-lamb.jpg","width":600,"height":800},{"@type":"BreadcrumbList","@id":"https:\/\/miumjau.ee\/lv\/produkts\/ibero-natural-senior-light-m-l-ibeerijas-cukas-un-jera-gala-12-kg\/#breadcrumb","itemListElement":[{"@type":"ListItem","position":1,"name":"Home","item":"https:\/\/miumjau.ee\/lv\/"},{"@type":"ListItem","position":2,"name":"Veikals","item":"https:\/\/miumjau.ee\/lv\/veikals\/"},{"@type":"ListItem","position":3,"name":"Ibero Natural Senior\/Light M\/L \u2013 Ibe\u0113rijas c\u016bkas un j\u0113ra ga\u013ca, 12 kg"}]},{"@type":"WebSite","@id":"https:\/\/miumjau.ee\/#website","url":"https:\/\/miumjau.ee\/","name":"MiuMjau","description":"Kraapimispuud kassidele","publisher":{"@id":"https:\/\/miumjau.ee\/#organization"},"potentialAction":[{"@type":"SearchAction","target":{"@type":"EntryPoint","urlTemplate":"https:\/\/miumjau.ee\/?s={search_term_string}"},"query-input":{"@type":"PropertyValueSpecification","valueRequired":true,"valueName":"search_term_string"}}],"inLanguage":"lv-LV"},{"@type":"Organization","@id":"https:\/\/miumjau.ee\/#organization","name":"MiuMjau O\u00dc","url":"https:\/\/miumjau.ee\/","logo":{"@type":"ImageObject","inLanguage":"lv-LV","@id":"https:\/\/miumjau.ee\/#\/schema\/logo\/image\/","url":"https:\/\/miumjau.ee\/wp-content\/uploads\/2022\/04\/MiuMjau-logo-kollane.png","contentUrl":"https:\/\/miumjau.ee\/wp-content\/uploads\/2022\/04\/MiuMjau-logo-kollane.png","width":219,"height":100,"caption":"MiuMjau O\u00dc"},"image":{"@id":"https:\/\/miumjau.ee\/#\/schema\/logo\/image\/"},"sameAs":["https:\/\/www.facebook.com\/miumjaupood\/"]}]}},"_links":{"self":[{"href":"https:\/\/miumjau.ee\/lv\/wp-json\/wp\/v2\/product\/48587","targetHints":{"allow":["GET"]}}],"collection":[{"href":"https:\/\/miumjau.ee\/lv\/wp-json\/wp\/v2\/product"}],"about":[{"href":"https:\/\/miumjau.ee\/lv\/wp-json\/wp\/v2\/types\/product"}],"wp:featuredmedia":[{"embeddable":true,"href":"https:\/\/miumjau.ee\/lv\/wp-json\/wp\/v2\/media\/48588"}],"wp:attachment":[{"href":"https:\/\/miumjau.ee\/lv\/wp-json\/wp\/v2\/media?parent=48587"}],"wp:term":[{"taxonomy":"product_brand","embeddable":true,"href":"https:\/\/miumjau.ee\/lv\/wp-json\/wp\/v2\/product_brand?post=48587"},{"taxonomy":"product_cat","embeddable":true,"href":"https:\/\/miumjau.ee\/lv\/wp-json\/wp\/v2\/product_cat?post=48587"},{"taxonomy":"product_tag","embeddable":true,"href":"https:\/\/miumjau.ee\/lv\/wp-json\/wp\/v2\/product_tag?post=48587"}],"curies":[{"name":"wp","href":"https:\/\/api.w.org\/{rel}","templated":true}]}}