{"id":48584,"date":"2025-07-23T11:07:05","date_gmt":"2025-07-23T08:07:05","guid":{"rendered":"https:\/\/miumjau.ee\/toode\/ibero-natural-maxi-adult-ar-iberijas-cukas-un-jera-galu-3-kg\/"},"modified":"2026-01-07T21:18:10","modified_gmt":"2026-01-07T19:18:10","slug":"ibero-natural-maxi-adult-ar-iberijas-cukas-un-jera-galu-3-kg","status":"publish","type":"product","link":"https:\/\/miumjau.ee\/lv\/produkts\/ibero-natural-maxi-adult-ar-iberijas-cukas-un-jera-galu-3-kg\/","title":{"rendered":"Ibero Natural Maxi Adult ar Ib\u0113rijas c\u016bkas un j\u0113ra ga\u013cu 3\u202fkg"},"content":{"rendered":"<p><br data-mce-bogus=\"1\"><\/p>\n","protected":false},"excerpt":{"rendered":"<p data-start=\"76\" data-end=\"643\">Suns, t\u0101pat k\u0101 vi\u0146a sen\u010di vilki, vajag daudzveid\u012bgu uzturu, kas nodro\u0161ina visas nepiecie\u0161am\u0101s bar\u012bbas vielas un pal\u012bdz saglab\u0101t lielisku formu. Ibero NATURAL \u0113diena iedvesmu devu\u0161i Ibe\u0113rijas vilki, kuri sav\u0101 dzimten\u0113 p\u0101rsvar\u0101 med\u012b da\u013c\u0113ji savva\u013cas melnos c\u016bkus, k\u0101 ar\u012b aitas, brie\u017eus un citus z\u012bd\u012bt\u0101jus. \u0160o dabisko ciklu iev\u0113ro ar\u012b m\u016bsdienu su\u0146u baro\u0161anas tendences, kur\u0101s Ibero NATURAL superpremium klases granulu ra\u017eo\u0161anai tiek izmantotas tikai kvalitat\u012bvas, re\u0123ion\u0101lu Sp\u0101nijas saimniec\u012bbu dab\u012bg\u0101s sast\u0101vda\u013cas. Galven\u0101s sast\u0101vda\u013cas ir Ibe\u0113rijas c\u016bkas un j\u0113ra ga\u013ca.<\/p>\n<p data-start=\"645\" data-end=\"1291\"><strong data-start=\"645\" data-end=\"723\">Ibero NATURAL Large Breed \u2013 Superpremium pilnv\u0113rt\u012bga bar\u012bba lieliem su\u0146iem<\/strong><br data-start=\"723\" data-end=\"726\" \/>Ibero Natural s\u0113rijas granulas satur zemu graudaugu daudzumu. No graudaugiem tiek izmantots tikai br\u016bnais r\u012bss. Pilngraudu r\u012bss netiek apstr\u0101d\u0101ts, t\u0101d\u0113j\u0101di saglab\u0101jot liel\u0101ku \u0161\u0137iedrvielu, olbaltumvielu, fosfora, mang\u0101na, dzelzs un magnija daudzumu, kas ir svar\u012bgi labai gremo\u0161anai. Bar\u012bba ir hipoaler\u0123iska, tas noz\u012bm\u0113, ka t\u0101 nesatur potenci\u0101li alerg\u0113nas sast\u0101vda\u013cas, piem\u0113ram, soju, kvie\u0161us, kukur\u016bzu, liellopu vai vistas ga\u013cu, blakusproduktus, cukuru, m\u0101ksl\u012bgus konservantus, aromatiz\u0113t\u0101jus, gar\u0161as vai kr\u0101svielas, k\u0101 ar\u012b \u0122MO (\u0123en\u0113tiski modific\u0113tas) sast\u0101vda\u013cas.<\/p>\n<p data-start=\"1293\" data-end=\"1710\">\u2705 Liels ga\u013cas daudzums \u2013 katr\u0101 12 kg mais\u0101 ir vair\u0101k nek\u0101 18 kg svaigas Ibe\u0113rijas c\u016bkas un j\u0113ra ga\u013cas<br data-start=\"1394\" data-end=\"1397\" \/>\u2705 Hipoaler\u0123iska \u2013 nesatur parastos alerg\u0113nus: liellopu ga\u013cu, vistas ga\u013cu, kvie\u0161us, kukur\u016bzu, olas, soju<br data-start=\"1500\" data-end=\"1503\" \/>\u2705 Bez glut\u0113na \u2013 tikai pilngraudu br\u016bnais r\u012bss<br data-start=\"1548\" data-end=\"1551\" \/>\u2705 100% dab\u012bga \u2013 nesatur konservantus, kr\u0101svielas vai \u0122MO<br data-start=\"1607\" data-end=\"1610\" \/>\u2705 Funkcion\u0101li papildin\u0101jumi \u2013 glikozam\u012bns, hondroit\u012bns, zivju e\u013c\u013ca, raugs, j\u016bras a\u013c\u0123es, Yucca u.c.<\/p>\n<p data-start=\"1712\" data-end=\"1752\"><strong data-start=\"1712\" data-end=\"1750\">Galven\u0101s sast\u0101vda\u013cu priek\u0161roc\u012bbas:<\/strong><\/p>\n<ul data-start=\"1753\" data-end=\"2237\">\n<li data-start=\"1753\" data-end=\"1827\">\n<p data-start=\"1755\" data-end=\"1827\">Ibe\u0113rijas c\u016bkas un j\u0113ra ga\u013ca \u2013 augsts olbaltumvielu un vitam\u012bnu saturs<\/p>\n<\/li>\n<li data-start=\"1828\" data-end=\"1888\">\n<p data-start=\"1830\" data-end=\"1888\">Br\u016bnie r\u012bsi \u2013 viegli sagremojami, bag\u0101ti ar \u0161\u0137iedrviel\u0101m<\/p>\n<\/li>\n<li data-start=\"1889\" data-end=\"1955\">\n<p data-start=\"1891\" data-end=\"1955\">Zir\u0146i un j\u0101\u0146oga \u2013 veicina gremo\u0161anu un atbalsta sirds vesel\u012bbu<\/p>\n<\/li>\n<li data-start=\"1956\" data-end=\"2009\">\n<p data-start=\"1958\" data-end=\"2009\">Alusraugs un ol\u012bve\u013c\u013ca \u2013 B vitam\u012bni, antioksidanti<\/p>\n<\/li>\n<li data-start=\"2010\" data-end=\"2095\">\n<p data-start=\"2012\" data-end=\"2095\">Zivju e\u013c\u013ca un chia s\u0113klas \u2013 Omega\u20113 tauksk\u0101bes \u0101das, ka\u017eoka un loc\u012btavu vesel\u012bbai<\/p>\n<\/li>\n<li data-start=\"2096\" data-end=\"2138\">\n<p data-start=\"2098\" data-end=\"2138\">Glikozam\u012bns un hondroit\u012bns \u2013 loc\u012btav\u0101m<\/p>\n<\/li>\n<li data-start=\"2139\" data-end=\"2208\">\n<p data-start=\"2141\" data-end=\"2208\">Yucca un j\u016bras a\u013c\u0123es \u2013 gremo\u0161ana, pretiekaisuma efekts, imunit\u0101te<\/p>\n<\/li>\n<li data-start=\"2209\" data-end=\"2237\">\n<p data-start=\"2211\" data-end=\"2237\">Taur\u012bns \u2013 sirds un redze<\/p>\n<\/li>\n<\/ul>\n<p data-start=\"2239\" data-end=\"2527\"><strong data-start=\"2239\" data-end=\"2251\">Sast\u0101vs:<\/strong> Ibe\u0113rijas c\u016bkas un j\u0113ra ga\u013ca (38%), br\u016bnie r\u012bsi (28%), putnu tauki (10%), zir\u0146i (8%), j\u0101\u0146ogas milti, bietes, ol\u012bve\u013c\u013ca, raugs un rauga ekstrakti (MOS, \u03b2-glik\u0101ni), hidroliz\u0113ta c\u016bkas olbaltumviela, zivju e\u013c\u013ca, inul\u012bns (FOS), chia, j\u016bras a\u013c\u0123es, glikozam\u012bns, hondroit\u012bns, Yucca.<\/p>\n<p data-start=\"2529\" data-end=\"2702\"><strong data-start=\"2529\" data-end=\"2557\">Anal\u012btisk\u0101s sast\u0101vda\u013cas:<\/strong> Olbaltumvielas 27%, tauki 15%, \u0161\u0137iedras 2,5%, pelni 7,6%, kalcijs 1,75%, fosfors 1%, mitrums 9%, glikozam\u012bns 320 mg\/kg, hondroit\u012bns 200 mg\/kg.<\/p>\n<p data-start=\"2704\" data-end=\"2900\"><strong data-start=\"2704\" data-end=\"2727\">Papildin\u0101jumi \/ kg:<\/strong> Vitam\u012bns A 15 000 IU, D3 1 800 IU, E 200 mg, C 100 mg, L-karnit\u012bns 40 mg, taur\u012bns 500 mg, dzelzs 74 mg, var\u0161 10 mg, mang\u0101ns 25 mg, cinks 110 mg, jods 2 mg, sel\u0113ns 0,1 mg.<\/p>\n<p data-start=\"2902\" data-end=\"2946\"><strong data-start=\"2902\" data-end=\"2930\">Metaboliz\u0113jam\u0101 ener\u0123ija:<\/strong> 3 750 kcal\/kg<\/p>\n","protected":false},"featured_media":48585,"template":"","meta":[],"product_brand":[],"product_cat":[573,575],"product_tag":[],"class_list":{"0":"post-48584","1":"product","2":"type-product","3":"status-publish","4":"has-post-thumbnail","6":"product_cat-kaup24-lv","7":"product_cat-sausa-bariba-suniem","9":"first","10":"instock","11":"sale","12":"taxable","13":"shipping-taxable","14":"purchasable","15":"product-type-simple"},"yoast_head":"<!-- This site is optimized with the Yoast SEO plugin v27.4 - https:\/\/yoast.com\/product\/yoast-seo-wordpress\/ -->\n<title>Ibero Natural Maxi Adult ar Ib\u0113rijas c\u016bkas un j\u0113ra ga\u013cu 3\u202fkg - MiuMjau<\/title>\n<meta name=\"robots\" content=\"index, follow, max-snippet:-1, max-image-preview:large, max-video-preview:-1\" \/>\n<link rel=\"canonical\" href=\"https:\/\/miumjau.ee\/lv\/produkts\/ibero-natural-maxi-adult-ar-iberijas-cukas-un-jera-galu-3-kg\/\" \/>\n<meta property=\"og:locale\" content=\"lv_LV\" \/>\n<meta property=\"og:type\" content=\"article\" \/>\n<meta property=\"og:title\" content=\"Ibero Natural Maxi Adult ar Ib\u0113rijas c\u016bkas un j\u0113ra ga\u013cu 3\u202fkg - MiuMjau\" \/>\n<meta property=\"og:description\" content=\"Suns, t\u0101pat k\u0101 vi\u0146a sen\u010di vilki, vajag daudzveid\u012bgu uzturu, kas nodro\u0161ina visas nepiecie\u0161am\u0101s bar\u012bbas vielas un pal\u012bdz saglab\u0101t lielisku formu. Ibero NATURAL \u0113diena iedvesmu devu\u0161i Ibe\u0113rijas vilki, kuri sav\u0101 dzimten\u0113 p\u0101rsvar\u0101 med\u012b da\u013c\u0113ji savva\u013cas melnos c\u016bkus, k\u0101 ar\u012b aitas, brie\u017eus un citus z\u012bd\u012bt\u0101jus. \u0160o dabisko ciklu iev\u0113ro ar\u012b m\u016bsdienu su\u0146u baro\u0161anas tendences, kur\u0101s Ibero NATURAL superpremium klases granulu ra\u017eo\u0161anai tiek izmantotas tikai kvalitat\u012bvas, re\u0123ion\u0101lu Sp\u0101nijas saimniec\u012bbu dab\u012bg\u0101s sast\u0101vda\u013cas. Galven\u0101s sast\u0101vda\u013cas ir Ibe\u0113rijas c\u016bkas un j\u0113ra ga\u013ca. Ibero NATURAL Large Breed \u2013 Superpremium pilnv\u0113rt\u012bga bar\u012bba lieliem su\u0146iemIbero Natural s\u0113rijas granulas satur zemu graudaugu daudzumu. No graudaugiem tiek izmantots tikai br\u016bnais r\u012bss. Pilngraudu r\u012bss netiek apstr\u0101d\u0101ts, t\u0101d\u0113j\u0101di saglab\u0101jot liel\u0101ku \u0161\u0137iedrvielu, olbaltumvielu, fosfora, mang\u0101na, dzelzs un magnija daudzumu, kas ir svar\u012bgi labai gremo\u0161anai. Bar\u012bba ir hipoaler\u0123iska, tas noz\u012bm\u0113, ka t\u0101 nesatur potenci\u0101li alerg\u0113nas sast\u0101vda\u013cas, piem\u0113ram, soju, kvie\u0161us, kukur\u016bzu, liellopu vai vistas ga\u013cu, blakusproduktus, cukuru, m\u0101ksl\u012bgus konservantus, aromatiz\u0113t\u0101jus, gar\u0161as vai kr\u0101svielas, k\u0101 ar\u012b \u0122MO (\u0123en\u0113tiski modific\u0113tas) sast\u0101vda\u013cas. \u2705 Liels ga\u013cas daudzums \u2013 katr\u0101 12 kg mais\u0101 ir vair\u0101k nek\u0101 18 kg svaigas Ibe\u0113rijas c\u016bkas un j\u0113ra ga\u013cas\u2705 Hipoaler\u0123iska \u2013 nesatur parastos alerg\u0113nus: liellopu ga\u013cu, vistas ga\u013cu, kvie\u0161us, kukur\u016bzu, olas, soju\u2705 Bez glut\u0113na \u2013 tikai pilngraudu br\u016bnais r\u012bss\u2705 100% dab\u012bga \u2013 nesatur konservantus, kr\u0101svielas vai \u0122MO\u2705 Funkcion\u0101li papildin\u0101jumi \u2013 glikozam\u012bns, hondroit\u012bns, zivju e\u013c\u013ca, raugs, j\u016bras a\u013c\u0123es, Yucca u.c. Galven\u0101s sast\u0101vda\u013cu priek\u0161roc\u012bbas:     Ibe\u0113rijas c\u016bkas un j\u0113ra ga\u013ca \u2013 augsts olbaltumvielu un vitam\u012bnu saturs    Br\u016bnie r\u012bsi \u2013 viegli sagremojami, bag\u0101ti ar \u0161\u0137iedrviel\u0101m    Zir\u0146i un j\u0101\u0146oga \u2013 veicina gremo\u0161anu un atbalsta sirds vesel\u012bbu    Alusraugs un ol\u012bve\u013c\u013ca \u2013 B vitam\u012bni, antioksidanti    Zivju e\u013c\u013ca un chia s\u0113klas \u2013 Omega\u20113 tauksk\u0101bes \u0101das, ka\u017eoka un loc\u012btavu vesel\u012bbai    Glikozam\u012bns un hondroit\u012bns \u2013 loc\u012btav\u0101m    Yucca un j\u016bras a\u013c\u0123es \u2013 gremo\u0161ana, pretiekaisuma efekts, imunit\u0101te    Taur\u012bns \u2013 sirds un redze   Sast\u0101vs: Ibe\u0113rijas c\u016bkas un j\u0113ra ga\u013ca (38%), br\u016bnie r\u012bsi (28%), putnu tauki (10%), zir\u0146i (8%), j\u0101\u0146ogas milti, bietes, ol\u012bve\u013c\u013ca, raugs un rauga ekstrakti (MOS, \u03b2-glik\u0101ni), hidroliz\u0113ta c\u016bkas olbaltumviela, zivju e\u013c\u013ca, inul\u012bns (FOS), chia, j\u016bras a\u013c\u0123es, glikozam\u012bns, hondroit\u012bns, Yucca. Anal\u012btisk\u0101s sast\u0101vda\u013cas: Olbaltumvielas 27%, tauki 15%, \u0161\u0137iedras 2,5%, pelni 7,6%, kalcijs 1,75%, fosfors 1%, mitrums 9%, glikozam\u012bns 320 mg\/kg, hondroit\u012bns 200 mg\/kg. Papildin\u0101jumi \/ kg: Vitam\u012bns A 15 000 IU, D3 1 800 IU, E 200 mg, C 100 mg, L-karnit\u012bns 40 mg, taur\u012bns 500 mg, dzelzs 74 mg, var\u0161 10 mg, mang\u0101ns 25 mg, cinks 110 mg, jods 2 mg, sel\u0113ns 0,1 mg. Metaboliz\u0113jam\u0101 ener\u0123ija: 3 750 kcal\/kg\" \/>\n<meta property=\"og:url\" content=\"https:\/\/miumjau.ee\/lv\/produkts\/ibero-natural-maxi-adult-ar-iberijas-cukas-un-jera-galu-3-kg\/\" \/>\n<meta property=\"og:site_name\" content=\"MiuMjau\" \/>\n<meta property=\"article:publisher\" content=\"https:\/\/www.facebook.com\/miumjaupood\/\" \/>\n<meta property=\"article:modified_time\" content=\"2026-01-07T19:18:10+00:00\" \/>\n<meta property=\"og:image\" content=\"https:\/\/miumjau.ee\/wp-content\/uploads\/2025\/07\/ibero-maxi-adult-3kg-iberian-pork-lamb.jpg\" \/>\n\t<meta property=\"og:image:width\" content=\"600\" \/>\n\t<meta property=\"og:image:height\" content=\"800\" \/>\n\t<meta property=\"og:image:type\" content=\"image\/jpeg\" \/>\n<meta name=\"twitter:card\" content=\"summary_large_image\" \/>\n<script type=\"application\/ld+json\" class=\"yoast-schema-graph\">{\"@context\":\"https:\\\/\\\/schema.org\",\"@graph\":[{\"@type\":\"WebPage\",\"@id\":\"https:\\\/\\\/miumjau.ee\\\/lv\\\/produkts\\\/ibero-natural-maxi-adult-ar-iberijas-cukas-un-jera-galu-3-kg\\\/\",\"url\":\"https:\\\/\\\/miumjau.ee\\\/lv\\\/produkts\\\/ibero-natural-maxi-adult-ar-iberijas-cukas-un-jera-galu-3-kg\\\/\",\"name\":\"Ibero Natural Maxi Adult ar Ib\u0113rijas c\u016bkas un j\u0113ra ga\u013cu 3\u202fkg - MiuMjau\",\"isPartOf\":{\"@id\":\"https:\\\/\\\/miumjau.ee\\\/#website\"},\"primaryImageOfPage\":{\"@id\":\"https:\\\/\\\/miumjau.ee\\\/lv\\\/produkts\\\/ibero-natural-maxi-adult-ar-iberijas-cukas-un-jera-galu-3-kg\\\/#primaryimage\"},\"image\":{\"@id\":\"https:\\\/\\\/miumjau.ee\\\/lv\\\/produkts\\\/ibero-natural-maxi-adult-ar-iberijas-cukas-un-jera-galu-3-kg\\\/#primaryimage\"},\"thumbnailUrl\":\"https:\\\/\\\/miumjau.ee\\\/wp-content\\\/uploads\\\/2025\\\/07\\\/ibero-maxi-adult-3kg-iberian-pork-lamb.jpg\",\"datePublished\":\"2025-07-23T08:07:05+00:00\",\"dateModified\":\"2026-01-07T19:18:10+00:00\",\"breadcrumb\":{\"@id\":\"https:\\\/\\\/miumjau.ee\\\/lv\\\/produkts\\\/ibero-natural-maxi-adult-ar-iberijas-cukas-un-jera-galu-3-kg\\\/#breadcrumb\"},\"inLanguage\":\"lv-LV\",\"potentialAction\":[{\"@type\":\"ReadAction\",\"target\":[\"https:\\\/\\\/miumjau.ee\\\/lv\\\/produkts\\\/ibero-natural-maxi-adult-ar-iberijas-cukas-un-jera-galu-3-kg\\\/\"]}]},{\"@type\":\"ImageObject\",\"inLanguage\":\"lv-LV\",\"@id\":\"https:\\\/\\\/miumjau.ee\\\/lv\\\/produkts\\\/ibero-natural-maxi-adult-ar-iberijas-cukas-un-jera-galu-3-kg\\\/#primaryimage\",\"url\":\"https:\\\/\\\/miumjau.ee\\\/wp-content\\\/uploads\\\/2025\\\/07\\\/ibero-maxi-adult-3kg-iberian-pork-lamb.jpg\",\"contentUrl\":\"https:\\\/\\\/miumjau.ee\\\/wp-content\\\/uploads\\\/2025\\\/07\\\/ibero-maxi-adult-3kg-iberian-pork-lamb.jpg\",\"width\":600,\"height\":800},{\"@type\":\"BreadcrumbList\",\"@id\":\"https:\\\/\\\/miumjau.ee\\\/lv\\\/produkts\\\/ibero-natural-maxi-adult-ar-iberijas-cukas-un-jera-galu-3-kg\\\/#breadcrumb\",\"itemListElement\":[{\"@type\":\"ListItem\",\"position\":1,\"name\":\"Home\",\"item\":\"https:\\\/\\\/miumjau.ee\\\/lv\\\/\"},{\"@type\":\"ListItem\",\"position\":2,\"name\":\"Veikals\",\"item\":\"https:\\\/\\\/miumjau.ee\\\/lv\\\/veikals\\\/\"},{\"@type\":\"ListItem\",\"position\":3,\"name\":\"Ibero Natural Maxi Adult ar Ib\u0113rijas c\u016bkas un j\u0113ra ga\u013cu 3\u202fkg\"}]},{\"@type\":\"WebSite\",\"@id\":\"https:\\\/\\\/miumjau.ee\\\/#website\",\"url\":\"https:\\\/\\\/miumjau.ee\\\/\",\"name\":\"MiuMjau\",\"description\":\"Kraapimispuud kassidele\",\"publisher\":{\"@id\":\"https:\\\/\\\/miumjau.ee\\\/#organization\"},\"potentialAction\":[{\"@type\":\"SearchAction\",\"target\":{\"@type\":\"EntryPoint\",\"urlTemplate\":\"https:\\\/\\\/miumjau.ee\\\/?s={search_term_string}\"},\"query-input\":{\"@type\":\"PropertyValueSpecification\",\"valueRequired\":true,\"valueName\":\"search_term_string\"}}],\"inLanguage\":\"lv-LV\"},{\"@type\":\"Organization\",\"@id\":\"https:\\\/\\\/miumjau.ee\\\/#organization\",\"name\":\"MiuMjau O\u00dc\",\"url\":\"https:\\\/\\\/miumjau.ee\\\/\",\"logo\":{\"@type\":\"ImageObject\",\"inLanguage\":\"lv-LV\",\"@id\":\"https:\\\/\\\/miumjau.ee\\\/#\\\/schema\\\/logo\\\/image\\\/\",\"url\":\"https:\\\/\\\/miumjau.ee\\\/wp-content\\\/uploads\\\/2022\\\/04\\\/MiuMjau-logo-kollane.png\",\"contentUrl\":\"https:\\\/\\\/miumjau.ee\\\/wp-content\\\/uploads\\\/2022\\\/04\\\/MiuMjau-logo-kollane.png\",\"width\":219,\"height\":100,\"caption\":\"MiuMjau O\u00dc\"},\"image\":{\"@id\":\"https:\\\/\\\/miumjau.ee\\\/#\\\/schema\\\/logo\\\/image\\\/\"},\"sameAs\":[\"https:\\\/\\\/www.facebook.com\\\/miumjaupood\\\/\"]}]}<\/script>\n<!-- \/ Yoast SEO plugin. -->","yoast_head_json":{"title":"Ibero Natural Maxi Adult ar Ib\u0113rijas c\u016bkas un j\u0113ra ga\u013cu 3\u202fkg - MiuMjau","robots":{"index":"index","follow":"follow","max-snippet":"max-snippet:-1","max-image-preview":"max-image-preview:large","max-video-preview":"max-video-preview:-1"},"canonical":"https:\/\/miumjau.ee\/lv\/produkts\/ibero-natural-maxi-adult-ar-iberijas-cukas-un-jera-galu-3-kg\/","og_locale":"lv_LV","og_type":"article","og_title":"Ibero Natural Maxi Adult ar Ib\u0113rijas c\u016bkas un j\u0113ra ga\u013cu 3\u202fkg - MiuMjau","og_description":"Suns, t\u0101pat k\u0101 vi\u0146a sen\u010di vilki, vajag daudzveid\u012bgu uzturu, kas nodro\u0161ina visas nepiecie\u0161am\u0101s bar\u012bbas vielas un pal\u012bdz saglab\u0101t lielisku formu. Ibero NATURAL \u0113diena iedvesmu devu\u0161i Ibe\u0113rijas vilki, kuri sav\u0101 dzimten\u0113 p\u0101rsvar\u0101 med\u012b da\u013c\u0113ji savva\u013cas melnos c\u016bkus, k\u0101 ar\u012b aitas, brie\u017eus un citus z\u012bd\u012bt\u0101jus. \u0160o dabisko ciklu iev\u0113ro ar\u012b m\u016bsdienu su\u0146u baro\u0161anas tendences, kur\u0101s Ibero NATURAL superpremium klases granulu ra\u017eo\u0161anai tiek izmantotas tikai kvalitat\u012bvas, re\u0123ion\u0101lu Sp\u0101nijas saimniec\u012bbu dab\u012bg\u0101s sast\u0101vda\u013cas. Galven\u0101s sast\u0101vda\u013cas ir Ibe\u0113rijas c\u016bkas un j\u0113ra ga\u013ca. Ibero NATURAL Large Breed \u2013 Superpremium pilnv\u0113rt\u012bga bar\u012bba lieliem su\u0146iemIbero Natural s\u0113rijas granulas satur zemu graudaugu daudzumu. No graudaugiem tiek izmantots tikai br\u016bnais r\u012bss. Pilngraudu r\u012bss netiek apstr\u0101d\u0101ts, t\u0101d\u0113j\u0101di saglab\u0101jot liel\u0101ku \u0161\u0137iedrvielu, olbaltumvielu, fosfora, mang\u0101na, dzelzs un magnija daudzumu, kas ir svar\u012bgi labai gremo\u0161anai. Bar\u012bba ir hipoaler\u0123iska, tas noz\u012bm\u0113, ka t\u0101 nesatur potenci\u0101li alerg\u0113nas sast\u0101vda\u013cas, piem\u0113ram, soju, kvie\u0161us, kukur\u016bzu, liellopu vai vistas ga\u013cu, blakusproduktus, cukuru, m\u0101ksl\u012bgus konservantus, aromatiz\u0113t\u0101jus, gar\u0161as vai kr\u0101svielas, k\u0101 ar\u012b \u0122MO (\u0123en\u0113tiski modific\u0113tas) sast\u0101vda\u013cas. \u2705 Liels ga\u013cas daudzums \u2013 katr\u0101 12 kg mais\u0101 ir vair\u0101k nek\u0101 18 kg svaigas Ibe\u0113rijas c\u016bkas un j\u0113ra ga\u013cas\u2705 Hipoaler\u0123iska \u2013 nesatur parastos alerg\u0113nus: liellopu ga\u013cu, vistas ga\u013cu, kvie\u0161us, kukur\u016bzu, olas, soju\u2705 Bez glut\u0113na \u2013 tikai pilngraudu br\u016bnais r\u012bss\u2705 100% dab\u012bga \u2013 nesatur konservantus, kr\u0101svielas vai \u0122MO\u2705 Funkcion\u0101li papildin\u0101jumi \u2013 glikozam\u012bns, hondroit\u012bns, zivju e\u013c\u013ca, raugs, j\u016bras a\u013c\u0123es, Yucca u.c. Galven\u0101s sast\u0101vda\u013cu priek\u0161roc\u012bbas:     Ibe\u0113rijas c\u016bkas un j\u0113ra ga\u013ca \u2013 augsts olbaltumvielu un vitam\u012bnu saturs    Br\u016bnie r\u012bsi \u2013 viegli sagremojami, bag\u0101ti ar \u0161\u0137iedrviel\u0101m    Zir\u0146i un j\u0101\u0146oga \u2013 veicina gremo\u0161anu un atbalsta sirds vesel\u012bbu    Alusraugs un ol\u012bve\u013c\u013ca \u2013 B vitam\u012bni, antioksidanti    Zivju e\u013c\u013ca un chia s\u0113klas \u2013 Omega\u20113 tauksk\u0101bes \u0101das, ka\u017eoka un loc\u012btavu vesel\u012bbai    Glikozam\u012bns un hondroit\u012bns \u2013 loc\u012btav\u0101m    Yucca un j\u016bras a\u013c\u0123es \u2013 gremo\u0161ana, pretiekaisuma efekts, imunit\u0101te    Taur\u012bns \u2013 sirds un redze   Sast\u0101vs: Ibe\u0113rijas c\u016bkas un j\u0113ra ga\u013ca (38%), br\u016bnie r\u012bsi (28%), putnu tauki (10%), zir\u0146i (8%), j\u0101\u0146ogas milti, bietes, ol\u012bve\u013c\u013ca, raugs un rauga ekstrakti (MOS, \u03b2-glik\u0101ni), hidroliz\u0113ta c\u016bkas olbaltumviela, zivju e\u013c\u013ca, inul\u012bns (FOS), chia, j\u016bras a\u013c\u0123es, glikozam\u012bns, hondroit\u012bns, Yucca. Anal\u012btisk\u0101s sast\u0101vda\u013cas: Olbaltumvielas 27%, tauki 15%, \u0161\u0137iedras 2,5%, pelni 7,6%, kalcijs 1,75%, fosfors 1%, mitrums 9%, glikozam\u012bns 320 mg\/kg, hondroit\u012bns 200 mg\/kg. Papildin\u0101jumi \/ kg: Vitam\u012bns A 15 000 IU, D3 1 800 IU, E 200 mg, C 100 mg, L-karnit\u012bns 40 mg, taur\u012bns 500 mg, dzelzs 74 mg, var\u0161 10 mg, mang\u0101ns 25 mg, cinks 110 mg, jods 2 mg, sel\u0113ns 0,1 mg. Metaboliz\u0113jam\u0101 ener\u0123ija: 3 750 kcal\/kg","og_url":"https:\/\/miumjau.ee\/lv\/produkts\/ibero-natural-maxi-adult-ar-iberijas-cukas-un-jera-galu-3-kg\/","og_site_name":"MiuMjau","article_publisher":"https:\/\/www.facebook.com\/miumjaupood\/","article_modified_time":"2026-01-07T19:18:10+00:00","og_image":[{"width":600,"height":800,"url":"https:\/\/miumjau.ee\/wp-content\/uploads\/2025\/07\/ibero-maxi-adult-3kg-iberian-pork-lamb.jpg","type":"image\/jpeg"}],"twitter_card":"summary_large_image","schema":{"@context":"https:\/\/schema.org","@graph":[{"@type":"WebPage","@id":"https:\/\/miumjau.ee\/lv\/produkts\/ibero-natural-maxi-adult-ar-iberijas-cukas-un-jera-galu-3-kg\/","url":"https:\/\/miumjau.ee\/lv\/produkts\/ibero-natural-maxi-adult-ar-iberijas-cukas-un-jera-galu-3-kg\/","name":"Ibero Natural Maxi Adult ar Ib\u0113rijas c\u016bkas un j\u0113ra ga\u013cu 3\u202fkg - MiuMjau","isPartOf":{"@id":"https:\/\/miumjau.ee\/#website"},"primaryImageOfPage":{"@id":"https:\/\/miumjau.ee\/lv\/produkts\/ibero-natural-maxi-adult-ar-iberijas-cukas-un-jera-galu-3-kg\/#primaryimage"},"image":{"@id":"https:\/\/miumjau.ee\/lv\/produkts\/ibero-natural-maxi-adult-ar-iberijas-cukas-un-jera-galu-3-kg\/#primaryimage"},"thumbnailUrl":"https:\/\/miumjau.ee\/wp-content\/uploads\/2025\/07\/ibero-maxi-adult-3kg-iberian-pork-lamb.jpg","datePublished":"2025-07-23T08:07:05+00:00","dateModified":"2026-01-07T19:18:10+00:00","breadcrumb":{"@id":"https:\/\/miumjau.ee\/lv\/produkts\/ibero-natural-maxi-adult-ar-iberijas-cukas-un-jera-galu-3-kg\/#breadcrumb"},"inLanguage":"lv-LV","potentialAction":[{"@type":"ReadAction","target":["https:\/\/miumjau.ee\/lv\/produkts\/ibero-natural-maxi-adult-ar-iberijas-cukas-un-jera-galu-3-kg\/"]}]},{"@type":"ImageObject","inLanguage":"lv-LV","@id":"https:\/\/miumjau.ee\/lv\/produkts\/ibero-natural-maxi-adult-ar-iberijas-cukas-un-jera-galu-3-kg\/#primaryimage","url":"https:\/\/miumjau.ee\/wp-content\/uploads\/2025\/07\/ibero-maxi-adult-3kg-iberian-pork-lamb.jpg","contentUrl":"https:\/\/miumjau.ee\/wp-content\/uploads\/2025\/07\/ibero-maxi-adult-3kg-iberian-pork-lamb.jpg","width":600,"height":800},{"@type":"BreadcrumbList","@id":"https:\/\/miumjau.ee\/lv\/produkts\/ibero-natural-maxi-adult-ar-iberijas-cukas-un-jera-galu-3-kg\/#breadcrumb","itemListElement":[{"@type":"ListItem","position":1,"name":"Home","item":"https:\/\/miumjau.ee\/lv\/"},{"@type":"ListItem","position":2,"name":"Veikals","item":"https:\/\/miumjau.ee\/lv\/veikals\/"},{"@type":"ListItem","position":3,"name":"Ibero Natural Maxi Adult ar Ib\u0113rijas c\u016bkas un j\u0113ra ga\u013cu 3\u202fkg"}]},{"@type":"WebSite","@id":"https:\/\/miumjau.ee\/#website","url":"https:\/\/miumjau.ee\/","name":"MiuMjau","description":"Kraapimispuud kassidele","publisher":{"@id":"https:\/\/miumjau.ee\/#organization"},"potentialAction":[{"@type":"SearchAction","target":{"@type":"EntryPoint","urlTemplate":"https:\/\/miumjau.ee\/?s={search_term_string}"},"query-input":{"@type":"PropertyValueSpecification","valueRequired":true,"valueName":"search_term_string"}}],"inLanguage":"lv-LV"},{"@type":"Organization","@id":"https:\/\/miumjau.ee\/#organization","name":"MiuMjau O\u00dc","url":"https:\/\/miumjau.ee\/","logo":{"@type":"ImageObject","inLanguage":"lv-LV","@id":"https:\/\/miumjau.ee\/#\/schema\/logo\/image\/","url":"https:\/\/miumjau.ee\/wp-content\/uploads\/2022\/04\/MiuMjau-logo-kollane.png","contentUrl":"https:\/\/miumjau.ee\/wp-content\/uploads\/2022\/04\/MiuMjau-logo-kollane.png","width":219,"height":100,"caption":"MiuMjau O\u00dc"},"image":{"@id":"https:\/\/miumjau.ee\/#\/schema\/logo\/image\/"},"sameAs":["https:\/\/www.facebook.com\/miumjaupood\/"]}]}},"_links":{"self":[{"href":"https:\/\/miumjau.ee\/lv\/wp-json\/wp\/v2\/product\/48584","targetHints":{"allow":["GET"]}}],"collection":[{"href":"https:\/\/miumjau.ee\/lv\/wp-json\/wp\/v2\/product"}],"about":[{"href":"https:\/\/miumjau.ee\/lv\/wp-json\/wp\/v2\/types\/product"}],"wp:featuredmedia":[{"embeddable":true,"href":"https:\/\/miumjau.ee\/lv\/wp-json\/wp\/v2\/media\/48585"}],"wp:attachment":[{"href":"https:\/\/miumjau.ee\/lv\/wp-json\/wp\/v2\/media?parent=48584"}],"wp:term":[{"taxonomy":"product_brand","embeddable":true,"href":"https:\/\/miumjau.ee\/lv\/wp-json\/wp\/v2\/product_brand?post=48584"},{"taxonomy":"product_cat","embeddable":true,"href":"https:\/\/miumjau.ee\/lv\/wp-json\/wp\/v2\/product_cat?post=48584"},{"taxonomy":"product_tag","embeddable":true,"href":"https:\/\/miumjau.ee\/lv\/wp-json\/wp\/v2\/product_tag?post=48584"}],"curies":[{"name":"wp","href":"https:\/\/api.w.org\/{rel}","templated":true}]}}