{"id":48583,"date":"2025-07-23T11:01:57","date_gmt":"2025-07-23T08:01:57","guid":{"rendered":"https:\/\/miumjau.ee\/toode\/ibero-natural-maxi-junior-ar-iberijas-cukas-un-jera-galu-12-kg\/"},"modified":"2026-04-08T21:15:39","modified_gmt":"2026-04-08T18:15:39","slug":"ibero-natural-maxi-junior-ar-iberijas-cukas-un-jera-galu-12-kg","status":"publish","type":"product","link":"https:\/\/miumjau.ee\/lv\/produkts\/ibero-natural-maxi-junior-ar-iberijas-cukas-un-jera-galu-12-kg\/","title":{"rendered":"Ibero Natural Maxi Junior ar Ib\u0113rijas c\u016bkas un j\u0113ra ga\u013cu 12\u202fkg"},"content":{"rendered":"","protected":false},"excerpt":{"rendered":"<p data-start=\"69\" data-end=\"638\">Suns, t\u0101pat k\u0101 t\u0101 sen\u010di vilki, prasa daudzveid\u012bgu bar\u012bbu, kas nodro\u0161ina visas nepiecie\u0161am\u0101s uzturvielas un uztur to lielisk\u0101 form\u0101. Ibero NATURAL bar\u012bbas rad\u012b\u0161anas iedvesma n\u0101kusi no Ib\u0113rijas vilkiem, kuri sav\u0101 dzimten\u0113 med\u012b galvenok\u0101rt pusm\u012bl\u0101s meln\u0101s c\u016bkas, k\u0101 ar\u012b j\u0113rus, brie\u017eus un citus z\u012bd\u012bt\u0101jus. \u0160o dabisko ciklu iev\u0113ro ar\u012b m\u016bsdienu su\u0146u baro\u0161anas tendences, kur Ibero NATURAL superpremium klases bar\u012bbas ra\u017eo\u0161an\u0101 tiek izmantotas tikai kvalitat\u012bvas, viet\u0113j\u0101s Sp\u0101nijas saimniec\u012bb\u0101s audz\u0113tas dab\u012bgas sast\u0101vda\u013cas. Galven\u0101s sast\u0101vda\u013cas: Ib\u0113rijas c\u016bkas un j\u0113ra ga\u013ca.<\/p>\n<p data-start=\"640\" data-end=\"750\">\u0160\u012b bar\u012bba ir piem\u0113rota lielu \u0161\u0137ir\u0146u kuc\u0113niem no 8. dz\u012bves ned\u0113\u013cas, kuru pieaugu\u0161\u0101 masa paredz\u0113ta l\u012bdz 80\u202fkg.<\/p>\n<p data-start=\"752\" data-end=\"781\"><strong data-start=\"752\" data-end=\"779\">Galven\u0101s priek\u0161roc\u012bbas:<\/strong><\/p>\n<ul data-start=\"782\" data-end=\"1487\">\n<li data-start=\"782\" data-end=\"876\">\n<p data-start=\"784\" data-end=\"876\"><strong data-start=\"784\" data-end=\"812\">Virs 18\u202fkg svaigas ga\u013cas<\/strong> (Ib\u0113rijas pusm\u012bl\u0101s c\u016bkas + j\u0113ra ga\u013ca) 12\u202fkg bar\u012bbas ra\u017eo\u0161anai<\/p>\n<\/li>\n<li data-start=\"877\" data-end=\"986\">\n<p data-start=\"879\" data-end=\"986\"><strong data-start=\"879\" data-end=\"896\">Hipoaler\u0123iska<\/strong> \u2013 nesatur liellopa, vistas olbaltumu, kvie\u0161us, kukur\u016bzu, olas, soju vai blakusproduktus<\/p>\n<\/li>\n<li data-start=\"987\" data-end=\"1081\">\n<p data-start=\"989\" data-end=\"1081\"><strong data-start=\"989\" data-end=\"1004\">Bez glut\u0113na<\/strong> \u2013 vien\u012bgais grauds ir br\u016bnais r\u012bss, saglab\u0101jot \u0161\u0137iedrvielas un uzturvielas<\/p>\n<\/li>\n<li data-start=\"1082\" data-end=\"1170\">\n<p data-start=\"1084\" data-end=\"1170\"><strong data-start=\"1084\" data-end=\"1100\">100\u202f% dab\u012bga<\/strong> \u2013 bez m\u0101ksl\u012bgiem konservantiem, kr\u0101sviel\u0101m, aromatiz\u0113t\u0101jiem vai \u0122MO<\/p>\n<\/li>\n<li data-start=\"1171\" data-end=\"1487\">\n<p data-start=\"1173\" data-end=\"1201\"><strong data-start=\"1173\" data-end=\"1198\">Funkcion\u0101las piedevas<\/strong>:<\/p>\n<ul data-start=\"1204\" data-end=\"1487\">\n<li data-start=\"1204\" data-end=\"1256\">\n<p data-start=\"1206\" data-end=\"1256\">Raugs \u2013 gremo\u0161anas enz\u012bmi un imunit\u0101tes atbalsts<\/p>\n<\/li>\n<li data-start=\"1259\" data-end=\"1293\">\n<p data-start=\"1261\" data-end=\"1293\">Zivju e\u013c\u013ca \u2013 Omega\u20113 (EPA\/DHA)<\/p>\n<\/li>\n<li data-start=\"1296\" data-end=\"1331\">\n<p data-start=\"1298\" data-end=\"1331\">MOS, FOS, inul\u012bns \u2013 prebiotikas<\/p>\n<\/li>\n<li data-start=\"1334\" data-end=\"1384\">\n<p data-start=\"1336\" data-end=\"1384\">Glikozam\u012bns un hondroit\u012bns \u2013 loc\u012btavu atbalsts<\/p>\n<\/li>\n<li data-start=\"1387\" data-end=\"1487\">\n<p data-start=\"1389\" data-end=\"1487\">Yucca, karobs, \u010dia, a\u013c\u0123es, ol\u012bvu ekstrakts, taur\u012bns \u2013 gremo\u0161anas, sirds un im\u016bnsist\u0113mas atbalsts<\/p>\n<\/li>\n<\/ul>\n<\/li>\n<\/ul>\n<p data-start=\"1489\" data-end=\"1893\"><strong data-start=\"1489\" data-end=\"1501\">Sast\u0101vs:<\/strong> Dehidrat\u0113ta Ib\u0113rijas c\u016bkas un j\u0113ra ga\u013ca (39\u202f%), br\u016bnais r\u012bss (26\u202f%), putnu tauki (12\u202f%), zir\u0146i (10\u202f%), karobu milti (2\u202f%), bietes masa (2\u202f%), ol\u012bvu ekstrakts, raugs (MOS &amp; \u03b2\u2011glik\u0101ni), zir\u0146u \u0161\u0137iedra, hidroliz\u0113ts c\u016bkas olbaltums, zivju e\u013c\u013ca, inul\u012bns (FOS), \u010dia s\u0113klas, a\u013c\u0123es (Ascophyllum nodosum), hidroliz\u0113ti j\u016bras mo\u0161\u0137i (glikozam\u012bns), hidroliz\u0113ts skrimslis (kondro\u012bt\u012bns), Yucca schidigera.<\/p>\n<p data-start=\"1895\" data-end=\"2065\"><strong data-start=\"1895\" data-end=\"1916\">Anal\u012btiskie dati:<\/strong> Prote\u012bns 27\u202f%, tauki 17\u202f%, \u0161\u0137iedrvielas 2,1\u202f%, pelni 7,6\u202f%, kalcijs 1,6\u202f%, fosfors 1\u202f%, mitrums 9\u202f%, glikozam\u012bns 380\u202fmg\/kg, kondroit\u012bns 240\u202fmg\/kg.<\/p>\n<p data-start=\"2067\" data-end=\"2261\"><strong data-start=\"2067\" data-end=\"2085\">Piedevas \/ kg:<\/strong> Vitam\u012bns A 24\u202f000\u202fIU, D3 2\u202f000\u202fIU, E 240\u202fmg, C 120\u202fmg, L\u2011karnit\u012bns 48\u202fmg, taur\u012bns 600\u202fmg, dzelzs 90\u202fmg, var\u0161 12\u202fmg, mang\u0101ns 30\u202fmg, cinks 130\u202fmg, jods 2,4\u202fmg, sel\u0113ns 0,12\u202fmg.<\/p>\n<p data-start=\"2263\" data-end=\"2313\"><strong data-start=\"2263\" data-end=\"2297\">Metaboliski pieejam\u0101 ener\u0123ija:<\/strong> 3\u202f937\u202fkcal\/kg<\/p>\n","protected":false},"featured_media":48582,"template":"","meta":[],"product_brand":[],"product_cat":[573,575],"product_tag":[],"class_list":{"0":"post-48583","1":"product","2":"type-product","3":"status-publish","4":"has-post-thumbnail","6":"product_cat-kaup24-lv","7":"product_cat-sausa-bariba-suniem","9":"first","10":"instock","11":"sale","12":"taxable","13":"shipping-taxable","14":"purchasable","15":"product-type-simple"},"yoast_head":"<!-- This site is optimized with the Yoast SEO plugin v27.4 - https:\/\/yoast.com\/product\/yoast-seo-wordpress\/ -->\n<title>Ibero Natural Maxi Junior ar Ib\u0113rijas c\u016bkas un j\u0113ra ga\u013cu 12\u202fkg - MiuMjau<\/title>\n<meta name=\"robots\" content=\"index, follow, max-snippet:-1, max-image-preview:large, max-video-preview:-1\" \/>\n<link rel=\"canonical\" href=\"https:\/\/miumjau.ee\/lv\/produkts\/ibero-natural-maxi-junior-ar-iberijas-cukas-un-jera-galu-12-kg\/\" \/>\n<meta property=\"og:locale\" content=\"lv_LV\" \/>\n<meta property=\"og:type\" content=\"article\" \/>\n<meta property=\"og:title\" content=\"Ibero Natural Maxi Junior ar Ib\u0113rijas c\u016bkas un j\u0113ra ga\u013cu 12\u202fkg - MiuMjau\" \/>\n<meta property=\"og:description\" content=\"Suns, t\u0101pat k\u0101 t\u0101 sen\u010di vilki, prasa daudzveid\u012bgu bar\u012bbu, kas nodro\u0161ina visas nepiecie\u0161am\u0101s uzturvielas un uztur to lielisk\u0101 form\u0101. Ibero NATURAL bar\u012bbas rad\u012b\u0161anas iedvesma n\u0101kusi no Ib\u0113rijas vilkiem, kuri sav\u0101 dzimten\u0113 med\u012b galvenok\u0101rt pusm\u012bl\u0101s meln\u0101s c\u016bkas, k\u0101 ar\u012b j\u0113rus, brie\u017eus un citus z\u012bd\u012bt\u0101jus. \u0160o dabisko ciklu iev\u0113ro ar\u012b m\u016bsdienu su\u0146u baro\u0161anas tendences, kur Ibero NATURAL superpremium klases bar\u012bbas ra\u017eo\u0161an\u0101 tiek izmantotas tikai kvalitat\u012bvas, viet\u0113j\u0101s Sp\u0101nijas saimniec\u012bb\u0101s audz\u0113tas dab\u012bgas sast\u0101vda\u013cas. Galven\u0101s sast\u0101vda\u013cas: Ib\u0113rijas c\u016bkas un j\u0113ra ga\u013ca. \u0160\u012b bar\u012bba ir piem\u0113rota lielu \u0161\u0137ir\u0146u kuc\u0113niem no 8. dz\u012bves ned\u0113\u013cas, kuru pieaugu\u0161\u0101 masa paredz\u0113ta l\u012bdz 80\u202fkg. Galven\u0101s priek\u0161roc\u012bbas:     Virs 18\u202fkg svaigas ga\u013cas (Ib\u0113rijas pusm\u012bl\u0101s c\u016bkas + j\u0113ra ga\u013ca) 12\u202fkg bar\u012bbas ra\u017eo\u0161anai    Hipoaler\u0123iska \u2013 nesatur liellopa, vistas olbaltumu, kvie\u0161us, kukur\u016bzu, olas, soju vai blakusproduktus    Bez glut\u0113na \u2013 vien\u012bgais grauds ir br\u016bnais r\u012bss, saglab\u0101jot \u0161\u0137iedrvielas un uzturvielas    100\u202f% dab\u012bga \u2013 bez m\u0101ksl\u012bgiem konservantiem, kr\u0101sviel\u0101m, aromatiz\u0113t\u0101jiem vai \u0122MO    Funkcion\u0101las piedevas:     Raugs \u2013 gremo\u0161anas enz\u012bmi un imunit\u0101tes atbalsts    Zivju e\u013c\u013ca \u2013 Omega\u20113 (EPA\/DHA)    MOS, FOS, inul\u012bns \u2013 prebiotikas    Glikozam\u012bns un hondroit\u012bns \u2013 loc\u012btavu atbalsts    Yucca, karobs, \u010dia, a\u013c\u0123es, ol\u012bvu ekstrakts, taur\u012bns \u2013 gremo\u0161anas, sirds un im\u016bnsist\u0113mas atbalsts     Sast\u0101vs: Dehidrat\u0113ta Ib\u0113rijas c\u016bkas un j\u0113ra ga\u013ca (39\u202f%), br\u016bnais r\u012bss (26\u202f%), putnu tauki (12\u202f%), zir\u0146i (10\u202f%), karobu milti (2\u202f%), bietes masa (2\u202f%), ol\u012bvu ekstrakts, raugs (MOS &amp; \u03b2\u2011glik\u0101ni), zir\u0146u \u0161\u0137iedra, hidroliz\u0113ts c\u016bkas olbaltums, zivju e\u013c\u013ca, inul\u012bns (FOS), \u010dia s\u0113klas, a\u013c\u0123es (Ascophyllum nodosum), hidroliz\u0113ti j\u016bras mo\u0161\u0137i (glikozam\u012bns), hidroliz\u0113ts skrimslis (kondro\u012bt\u012bns), Yucca schidigera. Anal\u012btiskie dati: Prote\u012bns 27\u202f%, tauki 17\u202f%, \u0161\u0137iedrvielas 2,1\u202f%, pelni 7,6\u202f%, kalcijs 1,6\u202f%, fosfors 1\u202f%, mitrums 9\u202f%, glikozam\u012bns 380\u202fmg\/kg, kondroit\u012bns 240\u202fmg\/kg. Piedevas \/ kg: Vitam\u012bns A 24\u202f000\u202fIU, D3 2\u202f000\u202fIU, E 240\u202fmg, C 120\u202fmg, L\u2011karnit\u012bns 48\u202fmg, taur\u012bns 600\u202fmg, dzelzs 90\u202fmg, var\u0161 12\u202fmg, mang\u0101ns 30\u202fmg, cinks 130\u202fmg, jods 2,4\u202fmg, sel\u0113ns 0,12\u202fmg. Metaboliski pieejam\u0101 ener\u0123ija: 3\u202f937\u202fkcal\/kg\" \/>\n<meta property=\"og:url\" content=\"https:\/\/miumjau.ee\/lv\/produkts\/ibero-natural-maxi-junior-ar-iberijas-cukas-un-jera-galu-12-kg\/\" \/>\n<meta property=\"og:site_name\" content=\"MiuMjau\" \/>\n<meta property=\"article:publisher\" content=\"https:\/\/www.facebook.com\/miumjaupood\/\" \/>\n<meta property=\"article:modified_time\" content=\"2026-04-08T18:15:39+00:00\" \/>\n<meta property=\"og:image\" content=\"https:\/\/miumjau.ee\/wp-content\/uploads\/2025\/07\/ibero-maxi-junior-3kg-iberian-pork-lamb.jpg\" \/>\n\t<meta property=\"og:image:width\" content=\"600\" \/>\n\t<meta property=\"og:image:height\" content=\"800\" \/>\n\t<meta property=\"og:image:type\" content=\"image\/jpeg\" \/>\n<meta name=\"twitter:card\" content=\"summary_large_image\" \/>\n<script type=\"application\/ld+json\" class=\"yoast-schema-graph\">{\"@context\":\"https:\\\/\\\/schema.org\",\"@graph\":[{\"@type\":\"WebPage\",\"@id\":\"https:\\\/\\\/miumjau.ee\\\/lv\\\/produkts\\\/ibero-natural-maxi-junior-ar-iberijas-cukas-un-jera-galu-12-kg\\\/\",\"url\":\"https:\\\/\\\/miumjau.ee\\\/lv\\\/produkts\\\/ibero-natural-maxi-junior-ar-iberijas-cukas-un-jera-galu-12-kg\\\/\",\"name\":\"Ibero Natural Maxi Junior ar Ib\u0113rijas c\u016bkas un j\u0113ra ga\u013cu 12\u202fkg - MiuMjau\",\"isPartOf\":{\"@id\":\"https:\\\/\\\/miumjau.ee\\\/#website\"},\"primaryImageOfPage\":{\"@id\":\"https:\\\/\\\/miumjau.ee\\\/lv\\\/produkts\\\/ibero-natural-maxi-junior-ar-iberijas-cukas-un-jera-galu-12-kg\\\/#primaryimage\"},\"image\":{\"@id\":\"https:\\\/\\\/miumjau.ee\\\/lv\\\/produkts\\\/ibero-natural-maxi-junior-ar-iberijas-cukas-un-jera-galu-12-kg\\\/#primaryimage\"},\"thumbnailUrl\":\"https:\\\/\\\/miumjau.ee\\\/wp-content\\\/uploads\\\/2025\\\/07\\\/ibero-maxi-junior-3kg-iberian-pork-lamb.jpg\",\"datePublished\":\"2025-07-23T08:01:57+00:00\",\"dateModified\":\"2026-04-08T18:15:39+00:00\",\"breadcrumb\":{\"@id\":\"https:\\\/\\\/miumjau.ee\\\/lv\\\/produkts\\\/ibero-natural-maxi-junior-ar-iberijas-cukas-un-jera-galu-12-kg\\\/#breadcrumb\"},\"inLanguage\":\"lv-LV\",\"potentialAction\":[{\"@type\":\"ReadAction\",\"target\":[\"https:\\\/\\\/miumjau.ee\\\/lv\\\/produkts\\\/ibero-natural-maxi-junior-ar-iberijas-cukas-un-jera-galu-12-kg\\\/\"]}]},{\"@type\":\"ImageObject\",\"inLanguage\":\"lv-LV\",\"@id\":\"https:\\\/\\\/miumjau.ee\\\/lv\\\/produkts\\\/ibero-natural-maxi-junior-ar-iberijas-cukas-un-jera-galu-12-kg\\\/#primaryimage\",\"url\":\"https:\\\/\\\/miumjau.ee\\\/wp-content\\\/uploads\\\/2025\\\/07\\\/ibero-maxi-junior-3kg-iberian-pork-lamb.jpg\",\"contentUrl\":\"https:\\\/\\\/miumjau.ee\\\/wp-content\\\/uploads\\\/2025\\\/07\\\/ibero-maxi-junior-3kg-iberian-pork-lamb.jpg\",\"width\":600,\"height\":800},{\"@type\":\"BreadcrumbList\",\"@id\":\"https:\\\/\\\/miumjau.ee\\\/lv\\\/produkts\\\/ibero-natural-maxi-junior-ar-iberijas-cukas-un-jera-galu-12-kg\\\/#breadcrumb\",\"itemListElement\":[{\"@type\":\"ListItem\",\"position\":1,\"name\":\"Home\",\"item\":\"https:\\\/\\\/miumjau.ee\\\/lv\\\/\"},{\"@type\":\"ListItem\",\"position\":2,\"name\":\"Veikals\",\"item\":\"https:\\\/\\\/miumjau.ee\\\/lv\\\/veikals\\\/\"},{\"@type\":\"ListItem\",\"position\":3,\"name\":\"Ibero Natural Maxi Junior ar Ib\u0113rijas c\u016bkas un j\u0113ra ga\u013cu 12\u202fkg\"}]},{\"@type\":\"WebSite\",\"@id\":\"https:\\\/\\\/miumjau.ee\\\/#website\",\"url\":\"https:\\\/\\\/miumjau.ee\\\/\",\"name\":\"MiuMjau\",\"description\":\"Kraapimispuud kassidele\",\"publisher\":{\"@id\":\"https:\\\/\\\/miumjau.ee\\\/#organization\"},\"potentialAction\":[{\"@type\":\"SearchAction\",\"target\":{\"@type\":\"EntryPoint\",\"urlTemplate\":\"https:\\\/\\\/miumjau.ee\\\/?s={search_term_string}\"},\"query-input\":{\"@type\":\"PropertyValueSpecification\",\"valueRequired\":true,\"valueName\":\"search_term_string\"}}],\"inLanguage\":\"lv-LV\"},{\"@type\":\"Organization\",\"@id\":\"https:\\\/\\\/miumjau.ee\\\/#organization\",\"name\":\"MiuMjau O\u00dc\",\"url\":\"https:\\\/\\\/miumjau.ee\\\/\",\"logo\":{\"@type\":\"ImageObject\",\"inLanguage\":\"lv-LV\",\"@id\":\"https:\\\/\\\/miumjau.ee\\\/#\\\/schema\\\/logo\\\/image\\\/\",\"url\":\"https:\\\/\\\/miumjau.ee\\\/wp-content\\\/uploads\\\/2022\\\/04\\\/MiuMjau-logo-kollane.png\",\"contentUrl\":\"https:\\\/\\\/miumjau.ee\\\/wp-content\\\/uploads\\\/2022\\\/04\\\/MiuMjau-logo-kollane.png\",\"width\":219,\"height\":100,\"caption\":\"MiuMjau O\u00dc\"},\"image\":{\"@id\":\"https:\\\/\\\/miumjau.ee\\\/#\\\/schema\\\/logo\\\/image\\\/\"},\"sameAs\":[\"https:\\\/\\\/www.facebook.com\\\/miumjaupood\\\/\"]}]}<\/script>\n<!-- \/ Yoast SEO plugin. -->","yoast_head_json":{"title":"Ibero Natural Maxi Junior ar Ib\u0113rijas c\u016bkas un j\u0113ra ga\u013cu 12\u202fkg - MiuMjau","robots":{"index":"index","follow":"follow","max-snippet":"max-snippet:-1","max-image-preview":"max-image-preview:large","max-video-preview":"max-video-preview:-1"},"canonical":"https:\/\/miumjau.ee\/lv\/produkts\/ibero-natural-maxi-junior-ar-iberijas-cukas-un-jera-galu-12-kg\/","og_locale":"lv_LV","og_type":"article","og_title":"Ibero Natural Maxi Junior ar Ib\u0113rijas c\u016bkas un j\u0113ra ga\u013cu 12\u202fkg - MiuMjau","og_description":"Suns, t\u0101pat k\u0101 t\u0101 sen\u010di vilki, prasa daudzveid\u012bgu bar\u012bbu, kas nodro\u0161ina visas nepiecie\u0161am\u0101s uzturvielas un uztur to lielisk\u0101 form\u0101. Ibero NATURAL bar\u012bbas rad\u012b\u0161anas iedvesma n\u0101kusi no Ib\u0113rijas vilkiem, kuri sav\u0101 dzimten\u0113 med\u012b galvenok\u0101rt pusm\u012bl\u0101s meln\u0101s c\u016bkas, k\u0101 ar\u012b j\u0113rus, brie\u017eus un citus z\u012bd\u012bt\u0101jus. \u0160o dabisko ciklu iev\u0113ro ar\u012b m\u016bsdienu su\u0146u baro\u0161anas tendences, kur Ibero NATURAL superpremium klases bar\u012bbas ra\u017eo\u0161an\u0101 tiek izmantotas tikai kvalitat\u012bvas, viet\u0113j\u0101s Sp\u0101nijas saimniec\u012bb\u0101s audz\u0113tas dab\u012bgas sast\u0101vda\u013cas. Galven\u0101s sast\u0101vda\u013cas: Ib\u0113rijas c\u016bkas un j\u0113ra ga\u013ca. \u0160\u012b bar\u012bba ir piem\u0113rota lielu \u0161\u0137ir\u0146u kuc\u0113niem no 8. dz\u012bves ned\u0113\u013cas, kuru pieaugu\u0161\u0101 masa paredz\u0113ta l\u012bdz 80\u202fkg. Galven\u0101s priek\u0161roc\u012bbas:     Virs 18\u202fkg svaigas ga\u013cas (Ib\u0113rijas pusm\u012bl\u0101s c\u016bkas + j\u0113ra ga\u013ca) 12\u202fkg bar\u012bbas ra\u017eo\u0161anai    Hipoaler\u0123iska \u2013 nesatur liellopa, vistas olbaltumu, kvie\u0161us, kukur\u016bzu, olas, soju vai blakusproduktus    Bez glut\u0113na \u2013 vien\u012bgais grauds ir br\u016bnais r\u012bss, saglab\u0101jot \u0161\u0137iedrvielas un uzturvielas    100\u202f% dab\u012bga \u2013 bez m\u0101ksl\u012bgiem konservantiem, kr\u0101sviel\u0101m, aromatiz\u0113t\u0101jiem vai \u0122MO    Funkcion\u0101las piedevas:     Raugs \u2013 gremo\u0161anas enz\u012bmi un imunit\u0101tes atbalsts    Zivju e\u013c\u013ca \u2013 Omega\u20113 (EPA\/DHA)    MOS, FOS, inul\u012bns \u2013 prebiotikas    Glikozam\u012bns un hondroit\u012bns \u2013 loc\u012btavu atbalsts    Yucca, karobs, \u010dia, a\u013c\u0123es, ol\u012bvu ekstrakts, taur\u012bns \u2013 gremo\u0161anas, sirds un im\u016bnsist\u0113mas atbalsts     Sast\u0101vs: Dehidrat\u0113ta Ib\u0113rijas c\u016bkas un j\u0113ra ga\u013ca (39\u202f%), br\u016bnais r\u012bss (26\u202f%), putnu tauki (12\u202f%), zir\u0146i (10\u202f%), karobu milti (2\u202f%), bietes masa (2\u202f%), ol\u012bvu ekstrakts, raugs (MOS &amp; \u03b2\u2011glik\u0101ni), zir\u0146u \u0161\u0137iedra, hidroliz\u0113ts c\u016bkas olbaltums, zivju e\u013c\u013ca, inul\u012bns (FOS), \u010dia s\u0113klas, a\u013c\u0123es (Ascophyllum nodosum), hidroliz\u0113ti j\u016bras mo\u0161\u0137i (glikozam\u012bns), hidroliz\u0113ts skrimslis (kondro\u012bt\u012bns), Yucca schidigera. Anal\u012btiskie dati: Prote\u012bns 27\u202f%, tauki 17\u202f%, \u0161\u0137iedrvielas 2,1\u202f%, pelni 7,6\u202f%, kalcijs 1,6\u202f%, fosfors 1\u202f%, mitrums 9\u202f%, glikozam\u012bns 380\u202fmg\/kg, kondroit\u012bns 240\u202fmg\/kg. Piedevas \/ kg: Vitam\u012bns A 24\u202f000\u202fIU, D3 2\u202f000\u202fIU, E 240\u202fmg, C 120\u202fmg, L\u2011karnit\u012bns 48\u202fmg, taur\u012bns 600\u202fmg, dzelzs 90\u202fmg, var\u0161 12\u202fmg, mang\u0101ns 30\u202fmg, cinks 130\u202fmg, jods 2,4\u202fmg, sel\u0113ns 0,12\u202fmg. Metaboliski pieejam\u0101 ener\u0123ija: 3\u202f937\u202fkcal\/kg","og_url":"https:\/\/miumjau.ee\/lv\/produkts\/ibero-natural-maxi-junior-ar-iberijas-cukas-un-jera-galu-12-kg\/","og_site_name":"MiuMjau","article_publisher":"https:\/\/www.facebook.com\/miumjaupood\/","article_modified_time":"2026-04-08T18:15:39+00:00","og_image":[{"width":600,"height":800,"url":"https:\/\/miumjau.ee\/wp-content\/uploads\/2025\/07\/ibero-maxi-junior-3kg-iberian-pork-lamb.jpg","type":"image\/jpeg"}],"twitter_card":"summary_large_image","schema":{"@context":"https:\/\/schema.org","@graph":[{"@type":"WebPage","@id":"https:\/\/miumjau.ee\/lv\/produkts\/ibero-natural-maxi-junior-ar-iberijas-cukas-un-jera-galu-12-kg\/","url":"https:\/\/miumjau.ee\/lv\/produkts\/ibero-natural-maxi-junior-ar-iberijas-cukas-un-jera-galu-12-kg\/","name":"Ibero Natural Maxi Junior ar Ib\u0113rijas c\u016bkas un j\u0113ra ga\u013cu 12\u202fkg - MiuMjau","isPartOf":{"@id":"https:\/\/miumjau.ee\/#website"},"primaryImageOfPage":{"@id":"https:\/\/miumjau.ee\/lv\/produkts\/ibero-natural-maxi-junior-ar-iberijas-cukas-un-jera-galu-12-kg\/#primaryimage"},"image":{"@id":"https:\/\/miumjau.ee\/lv\/produkts\/ibero-natural-maxi-junior-ar-iberijas-cukas-un-jera-galu-12-kg\/#primaryimage"},"thumbnailUrl":"https:\/\/miumjau.ee\/wp-content\/uploads\/2025\/07\/ibero-maxi-junior-3kg-iberian-pork-lamb.jpg","datePublished":"2025-07-23T08:01:57+00:00","dateModified":"2026-04-08T18:15:39+00:00","breadcrumb":{"@id":"https:\/\/miumjau.ee\/lv\/produkts\/ibero-natural-maxi-junior-ar-iberijas-cukas-un-jera-galu-12-kg\/#breadcrumb"},"inLanguage":"lv-LV","potentialAction":[{"@type":"ReadAction","target":["https:\/\/miumjau.ee\/lv\/produkts\/ibero-natural-maxi-junior-ar-iberijas-cukas-un-jera-galu-12-kg\/"]}]},{"@type":"ImageObject","inLanguage":"lv-LV","@id":"https:\/\/miumjau.ee\/lv\/produkts\/ibero-natural-maxi-junior-ar-iberijas-cukas-un-jera-galu-12-kg\/#primaryimage","url":"https:\/\/miumjau.ee\/wp-content\/uploads\/2025\/07\/ibero-maxi-junior-3kg-iberian-pork-lamb.jpg","contentUrl":"https:\/\/miumjau.ee\/wp-content\/uploads\/2025\/07\/ibero-maxi-junior-3kg-iberian-pork-lamb.jpg","width":600,"height":800},{"@type":"BreadcrumbList","@id":"https:\/\/miumjau.ee\/lv\/produkts\/ibero-natural-maxi-junior-ar-iberijas-cukas-un-jera-galu-12-kg\/#breadcrumb","itemListElement":[{"@type":"ListItem","position":1,"name":"Home","item":"https:\/\/miumjau.ee\/lv\/"},{"@type":"ListItem","position":2,"name":"Veikals","item":"https:\/\/miumjau.ee\/lv\/veikals\/"},{"@type":"ListItem","position":3,"name":"Ibero Natural Maxi Junior ar Ib\u0113rijas c\u016bkas un j\u0113ra ga\u013cu 12\u202fkg"}]},{"@type":"WebSite","@id":"https:\/\/miumjau.ee\/#website","url":"https:\/\/miumjau.ee\/","name":"MiuMjau","description":"Kraapimispuud kassidele","publisher":{"@id":"https:\/\/miumjau.ee\/#organization"},"potentialAction":[{"@type":"SearchAction","target":{"@type":"EntryPoint","urlTemplate":"https:\/\/miumjau.ee\/?s={search_term_string}"},"query-input":{"@type":"PropertyValueSpecification","valueRequired":true,"valueName":"search_term_string"}}],"inLanguage":"lv-LV"},{"@type":"Organization","@id":"https:\/\/miumjau.ee\/#organization","name":"MiuMjau O\u00dc","url":"https:\/\/miumjau.ee\/","logo":{"@type":"ImageObject","inLanguage":"lv-LV","@id":"https:\/\/miumjau.ee\/#\/schema\/logo\/image\/","url":"https:\/\/miumjau.ee\/wp-content\/uploads\/2022\/04\/MiuMjau-logo-kollane.png","contentUrl":"https:\/\/miumjau.ee\/wp-content\/uploads\/2022\/04\/MiuMjau-logo-kollane.png","width":219,"height":100,"caption":"MiuMjau O\u00dc"},"image":{"@id":"https:\/\/miumjau.ee\/#\/schema\/logo\/image\/"},"sameAs":["https:\/\/www.facebook.com\/miumjaupood\/"]}]}},"_links":{"self":[{"href":"https:\/\/miumjau.ee\/lv\/wp-json\/wp\/v2\/product\/48583","targetHints":{"allow":["GET"]}}],"collection":[{"href":"https:\/\/miumjau.ee\/lv\/wp-json\/wp\/v2\/product"}],"about":[{"href":"https:\/\/miumjau.ee\/lv\/wp-json\/wp\/v2\/types\/product"}],"wp:featuredmedia":[{"embeddable":true,"href":"https:\/\/miumjau.ee\/lv\/wp-json\/wp\/v2\/media\/48582"}],"wp:attachment":[{"href":"https:\/\/miumjau.ee\/lv\/wp-json\/wp\/v2\/media?parent=48583"}],"wp:term":[{"taxonomy":"product_brand","embeddable":true,"href":"https:\/\/miumjau.ee\/lv\/wp-json\/wp\/v2\/product_brand?post=48583"},{"taxonomy":"product_cat","embeddable":true,"href":"https:\/\/miumjau.ee\/lv\/wp-json\/wp\/v2\/product_cat?post=48583"},{"taxonomy":"product_tag","embeddable":true,"href":"https:\/\/miumjau.ee\/lv\/wp-json\/wp\/v2\/product_tag?post=48583"}],"curies":[{"name":"wp","href":"https:\/\/api.w.org\/{rel}","templated":true}]}}