{"id":48580,"date":"2025-07-23T10:50:42","date_gmt":"2025-07-23T07:50:42","guid":{"rendered":"https:\/\/miumjau.ee\/toode\/ibero-natural-medium-adult-ar-iberijas-cukas-un-jera-galu-12-kg\/"},"modified":"2026-01-07T21:18:10","modified_gmt":"2026-01-07T19:18:10","slug":"ibero-natural-medium-adult-ar-iberijas-cukas-un-jera-galu-12-kg","status":"publish","type":"product","link":"https:\/\/miumjau.ee\/lv\/produkts\/ibero-natural-medium-adult-ar-iberijas-cukas-un-jera-galu-12-kg\/","title":{"rendered":"Ibero Natural Medium Adult ar Ib\u0113rijas c\u016bkas un j\u0113ra ga\u013cu 12\u202fkg"},"content":{"rendered":"","protected":false},"excerpt":{"rendered":"<p data-start=\"70\" data-end=\"641\">Suns, t\u0101pat k\u0101 t\u0101 sen\u010di vilki, prasa daudzveid\u012bgu bar\u012bbu, kas nodro\u0161ina visas nepiecie\u0161am\u0101s uzturvielas un uztur to lielisk\u0101 form\u0101. Ibero NATURAL bar\u012bbas rad\u012b\u0161anas iedvesma n\u0101kusi no Ib\u0113rijas vilkiem, kuri sav\u0101 dzimten\u0113 med\u012b galvenok\u0101rt pusm\u012bl\u0101s meln\u0101s c\u016bkas, k\u0101 ar\u012b j\u0113rus, brie\u017eus un citus z\u012bd\u012bt\u0101jus. \u0160o dabisko ciklu iev\u0113ro ar\u012b m\u016bsdienu su\u0146u baro\u0161anas tendences, kur Ibero NATURAL superpremium klases bar\u012bbas ra\u017eo\u0161an\u0101 tiek izmantotas tikai kvalitat\u012bvas, viet\u0113j\u0101s Sp\u0101nijas saimniec\u012bb\u0101s audz\u0113tas dab\u012bgas sast\u0101vda\u013cas. Galven\u0101s sast\u0101vda\u013cas ir Ib\u0113rijas c\u016bkas un j\u0113ra ga\u013ca.<\/p>\n<p data-start=\"643\" data-end=\"714\">\u0160\u012b bar\u012bba ir piem\u0113rota pieaugu\u0161iem, vid\u0113ji lieliem su\u0146iem l\u012bdz 25\u202fkg.<\/p>\n<p data-start=\"716\" data-end=\"1180\">Ibero Natural graudi satur zemu graudu daudzumu \u2013 graudos tiek izmantots tikai br\u016bnais r\u012bss. Pilngraudu r\u012bss netiek apstr\u0101d\u0101ts, t\u0101d\u0113j\u0101di saglab\u0101jot vair\u0101k \u0161\u0137iedrvielu (svar\u012bgi norm\u0101lai gremo\u0161anai), prote\u012bnus, fosforu, mang\u0101nu, dzelzi un magniju. Bar\u012bba ir hipoaler\u0123iska \u2013 nesatur sast\u0101vda\u013cas ar aler\u0123ijas potenci\u0101lu, piem\u0113ram, soju, kvie\u0161us, kukur\u016bzu, liellopa vai vistas ga\u013cu, blakusproduktus, cukuru, m\u0101ksl\u012bgus konservantus, aromatiz\u0113t\u0101jus, kr\u0101svielas vai \u0122MO.<\/p>\n<p data-start=\"1182\" data-end=\"1211\"><strong data-start=\"1182\" data-end=\"1209\">Galven\u0101s priek\u0161roc\u012bbas:<\/strong><\/p>\n<ul data-start=\"1212\" data-end=\"1979\">\n<li data-start=\"1212\" data-end=\"1336\">\n<p data-start=\"1214\" data-end=\"1336\"><strong data-start=\"1214\" data-end=\"1237\">Augsts ga\u013cas saturs<\/strong> \u2013 vair\u0101k nek\u0101 18\u202fkg svaigas ga\u013cas (Ib\u0113rijas pusm\u012bl\u0101s c\u016bkas + j\u0113ra ga\u013ca) 12\u202fkg bar\u012bbas ra\u017eo\u0161anai.<\/p>\n<\/li>\n<li data-start=\"1337\" data-end=\"1466\">\n<p data-start=\"1339\" data-end=\"1466\"><strong data-start=\"1339\" data-end=\"1356\">Hipoaler\u0123iska<\/strong> \u2013 nesatur aler\u0123iju izraiso\u0161as sast\u0101vda\u013cas (liellopa ga\u013cu, vistas olbaltumu, kvie\u0161us, kukur\u016bzu, olas, soju).<\/p>\n<\/li>\n<li data-start=\"1467\" data-end=\"1565\">\n<p data-start=\"1469\" data-end=\"1565\"><strong data-start=\"1469\" data-end=\"1484\">Bez glut\u0113na<\/strong> \u2013 tikai pilngraudu br\u016bnais r\u012bss, viegli sagremojams un bag\u0101ts ar \u0161\u0137iedrviel\u0101m.<\/p>\n<\/li>\n<li data-start=\"1566\" data-end=\"1655\">\n<p data-start=\"1568\" data-end=\"1655\"><strong data-start=\"1568\" data-end=\"1584\">100\u202f% dab\u012bga<\/strong> \u2013 bez m\u0101ksl\u012bgiem konservantiem, kr\u0101sviel\u0101m, aromatiz\u0113t\u0101jiem vai \u0122MO.<\/p>\n<\/li>\n<li data-start=\"1656\" data-end=\"1979\">\n<p data-start=\"1658\" data-end=\"1686\"><strong data-start=\"1658\" data-end=\"1684\">Funkcion\u0101las piedevas:<\/strong><\/p>\n<ul data-start=\"1689\" data-end=\"1979\">\n<li data-start=\"1689\" data-end=\"1755\">\n<p data-start=\"1691\" data-end=\"1755\">Raugs un ekstrakti \u2013 B vitam\u012bni, gremo\u0161anas enz\u012bmi, pretest\u012bba<\/p>\n<\/li>\n<li data-start=\"1758\" data-end=\"1808\">\n<p data-start=\"1760\" data-end=\"1808\">MOS un FOS (prebiotikas) \u2013 gremo\u0161anas atbalsts<\/p>\n<\/li>\n<li data-start=\"1811\" data-end=\"1848\">\n<p data-start=\"1813\" data-end=\"1848\">Zivju e\u013c\u013ca \u2013 Omega\u20113 (EPA un DHA)<\/p>\n<\/li>\n<li data-start=\"1851\" data-end=\"1893\">\n<p data-start=\"1853\" data-end=\"1893\">Glikozam\u012bns un hondroit\u012bns \u2013 loc\u012btav\u0101m<\/p>\n<\/li>\n<li data-start=\"1896\" data-end=\"1979\">\n<p data-start=\"1898\" data-end=\"1979\">Yucca, a\u013c\u0123es, \u010dia, ol\u012bve\u013c\u013ca \u2013 dab\u012bgi antioksidanti un pretiekaisuma savienojumi<\/p>\n<\/li>\n<\/ul>\n<\/li>\n<\/ul>\n<p data-start=\"1981\" data-end=\"2372\"><strong data-start=\"1981\" data-end=\"1993\">Sast\u0101vs:<\/strong> Ib\u0113rijas c\u016bkas un j\u0113ra ga\u013ca (38\u202f%), br\u016bnais r\u012bss (28\u202f%), putnu tauki (10\u202f%), zir\u0146i (8\u202f%), karobu milti (2\u202f%), bietes masa (2\u202f%), ol\u012bvu ekstrakts, raugs (MOS &amp; \u03b2-glik\u0101ni), zir\u0146u \u0161\u0137iedra, hidroliz\u0113ts c\u016bkas olbaltums, zivju e\u013c\u013ca, inul\u012bns (FOS), \u010dia s\u0113klas, a\u013c\u0123es (Ascophyllum nodosum), hidroliz\u0113ti j\u016bras mo\u0161\u0137i (glikozam\u012bns), hidroliz\u0113ts skrimslis (kondro\u012bt\u012bns), Yucca schidigera.<\/p>\n<p data-start=\"2374\" data-end=\"2545\"><strong data-start=\"2374\" data-end=\"2395\">Anal\u012btiskie dati:<\/strong> Prote\u012bns 29\u202f%, tauki 16\u202f%, \u0161\u0137iedrvielas 2,5\u202f%, pelni 7,6\u202f%, kalcijs 1,75\u202f%, fosfors 1\u202f%, mitrums 9\u202f%, glikozam\u012bns 320\u202fmg\/kg, kondroit\u012bns 200\u202fmg\/kg.<\/p>\n<p data-start=\"2547\" data-end=\"2765\"><strong data-start=\"2547\" data-end=\"2565\">Piedevas \/ kg:<\/strong> A vitam\u012bns 15\u202f000\u202fIU, D3 vitam\u012bns 1\u202f800\u202fIU, E vitam\u012bns 200\u202fmg, C vitam\u012bns 100\u202fmg, L\u2011karnit\u012bns 40\u202fmg, taur\u012bns 500\u202fmg, dzelzs 75\u202fmg, var\u0161 10\u202fmg, mang\u0101ns 25\u202fmg, cinks 110\u202fmg, jods 2\u202fmg, sel\u0113ns 0,1\u202fmg.<\/p>\n<p data-start=\"2767\" data-end=\"2816\" data-is-last-node=\"\" data-is-only-node=\"\"><strong data-start=\"2767\" data-end=\"2801\">Metaboliski pieejam\u0101 ener\u0123ija:<\/strong> 3\u202f825\u202fkcal\/kg.<\/p>\n","protected":false},"featured_media":48579,"template":"","meta":[],"product_brand":[],"product_cat":[573,575],"product_tag":[],"class_list":{"0":"post-48580","1":"product","2":"type-product","3":"status-publish","4":"has-post-thumbnail","6":"product_cat-kaup24-lv","7":"product_cat-sausa-bariba-suniem","9":"first","10":"instock","11":"sale","12":"taxable","13":"shipping-taxable","14":"purchasable","15":"product-type-simple"},"yoast_head":"<!-- This site is optimized with the Yoast SEO plugin v27.4 - https:\/\/yoast.com\/product\/yoast-seo-wordpress\/ -->\n<title>Ibero Natural Medium Adult ar Ib\u0113rijas c\u016bkas un j\u0113ra ga\u013cu 12\u202fkg - MiuMjau<\/title>\n<meta name=\"robots\" content=\"index, follow, max-snippet:-1, max-image-preview:large, max-video-preview:-1\" \/>\n<link rel=\"canonical\" href=\"https:\/\/miumjau.ee\/lv\/produkts\/ibero-natural-medium-adult-ar-iberijas-cukas-un-jera-galu-12-kg\/\" \/>\n<meta property=\"og:locale\" content=\"lv_LV\" \/>\n<meta property=\"og:type\" content=\"article\" \/>\n<meta property=\"og:title\" content=\"Ibero Natural Medium Adult ar Ib\u0113rijas c\u016bkas un j\u0113ra ga\u013cu 12\u202fkg - MiuMjau\" \/>\n<meta property=\"og:description\" content=\"Suns, t\u0101pat k\u0101 t\u0101 sen\u010di vilki, prasa daudzveid\u012bgu bar\u012bbu, kas nodro\u0161ina visas nepiecie\u0161am\u0101s uzturvielas un uztur to lielisk\u0101 form\u0101. Ibero NATURAL bar\u012bbas rad\u012b\u0161anas iedvesma n\u0101kusi no Ib\u0113rijas vilkiem, kuri sav\u0101 dzimten\u0113 med\u012b galvenok\u0101rt pusm\u012bl\u0101s meln\u0101s c\u016bkas, k\u0101 ar\u012b j\u0113rus, brie\u017eus un citus z\u012bd\u012bt\u0101jus. \u0160o dabisko ciklu iev\u0113ro ar\u012b m\u016bsdienu su\u0146u baro\u0161anas tendences, kur Ibero NATURAL superpremium klases bar\u012bbas ra\u017eo\u0161an\u0101 tiek izmantotas tikai kvalitat\u012bvas, viet\u0113j\u0101s Sp\u0101nijas saimniec\u012bb\u0101s audz\u0113tas dab\u012bgas sast\u0101vda\u013cas. Galven\u0101s sast\u0101vda\u013cas ir Ib\u0113rijas c\u016bkas un j\u0113ra ga\u013ca. \u0160\u012b bar\u012bba ir piem\u0113rota pieaugu\u0161iem, vid\u0113ji lieliem su\u0146iem l\u012bdz 25\u202fkg. Ibero Natural graudi satur zemu graudu daudzumu \u2013 graudos tiek izmantots tikai br\u016bnais r\u012bss. Pilngraudu r\u012bss netiek apstr\u0101d\u0101ts, t\u0101d\u0113j\u0101di saglab\u0101jot vair\u0101k \u0161\u0137iedrvielu (svar\u012bgi norm\u0101lai gremo\u0161anai), prote\u012bnus, fosforu, mang\u0101nu, dzelzi un magniju. Bar\u012bba ir hipoaler\u0123iska \u2013 nesatur sast\u0101vda\u013cas ar aler\u0123ijas potenci\u0101lu, piem\u0113ram, soju, kvie\u0161us, kukur\u016bzu, liellopa vai vistas ga\u013cu, blakusproduktus, cukuru, m\u0101ksl\u012bgus konservantus, aromatiz\u0113t\u0101jus, kr\u0101svielas vai \u0122MO. Galven\u0101s priek\u0161roc\u012bbas:     Augsts ga\u013cas saturs \u2013 vair\u0101k nek\u0101 18\u202fkg svaigas ga\u013cas (Ib\u0113rijas pusm\u012bl\u0101s c\u016bkas + j\u0113ra ga\u013ca) 12\u202fkg bar\u012bbas ra\u017eo\u0161anai.    Hipoaler\u0123iska \u2013 nesatur aler\u0123iju izraiso\u0161as sast\u0101vda\u013cas (liellopa ga\u013cu, vistas olbaltumu, kvie\u0161us, kukur\u016bzu, olas, soju).    Bez glut\u0113na \u2013 tikai pilngraudu br\u016bnais r\u012bss, viegli sagremojams un bag\u0101ts ar \u0161\u0137iedrviel\u0101m.    100\u202f% dab\u012bga \u2013 bez m\u0101ksl\u012bgiem konservantiem, kr\u0101sviel\u0101m, aromatiz\u0113t\u0101jiem vai \u0122MO.    Funkcion\u0101las piedevas:     Raugs un ekstrakti \u2013 B vitam\u012bni, gremo\u0161anas enz\u012bmi, pretest\u012bba    MOS un FOS (prebiotikas) \u2013 gremo\u0161anas atbalsts    Zivju e\u013c\u013ca \u2013 Omega\u20113 (EPA un DHA)    Glikozam\u012bns un hondroit\u012bns \u2013 loc\u012btav\u0101m    Yucca, a\u013c\u0123es, \u010dia, ol\u012bve\u013c\u013ca \u2013 dab\u012bgi antioksidanti un pretiekaisuma savienojumi     Sast\u0101vs: Ib\u0113rijas c\u016bkas un j\u0113ra ga\u013ca (38\u202f%), br\u016bnais r\u012bss (28\u202f%), putnu tauki (10\u202f%), zir\u0146i (8\u202f%), karobu milti (2\u202f%), bietes masa (2\u202f%), ol\u012bvu ekstrakts, raugs (MOS &amp; \u03b2-glik\u0101ni), zir\u0146u \u0161\u0137iedra, hidroliz\u0113ts c\u016bkas olbaltums, zivju e\u013c\u013ca, inul\u012bns (FOS), \u010dia s\u0113klas, a\u013c\u0123es (Ascophyllum nodosum), hidroliz\u0113ti j\u016bras mo\u0161\u0137i (glikozam\u012bns), hidroliz\u0113ts skrimslis (kondro\u012bt\u012bns), Yucca schidigera. Anal\u012btiskie dati: Prote\u012bns 29\u202f%, tauki 16\u202f%, \u0161\u0137iedrvielas 2,5\u202f%, pelni 7,6\u202f%, kalcijs 1,75\u202f%, fosfors 1\u202f%, mitrums 9\u202f%, glikozam\u012bns 320\u202fmg\/kg, kondroit\u012bns 200\u202fmg\/kg. Piedevas \/ kg: A vitam\u012bns 15\u202f000\u202fIU, D3 vitam\u012bns 1\u202f800\u202fIU, E vitam\u012bns 200\u202fmg, C vitam\u012bns 100\u202fmg, L\u2011karnit\u012bns 40\u202fmg, taur\u012bns 500\u202fmg, dzelzs 75\u202fmg, var\u0161 10\u202fmg, mang\u0101ns 25\u202fmg, cinks 110\u202fmg, jods 2\u202fmg, sel\u0113ns 0,1\u202fmg. Metaboliski pieejam\u0101 ener\u0123ija: 3\u202f825\u202fkcal\/kg.\" \/>\n<meta property=\"og:url\" content=\"https:\/\/miumjau.ee\/lv\/produkts\/ibero-natural-medium-adult-ar-iberijas-cukas-un-jera-galu-12-kg\/\" \/>\n<meta property=\"og:site_name\" content=\"MiuMjau\" \/>\n<meta property=\"article:publisher\" content=\"https:\/\/www.facebook.com\/miumjaupood\/\" \/>\n<meta property=\"article:modified_time\" content=\"2026-01-07T19:18:10+00:00\" \/>\n<meta property=\"og:image\" content=\"https:\/\/miumjau.ee\/wp-content\/uploads\/2025\/07\/ibero-medium-adult-3kg-iberian-pork-lamb.jpg\" \/>\n\t<meta property=\"og:image:width\" content=\"600\" \/>\n\t<meta property=\"og:image:height\" content=\"800\" \/>\n\t<meta property=\"og:image:type\" content=\"image\/jpeg\" \/>\n<meta name=\"twitter:card\" content=\"summary_large_image\" \/>\n<script type=\"application\/ld+json\" class=\"yoast-schema-graph\">{\"@context\":\"https:\\\/\\\/schema.org\",\"@graph\":[{\"@type\":\"WebPage\",\"@id\":\"https:\\\/\\\/miumjau.ee\\\/lv\\\/produkts\\\/ibero-natural-medium-adult-ar-iberijas-cukas-un-jera-galu-12-kg\\\/\",\"url\":\"https:\\\/\\\/miumjau.ee\\\/lv\\\/produkts\\\/ibero-natural-medium-adult-ar-iberijas-cukas-un-jera-galu-12-kg\\\/\",\"name\":\"Ibero Natural Medium Adult ar Ib\u0113rijas c\u016bkas un j\u0113ra ga\u013cu 12\u202fkg - MiuMjau\",\"isPartOf\":{\"@id\":\"https:\\\/\\\/miumjau.ee\\\/#website\"},\"primaryImageOfPage\":{\"@id\":\"https:\\\/\\\/miumjau.ee\\\/lv\\\/produkts\\\/ibero-natural-medium-adult-ar-iberijas-cukas-un-jera-galu-12-kg\\\/#primaryimage\"},\"image\":{\"@id\":\"https:\\\/\\\/miumjau.ee\\\/lv\\\/produkts\\\/ibero-natural-medium-adult-ar-iberijas-cukas-un-jera-galu-12-kg\\\/#primaryimage\"},\"thumbnailUrl\":\"https:\\\/\\\/miumjau.ee\\\/wp-content\\\/uploads\\\/2025\\\/07\\\/ibero-medium-adult-3kg-iberian-pork-lamb.jpg\",\"datePublished\":\"2025-07-23T07:50:42+00:00\",\"dateModified\":\"2026-01-07T19:18:10+00:00\",\"breadcrumb\":{\"@id\":\"https:\\\/\\\/miumjau.ee\\\/lv\\\/produkts\\\/ibero-natural-medium-adult-ar-iberijas-cukas-un-jera-galu-12-kg\\\/#breadcrumb\"},\"inLanguage\":\"lv-LV\",\"potentialAction\":[{\"@type\":\"ReadAction\",\"target\":[\"https:\\\/\\\/miumjau.ee\\\/lv\\\/produkts\\\/ibero-natural-medium-adult-ar-iberijas-cukas-un-jera-galu-12-kg\\\/\"]}]},{\"@type\":\"ImageObject\",\"inLanguage\":\"lv-LV\",\"@id\":\"https:\\\/\\\/miumjau.ee\\\/lv\\\/produkts\\\/ibero-natural-medium-adult-ar-iberijas-cukas-un-jera-galu-12-kg\\\/#primaryimage\",\"url\":\"https:\\\/\\\/miumjau.ee\\\/wp-content\\\/uploads\\\/2025\\\/07\\\/ibero-medium-adult-3kg-iberian-pork-lamb.jpg\",\"contentUrl\":\"https:\\\/\\\/miumjau.ee\\\/wp-content\\\/uploads\\\/2025\\\/07\\\/ibero-medium-adult-3kg-iberian-pork-lamb.jpg\",\"width\":600,\"height\":800},{\"@type\":\"BreadcrumbList\",\"@id\":\"https:\\\/\\\/miumjau.ee\\\/lv\\\/produkts\\\/ibero-natural-medium-adult-ar-iberijas-cukas-un-jera-galu-12-kg\\\/#breadcrumb\",\"itemListElement\":[{\"@type\":\"ListItem\",\"position\":1,\"name\":\"Home\",\"item\":\"https:\\\/\\\/miumjau.ee\\\/lv\\\/\"},{\"@type\":\"ListItem\",\"position\":2,\"name\":\"Veikals\",\"item\":\"https:\\\/\\\/miumjau.ee\\\/lv\\\/veikals\\\/\"},{\"@type\":\"ListItem\",\"position\":3,\"name\":\"Ibero Natural Medium Adult ar Ib\u0113rijas c\u016bkas un j\u0113ra ga\u013cu 12\u202fkg\"}]},{\"@type\":\"WebSite\",\"@id\":\"https:\\\/\\\/miumjau.ee\\\/#website\",\"url\":\"https:\\\/\\\/miumjau.ee\\\/\",\"name\":\"MiuMjau\",\"description\":\"Kraapimispuud kassidele\",\"publisher\":{\"@id\":\"https:\\\/\\\/miumjau.ee\\\/#organization\"},\"potentialAction\":[{\"@type\":\"SearchAction\",\"target\":{\"@type\":\"EntryPoint\",\"urlTemplate\":\"https:\\\/\\\/miumjau.ee\\\/?s={search_term_string}\"},\"query-input\":{\"@type\":\"PropertyValueSpecification\",\"valueRequired\":true,\"valueName\":\"search_term_string\"}}],\"inLanguage\":\"lv-LV\"},{\"@type\":\"Organization\",\"@id\":\"https:\\\/\\\/miumjau.ee\\\/#organization\",\"name\":\"MiuMjau O\u00dc\",\"url\":\"https:\\\/\\\/miumjau.ee\\\/\",\"logo\":{\"@type\":\"ImageObject\",\"inLanguage\":\"lv-LV\",\"@id\":\"https:\\\/\\\/miumjau.ee\\\/#\\\/schema\\\/logo\\\/image\\\/\",\"url\":\"https:\\\/\\\/miumjau.ee\\\/wp-content\\\/uploads\\\/2022\\\/04\\\/MiuMjau-logo-kollane.png\",\"contentUrl\":\"https:\\\/\\\/miumjau.ee\\\/wp-content\\\/uploads\\\/2022\\\/04\\\/MiuMjau-logo-kollane.png\",\"width\":219,\"height\":100,\"caption\":\"MiuMjau O\u00dc\"},\"image\":{\"@id\":\"https:\\\/\\\/miumjau.ee\\\/#\\\/schema\\\/logo\\\/image\\\/\"},\"sameAs\":[\"https:\\\/\\\/www.facebook.com\\\/miumjaupood\\\/\"]}]}<\/script>\n<!-- \/ Yoast SEO plugin. -->","yoast_head_json":{"title":"Ibero Natural Medium Adult ar Ib\u0113rijas c\u016bkas un j\u0113ra ga\u013cu 12\u202fkg - MiuMjau","robots":{"index":"index","follow":"follow","max-snippet":"max-snippet:-1","max-image-preview":"max-image-preview:large","max-video-preview":"max-video-preview:-1"},"canonical":"https:\/\/miumjau.ee\/lv\/produkts\/ibero-natural-medium-adult-ar-iberijas-cukas-un-jera-galu-12-kg\/","og_locale":"lv_LV","og_type":"article","og_title":"Ibero Natural Medium Adult ar Ib\u0113rijas c\u016bkas un j\u0113ra ga\u013cu 12\u202fkg - MiuMjau","og_description":"Suns, t\u0101pat k\u0101 t\u0101 sen\u010di vilki, prasa daudzveid\u012bgu bar\u012bbu, kas nodro\u0161ina visas nepiecie\u0161am\u0101s uzturvielas un uztur to lielisk\u0101 form\u0101. Ibero NATURAL bar\u012bbas rad\u012b\u0161anas iedvesma n\u0101kusi no Ib\u0113rijas vilkiem, kuri sav\u0101 dzimten\u0113 med\u012b galvenok\u0101rt pusm\u012bl\u0101s meln\u0101s c\u016bkas, k\u0101 ar\u012b j\u0113rus, brie\u017eus un citus z\u012bd\u012bt\u0101jus. \u0160o dabisko ciklu iev\u0113ro ar\u012b m\u016bsdienu su\u0146u baro\u0161anas tendences, kur Ibero NATURAL superpremium klases bar\u012bbas ra\u017eo\u0161an\u0101 tiek izmantotas tikai kvalitat\u012bvas, viet\u0113j\u0101s Sp\u0101nijas saimniec\u012bb\u0101s audz\u0113tas dab\u012bgas sast\u0101vda\u013cas. Galven\u0101s sast\u0101vda\u013cas ir Ib\u0113rijas c\u016bkas un j\u0113ra ga\u013ca. \u0160\u012b bar\u012bba ir piem\u0113rota pieaugu\u0161iem, vid\u0113ji lieliem su\u0146iem l\u012bdz 25\u202fkg. Ibero Natural graudi satur zemu graudu daudzumu \u2013 graudos tiek izmantots tikai br\u016bnais r\u012bss. Pilngraudu r\u012bss netiek apstr\u0101d\u0101ts, t\u0101d\u0113j\u0101di saglab\u0101jot vair\u0101k \u0161\u0137iedrvielu (svar\u012bgi norm\u0101lai gremo\u0161anai), prote\u012bnus, fosforu, mang\u0101nu, dzelzi un magniju. Bar\u012bba ir hipoaler\u0123iska \u2013 nesatur sast\u0101vda\u013cas ar aler\u0123ijas potenci\u0101lu, piem\u0113ram, soju, kvie\u0161us, kukur\u016bzu, liellopa vai vistas ga\u013cu, blakusproduktus, cukuru, m\u0101ksl\u012bgus konservantus, aromatiz\u0113t\u0101jus, kr\u0101svielas vai \u0122MO. Galven\u0101s priek\u0161roc\u012bbas:     Augsts ga\u013cas saturs \u2013 vair\u0101k nek\u0101 18\u202fkg svaigas ga\u013cas (Ib\u0113rijas pusm\u012bl\u0101s c\u016bkas + j\u0113ra ga\u013ca) 12\u202fkg bar\u012bbas ra\u017eo\u0161anai.    Hipoaler\u0123iska \u2013 nesatur aler\u0123iju izraiso\u0161as sast\u0101vda\u013cas (liellopa ga\u013cu, vistas olbaltumu, kvie\u0161us, kukur\u016bzu, olas, soju).    Bez glut\u0113na \u2013 tikai pilngraudu br\u016bnais r\u012bss, viegli sagremojams un bag\u0101ts ar \u0161\u0137iedrviel\u0101m.    100\u202f% dab\u012bga \u2013 bez m\u0101ksl\u012bgiem konservantiem, kr\u0101sviel\u0101m, aromatiz\u0113t\u0101jiem vai \u0122MO.    Funkcion\u0101las piedevas:     Raugs un ekstrakti \u2013 B vitam\u012bni, gremo\u0161anas enz\u012bmi, pretest\u012bba    MOS un FOS (prebiotikas) \u2013 gremo\u0161anas atbalsts    Zivju e\u013c\u013ca \u2013 Omega\u20113 (EPA un DHA)    Glikozam\u012bns un hondroit\u012bns \u2013 loc\u012btav\u0101m    Yucca, a\u013c\u0123es, \u010dia, ol\u012bve\u013c\u013ca \u2013 dab\u012bgi antioksidanti un pretiekaisuma savienojumi     Sast\u0101vs: Ib\u0113rijas c\u016bkas un j\u0113ra ga\u013ca (38\u202f%), br\u016bnais r\u012bss (28\u202f%), putnu tauki (10\u202f%), zir\u0146i (8\u202f%), karobu milti (2\u202f%), bietes masa (2\u202f%), ol\u012bvu ekstrakts, raugs (MOS &amp; \u03b2-glik\u0101ni), zir\u0146u \u0161\u0137iedra, hidroliz\u0113ts c\u016bkas olbaltums, zivju e\u013c\u013ca, inul\u012bns (FOS), \u010dia s\u0113klas, a\u013c\u0123es (Ascophyllum nodosum), hidroliz\u0113ti j\u016bras mo\u0161\u0137i (glikozam\u012bns), hidroliz\u0113ts skrimslis (kondro\u012bt\u012bns), Yucca schidigera. Anal\u012btiskie dati: Prote\u012bns 29\u202f%, tauki 16\u202f%, \u0161\u0137iedrvielas 2,5\u202f%, pelni 7,6\u202f%, kalcijs 1,75\u202f%, fosfors 1\u202f%, mitrums 9\u202f%, glikozam\u012bns 320\u202fmg\/kg, kondroit\u012bns 200\u202fmg\/kg. Piedevas \/ kg: A vitam\u012bns 15\u202f000\u202fIU, D3 vitam\u012bns 1\u202f800\u202fIU, E vitam\u012bns 200\u202fmg, C vitam\u012bns 100\u202fmg, L\u2011karnit\u012bns 40\u202fmg, taur\u012bns 500\u202fmg, dzelzs 75\u202fmg, var\u0161 10\u202fmg, mang\u0101ns 25\u202fmg, cinks 110\u202fmg, jods 2\u202fmg, sel\u0113ns 0,1\u202fmg. Metaboliski pieejam\u0101 ener\u0123ija: 3\u202f825\u202fkcal\/kg.","og_url":"https:\/\/miumjau.ee\/lv\/produkts\/ibero-natural-medium-adult-ar-iberijas-cukas-un-jera-galu-12-kg\/","og_site_name":"MiuMjau","article_publisher":"https:\/\/www.facebook.com\/miumjaupood\/","article_modified_time":"2026-01-07T19:18:10+00:00","og_image":[{"width":600,"height":800,"url":"https:\/\/miumjau.ee\/wp-content\/uploads\/2025\/07\/ibero-medium-adult-3kg-iberian-pork-lamb.jpg","type":"image\/jpeg"}],"twitter_card":"summary_large_image","schema":{"@context":"https:\/\/schema.org","@graph":[{"@type":"WebPage","@id":"https:\/\/miumjau.ee\/lv\/produkts\/ibero-natural-medium-adult-ar-iberijas-cukas-un-jera-galu-12-kg\/","url":"https:\/\/miumjau.ee\/lv\/produkts\/ibero-natural-medium-adult-ar-iberijas-cukas-un-jera-galu-12-kg\/","name":"Ibero Natural Medium Adult ar Ib\u0113rijas c\u016bkas un j\u0113ra ga\u013cu 12\u202fkg - MiuMjau","isPartOf":{"@id":"https:\/\/miumjau.ee\/#website"},"primaryImageOfPage":{"@id":"https:\/\/miumjau.ee\/lv\/produkts\/ibero-natural-medium-adult-ar-iberijas-cukas-un-jera-galu-12-kg\/#primaryimage"},"image":{"@id":"https:\/\/miumjau.ee\/lv\/produkts\/ibero-natural-medium-adult-ar-iberijas-cukas-un-jera-galu-12-kg\/#primaryimage"},"thumbnailUrl":"https:\/\/miumjau.ee\/wp-content\/uploads\/2025\/07\/ibero-medium-adult-3kg-iberian-pork-lamb.jpg","datePublished":"2025-07-23T07:50:42+00:00","dateModified":"2026-01-07T19:18:10+00:00","breadcrumb":{"@id":"https:\/\/miumjau.ee\/lv\/produkts\/ibero-natural-medium-adult-ar-iberijas-cukas-un-jera-galu-12-kg\/#breadcrumb"},"inLanguage":"lv-LV","potentialAction":[{"@type":"ReadAction","target":["https:\/\/miumjau.ee\/lv\/produkts\/ibero-natural-medium-adult-ar-iberijas-cukas-un-jera-galu-12-kg\/"]}]},{"@type":"ImageObject","inLanguage":"lv-LV","@id":"https:\/\/miumjau.ee\/lv\/produkts\/ibero-natural-medium-adult-ar-iberijas-cukas-un-jera-galu-12-kg\/#primaryimage","url":"https:\/\/miumjau.ee\/wp-content\/uploads\/2025\/07\/ibero-medium-adult-3kg-iberian-pork-lamb.jpg","contentUrl":"https:\/\/miumjau.ee\/wp-content\/uploads\/2025\/07\/ibero-medium-adult-3kg-iberian-pork-lamb.jpg","width":600,"height":800},{"@type":"BreadcrumbList","@id":"https:\/\/miumjau.ee\/lv\/produkts\/ibero-natural-medium-adult-ar-iberijas-cukas-un-jera-galu-12-kg\/#breadcrumb","itemListElement":[{"@type":"ListItem","position":1,"name":"Home","item":"https:\/\/miumjau.ee\/lv\/"},{"@type":"ListItem","position":2,"name":"Veikals","item":"https:\/\/miumjau.ee\/lv\/veikals\/"},{"@type":"ListItem","position":3,"name":"Ibero Natural Medium Adult ar Ib\u0113rijas c\u016bkas un j\u0113ra ga\u013cu 12\u202fkg"}]},{"@type":"WebSite","@id":"https:\/\/miumjau.ee\/#website","url":"https:\/\/miumjau.ee\/","name":"MiuMjau","description":"Kraapimispuud kassidele","publisher":{"@id":"https:\/\/miumjau.ee\/#organization"},"potentialAction":[{"@type":"SearchAction","target":{"@type":"EntryPoint","urlTemplate":"https:\/\/miumjau.ee\/?s={search_term_string}"},"query-input":{"@type":"PropertyValueSpecification","valueRequired":true,"valueName":"search_term_string"}}],"inLanguage":"lv-LV"},{"@type":"Organization","@id":"https:\/\/miumjau.ee\/#organization","name":"MiuMjau O\u00dc","url":"https:\/\/miumjau.ee\/","logo":{"@type":"ImageObject","inLanguage":"lv-LV","@id":"https:\/\/miumjau.ee\/#\/schema\/logo\/image\/","url":"https:\/\/miumjau.ee\/wp-content\/uploads\/2022\/04\/MiuMjau-logo-kollane.png","contentUrl":"https:\/\/miumjau.ee\/wp-content\/uploads\/2022\/04\/MiuMjau-logo-kollane.png","width":219,"height":100,"caption":"MiuMjau O\u00dc"},"image":{"@id":"https:\/\/miumjau.ee\/#\/schema\/logo\/image\/"},"sameAs":["https:\/\/www.facebook.com\/miumjaupood\/"]}]}},"_links":{"self":[{"href":"https:\/\/miumjau.ee\/lv\/wp-json\/wp\/v2\/product\/48580","targetHints":{"allow":["GET"]}}],"collection":[{"href":"https:\/\/miumjau.ee\/lv\/wp-json\/wp\/v2\/product"}],"about":[{"href":"https:\/\/miumjau.ee\/lv\/wp-json\/wp\/v2\/types\/product"}],"wp:featuredmedia":[{"embeddable":true,"href":"https:\/\/miumjau.ee\/lv\/wp-json\/wp\/v2\/media\/48579"}],"wp:attachment":[{"href":"https:\/\/miumjau.ee\/lv\/wp-json\/wp\/v2\/media?parent=48580"}],"wp:term":[{"taxonomy":"product_brand","embeddable":true,"href":"https:\/\/miumjau.ee\/lv\/wp-json\/wp\/v2\/product_brand?post=48580"},{"taxonomy":"product_cat","embeddable":true,"href":"https:\/\/miumjau.ee\/lv\/wp-json\/wp\/v2\/product_cat?post=48580"},{"taxonomy":"product_tag","embeddable":true,"href":"https:\/\/miumjau.ee\/lv\/wp-json\/wp\/v2\/product_tag?post=48580"}],"curies":[{"name":"wp","href":"https:\/\/api.w.org\/{rel}","templated":true}]}}