{"id":48575,"date":"2025-07-23T10:42:25","date_gmt":"2025-07-23T07:42:25","guid":{"rendered":"https:\/\/miumjau.ee\/toode\/ibero-natural-medium-junior-ar-iberijas-cukas-un-jera-galu-3-kg\/"},"modified":"2026-01-17T17:23:02","modified_gmt":"2026-01-17T15:23:02","slug":"ibero-natural-medium-junior-ar-iberijas-cukas-un-jera-galu-3-kg","status":"publish","type":"product","link":"https:\/\/miumjau.ee\/lv\/produkts\/ibero-natural-medium-junior-ar-iberijas-cukas-un-jera-galu-3-kg\/","title":{"rendered":"Ibero Natural Medium Junior ar Ib\u0113rijas c\u016bkas un j\u0113ra ga\u013cu 3\u202fkg"},"content":{"rendered":"","protected":false},"excerpt":{"rendered":"<p data-start=\"105\" data-end=\"676\">Suns, t\u0101pat k\u0101 t\u0101 sen\u010di vilki, prasa daudzveid\u012bgu bar\u012bbu, kas nodro\u0161ina visas nepiecie\u0161am\u0101s uzturvielas un uztur to lielisk\u0101 form\u0101. Ibero NATURAL bar\u012bbas rad\u012b\u0161anas iedvesma n\u0101kusi no Ib\u0113rijas vilkiem, kuri sav\u0101 dzimten\u0113 med\u012b galvenok\u0101rt pusm\u012bl\u0101s meln\u0101s c\u016bkas, k\u0101 ar\u012b j\u0113rus, brie\u017eus un citus z\u012bd\u012bt\u0101jus. \u0160o dabisko ciklu iev\u0113ro ar\u012b m\u016bsdienu su\u0146u baro\u0161anas tendences, kur Ibero NATURAL superpremium klases bar\u012bbas ra\u017eo\u0161an\u0101 tiek izmantotas tikai kvalitat\u012bvas, viet\u0113j\u0101s Sp\u0101nijas saimniec\u012bb\u0101s audz\u0113tas dab\u012bgas sast\u0101vda\u013cas. Galven\u0101s sast\u0101vda\u013cas ir Ib\u0113rijas c\u016bkas un j\u0113ra ga\u013ca.<\/p>\n<p data-start=\"678\" data-end=\"778\">\u0160\u012b bar\u012bba ir piem\u0113rota kuc\u0113niem no 8. dz\u012bves ned\u0113\u013cas, kuru pieaugu\u0161ais svars paredzams l\u012bdz 25\u202fkg.<\/p>\n<p data-start=\"780\" data-end=\"1244\">Ibero Natural graudi satur zemu graudu daudzumu \u2013 graudos tiek izmantots tikai br\u016bnais r\u012bss. Pilngraudu r\u012bss netiek apstr\u0101d\u0101ts, t\u0101d\u0113j\u0101di saglab\u0101jot vair\u0101k \u0161\u0137iedrvielu (svar\u012bgi norm\u0101lai gremo\u0161anai), prote\u012bnus, fosforu, mang\u0101nu, dzelzi un magniju. Bar\u012bba ir hipoaler\u0123iska \u2013 nesatur sast\u0101vda\u013cas ar aler\u0123ijas potenci\u0101lu, piem\u0113ram, soju, kvie\u0161us, kukur\u016bzu, liellopa vai vistas ga\u013cu, blakusproduktus, cukuru, m\u0101ksl\u012bgus konservantus, aromatiz\u0113t\u0101jus, kr\u0101svielas vai \u0122MO.<\/p>\n<p data-start=\"1246\" data-end=\"1334\">100\u202f% dab\u012bga bar\u012bba, kas gatavota no augstas kvalit\u0101tes viet\u0113j\u0101m Sp\u0101nijas sast\u0101vda\u013c\u0101m.<\/p>\n<p data-start=\"1336\" data-end=\"1463\"><strong data-start=\"1336\" data-end=\"1361\">Galven\u0101s sast\u0101vda\u013cas:<\/strong> Ib\u0113rijas pusm\u012bl\u0101s c\u016bkas un j\u0113ra ga\u013ca \u2013 bag\u0101ta ar prote\u012bniem, B vitam\u012bniem, dzelzi, cinku un k\u0101liju.<\/p>\n<p data-start=\"1465\" data-end=\"1608\"><strong data-start=\"1465\" data-end=\"1490\">Hipoaler\u0123iska sast\u0101vs<\/strong> \u2013 nesatur aler\u0123iskas sast\u0101vda\u013cas (liellopa ga\u013ca, vistas olbaltums, kvie\u0161i, kukur\u016bza, ola, soja) un blakusproduktus.<\/p>\n<p data-start=\"1610\" data-end=\"1714\"><strong data-start=\"1610\" data-end=\"1625\">Bez glut\u0113na<\/strong> \u2013 satur tikai pilngraudu br\u016bno r\u012bsu, kas atbalsta gremo\u0161anu, pateicoties \u0161\u0137iedrviel\u0101m.<\/p>\n<p data-start=\"1716\" data-end=\"1902\"><strong data-start=\"1716\" data-end=\"1742\">Funkcion\u0101las piedevas:<\/strong> raugs (MOS, \u03b2-glik\u0101ni), zivju e\u013c\u013ca (omega\u20113), inul\u012bns (FOS), \u010dia s\u0113klas, j\u016bras a\u013c\u0123es, karobu milti, ol\u012bvu ekstrakts, glikozam\u012bns, hondroit\u012bns, juka, taur\u012bns.<\/p>\n<p data-start=\"1904\" data-end=\"2348\"><strong data-start=\"1904\" data-end=\"1916\">Sast\u0101vs:<\/strong> kalt\u0113ta Ib\u0113rijas c\u016bkas un j\u0113ra ga\u013ca (39\u202f%), br\u016bnais r\u012bss (26\u202f%), putnu tauki (12\u202f%), zir\u0146i (10\u202f%), karobu milti (2\u202f%), bietes masa (2\u202f%), ol\u012bvu ekstrakts, raugs (Saccharomyces cerevisiae \u2013 MOS un \u03b2-glik\u0101nu avots), j\u016bras a\u013c\u0123es, hidroliz\u0113ts c\u016bkas olbaltums, zivju e\u013c\u013ca, inul\u012bns, \u010dia s\u0113klas, j\u016bras a\u013c\u0123es (Ascophyllum nodosum), hidroliz\u0113ti j\u016bras mo\u0161\u0137i (glikozam\u012bna avots), hidroliz\u0113ts skrimslis (kondro\u012bt\u012bna avots), Yucca schidigera.<\/p>\n<p data-start=\"2350\" data-end=\"2601\"><strong data-start=\"2350\" data-end=\"2363\">Piedevas:<\/strong> A vitam\u012bns 24\u202f000\u202fIU\/kg, D3 vitam\u012bns 2\u202f000\u202fIU\/kg, E vitam\u012bns 240\u202fmg\/kg, C vitam\u012bns 120\u202fmg\/kg, L-karnit\u012bns 48\u202fmg\/kg, taur\u012bns 600\u202fmg\/kg, dzelzs 90\u202fmg\/kg, var\u0161 12\u202fmg\/kg, mang\u0101ns 30\u202fmg\/kg, cinks 130\u202fmg\/kg, jods 2,4\u202fmg\/kg, sel\u0113ns 0,1\u202fmg\/kg.<\/p>\n<p data-start=\"2603\" data-end=\"2652\" data-is-last-node=\"\" data-is-only-node=\"\"><strong data-start=\"2603\" data-end=\"2637\">Metaboliski pieejam\u0101 ener\u0123ija:<\/strong> 3\u202f950\u202fkcal\/kg.<\/p>\n","protected":false},"featured_media":48576,"template":"","meta":[],"product_brand":[],"product_cat":[573,575],"product_tag":[],"class_list":{"0":"post-48575","1":"product","2":"type-product","3":"status-publish","4":"has-post-thumbnail","6":"product_cat-kaup24-lv","7":"product_cat-sausa-bariba-suniem","9":"first","10":"instock","11":"sale","12":"taxable","13":"shipping-taxable","14":"purchasable","15":"product-type-simple"},"yoast_head":"<!-- This site is optimized with the Yoast SEO plugin v27.4 - https:\/\/yoast.com\/product\/yoast-seo-wordpress\/ -->\n<title>Ibero Natural Medium Junior ar Ib\u0113rijas c\u016bkas un j\u0113ra ga\u013cu 3\u202fkg - MiuMjau<\/title>\n<meta name=\"robots\" content=\"index, follow, max-snippet:-1, max-image-preview:large, max-video-preview:-1\" \/>\n<link rel=\"canonical\" href=\"https:\/\/miumjau.ee\/lv\/produkts\/ibero-natural-medium-junior-ar-iberijas-cukas-un-jera-galu-3-kg\/\" \/>\n<meta property=\"og:locale\" content=\"lv_LV\" \/>\n<meta property=\"og:type\" content=\"article\" \/>\n<meta property=\"og:title\" content=\"Ibero Natural Medium Junior ar Ib\u0113rijas c\u016bkas un j\u0113ra ga\u013cu 3\u202fkg - MiuMjau\" \/>\n<meta property=\"og:description\" content=\"Suns, t\u0101pat k\u0101 t\u0101 sen\u010di vilki, prasa daudzveid\u012bgu bar\u012bbu, kas nodro\u0161ina visas nepiecie\u0161am\u0101s uzturvielas un uztur to lielisk\u0101 form\u0101. Ibero NATURAL bar\u012bbas rad\u012b\u0161anas iedvesma n\u0101kusi no Ib\u0113rijas vilkiem, kuri sav\u0101 dzimten\u0113 med\u012b galvenok\u0101rt pusm\u012bl\u0101s meln\u0101s c\u016bkas, k\u0101 ar\u012b j\u0113rus, brie\u017eus un citus z\u012bd\u012bt\u0101jus. \u0160o dabisko ciklu iev\u0113ro ar\u012b m\u016bsdienu su\u0146u baro\u0161anas tendences, kur Ibero NATURAL superpremium klases bar\u012bbas ra\u017eo\u0161an\u0101 tiek izmantotas tikai kvalitat\u012bvas, viet\u0113j\u0101s Sp\u0101nijas saimniec\u012bb\u0101s audz\u0113tas dab\u012bgas sast\u0101vda\u013cas. Galven\u0101s sast\u0101vda\u013cas ir Ib\u0113rijas c\u016bkas un j\u0113ra ga\u013ca. \u0160\u012b bar\u012bba ir piem\u0113rota kuc\u0113niem no 8. dz\u012bves ned\u0113\u013cas, kuru pieaugu\u0161ais svars paredzams l\u012bdz 25\u202fkg. Ibero Natural graudi satur zemu graudu daudzumu \u2013 graudos tiek izmantots tikai br\u016bnais r\u012bss. Pilngraudu r\u012bss netiek apstr\u0101d\u0101ts, t\u0101d\u0113j\u0101di saglab\u0101jot vair\u0101k \u0161\u0137iedrvielu (svar\u012bgi norm\u0101lai gremo\u0161anai), prote\u012bnus, fosforu, mang\u0101nu, dzelzi un magniju. Bar\u012bba ir hipoaler\u0123iska \u2013 nesatur sast\u0101vda\u013cas ar aler\u0123ijas potenci\u0101lu, piem\u0113ram, soju, kvie\u0161us, kukur\u016bzu, liellopa vai vistas ga\u013cu, blakusproduktus, cukuru, m\u0101ksl\u012bgus konservantus, aromatiz\u0113t\u0101jus, kr\u0101svielas vai \u0122MO. 100\u202f% dab\u012bga bar\u012bba, kas gatavota no augstas kvalit\u0101tes viet\u0113j\u0101m Sp\u0101nijas sast\u0101vda\u013c\u0101m. Galven\u0101s sast\u0101vda\u013cas: Ib\u0113rijas pusm\u012bl\u0101s c\u016bkas un j\u0113ra ga\u013ca \u2013 bag\u0101ta ar prote\u012bniem, B vitam\u012bniem, dzelzi, cinku un k\u0101liju. Hipoaler\u0123iska sast\u0101vs \u2013 nesatur aler\u0123iskas sast\u0101vda\u013cas (liellopa ga\u013ca, vistas olbaltums, kvie\u0161i, kukur\u016bza, ola, soja) un blakusproduktus. Bez glut\u0113na \u2013 satur tikai pilngraudu br\u016bno r\u012bsu, kas atbalsta gremo\u0161anu, pateicoties \u0161\u0137iedrviel\u0101m. Funkcion\u0101las piedevas: raugs (MOS, \u03b2-glik\u0101ni), zivju e\u013c\u013ca (omega\u20113), inul\u012bns (FOS), \u010dia s\u0113klas, j\u016bras a\u013c\u0123es, karobu milti, ol\u012bvu ekstrakts, glikozam\u012bns, hondroit\u012bns, juka, taur\u012bns. Sast\u0101vs: kalt\u0113ta Ib\u0113rijas c\u016bkas un j\u0113ra ga\u013ca (39\u202f%), br\u016bnais r\u012bss (26\u202f%), putnu tauki (12\u202f%), zir\u0146i (10\u202f%), karobu milti (2\u202f%), bietes masa (2\u202f%), ol\u012bvu ekstrakts, raugs (Saccharomyces cerevisiae \u2013 MOS un \u03b2-glik\u0101nu avots), j\u016bras a\u013c\u0123es, hidroliz\u0113ts c\u016bkas olbaltums, zivju e\u013c\u013ca, inul\u012bns, \u010dia s\u0113klas, j\u016bras a\u013c\u0123es (Ascophyllum nodosum), hidroliz\u0113ti j\u016bras mo\u0161\u0137i (glikozam\u012bna avots), hidroliz\u0113ts skrimslis (kondro\u012bt\u012bna avots), Yucca schidigera. Piedevas: A vitam\u012bns 24\u202f000\u202fIU\/kg, D3 vitam\u012bns 2\u202f000\u202fIU\/kg, E vitam\u012bns 240\u202fmg\/kg, C vitam\u012bns 120\u202fmg\/kg, L-karnit\u012bns 48\u202fmg\/kg, taur\u012bns 600\u202fmg\/kg, dzelzs 90\u202fmg\/kg, var\u0161 12\u202fmg\/kg, mang\u0101ns 30\u202fmg\/kg, cinks 130\u202fmg\/kg, jods 2,4\u202fmg\/kg, sel\u0113ns 0,1\u202fmg\/kg. Metaboliski pieejam\u0101 ener\u0123ija: 3\u202f950\u202fkcal\/kg.\" \/>\n<meta property=\"og:url\" content=\"https:\/\/miumjau.ee\/lv\/produkts\/ibero-natural-medium-junior-ar-iberijas-cukas-un-jera-galu-3-kg\/\" \/>\n<meta property=\"og:site_name\" content=\"MiuMjau\" \/>\n<meta property=\"article:publisher\" content=\"https:\/\/www.facebook.com\/miumjaupood\/\" \/>\n<meta property=\"article:modified_time\" content=\"2026-01-17T15:23:02+00:00\" \/>\n<meta property=\"og:image\" content=\"https:\/\/miumjau.ee\/wp-content\/uploads\/2025\/07\/ibero-medium-junior-3kg-iberian-pork-lamb.jpg\" \/>\n\t<meta property=\"og:image:width\" content=\"600\" \/>\n\t<meta property=\"og:image:height\" content=\"800\" \/>\n\t<meta property=\"og:image:type\" content=\"image\/jpeg\" \/>\n<meta name=\"twitter:card\" content=\"summary_large_image\" \/>\n<script type=\"application\/ld+json\" class=\"yoast-schema-graph\">{\"@context\":\"https:\\\/\\\/schema.org\",\"@graph\":[{\"@type\":\"WebPage\",\"@id\":\"https:\\\/\\\/miumjau.ee\\\/lv\\\/produkts\\\/ibero-natural-medium-junior-ar-iberijas-cukas-un-jera-galu-3-kg\\\/\",\"url\":\"https:\\\/\\\/miumjau.ee\\\/lv\\\/produkts\\\/ibero-natural-medium-junior-ar-iberijas-cukas-un-jera-galu-3-kg\\\/\",\"name\":\"Ibero Natural Medium Junior ar Ib\u0113rijas c\u016bkas un j\u0113ra ga\u013cu 3\u202fkg - MiuMjau\",\"isPartOf\":{\"@id\":\"https:\\\/\\\/miumjau.ee\\\/#website\"},\"primaryImageOfPage\":{\"@id\":\"https:\\\/\\\/miumjau.ee\\\/lv\\\/produkts\\\/ibero-natural-medium-junior-ar-iberijas-cukas-un-jera-galu-3-kg\\\/#primaryimage\"},\"image\":{\"@id\":\"https:\\\/\\\/miumjau.ee\\\/lv\\\/produkts\\\/ibero-natural-medium-junior-ar-iberijas-cukas-un-jera-galu-3-kg\\\/#primaryimage\"},\"thumbnailUrl\":\"https:\\\/\\\/miumjau.ee\\\/wp-content\\\/uploads\\\/2025\\\/07\\\/ibero-medium-junior-3kg-iberian-pork-lamb.jpg\",\"datePublished\":\"2025-07-23T07:42:25+00:00\",\"dateModified\":\"2026-01-17T15:23:02+00:00\",\"breadcrumb\":{\"@id\":\"https:\\\/\\\/miumjau.ee\\\/lv\\\/produkts\\\/ibero-natural-medium-junior-ar-iberijas-cukas-un-jera-galu-3-kg\\\/#breadcrumb\"},\"inLanguage\":\"lv-LV\",\"potentialAction\":[{\"@type\":\"ReadAction\",\"target\":[\"https:\\\/\\\/miumjau.ee\\\/lv\\\/produkts\\\/ibero-natural-medium-junior-ar-iberijas-cukas-un-jera-galu-3-kg\\\/\"]}]},{\"@type\":\"ImageObject\",\"inLanguage\":\"lv-LV\",\"@id\":\"https:\\\/\\\/miumjau.ee\\\/lv\\\/produkts\\\/ibero-natural-medium-junior-ar-iberijas-cukas-un-jera-galu-3-kg\\\/#primaryimage\",\"url\":\"https:\\\/\\\/miumjau.ee\\\/wp-content\\\/uploads\\\/2025\\\/07\\\/ibero-medium-junior-3kg-iberian-pork-lamb.jpg\",\"contentUrl\":\"https:\\\/\\\/miumjau.ee\\\/wp-content\\\/uploads\\\/2025\\\/07\\\/ibero-medium-junior-3kg-iberian-pork-lamb.jpg\",\"width\":600,\"height\":800},{\"@type\":\"BreadcrumbList\",\"@id\":\"https:\\\/\\\/miumjau.ee\\\/lv\\\/produkts\\\/ibero-natural-medium-junior-ar-iberijas-cukas-un-jera-galu-3-kg\\\/#breadcrumb\",\"itemListElement\":[{\"@type\":\"ListItem\",\"position\":1,\"name\":\"Home\",\"item\":\"https:\\\/\\\/miumjau.ee\\\/lv\\\/\"},{\"@type\":\"ListItem\",\"position\":2,\"name\":\"Veikals\",\"item\":\"https:\\\/\\\/miumjau.ee\\\/lv\\\/veikals\\\/\"},{\"@type\":\"ListItem\",\"position\":3,\"name\":\"Ibero Natural Medium Junior ar Ib\u0113rijas c\u016bkas un j\u0113ra ga\u013cu 3\u202fkg\"}]},{\"@type\":\"WebSite\",\"@id\":\"https:\\\/\\\/miumjau.ee\\\/#website\",\"url\":\"https:\\\/\\\/miumjau.ee\\\/\",\"name\":\"MiuMjau\",\"description\":\"Kraapimispuud kassidele\",\"publisher\":{\"@id\":\"https:\\\/\\\/miumjau.ee\\\/#organization\"},\"potentialAction\":[{\"@type\":\"SearchAction\",\"target\":{\"@type\":\"EntryPoint\",\"urlTemplate\":\"https:\\\/\\\/miumjau.ee\\\/?s={search_term_string}\"},\"query-input\":{\"@type\":\"PropertyValueSpecification\",\"valueRequired\":true,\"valueName\":\"search_term_string\"}}],\"inLanguage\":\"lv-LV\"},{\"@type\":\"Organization\",\"@id\":\"https:\\\/\\\/miumjau.ee\\\/#organization\",\"name\":\"MiuMjau O\u00dc\",\"url\":\"https:\\\/\\\/miumjau.ee\\\/\",\"logo\":{\"@type\":\"ImageObject\",\"inLanguage\":\"lv-LV\",\"@id\":\"https:\\\/\\\/miumjau.ee\\\/#\\\/schema\\\/logo\\\/image\\\/\",\"url\":\"https:\\\/\\\/miumjau.ee\\\/wp-content\\\/uploads\\\/2022\\\/04\\\/MiuMjau-logo-kollane.png\",\"contentUrl\":\"https:\\\/\\\/miumjau.ee\\\/wp-content\\\/uploads\\\/2022\\\/04\\\/MiuMjau-logo-kollane.png\",\"width\":219,\"height\":100,\"caption\":\"MiuMjau O\u00dc\"},\"image\":{\"@id\":\"https:\\\/\\\/miumjau.ee\\\/#\\\/schema\\\/logo\\\/image\\\/\"},\"sameAs\":[\"https:\\\/\\\/www.facebook.com\\\/miumjaupood\\\/\"]}]}<\/script>\n<!-- \/ Yoast SEO plugin. -->","yoast_head_json":{"title":"Ibero Natural Medium Junior ar Ib\u0113rijas c\u016bkas un j\u0113ra ga\u013cu 3\u202fkg - MiuMjau","robots":{"index":"index","follow":"follow","max-snippet":"max-snippet:-1","max-image-preview":"max-image-preview:large","max-video-preview":"max-video-preview:-1"},"canonical":"https:\/\/miumjau.ee\/lv\/produkts\/ibero-natural-medium-junior-ar-iberijas-cukas-un-jera-galu-3-kg\/","og_locale":"lv_LV","og_type":"article","og_title":"Ibero Natural Medium Junior ar Ib\u0113rijas c\u016bkas un j\u0113ra ga\u013cu 3\u202fkg - MiuMjau","og_description":"Suns, t\u0101pat k\u0101 t\u0101 sen\u010di vilki, prasa daudzveid\u012bgu bar\u012bbu, kas nodro\u0161ina visas nepiecie\u0161am\u0101s uzturvielas un uztur to lielisk\u0101 form\u0101. Ibero NATURAL bar\u012bbas rad\u012b\u0161anas iedvesma n\u0101kusi no Ib\u0113rijas vilkiem, kuri sav\u0101 dzimten\u0113 med\u012b galvenok\u0101rt pusm\u012bl\u0101s meln\u0101s c\u016bkas, k\u0101 ar\u012b j\u0113rus, brie\u017eus un citus z\u012bd\u012bt\u0101jus. \u0160o dabisko ciklu iev\u0113ro ar\u012b m\u016bsdienu su\u0146u baro\u0161anas tendences, kur Ibero NATURAL superpremium klases bar\u012bbas ra\u017eo\u0161an\u0101 tiek izmantotas tikai kvalitat\u012bvas, viet\u0113j\u0101s Sp\u0101nijas saimniec\u012bb\u0101s audz\u0113tas dab\u012bgas sast\u0101vda\u013cas. Galven\u0101s sast\u0101vda\u013cas ir Ib\u0113rijas c\u016bkas un j\u0113ra ga\u013ca. \u0160\u012b bar\u012bba ir piem\u0113rota kuc\u0113niem no 8. dz\u012bves ned\u0113\u013cas, kuru pieaugu\u0161ais svars paredzams l\u012bdz 25\u202fkg. Ibero Natural graudi satur zemu graudu daudzumu \u2013 graudos tiek izmantots tikai br\u016bnais r\u012bss. Pilngraudu r\u012bss netiek apstr\u0101d\u0101ts, t\u0101d\u0113j\u0101di saglab\u0101jot vair\u0101k \u0161\u0137iedrvielu (svar\u012bgi norm\u0101lai gremo\u0161anai), prote\u012bnus, fosforu, mang\u0101nu, dzelzi un magniju. Bar\u012bba ir hipoaler\u0123iska \u2013 nesatur sast\u0101vda\u013cas ar aler\u0123ijas potenci\u0101lu, piem\u0113ram, soju, kvie\u0161us, kukur\u016bzu, liellopa vai vistas ga\u013cu, blakusproduktus, cukuru, m\u0101ksl\u012bgus konservantus, aromatiz\u0113t\u0101jus, kr\u0101svielas vai \u0122MO. 100\u202f% dab\u012bga bar\u012bba, kas gatavota no augstas kvalit\u0101tes viet\u0113j\u0101m Sp\u0101nijas sast\u0101vda\u013c\u0101m. Galven\u0101s sast\u0101vda\u013cas: Ib\u0113rijas pusm\u012bl\u0101s c\u016bkas un j\u0113ra ga\u013ca \u2013 bag\u0101ta ar prote\u012bniem, B vitam\u012bniem, dzelzi, cinku un k\u0101liju. Hipoaler\u0123iska sast\u0101vs \u2013 nesatur aler\u0123iskas sast\u0101vda\u013cas (liellopa ga\u013ca, vistas olbaltums, kvie\u0161i, kukur\u016bza, ola, soja) un blakusproduktus. Bez glut\u0113na \u2013 satur tikai pilngraudu br\u016bno r\u012bsu, kas atbalsta gremo\u0161anu, pateicoties \u0161\u0137iedrviel\u0101m. Funkcion\u0101las piedevas: raugs (MOS, \u03b2-glik\u0101ni), zivju e\u013c\u013ca (omega\u20113), inul\u012bns (FOS), \u010dia s\u0113klas, j\u016bras a\u013c\u0123es, karobu milti, ol\u012bvu ekstrakts, glikozam\u012bns, hondroit\u012bns, juka, taur\u012bns. Sast\u0101vs: kalt\u0113ta Ib\u0113rijas c\u016bkas un j\u0113ra ga\u013ca (39\u202f%), br\u016bnais r\u012bss (26\u202f%), putnu tauki (12\u202f%), zir\u0146i (10\u202f%), karobu milti (2\u202f%), bietes masa (2\u202f%), ol\u012bvu ekstrakts, raugs (Saccharomyces cerevisiae \u2013 MOS un \u03b2-glik\u0101nu avots), j\u016bras a\u013c\u0123es, hidroliz\u0113ts c\u016bkas olbaltums, zivju e\u013c\u013ca, inul\u012bns, \u010dia s\u0113klas, j\u016bras a\u013c\u0123es (Ascophyllum nodosum), hidroliz\u0113ti j\u016bras mo\u0161\u0137i (glikozam\u012bna avots), hidroliz\u0113ts skrimslis (kondro\u012bt\u012bna avots), Yucca schidigera. Piedevas: A vitam\u012bns 24\u202f000\u202fIU\/kg, D3 vitam\u012bns 2\u202f000\u202fIU\/kg, E vitam\u012bns 240\u202fmg\/kg, C vitam\u012bns 120\u202fmg\/kg, L-karnit\u012bns 48\u202fmg\/kg, taur\u012bns 600\u202fmg\/kg, dzelzs 90\u202fmg\/kg, var\u0161 12\u202fmg\/kg, mang\u0101ns 30\u202fmg\/kg, cinks 130\u202fmg\/kg, jods 2,4\u202fmg\/kg, sel\u0113ns 0,1\u202fmg\/kg. Metaboliski pieejam\u0101 ener\u0123ija: 3\u202f950\u202fkcal\/kg.","og_url":"https:\/\/miumjau.ee\/lv\/produkts\/ibero-natural-medium-junior-ar-iberijas-cukas-un-jera-galu-3-kg\/","og_site_name":"MiuMjau","article_publisher":"https:\/\/www.facebook.com\/miumjaupood\/","article_modified_time":"2026-01-17T15:23:02+00:00","og_image":[{"width":600,"height":800,"url":"https:\/\/miumjau.ee\/wp-content\/uploads\/2025\/07\/ibero-medium-junior-3kg-iberian-pork-lamb.jpg","type":"image\/jpeg"}],"twitter_card":"summary_large_image","schema":{"@context":"https:\/\/schema.org","@graph":[{"@type":"WebPage","@id":"https:\/\/miumjau.ee\/lv\/produkts\/ibero-natural-medium-junior-ar-iberijas-cukas-un-jera-galu-3-kg\/","url":"https:\/\/miumjau.ee\/lv\/produkts\/ibero-natural-medium-junior-ar-iberijas-cukas-un-jera-galu-3-kg\/","name":"Ibero Natural Medium Junior ar Ib\u0113rijas c\u016bkas un j\u0113ra ga\u013cu 3\u202fkg - MiuMjau","isPartOf":{"@id":"https:\/\/miumjau.ee\/#website"},"primaryImageOfPage":{"@id":"https:\/\/miumjau.ee\/lv\/produkts\/ibero-natural-medium-junior-ar-iberijas-cukas-un-jera-galu-3-kg\/#primaryimage"},"image":{"@id":"https:\/\/miumjau.ee\/lv\/produkts\/ibero-natural-medium-junior-ar-iberijas-cukas-un-jera-galu-3-kg\/#primaryimage"},"thumbnailUrl":"https:\/\/miumjau.ee\/wp-content\/uploads\/2025\/07\/ibero-medium-junior-3kg-iberian-pork-lamb.jpg","datePublished":"2025-07-23T07:42:25+00:00","dateModified":"2026-01-17T15:23:02+00:00","breadcrumb":{"@id":"https:\/\/miumjau.ee\/lv\/produkts\/ibero-natural-medium-junior-ar-iberijas-cukas-un-jera-galu-3-kg\/#breadcrumb"},"inLanguage":"lv-LV","potentialAction":[{"@type":"ReadAction","target":["https:\/\/miumjau.ee\/lv\/produkts\/ibero-natural-medium-junior-ar-iberijas-cukas-un-jera-galu-3-kg\/"]}]},{"@type":"ImageObject","inLanguage":"lv-LV","@id":"https:\/\/miumjau.ee\/lv\/produkts\/ibero-natural-medium-junior-ar-iberijas-cukas-un-jera-galu-3-kg\/#primaryimage","url":"https:\/\/miumjau.ee\/wp-content\/uploads\/2025\/07\/ibero-medium-junior-3kg-iberian-pork-lamb.jpg","contentUrl":"https:\/\/miumjau.ee\/wp-content\/uploads\/2025\/07\/ibero-medium-junior-3kg-iberian-pork-lamb.jpg","width":600,"height":800},{"@type":"BreadcrumbList","@id":"https:\/\/miumjau.ee\/lv\/produkts\/ibero-natural-medium-junior-ar-iberijas-cukas-un-jera-galu-3-kg\/#breadcrumb","itemListElement":[{"@type":"ListItem","position":1,"name":"Home","item":"https:\/\/miumjau.ee\/lv\/"},{"@type":"ListItem","position":2,"name":"Veikals","item":"https:\/\/miumjau.ee\/lv\/veikals\/"},{"@type":"ListItem","position":3,"name":"Ibero Natural Medium Junior ar Ib\u0113rijas c\u016bkas un j\u0113ra ga\u013cu 3\u202fkg"}]},{"@type":"WebSite","@id":"https:\/\/miumjau.ee\/#website","url":"https:\/\/miumjau.ee\/","name":"MiuMjau","description":"Kraapimispuud kassidele","publisher":{"@id":"https:\/\/miumjau.ee\/#organization"},"potentialAction":[{"@type":"SearchAction","target":{"@type":"EntryPoint","urlTemplate":"https:\/\/miumjau.ee\/?s={search_term_string}"},"query-input":{"@type":"PropertyValueSpecification","valueRequired":true,"valueName":"search_term_string"}}],"inLanguage":"lv-LV"},{"@type":"Organization","@id":"https:\/\/miumjau.ee\/#organization","name":"MiuMjau O\u00dc","url":"https:\/\/miumjau.ee\/","logo":{"@type":"ImageObject","inLanguage":"lv-LV","@id":"https:\/\/miumjau.ee\/#\/schema\/logo\/image\/","url":"https:\/\/miumjau.ee\/wp-content\/uploads\/2022\/04\/MiuMjau-logo-kollane.png","contentUrl":"https:\/\/miumjau.ee\/wp-content\/uploads\/2022\/04\/MiuMjau-logo-kollane.png","width":219,"height":100,"caption":"MiuMjau O\u00dc"},"image":{"@id":"https:\/\/miumjau.ee\/#\/schema\/logo\/image\/"},"sameAs":["https:\/\/www.facebook.com\/miumjaupood\/"]}]}},"_links":{"self":[{"href":"https:\/\/miumjau.ee\/lv\/wp-json\/wp\/v2\/product\/48575","targetHints":{"allow":["GET"]}}],"collection":[{"href":"https:\/\/miumjau.ee\/lv\/wp-json\/wp\/v2\/product"}],"about":[{"href":"https:\/\/miumjau.ee\/lv\/wp-json\/wp\/v2\/types\/product"}],"wp:featuredmedia":[{"embeddable":true,"href":"https:\/\/miumjau.ee\/lv\/wp-json\/wp\/v2\/media\/48576"}],"wp:attachment":[{"href":"https:\/\/miumjau.ee\/lv\/wp-json\/wp\/v2\/media?parent=48575"}],"wp:term":[{"taxonomy":"product_brand","embeddable":true,"href":"https:\/\/miumjau.ee\/lv\/wp-json\/wp\/v2\/product_brand?post=48575"},{"taxonomy":"product_cat","embeddable":true,"href":"https:\/\/miumjau.ee\/lv\/wp-json\/wp\/v2\/product_cat?post=48575"},{"taxonomy":"product_tag","embeddable":true,"href":"https:\/\/miumjau.ee\/lv\/wp-json\/wp\/v2\/product_tag?post=48575"}],"curies":[{"name":"wp","href":"https:\/\/api.w.org\/{rel}","templated":true}]}}