{"id":48571,"date":"2025-07-23T10:13:59","date_gmt":"2025-07-23T07:13:59","guid":{"rendered":"https:\/\/miumjau.ee\/toode\/ibero-natural-mini-junior-ar-iberijas-cuku-un-jera-galu-3-kg\/"},"modified":"2026-01-07T21:18:17","modified_gmt":"2026-01-07T19:18:17","slug":"ibero-natural-mini-junior-ar-iberijas-cuku-un-jera-galu-3-kg","status":"publish","type":"product","link":"https:\/\/miumjau.ee\/lv\/produkts\/ibero-natural-mini-junior-ar-iberijas-cuku-un-jera-galu-3-kg\/","title":{"rendered":"Ibero Natural Mini Junior ar Ib\u0113rijas c\u016bku un j\u0113ra ga\u013cu 3 kg"},"content":{"rendered":"","protected":false},"excerpt":{"rendered":"<p data-start=\"100\" data-end=\"667\">Suns, t\u0101pat k\u0101 t\u0101 sen\u010di vilki, prasa daudzveid\u012bgu bar\u012bbu, kas nodro\u0161ina visas nepiecie\u0161am\u0101s uzturvielas un uztur to lielisk\u0101 form\u0101. Ibero NATURAL bar\u012bbas rad\u012b\u0161anas iedvesma n\u0101kusi no Ib\u0113rijas vilkiem, kuri sav\u0101 dzimten\u0113 med\u012b galvenok\u0101rt pusm\u012bl\u0101s meln\u0101s c\u016bkas, bet ar\u012b j\u0113rus, brie\u017eus un citus z\u012bd\u012bt\u0101jus. \u0160o dabisko ciklu iev\u0113ro ar\u012b m\u016bsdienu su\u0146u baro\u0161anas tendences \u2013 Ibero NATURAL superpremium klases bar\u012bbas ra\u017eo\u0161an\u0101 tiek izmantotas tikai kvalitat\u012bvas, viet\u0113j\u0101s Sp\u0101nijas saimniec\u012bb\u0101s audz\u0113tas dab\u012bgas sast\u0101vda\u013cas. Galven\u0101s sast\u0101vda\u013cas ir Ib\u0113rijas c\u016bkas un j\u0113ra ga\u013ca.<\/p>\n<p data-start=\"669\" data-end=\"1185\">Ibero Natural graudi ir zemas graudu saturu bar\u012bba \u2013 graudos tiek izmantots tikai br\u016bnais pilngraudu r\u012bss. Pilngraudu r\u012bss netiek apstr\u0101d\u0101ts, t\u0101d\u0113\u013c saglab\u0101 liel\u0101ku daudzumu \u0161\u0137iedrvielu (svar\u012bgi norm\u0101lai gremo\u0161anai), prote\u012bnus, fosforu, mang\u0101nu, dzelzi un magniju. Bar\u012bba ir hipoaler\u0123iska \u2013 nesatur sast\u0101vda\u013cas ar aler\u0123ijas potenci\u0101lu, piem\u0113ram, soju, kvie\u0161us, kukur\u016bzu, liellopa vai vistas ga\u013cu, blakusproduktus, cukuru, m\u0101ksl\u012bgus konservantus, aromatiz\u0113t\u0101jus, kr\u0101svielas vai \u0122MO (\u0123en\u0113tiski modific\u0113tas sast\u0101vda\u013cas).<\/p>\n<p data-start=\"1187\" data-end=\"1572\">Ibero NATURAL superpremium mazu un mini \u0161\u0137ir\u0146u kuc\u012b\u0161u bar\u012bba satur tikai dab\u012bgas un augstas kvalit\u0101tes sast\u0101vda\u013cas no viet\u0113j\u0101m Sp\u0101nijas saimniec\u012bb\u0101m. Bar\u012bbas ra\u017eo\u0161an\u0101 tiek izmantota kvalitat\u012bva Ib\u0113rijas c\u016bkas un j\u0113ra ga\u013ca \u2013 12 kg saus\u0101s bar\u012bbas ra\u017eo\u0161anai tiek izmantoti vair\u0101k nek\u0101 18 kg svaigas ga\u013cas. Bar\u012bba piem\u0113rota kuc\u0113niem no 4. ned\u0113\u013cas, kuru pieaugu\u0161ais svars nep\u0101rsniedz 10 kg.<\/p>\n<p data-start=\"1574\" data-end=\"2009\"><strong data-start=\"1574\" data-end=\"1586\">Sast\u0101vs:<\/strong> kalt\u0113ta Ib\u0113rijas c\u016bkas un j\u0113ra ga\u013ca (39%), pilngraudu br\u016bnais r\u012bss (26%), putnu tauki (12%), zir\u0146i (10%), karobu milti (2%), kalt\u0113ta bietes masa, ol\u012bvu un og\u013cu ekstrakts (2%), raugs (MOS un \u03b2-glik\u0101nu avots), tanges, hidroliz\u0113ta c\u016bkas olbaltumviela, zivju e\u013c\u013ca (omega-3), inul\u012bns, \u010dia s\u0113klas, j\u016bras a\u013c\u0123es (Ascophyllum nodosum), hidroliz\u0113ti j\u016bras mo\u0161\u0137i (glikozam\u012bna avots), hidroliz\u0113ts skrimslis (kondro\u012bt\u012bna avots), juka.<\/p>\n<p data-start=\"2011\" data-end=\"2182\"><strong data-start=\"2011\" data-end=\"2036\">Anal\u012btiskais sast\u0101vs:<\/strong> kopprote\u012bns 31%, koptauki 18%, kop\u0161\u0137iedra 2,1%, koppele 7,6%, kalcijs 1,6%, fosfors 1%, mitrums 9%, glikozam\u012bns 380 mg\/kg, hondroit\u012bns 240 mg\/kg.<\/p>\n<p data-start=\"2184\" data-end=\"2434\"><strong data-start=\"2184\" data-end=\"2197\">Piedevas:<\/strong> A vitam\u012bns 24 000 IU\/kg, D3 vitam\u012bns 2 000 IU\/kg, E vitam\u012bns 240 mg\/kg, C vitam\u012bns 120 mg\/kg, L-karnit\u012bns 48 mg\/kg, taur\u012bns 600 mg\/kg, dzelzs 90 mg\/kg, var\u0161 12 mg\/kg, mang\u0101ns 30 mg\/kg, cinks 130 mg\/kg, jods 2,4 mg\/kg, sel\u0113ns 0,12 mg\/kg.<\/p>\n<p data-start=\"2436\" data-end=\"2464\"><strong data-start=\"2436\" data-end=\"2449\">Ener\u0123ija:<\/strong> 3 958 kcal\/kg.<\/p>\n","protected":false},"featured_media":48572,"template":"","meta":[],"product_brand":[],"product_cat":[573,575],"product_tag":[],"class_list":{"0":"post-48571","1":"product","2":"type-product","3":"status-publish","4":"has-post-thumbnail","6":"product_cat-kaup24-lv","7":"product_cat-sausa-bariba-suniem","9":"first","10":"instock","11":"sale","12":"taxable","13":"shipping-taxable","14":"purchasable","15":"product-type-simple"},"yoast_head":"<!-- This site is optimized with the Yoast SEO plugin v27.4 - https:\/\/yoast.com\/product\/yoast-seo-wordpress\/ -->\n<title>Ibero Natural Mini Junior ar Ib\u0113rijas c\u016bku un j\u0113ra ga\u013cu 3 kg - MiuMjau<\/title>\n<meta name=\"robots\" content=\"index, follow, max-snippet:-1, max-image-preview:large, max-video-preview:-1\" \/>\n<link rel=\"canonical\" href=\"https:\/\/miumjau.ee\/lv\/produkts\/ibero-natural-mini-junior-ar-iberijas-cuku-un-jera-galu-3-kg\/\" \/>\n<meta property=\"og:locale\" content=\"lv_LV\" \/>\n<meta property=\"og:type\" content=\"article\" \/>\n<meta property=\"og:title\" content=\"Ibero Natural Mini Junior ar Ib\u0113rijas c\u016bku un j\u0113ra ga\u013cu 3 kg - MiuMjau\" \/>\n<meta property=\"og:description\" content=\"Suns, t\u0101pat k\u0101 t\u0101 sen\u010di vilki, prasa daudzveid\u012bgu bar\u012bbu, kas nodro\u0161ina visas nepiecie\u0161am\u0101s uzturvielas un uztur to lielisk\u0101 form\u0101. Ibero NATURAL bar\u012bbas rad\u012b\u0161anas iedvesma n\u0101kusi no Ib\u0113rijas vilkiem, kuri sav\u0101 dzimten\u0113 med\u012b galvenok\u0101rt pusm\u012bl\u0101s meln\u0101s c\u016bkas, bet ar\u012b j\u0113rus, brie\u017eus un citus z\u012bd\u012bt\u0101jus. \u0160o dabisko ciklu iev\u0113ro ar\u012b m\u016bsdienu su\u0146u baro\u0161anas tendences \u2013 Ibero NATURAL superpremium klases bar\u012bbas ra\u017eo\u0161an\u0101 tiek izmantotas tikai kvalitat\u012bvas, viet\u0113j\u0101s Sp\u0101nijas saimniec\u012bb\u0101s audz\u0113tas dab\u012bgas sast\u0101vda\u013cas. Galven\u0101s sast\u0101vda\u013cas ir Ib\u0113rijas c\u016bkas un j\u0113ra ga\u013ca. Ibero Natural graudi ir zemas graudu saturu bar\u012bba \u2013 graudos tiek izmantots tikai br\u016bnais pilngraudu r\u012bss. Pilngraudu r\u012bss netiek apstr\u0101d\u0101ts, t\u0101d\u0113\u013c saglab\u0101 liel\u0101ku daudzumu \u0161\u0137iedrvielu (svar\u012bgi norm\u0101lai gremo\u0161anai), prote\u012bnus, fosforu, mang\u0101nu, dzelzi un magniju. Bar\u012bba ir hipoaler\u0123iska \u2013 nesatur sast\u0101vda\u013cas ar aler\u0123ijas potenci\u0101lu, piem\u0113ram, soju, kvie\u0161us, kukur\u016bzu, liellopa vai vistas ga\u013cu, blakusproduktus, cukuru, m\u0101ksl\u012bgus konservantus, aromatiz\u0113t\u0101jus, kr\u0101svielas vai \u0122MO (\u0123en\u0113tiski modific\u0113tas sast\u0101vda\u013cas). Ibero NATURAL superpremium mazu un mini \u0161\u0137ir\u0146u kuc\u012b\u0161u bar\u012bba satur tikai dab\u012bgas un augstas kvalit\u0101tes sast\u0101vda\u013cas no viet\u0113j\u0101m Sp\u0101nijas saimniec\u012bb\u0101m. Bar\u012bbas ra\u017eo\u0161an\u0101 tiek izmantota kvalitat\u012bva Ib\u0113rijas c\u016bkas un j\u0113ra ga\u013ca \u2013 12 kg saus\u0101s bar\u012bbas ra\u017eo\u0161anai tiek izmantoti vair\u0101k nek\u0101 18 kg svaigas ga\u013cas. Bar\u012bba piem\u0113rota kuc\u0113niem no 4. ned\u0113\u013cas, kuru pieaugu\u0161ais svars nep\u0101rsniedz 10 kg. Sast\u0101vs: kalt\u0113ta Ib\u0113rijas c\u016bkas un j\u0113ra ga\u013ca (39%), pilngraudu br\u016bnais r\u012bss (26%), putnu tauki (12%), zir\u0146i (10%), karobu milti (2%), kalt\u0113ta bietes masa, ol\u012bvu un og\u013cu ekstrakts (2%), raugs (MOS un \u03b2-glik\u0101nu avots), tanges, hidroliz\u0113ta c\u016bkas olbaltumviela, zivju e\u013c\u013ca (omega-3), inul\u012bns, \u010dia s\u0113klas, j\u016bras a\u013c\u0123es (Ascophyllum nodosum), hidroliz\u0113ti j\u016bras mo\u0161\u0137i (glikozam\u012bna avots), hidroliz\u0113ts skrimslis (kondro\u012bt\u012bna avots), juka. Anal\u012btiskais sast\u0101vs: kopprote\u012bns 31%, koptauki 18%, kop\u0161\u0137iedra 2,1%, koppele 7,6%, kalcijs 1,6%, fosfors 1%, mitrums 9%, glikozam\u012bns 380 mg\/kg, hondroit\u012bns 240 mg\/kg. Piedevas: A vitam\u012bns 24 000 IU\/kg, D3 vitam\u012bns 2 000 IU\/kg, E vitam\u012bns 240 mg\/kg, C vitam\u012bns 120 mg\/kg, L-karnit\u012bns 48 mg\/kg, taur\u012bns 600 mg\/kg, dzelzs 90 mg\/kg, var\u0161 12 mg\/kg, mang\u0101ns 30 mg\/kg, cinks 130 mg\/kg, jods 2,4 mg\/kg, sel\u0113ns 0,12 mg\/kg. Ener\u0123ija: 3 958 kcal\/kg.\" \/>\n<meta property=\"og:url\" content=\"https:\/\/miumjau.ee\/lv\/produkts\/ibero-natural-mini-junior-ar-iberijas-cuku-un-jera-galu-3-kg\/\" \/>\n<meta property=\"og:site_name\" content=\"MiuMjau\" \/>\n<meta property=\"article:publisher\" content=\"https:\/\/www.facebook.com\/miumjaupood\/\" \/>\n<meta property=\"article:modified_time\" content=\"2026-01-07T19:18:17+00:00\" \/>\n<meta property=\"og:image\" content=\"https:\/\/miumjau.ee\/wp-content\/uploads\/2025\/07\/ibero-mini-junior-iberian-pork-lamb-3kg.jpg\" \/>\n\t<meta property=\"og:image:width\" content=\"600\" \/>\n\t<meta property=\"og:image:height\" content=\"800\" \/>\n\t<meta property=\"og:image:type\" content=\"image\/jpeg\" \/>\n<meta name=\"twitter:card\" content=\"summary_large_image\" \/>\n<script type=\"application\/ld+json\" class=\"yoast-schema-graph\">{\"@context\":\"https:\\\/\\\/schema.org\",\"@graph\":[{\"@type\":\"WebPage\",\"@id\":\"https:\\\/\\\/miumjau.ee\\\/lv\\\/produkts\\\/ibero-natural-mini-junior-ar-iberijas-cuku-un-jera-galu-3-kg\\\/\",\"url\":\"https:\\\/\\\/miumjau.ee\\\/lv\\\/produkts\\\/ibero-natural-mini-junior-ar-iberijas-cuku-un-jera-galu-3-kg\\\/\",\"name\":\"Ibero Natural Mini Junior ar Ib\u0113rijas c\u016bku un j\u0113ra ga\u013cu 3 kg - MiuMjau\",\"isPartOf\":{\"@id\":\"https:\\\/\\\/miumjau.ee\\\/#website\"},\"primaryImageOfPage\":{\"@id\":\"https:\\\/\\\/miumjau.ee\\\/lv\\\/produkts\\\/ibero-natural-mini-junior-ar-iberijas-cuku-un-jera-galu-3-kg\\\/#primaryimage\"},\"image\":{\"@id\":\"https:\\\/\\\/miumjau.ee\\\/lv\\\/produkts\\\/ibero-natural-mini-junior-ar-iberijas-cuku-un-jera-galu-3-kg\\\/#primaryimage\"},\"thumbnailUrl\":\"https:\\\/\\\/miumjau.ee\\\/wp-content\\\/uploads\\\/2025\\\/07\\\/ibero-mini-junior-iberian-pork-lamb-3kg.jpg\",\"datePublished\":\"2025-07-23T07:13:59+00:00\",\"dateModified\":\"2026-01-07T19:18:17+00:00\",\"breadcrumb\":{\"@id\":\"https:\\\/\\\/miumjau.ee\\\/lv\\\/produkts\\\/ibero-natural-mini-junior-ar-iberijas-cuku-un-jera-galu-3-kg\\\/#breadcrumb\"},\"inLanguage\":\"lv-LV\",\"potentialAction\":[{\"@type\":\"ReadAction\",\"target\":[\"https:\\\/\\\/miumjau.ee\\\/lv\\\/produkts\\\/ibero-natural-mini-junior-ar-iberijas-cuku-un-jera-galu-3-kg\\\/\"]}]},{\"@type\":\"ImageObject\",\"inLanguage\":\"lv-LV\",\"@id\":\"https:\\\/\\\/miumjau.ee\\\/lv\\\/produkts\\\/ibero-natural-mini-junior-ar-iberijas-cuku-un-jera-galu-3-kg\\\/#primaryimage\",\"url\":\"https:\\\/\\\/miumjau.ee\\\/wp-content\\\/uploads\\\/2025\\\/07\\\/ibero-mini-junior-iberian-pork-lamb-3kg.jpg\",\"contentUrl\":\"https:\\\/\\\/miumjau.ee\\\/wp-content\\\/uploads\\\/2025\\\/07\\\/ibero-mini-junior-iberian-pork-lamb-3kg.jpg\",\"width\":600,\"height\":800},{\"@type\":\"BreadcrumbList\",\"@id\":\"https:\\\/\\\/miumjau.ee\\\/lv\\\/produkts\\\/ibero-natural-mini-junior-ar-iberijas-cuku-un-jera-galu-3-kg\\\/#breadcrumb\",\"itemListElement\":[{\"@type\":\"ListItem\",\"position\":1,\"name\":\"Home\",\"item\":\"https:\\\/\\\/miumjau.ee\\\/lv\\\/\"},{\"@type\":\"ListItem\",\"position\":2,\"name\":\"Veikals\",\"item\":\"https:\\\/\\\/miumjau.ee\\\/lv\\\/veikals\\\/\"},{\"@type\":\"ListItem\",\"position\":3,\"name\":\"Ibero Natural Mini Junior ar Ib\u0113rijas c\u016bku un j\u0113ra ga\u013cu 3 kg\"}]},{\"@type\":\"WebSite\",\"@id\":\"https:\\\/\\\/miumjau.ee\\\/#website\",\"url\":\"https:\\\/\\\/miumjau.ee\\\/\",\"name\":\"MiuMjau\",\"description\":\"Kraapimispuud kassidele\",\"publisher\":{\"@id\":\"https:\\\/\\\/miumjau.ee\\\/#organization\"},\"potentialAction\":[{\"@type\":\"SearchAction\",\"target\":{\"@type\":\"EntryPoint\",\"urlTemplate\":\"https:\\\/\\\/miumjau.ee\\\/?s={search_term_string}\"},\"query-input\":{\"@type\":\"PropertyValueSpecification\",\"valueRequired\":true,\"valueName\":\"search_term_string\"}}],\"inLanguage\":\"lv-LV\"},{\"@type\":\"Organization\",\"@id\":\"https:\\\/\\\/miumjau.ee\\\/#organization\",\"name\":\"MiuMjau O\u00dc\",\"url\":\"https:\\\/\\\/miumjau.ee\\\/\",\"logo\":{\"@type\":\"ImageObject\",\"inLanguage\":\"lv-LV\",\"@id\":\"https:\\\/\\\/miumjau.ee\\\/#\\\/schema\\\/logo\\\/image\\\/\",\"url\":\"https:\\\/\\\/miumjau.ee\\\/wp-content\\\/uploads\\\/2022\\\/04\\\/MiuMjau-logo-kollane.png\",\"contentUrl\":\"https:\\\/\\\/miumjau.ee\\\/wp-content\\\/uploads\\\/2022\\\/04\\\/MiuMjau-logo-kollane.png\",\"width\":219,\"height\":100,\"caption\":\"MiuMjau O\u00dc\"},\"image\":{\"@id\":\"https:\\\/\\\/miumjau.ee\\\/#\\\/schema\\\/logo\\\/image\\\/\"},\"sameAs\":[\"https:\\\/\\\/www.facebook.com\\\/miumjaupood\\\/\"]}]}<\/script>\n<!-- \/ Yoast SEO plugin. -->","yoast_head_json":{"title":"Ibero Natural Mini Junior ar Ib\u0113rijas c\u016bku un j\u0113ra ga\u013cu 3 kg - MiuMjau","robots":{"index":"index","follow":"follow","max-snippet":"max-snippet:-1","max-image-preview":"max-image-preview:large","max-video-preview":"max-video-preview:-1"},"canonical":"https:\/\/miumjau.ee\/lv\/produkts\/ibero-natural-mini-junior-ar-iberijas-cuku-un-jera-galu-3-kg\/","og_locale":"lv_LV","og_type":"article","og_title":"Ibero Natural Mini Junior ar Ib\u0113rijas c\u016bku un j\u0113ra ga\u013cu 3 kg - MiuMjau","og_description":"Suns, t\u0101pat k\u0101 t\u0101 sen\u010di vilki, prasa daudzveid\u012bgu bar\u012bbu, kas nodro\u0161ina visas nepiecie\u0161am\u0101s uzturvielas un uztur to lielisk\u0101 form\u0101. Ibero NATURAL bar\u012bbas rad\u012b\u0161anas iedvesma n\u0101kusi no Ib\u0113rijas vilkiem, kuri sav\u0101 dzimten\u0113 med\u012b galvenok\u0101rt pusm\u012bl\u0101s meln\u0101s c\u016bkas, bet ar\u012b j\u0113rus, brie\u017eus un citus z\u012bd\u012bt\u0101jus. \u0160o dabisko ciklu iev\u0113ro ar\u012b m\u016bsdienu su\u0146u baro\u0161anas tendences \u2013 Ibero NATURAL superpremium klases bar\u012bbas ra\u017eo\u0161an\u0101 tiek izmantotas tikai kvalitat\u012bvas, viet\u0113j\u0101s Sp\u0101nijas saimniec\u012bb\u0101s audz\u0113tas dab\u012bgas sast\u0101vda\u013cas. Galven\u0101s sast\u0101vda\u013cas ir Ib\u0113rijas c\u016bkas un j\u0113ra ga\u013ca. Ibero Natural graudi ir zemas graudu saturu bar\u012bba \u2013 graudos tiek izmantots tikai br\u016bnais pilngraudu r\u012bss. Pilngraudu r\u012bss netiek apstr\u0101d\u0101ts, t\u0101d\u0113\u013c saglab\u0101 liel\u0101ku daudzumu \u0161\u0137iedrvielu (svar\u012bgi norm\u0101lai gremo\u0161anai), prote\u012bnus, fosforu, mang\u0101nu, dzelzi un magniju. Bar\u012bba ir hipoaler\u0123iska \u2013 nesatur sast\u0101vda\u013cas ar aler\u0123ijas potenci\u0101lu, piem\u0113ram, soju, kvie\u0161us, kukur\u016bzu, liellopa vai vistas ga\u013cu, blakusproduktus, cukuru, m\u0101ksl\u012bgus konservantus, aromatiz\u0113t\u0101jus, kr\u0101svielas vai \u0122MO (\u0123en\u0113tiski modific\u0113tas sast\u0101vda\u013cas). Ibero NATURAL superpremium mazu un mini \u0161\u0137ir\u0146u kuc\u012b\u0161u bar\u012bba satur tikai dab\u012bgas un augstas kvalit\u0101tes sast\u0101vda\u013cas no viet\u0113j\u0101m Sp\u0101nijas saimniec\u012bb\u0101m. Bar\u012bbas ra\u017eo\u0161an\u0101 tiek izmantota kvalitat\u012bva Ib\u0113rijas c\u016bkas un j\u0113ra ga\u013ca \u2013 12 kg saus\u0101s bar\u012bbas ra\u017eo\u0161anai tiek izmantoti vair\u0101k nek\u0101 18 kg svaigas ga\u013cas. Bar\u012bba piem\u0113rota kuc\u0113niem no 4. ned\u0113\u013cas, kuru pieaugu\u0161ais svars nep\u0101rsniedz 10 kg. Sast\u0101vs: kalt\u0113ta Ib\u0113rijas c\u016bkas un j\u0113ra ga\u013ca (39%), pilngraudu br\u016bnais r\u012bss (26%), putnu tauki (12%), zir\u0146i (10%), karobu milti (2%), kalt\u0113ta bietes masa, ol\u012bvu un og\u013cu ekstrakts (2%), raugs (MOS un \u03b2-glik\u0101nu avots), tanges, hidroliz\u0113ta c\u016bkas olbaltumviela, zivju e\u013c\u013ca (omega-3), inul\u012bns, \u010dia s\u0113klas, j\u016bras a\u013c\u0123es (Ascophyllum nodosum), hidroliz\u0113ti j\u016bras mo\u0161\u0137i (glikozam\u012bna avots), hidroliz\u0113ts skrimslis (kondro\u012bt\u012bna avots), juka. Anal\u012btiskais sast\u0101vs: kopprote\u012bns 31%, koptauki 18%, kop\u0161\u0137iedra 2,1%, koppele 7,6%, kalcijs 1,6%, fosfors 1%, mitrums 9%, glikozam\u012bns 380 mg\/kg, hondroit\u012bns 240 mg\/kg. Piedevas: A vitam\u012bns 24 000 IU\/kg, D3 vitam\u012bns 2 000 IU\/kg, E vitam\u012bns 240 mg\/kg, C vitam\u012bns 120 mg\/kg, L-karnit\u012bns 48 mg\/kg, taur\u012bns 600 mg\/kg, dzelzs 90 mg\/kg, var\u0161 12 mg\/kg, mang\u0101ns 30 mg\/kg, cinks 130 mg\/kg, jods 2,4 mg\/kg, sel\u0113ns 0,12 mg\/kg. Ener\u0123ija: 3 958 kcal\/kg.","og_url":"https:\/\/miumjau.ee\/lv\/produkts\/ibero-natural-mini-junior-ar-iberijas-cuku-un-jera-galu-3-kg\/","og_site_name":"MiuMjau","article_publisher":"https:\/\/www.facebook.com\/miumjaupood\/","article_modified_time":"2026-01-07T19:18:17+00:00","og_image":[{"width":600,"height":800,"url":"https:\/\/miumjau.ee\/wp-content\/uploads\/2025\/07\/ibero-mini-junior-iberian-pork-lamb-3kg.jpg","type":"image\/jpeg"}],"twitter_card":"summary_large_image","schema":{"@context":"https:\/\/schema.org","@graph":[{"@type":"WebPage","@id":"https:\/\/miumjau.ee\/lv\/produkts\/ibero-natural-mini-junior-ar-iberijas-cuku-un-jera-galu-3-kg\/","url":"https:\/\/miumjau.ee\/lv\/produkts\/ibero-natural-mini-junior-ar-iberijas-cuku-un-jera-galu-3-kg\/","name":"Ibero Natural Mini Junior ar Ib\u0113rijas c\u016bku un j\u0113ra ga\u013cu 3 kg - MiuMjau","isPartOf":{"@id":"https:\/\/miumjau.ee\/#website"},"primaryImageOfPage":{"@id":"https:\/\/miumjau.ee\/lv\/produkts\/ibero-natural-mini-junior-ar-iberijas-cuku-un-jera-galu-3-kg\/#primaryimage"},"image":{"@id":"https:\/\/miumjau.ee\/lv\/produkts\/ibero-natural-mini-junior-ar-iberijas-cuku-un-jera-galu-3-kg\/#primaryimage"},"thumbnailUrl":"https:\/\/miumjau.ee\/wp-content\/uploads\/2025\/07\/ibero-mini-junior-iberian-pork-lamb-3kg.jpg","datePublished":"2025-07-23T07:13:59+00:00","dateModified":"2026-01-07T19:18:17+00:00","breadcrumb":{"@id":"https:\/\/miumjau.ee\/lv\/produkts\/ibero-natural-mini-junior-ar-iberijas-cuku-un-jera-galu-3-kg\/#breadcrumb"},"inLanguage":"lv-LV","potentialAction":[{"@type":"ReadAction","target":["https:\/\/miumjau.ee\/lv\/produkts\/ibero-natural-mini-junior-ar-iberijas-cuku-un-jera-galu-3-kg\/"]}]},{"@type":"ImageObject","inLanguage":"lv-LV","@id":"https:\/\/miumjau.ee\/lv\/produkts\/ibero-natural-mini-junior-ar-iberijas-cuku-un-jera-galu-3-kg\/#primaryimage","url":"https:\/\/miumjau.ee\/wp-content\/uploads\/2025\/07\/ibero-mini-junior-iberian-pork-lamb-3kg.jpg","contentUrl":"https:\/\/miumjau.ee\/wp-content\/uploads\/2025\/07\/ibero-mini-junior-iberian-pork-lamb-3kg.jpg","width":600,"height":800},{"@type":"BreadcrumbList","@id":"https:\/\/miumjau.ee\/lv\/produkts\/ibero-natural-mini-junior-ar-iberijas-cuku-un-jera-galu-3-kg\/#breadcrumb","itemListElement":[{"@type":"ListItem","position":1,"name":"Home","item":"https:\/\/miumjau.ee\/lv\/"},{"@type":"ListItem","position":2,"name":"Veikals","item":"https:\/\/miumjau.ee\/lv\/veikals\/"},{"@type":"ListItem","position":3,"name":"Ibero Natural Mini Junior ar Ib\u0113rijas c\u016bku un j\u0113ra ga\u013cu 3 kg"}]},{"@type":"WebSite","@id":"https:\/\/miumjau.ee\/#website","url":"https:\/\/miumjau.ee\/","name":"MiuMjau","description":"Kraapimispuud kassidele","publisher":{"@id":"https:\/\/miumjau.ee\/#organization"},"potentialAction":[{"@type":"SearchAction","target":{"@type":"EntryPoint","urlTemplate":"https:\/\/miumjau.ee\/?s={search_term_string}"},"query-input":{"@type":"PropertyValueSpecification","valueRequired":true,"valueName":"search_term_string"}}],"inLanguage":"lv-LV"},{"@type":"Organization","@id":"https:\/\/miumjau.ee\/#organization","name":"MiuMjau O\u00dc","url":"https:\/\/miumjau.ee\/","logo":{"@type":"ImageObject","inLanguage":"lv-LV","@id":"https:\/\/miumjau.ee\/#\/schema\/logo\/image\/","url":"https:\/\/miumjau.ee\/wp-content\/uploads\/2022\/04\/MiuMjau-logo-kollane.png","contentUrl":"https:\/\/miumjau.ee\/wp-content\/uploads\/2022\/04\/MiuMjau-logo-kollane.png","width":219,"height":100,"caption":"MiuMjau O\u00dc"},"image":{"@id":"https:\/\/miumjau.ee\/#\/schema\/logo\/image\/"},"sameAs":["https:\/\/www.facebook.com\/miumjaupood\/"]}]}},"_links":{"self":[{"href":"https:\/\/miumjau.ee\/lv\/wp-json\/wp\/v2\/product\/48571","targetHints":{"allow":["GET"]}}],"collection":[{"href":"https:\/\/miumjau.ee\/lv\/wp-json\/wp\/v2\/product"}],"about":[{"href":"https:\/\/miumjau.ee\/lv\/wp-json\/wp\/v2\/types\/product"}],"wp:featuredmedia":[{"embeddable":true,"href":"https:\/\/miumjau.ee\/lv\/wp-json\/wp\/v2\/media\/48572"}],"wp:attachment":[{"href":"https:\/\/miumjau.ee\/lv\/wp-json\/wp\/v2\/media?parent=48571"}],"wp:term":[{"taxonomy":"product_brand","embeddable":true,"href":"https:\/\/miumjau.ee\/lv\/wp-json\/wp\/v2\/product_brand?post=48571"},{"taxonomy":"product_cat","embeddable":true,"href":"https:\/\/miumjau.ee\/lv\/wp-json\/wp\/v2\/product_cat?post=48571"},{"taxonomy":"product_tag","embeddable":true,"href":"https:\/\/miumjau.ee\/lv\/wp-json\/wp\/v2\/product_tag?post=48571"}],"curies":[{"name":"wp","href":"https:\/\/api.w.org\/{rel}","templated":true}]}}