{"id":48570,"date":"2025-07-23T09:06:30","date_gmt":"2025-07-23T06:06:30","guid":{"rendered":"https:\/\/miumjau.ee\/toode\/ibero-senior-auksti-preseta-bariba-senioriem-ar-zivim-12-kg\/"},"modified":"2026-01-07T21:18:17","modified_gmt":"2026-01-07T19:18:17","slug":"ibero-senior-auksti-preseta-bariba-senioriem-ar-zivim-12-kg","status":"publish","type":"product","link":"https:\/\/miumjau.ee\/lv\/produkts\/ibero-senior-auksti-preseta-bariba-senioriem-ar-zivim-12-kg\/","title":{"rendered":"Ibero Senior auksti pres\u0113ta bar\u012bba senioriem ar ziv\u012bm 12 kg"},"content":{"rendered":"","protected":false},"excerpt":{"rendered":"<p data-start=\"96\" data-end=\"505\">Auksti pres\u0113ta pilnv\u0113rt\u012bga bar\u012bba, kas satur visas uzturvielas, kuras nepiecie\u0161amas vec\u0101kiem un liek\u0101 svara su\u0146iem. Auksti pres\u0113ta bar\u012bba ir bar\u012bbas zi\u0146\u0101 koncentr\u0113t\u0101ka \u2013 pietiek ar maz\u0101ku daudzumu. Lai gan bar\u012bba var maks\u0101t d\u0101rg\u0101k, ilgtermi\u0146\u0101 t\u0101 var b\u016bt ekonomisk\u0101ka, jo iepakojums ilg\u0101k saglab\u0101jas. Piem\u0113rota ar\u012b stresa pak\u013cautiem su\u0146iem, gr\u016bsn\u0101m kuc\u0113m un tiem, kas dod priek\u0161roku nedaudz dabisk\u0101kai bar\u012bbai.<\/p>\n<p data-start=\"507\" data-end=\"836\"><strong data-start=\"507\" data-end=\"519\">Sast\u0101vs:<\/strong> kalt\u0113tas Adrijas j\u016bras zivis (30%), kalt\u0113tas bat\u0101tes, kalt\u0113ti kartupe\u013ci, Adrijas j\u016bras zivju e\u013c\u013ca (10%), auzu p\u0101rslas (8%), kukur\u016bzas p\u0101rslas, kalt\u0113ts \u0137irbis (2%), kalt\u0113ti burk\u0101ni (1,2%), lins\u0113klas, cigori\u0146u ekstrakts, kalt\u0113ti augi, beta-glik\u0101ni, glikozam\u012bns, hondroit\u012bna sulf\u0101ts, vitam\u012bnu un miner\u0101lvielu mais\u012bjums.<\/p>\n<p data-start=\"838\" data-end=\"994\"><strong data-start=\"838\" data-end=\"863\">Anal\u012btiskais sast\u0101vs:<\/strong> kopprote\u012bns 24%, koptauki 11%, kop\u0161\u0137iedra 3,2%, koppele 6,8%, kalcijs 1,1%, fosfors 0,85%, n\u0101trijs 0,15%, maksim\u0101lais mitrums 10%.<\/p>\n<p data-start=\"996\" data-end=\"1487\"><strong data-start=\"996\" data-end=\"1017\">Piedevas (uz kg):<\/strong><br data-start=\"1017\" data-end=\"1020\" \/>A vitam\u012bns 17 331 SV, D3 vitam\u012bns 1 733 SV, E vitam\u012bns 173 mg, B1 vitam\u012bns 5,09 mg, B2 vitam\u012bns 9 mg, B6 vitam\u012bns 6,9 mg, B12 vitam\u012bns 0,07 mg, C vitam\u012bns 121 mg, niac\u012bns 43,1 mg, pantot\u0113nsk\u0101be 17,8 mg, folijsk\u0101be 0,69 mg, biot\u012bns 0,43 mg, jods 4,6 mg, sel\u0113ns 0,38 mg, dzelzs 101 mg, var\u0161 12,1 mg, cinks 129 mg, mang\u0101ns 12,1 mg, hol\u012bna hlor\u012bds 1 872 mg, glikozam\u012bns 404 mg\/kg, hondroit\u012bna sulf\u0101ts 353 mg\/kg.<br data-start=\"1427\" data-end=\"1430\" \/><strong data-start=\"1430\" data-end=\"1448\">Antioksidanti:<\/strong> tokoferolu bag\u0101ti augu e\u013c\u013cu ekstrakti.<\/p>\n<p data-start=\"1489\" data-end=\"1531\"><strong data-start=\"1489\" data-end=\"1517\">Metaboliz\u0113jam\u0101 ener\u0123ija:<\/strong> 3 630 kcal\/kg<\/p>\n","protected":false},"featured_media":48555,"template":"","meta":[],"product_brand":[],"product_cat":[573,575],"product_tag":[],"class_list":{"0":"post-48570","1":"product","2":"type-product","3":"status-publish","4":"has-post-thumbnail","6":"product_cat-kaup24-lv","7":"product_cat-sausa-bariba-suniem","9":"first","10":"instock","11":"sale","12":"taxable","13":"shipping-taxable","14":"purchasable","15":"product-type-simple"},"yoast_head":"<!-- This site is optimized with the Yoast SEO plugin v27.4 - https:\/\/yoast.com\/product\/yoast-seo-wordpress\/ -->\n<title>Ibero Senior auksti pres\u0113ta bar\u012bba senioriem ar ziv\u012bm 12 kg - MiuMjau<\/title>\n<meta name=\"robots\" content=\"index, follow, max-snippet:-1, max-image-preview:large, max-video-preview:-1\" \/>\n<link rel=\"canonical\" href=\"https:\/\/miumjau.ee\/lv\/produkts\/ibero-senior-auksti-preseta-bariba-senioriem-ar-zivim-12-kg\/\" \/>\n<meta property=\"og:locale\" content=\"lv_LV\" \/>\n<meta property=\"og:type\" content=\"article\" \/>\n<meta property=\"og:title\" content=\"Ibero Senior auksti pres\u0113ta bar\u012bba senioriem ar ziv\u012bm 12 kg - MiuMjau\" \/>\n<meta property=\"og:description\" content=\"Auksti pres\u0113ta pilnv\u0113rt\u012bga bar\u012bba, kas satur visas uzturvielas, kuras nepiecie\u0161amas vec\u0101kiem un liek\u0101 svara su\u0146iem. Auksti pres\u0113ta bar\u012bba ir bar\u012bbas zi\u0146\u0101 koncentr\u0113t\u0101ka \u2013 pietiek ar maz\u0101ku daudzumu. Lai gan bar\u012bba var maks\u0101t d\u0101rg\u0101k, ilgtermi\u0146\u0101 t\u0101 var b\u016bt ekonomisk\u0101ka, jo iepakojums ilg\u0101k saglab\u0101jas. Piem\u0113rota ar\u012b stresa pak\u013cautiem su\u0146iem, gr\u016bsn\u0101m kuc\u0113m un tiem, kas dod priek\u0161roku nedaudz dabisk\u0101kai bar\u012bbai. Sast\u0101vs: kalt\u0113tas Adrijas j\u016bras zivis (30%), kalt\u0113tas bat\u0101tes, kalt\u0113ti kartupe\u013ci, Adrijas j\u016bras zivju e\u013c\u013ca (10%), auzu p\u0101rslas (8%), kukur\u016bzas p\u0101rslas, kalt\u0113ts \u0137irbis (2%), kalt\u0113ti burk\u0101ni (1,2%), lins\u0113klas, cigori\u0146u ekstrakts, kalt\u0113ti augi, beta-glik\u0101ni, glikozam\u012bns, hondroit\u012bna sulf\u0101ts, vitam\u012bnu un miner\u0101lvielu mais\u012bjums. Anal\u012btiskais sast\u0101vs: kopprote\u012bns 24%, koptauki 11%, kop\u0161\u0137iedra 3,2%, koppele 6,8%, kalcijs 1,1%, fosfors 0,85%, n\u0101trijs 0,15%, maksim\u0101lais mitrums 10%. Piedevas (uz kg):A vitam\u012bns 17 331 SV, D3 vitam\u012bns 1 733 SV, E vitam\u012bns 173 mg, B1 vitam\u012bns 5,09 mg, B2 vitam\u012bns 9 mg, B6 vitam\u012bns 6,9 mg, B12 vitam\u012bns 0,07 mg, C vitam\u012bns 121 mg, niac\u012bns 43,1 mg, pantot\u0113nsk\u0101be 17,8 mg, folijsk\u0101be 0,69 mg, biot\u012bns 0,43 mg, jods 4,6 mg, sel\u0113ns 0,38 mg, dzelzs 101 mg, var\u0161 12,1 mg, cinks 129 mg, mang\u0101ns 12,1 mg, hol\u012bna hlor\u012bds 1 872 mg, glikozam\u012bns 404 mg\/kg, hondroit\u012bna sulf\u0101ts 353 mg\/kg.Antioksidanti: tokoferolu bag\u0101ti augu e\u013c\u013cu ekstrakti. Metaboliz\u0113jam\u0101 ener\u0123ija: 3 630 kcal\/kg\" \/>\n<meta property=\"og:url\" content=\"https:\/\/miumjau.ee\/lv\/produkts\/ibero-senior-auksti-preseta-bariba-senioriem-ar-zivim-12-kg\/\" \/>\n<meta property=\"og:site_name\" content=\"MiuMjau\" \/>\n<meta property=\"article:publisher\" content=\"https:\/\/www.facebook.com\/miumjaupood\/\" \/>\n<meta property=\"article:modified_time\" content=\"2026-01-07T19:18:17+00:00\" \/>\n<meta property=\"og:image\" content=\"https:\/\/miumjau.ee\/wp-content\/uploads\/2025\/07\/Ibero_3D_senior_FISH_12kg-kopie-Photoroom.jpg\" \/>\n\t<meta property=\"og:image:width\" content=\"600\" \/>\n\t<meta property=\"og:image:height\" content=\"800\" \/>\n\t<meta property=\"og:image:type\" content=\"image\/jpeg\" \/>\n<meta name=\"twitter:card\" content=\"summary_large_image\" \/>\n<script type=\"application\/ld+json\" class=\"yoast-schema-graph\">{\"@context\":\"https:\\\/\\\/schema.org\",\"@graph\":[{\"@type\":\"WebPage\",\"@id\":\"https:\\\/\\\/miumjau.ee\\\/lv\\\/produkts\\\/ibero-senior-auksti-preseta-bariba-senioriem-ar-zivim-12-kg\\\/\",\"url\":\"https:\\\/\\\/miumjau.ee\\\/lv\\\/produkts\\\/ibero-senior-auksti-preseta-bariba-senioriem-ar-zivim-12-kg\\\/\",\"name\":\"Ibero Senior auksti pres\u0113ta bar\u012bba senioriem ar ziv\u012bm 12 kg - MiuMjau\",\"isPartOf\":{\"@id\":\"https:\\\/\\\/miumjau.ee\\\/#website\"},\"primaryImageOfPage\":{\"@id\":\"https:\\\/\\\/miumjau.ee\\\/lv\\\/produkts\\\/ibero-senior-auksti-preseta-bariba-senioriem-ar-zivim-12-kg\\\/#primaryimage\"},\"image\":{\"@id\":\"https:\\\/\\\/miumjau.ee\\\/lv\\\/produkts\\\/ibero-senior-auksti-preseta-bariba-senioriem-ar-zivim-12-kg\\\/#primaryimage\"},\"thumbnailUrl\":\"https:\\\/\\\/miumjau.ee\\\/wp-content\\\/uploads\\\/2025\\\/07\\\/Ibero_3D_senior_FISH_12kg-kopie-Photoroom.jpg\",\"datePublished\":\"2025-07-23T06:06:30+00:00\",\"dateModified\":\"2026-01-07T19:18:17+00:00\",\"breadcrumb\":{\"@id\":\"https:\\\/\\\/miumjau.ee\\\/lv\\\/produkts\\\/ibero-senior-auksti-preseta-bariba-senioriem-ar-zivim-12-kg\\\/#breadcrumb\"},\"inLanguage\":\"lv-LV\",\"potentialAction\":[{\"@type\":\"ReadAction\",\"target\":[\"https:\\\/\\\/miumjau.ee\\\/lv\\\/produkts\\\/ibero-senior-auksti-preseta-bariba-senioriem-ar-zivim-12-kg\\\/\"]}]},{\"@type\":\"ImageObject\",\"inLanguage\":\"lv-LV\",\"@id\":\"https:\\\/\\\/miumjau.ee\\\/lv\\\/produkts\\\/ibero-senior-auksti-preseta-bariba-senioriem-ar-zivim-12-kg\\\/#primaryimage\",\"url\":\"https:\\\/\\\/miumjau.ee\\\/wp-content\\\/uploads\\\/2025\\\/07\\\/Ibero_3D_senior_FISH_12kg-kopie-Photoroom.jpg\",\"contentUrl\":\"https:\\\/\\\/miumjau.ee\\\/wp-content\\\/uploads\\\/2025\\\/07\\\/Ibero_3D_senior_FISH_12kg-kopie-Photoroom.jpg\",\"width\":600,\"height\":800},{\"@type\":\"BreadcrumbList\",\"@id\":\"https:\\\/\\\/miumjau.ee\\\/lv\\\/produkts\\\/ibero-senior-auksti-preseta-bariba-senioriem-ar-zivim-12-kg\\\/#breadcrumb\",\"itemListElement\":[{\"@type\":\"ListItem\",\"position\":1,\"name\":\"Home\",\"item\":\"https:\\\/\\\/miumjau.ee\\\/lv\\\/\"},{\"@type\":\"ListItem\",\"position\":2,\"name\":\"Veikals\",\"item\":\"https:\\\/\\\/miumjau.ee\\\/lv\\\/veikals\\\/\"},{\"@type\":\"ListItem\",\"position\":3,\"name\":\"Ibero Senior auksti pres\u0113ta bar\u012bba senioriem ar ziv\u012bm 12 kg\"}]},{\"@type\":\"WebSite\",\"@id\":\"https:\\\/\\\/miumjau.ee\\\/#website\",\"url\":\"https:\\\/\\\/miumjau.ee\\\/\",\"name\":\"MiuMjau\",\"description\":\"Kraapimispuud kassidele\",\"publisher\":{\"@id\":\"https:\\\/\\\/miumjau.ee\\\/#organization\"},\"potentialAction\":[{\"@type\":\"SearchAction\",\"target\":{\"@type\":\"EntryPoint\",\"urlTemplate\":\"https:\\\/\\\/miumjau.ee\\\/?s={search_term_string}\"},\"query-input\":{\"@type\":\"PropertyValueSpecification\",\"valueRequired\":true,\"valueName\":\"search_term_string\"}}],\"inLanguage\":\"lv-LV\"},{\"@type\":\"Organization\",\"@id\":\"https:\\\/\\\/miumjau.ee\\\/#organization\",\"name\":\"MiuMjau O\u00dc\",\"url\":\"https:\\\/\\\/miumjau.ee\\\/\",\"logo\":{\"@type\":\"ImageObject\",\"inLanguage\":\"lv-LV\",\"@id\":\"https:\\\/\\\/miumjau.ee\\\/#\\\/schema\\\/logo\\\/image\\\/\",\"url\":\"https:\\\/\\\/miumjau.ee\\\/wp-content\\\/uploads\\\/2022\\\/04\\\/MiuMjau-logo-kollane.png\",\"contentUrl\":\"https:\\\/\\\/miumjau.ee\\\/wp-content\\\/uploads\\\/2022\\\/04\\\/MiuMjau-logo-kollane.png\",\"width\":219,\"height\":100,\"caption\":\"MiuMjau O\u00dc\"},\"image\":{\"@id\":\"https:\\\/\\\/miumjau.ee\\\/#\\\/schema\\\/logo\\\/image\\\/\"},\"sameAs\":[\"https:\\\/\\\/www.facebook.com\\\/miumjaupood\\\/\"]}]}<\/script>\n<!-- \/ Yoast SEO plugin. -->","yoast_head_json":{"title":"Ibero Senior auksti pres\u0113ta bar\u012bba senioriem ar ziv\u012bm 12 kg - MiuMjau","robots":{"index":"index","follow":"follow","max-snippet":"max-snippet:-1","max-image-preview":"max-image-preview:large","max-video-preview":"max-video-preview:-1"},"canonical":"https:\/\/miumjau.ee\/lv\/produkts\/ibero-senior-auksti-preseta-bariba-senioriem-ar-zivim-12-kg\/","og_locale":"lv_LV","og_type":"article","og_title":"Ibero Senior auksti pres\u0113ta bar\u012bba senioriem ar ziv\u012bm 12 kg - MiuMjau","og_description":"Auksti pres\u0113ta pilnv\u0113rt\u012bga bar\u012bba, kas satur visas uzturvielas, kuras nepiecie\u0161amas vec\u0101kiem un liek\u0101 svara su\u0146iem. Auksti pres\u0113ta bar\u012bba ir bar\u012bbas zi\u0146\u0101 koncentr\u0113t\u0101ka \u2013 pietiek ar maz\u0101ku daudzumu. Lai gan bar\u012bba var maks\u0101t d\u0101rg\u0101k, ilgtermi\u0146\u0101 t\u0101 var b\u016bt ekonomisk\u0101ka, jo iepakojums ilg\u0101k saglab\u0101jas. Piem\u0113rota ar\u012b stresa pak\u013cautiem su\u0146iem, gr\u016bsn\u0101m kuc\u0113m un tiem, kas dod priek\u0161roku nedaudz dabisk\u0101kai bar\u012bbai. Sast\u0101vs: kalt\u0113tas Adrijas j\u016bras zivis (30%), kalt\u0113tas bat\u0101tes, kalt\u0113ti kartupe\u013ci, Adrijas j\u016bras zivju e\u013c\u013ca (10%), auzu p\u0101rslas (8%), kukur\u016bzas p\u0101rslas, kalt\u0113ts \u0137irbis (2%), kalt\u0113ti burk\u0101ni (1,2%), lins\u0113klas, cigori\u0146u ekstrakts, kalt\u0113ti augi, beta-glik\u0101ni, glikozam\u012bns, hondroit\u012bna sulf\u0101ts, vitam\u012bnu un miner\u0101lvielu mais\u012bjums. Anal\u012btiskais sast\u0101vs: kopprote\u012bns 24%, koptauki 11%, kop\u0161\u0137iedra 3,2%, koppele 6,8%, kalcijs 1,1%, fosfors 0,85%, n\u0101trijs 0,15%, maksim\u0101lais mitrums 10%. Piedevas (uz kg):A vitam\u012bns 17 331 SV, D3 vitam\u012bns 1 733 SV, E vitam\u012bns 173 mg, B1 vitam\u012bns 5,09 mg, B2 vitam\u012bns 9 mg, B6 vitam\u012bns 6,9 mg, B12 vitam\u012bns 0,07 mg, C vitam\u012bns 121 mg, niac\u012bns 43,1 mg, pantot\u0113nsk\u0101be 17,8 mg, folijsk\u0101be 0,69 mg, biot\u012bns 0,43 mg, jods 4,6 mg, sel\u0113ns 0,38 mg, dzelzs 101 mg, var\u0161 12,1 mg, cinks 129 mg, mang\u0101ns 12,1 mg, hol\u012bna hlor\u012bds 1 872 mg, glikozam\u012bns 404 mg\/kg, hondroit\u012bna sulf\u0101ts 353 mg\/kg.Antioksidanti: tokoferolu bag\u0101ti augu e\u013c\u013cu ekstrakti. Metaboliz\u0113jam\u0101 ener\u0123ija: 3 630 kcal\/kg","og_url":"https:\/\/miumjau.ee\/lv\/produkts\/ibero-senior-auksti-preseta-bariba-senioriem-ar-zivim-12-kg\/","og_site_name":"MiuMjau","article_publisher":"https:\/\/www.facebook.com\/miumjaupood\/","article_modified_time":"2026-01-07T19:18:17+00:00","og_image":[{"width":600,"height":800,"url":"https:\/\/miumjau.ee\/wp-content\/uploads\/2025\/07\/Ibero_3D_senior_FISH_12kg-kopie-Photoroom.jpg","type":"image\/jpeg"}],"twitter_card":"summary_large_image","schema":{"@context":"https:\/\/schema.org","@graph":[{"@type":"WebPage","@id":"https:\/\/miumjau.ee\/lv\/produkts\/ibero-senior-auksti-preseta-bariba-senioriem-ar-zivim-12-kg\/","url":"https:\/\/miumjau.ee\/lv\/produkts\/ibero-senior-auksti-preseta-bariba-senioriem-ar-zivim-12-kg\/","name":"Ibero Senior auksti pres\u0113ta bar\u012bba senioriem ar ziv\u012bm 12 kg - MiuMjau","isPartOf":{"@id":"https:\/\/miumjau.ee\/#website"},"primaryImageOfPage":{"@id":"https:\/\/miumjau.ee\/lv\/produkts\/ibero-senior-auksti-preseta-bariba-senioriem-ar-zivim-12-kg\/#primaryimage"},"image":{"@id":"https:\/\/miumjau.ee\/lv\/produkts\/ibero-senior-auksti-preseta-bariba-senioriem-ar-zivim-12-kg\/#primaryimage"},"thumbnailUrl":"https:\/\/miumjau.ee\/wp-content\/uploads\/2025\/07\/Ibero_3D_senior_FISH_12kg-kopie-Photoroom.jpg","datePublished":"2025-07-23T06:06:30+00:00","dateModified":"2026-01-07T19:18:17+00:00","breadcrumb":{"@id":"https:\/\/miumjau.ee\/lv\/produkts\/ibero-senior-auksti-preseta-bariba-senioriem-ar-zivim-12-kg\/#breadcrumb"},"inLanguage":"lv-LV","potentialAction":[{"@type":"ReadAction","target":["https:\/\/miumjau.ee\/lv\/produkts\/ibero-senior-auksti-preseta-bariba-senioriem-ar-zivim-12-kg\/"]}]},{"@type":"ImageObject","inLanguage":"lv-LV","@id":"https:\/\/miumjau.ee\/lv\/produkts\/ibero-senior-auksti-preseta-bariba-senioriem-ar-zivim-12-kg\/#primaryimage","url":"https:\/\/miumjau.ee\/wp-content\/uploads\/2025\/07\/Ibero_3D_senior_FISH_12kg-kopie-Photoroom.jpg","contentUrl":"https:\/\/miumjau.ee\/wp-content\/uploads\/2025\/07\/Ibero_3D_senior_FISH_12kg-kopie-Photoroom.jpg","width":600,"height":800},{"@type":"BreadcrumbList","@id":"https:\/\/miumjau.ee\/lv\/produkts\/ibero-senior-auksti-preseta-bariba-senioriem-ar-zivim-12-kg\/#breadcrumb","itemListElement":[{"@type":"ListItem","position":1,"name":"Home","item":"https:\/\/miumjau.ee\/lv\/"},{"@type":"ListItem","position":2,"name":"Veikals","item":"https:\/\/miumjau.ee\/lv\/veikals\/"},{"@type":"ListItem","position":3,"name":"Ibero Senior auksti pres\u0113ta bar\u012bba senioriem ar ziv\u012bm 12 kg"}]},{"@type":"WebSite","@id":"https:\/\/miumjau.ee\/#website","url":"https:\/\/miumjau.ee\/","name":"MiuMjau","description":"Kraapimispuud kassidele","publisher":{"@id":"https:\/\/miumjau.ee\/#organization"},"potentialAction":[{"@type":"SearchAction","target":{"@type":"EntryPoint","urlTemplate":"https:\/\/miumjau.ee\/?s={search_term_string}"},"query-input":{"@type":"PropertyValueSpecification","valueRequired":true,"valueName":"search_term_string"}}],"inLanguage":"lv-LV"},{"@type":"Organization","@id":"https:\/\/miumjau.ee\/#organization","name":"MiuMjau O\u00dc","url":"https:\/\/miumjau.ee\/","logo":{"@type":"ImageObject","inLanguage":"lv-LV","@id":"https:\/\/miumjau.ee\/#\/schema\/logo\/image\/","url":"https:\/\/miumjau.ee\/wp-content\/uploads\/2022\/04\/MiuMjau-logo-kollane.png","contentUrl":"https:\/\/miumjau.ee\/wp-content\/uploads\/2022\/04\/MiuMjau-logo-kollane.png","width":219,"height":100,"caption":"MiuMjau O\u00dc"},"image":{"@id":"https:\/\/miumjau.ee\/#\/schema\/logo\/image\/"},"sameAs":["https:\/\/www.facebook.com\/miumjaupood\/"]}]}},"_links":{"self":[{"href":"https:\/\/miumjau.ee\/lv\/wp-json\/wp\/v2\/product\/48570","targetHints":{"allow":["GET"]}}],"collection":[{"href":"https:\/\/miumjau.ee\/lv\/wp-json\/wp\/v2\/product"}],"about":[{"href":"https:\/\/miumjau.ee\/lv\/wp-json\/wp\/v2\/types\/product"}],"wp:featuredmedia":[{"embeddable":true,"href":"https:\/\/miumjau.ee\/lv\/wp-json\/wp\/v2\/media\/48555"}],"wp:attachment":[{"href":"https:\/\/miumjau.ee\/lv\/wp-json\/wp\/v2\/media?parent=48570"}],"wp:term":[{"taxonomy":"product_brand","embeddable":true,"href":"https:\/\/miumjau.ee\/lv\/wp-json\/wp\/v2\/product_brand?post=48570"},{"taxonomy":"product_cat","embeddable":true,"href":"https:\/\/miumjau.ee\/lv\/wp-json\/wp\/v2\/product_cat?post=48570"},{"taxonomy":"product_tag","embeddable":true,"href":"https:\/\/miumjau.ee\/lv\/wp-json\/wp\/v2\/product_tag?post=48570"}],"curies":[{"name":"wp","href":"https:\/\/api.w.org\/{rel}","templated":true}]}}