{"id":48567,"date":"2025-07-23T09:15:11","date_gmt":"2025-07-23T06:15:11","guid":{"rendered":"https:\/\/miumjau.ee\/toode\/ibero-auksti-preseta-bariba-videjam-un-lielam-skirnem-liellopu-gala-12-kg\/"},"modified":"2026-01-07T21:18:17","modified_gmt":"2026-01-07T19:18:17","slug":"ibero-auksti-preseta-bariba-videjam-un-lielam-skirnem-liellopu-gala-12-kg","status":"publish","type":"product","link":"https:\/\/miumjau.ee\/lv\/produkts\/ibero-auksti-preseta-bariba-videjam-un-lielam-skirnem-liellopu-gala-12-kg\/","title":{"rendered":"Ibero auksti pres\u0113ta bar\u012bba vid\u0113j\u0101m un liel\u0101m \u0161\u0137irn\u0113m, liellopu ga\u013ca 12 kg"},"content":{"rendered":"","protected":false},"excerpt":{"rendered":"<p data-start=\"111\" data-end=\"235\">Auksti pres\u0113ta pilnv\u0113rt\u012bga bar\u012bba, kas satur visas uzturvielas, kas nepiecie\u0161amas pieaugu\u0161iem vid\u0113ju un lielu \u0161\u0137ir\u0146u su\u0146iem.<\/p>\n<p data-start=\"237\" data-end=\"265\">\u0145emot v\u0113r\u0101 \u0161o su\u0146u \u012bpa\u0161\u012bbas:<\/p>\n<ul data-start=\"267\" data-end=\"871\">\n<li data-start=\"267\" data-end=\"389\">\n<p data-start=\"269\" data-end=\"389\">\u013boti koncentr\u0113ta \u2013 suns sa\u0146em mazu daudzumu viegli sagremojamas bar\u012bbas, kas b\u016btiski samazina ku\u0146\u0123a sav\u0113rp\u0161an\u0101s risku.<\/p>\n<\/li>\n<li data-start=\"390\" data-end=\"485\">\n<p data-start=\"392\" data-end=\"485\">Gar\u0161\u012bga \u2013 pateicoties dab\u012bgo uzturvielu un arom\u0101tu saglab\u0101\u0161anai, kas veicina su\u0146a \u0113stgribu.<\/p>\n<\/li>\n<li data-start=\"486\" data-end=\"572\">\n<p data-start=\"488\" data-end=\"572\">Glikozam\u012bns un hondroit\u012bns \u2013 svar\u012bgs papildin\u0101jums loc\u012btavu vesel\u012bbas uztur\u0113\u0161anai.<\/p>\n<\/li>\n<li data-start=\"573\" data-end=\"627\">\n<p data-start=\"575\" data-end=\"627\">Beta-glik\u0101ni \u2013 im\u016bnsist\u0113mas l\u012bdzsvara uztur\u0113\u0161anai.<\/p>\n<\/li>\n<li data-start=\"628\" data-end=\"728\">\n<p data-start=\"630\" data-end=\"728\">Nepies\u0101tin\u0101t\u0101s tauksk\u0101bes \u2013 iekaisumu profilaksei un organisma norm\u0101las darb\u012bbas nodro\u0161in\u0101\u0161anai.<\/p>\n<\/li>\n<li data-start=\"729\" data-end=\"782\">\n<p data-start=\"731\" data-end=\"782\">Biot\u012bns un cinks \u2013 vesel\u012bgai \u0101dai un apmatojumam.<\/p>\n<\/li>\n<li data-start=\"783\" data-end=\"871\">\n<p data-start=\"785\" data-end=\"871\">Ra\u017eo\u0161anas tehnolo\u0123ijas d\u0113\u013c \u012bpa\u0161i v\u0113rt\u012bga akt\u012bviem su\u0146iem un gr\u016bsn\u0101m vai z\u012bdo\u0161\u0101m kuc\u0113m.<\/p>\n<\/li>\n<\/ul>\n<p data-start=\"873\" data-end=\"1205\"><strong data-start=\"873\" data-end=\"885\">Sast\u0101vs:<\/strong> kalt\u0113ta liellopu ga\u013ca (31%), tauki (13%), kalt\u0113tas bat\u0101tes, kalt\u0113ti kartupe\u013ci, auzu p\u0101rslas (8%), c\u016bku aknas (5%), kalt\u0113ts \u0137irbis (2%), kalt\u0113tas c\u016bku aknas (2%), kukur\u016bzas p\u0101rslas, kalt\u0113ti burk\u0101ni (1,2%), lins\u0113klas, cigori\u0146u ekstrakts, kalt\u0113ti augi, beta-glik\u0101ni, skrim\u0161\u013cu ekstrakts, vitam\u012bnu un miner\u0101lvielu mais\u012bjums.<\/p>\n<p data-start=\"1207\" data-end=\"1363\"><strong data-start=\"1207\" data-end=\"1232\">Anal\u012btiskais sast\u0101vs:<\/strong> kopprote\u012bns 24%, koptauki 14%, kop\u0161\u0137iedra 3,4%, koppele 7,3%, kalcijs 1,1%, fosfors 0,85%, n\u0101trijs 0,15%, maksim\u0101lais mitrums 10%.<\/p>\n<p data-start=\"1365\" data-end=\"1796\" data-is-last-node=\"\" data-is-only-node=\"\"><strong data-start=\"1365\" data-end=\"1386\">Piedevas (uz kg):<\/strong><br data-start=\"1386\" data-end=\"1389\" \/>A vitam\u012bns 17 331 SV, D3 vitam\u012bns 1 733 SV, E vitam\u012bns 173 mg, B1 vitam\u012bns 5,09 mg, B2 vitam\u012bns 9 mg, B6 vitam\u012bns 6,9 mg, B12 vitam\u012bns 0,07 mg, C vitam\u012bns 121 mg, niac\u012bns 43,1 mg, pantot\u0113nsk\u0101be 17,8 mg, folijsk\u0101be 0,69 mg, biot\u012bns 0,43 mg, jods 4,6 mg, sel\u0113ns 0,38 mg, dzelzs 101 mg, var\u0161 12,1 mg, cinks 129 mg, mang\u0101ns 12,1 mg, hol\u012bna hlor\u012bds 1 872 mg, glikozam\u012bns 404 mg\/kg, hondroit\u012bna sulf\u0101ts 353 mg\/kg.<\/p>\n","protected":false},"featured_media":48568,"template":"","meta":[],"product_brand":[],"product_cat":[573,575],"product_tag":[],"class_list":{"0":"post-48567","1":"product","2":"type-product","3":"status-publish","4":"has-post-thumbnail","6":"product_cat-kaup24-lv","7":"product_cat-sausa-bariba-suniem","9":"first","10":"instock","11":"sale","12":"taxable","13":"shipping-taxable","14":"purchasable","15":"product-type-simple"},"yoast_head":"<!-- This site is optimized with the Yoast SEO plugin v27.4 - https:\/\/yoast.com\/product\/yoast-seo-wordpress\/ -->\n<title>Ibero auksti pres\u0113ta bar\u012bba vid\u0113j\u0101m un liel\u0101m \u0161\u0137irn\u0113m, liellopu ga\u013ca 12 kg - MiuMjau<\/title>\n<meta name=\"robots\" content=\"index, follow, max-snippet:-1, max-image-preview:large, max-video-preview:-1\" \/>\n<link rel=\"canonical\" href=\"https:\/\/miumjau.ee\/lv\/produkts\/ibero-auksti-preseta-bariba-videjam-un-lielam-skirnem-liellopu-gala-12-kg\/\" \/>\n<meta property=\"og:locale\" content=\"lv_LV\" \/>\n<meta property=\"og:type\" content=\"article\" \/>\n<meta property=\"og:title\" content=\"Ibero auksti pres\u0113ta bar\u012bba vid\u0113j\u0101m un liel\u0101m \u0161\u0137irn\u0113m, liellopu ga\u013ca 12 kg - MiuMjau\" \/>\n<meta property=\"og:description\" content=\"Auksti pres\u0113ta pilnv\u0113rt\u012bga bar\u012bba, kas satur visas uzturvielas, kas nepiecie\u0161amas pieaugu\u0161iem vid\u0113ju un lielu \u0161\u0137ir\u0146u su\u0146iem. \u0145emot v\u0113r\u0101 \u0161o su\u0146u \u012bpa\u0161\u012bbas:     \u013boti koncentr\u0113ta \u2013 suns sa\u0146em mazu daudzumu viegli sagremojamas bar\u012bbas, kas b\u016btiski samazina ku\u0146\u0123a sav\u0113rp\u0161an\u0101s risku.    Gar\u0161\u012bga \u2013 pateicoties dab\u012bgo uzturvielu un arom\u0101tu saglab\u0101\u0161anai, kas veicina su\u0146a \u0113stgribu.    Glikozam\u012bns un hondroit\u012bns \u2013 svar\u012bgs papildin\u0101jums loc\u012btavu vesel\u012bbas uztur\u0113\u0161anai.    Beta-glik\u0101ni \u2013 im\u016bnsist\u0113mas l\u012bdzsvara uztur\u0113\u0161anai.    Nepies\u0101tin\u0101t\u0101s tauksk\u0101bes \u2013 iekaisumu profilaksei un organisma norm\u0101las darb\u012bbas nodro\u0161in\u0101\u0161anai.    Biot\u012bns un cinks \u2013 vesel\u012bgai \u0101dai un apmatojumam.    Ra\u017eo\u0161anas tehnolo\u0123ijas d\u0113\u013c \u012bpa\u0161i v\u0113rt\u012bga akt\u012bviem su\u0146iem un gr\u016bsn\u0101m vai z\u012bdo\u0161\u0101m kuc\u0113m.   Sast\u0101vs: kalt\u0113ta liellopu ga\u013ca (31%), tauki (13%), kalt\u0113tas bat\u0101tes, kalt\u0113ti kartupe\u013ci, auzu p\u0101rslas (8%), c\u016bku aknas (5%), kalt\u0113ts \u0137irbis (2%), kalt\u0113tas c\u016bku aknas (2%), kukur\u016bzas p\u0101rslas, kalt\u0113ti burk\u0101ni (1,2%), lins\u0113klas, cigori\u0146u ekstrakts, kalt\u0113ti augi, beta-glik\u0101ni, skrim\u0161\u013cu ekstrakts, vitam\u012bnu un miner\u0101lvielu mais\u012bjums. Anal\u012btiskais sast\u0101vs: kopprote\u012bns 24%, koptauki 14%, kop\u0161\u0137iedra 3,4%, koppele 7,3%, kalcijs 1,1%, fosfors 0,85%, n\u0101trijs 0,15%, maksim\u0101lais mitrums 10%. Piedevas (uz kg):A vitam\u012bns 17 331 SV, D3 vitam\u012bns 1 733 SV, E vitam\u012bns 173 mg, B1 vitam\u012bns 5,09 mg, B2 vitam\u012bns 9 mg, B6 vitam\u012bns 6,9 mg, B12 vitam\u012bns 0,07 mg, C vitam\u012bns 121 mg, niac\u012bns 43,1 mg, pantot\u0113nsk\u0101be 17,8 mg, folijsk\u0101be 0,69 mg, biot\u012bns 0,43 mg, jods 4,6 mg, sel\u0113ns 0,38 mg, dzelzs 101 mg, var\u0161 12,1 mg, cinks 129 mg, mang\u0101ns 12,1 mg, hol\u012bna hlor\u012bds 1 872 mg, glikozam\u012bns 404 mg\/kg, hondroit\u012bna sulf\u0101ts 353 mg\/kg.\" \/>\n<meta property=\"og:url\" content=\"https:\/\/miumjau.ee\/lv\/produkts\/ibero-auksti-preseta-bariba-videjam-un-lielam-skirnem-liellopu-gala-12-kg\/\" \/>\n<meta property=\"og:site_name\" content=\"MiuMjau\" \/>\n<meta property=\"article:publisher\" content=\"https:\/\/www.facebook.com\/miumjaupood\/\" \/>\n<meta property=\"article:modified_time\" content=\"2026-01-07T19:18:17+00:00\" \/>\n<meta property=\"og:image\" content=\"https:\/\/miumjau.ee\/wp-content\/uploads\/2025\/07\/ibero-koer-kulmpressitud-ML-veis-12kg.jpg\" \/>\n\t<meta property=\"og:image:width\" content=\"600\" \/>\n\t<meta property=\"og:image:height\" content=\"800\" \/>\n\t<meta property=\"og:image:type\" content=\"image\/jpeg\" \/>\n<meta name=\"twitter:card\" content=\"summary_large_image\" \/>\n<script type=\"application\/ld+json\" class=\"yoast-schema-graph\">{\"@context\":\"https:\\\/\\\/schema.org\",\"@graph\":[{\"@type\":\"WebPage\",\"@id\":\"https:\\\/\\\/miumjau.ee\\\/lv\\\/produkts\\\/ibero-auksti-preseta-bariba-videjam-un-lielam-skirnem-liellopu-gala-12-kg\\\/\",\"url\":\"https:\\\/\\\/miumjau.ee\\\/lv\\\/produkts\\\/ibero-auksti-preseta-bariba-videjam-un-lielam-skirnem-liellopu-gala-12-kg\\\/\",\"name\":\"Ibero auksti pres\u0113ta bar\u012bba vid\u0113j\u0101m un liel\u0101m \u0161\u0137irn\u0113m, liellopu ga\u013ca 12 kg - MiuMjau\",\"isPartOf\":{\"@id\":\"https:\\\/\\\/miumjau.ee\\\/#website\"},\"primaryImageOfPage\":{\"@id\":\"https:\\\/\\\/miumjau.ee\\\/lv\\\/produkts\\\/ibero-auksti-preseta-bariba-videjam-un-lielam-skirnem-liellopu-gala-12-kg\\\/#primaryimage\"},\"image\":{\"@id\":\"https:\\\/\\\/miumjau.ee\\\/lv\\\/produkts\\\/ibero-auksti-preseta-bariba-videjam-un-lielam-skirnem-liellopu-gala-12-kg\\\/#primaryimage\"},\"thumbnailUrl\":\"https:\\\/\\\/miumjau.ee\\\/wp-content\\\/uploads\\\/2025\\\/07\\\/ibero-koer-kulmpressitud-ML-veis-12kg.jpg\",\"datePublished\":\"2025-07-23T06:15:11+00:00\",\"dateModified\":\"2026-01-07T19:18:17+00:00\",\"breadcrumb\":{\"@id\":\"https:\\\/\\\/miumjau.ee\\\/lv\\\/produkts\\\/ibero-auksti-preseta-bariba-videjam-un-lielam-skirnem-liellopu-gala-12-kg\\\/#breadcrumb\"},\"inLanguage\":\"lv-LV\",\"potentialAction\":[{\"@type\":\"ReadAction\",\"target\":[\"https:\\\/\\\/miumjau.ee\\\/lv\\\/produkts\\\/ibero-auksti-preseta-bariba-videjam-un-lielam-skirnem-liellopu-gala-12-kg\\\/\"]}]},{\"@type\":\"ImageObject\",\"inLanguage\":\"lv-LV\",\"@id\":\"https:\\\/\\\/miumjau.ee\\\/lv\\\/produkts\\\/ibero-auksti-preseta-bariba-videjam-un-lielam-skirnem-liellopu-gala-12-kg\\\/#primaryimage\",\"url\":\"https:\\\/\\\/miumjau.ee\\\/wp-content\\\/uploads\\\/2025\\\/07\\\/ibero-koer-kulmpressitud-ML-veis-12kg.jpg\",\"contentUrl\":\"https:\\\/\\\/miumjau.ee\\\/wp-content\\\/uploads\\\/2025\\\/07\\\/ibero-koer-kulmpressitud-ML-veis-12kg.jpg\",\"width\":600,\"height\":800},{\"@type\":\"BreadcrumbList\",\"@id\":\"https:\\\/\\\/miumjau.ee\\\/lv\\\/produkts\\\/ibero-auksti-preseta-bariba-videjam-un-lielam-skirnem-liellopu-gala-12-kg\\\/#breadcrumb\",\"itemListElement\":[{\"@type\":\"ListItem\",\"position\":1,\"name\":\"Home\",\"item\":\"https:\\\/\\\/miumjau.ee\\\/lv\\\/\"},{\"@type\":\"ListItem\",\"position\":2,\"name\":\"Veikals\",\"item\":\"https:\\\/\\\/miumjau.ee\\\/lv\\\/veikals\\\/\"},{\"@type\":\"ListItem\",\"position\":3,\"name\":\"Ibero auksti pres\u0113ta bar\u012bba vid\u0113j\u0101m un liel\u0101m \u0161\u0137irn\u0113m, liellopu ga\u013ca 12 kg\"}]},{\"@type\":\"WebSite\",\"@id\":\"https:\\\/\\\/miumjau.ee\\\/#website\",\"url\":\"https:\\\/\\\/miumjau.ee\\\/\",\"name\":\"MiuMjau\",\"description\":\"Kraapimispuud kassidele\",\"publisher\":{\"@id\":\"https:\\\/\\\/miumjau.ee\\\/#organization\"},\"potentialAction\":[{\"@type\":\"SearchAction\",\"target\":{\"@type\":\"EntryPoint\",\"urlTemplate\":\"https:\\\/\\\/miumjau.ee\\\/?s={search_term_string}\"},\"query-input\":{\"@type\":\"PropertyValueSpecification\",\"valueRequired\":true,\"valueName\":\"search_term_string\"}}],\"inLanguage\":\"lv-LV\"},{\"@type\":\"Organization\",\"@id\":\"https:\\\/\\\/miumjau.ee\\\/#organization\",\"name\":\"MiuMjau O\u00dc\",\"url\":\"https:\\\/\\\/miumjau.ee\\\/\",\"logo\":{\"@type\":\"ImageObject\",\"inLanguage\":\"lv-LV\",\"@id\":\"https:\\\/\\\/miumjau.ee\\\/#\\\/schema\\\/logo\\\/image\\\/\",\"url\":\"https:\\\/\\\/miumjau.ee\\\/wp-content\\\/uploads\\\/2022\\\/04\\\/MiuMjau-logo-kollane.png\",\"contentUrl\":\"https:\\\/\\\/miumjau.ee\\\/wp-content\\\/uploads\\\/2022\\\/04\\\/MiuMjau-logo-kollane.png\",\"width\":219,\"height\":100,\"caption\":\"MiuMjau O\u00dc\"},\"image\":{\"@id\":\"https:\\\/\\\/miumjau.ee\\\/#\\\/schema\\\/logo\\\/image\\\/\"},\"sameAs\":[\"https:\\\/\\\/www.facebook.com\\\/miumjaupood\\\/\"]}]}<\/script>\n<!-- \/ Yoast SEO plugin. -->","yoast_head_json":{"title":"Ibero auksti pres\u0113ta bar\u012bba vid\u0113j\u0101m un liel\u0101m \u0161\u0137irn\u0113m, liellopu ga\u013ca 12 kg - MiuMjau","robots":{"index":"index","follow":"follow","max-snippet":"max-snippet:-1","max-image-preview":"max-image-preview:large","max-video-preview":"max-video-preview:-1"},"canonical":"https:\/\/miumjau.ee\/lv\/produkts\/ibero-auksti-preseta-bariba-videjam-un-lielam-skirnem-liellopu-gala-12-kg\/","og_locale":"lv_LV","og_type":"article","og_title":"Ibero auksti pres\u0113ta bar\u012bba vid\u0113j\u0101m un liel\u0101m \u0161\u0137irn\u0113m, liellopu ga\u013ca 12 kg - MiuMjau","og_description":"Auksti pres\u0113ta pilnv\u0113rt\u012bga bar\u012bba, kas satur visas uzturvielas, kas nepiecie\u0161amas pieaugu\u0161iem vid\u0113ju un lielu \u0161\u0137ir\u0146u su\u0146iem. \u0145emot v\u0113r\u0101 \u0161o su\u0146u \u012bpa\u0161\u012bbas:     \u013boti koncentr\u0113ta \u2013 suns sa\u0146em mazu daudzumu viegli sagremojamas bar\u012bbas, kas b\u016btiski samazina ku\u0146\u0123a sav\u0113rp\u0161an\u0101s risku.    Gar\u0161\u012bga \u2013 pateicoties dab\u012bgo uzturvielu un arom\u0101tu saglab\u0101\u0161anai, kas veicina su\u0146a \u0113stgribu.    Glikozam\u012bns un hondroit\u012bns \u2013 svar\u012bgs papildin\u0101jums loc\u012btavu vesel\u012bbas uztur\u0113\u0161anai.    Beta-glik\u0101ni \u2013 im\u016bnsist\u0113mas l\u012bdzsvara uztur\u0113\u0161anai.    Nepies\u0101tin\u0101t\u0101s tauksk\u0101bes \u2013 iekaisumu profilaksei un organisma norm\u0101las darb\u012bbas nodro\u0161in\u0101\u0161anai.    Biot\u012bns un cinks \u2013 vesel\u012bgai \u0101dai un apmatojumam.    Ra\u017eo\u0161anas tehnolo\u0123ijas d\u0113\u013c \u012bpa\u0161i v\u0113rt\u012bga akt\u012bviem su\u0146iem un gr\u016bsn\u0101m vai z\u012bdo\u0161\u0101m kuc\u0113m.   Sast\u0101vs: kalt\u0113ta liellopu ga\u013ca (31%), tauki (13%), kalt\u0113tas bat\u0101tes, kalt\u0113ti kartupe\u013ci, auzu p\u0101rslas (8%), c\u016bku aknas (5%), kalt\u0113ts \u0137irbis (2%), kalt\u0113tas c\u016bku aknas (2%), kukur\u016bzas p\u0101rslas, kalt\u0113ti burk\u0101ni (1,2%), lins\u0113klas, cigori\u0146u ekstrakts, kalt\u0113ti augi, beta-glik\u0101ni, skrim\u0161\u013cu ekstrakts, vitam\u012bnu un miner\u0101lvielu mais\u012bjums. Anal\u012btiskais sast\u0101vs: kopprote\u012bns 24%, koptauki 14%, kop\u0161\u0137iedra 3,4%, koppele 7,3%, kalcijs 1,1%, fosfors 0,85%, n\u0101trijs 0,15%, maksim\u0101lais mitrums 10%. Piedevas (uz kg):A vitam\u012bns 17 331 SV, D3 vitam\u012bns 1 733 SV, E vitam\u012bns 173 mg, B1 vitam\u012bns 5,09 mg, B2 vitam\u012bns 9 mg, B6 vitam\u012bns 6,9 mg, B12 vitam\u012bns 0,07 mg, C vitam\u012bns 121 mg, niac\u012bns 43,1 mg, pantot\u0113nsk\u0101be 17,8 mg, folijsk\u0101be 0,69 mg, biot\u012bns 0,43 mg, jods 4,6 mg, sel\u0113ns 0,38 mg, dzelzs 101 mg, var\u0161 12,1 mg, cinks 129 mg, mang\u0101ns 12,1 mg, hol\u012bna hlor\u012bds 1 872 mg, glikozam\u012bns 404 mg\/kg, hondroit\u012bna sulf\u0101ts 353 mg\/kg.","og_url":"https:\/\/miumjau.ee\/lv\/produkts\/ibero-auksti-preseta-bariba-videjam-un-lielam-skirnem-liellopu-gala-12-kg\/","og_site_name":"MiuMjau","article_publisher":"https:\/\/www.facebook.com\/miumjaupood\/","article_modified_time":"2026-01-07T19:18:17+00:00","og_image":[{"width":600,"height":800,"url":"https:\/\/miumjau.ee\/wp-content\/uploads\/2025\/07\/ibero-koer-kulmpressitud-ML-veis-12kg.jpg","type":"image\/jpeg"}],"twitter_card":"summary_large_image","schema":{"@context":"https:\/\/schema.org","@graph":[{"@type":"WebPage","@id":"https:\/\/miumjau.ee\/lv\/produkts\/ibero-auksti-preseta-bariba-videjam-un-lielam-skirnem-liellopu-gala-12-kg\/","url":"https:\/\/miumjau.ee\/lv\/produkts\/ibero-auksti-preseta-bariba-videjam-un-lielam-skirnem-liellopu-gala-12-kg\/","name":"Ibero auksti pres\u0113ta bar\u012bba vid\u0113j\u0101m un liel\u0101m \u0161\u0137irn\u0113m, liellopu ga\u013ca 12 kg - MiuMjau","isPartOf":{"@id":"https:\/\/miumjau.ee\/#website"},"primaryImageOfPage":{"@id":"https:\/\/miumjau.ee\/lv\/produkts\/ibero-auksti-preseta-bariba-videjam-un-lielam-skirnem-liellopu-gala-12-kg\/#primaryimage"},"image":{"@id":"https:\/\/miumjau.ee\/lv\/produkts\/ibero-auksti-preseta-bariba-videjam-un-lielam-skirnem-liellopu-gala-12-kg\/#primaryimage"},"thumbnailUrl":"https:\/\/miumjau.ee\/wp-content\/uploads\/2025\/07\/ibero-koer-kulmpressitud-ML-veis-12kg.jpg","datePublished":"2025-07-23T06:15:11+00:00","dateModified":"2026-01-07T19:18:17+00:00","breadcrumb":{"@id":"https:\/\/miumjau.ee\/lv\/produkts\/ibero-auksti-preseta-bariba-videjam-un-lielam-skirnem-liellopu-gala-12-kg\/#breadcrumb"},"inLanguage":"lv-LV","potentialAction":[{"@type":"ReadAction","target":["https:\/\/miumjau.ee\/lv\/produkts\/ibero-auksti-preseta-bariba-videjam-un-lielam-skirnem-liellopu-gala-12-kg\/"]}]},{"@type":"ImageObject","inLanguage":"lv-LV","@id":"https:\/\/miumjau.ee\/lv\/produkts\/ibero-auksti-preseta-bariba-videjam-un-lielam-skirnem-liellopu-gala-12-kg\/#primaryimage","url":"https:\/\/miumjau.ee\/wp-content\/uploads\/2025\/07\/ibero-koer-kulmpressitud-ML-veis-12kg.jpg","contentUrl":"https:\/\/miumjau.ee\/wp-content\/uploads\/2025\/07\/ibero-koer-kulmpressitud-ML-veis-12kg.jpg","width":600,"height":800},{"@type":"BreadcrumbList","@id":"https:\/\/miumjau.ee\/lv\/produkts\/ibero-auksti-preseta-bariba-videjam-un-lielam-skirnem-liellopu-gala-12-kg\/#breadcrumb","itemListElement":[{"@type":"ListItem","position":1,"name":"Home","item":"https:\/\/miumjau.ee\/lv\/"},{"@type":"ListItem","position":2,"name":"Veikals","item":"https:\/\/miumjau.ee\/lv\/veikals\/"},{"@type":"ListItem","position":3,"name":"Ibero auksti pres\u0113ta bar\u012bba vid\u0113j\u0101m un liel\u0101m \u0161\u0137irn\u0113m, liellopu ga\u013ca 12 kg"}]},{"@type":"WebSite","@id":"https:\/\/miumjau.ee\/#website","url":"https:\/\/miumjau.ee\/","name":"MiuMjau","description":"Kraapimispuud kassidele","publisher":{"@id":"https:\/\/miumjau.ee\/#organization"},"potentialAction":[{"@type":"SearchAction","target":{"@type":"EntryPoint","urlTemplate":"https:\/\/miumjau.ee\/?s={search_term_string}"},"query-input":{"@type":"PropertyValueSpecification","valueRequired":true,"valueName":"search_term_string"}}],"inLanguage":"lv-LV"},{"@type":"Organization","@id":"https:\/\/miumjau.ee\/#organization","name":"MiuMjau O\u00dc","url":"https:\/\/miumjau.ee\/","logo":{"@type":"ImageObject","inLanguage":"lv-LV","@id":"https:\/\/miumjau.ee\/#\/schema\/logo\/image\/","url":"https:\/\/miumjau.ee\/wp-content\/uploads\/2022\/04\/MiuMjau-logo-kollane.png","contentUrl":"https:\/\/miumjau.ee\/wp-content\/uploads\/2022\/04\/MiuMjau-logo-kollane.png","width":219,"height":100,"caption":"MiuMjau O\u00dc"},"image":{"@id":"https:\/\/miumjau.ee\/#\/schema\/logo\/image\/"},"sameAs":["https:\/\/www.facebook.com\/miumjaupood\/"]}]}},"_links":{"self":[{"href":"https:\/\/miumjau.ee\/lv\/wp-json\/wp\/v2\/product\/48567","targetHints":{"allow":["GET"]}}],"collection":[{"href":"https:\/\/miumjau.ee\/lv\/wp-json\/wp\/v2\/product"}],"about":[{"href":"https:\/\/miumjau.ee\/lv\/wp-json\/wp\/v2\/types\/product"}],"wp:featuredmedia":[{"embeddable":true,"href":"https:\/\/miumjau.ee\/lv\/wp-json\/wp\/v2\/media\/48568"}],"wp:attachment":[{"href":"https:\/\/miumjau.ee\/lv\/wp-json\/wp\/v2\/media?parent=48567"}],"wp:term":[{"taxonomy":"product_brand","embeddable":true,"href":"https:\/\/miumjau.ee\/lv\/wp-json\/wp\/v2\/product_brand?post=48567"},{"taxonomy":"product_cat","embeddable":true,"href":"https:\/\/miumjau.ee\/lv\/wp-json\/wp\/v2\/product_cat?post=48567"},{"taxonomy":"product_tag","embeddable":true,"href":"https:\/\/miumjau.ee\/lv\/wp-json\/wp\/v2\/product_tag?post=48567"}],"curies":[{"name":"wp","href":"https:\/\/api.w.org\/{rel}","templated":true}]}}