{"id":48564,"date":"2025-07-23T00:39:15","date_gmt":"2025-07-22T21:39:15","guid":{"rendered":"https:\/\/miumjau.ee\/toode\/ibero-auksti-preseta-bariba-videjam-un-lielam-skirnem-iberico-12-kg\/"},"modified":"2026-01-07T21:18:24","modified_gmt":"2026-01-07T19:18:24","slug":"ibero-auksti-preseta-bariba-videjam-un-lielam-skirnem-iberico-12-kg","status":"publish","type":"product","link":"https:\/\/miumjau.ee\/lv\/produkts\/ibero-auksti-preseta-bariba-videjam-un-lielam-skirnem-iberico-12-kg\/","title":{"rendered":"Ibero auksti pres\u0113ta bar\u012bba vid\u0113j\u0101m un liel\u0101m \u0161\u0137irn\u0113m, Iberico 12 kg"},"content":{"rendered":"","protected":false},"excerpt":{"rendered":"<p data-start=\"105\" data-end=\"231\">Auksti pres\u0113ta pilnv\u0113rt\u012bga bar\u012bba, kas satur visas uzturvielas, kuras nepiecie\u0161amas pieaugu\u0161iem vid\u0113ju un lielu \u0161\u0137ir\u0146u su\u0146iem.<\/p>\n<p data-start=\"233\" data-end=\"612\"><strong data-start=\"233\" data-end=\"245\">Sast\u0101vs:<\/strong> kalt\u0113ta Ib\u0113rijas c\u016bkga\u013ca (20%), kalt\u0113ta t\u012btara ga\u013ca (14%), kalt\u0113tas bat\u0101tes, kalt\u0113ti kartupe\u013ci, liellopu tauki (13%), auzu p\u0101rslas (8%), c\u016bkga\u013cas aknas (5%), kalt\u0113ts \u0137irbis (2%), kalt\u0113tas c\u016bkga\u013cas aknas (2%), kukur\u016bzas p\u0101rslas, kalt\u0113ti burk\u0101ni (1,2%), lins\u0113klas, cigori\u0146u ekstrakts, kalt\u0113ti augi, beta-glik\u0101ni, skrim\u0161\u013cu ekstrakts, vitam\u012bnu un miner\u0101lvielu mais\u012bjums.<\/p>\n<p data-start=\"614\" data-end=\"770\"><strong data-start=\"614\" data-end=\"639\">Anal\u012btiskais sast\u0101vs:<\/strong> kopprote\u012bns 24%, koptauki 14%, kop\u0161\u0137iedra 3,4%, koppele 7,3%, kalcijs 1,1%, fosfors 0,85%, n\u0101trijs 0,15%, maksim\u0101lais mitrums 10%.<\/p>\n<p data-start=\"772\" data-end=\"1318\"><strong data-start=\"772\" data-end=\"809\">Piedevas (uztura piedevas uz kg):<\/strong><br data-start=\"809\" data-end=\"812\" \/>A vitam\u012bns 17 331 SV, D3 vitam\u012bns 1 733 SV, E vitam\u012bns 173 mg, B1 vitam\u012bns 5,09 mg, B2 vitam\u012bns 9 mg, B6 vitam\u012bns 6,9 mg, B12 vitam\u012bns 0,07 mg, C vitam\u012bns 121 mg, niac\u012bns 43,1 mg, pantot\u0113nsk\u0101be 17,8 mg, folijsk\u0101be 0,69 mg, biot\u012bns 0,43 mg, jods 4,6 mg, sel\u0113ns 0,38 mg, dzelzs 101 mg, var\u0161 12,1 mg, cinks 129 mg, mang\u0101ns 12,1 mg, hol\u012bna hlor\u012bds 1 872 mg, glikozam\u012bns 404 mg\/kg, hondroit\u012bna sulf\u0101ts 353 mg\/kg.<br data-start=\"1219\" data-end=\"1222\" \/><strong data-start=\"1222\" data-end=\"1249\">Tehnolo\u0123isk\u0101s piedevas:<\/strong> dab\u012bgie antioksidanti (augu e\u013c\u013cu ekstrakti, bag\u0101ti ar tokoferoliem).<\/p>\n<p data-start=\"1320\" data-end=\"1363\" data-is-last-node=\"\" data-is-only-node=\"\"><strong data-start=\"1320\" data-end=\"1348\">Metaboliz\u0113jam\u0101 ener\u0123ija:<\/strong> 3 880 kcal\/kg.<\/p>\n","protected":false},"featured_media":48553,"template":"","meta":[],"product_brand":[],"product_cat":[575,573],"product_tag":[],"class_list":{"0":"post-48564","1":"product","2":"type-product","3":"status-publish","4":"has-post-thumbnail","6":"product_cat-sausa-bariba-suniem","7":"product_cat-kaup24-lv","9":"first","10":"instock","11":"sale","12":"taxable","13":"shipping-taxable","14":"purchasable","15":"product-type-simple"},"yoast_head":"<!-- This site is optimized with the Yoast SEO plugin v27.2 - https:\/\/yoast.com\/product\/yoast-seo-wordpress\/ -->\n<title>Ibero auksti pres\u0113ta bar\u012bba vid\u0113j\u0101m un liel\u0101m \u0161\u0137irn\u0113m, Iberico 12 kg - MiuMjau<\/title>\n<meta name=\"robots\" content=\"index, follow, max-snippet:-1, max-image-preview:large, max-video-preview:-1\" \/>\n<link rel=\"canonical\" href=\"https:\/\/miumjau.ee\/lv\/produkts\/ibero-auksti-preseta-bariba-videjam-un-lielam-skirnem-iberico-12-kg\/\" \/>\n<meta property=\"og:locale\" content=\"lv_LV\" \/>\n<meta property=\"og:type\" content=\"article\" \/>\n<meta property=\"og:title\" content=\"Ibero auksti pres\u0113ta bar\u012bba vid\u0113j\u0101m un liel\u0101m \u0161\u0137irn\u0113m, Iberico 12 kg - MiuMjau\" \/>\n<meta property=\"og:description\" content=\"Auksti pres\u0113ta pilnv\u0113rt\u012bga bar\u012bba, kas satur visas uzturvielas, kuras nepiecie\u0161amas pieaugu\u0161iem vid\u0113ju un lielu \u0161\u0137ir\u0146u su\u0146iem. Sast\u0101vs: kalt\u0113ta Ib\u0113rijas c\u016bkga\u013ca (20%), kalt\u0113ta t\u012btara ga\u013ca (14%), kalt\u0113tas bat\u0101tes, kalt\u0113ti kartupe\u013ci, liellopu tauki (13%), auzu p\u0101rslas (8%), c\u016bkga\u013cas aknas (5%), kalt\u0113ts \u0137irbis (2%), kalt\u0113tas c\u016bkga\u013cas aknas (2%), kukur\u016bzas p\u0101rslas, kalt\u0113ti burk\u0101ni (1,2%), lins\u0113klas, cigori\u0146u ekstrakts, kalt\u0113ti augi, beta-glik\u0101ni, skrim\u0161\u013cu ekstrakts, vitam\u012bnu un miner\u0101lvielu mais\u012bjums. Anal\u012btiskais sast\u0101vs: kopprote\u012bns 24%, koptauki 14%, kop\u0161\u0137iedra 3,4%, koppele 7,3%, kalcijs 1,1%, fosfors 0,85%, n\u0101trijs 0,15%, maksim\u0101lais mitrums 10%. Piedevas (uztura piedevas uz kg):A vitam\u012bns 17 331 SV, D3 vitam\u012bns 1 733 SV, E vitam\u012bns 173 mg, B1 vitam\u012bns 5,09 mg, B2 vitam\u012bns 9 mg, B6 vitam\u012bns 6,9 mg, B12 vitam\u012bns 0,07 mg, C vitam\u012bns 121 mg, niac\u012bns 43,1 mg, pantot\u0113nsk\u0101be 17,8 mg, folijsk\u0101be 0,69 mg, biot\u012bns 0,43 mg, jods 4,6 mg, sel\u0113ns 0,38 mg, dzelzs 101 mg, var\u0161 12,1 mg, cinks 129 mg, mang\u0101ns 12,1 mg, hol\u012bna hlor\u012bds 1 872 mg, glikozam\u012bns 404 mg\/kg, hondroit\u012bna sulf\u0101ts 353 mg\/kg.Tehnolo\u0123isk\u0101s piedevas: dab\u012bgie antioksidanti (augu e\u013c\u013cu ekstrakti, bag\u0101ti ar tokoferoliem). Metaboliz\u0113jam\u0101 ener\u0123ija: 3 880 kcal\/kg.\" \/>\n<meta property=\"og:url\" content=\"https:\/\/miumjau.ee\/lv\/produkts\/ibero-auksti-preseta-bariba-videjam-un-lielam-skirnem-iberico-12-kg\/\" \/>\n<meta property=\"og:site_name\" content=\"MiuMjau\" \/>\n<meta property=\"article:publisher\" content=\"https:\/\/www.facebook.com\/miumjaupood\/\" \/>\n<meta property=\"article:modified_time\" content=\"2026-01-07T19:18:24+00:00\" \/>\n<meta property=\"og:image\" content=\"https:\/\/miumjau.ee\/wp-content\/uploads\/2025\/07\/Ibero_3D_adult_IBERICO_12kg-kopie-Photoroom.jpg\" \/>\n\t<meta property=\"og:image:width\" content=\"600\" \/>\n\t<meta property=\"og:image:height\" content=\"800\" \/>\n\t<meta property=\"og:image:type\" content=\"image\/jpeg\" \/>\n<meta name=\"twitter:card\" content=\"summary_large_image\" \/>\n<script type=\"application\/ld+json\" class=\"yoast-schema-graph\">{\"@context\":\"https:\/\/schema.org\",\"@graph\":[{\"@type\":\"WebPage\",\"@id\":\"https:\/\/miumjau.ee\/lv\/produkts\/ibero-auksti-preseta-bariba-videjam-un-lielam-skirnem-iberico-12-kg\/\",\"url\":\"https:\/\/miumjau.ee\/lv\/produkts\/ibero-auksti-preseta-bariba-videjam-un-lielam-skirnem-iberico-12-kg\/\",\"name\":\"Ibero auksti pres\u0113ta bar\u012bba vid\u0113j\u0101m un liel\u0101m \u0161\u0137irn\u0113m, Iberico 12 kg - MiuMjau\",\"isPartOf\":{\"@id\":\"https:\/\/miumjau.ee\/#website\"},\"primaryImageOfPage\":{\"@id\":\"https:\/\/miumjau.ee\/lv\/produkts\/ibero-auksti-preseta-bariba-videjam-un-lielam-skirnem-iberico-12-kg\/#primaryimage\"},\"image\":{\"@id\":\"https:\/\/miumjau.ee\/lv\/produkts\/ibero-auksti-preseta-bariba-videjam-un-lielam-skirnem-iberico-12-kg\/#primaryimage\"},\"thumbnailUrl\":\"https:\/\/miumjau.ee\/wp-content\/uploads\/2025\/07\/Ibero_3D_adult_IBERICO_12kg-kopie-Photoroom.jpg\",\"datePublished\":\"2025-07-22T21:39:15+00:00\",\"dateModified\":\"2026-01-07T19:18:24+00:00\",\"breadcrumb\":{\"@id\":\"https:\/\/miumjau.ee\/lv\/produkts\/ibero-auksti-preseta-bariba-videjam-un-lielam-skirnem-iberico-12-kg\/#breadcrumb\"},\"inLanguage\":\"lv-LV\",\"potentialAction\":[{\"@type\":\"ReadAction\",\"target\":[\"https:\/\/miumjau.ee\/lv\/produkts\/ibero-auksti-preseta-bariba-videjam-un-lielam-skirnem-iberico-12-kg\/\"]}]},{\"@type\":\"ImageObject\",\"inLanguage\":\"lv-LV\",\"@id\":\"https:\/\/miumjau.ee\/lv\/produkts\/ibero-auksti-preseta-bariba-videjam-un-lielam-skirnem-iberico-12-kg\/#primaryimage\",\"url\":\"https:\/\/miumjau.ee\/wp-content\/uploads\/2025\/07\/Ibero_3D_adult_IBERICO_12kg-kopie-Photoroom.jpg\",\"contentUrl\":\"https:\/\/miumjau.ee\/wp-content\/uploads\/2025\/07\/Ibero_3D_adult_IBERICO_12kg-kopie-Photoroom.jpg\",\"width\":600,\"height\":800},{\"@type\":\"BreadcrumbList\",\"@id\":\"https:\/\/miumjau.ee\/lv\/produkts\/ibero-auksti-preseta-bariba-videjam-un-lielam-skirnem-iberico-12-kg\/#breadcrumb\",\"itemListElement\":[{\"@type\":\"ListItem\",\"position\":1,\"name\":\"Home\",\"item\":\"https:\/\/miumjau.ee\/lv\/\"},{\"@type\":\"ListItem\",\"position\":2,\"name\":\"Veikals\",\"item\":\"https:\/\/miumjau.ee\/lv\/veikals\/\"},{\"@type\":\"ListItem\",\"position\":3,\"name\":\"Ibero auksti pres\u0113ta bar\u012bba vid\u0113j\u0101m un liel\u0101m \u0161\u0137irn\u0113m, Iberico 12 kg\"}]},{\"@type\":\"WebSite\",\"@id\":\"https:\/\/miumjau.ee\/#website\",\"url\":\"https:\/\/miumjau.ee\/\",\"name\":\"MiuMjau\",\"description\":\"Kraapimispuud kassidele\",\"publisher\":{\"@id\":\"https:\/\/miumjau.ee\/#organization\"},\"potentialAction\":[{\"@type\":\"SearchAction\",\"target\":{\"@type\":\"EntryPoint\",\"urlTemplate\":\"https:\/\/miumjau.ee\/?s={search_term_string}\"},\"query-input\":{\"@type\":\"PropertyValueSpecification\",\"valueRequired\":true,\"valueName\":\"search_term_string\"}}],\"inLanguage\":\"lv-LV\"},{\"@type\":\"Organization\",\"@id\":\"https:\/\/miumjau.ee\/#organization\",\"name\":\"MiuMjau O\u00dc\",\"url\":\"https:\/\/miumjau.ee\/\",\"logo\":{\"@type\":\"ImageObject\",\"inLanguage\":\"lv-LV\",\"@id\":\"https:\/\/miumjau.ee\/#\/schema\/logo\/image\/\",\"url\":\"https:\/\/miumjau.ee\/wp-content\/uploads\/2022\/04\/MiuMjau-logo-kollane.png\",\"contentUrl\":\"https:\/\/miumjau.ee\/wp-content\/uploads\/2022\/04\/MiuMjau-logo-kollane.png\",\"width\":219,\"height\":100,\"caption\":\"MiuMjau O\u00dc\"},\"image\":{\"@id\":\"https:\/\/miumjau.ee\/#\/schema\/logo\/image\/\"},\"sameAs\":[\"https:\/\/www.facebook.com\/miumjaupood\/\"]}]}<\/script>\n<!-- \/ Yoast SEO plugin. -->","yoast_head_json":{"title":"Ibero auksti pres\u0113ta bar\u012bba vid\u0113j\u0101m un liel\u0101m \u0161\u0137irn\u0113m, Iberico 12 kg - MiuMjau","robots":{"index":"index","follow":"follow","max-snippet":"max-snippet:-1","max-image-preview":"max-image-preview:large","max-video-preview":"max-video-preview:-1"},"canonical":"https:\/\/miumjau.ee\/lv\/produkts\/ibero-auksti-preseta-bariba-videjam-un-lielam-skirnem-iberico-12-kg\/","og_locale":"lv_LV","og_type":"article","og_title":"Ibero auksti pres\u0113ta bar\u012bba vid\u0113j\u0101m un liel\u0101m \u0161\u0137irn\u0113m, Iberico 12 kg - MiuMjau","og_description":"Auksti pres\u0113ta pilnv\u0113rt\u012bga bar\u012bba, kas satur visas uzturvielas, kuras nepiecie\u0161amas pieaugu\u0161iem vid\u0113ju un lielu \u0161\u0137ir\u0146u su\u0146iem. Sast\u0101vs: kalt\u0113ta Ib\u0113rijas c\u016bkga\u013ca (20%), kalt\u0113ta t\u012btara ga\u013ca (14%), kalt\u0113tas bat\u0101tes, kalt\u0113ti kartupe\u013ci, liellopu tauki (13%), auzu p\u0101rslas (8%), c\u016bkga\u013cas aknas (5%), kalt\u0113ts \u0137irbis (2%), kalt\u0113tas c\u016bkga\u013cas aknas (2%), kukur\u016bzas p\u0101rslas, kalt\u0113ti burk\u0101ni (1,2%), lins\u0113klas, cigori\u0146u ekstrakts, kalt\u0113ti augi, beta-glik\u0101ni, skrim\u0161\u013cu ekstrakts, vitam\u012bnu un miner\u0101lvielu mais\u012bjums. Anal\u012btiskais sast\u0101vs: kopprote\u012bns 24%, koptauki 14%, kop\u0161\u0137iedra 3,4%, koppele 7,3%, kalcijs 1,1%, fosfors 0,85%, n\u0101trijs 0,15%, maksim\u0101lais mitrums 10%. Piedevas (uztura piedevas uz kg):A vitam\u012bns 17 331 SV, D3 vitam\u012bns 1 733 SV, E vitam\u012bns 173 mg, B1 vitam\u012bns 5,09 mg, B2 vitam\u012bns 9 mg, B6 vitam\u012bns 6,9 mg, B12 vitam\u012bns 0,07 mg, C vitam\u012bns 121 mg, niac\u012bns 43,1 mg, pantot\u0113nsk\u0101be 17,8 mg, folijsk\u0101be 0,69 mg, biot\u012bns 0,43 mg, jods 4,6 mg, sel\u0113ns 0,38 mg, dzelzs 101 mg, var\u0161 12,1 mg, cinks 129 mg, mang\u0101ns 12,1 mg, hol\u012bna hlor\u012bds 1 872 mg, glikozam\u012bns 404 mg\/kg, hondroit\u012bna sulf\u0101ts 353 mg\/kg.Tehnolo\u0123isk\u0101s piedevas: dab\u012bgie antioksidanti (augu e\u013c\u013cu ekstrakti, bag\u0101ti ar tokoferoliem). Metaboliz\u0113jam\u0101 ener\u0123ija: 3 880 kcal\/kg.","og_url":"https:\/\/miumjau.ee\/lv\/produkts\/ibero-auksti-preseta-bariba-videjam-un-lielam-skirnem-iberico-12-kg\/","og_site_name":"MiuMjau","article_publisher":"https:\/\/www.facebook.com\/miumjaupood\/","article_modified_time":"2026-01-07T19:18:24+00:00","og_image":[{"width":600,"height":800,"url":"https:\/\/miumjau.ee\/wp-content\/uploads\/2025\/07\/Ibero_3D_adult_IBERICO_12kg-kopie-Photoroom.jpg","type":"image\/jpeg"}],"twitter_card":"summary_large_image","schema":{"@context":"https:\/\/schema.org","@graph":[{"@type":"WebPage","@id":"https:\/\/miumjau.ee\/lv\/produkts\/ibero-auksti-preseta-bariba-videjam-un-lielam-skirnem-iberico-12-kg\/","url":"https:\/\/miumjau.ee\/lv\/produkts\/ibero-auksti-preseta-bariba-videjam-un-lielam-skirnem-iberico-12-kg\/","name":"Ibero auksti pres\u0113ta bar\u012bba vid\u0113j\u0101m un liel\u0101m \u0161\u0137irn\u0113m, Iberico 12 kg - MiuMjau","isPartOf":{"@id":"https:\/\/miumjau.ee\/#website"},"primaryImageOfPage":{"@id":"https:\/\/miumjau.ee\/lv\/produkts\/ibero-auksti-preseta-bariba-videjam-un-lielam-skirnem-iberico-12-kg\/#primaryimage"},"image":{"@id":"https:\/\/miumjau.ee\/lv\/produkts\/ibero-auksti-preseta-bariba-videjam-un-lielam-skirnem-iberico-12-kg\/#primaryimage"},"thumbnailUrl":"https:\/\/miumjau.ee\/wp-content\/uploads\/2025\/07\/Ibero_3D_adult_IBERICO_12kg-kopie-Photoroom.jpg","datePublished":"2025-07-22T21:39:15+00:00","dateModified":"2026-01-07T19:18:24+00:00","breadcrumb":{"@id":"https:\/\/miumjau.ee\/lv\/produkts\/ibero-auksti-preseta-bariba-videjam-un-lielam-skirnem-iberico-12-kg\/#breadcrumb"},"inLanguage":"lv-LV","potentialAction":[{"@type":"ReadAction","target":["https:\/\/miumjau.ee\/lv\/produkts\/ibero-auksti-preseta-bariba-videjam-un-lielam-skirnem-iberico-12-kg\/"]}]},{"@type":"ImageObject","inLanguage":"lv-LV","@id":"https:\/\/miumjau.ee\/lv\/produkts\/ibero-auksti-preseta-bariba-videjam-un-lielam-skirnem-iberico-12-kg\/#primaryimage","url":"https:\/\/miumjau.ee\/wp-content\/uploads\/2025\/07\/Ibero_3D_adult_IBERICO_12kg-kopie-Photoroom.jpg","contentUrl":"https:\/\/miumjau.ee\/wp-content\/uploads\/2025\/07\/Ibero_3D_adult_IBERICO_12kg-kopie-Photoroom.jpg","width":600,"height":800},{"@type":"BreadcrumbList","@id":"https:\/\/miumjau.ee\/lv\/produkts\/ibero-auksti-preseta-bariba-videjam-un-lielam-skirnem-iberico-12-kg\/#breadcrumb","itemListElement":[{"@type":"ListItem","position":1,"name":"Home","item":"https:\/\/miumjau.ee\/lv\/"},{"@type":"ListItem","position":2,"name":"Veikals","item":"https:\/\/miumjau.ee\/lv\/veikals\/"},{"@type":"ListItem","position":3,"name":"Ibero auksti pres\u0113ta bar\u012bba vid\u0113j\u0101m un liel\u0101m \u0161\u0137irn\u0113m, Iberico 12 kg"}]},{"@type":"WebSite","@id":"https:\/\/miumjau.ee\/#website","url":"https:\/\/miumjau.ee\/","name":"MiuMjau","description":"Kraapimispuud kassidele","publisher":{"@id":"https:\/\/miumjau.ee\/#organization"},"potentialAction":[{"@type":"SearchAction","target":{"@type":"EntryPoint","urlTemplate":"https:\/\/miumjau.ee\/?s={search_term_string}"},"query-input":{"@type":"PropertyValueSpecification","valueRequired":true,"valueName":"search_term_string"}}],"inLanguage":"lv-LV"},{"@type":"Organization","@id":"https:\/\/miumjau.ee\/#organization","name":"MiuMjau O\u00dc","url":"https:\/\/miumjau.ee\/","logo":{"@type":"ImageObject","inLanguage":"lv-LV","@id":"https:\/\/miumjau.ee\/#\/schema\/logo\/image\/","url":"https:\/\/miumjau.ee\/wp-content\/uploads\/2022\/04\/MiuMjau-logo-kollane.png","contentUrl":"https:\/\/miumjau.ee\/wp-content\/uploads\/2022\/04\/MiuMjau-logo-kollane.png","width":219,"height":100,"caption":"MiuMjau O\u00dc"},"image":{"@id":"https:\/\/miumjau.ee\/#\/schema\/logo\/image\/"},"sameAs":["https:\/\/www.facebook.com\/miumjaupood\/"]}]}},"_links":{"self":[{"href":"https:\/\/miumjau.ee\/lv\/wp-json\/wp\/v2\/product\/48564","targetHints":{"allow":["GET"]}}],"collection":[{"href":"https:\/\/miumjau.ee\/lv\/wp-json\/wp\/v2\/product"}],"about":[{"href":"https:\/\/miumjau.ee\/lv\/wp-json\/wp\/v2\/types\/product"}],"wp:featuredmedia":[{"embeddable":true,"href":"https:\/\/miumjau.ee\/lv\/wp-json\/wp\/v2\/media\/48553"}],"wp:attachment":[{"href":"https:\/\/miumjau.ee\/lv\/wp-json\/wp\/v2\/media?parent=48564"}],"wp:term":[{"taxonomy":"product_brand","embeddable":true,"href":"https:\/\/miumjau.ee\/lv\/wp-json\/wp\/v2\/product_brand?post=48564"},{"taxonomy":"product_cat","embeddable":true,"href":"https:\/\/miumjau.ee\/lv\/wp-json\/wp\/v2\/product_cat?post=48564"},{"taxonomy":"product_tag","embeddable":true,"href":"https:\/\/miumjau.ee\/lv\/wp-json\/wp\/v2\/product_tag?post=48564"}],"curies":[{"name":"wp","href":"https:\/\/api.w.org\/{rel}","templated":true}]}}