{"id":48560,"date":"2025-07-23T00:32:40","date_gmt":"2025-07-22T21:32:40","guid":{"rendered":"https:\/\/miumjau.ee\/toode\/ibero-auksti-preseta-bariba-m-l-ar-zivim-3-kg\/"},"modified":"2026-03-02T19:41:49","modified_gmt":"2026-03-02T17:41:49","slug":"ibero-auksti-preseta-bariba-m-l-ar-zivim-3-kg","status":"publish","type":"product","link":"https:\/\/miumjau.ee\/lv\/produkts\/ibero-auksti-preseta-bariba-m-l-ar-zivim-3-kg\/","title":{"rendered":"Ibero auksti pres\u0113ta bar\u012bba M\/L ar ziv\u012bm 3 kg"},"content":{"rendered":"","protected":false},"excerpt":{"rendered":"<p data-start=\"83\" data-end=\"149\">Auksti pres\u0113ta hipoaler\u0123iska bar\u012bba vid\u0113ju un lielu \u0161\u0137ir\u0146u su\u0146iem.<\/p>\n<p data-start=\"151\" data-end=\"698\">Hipoaler\u0123isks olbaltumvielu avots \u2013 piem\u0113rots su\u0146iem ar aler\u0123ij\u0101m.<br data-start=\"217\" data-end=\"220\" \/>Glikozam\u012bns un hondroit\u012bns loc\u012btavu vesel\u012bbas atbalstam.<br data-start=\"276\" data-end=\"279\" \/>Beta-glik\u0101ni im\u016bnsist\u0113mas stiprin\u0101\u0161anai.<br data-start=\"319\" data-end=\"322\" \/>Nepies\u0101tin\u0101t\u0101s tauksk\u0101bes iekaisumu mazin\u0101\u0161anai un organisma funkciju atbalstam.<br data-start=\"402\" data-end=\"405\" \/>Biot\u012bns un cinks vesel\u012bgai \u0101dai un apmatojumam.<br data-start=\"452\" data-end=\"455\" \/>\u013boti koncentr\u0113ts sast\u0101vs samazina zarnu sav\u0113rp\u0161an\u0101s risku.<br data-start=\"513\" data-end=\"516\" \/>Piem\u0113rota akt\u012bviem su\u0146iem, k\u0101 ar\u012b gr\u016bsn\u0101m un z\u012bdo\u0161\u0101m kuc\u0113m.<br data-start=\"575\" data-end=\"578\" \/>Aukst\u0101s pres\u0113\u0161anas tehnolo\u0123ija (\u017e\u0101v\u0113\u0161ana un pres\u0113\u0161ana zem\u0101 temperat\u016br\u0101) saglab\u0101 aminosk\u0101bes, vitam\u012bnus un miner\u0101lvielas.<\/p>\n<p data-start=\"700\" data-end=\"1004\"><strong data-start=\"700\" data-end=\"712\">Sast\u0101vs:<\/strong> kalt\u0113tas Vidusj\u016bras zivis (31%), kalt\u0113tas bat\u0101tes, kalt\u0113ti kartupe\u013ci, zivju e\u013c\u013ca (14%), auzu p\u0101rslas (8%), kukur\u016bzas p\u0101rslas, kalt\u0113ts \u0137irbis (2%), kalt\u0113ti burk\u0101ni (1,2%), lins\u0113klas, cigori\u0146u ekstrakts, kalt\u0113ti augi, beta-glik\u0101ni, glikozam\u012bns, hondroit\u012bns, vitam\u012bnu un miner\u0101lvielu mais\u012bjums.<\/p>\n<p data-start=\"1006\" data-end=\"1155\"><strong data-start=\"1006\" data-end=\"1031\">Anal\u012btiskais sast\u0101vs:<\/strong> kopprote\u012bns 24%, koptauki 14%, kop\u0161\u0137iedra 3,2%, koppele 6,7%, kalcijs 1,1%, fosfors 0,85%, n\u0101trijs 0,15%, mitrums l\u012bdz 10%.<\/p>\n<p data-start=\"1157\" data-end=\"1685\"><strong data-start=\"1157\" data-end=\"1178\">Piedevas (uz kg):<\/strong><br data-start=\"1178\" data-end=\"1181\" \/>A vitam\u012bns 17 331 SV, D3 vitam\u012bns 1 733 SV, E vitam\u012bns 173 mg, B1 vitam\u012bns 5,09 mg, B2 vitam\u012bns 9 mg, B6 vitam\u012bns 9 mg, B12 vitam\u012bns 0,07 mg, C vitam\u012bns 121 mg, niac\u012bns 43,1 mg, pantot\u0113nsk\u0101be 17,8 mg, folijsk\u0101be 0,69 mg, biot\u012bns 0,43 mg, jods 4,6 mg, sel\u0113ns 0,38 mg, dzelzs 101 mg, var\u0161 12,1 mg, cinks 125,7 mg, mang\u0101ns 11,88 mg, hol\u012bna hlor\u012bds 1 872 mg, glikozam\u012bns 404 mg, hondroit\u012bna sulf\u0101ts 353 mg\/kg.<br data-start=\"1586\" data-end=\"1589\" \/><strong data-start=\"1589\" data-end=\"1616\">Tehnolo\u0123isk\u0101s piedevas:<\/strong> dab\u012bgie antioksidanti (augu e\u013c\u013cu ekstrakti, bag\u0101ti ar tokoferoliem).<\/p>\n<p data-start=\"1687\" data-end=\"1729\" data-is-last-node=\"\" data-is-only-node=\"\"><strong data-start=\"1687\" data-end=\"1715\">Metaboliz\u0113jam\u0101 ener\u0123ija:<\/strong> 3 840 kcal\/kg<\/p>\n","protected":false},"featured_media":48561,"template":"","meta":[],"product_brand":[],"product_cat":[573,575],"product_tag":[],"class_list":{"0":"post-48560","1":"product","2":"type-product","3":"status-publish","4":"has-post-thumbnail","6":"product_cat-kaup24-lv","7":"product_cat-sausa-bariba-suniem","9":"first","10":"instock","11":"sale","12":"taxable","13":"shipping-taxable","14":"purchasable","15":"product-type-simple"},"yoast_head":"<!-- This site is optimized with the Yoast SEO plugin v27.4 - https:\/\/yoast.com\/product\/yoast-seo-wordpress\/ -->\n<title>Ibero auksti pres\u0113ta bar\u012bba M\/L ar ziv\u012bm 3 kg - MiuMjau<\/title>\n<meta name=\"robots\" content=\"index, follow, max-snippet:-1, max-image-preview:large, max-video-preview:-1\" \/>\n<link rel=\"canonical\" href=\"https:\/\/miumjau.ee\/lv\/produkts\/ibero-auksti-preseta-bariba-m-l-ar-zivim-3-kg\/\" \/>\n<meta property=\"og:locale\" content=\"lv_LV\" \/>\n<meta property=\"og:type\" content=\"article\" \/>\n<meta property=\"og:title\" content=\"Ibero auksti pres\u0113ta bar\u012bba M\/L ar ziv\u012bm 3 kg - MiuMjau\" \/>\n<meta property=\"og:description\" content=\"Auksti pres\u0113ta hipoaler\u0123iska bar\u012bba vid\u0113ju un lielu \u0161\u0137ir\u0146u su\u0146iem. Hipoaler\u0123isks olbaltumvielu avots \u2013 piem\u0113rots su\u0146iem ar aler\u0123ij\u0101m.Glikozam\u012bns un hondroit\u012bns loc\u012btavu vesel\u012bbas atbalstam.Beta-glik\u0101ni im\u016bnsist\u0113mas stiprin\u0101\u0161anai.Nepies\u0101tin\u0101t\u0101s tauksk\u0101bes iekaisumu mazin\u0101\u0161anai un organisma funkciju atbalstam.Biot\u012bns un cinks vesel\u012bgai \u0101dai un apmatojumam.\u013boti koncentr\u0113ts sast\u0101vs samazina zarnu sav\u0113rp\u0161an\u0101s risku.Piem\u0113rota akt\u012bviem su\u0146iem, k\u0101 ar\u012b gr\u016bsn\u0101m un z\u012bdo\u0161\u0101m kuc\u0113m.Aukst\u0101s pres\u0113\u0161anas tehnolo\u0123ija (\u017e\u0101v\u0113\u0161ana un pres\u0113\u0161ana zem\u0101 temperat\u016br\u0101) saglab\u0101 aminosk\u0101bes, vitam\u012bnus un miner\u0101lvielas. Sast\u0101vs: kalt\u0113tas Vidusj\u016bras zivis (31%), kalt\u0113tas bat\u0101tes, kalt\u0113ti kartupe\u013ci, zivju e\u013c\u013ca (14%), auzu p\u0101rslas (8%), kukur\u016bzas p\u0101rslas, kalt\u0113ts \u0137irbis (2%), kalt\u0113ti burk\u0101ni (1,2%), lins\u0113klas, cigori\u0146u ekstrakts, kalt\u0113ti augi, beta-glik\u0101ni, glikozam\u012bns, hondroit\u012bns, vitam\u012bnu un miner\u0101lvielu mais\u012bjums. Anal\u012btiskais sast\u0101vs: kopprote\u012bns 24%, koptauki 14%, kop\u0161\u0137iedra 3,2%, koppele 6,7%, kalcijs 1,1%, fosfors 0,85%, n\u0101trijs 0,15%, mitrums l\u012bdz 10%. Piedevas (uz kg):A vitam\u012bns 17 331 SV, D3 vitam\u012bns 1 733 SV, E vitam\u012bns 173 mg, B1 vitam\u012bns 5,09 mg, B2 vitam\u012bns 9 mg, B6 vitam\u012bns 9 mg, B12 vitam\u012bns 0,07 mg, C vitam\u012bns 121 mg, niac\u012bns 43,1 mg, pantot\u0113nsk\u0101be 17,8 mg, folijsk\u0101be 0,69 mg, biot\u012bns 0,43 mg, jods 4,6 mg, sel\u0113ns 0,38 mg, dzelzs 101 mg, var\u0161 12,1 mg, cinks 125,7 mg, mang\u0101ns 11,88 mg, hol\u012bna hlor\u012bds 1 872 mg, glikozam\u012bns 404 mg, hondroit\u012bna sulf\u0101ts 353 mg\/kg.Tehnolo\u0123isk\u0101s piedevas: dab\u012bgie antioksidanti (augu e\u013c\u013cu ekstrakti, bag\u0101ti ar tokoferoliem). Metaboliz\u0113jam\u0101 ener\u0123ija: 3 840 kcal\/kg\" \/>\n<meta property=\"og:url\" content=\"https:\/\/miumjau.ee\/lv\/produkts\/ibero-auksti-preseta-bariba-m-l-ar-zivim-3-kg\/\" \/>\n<meta property=\"og:site_name\" content=\"MiuMjau\" \/>\n<meta property=\"article:publisher\" content=\"https:\/\/www.facebook.com\/miumjaupood\/\" \/>\n<meta property=\"article:modified_time\" content=\"2026-03-02T17:41:49+00:00\" \/>\n<meta property=\"og:image\" content=\"https:\/\/miumjau.ee\/wp-content\/uploads\/2025\/07\/ibero-koer-kulmpressitud-adult-fish-3kg.jpg\" \/>\n\t<meta property=\"og:image:width\" content=\"600\" \/>\n\t<meta property=\"og:image:height\" content=\"800\" \/>\n\t<meta property=\"og:image:type\" content=\"image\/jpeg\" \/>\n<meta name=\"twitter:card\" content=\"summary_large_image\" \/>\n<script type=\"application\/ld+json\" class=\"yoast-schema-graph\">{\"@context\":\"https:\\\/\\\/schema.org\",\"@graph\":[{\"@type\":\"WebPage\",\"@id\":\"https:\\\/\\\/miumjau.ee\\\/lv\\\/produkts\\\/ibero-auksti-preseta-bariba-m-l-ar-zivim-3-kg\\\/\",\"url\":\"https:\\\/\\\/miumjau.ee\\\/lv\\\/produkts\\\/ibero-auksti-preseta-bariba-m-l-ar-zivim-3-kg\\\/\",\"name\":\"Ibero auksti pres\u0113ta bar\u012bba M\\\/L ar ziv\u012bm 3 kg - MiuMjau\",\"isPartOf\":{\"@id\":\"https:\\\/\\\/miumjau.ee\\\/#website\"},\"primaryImageOfPage\":{\"@id\":\"https:\\\/\\\/miumjau.ee\\\/lv\\\/produkts\\\/ibero-auksti-preseta-bariba-m-l-ar-zivim-3-kg\\\/#primaryimage\"},\"image\":{\"@id\":\"https:\\\/\\\/miumjau.ee\\\/lv\\\/produkts\\\/ibero-auksti-preseta-bariba-m-l-ar-zivim-3-kg\\\/#primaryimage\"},\"thumbnailUrl\":\"https:\\\/\\\/miumjau.ee\\\/wp-content\\\/uploads\\\/2025\\\/07\\\/ibero-koer-kulmpressitud-adult-fish-3kg.jpg\",\"datePublished\":\"2025-07-22T21:32:40+00:00\",\"dateModified\":\"2026-03-02T17:41:49+00:00\",\"breadcrumb\":{\"@id\":\"https:\\\/\\\/miumjau.ee\\\/lv\\\/produkts\\\/ibero-auksti-preseta-bariba-m-l-ar-zivim-3-kg\\\/#breadcrumb\"},\"inLanguage\":\"lv-LV\",\"potentialAction\":[{\"@type\":\"ReadAction\",\"target\":[\"https:\\\/\\\/miumjau.ee\\\/lv\\\/produkts\\\/ibero-auksti-preseta-bariba-m-l-ar-zivim-3-kg\\\/\"]}]},{\"@type\":\"ImageObject\",\"inLanguage\":\"lv-LV\",\"@id\":\"https:\\\/\\\/miumjau.ee\\\/lv\\\/produkts\\\/ibero-auksti-preseta-bariba-m-l-ar-zivim-3-kg\\\/#primaryimage\",\"url\":\"https:\\\/\\\/miumjau.ee\\\/wp-content\\\/uploads\\\/2025\\\/07\\\/ibero-koer-kulmpressitud-adult-fish-3kg.jpg\",\"contentUrl\":\"https:\\\/\\\/miumjau.ee\\\/wp-content\\\/uploads\\\/2025\\\/07\\\/ibero-koer-kulmpressitud-adult-fish-3kg.jpg\",\"width\":600,\"height\":800},{\"@type\":\"BreadcrumbList\",\"@id\":\"https:\\\/\\\/miumjau.ee\\\/lv\\\/produkts\\\/ibero-auksti-preseta-bariba-m-l-ar-zivim-3-kg\\\/#breadcrumb\",\"itemListElement\":[{\"@type\":\"ListItem\",\"position\":1,\"name\":\"Home\",\"item\":\"https:\\\/\\\/miumjau.ee\\\/lv\\\/\"},{\"@type\":\"ListItem\",\"position\":2,\"name\":\"Veikals\",\"item\":\"https:\\\/\\\/miumjau.ee\\\/lv\\\/veikals\\\/\"},{\"@type\":\"ListItem\",\"position\":3,\"name\":\"Ibero auksti pres\u0113ta bar\u012bba M\\\/L ar ziv\u012bm 3 kg\"}]},{\"@type\":\"WebSite\",\"@id\":\"https:\\\/\\\/miumjau.ee\\\/#website\",\"url\":\"https:\\\/\\\/miumjau.ee\\\/\",\"name\":\"MiuMjau\",\"description\":\"Kraapimispuud kassidele\",\"publisher\":{\"@id\":\"https:\\\/\\\/miumjau.ee\\\/#organization\"},\"potentialAction\":[{\"@type\":\"SearchAction\",\"target\":{\"@type\":\"EntryPoint\",\"urlTemplate\":\"https:\\\/\\\/miumjau.ee\\\/?s={search_term_string}\"},\"query-input\":{\"@type\":\"PropertyValueSpecification\",\"valueRequired\":true,\"valueName\":\"search_term_string\"}}],\"inLanguage\":\"lv-LV\"},{\"@type\":\"Organization\",\"@id\":\"https:\\\/\\\/miumjau.ee\\\/#organization\",\"name\":\"MiuMjau O\u00dc\",\"url\":\"https:\\\/\\\/miumjau.ee\\\/\",\"logo\":{\"@type\":\"ImageObject\",\"inLanguage\":\"lv-LV\",\"@id\":\"https:\\\/\\\/miumjau.ee\\\/#\\\/schema\\\/logo\\\/image\\\/\",\"url\":\"https:\\\/\\\/miumjau.ee\\\/wp-content\\\/uploads\\\/2022\\\/04\\\/MiuMjau-logo-kollane.png\",\"contentUrl\":\"https:\\\/\\\/miumjau.ee\\\/wp-content\\\/uploads\\\/2022\\\/04\\\/MiuMjau-logo-kollane.png\",\"width\":219,\"height\":100,\"caption\":\"MiuMjau O\u00dc\"},\"image\":{\"@id\":\"https:\\\/\\\/miumjau.ee\\\/#\\\/schema\\\/logo\\\/image\\\/\"},\"sameAs\":[\"https:\\\/\\\/www.facebook.com\\\/miumjaupood\\\/\"]}]}<\/script>\n<!-- \/ Yoast SEO plugin. -->","yoast_head_json":{"title":"Ibero auksti pres\u0113ta bar\u012bba M\/L ar ziv\u012bm 3 kg - MiuMjau","robots":{"index":"index","follow":"follow","max-snippet":"max-snippet:-1","max-image-preview":"max-image-preview:large","max-video-preview":"max-video-preview:-1"},"canonical":"https:\/\/miumjau.ee\/lv\/produkts\/ibero-auksti-preseta-bariba-m-l-ar-zivim-3-kg\/","og_locale":"lv_LV","og_type":"article","og_title":"Ibero auksti pres\u0113ta bar\u012bba M\/L ar ziv\u012bm 3 kg - MiuMjau","og_description":"Auksti pres\u0113ta hipoaler\u0123iska bar\u012bba vid\u0113ju un lielu \u0161\u0137ir\u0146u su\u0146iem. Hipoaler\u0123isks olbaltumvielu avots \u2013 piem\u0113rots su\u0146iem ar aler\u0123ij\u0101m.Glikozam\u012bns un hondroit\u012bns loc\u012btavu vesel\u012bbas atbalstam.Beta-glik\u0101ni im\u016bnsist\u0113mas stiprin\u0101\u0161anai.Nepies\u0101tin\u0101t\u0101s tauksk\u0101bes iekaisumu mazin\u0101\u0161anai un organisma funkciju atbalstam.Biot\u012bns un cinks vesel\u012bgai \u0101dai un apmatojumam.\u013boti koncentr\u0113ts sast\u0101vs samazina zarnu sav\u0113rp\u0161an\u0101s risku.Piem\u0113rota akt\u012bviem su\u0146iem, k\u0101 ar\u012b gr\u016bsn\u0101m un z\u012bdo\u0161\u0101m kuc\u0113m.Aukst\u0101s pres\u0113\u0161anas tehnolo\u0123ija (\u017e\u0101v\u0113\u0161ana un pres\u0113\u0161ana zem\u0101 temperat\u016br\u0101) saglab\u0101 aminosk\u0101bes, vitam\u012bnus un miner\u0101lvielas. Sast\u0101vs: kalt\u0113tas Vidusj\u016bras zivis (31%), kalt\u0113tas bat\u0101tes, kalt\u0113ti kartupe\u013ci, zivju e\u013c\u013ca (14%), auzu p\u0101rslas (8%), kukur\u016bzas p\u0101rslas, kalt\u0113ts \u0137irbis (2%), kalt\u0113ti burk\u0101ni (1,2%), lins\u0113klas, cigori\u0146u ekstrakts, kalt\u0113ti augi, beta-glik\u0101ni, glikozam\u012bns, hondroit\u012bns, vitam\u012bnu un miner\u0101lvielu mais\u012bjums. Anal\u012btiskais sast\u0101vs: kopprote\u012bns 24%, koptauki 14%, kop\u0161\u0137iedra 3,2%, koppele 6,7%, kalcijs 1,1%, fosfors 0,85%, n\u0101trijs 0,15%, mitrums l\u012bdz 10%. Piedevas (uz kg):A vitam\u012bns 17 331 SV, D3 vitam\u012bns 1 733 SV, E vitam\u012bns 173 mg, B1 vitam\u012bns 5,09 mg, B2 vitam\u012bns 9 mg, B6 vitam\u012bns 9 mg, B12 vitam\u012bns 0,07 mg, C vitam\u012bns 121 mg, niac\u012bns 43,1 mg, pantot\u0113nsk\u0101be 17,8 mg, folijsk\u0101be 0,69 mg, biot\u012bns 0,43 mg, jods 4,6 mg, sel\u0113ns 0,38 mg, dzelzs 101 mg, var\u0161 12,1 mg, cinks 125,7 mg, mang\u0101ns 11,88 mg, hol\u012bna hlor\u012bds 1 872 mg, glikozam\u012bns 404 mg, hondroit\u012bna sulf\u0101ts 353 mg\/kg.Tehnolo\u0123isk\u0101s piedevas: dab\u012bgie antioksidanti (augu e\u013c\u013cu ekstrakti, bag\u0101ti ar tokoferoliem). Metaboliz\u0113jam\u0101 ener\u0123ija: 3 840 kcal\/kg","og_url":"https:\/\/miumjau.ee\/lv\/produkts\/ibero-auksti-preseta-bariba-m-l-ar-zivim-3-kg\/","og_site_name":"MiuMjau","article_publisher":"https:\/\/www.facebook.com\/miumjaupood\/","article_modified_time":"2026-03-02T17:41:49+00:00","og_image":[{"width":600,"height":800,"url":"https:\/\/miumjau.ee\/wp-content\/uploads\/2025\/07\/ibero-koer-kulmpressitud-adult-fish-3kg.jpg","type":"image\/jpeg"}],"twitter_card":"summary_large_image","schema":{"@context":"https:\/\/schema.org","@graph":[{"@type":"WebPage","@id":"https:\/\/miumjau.ee\/lv\/produkts\/ibero-auksti-preseta-bariba-m-l-ar-zivim-3-kg\/","url":"https:\/\/miumjau.ee\/lv\/produkts\/ibero-auksti-preseta-bariba-m-l-ar-zivim-3-kg\/","name":"Ibero auksti pres\u0113ta bar\u012bba M\/L ar ziv\u012bm 3 kg - MiuMjau","isPartOf":{"@id":"https:\/\/miumjau.ee\/#website"},"primaryImageOfPage":{"@id":"https:\/\/miumjau.ee\/lv\/produkts\/ibero-auksti-preseta-bariba-m-l-ar-zivim-3-kg\/#primaryimage"},"image":{"@id":"https:\/\/miumjau.ee\/lv\/produkts\/ibero-auksti-preseta-bariba-m-l-ar-zivim-3-kg\/#primaryimage"},"thumbnailUrl":"https:\/\/miumjau.ee\/wp-content\/uploads\/2025\/07\/ibero-koer-kulmpressitud-adult-fish-3kg.jpg","datePublished":"2025-07-22T21:32:40+00:00","dateModified":"2026-03-02T17:41:49+00:00","breadcrumb":{"@id":"https:\/\/miumjau.ee\/lv\/produkts\/ibero-auksti-preseta-bariba-m-l-ar-zivim-3-kg\/#breadcrumb"},"inLanguage":"lv-LV","potentialAction":[{"@type":"ReadAction","target":["https:\/\/miumjau.ee\/lv\/produkts\/ibero-auksti-preseta-bariba-m-l-ar-zivim-3-kg\/"]}]},{"@type":"ImageObject","inLanguage":"lv-LV","@id":"https:\/\/miumjau.ee\/lv\/produkts\/ibero-auksti-preseta-bariba-m-l-ar-zivim-3-kg\/#primaryimage","url":"https:\/\/miumjau.ee\/wp-content\/uploads\/2025\/07\/ibero-koer-kulmpressitud-adult-fish-3kg.jpg","contentUrl":"https:\/\/miumjau.ee\/wp-content\/uploads\/2025\/07\/ibero-koer-kulmpressitud-adult-fish-3kg.jpg","width":600,"height":800},{"@type":"BreadcrumbList","@id":"https:\/\/miumjau.ee\/lv\/produkts\/ibero-auksti-preseta-bariba-m-l-ar-zivim-3-kg\/#breadcrumb","itemListElement":[{"@type":"ListItem","position":1,"name":"Home","item":"https:\/\/miumjau.ee\/lv\/"},{"@type":"ListItem","position":2,"name":"Veikals","item":"https:\/\/miumjau.ee\/lv\/veikals\/"},{"@type":"ListItem","position":3,"name":"Ibero auksti pres\u0113ta bar\u012bba M\/L ar ziv\u012bm 3 kg"}]},{"@type":"WebSite","@id":"https:\/\/miumjau.ee\/#website","url":"https:\/\/miumjau.ee\/","name":"MiuMjau","description":"Kraapimispuud kassidele","publisher":{"@id":"https:\/\/miumjau.ee\/#organization"},"potentialAction":[{"@type":"SearchAction","target":{"@type":"EntryPoint","urlTemplate":"https:\/\/miumjau.ee\/?s={search_term_string}"},"query-input":{"@type":"PropertyValueSpecification","valueRequired":true,"valueName":"search_term_string"}}],"inLanguage":"lv-LV"},{"@type":"Organization","@id":"https:\/\/miumjau.ee\/#organization","name":"MiuMjau O\u00dc","url":"https:\/\/miumjau.ee\/","logo":{"@type":"ImageObject","inLanguage":"lv-LV","@id":"https:\/\/miumjau.ee\/#\/schema\/logo\/image\/","url":"https:\/\/miumjau.ee\/wp-content\/uploads\/2022\/04\/MiuMjau-logo-kollane.png","contentUrl":"https:\/\/miumjau.ee\/wp-content\/uploads\/2022\/04\/MiuMjau-logo-kollane.png","width":219,"height":100,"caption":"MiuMjau O\u00dc"},"image":{"@id":"https:\/\/miumjau.ee\/#\/schema\/logo\/image\/"},"sameAs":["https:\/\/www.facebook.com\/miumjaupood\/"]}]}},"_links":{"self":[{"href":"https:\/\/miumjau.ee\/lv\/wp-json\/wp\/v2\/product\/48560","targetHints":{"allow":["GET"]}}],"collection":[{"href":"https:\/\/miumjau.ee\/lv\/wp-json\/wp\/v2\/product"}],"about":[{"href":"https:\/\/miumjau.ee\/lv\/wp-json\/wp\/v2\/types\/product"}],"wp:featuredmedia":[{"embeddable":true,"href":"https:\/\/miumjau.ee\/lv\/wp-json\/wp\/v2\/media\/48561"}],"wp:attachment":[{"href":"https:\/\/miumjau.ee\/lv\/wp-json\/wp\/v2\/media?parent=48560"}],"wp:term":[{"taxonomy":"product_brand","embeddable":true,"href":"https:\/\/miumjau.ee\/lv\/wp-json\/wp\/v2\/product_brand?post=48560"},{"taxonomy":"product_cat","embeddable":true,"href":"https:\/\/miumjau.ee\/lv\/wp-json\/wp\/v2\/product_cat?post=48560"},{"taxonomy":"product_tag","embeddable":true,"href":"https:\/\/miumjau.ee\/lv\/wp-json\/wp\/v2\/product_tag?post=48560"}],"curies":[{"name":"wp","href":"https:\/\/api.w.org\/{rel}","templated":true}]}}