{"id":48556,"date":"2025-07-23T00:19:31","date_gmt":"2025-07-22T21:19:31","guid":{"rendered":"https:\/\/miumjau.ee\/toode\/auksti-preseta-bariba-ibero-mazajam-skirnem-ar-liellopu-galu-3-kg\/"},"modified":"2026-01-07T21:18:24","modified_gmt":"2026-01-07T19:18:24","slug":"auksti-preseta-bariba-ibero-mazajam-skirnem-ar-liellopu-galu-3-kg","status":"publish","type":"product","link":"https:\/\/miumjau.ee\/lv\/produkts\/auksti-preseta-bariba-ibero-mazajam-skirnem-ar-liellopu-galu-3-kg\/","title":{"rendered":"Auksti pres\u0113ta bar\u012bba Ibero mazaj\u0101m \u0161\u0137irn\u0113m ar liellopu ga\u013cu 3 kg"},"content":{"rendered":"","protected":false},"excerpt":{"rendered":"<div class=\"flex max-w-full flex-col grow\">\n<div class=\"min-h-8 text-message relative flex w-full flex-col items-end gap-2 text-start break-words whitespace-normal [.text-message+&amp;]:mt-1\" dir=\"auto\" data-message-author-role=\"assistant\" data-message-id=\"d3e1f4df-34d1-43b4-9d20-2aa013b6da2c\" data-message-model-slug=\"gpt-5-2\">\n<div class=\"flex w-full flex-col gap-1 empty:hidden first:pt-[1px]\">\n<div class=\"markdown prose dark:prose-invert w-full break-words light markdown-new-styling\">\n<p data-start=\"103\" data-end=\"168\">Auksti pres\u0113ta pilnv\u0113rt\u012bga bar\u012bba mazo \u0161\u0137ir\u0146u pieaugu\u0161iem su\u0146iem.<\/p>\n<p data-start=\"170\" data-end=\"855\">\u013boti labi sagremojama, gar\u0161\u012bga un viegli uzs\u016bcama \u2013 ide\u0101li piem\u0113rota maza su\u0146a jut\u012bgai gremo\u0161anas sist\u0113mai.<br data-start=\"277\" data-end=\"280\" \/>Glikozam\u012bns un hondroit\u012bns \u2013 loc\u012btavu vesel\u012bbas atbalstam.<br data-start=\"338\" data-end=\"341\" \/>Beta-glik\u0101ni \u2013 im\u016bnsist\u0113mas l\u012bdzsvara uztur\u0113\u0161anai.<br data-start=\"391\" data-end=\"394\" \/>Nepies\u0101tin\u0101t\u0101s tauksk\u0101bes \u2013 organisma funkciju atbalstam un iekaisumu profilaksei.<br data-start=\"476\" data-end=\"479\" \/>Biot\u012bns un cinks \u2013 vesel\u012bgai \u0101dai un apmatojumam.<br data-start=\"528\" data-end=\"531\" \/>Koncentr\u0113ts sast\u0101vs \u2013 pilnv\u0113rt\u012bgs uzturs ar maz\u0101ku bar\u012bbas daudzumu, piem\u0113rots ar\u012b izv\u0113l\u012bgiem \u0113d\u0101jiem.<br data-start=\"633\" data-end=\"636\" \/>Labi piem\u0113rota ar\u012b akt\u012bviem su\u0146iem, k\u0101 ar\u012b gr\u016bsn\u0101m vai z\u012bdo\u0161\u0101m kuc\u0113m.<br data-start=\"705\" data-end=\"708\" \/>Aukst\u0101s pres\u0113\u0161anas process (\u017e\u0101v\u0113\u0161ana un pres\u0113\u0161ana zem\u0101 temperat\u016br\u0101) saglab\u0101 dab\u012bg\u0101s uzturvielas, piem\u0113ram, aminosk\u0101bes, vitam\u012bnus un miner\u0101lvielas.<\/p>\n<p data-start=\"857\" data-end=\"1178\"><strong data-start=\"857\" data-end=\"869\">Sast\u0101vs:<\/strong> kalt\u0113ta liellopu ga\u013ca (34%), kalt\u0113tas bat\u0101tes, kalt\u0113ti kartupe\u013ci, liellopu tauki (14%), auzu p\u0101rslas (8%), j\u0113ra aknas (5%), kalt\u0113ts \u0137irbis (2%), kalt\u0113tas c\u016bku aknas (2%), kukur\u016bzas p\u0101rslas, kalt\u0113ti burk\u0101ni (1,2%), lins\u0113klas, cigori\u0146u ekstrakts, kalt\u0113ti augi, beta-glik\u0101ni, vitam\u012bnu un miner\u0101lvielu mais\u012bjums.<\/p>\n<p data-start=\"1180\" data-end=\"1326\"><strong data-start=\"1180\" data-end=\"1205\">Anal\u012btiskais sast\u0101vs:<\/strong> kopprote\u012bns 25%, koptauki 14%, kop\u0161\u0137iedra 3,4%, koppele 7,3%, kalcijs 1,1%, fosfors 0,85%, n\u0101trijs 0,15%, mitrums \u2264 10%.<\/p>\n<p data-start=\"1328\" data-end=\"1836\"><strong data-start=\"1328\" data-end=\"1349\">Piedevas (uz kg):<\/strong><br data-start=\"1349\" data-end=\"1352\" \/>A vitam\u012bns 16 988 SV, D3 vitam\u012bns 1 698 SV, E vitam\u012bns 170 mg, B1 vitam\u012bns 4,98 mg, B2 vitam\u012bns 8,83 mg, B6 vitam\u012bns 6,78 mg, B12 vitam\u012bns 0,07 mg, C vitam\u012bns 118 mg, niac\u012bns 42,25 mg, pantot\u0113nsk\u0101be 17,47 mg, folijsk\u0101be 0,68 mg, biot\u012bns 0,42 mg, jods 4,07 mg, sel\u0113ns 0,37 mg, dzelzs 99 mg, var\u0161 11,88 mg, cinks 125,7 mg, mang\u0101ns 11,88 mg, hol\u012bna hlor\u012bds 1 835 mg, glikozam\u012bns 404 mg, hondroit\u012bna sulf\u0101ts 353 mg.<br data-start=\"1763\" data-end=\"1766\" \/><strong data-start=\"1766\" data-end=\"1784\">Antioksidanti:<\/strong> dab\u012bgi augu e\u013c\u013cu ekstrakti, bag\u0101ti ar tokoferoliem.<\/p>\n<p data-start=\"1838\" data-end=\"1880\" data-is-last-node=\"\" data-is-only-node=\"\"><strong data-start=\"1838\" data-end=\"1866\">Metaboliz\u0113jam\u0101 ener\u0123ija:<\/strong> 3 850 kcal\/kg<\/p>\n<\/div>\n<\/div>\n<\/div>\n<\/div>\n","protected":false},"featured_media":48557,"template":"","meta":[],"product_brand":[],"product_cat":[573,575],"product_tag":[],"class_list":{"0":"post-48556","1":"product","2":"type-product","3":"status-publish","4":"has-post-thumbnail","6":"product_cat-kaup24-lv","7":"product_cat-sausa-bariba-suniem","9":"first","10":"instock","11":"sale","12":"taxable","13":"shipping-taxable","14":"purchasable","15":"product-type-simple"},"yoast_head":"<!-- This site is optimized with the Yoast SEO plugin v27.4 - https:\/\/yoast.com\/product\/yoast-seo-wordpress\/ -->\n<title>Auksti pres\u0113ta bar\u012bba Ibero mazaj\u0101m \u0161\u0137irn\u0113m ar liellopu ga\u013cu 3 kg - MiuMjau<\/title>\n<meta name=\"robots\" content=\"index, follow, max-snippet:-1, max-image-preview:large, max-video-preview:-1\" \/>\n<link rel=\"canonical\" href=\"https:\/\/miumjau.ee\/lv\/produkts\/auksti-preseta-bariba-ibero-mazajam-skirnem-ar-liellopu-galu-3-kg\/\" \/>\n<meta property=\"og:locale\" content=\"lv_LV\" \/>\n<meta property=\"og:type\" content=\"article\" \/>\n<meta property=\"og:title\" content=\"Auksti pres\u0113ta bar\u012bba Ibero mazaj\u0101m \u0161\u0137irn\u0113m ar liellopu ga\u013cu 3 kg - MiuMjau\" \/>\n<meta property=\"og:description\" content=\"Auksti pres\u0113ta pilnv\u0113rt\u012bga bar\u012bba mazo \u0161\u0137ir\u0146u pieaugu\u0161iem su\u0146iem. \u013boti labi sagremojama, gar\u0161\u012bga un viegli uzs\u016bcama \u2013 ide\u0101li piem\u0113rota maza su\u0146a jut\u012bgai gremo\u0161anas sist\u0113mai.Glikozam\u012bns un hondroit\u012bns \u2013 loc\u012btavu vesel\u012bbas atbalstam.Beta-glik\u0101ni \u2013 im\u016bnsist\u0113mas l\u012bdzsvara uztur\u0113\u0161anai.Nepies\u0101tin\u0101t\u0101s tauksk\u0101bes \u2013 organisma funkciju atbalstam un iekaisumu profilaksei.Biot\u012bns un cinks \u2013 vesel\u012bgai \u0101dai un apmatojumam.Koncentr\u0113ts sast\u0101vs \u2013 pilnv\u0113rt\u012bgs uzturs ar maz\u0101ku bar\u012bbas daudzumu, piem\u0113rots ar\u012b izv\u0113l\u012bgiem \u0113d\u0101jiem.Labi piem\u0113rota ar\u012b akt\u012bviem su\u0146iem, k\u0101 ar\u012b gr\u016bsn\u0101m vai z\u012bdo\u0161\u0101m kuc\u0113m.Aukst\u0101s pres\u0113\u0161anas process (\u017e\u0101v\u0113\u0161ana un pres\u0113\u0161ana zem\u0101 temperat\u016br\u0101) saglab\u0101 dab\u012bg\u0101s uzturvielas, piem\u0113ram, aminosk\u0101bes, vitam\u012bnus un miner\u0101lvielas. Sast\u0101vs: kalt\u0113ta liellopu ga\u013ca (34%), kalt\u0113tas bat\u0101tes, kalt\u0113ti kartupe\u013ci, liellopu tauki (14%), auzu p\u0101rslas (8%), j\u0113ra aknas (5%), kalt\u0113ts \u0137irbis (2%), kalt\u0113tas c\u016bku aknas (2%), kukur\u016bzas p\u0101rslas, kalt\u0113ti burk\u0101ni (1,2%), lins\u0113klas, cigori\u0146u ekstrakts, kalt\u0113ti augi, beta-glik\u0101ni, vitam\u012bnu un miner\u0101lvielu mais\u012bjums. Anal\u012btiskais sast\u0101vs: kopprote\u012bns 25%, koptauki 14%, kop\u0161\u0137iedra 3,4%, koppele 7,3%, kalcijs 1,1%, fosfors 0,85%, n\u0101trijs 0,15%, mitrums \u2264 10%. Piedevas (uz kg):A vitam\u012bns 16 988 SV, D3 vitam\u012bns 1 698 SV, E vitam\u012bns 170 mg, B1 vitam\u012bns 4,98 mg, B2 vitam\u012bns 8,83 mg, B6 vitam\u012bns 6,78 mg, B12 vitam\u012bns 0,07 mg, C vitam\u012bns 118 mg, niac\u012bns 42,25 mg, pantot\u0113nsk\u0101be 17,47 mg, folijsk\u0101be 0,68 mg, biot\u012bns 0,42 mg, jods 4,07 mg, sel\u0113ns 0,37 mg, dzelzs 99 mg, var\u0161 11,88 mg, cinks 125,7 mg, mang\u0101ns 11,88 mg, hol\u012bna hlor\u012bds 1 835 mg, glikozam\u012bns 404 mg, hondroit\u012bna sulf\u0101ts 353 mg.Antioksidanti: dab\u012bgi augu e\u013c\u013cu ekstrakti, bag\u0101ti ar tokoferoliem. Metaboliz\u0113jam\u0101 ener\u0123ija: 3 850 kcal\/kg\" \/>\n<meta property=\"og:url\" content=\"https:\/\/miumjau.ee\/lv\/produkts\/auksti-preseta-bariba-ibero-mazajam-skirnem-ar-liellopu-galu-3-kg\/\" \/>\n<meta property=\"og:site_name\" content=\"MiuMjau\" \/>\n<meta property=\"article:publisher\" content=\"https:\/\/www.facebook.com\/miumjaupood\/\" \/>\n<meta property=\"article:modified_time\" content=\"2026-01-07T19:18:24+00:00\" \/>\n<meta property=\"og:image\" content=\"https:\/\/miumjau.ee\/wp-content\/uploads\/2025\/07\/ibero-koer-kulmpressitud-mini-veis-3kg-1.jpg\" \/>\n\t<meta property=\"og:image:width\" content=\"600\" \/>\n\t<meta property=\"og:image:height\" content=\"800\" \/>\n\t<meta property=\"og:image:type\" content=\"image\/jpeg\" \/>\n<meta name=\"twitter:card\" content=\"summary_large_image\" \/>\n<script type=\"application\/ld+json\" class=\"yoast-schema-graph\">{\"@context\":\"https:\\\/\\\/schema.org\",\"@graph\":[{\"@type\":\"WebPage\",\"@id\":\"https:\\\/\\\/miumjau.ee\\\/lv\\\/produkts\\\/auksti-preseta-bariba-ibero-mazajam-skirnem-ar-liellopu-galu-3-kg\\\/\",\"url\":\"https:\\\/\\\/miumjau.ee\\\/lv\\\/produkts\\\/auksti-preseta-bariba-ibero-mazajam-skirnem-ar-liellopu-galu-3-kg\\\/\",\"name\":\"Auksti pres\u0113ta bar\u012bba Ibero mazaj\u0101m \u0161\u0137irn\u0113m ar liellopu ga\u013cu 3 kg - MiuMjau\",\"isPartOf\":{\"@id\":\"https:\\\/\\\/miumjau.ee\\\/#website\"},\"primaryImageOfPage\":{\"@id\":\"https:\\\/\\\/miumjau.ee\\\/lv\\\/produkts\\\/auksti-preseta-bariba-ibero-mazajam-skirnem-ar-liellopu-galu-3-kg\\\/#primaryimage\"},\"image\":{\"@id\":\"https:\\\/\\\/miumjau.ee\\\/lv\\\/produkts\\\/auksti-preseta-bariba-ibero-mazajam-skirnem-ar-liellopu-galu-3-kg\\\/#primaryimage\"},\"thumbnailUrl\":\"https:\\\/\\\/miumjau.ee\\\/wp-content\\\/uploads\\\/2025\\\/07\\\/ibero-koer-kulmpressitud-mini-veis-3kg-1.jpg\",\"datePublished\":\"2025-07-22T21:19:31+00:00\",\"dateModified\":\"2026-01-07T19:18:24+00:00\",\"breadcrumb\":{\"@id\":\"https:\\\/\\\/miumjau.ee\\\/lv\\\/produkts\\\/auksti-preseta-bariba-ibero-mazajam-skirnem-ar-liellopu-galu-3-kg\\\/#breadcrumb\"},\"inLanguage\":\"lv-LV\",\"potentialAction\":[{\"@type\":\"ReadAction\",\"target\":[\"https:\\\/\\\/miumjau.ee\\\/lv\\\/produkts\\\/auksti-preseta-bariba-ibero-mazajam-skirnem-ar-liellopu-galu-3-kg\\\/\"]}]},{\"@type\":\"ImageObject\",\"inLanguage\":\"lv-LV\",\"@id\":\"https:\\\/\\\/miumjau.ee\\\/lv\\\/produkts\\\/auksti-preseta-bariba-ibero-mazajam-skirnem-ar-liellopu-galu-3-kg\\\/#primaryimage\",\"url\":\"https:\\\/\\\/miumjau.ee\\\/wp-content\\\/uploads\\\/2025\\\/07\\\/ibero-koer-kulmpressitud-mini-veis-3kg-1.jpg\",\"contentUrl\":\"https:\\\/\\\/miumjau.ee\\\/wp-content\\\/uploads\\\/2025\\\/07\\\/ibero-koer-kulmpressitud-mini-veis-3kg-1.jpg\",\"width\":600,\"height\":800},{\"@type\":\"BreadcrumbList\",\"@id\":\"https:\\\/\\\/miumjau.ee\\\/lv\\\/produkts\\\/auksti-preseta-bariba-ibero-mazajam-skirnem-ar-liellopu-galu-3-kg\\\/#breadcrumb\",\"itemListElement\":[{\"@type\":\"ListItem\",\"position\":1,\"name\":\"Home\",\"item\":\"https:\\\/\\\/miumjau.ee\\\/lv\\\/\"},{\"@type\":\"ListItem\",\"position\":2,\"name\":\"Veikals\",\"item\":\"https:\\\/\\\/miumjau.ee\\\/lv\\\/veikals\\\/\"},{\"@type\":\"ListItem\",\"position\":3,\"name\":\"Auksti pres\u0113ta bar\u012bba Ibero mazaj\u0101m \u0161\u0137irn\u0113m ar liellopu ga\u013cu 3 kg\"}]},{\"@type\":\"WebSite\",\"@id\":\"https:\\\/\\\/miumjau.ee\\\/#website\",\"url\":\"https:\\\/\\\/miumjau.ee\\\/\",\"name\":\"MiuMjau\",\"description\":\"Kraapimispuud kassidele\",\"publisher\":{\"@id\":\"https:\\\/\\\/miumjau.ee\\\/#organization\"},\"potentialAction\":[{\"@type\":\"SearchAction\",\"target\":{\"@type\":\"EntryPoint\",\"urlTemplate\":\"https:\\\/\\\/miumjau.ee\\\/?s={search_term_string}\"},\"query-input\":{\"@type\":\"PropertyValueSpecification\",\"valueRequired\":true,\"valueName\":\"search_term_string\"}}],\"inLanguage\":\"lv-LV\"},{\"@type\":\"Organization\",\"@id\":\"https:\\\/\\\/miumjau.ee\\\/#organization\",\"name\":\"MiuMjau O\u00dc\",\"url\":\"https:\\\/\\\/miumjau.ee\\\/\",\"logo\":{\"@type\":\"ImageObject\",\"inLanguage\":\"lv-LV\",\"@id\":\"https:\\\/\\\/miumjau.ee\\\/#\\\/schema\\\/logo\\\/image\\\/\",\"url\":\"https:\\\/\\\/miumjau.ee\\\/wp-content\\\/uploads\\\/2022\\\/04\\\/MiuMjau-logo-kollane.png\",\"contentUrl\":\"https:\\\/\\\/miumjau.ee\\\/wp-content\\\/uploads\\\/2022\\\/04\\\/MiuMjau-logo-kollane.png\",\"width\":219,\"height\":100,\"caption\":\"MiuMjau O\u00dc\"},\"image\":{\"@id\":\"https:\\\/\\\/miumjau.ee\\\/#\\\/schema\\\/logo\\\/image\\\/\"},\"sameAs\":[\"https:\\\/\\\/www.facebook.com\\\/miumjaupood\\\/\"]}]}<\/script>\n<!-- \/ Yoast SEO plugin. -->","yoast_head_json":{"title":"Auksti pres\u0113ta bar\u012bba Ibero mazaj\u0101m \u0161\u0137irn\u0113m ar liellopu ga\u013cu 3 kg - MiuMjau","robots":{"index":"index","follow":"follow","max-snippet":"max-snippet:-1","max-image-preview":"max-image-preview:large","max-video-preview":"max-video-preview:-1"},"canonical":"https:\/\/miumjau.ee\/lv\/produkts\/auksti-preseta-bariba-ibero-mazajam-skirnem-ar-liellopu-galu-3-kg\/","og_locale":"lv_LV","og_type":"article","og_title":"Auksti pres\u0113ta bar\u012bba Ibero mazaj\u0101m \u0161\u0137irn\u0113m ar liellopu ga\u013cu 3 kg - MiuMjau","og_description":"Auksti pres\u0113ta pilnv\u0113rt\u012bga bar\u012bba mazo \u0161\u0137ir\u0146u pieaugu\u0161iem su\u0146iem. \u013boti labi sagremojama, gar\u0161\u012bga un viegli uzs\u016bcama \u2013 ide\u0101li piem\u0113rota maza su\u0146a jut\u012bgai gremo\u0161anas sist\u0113mai.Glikozam\u012bns un hondroit\u012bns \u2013 loc\u012btavu vesel\u012bbas atbalstam.Beta-glik\u0101ni \u2013 im\u016bnsist\u0113mas l\u012bdzsvara uztur\u0113\u0161anai.Nepies\u0101tin\u0101t\u0101s tauksk\u0101bes \u2013 organisma funkciju atbalstam un iekaisumu profilaksei.Biot\u012bns un cinks \u2013 vesel\u012bgai \u0101dai un apmatojumam.Koncentr\u0113ts sast\u0101vs \u2013 pilnv\u0113rt\u012bgs uzturs ar maz\u0101ku bar\u012bbas daudzumu, piem\u0113rots ar\u012b izv\u0113l\u012bgiem \u0113d\u0101jiem.Labi piem\u0113rota ar\u012b akt\u012bviem su\u0146iem, k\u0101 ar\u012b gr\u016bsn\u0101m vai z\u012bdo\u0161\u0101m kuc\u0113m.Aukst\u0101s pres\u0113\u0161anas process (\u017e\u0101v\u0113\u0161ana un pres\u0113\u0161ana zem\u0101 temperat\u016br\u0101) saglab\u0101 dab\u012bg\u0101s uzturvielas, piem\u0113ram, aminosk\u0101bes, vitam\u012bnus un miner\u0101lvielas. Sast\u0101vs: kalt\u0113ta liellopu ga\u013ca (34%), kalt\u0113tas bat\u0101tes, kalt\u0113ti kartupe\u013ci, liellopu tauki (14%), auzu p\u0101rslas (8%), j\u0113ra aknas (5%), kalt\u0113ts \u0137irbis (2%), kalt\u0113tas c\u016bku aknas (2%), kukur\u016bzas p\u0101rslas, kalt\u0113ti burk\u0101ni (1,2%), lins\u0113klas, cigori\u0146u ekstrakts, kalt\u0113ti augi, beta-glik\u0101ni, vitam\u012bnu un miner\u0101lvielu mais\u012bjums. Anal\u012btiskais sast\u0101vs: kopprote\u012bns 25%, koptauki 14%, kop\u0161\u0137iedra 3,4%, koppele 7,3%, kalcijs 1,1%, fosfors 0,85%, n\u0101trijs 0,15%, mitrums \u2264 10%. Piedevas (uz kg):A vitam\u012bns 16 988 SV, D3 vitam\u012bns 1 698 SV, E vitam\u012bns 170 mg, B1 vitam\u012bns 4,98 mg, B2 vitam\u012bns 8,83 mg, B6 vitam\u012bns 6,78 mg, B12 vitam\u012bns 0,07 mg, C vitam\u012bns 118 mg, niac\u012bns 42,25 mg, pantot\u0113nsk\u0101be 17,47 mg, folijsk\u0101be 0,68 mg, biot\u012bns 0,42 mg, jods 4,07 mg, sel\u0113ns 0,37 mg, dzelzs 99 mg, var\u0161 11,88 mg, cinks 125,7 mg, mang\u0101ns 11,88 mg, hol\u012bna hlor\u012bds 1 835 mg, glikozam\u012bns 404 mg, hondroit\u012bna sulf\u0101ts 353 mg.Antioksidanti: dab\u012bgi augu e\u013c\u013cu ekstrakti, bag\u0101ti ar tokoferoliem. Metaboliz\u0113jam\u0101 ener\u0123ija: 3 850 kcal\/kg","og_url":"https:\/\/miumjau.ee\/lv\/produkts\/auksti-preseta-bariba-ibero-mazajam-skirnem-ar-liellopu-galu-3-kg\/","og_site_name":"MiuMjau","article_publisher":"https:\/\/www.facebook.com\/miumjaupood\/","article_modified_time":"2026-01-07T19:18:24+00:00","og_image":[{"width":600,"height":800,"url":"https:\/\/miumjau.ee\/wp-content\/uploads\/2025\/07\/ibero-koer-kulmpressitud-mini-veis-3kg-1.jpg","type":"image\/jpeg"}],"twitter_card":"summary_large_image","schema":{"@context":"https:\/\/schema.org","@graph":[{"@type":"WebPage","@id":"https:\/\/miumjau.ee\/lv\/produkts\/auksti-preseta-bariba-ibero-mazajam-skirnem-ar-liellopu-galu-3-kg\/","url":"https:\/\/miumjau.ee\/lv\/produkts\/auksti-preseta-bariba-ibero-mazajam-skirnem-ar-liellopu-galu-3-kg\/","name":"Auksti pres\u0113ta bar\u012bba Ibero mazaj\u0101m \u0161\u0137irn\u0113m ar liellopu ga\u013cu 3 kg - MiuMjau","isPartOf":{"@id":"https:\/\/miumjau.ee\/#website"},"primaryImageOfPage":{"@id":"https:\/\/miumjau.ee\/lv\/produkts\/auksti-preseta-bariba-ibero-mazajam-skirnem-ar-liellopu-galu-3-kg\/#primaryimage"},"image":{"@id":"https:\/\/miumjau.ee\/lv\/produkts\/auksti-preseta-bariba-ibero-mazajam-skirnem-ar-liellopu-galu-3-kg\/#primaryimage"},"thumbnailUrl":"https:\/\/miumjau.ee\/wp-content\/uploads\/2025\/07\/ibero-koer-kulmpressitud-mini-veis-3kg-1.jpg","datePublished":"2025-07-22T21:19:31+00:00","dateModified":"2026-01-07T19:18:24+00:00","breadcrumb":{"@id":"https:\/\/miumjau.ee\/lv\/produkts\/auksti-preseta-bariba-ibero-mazajam-skirnem-ar-liellopu-galu-3-kg\/#breadcrumb"},"inLanguage":"lv-LV","potentialAction":[{"@type":"ReadAction","target":["https:\/\/miumjau.ee\/lv\/produkts\/auksti-preseta-bariba-ibero-mazajam-skirnem-ar-liellopu-galu-3-kg\/"]}]},{"@type":"ImageObject","inLanguage":"lv-LV","@id":"https:\/\/miumjau.ee\/lv\/produkts\/auksti-preseta-bariba-ibero-mazajam-skirnem-ar-liellopu-galu-3-kg\/#primaryimage","url":"https:\/\/miumjau.ee\/wp-content\/uploads\/2025\/07\/ibero-koer-kulmpressitud-mini-veis-3kg-1.jpg","contentUrl":"https:\/\/miumjau.ee\/wp-content\/uploads\/2025\/07\/ibero-koer-kulmpressitud-mini-veis-3kg-1.jpg","width":600,"height":800},{"@type":"BreadcrumbList","@id":"https:\/\/miumjau.ee\/lv\/produkts\/auksti-preseta-bariba-ibero-mazajam-skirnem-ar-liellopu-galu-3-kg\/#breadcrumb","itemListElement":[{"@type":"ListItem","position":1,"name":"Home","item":"https:\/\/miumjau.ee\/lv\/"},{"@type":"ListItem","position":2,"name":"Veikals","item":"https:\/\/miumjau.ee\/lv\/veikals\/"},{"@type":"ListItem","position":3,"name":"Auksti pres\u0113ta bar\u012bba Ibero mazaj\u0101m \u0161\u0137irn\u0113m ar liellopu ga\u013cu 3 kg"}]},{"@type":"WebSite","@id":"https:\/\/miumjau.ee\/#website","url":"https:\/\/miumjau.ee\/","name":"MiuMjau","description":"Kraapimispuud kassidele","publisher":{"@id":"https:\/\/miumjau.ee\/#organization"},"potentialAction":[{"@type":"SearchAction","target":{"@type":"EntryPoint","urlTemplate":"https:\/\/miumjau.ee\/?s={search_term_string}"},"query-input":{"@type":"PropertyValueSpecification","valueRequired":true,"valueName":"search_term_string"}}],"inLanguage":"lv-LV"},{"@type":"Organization","@id":"https:\/\/miumjau.ee\/#organization","name":"MiuMjau O\u00dc","url":"https:\/\/miumjau.ee\/","logo":{"@type":"ImageObject","inLanguage":"lv-LV","@id":"https:\/\/miumjau.ee\/#\/schema\/logo\/image\/","url":"https:\/\/miumjau.ee\/wp-content\/uploads\/2022\/04\/MiuMjau-logo-kollane.png","contentUrl":"https:\/\/miumjau.ee\/wp-content\/uploads\/2022\/04\/MiuMjau-logo-kollane.png","width":219,"height":100,"caption":"MiuMjau O\u00dc"},"image":{"@id":"https:\/\/miumjau.ee\/#\/schema\/logo\/image\/"},"sameAs":["https:\/\/www.facebook.com\/miumjaupood\/"]}]}},"_links":{"self":[{"href":"https:\/\/miumjau.ee\/lv\/wp-json\/wp\/v2\/product\/48556","targetHints":{"allow":["GET"]}}],"collection":[{"href":"https:\/\/miumjau.ee\/lv\/wp-json\/wp\/v2\/product"}],"about":[{"href":"https:\/\/miumjau.ee\/lv\/wp-json\/wp\/v2\/types\/product"}],"wp:featuredmedia":[{"embeddable":true,"href":"https:\/\/miumjau.ee\/lv\/wp-json\/wp\/v2\/media\/48557"}],"wp:attachment":[{"href":"https:\/\/miumjau.ee\/lv\/wp-json\/wp\/v2\/media?parent=48556"}],"wp:term":[{"taxonomy":"product_brand","embeddable":true,"href":"https:\/\/miumjau.ee\/lv\/wp-json\/wp\/v2\/product_brand?post=48556"},{"taxonomy":"product_cat","embeddable":true,"href":"https:\/\/miumjau.ee\/lv\/wp-json\/wp\/v2\/product_cat?post=48556"},{"taxonomy":"product_tag","embeddable":true,"href":"https:\/\/miumjau.ee\/lv\/wp-json\/wp\/v2\/product_tag?post=48556"}],"curies":[{"name":"wp","href":"https:\/\/api.w.org\/{rel}","templated":true}]}}